{"id":3678,"date":"2022-02-11T12:21:46","date_gmt":"2022-02-11T12:21:46","guid":{"rendered":"https:\/\/elfsight.com\/es\/?page_id=3678"},"modified":"2025-02-06T15:07:16","modified_gmt":"2025-02-06T15:07:16","slug":"wix","status":"publish","type":"page","link":"https:\/\/elfsight.com\/es\/instagram-feed-instashow\/wix\/","title":{"rendered":"Instagram Feed &#8211; Wix"},"content":{"rendered":"<div class=\"application-platform-content-item-description application-platform-content-item\" id=\"description\" data-nav-section=\"description\"><h2>Incrusta Instagram en Wix con el widget de Elfsight<\/h2><p>InstaShow es el mejor plugin de Instagram para Wix, que permite crear espl\u00e9ndidas galer\u00edas a partir de fotos y videos de Instagram. Cuando agregas el Feed de Instagram a Wix, puedes decorar y mejorar la interactividad de tu sitio web. Ofrece una gran cantidad de posibilidades de personalizaci\u00f3n: todo tipo de fuentes, filtros de publicaciones, m\u00e1s de 70 par\u00e1metros adaptables, 10 variantes de dise\u00f1o y una interfaz totalmente adaptable a todos los tama\u00f1os de pantalla.<\/p><p><b>A\u00f1ade el Feed de Instagram a tu sitio web, aumenta la interacci\u00f3n y extiende el tiempo que las personas pasan en tus p\u00e1ginas web.<\/b><\/p><div class=\"faq\" data-component=\"FAQ\"> <div class=\"faq-item\">\r\n\t\t\t\t\t<div class=\"faq-item-question\">\r\n\t\t\t\t\t\t<h3 class=\"faq-item-question-text\">\u00bfHay otras herramientas para Wix que pueda usar en mi sitio web?<\/h3>\r\n\r\n\t\t\t\t\t\t<div class=\"faq-item-question-icon\"><\/div>\r\n\t\t\t\t\t<\/div>\r\n\r\n\t\t\t\t\t<div class=\"faq-item-answer\">\r\n\t\t\t\t\t\t<div class=\"faq-item-answer-text\"> <p>Tienes libertad para probar un mont\u00f3n de herramientas para cualquier objetivo en tu sitio, independientemente de tu sector comercial. Por ejemplo, puedes comenzar con estos widgets: <a href=\"https:\/\/elfsight.com\/pdf-embed-widget\/wix\/\">PDF Embed<\/a>, <a href=\"https:\/\/elfsight.com\/instagram-feed-instashow\/wix\/\">Instagram Feed<\/a>, <a href=\"https:\/\/elfsight.com\/google-reviews-widget\/wix\/\">Google Reviews<\/a>, <a href=\"https:\/\/elfsight.com\/whatsapp-chat-widget\/wix\/\">WhatsApp Chat<\/a>, <a href=\"https:\/\/elfsight.com\/popup-widget\/wix\/\">Popup<\/a>.<\/p> <\/div>\r\n\t\t\t\t\t<\/div>\r\n\t\t\t\t<\/div> <div class=\"faq-item\">\r\n\t\t\t\t\t<div class=\"faq-item-question\">\r\n\t\t\t\t\t\t<h3 class=\"faq-item-question-text\">\u00bfC\u00f3mo incrustar el Feed de Instagram gratis en Wix?<\/h3>\r\n\r\n\t\t\t\t\t\t<div class=\"faq-item-question-icon\"><\/div>\r\n\t\t\t\t\t<\/div>\r\n\r\n\t\t\t\t\t<div class=\"faq-item-answer\">\r\n\t\t\t\t\t\t<div class=\"faq-item-answer-text\"> <ol><p>Implementar el <a href=\"https:\/\/elfsight.com\/blog\/how-to-embed-instagram-feed-on-website\/\">Feed de Instagram<\/a> en tu sitio web de Wix es una fant\u00e1stica manera de destacar tus publicaciones m\u00e1s recientes y aumentar la interacci\u00f3n de los usuarios.<\/p><ol><li>Para incrustar un Feed de Instagram de Elfsight de forma gratuita en Wix, dir\u00edgete al sitio web de Elfsight y crea una cuenta gratuita.<\/li><li>Aprovecha el widget gratuito de Instagram personalizando su apariencia y configuraciones para complementar el estilo de tu sitio web de Wix.<\/li><li>Despu\u00e9s de optimizar tu Feed de Instagram de forma gratuita, copia el c\u00f3digo de inserci\u00f3n \u00fanico y p\u00e9galo en el HTML de tu sitio web de Wix donde desees que se muestre el feed.<\/li><\/ol><p>Al agregar tu Feed de Instagram en tu sitio web de Wix, amplificar\u00e1s su atractivo visual y estimular\u00e1s la interacci\u00f3n continua de los usuarios. \u00a1Disfruta de las ventajas del widget de Instagram de Elfsight sin gastar dinero!<\/p><\/ol><\/div>\r\n\t\t\t\t\t<\/div>\r\n\t\t\t\t<\/div> <\/div><ul><li><b>Logra m\u00e1s ventas mostrando las fotos m\u00e1s actuales<\/b>.<br>Utiliza im\u00e1genes elegantes de Instagram, que ahora es uno de los medios m\u00e1s populares para promocionar tus ofertas o servicios, y aumenta los ingresos en tu sitio web.<\/li><li><b>M\u00e1s seguidores en Instagram<\/b>.<br>Incrusta botones adicionales que ofrezcan a los usuarios la posibilidad de suscribirse a tu cuenta y aumenta el n\u00famero de suscriptores en tu p\u00e1gina de Instagram.<\/li><li><b>Aumenta el nivel de interacci\u00f3n de los usuarios<\/b>.<br>Inspira a los visitantes con elegantes im\u00e1genes de Instagram y deja que compartan diversas emociones, para establecer una fuerte interacci\u00f3n de los usuarios en tu sitio web.<\/li><\/ul><\/div><div class=\"application-platform-content-item-features application-platform-content-item\" id=\"features\" data-nav-section=\"features\"><h2>Caracter\u00edsticas principales del widget de Instagram Feed<\/h2><p>Dise\u00f1amos este vers\u00e1til Instagram Feed para que funcione perfectamente en cualquier sitio web de Wix. Puede ayudarte a alcanzar objetivos comerciales gracias a sus \u00fatiles caracter\u00edsticas. Simplemente elige las mejores opciones para tu Feed de Instagram personalizado y crea un widget individual que se adapte a tus necesidades y al aspecto de tu sitio web. Las caracter\u00edsticas m\u00e1s importantes del plugin de Elfsight que lo convierten en la mejor herramienta de Wix para incrustar Instagram son:<\/p><ul><li>Usa el filtro de exclusi\u00f3n para limitar la cantidad de fuentes;<\/li><li>2 plantillas de publicaci\u00f3n: Mosaico y Cl\u00e1sico;<\/li><li>Navegaci\u00f3n mediante flechas, deslizamiento y arrastre;<\/li><li>Colores personalizables de fondo, texto, botones y m\u00e1s;<\/li><li>Ancho flexible del widget.<\/li><\/ul><p><a href=\"#demo\">M\u00e1s caracter\u00edsticas en la demo de Elfsight<\/a><\/p><\/div><div class=\"application-platform-content-item-installation application-platform-content-item\" id=\"installation\" data-nav-section=\"installation\"><h2>C\u00f3mo agregar la aplicaci\u00f3n de Instagram a un sitio web de Wix<\/h2><div class=\"video-container\"><iframe width=\"720\" height=\"405\" src=\"https:\/\/www.youtube.com\/embed\/aZaeM2UfTSU\" frameborder=\"0\" allowfullscreen=\"\"><\/iframe><\/div><p>Consulta nuestro manual conciso sobre la integraci\u00f3n y generaci\u00f3n del plugin. Solo necesitar\u00e1s 2 minutos para <a href=\"https:\/\/elfsight.com\/blog\/how-to-add-instagram-feed-to-wix-website\/\">agregar el Feed de Instagram a Wix<\/a>, y un buen punto a favor es que no necesitas tener conocimientos de programaci\u00f3n.<\/p><ol><li><b>Obt\u00e9n el widget en el mercado de Wix<\/b>.<br><a href=\"https:\/\/www.wix.com\/app-market\/instagram-pro\/overview\" target=\"_blank\" rel=\"noopener noreferrer\">Abre la p\u00e1gina<\/a> con el Feed de Instagram, y haz clic en el bot\u00f3n \u00abA\u00f1adir al sitio\u00bb.<\/li><li><b>Inserta el widget en el sitio<\/b>.<br>En la notificaci\u00f3n emergente, haz clic en \u00abAbrir Editor\u00bb y muestra el widget en tu p\u00e1gina.<\/li><li><b>Configura tu Instagram<\/b>.<br>Establece los par\u00e1metros de dise\u00f1o necesarios y a\u00f1ade contenido para mostrar. Puedes hacer algunos cambios o construir un feed totalmente individual. Aplica todos los cambios.<\/li><li><b>\u00a1Listo!<\/b><br>Has incrustado con \u00e9xito el widget en tus p\u00e1ginas. \u00a1Visita tu sitio de Wix para ver tu Feed de Instagram!<\/li><\/ol><p>\u00bfTienes alguna pregunta sobre c\u00f3mo incrustar el Feed de Instagram en Wix o configurar tu propio feed de Instagram? No dudes en ponerte en contacto con el soporte de Elfsight. Siempre estamos aqu\u00ed para ayudarte a ajustar e incrustar el widget para que luzca y funcione perfectamente en las p\u00e1ginas de tu sitio web.<\/p><\/div>","protected":false},"excerpt":{"rendered":"","protected":false},"author":18,"featured_media":0,"parent":1442,"menu_order":0,"comment_status":"closed","ping_status":"closed","template":"templates\/template-application-platform.php","meta":{"publish_to_discourse":"","publish_post_category":"","wpdc_auto_publish_overridden":"","wpdc_topic_tags":"","wpdc_pin_topic":"","wpdc_pin_until":"","discourse_post_id":"","discourse_permalink":"","wpdc_publishing_response":"","wpdc_publishing_error":"","footnotes":""},"class_list":["post-3678","page","type-page","status-publish","hentry"],"yoast_head":"<!-- This site is optimized with the Yoast SEO plugin v25.3.1 - https:\/\/yoast.com\/wordpress\/plugins\/seo\/ -->\n<title>Feed de Instagram - Agregar plugin de Instagram Feed al Wix<\/title>\n<meta name=\"description\" content=\"A\u00f1ade un widget atractivo de Feed de Instagram en su p\u00e1gina web de Wix. Pruebe la demo de Elfsight intuitiva y cree su plugin \u00fanico.\" \/>\n<meta name=\"robots\" content=\"index, follow, max-snippet:-1, max-image-preview:large, max-video-preview:-1\" \/>\n<link rel=\"canonical\" href=\"https:\/\/elfsight.com\/es\/instagram-feed-instashow\/wix\/\" \/>\n<meta property=\"og:locale\" content=\"es_ES\" \/>\n<meta property=\"og:type\" content=\"article\" \/>\n<meta property=\"og:title\" content=\"Feed de Instagram - Agregar plugin de Instagram Feed al Wix\" \/>\n<meta property=\"og:description\" content=\"A\u00f1ade un widget atractivo de Feed de Instagram en su p\u00e1gina web de Wix. Pruebe la demo de Elfsight intuitiva y cree su plugin \u00fanico.\" \/>\n<meta property=\"og:url\" content=\"https:\/\/elfsight.com\/es\/instagram-feed-instashow\/wix\/\" \/>\n<meta property=\"og:site_name\" content=\"Elfsight ES\" \/>\n<meta property=\"article:modified_time\" content=\"2025-02-06T15:07:16+00:00\" \/>\n<meta name=\"twitter:card\" content=\"summary_large_image\" \/>\n<meta name=\"twitter:label1\" content=\"Tiempo de lectura\" \/>\n\t<meta name=\"twitter:data1\" content=\"4 minutos\" \/>\n<!-- \/ Yoast SEO plugin. -->","yoast_head_json":{"title":"Feed de Instagram - Agregar plugin de Instagram Feed al Wix","description":"A\u00f1ade un widget atractivo de Feed de Instagram en su p\u00e1gina web de Wix. Pruebe la demo de Elfsight intuitiva y cree su plugin \u00fanico.","robots":{"index":"index","follow":"follow","max-snippet":"max-snippet:-1","max-image-preview":"max-image-preview:large","max-video-preview":"max-video-preview:-1"},"canonical":"https:\/\/elfsight.com\/es\/instagram-feed-instashow\/wix\/","og_locale":"es_ES","og_type":"article","og_title":"Feed de Instagram - Agregar plugin de Instagram Feed al Wix","og_description":"A\u00f1ade un widget atractivo de Feed de Instagram en su p\u00e1gina web de Wix. Pruebe la demo de Elfsight intuitiva y cree su plugin \u00fanico.","og_url":"https:\/\/elfsight.com\/es\/instagram-feed-instashow\/wix\/","og_site_name":"Elfsight ES","article_modified_time":"2025-02-06T15:07:16+00:00","twitter_card":"summary_large_image","twitter_misc":{"Tiempo de lectura":"4 minutos"},"schema":{"@context":"https:\/\/schema.org","@graph":[{"@type":"WebPage","@id":"https:\/\/elfsight.com\/es\/instagram-feed-instashow\/wix\/","url":"https:\/\/elfsight.com\/es\/instagram-feed-instashow\/wix\/","name":"Feed de Instagram - Agregar plugin de Instagram Feed al Wix","isPartOf":{"@id":"https:\/\/elfsight.com\/es\/#website"},"datePublished":"2022-02-11T12:21:46+00:00","dateModified":"2025-02-06T15:07:16+00:00","description":"A\u00f1ade un widget atractivo de Feed de Instagram en su p\u00e1gina web de Wix. Pruebe la demo de Elfsight intuitiva y cree su plugin \u00fanico.","breadcrumb":{"@id":"https:\/\/elfsight.com\/es\/instagram-feed-instashow\/wix\/#breadcrumb"},"inLanguage":"es","potentialAction":[{"@type":"ReadAction","target":["https:\/\/elfsight.com\/es\/instagram-feed-instashow\/wix\/"]}]},{"@type":"BreadcrumbList","@id":"https:\/\/elfsight.com\/es\/instagram-feed-instashow\/wix\/#breadcrumb","itemListElement":[{"@type":"ListItem","position":1,"name":"Home","item":"https:\/\/elfsight.com\/es\/"},{"@type":"ListItem","position":2,"name":"Instagram Feed","item":"https:\/\/elfsight.com\/es\/instagram-feed-instashow\/"},{"@type":"ListItem","position":3,"name":"Instagram Feed &#8211; Wix"}]},{"@type":"WebSite","@id":"https:\/\/elfsight.com\/es\/#website","url":"https:\/\/elfsight.com\/es\/","name":"Elfsight ES","description":"Just another Elfsight Sites site","potentialAction":[{"@type":"SearchAction","target":{"@type":"EntryPoint","urlTemplate":"https:\/\/elfsight.com\/es\/?s={search_term_string}"},"query-input":{"@type":"PropertyValueSpecification","valueRequired":true,"valueName":"search_term_string"}}],"inLanguage":"es"}]}},"meta_box":{"industry":"","seo_heading":"","heading":"","description":"","cta_heading":"","cta_description":"","application":"1441","h1":"complemento de Feed de Instagram para Wix","h1_caption":"Muestra galer\u00edas, v\u00eddeos y fotos de Instagram en su p\u00e1gina web","application_category":[],"applications_title":"","applications_request_title":"","applications_request_button_text":"","hero_text":"","hero_video":"","hero_video_schema_markup":"","selling_points_title":"","selling_points_caption":"","selling_points":[],"selling_points_cta_text":"","features_title":"","features":"","ed_cta_examples_text":"","ed_cta_examples_hidden":"","ed_cta_demo_text":"","ed_cta_demo_hidden":"","why_caption":"","why_editor_title":"","why_editor_text":"","why_team_title":"","why_team_text":"","why_service_title":"","why_service_text":"","template_catalog_visible":"0","template_catalog_title":"","template_catalog_text":"","template_catalog_categories_visible":"","demo_title":"Crea tu aplicaci\u00f3n de feeds de Instagram","demo_caption":"\u00a1Configura tu feed de Instagram y agr\u00e9galo a tu sitio web Wix gratis!","default_faq_hidden":"","app_template_category":[],"platform":"112","template_public_id":"","codecanyon_url":"","codecanyon_item_id":"","codecanyon_price":"","pricing_caption":"","pricing_elfsight_apps_hide_column":"","pricing_elfsight_apps_url":"","pricing_codecanyon_price_caption":"","integration_category":[],"integration_request_title":"","integration_request_cta":"","integration_platform":"","integrations":[],"platform_category":[],"video_schema_markup":"","price":"desde $0 por mes","trial":"","benefits":[{"text":"Instalaci\u00f3n gratuita"},{"text":"Soporte Premium"},{"text":"14 d\u00edas garant\u00eda de reembolso"},{"text":"Actualizaciones regulares"}],"button_url":"#demo","button_target_blank":"0","button_nofollow":"0","attributes":[{"name":"Responsivo","content":"Si","_state":"expanded"},{"name":"Navegadores compatibles","content":"Firefox, Safari, Opera, Chrome, Edge","_state":"expanded"}],"tags":[],"tags_disable_links":"0","hide_more_platforms":"","video_object":"","demo_hide_cta":"0","demo_hide_cloud_options":"0","pricing_title":"","pricing":[{"pricing_icon":"platform","pricing_title":" Elfsight Apps","pricing_title_caption":"Soluci\u00f3n multiplataforma - valido para cualquier p\u00e1gina web","pricing_price":"desde $0 por mes","pricing_price_caption":"empezar con un plan gratuito","pricing_benefits":[{"text":"Sitios web ilimitados"},{"text":"Atenci\u00f3n al cliente gratuita y r\u00e1pida"},{"text":"Servicio de instalaci\u00f3n gratuito"},{"text":"Totalmente personalizable"}],"pricing_button_text":"Agregar al sitio web","pricing_button_url":"#demo","_state":"expanded"}],"related_apps_title":"","related_apps_hidden":"1","author":"","image":[],"title":"","job":"","social_networks":[]},"_links":{"self":[{"href":"https:\/\/elfsight.com\/es\/wp-json\/wp\/v2\/pages\/3678","targetHints":{"allow":["GET"]}}],"collection":[{"href":"https:\/\/elfsight.com\/es\/wp-json\/wp\/v2\/pages"}],"about":[{"href":"https:\/\/elfsight.com\/es\/wp-json\/wp\/v2\/types\/page"}],"author":[{"embeddable":true,"href":"https:\/\/elfsight.com\/es\/wp-json\/wp\/v2\/users\/18"}],"replies":[{"embeddable":true,"href":"https:\/\/elfsight.com\/es\/wp-json\/wp\/v2\/comments?post=3678"}],"version-history":[{"count":2,"href":"https:\/\/elfsight.com\/es\/wp-json\/wp\/v2\/pages\/3678\/revisions"}],"predecessor-version":[{"id":16053,"href":"https:\/\/elfsight.com\/es\/wp-json\/wp\/v2\/pages\/3678\/revisions\/16053"}],"up":[{"embeddable":true,"href":"https:\/\/elfsight.com\/es\/wp-json\/wp\/v2\/pages\/1442"}],"wp:attachment":[{"href":"https:\/\/elfsight.com\/es\/wp-json\/wp\/v2\/media?parent=3678"}],"curies":[{"name":"wp","href":"https:\/\/api.w.org\/{rel}","templated":true}]}}