{"id":3673,"date":"2022-02-11T12:23:23","date_gmt":"2022-02-11T12:23:23","guid":{"rendered":"https:\/\/elfsight.com\/es\/?page_id=3673"},"modified":"2025-02-06T15:07:08","modified_gmt":"2025-02-06T15:07:08","slug":"blogger","status":"publish","type":"page","link":"https:\/\/elfsight.com\/es\/google-maps-widget\/blogger\/","title":{"rendered":"Google Maps &#8211; Blogger"},"content":{"rendered":"<div class=\"application-platform-content-item-description application-platform-content-item\" id=\"description\" data-nav-section=\"description\"><h2>Descripci\u00f3n<\/h2>F\u00e1cil instalaci\u00f3n, widget universal y personalizable, que facilita mucho la b\u00fasqueda de tiendas para tus clientes. Atractivo y eficiente para atraer clientes offline, configuraci\u00f3n r\u00e1pida y personalizaci\u00f3n de la interfaz lo convierten quiz\u00e1s en el mejor widget para cualquier sitio de Blogger.<b>\u00a1Obt\u00e9n m\u00e1s clientes offline gracias a los mejores mapas en tu sitio!<\/b><ul>         <li><b>M\u00e1s consultas de clientes desde tu sitio web<\/b>. Muestra todos los datos de contacto completos (direcci\u00f3n, n\u00famero de tel\u00e9fono, correo electr\u00f3nico, horarios de apertura, etc.), para que tus futuros compradores puedan contactarte de la forma que les resulte m\u00e1s c\u00f3moda.<\/li>         <li><b>Mostrar un conjunto completo de tus tiendas en el mapa<\/b>. Muestra en el mapa todas las tiendas en funcionamiento, las ubicaciones de venta o recogida de productos y permite que tus clientes encuentren la tienda m\u00e1s cercana, y ellos te lo agradecer\u00e1n.<\/li>         <li><b>Ahorra tiempo en crear mapas<\/b>. Docenas de opciones est\u00e1n disponibles con solo un clic; construye el mapa m\u00e1s efectivo para tu sitio solo en unos minutos.<\/li><\/ul><\/div><div class=\"application-platform-content-item-features application-platform-content-item\" id=\"features\" data-nav-section=\"features\"><h2>Caracter\u00edsticas<\/h2>\u00bfQu\u00e9 funciones hacen que nuestro mapa sea el mejor para tu sitio de Blogger?<ul>         <li>Creaci\u00f3n autom\u00e1tica de rutas desde la ubicaci\u00f3n del visitante;<\/li>         <li>Todos los tipos de mapas de Google Maps soportados: capas, tipos de mapas, controles;<\/li>         <li>Mostrar\/ocultar panel de ubicaci\u00f3n para listar m\u00faltiples departamentos;<\/li>         <li>5 esquemas de colores predefinidos;<\/li>         <li>Editor pr\u00e1ctico (sin necesidad de programaci\u00f3n).<\/li><\/ul><a href=\"#demo\">\u00a1Prueba todas las caracter\u00edsticas en el panel!<\/a><\/div><div class=\"application-platform-content-item-installation application-platform-content-item\" id=\"installation\" data-nav-section=\"installation\"><h2>C\u00f3mo agregar el widget de Google Maps a tu sitio de Blogger<\/h2><div class=\"video-container\"><iframe width=\"720\" height=\"405\" src=\"https:\/\/www.youtube.com\/embed\/tSTjWhGTt3U\" frameborder=\"0\" allowfullscreen=\"\"><\/iframe><\/div>Instrucciones breves sobre c\u00f3mo mostrar mapas responsivos en Blogger por ti mismo. Para seguirlas, no necesitas invitar a un programador ni tener habilidades en desarrollo web. El tiempo total de instalaci\u00f3n es solo de 4 minutos.<ol>         <li><b>Crea tus mapas personalizados de Google<\/b>. Usando nuestro configurador gratuito, arma un plugin con el dise\u00f1o y las funciones necesarias.<\/li>         <li><b>Copia el c\u00f3digo para configurar el plugin<\/b>. Despu\u00e9s de configurar el widget, obt\u00e9n el c\u00f3digo para el plugin de mapa desde la notificaci\u00f3n que aparecer\u00e1 en Elfsight Apps.<\/li>         <li><b>Muestra el plugin en el sitio de Blogger<\/b>. A\u00f1ade el plugin en el lugar deseado de la p\u00e1gina y publica las ediciones.<\/li>         <li><b>\u00a1Listo!<\/b>. Ve a tu sitio de Blogger para comprobar tu trabajo.<\/li><\/ol>\u00bfTienes dificultades o problemas mientras sigues el tutorial o configuras tu propio mapa? Consulta las instrucciones completas \u00ab<a href=\"https:\/\/elfsight.com\/tutorials\/how-to-add-google-maps-builder-to-blogger\/\" target=\"_blank\" rel=\"noopener noreferrer\">C\u00f3mo mostrar un mapa en el sitio de Blogger<\/a>\u00bb o env\u00edanos un mensaje a nuestro centro de ayuda y el equipo de soporte estar\u00e1 encantado de ayudarte a crear y mostrar mapas en tu sitio web.<div class=\"faq\" data-component=\"FAQ\"><div class=\"faq-item\">\r\n\t\t\t\t\t<div class=\"faq-item-question\">\r\n\t\t\t\t\t\t<h3 class=\"faq-item-question-text\">\u00bfC\u00f3mo agregar Google Maps a mi sitio de Blogger sin habilidades de programaci\u00f3n?<\/h3>\r\n\r\n\t\t\t\t\t\t<div class=\"faq-item-question-icon\"><\/div>\r\n\t\t\t\t\t<\/div>\r\n\r\n\t\t\t\t\t<div class=\"faq-item-answer\">\r\n\t\t\t\t\t\t<div class=\"faq-item-answer-text\"> <p>Elfsight proporciona una soluci\u00f3n SaaS que te permite crear un widget de Google Maps t\u00fa mismo, mira lo f\u00e1cil que es el proceso: Trabaja directamente en el Editor en l\u00ednea para crear el widget de Google Maps que te gustar\u00eda ver en tu sitio de Blogger. Elige una de las plantillas predefinidas y ajusta la configuraci\u00f3n de Google Maps, agrega tu contenido, cambia el dise\u00f1o y los colores sin necesidad de habilidades de programaci\u00f3n. Guarda el Google Maps y copia su c\u00f3digo de instalaci\u00f3n, que podr\u00e1s incluir f\u00e1cilmente en tu sitio de Blogger sin necesidad de comprar una suscripci\u00f3n de pago. Con nuestro Editor intuitivo, cualquier usuario de internet puede crear un widget de Google Maps en l\u00ednea e integrarlo f\u00e1cilmente en su sitio de Blogger. No es necesario pagar ni ingresar los datos de tu tarjeta para acceder al servicio. Si tienes alg\u00fan problema en alg\u00fan paso, no dudes en contactar a nuestro equipo de soporte t\u00e9cnico.<\/p> <\/div>\r\n\t\t\t\t\t<\/div>\r\n\t\t\t\t<\/div> <\/div><\/div>","protected":false},"excerpt":{"rendered":"","protected":false},"author":18,"featured_media":0,"parent":1936,"menu_order":0,"comment_status":"closed","ping_status":"closed","template":"templates\/template-application-platform.php","meta":{"publish_to_discourse":"","publish_post_category":"","wpdc_auto_publish_overridden":"","wpdc_topic_tags":"","wpdc_pin_topic":"","wpdc_pin_until":"","discourse_post_id":"","discourse_permalink":"","wpdc_publishing_response":"","wpdc_publishing_error":"","footnotes":""},"class_list":["post-3673","page","type-page","status-publish","hentry"],"yoast_head":"<!-- This site is optimized with the Yoast SEO plugin v25.3.1 - https:\/\/yoast.com\/wordpress\/plugins\/seo\/ -->\n<title>Mapas de Google - Embeber widget de Google Maps al Blogger<\/title>\n<meta name=\"description\" content=\"Incrusta un plugin hermoso de Mapas de Google en su sitio web de Blogger. Aplique la demo de Elfsight intuitiva y genere su widget personalizado.\" \/>\n<meta name=\"robots\" content=\"index, follow, max-snippet:-1, max-image-preview:large, max-video-preview:-1\" \/>\n<link rel=\"canonical\" href=\"https:\/\/elfsight.com\/es\/google-maps-widget\/blogger\/\" \/>\n<meta property=\"og:locale\" content=\"es_ES\" \/>\n<meta property=\"og:type\" content=\"article\" \/>\n<meta property=\"og:title\" content=\"Mapas de Google - Embeber widget de Google Maps al Blogger\" \/>\n<meta property=\"og:description\" content=\"Incrusta un plugin hermoso de Mapas de Google en su sitio web de Blogger. Aplique la demo de Elfsight intuitiva y genere su widget personalizado.\" \/>\n<meta property=\"og:url\" content=\"https:\/\/elfsight.com\/es\/google-maps-widget\/blogger\/\" \/>\n<meta property=\"og:site_name\" content=\"Elfsight ES\" \/>\n<meta property=\"article:modified_time\" content=\"2025-02-06T15:07:08+00:00\" \/>\n<meta name=\"twitter:card\" content=\"summary_large_image\" \/>\n<meta name=\"twitter:label1\" content=\"Tiempo de lectura\" \/>\n\t<meta name=\"twitter:data1\" content=\"1 minuto\" \/>\n<!-- \/ Yoast SEO plugin. -->","yoast_head_json":{"title":"Mapas de Google - Embeber widget de Google Maps al Blogger","description":"Incrusta un plugin hermoso de Mapas de Google en su sitio web de Blogger. Aplique la demo de Elfsight intuitiva y genere su widget personalizado.","robots":{"index":"index","follow":"follow","max-snippet":"max-snippet:-1","max-image-preview":"max-image-preview:large","max-video-preview":"max-video-preview:-1"},"canonical":"https:\/\/elfsight.com\/es\/google-maps-widget\/blogger\/","og_locale":"es_ES","og_type":"article","og_title":"Mapas de Google - Embeber widget de Google Maps al Blogger","og_description":"Incrusta un plugin hermoso de Mapas de Google en su sitio web de Blogger. Aplique la demo de Elfsight intuitiva y genere su widget personalizado.","og_url":"https:\/\/elfsight.com\/es\/google-maps-widget\/blogger\/","og_site_name":"Elfsight ES","article_modified_time":"2025-02-06T15:07:08+00:00","twitter_card":"summary_large_image","twitter_misc":{"Tiempo de lectura":"1 minuto"},"schema":{"@context":"https:\/\/schema.org","@graph":[{"@type":"WebPage","@id":"https:\/\/elfsight.com\/es\/google-maps-widget\/blogger\/","url":"https:\/\/elfsight.com\/es\/google-maps-widget\/blogger\/","name":"Mapas de Google - Embeber widget de Google Maps al Blogger","isPartOf":{"@id":"https:\/\/elfsight.com\/es\/#website"},"datePublished":"2022-02-11T12:23:23+00:00","dateModified":"2025-02-06T15:07:08+00:00","description":"Incrusta un plugin hermoso de Mapas de Google en su sitio web de Blogger. Aplique la demo de Elfsight intuitiva y genere su widget personalizado.","breadcrumb":{"@id":"https:\/\/elfsight.com\/es\/google-maps-widget\/blogger\/#breadcrumb"},"inLanguage":"es","potentialAction":[{"@type":"ReadAction","target":["https:\/\/elfsight.com\/es\/google-maps-widget\/blogger\/"]}]},{"@type":"BreadcrumbList","@id":"https:\/\/elfsight.com\/es\/google-maps-widget\/blogger\/#breadcrumb","itemListElement":[{"@type":"ListItem","position":1,"name":"Home","item":"https:\/\/elfsight.com\/es\/"},{"@type":"ListItem","position":2,"name":"Google Maps","item":"https:\/\/elfsight.com\/es\/google-maps-widget\/"},{"@type":"ListItem","position":3,"name":"Google Maps &#8211; Blogger"}]},{"@type":"WebSite","@id":"https:\/\/elfsight.com\/es\/#website","url":"https:\/\/elfsight.com\/es\/","name":"Elfsight ES","description":"Just another Elfsight Sites site","potentialAction":[{"@type":"SearchAction","target":{"@type":"EntryPoint","urlTemplate":"https:\/\/elfsight.com\/es\/?s={search_term_string}"},"query-input":{"@type":"PropertyValueSpecification","valueRequired":true,"valueName":"search_term_string"}}],"inLanguage":"es"}]}},"meta_box":{"industry":"","seo_heading":"","heading":"","description":"","cta_heading":"","cta_description":"","application":"1935","h1":"widget de Mapas de Google para Blogger","h1_caption":"Incorpore un mapa de Google responsivo para mostrar su ubicaci\u00f3n o varias ubicaciones para una f\u00e1cil navegaci\u00f3n en su sitio web de Blogger sin esfuerzo.","application_category":[],"applications_title":"","applications_request_title":"","applications_request_button_text":"","hero_text":"","hero_video":"","hero_video_schema_markup":"","selling_points_title":"","selling_points_caption":"","selling_points":[],"selling_points_cta_text":"","features_title":"","features":"","ed_cta_examples_text":"","ed_cta_examples_hidden":"","ed_cta_demo_text":"","ed_cta_demo_hidden":"","why_caption":"","why_editor_title":"","why_editor_text":"","why_team_title":"","why_team_text":"","why_service_title":"","why_service_text":"","template_catalog_visible":"","template_catalog_title":"","template_catalog_text":"","template_catalog_categories_visible":"","demo_title":"Crea tu widget de Google Maps","demo_caption":"\u00a1Configura tu Google Maps y agr\u00e9galo a tu sitio web de Blogger gratis!","default_faq_hidden":"","app_template_category":[],"platform":"39","template_public_id":"","codecanyon_url":"","codecanyon_item_id":"","codecanyon_price":"","pricing_caption":"","pricing_elfsight_apps_hide_column":"","pricing_elfsight_apps_url":"","pricing_codecanyon_price_caption":"","integration_category":[],"integration_request_title":"","integration_request_cta":"","integration_platform":"","integrations":[],"platform_category":[],"video_schema_markup":"","price":"desde $0 por mes","trial":"","benefits":[{"text":"Instalaci\u00f3n gratuita"},{"text":"Soporte Premium"},{"text":"14 d\u00edas garant\u00eda de reembolso"},{"text":"Actualizaciones regulares"}],"button_url":"#demo","button_target_blank":"0","button_nofollow":"0","attributes":[{"name":"Responsivo","content":"Si","_state":"expanded"},{"name":"Navegadores compatibles","content":"Firefox, Safari, Opera, Chrome, Edge","_state":"expanded"}],"tags":[],"tags_disable_links":"0","hide_more_platforms":"","video_object":"","demo_hide_cta":"0","demo_hide_cloud_options":"0","pricing_title":"","pricing":[{"pricing_icon":"platform","pricing_title":" Elfsight Apps","pricing_title_caption":"Soluci\u00f3n multiplataforma - valido para cualquier p\u00e1gina web","pricing_price":"desde $0 por mes","pricing_price_caption":"empezar con un plan gratuito","pricing_benefits":[{"text":"Sitios web ilimitados"},{"text":"Atenci\u00f3n al cliente gratuita y r\u00e1pida"},{"text":"Servicio de instalaci\u00f3n gratuito"},{"text":"Totalmente personalizable"}],"pricing_button_text":"Agregar al sitio web","pricing_button_url":"#demo","_state":"expanded"}],"related_apps_title":"","related_apps_hidden":"1","author":"","image":[],"title":"","job":"","social_networks":[]},"_links":{"self":[{"href":"https:\/\/elfsight.com\/es\/wp-json\/wp\/v2\/pages\/3673","targetHints":{"allow":["GET"]}}],"collection":[{"href":"https:\/\/elfsight.com\/es\/wp-json\/wp\/v2\/pages"}],"about":[{"href":"https:\/\/elfsight.com\/es\/wp-json\/wp\/v2\/types\/page"}],"author":[{"embeddable":true,"href":"https:\/\/elfsight.com\/es\/wp-json\/wp\/v2\/users\/18"}],"replies":[{"embeddable":true,"href":"https:\/\/elfsight.com\/es\/wp-json\/wp\/v2\/comments?post=3673"}],"version-history":[{"count":3,"href":"https:\/\/elfsight.com\/es\/wp-json\/wp\/v2\/pages\/3673\/revisions"}],"predecessor-version":[{"id":17924,"href":"https:\/\/elfsight.com\/es\/wp-json\/wp\/v2\/pages\/3673\/revisions\/17924"}],"up":[{"embeddable":true,"href":"https:\/\/elfsight.com\/es\/wp-json\/wp\/v2\/pages\/1936"}],"wp:attachment":[{"href":"https:\/\/elfsight.com\/es\/wp-json\/wp\/v2\/media?parent=3673"}],"curies":[{"name":"wp","href":"https:\/\/api.w.org\/{rel}","templated":true}]}}