{"id":3668,"date":"2022-02-11T12:23:25","date_gmt":"2022-02-11T12:23:25","guid":{"rendered":"https:\/\/elfsight.com\/es\/?page_id=3668"},"modified":"2025-02-06T15:07:08","modified_gmt":"2025-02-06T15:07:08","slug":"webnode","status":"publish","type":"page","link":"https:\/\/elfsight.com\/es\/logo-showcase-widget\/webnode\/","title":{"rendered":"Logo Showcase &#8211; Webnode"},"content":{"rendered":"<div class=\"application-platform-content-item-description application-platform-content-item\" id=\"description\" data-nav-section=\"description\"><h2>Descripci\u00f3n<\/h2> <p>Elfsight Logo Showcase es la herramienta m\u00e1s sencilla para mostrar los logotipos de tus socios, patrocinadores o menciones en la prensa en tu sitio. Con el widget, demuestras que tu empresa es un aliado comercial confiable y creas una visi\u00f3n positiva de tu negocio. El widget te permite mostrar cualquier cantidad de logotipos, organizarlos en un carrusel o en una cuadr\u00edcula, y cambiar el tama\u00f1o de los logotipos. Puedes agregar un t\u00edtulo y enlaces a los sitios web de las empresas. Ajustando los colores y configuraciones de las fuentes, podr\u00e1s configurar un aspecto \u00fanico.<\/p><p><b>Aumenta la credibilidad de tu empresa.<\/b><\/p><\/div> <div class=\"application-platform-content-item-features application-platform-content-item\" id=\"features\" data-nav-section=\"features\"><h2>Caracter\u00edsticas<\/h2> <p>Consulta todas las caracter\u00edsticas de Logo Showcase. Est\u00e1n disponibles directamente en el editor y te ayudar\u00e1n a configurar el widget seg\u00fan tus necesidades.<\/p><ul><li>Vincula los logotipos a cualquier direcci\u00f3n;<\/li><li>Encabezado conmutable que incluye t\u00edtulo y texto con configuraciones de formato;<\/li><li>El bot\u00f3n de CTA se puede vincular a cualquier p\u00e1gina web;<\/li><li>Tres diferentes dise\u00f1os de widget: Slider, Grid y Carousel;<\/li><li>Opci\u00f3n para cambiar el tama\u00f1o del logo y el ancho del widget;<\/li><li>Selecciona cualquier color de fondo o agrega tu imagen.<\/li><\/ul><p><a href=\"#demo\">Prueba todas las dem\u00e1s funciones en la demo<\/a><\/p><\/div> <div class=\"application-platform-content-item-installation application-platform-content-item\" id=\"installation\" data-nav-section=\"installation\"><h2>\u00bfC\u00f3mo integrar Logo Showcase en mi sitio Webnode?<\/h2><p>Para activar el widget, sigue estos sencillos pasos:<\/p><ul><li><b>Crea tu plugin personalizado Logo Showcase<\/b><br>Usando nuestro configurador gratuito, configura un plugin con el dise\u00f1o y las funciones que prefieras.<\/li> <li><b>Recibe el c\u00f3digo individual para integrar el plugin<\/b><br>Despu\u00e9s de configurar tu widget, recibir\u00e1s el c\u00f3digo de instalaci\u00f3n en la ventana emergente de Elfsight Apps. Copia el c\u00f3digo.<\/li> <li><b>Agrega el plugin en tu sitio Webnode<\/b><br>Ve al lugar donde deseas mostrar el plugin e inserta el c\u00f3digo copiado all\u00ed. Publica los cambios.<\/li> <li><b>\u00a1La inserci\u00f3n ha sido exitosa!<\/b><br>Visita el sitio web para comprobar tu plugin.<\/li><\/ul><p>No dudes en comunicarte con el servicio de atenci\u00f3n al cliente de Elfsight si necesitas asesoramiento o tienes preguntas. Nuestros especialistas estar\u00e1n encantados de ayudarte con cualquier consulta.<\/p><div class=\"faq\" data-component=\"FAQ\"><div class=\"faq-item\">\r\n\t\t\t\t\t<div class=\"faq-item-question\">\r\n\t\t\t\t\t\t<h3 class=\"faq-item-question-text\">\u00bfC\u00f3mo puedo insertar Logo Showcase en mi sitio Webnode sin conocimientos de programaci\u00f3n?<\/h3>\r\n\r\n\t\t\t\t\t\t<div class=\"faq-item-question-icon\"><\/div>\r\n\t\t\t\t\t<\/div>\r\n\r\n\t\t\t\t\t<div class=\"faq-item-answer\">\r\n\t\t\t\t\t\t<div class=\"faq-item-answer-text\"> <p>Elfsight ofrece una soluci\u00f3n que permite a los usuarios crear su propio plugin de Logo Showcase. Descubre lo f\u00e1cil que es el proceso: trabaja directamente en la demo en vivo para construir la aplicaci\u00f3n de Logo Showcase que te gustar\u00eda ver en la p\u00e1gina de inicio de Webnode. Elige una de las plantillas predise\u00f1adas y ajusta la configuraci\u00f3n de Logo Showcase, cambia el dise\u00f1o y el color de los elementos y agrega tu contenido, todo sin necesidad de conocimientos de programaci\u00f3n. Haz clic para guardar el Logo Showcase y copia el c\u00f3digo de instalaci\u00f3n del widget, que puede ser agregado en la p\u00e1gina web de Webnode usando un plan gratuito. Usando nuestro editor f\u00e1cil de usar, cualquier usuario de internet puede crear un Logo Showcase e insertarlo f\u00e1cilmente en cualquier p\u00e1gina de Webnode. No es necesario pagar ni ingresar los datos de tu tarjeta para acceder a nuestro editor. Si tienes alg\u00fan problema en cualquier paso, no dudes en ponerte en contacto con nuestro soporte t\u00e9cnico.<\/p> <\/div>\r\n\t\t\t\t\t<\/div>\r\n\t\t\t\t<\/div> <\/div><\/div>","protected":false},"excerpt":{"rendered":"","protected":false},"author":18,"featured_media":0,"parent":1690,"menu_order":0,"comment_status":"closed","ping_status":"closed","template":"templates\/template-application-platform.php","meta":{"publish_to_discourse":"","publish_post_category":"","wpdc_auto_publish_overridden":"","wpdc_topic_tags":"","wpdc_pin_topic":"","wpdc_pin_until":"","discourse_post_id":"","discourse_permalink":"","wpdc_publishing_response":"","wpdc_publishing_error":"","footnotes":""},"class_list":["post-3668","page","type-page","status-publish","hentry"],"yoast_head":"<!-- This site is optimized with the Yoast SEO plugin v25.3.1 - https:\/\/yoast.com\/wordpress\/plugins\/seo\/ -->\n<title>Exposici\u00f3n de logos - Empotrar plugin de Logotipo de escaparate al Webnode<\/title>\n<meta name=\"description\" content=\"A\u00f1ade un widget hermoso de Exposici\u00f3n de logos en su sitio de Webnode. Aplique la demo de Elfsight f\u00e1cil de usar y construe su plugin personalizado.\" \/>\n<meta name=\"robots\" content=\"index, follow, max-snippet:-1, max-image-preview:large, max-video-preview:-1\" \/>\n<link rel=\"canonical\" href=\"https:\/\/elfsight.com\/es\/logo-showcase-widget\/webnode\/\" \/>\n<meta property=\"og:locale\" content=\"es_ES\" \/>\n<meta property=\"og:type\" content=\"article\" \/>\n<meta property=\"og:title\" content=\"Exposici\u00f3n de logos - Empotrar plugin de Logotipo de escaparate al Webnode\" \/>\n<meta property=\"og:description\" content=\"A\u00f1ade un widget hermoso de Exposici\u00f3n de logos en su sitio de Webnode. Aplique la demo de Elfsight f\u00e1cil de usar y construe su plugin personalizado.\" \/>\n<meta property=\"og:url\" content=\"https:\/\/elfsight.com\/es\/logo-showcase-widget\/webnode\/\" \/>\n<meta property=\"og:site_name\" content=\"Elfsight ES\" \/>\n<meta property=\"article:modified_time\" content=\"2025-02-06T15:07:08+00:00\" \/>\n<meta name=\"twitter:card\" content=\"summary_large_image\" \/>\n<meta name=\"twitter:label1\" content=\"Tiempo de lectura\" \/>\n\t<meta name=\"twitter:data1\" content=\"2 minutos\" \/>\n<!-- \/ Yoast SEO plugin. -->","yoast_head_json":{"title":"Exposici\u00f3n de logos - Empotrar plugin de Logotipo de escaparate al Webnode","description":"A\u00f1ade un widget hermoso de Exposici\u00f3n de logos en su sitio de Webnode. Aplique la demo de Elfsight f\u00e1cil de usar y construe su plugin personalizado.","robots":{"index":"index","follow":"follow","max-snippet":"max-snippet:-1","max-image-preview":"max-image-preview:large","max-video-preview":"max-video-preview:-1"},"canonical":"https:\/\/elfsight.com\/es\/logo-showcase-widget\/webnode\/","og_locale":"es_ES","og_type":"article","og_title":"Exposici\u00f3n de logos - Empotrar plugin de Logotipo de escaparate al Webnode","og_description":"A\u00f1ade un widget hermoso de Exposici\u00f3n de logos en su sitio de Webnode. Aplique la demo de Elfsight f\u00e1cil de usar y construe su plugin personalizado.","og_url":"https:\/\/elfsight.com\/es\/logo-showcase-widget\/webnode\/","og_site_name":"Elfsight ES","article_modified_time":"2025-02-06T15:07:08+00:00","twitter_card":"summary_large_image","twitter_misc":{"Tiempo de lectura":"2 minutos"},"schema":{"@context":"https:\/\/schema.org","@graph":[{"@type":"WebPage","@id":"https:\/\/elfsight.com\/es\/logo-showcase-widget\/webnode\/","url":"https:\/\/elfsight.com\/es\/logo-showcase-widget\/webnode\/","name":"Exposici\u00f3n de logos - Empotrar plugin de Logotipo de escaparate al Webnode","isPartOf":{"@id":"https:\/\/elfsight.com\/es\/#website"},"datePublished":"2022-02-11T12:23:25+00:00","dateModified":"2025-02-06T15:07:08+00:00","description":"A\u00f1ade un widget hermoso de Exposici\u00f3n de logos en su sitio de Webnode. Aplique la demo de Elfsight f\u00e1cil de usar y construe su plugin personalizado.","breadcrumb":{"@id":"https:\/\/elfsight.com\/es\/logo-showcase-widget\/webnode\/#breadcrumb"},"inLanguage":"es","potentialAction":[{"@type":"ReadAction","target":["https:\/\/elfsight.com\/es\/logo-showcase-widget\/webnode\/"]}]},{"@type":"BreadcrumbList","@id":"https:\/\/elfsight.com\/es\/logo-showcase-widget\/webnode\/#breadcrumb","itemListElement":[{"@type":"ListItem","position":1,"name":"Home","item":"https:\/\/elfsight.com\/es\/"},{"@type":"ListItem","position":2,"name":"Logo Showcase","item":"https:\/\/elfsight.com\/es\/logo-showcase-widget\/"},{"@type":"ListItem","position":3,"name":"Logo Showcase &#8211; Webnode"}]},{"@type":"WebSite","@id":"https:\/\/elfsight.com\/es\/#website","url":"https:\/\/elfsight.com\/es\/","name":"Elfsight ES","description":"Just another Elfsight Sites site","potentialAction":[{"@type":"SearchAction","target":{"@type":"EntryPoint","urlTemplate":"https:\/\/elfsight.com\/es\/?s={search_term_string}"},"query-input":{"@type":"PropertyValueSpecification","valueRequired":true,"valueName":"search_term_string"}}],"inLanguage":"es"}]}},"meta_box":{"industry":"","seo_heading":"","heading":"","description":"","cta_heading":"","cta_description":"","application":"1689","h1":"plugin de Exposici\u00f3n de logos para Webnode","h1_caption":"A\u00f1ade un n\u00famero ilimitado de logotipos y construye la confianza de los clientes","application_category":[],"applications_title":"","applications_request_title":"","applications_request_button_text":"","hero_text":"","hero_video":"","hero_video_schema_markup":"","selling_points_title":"","selling_points_caption":"","selling_points":[],"selling_points_cta_text":"","features_title":"","features":"","ed_cta_examples_text":"","ed_cta_examples_hidden":"","ed_cta_demo_text":"","ed_cta_demo_hidden":"","why_caption":"","why_editor_title":"","why_editor_text":"","why_team_title":"","why_team_text":"","why_service_title":"","why_service_text":"","template_catalog_visible":"","template_catalog_title":"","template_catalog_text":"","template_catalog_categories_visible":"","demo_title":"Crea tu widget de presentaci\u00f3n de logotipos","demo_caption":"\u00a1Configura tu Logo Showcase y agr\u00e9galo a tu sitio web Webnode gratis!","default_faq_hidden":"","app_template_category":[],"platform":"2302","template_public_id":"","codecanyon_url":"","codecanyon_item_id":"","codecanyon_price":"","pricing_caption":"","pricing_elfsight_apps_hide_column":"","pricing_elfsight_apps_url":"","pricing_codecanyon_price_caption":"","integration_category":[],"integration_request_title":"","integration_request_cta":"","integration_platform":"","integrations":[],"platform_category":[],"video_schema_markup":"","price":"desde $0 por mes","trial":"","benefits":[{"text":"Instalaci\u00f3n gratuita"},{"text":"Soporte Premium"},{"text":"14 d\u00edas garant\u00eda de reembolso"},{"text":"Actualizaciones regulares"}],"button_url":"#demo","button_target_blank":"0","button_nofollow":"0","attributes":[{"name":"Responsivo","content":"Si","_state":"expanded"},{"name":"Navegadores compatibles","content":"Firefox, Safari, Opera, Chrome, Edge","_state":"expanded"}],"tags":[],"tags_disable_links":"0","hide_more_platforms":"","video_object":"","demo_hide_cta":"0","demo_hide_cloud_options":"0","pricing_title":"","pricing":[{"pricing_icon":"platform","pricing_title":" Elfsight Apps","pricing_title_caption":"Soluci\u00f3n multiplataforma - valido para cualquier p\u00e1gina web","pricing_price":"desde $0 por mes","pricing_price_caption":"empezar con un plan gratuito","pricing_benefits":[{"text":"Sitios web ilimitados"},{"text":"Atenci\u00f3n al cliente gratuita y r\u00e1pida"},{"text":"Servicio de instalaci\u00f3n gratuito"},{"text":"Totalmente personalizable"}],"pricing_button_text":"Agregar al sitio web","pricing_button_url":"#demo","_state":"expanded"}],"related_apps_title":"","related_apps_hidden":"1","author":"","image":[],"title":"","job":"","social_networks":[]},"_links":{"self":[{"href":"https:\/\/elfsight.com\/es\/wp-json\/wp\/v2\/pages\/3668","targetHints":{"allow":["GET"]}}],"collection":[{"href":"https:\/\/elfsight.com\/es\/wp-json\/wp\/v2\/pages"}],"about":[{"href":"https:\/\/elfsight.com\/es\/wp-json\/wp\/v2\/types\/page"}],"author":[{"embeddable":true,"href":"https:\/\/elfsight.com\/es\/wp-json\/wp\/v2\/users\/18"}],"replies":[{"embeddable":true,"href":"https:\/\/elfsight.com\/es\/wp-json\/wp\/v2\/comments?post=3668"}],"version-history":[{"count":3,"href":"https:\/\/elfsight.com\/es\/wp-json\/wp\/v2\/pages\/3668\/revisions"}],"predecessor-version":[{"id":17923,"href":"https:\/\/elfsight.com\/es\/wp-json\/wp\/v2\/pages\/3668\/revisions\/17923"}],"up":[{"embeddable":true,"href":"https:\/\/elfsight.com\/es\/wp-json\/wp\/v2\/pages\/1690"}],"wp:attachment":[{"href":"https:\/\/elfsight.com\/es\/wp-json\/wp\/v2\/media?parent=3668"}],"curies":[{"name":"wp","href":"https:\/\/api.w.org\/{rel}","templated":true}]}}