{"id":3666,"date":"2022-02-11T12:23:39","date_gmt":"2022-02-11T12:23:39","guid":{"rendered":"https:\/\/elfsight.com\/es\/?page_id=3666"},"modified":"2025-02-06T15:07:00","modified_gmt":"2025-02-06T15:07:00","slug":"webnode","status":"publish","type":"page","link":"https:\/\/elfsight.com\/es\/instagram-feed-instashow\/webnode\/","title":{"rendered":"Instagram Feed &#8211; Webnode"},"content":{"rendered":"<div class=\"application-platform-content-item-description application-platform-content-item\" id=\"description\" data-nav-section=\"description\"><h2>Inserta Instagram en Webnode con el plugin de Elfsight<\/h2><p>InstaShow es el mejor plugin de Instagram, que permite crear colecciones espectaculares a partir de im\u00e1genes y videos de Instagram para tu sitio. Un gran n\u00famero de opciones de personalizaci\u00f3n: cualquier fuente, moderaci\u00f3n de publicaciones, m\u00e1s de 70 preferencias ajustables y 10 opciones de estilo, y una interfaz completamente adaptable para diversos dispositivos.<\/p><p><b>Aplica un plugin completamente responsive y eficiente, para atraer a los usuarios de tu sitio de inmediato.<\/b><\/p><ul><li><b>Vende m\u00e1s con im\u00e1genes atractivas y de moda<\/b>.<br>Muestra im\u00e1genes de Instagram \u2013 uno de los medios m\u00e1s eficientes para promover tus productos o servicios \u2013 y experimenta un aumento en las ganancias de tu sitio web.<\/li><li><b>Promociona tu perfil de Instagram<\/b>.<br>Publicita tu p\u00e1gina en Instagram a trav\u00e9s del sitio web, gana m\u00e1s popularidad y permite que los usuarios se conviertan en tus seguidores con un solo clic.<\/li><li><b>Mayor interacci\u00f3n de los usuarios del sitio web<\/b>.<br>Impresiona a los visitantes y ofrece m\u00e1s impresiones con la ayuda de im\u00e1genes de Instagram, para fortalecer la interacci\u00f3n con los clientes.<\/li><\/ul><div class=\"faq\" data-component=\"FAQ\"><div class=\"faq-item\">\r\n\t\t\t\t\t<div class=\"faq-item-question\">\r\n\t\t\t\t\t\t<h3 class=\"faq-item-question-text\">\u00bfPuedo probar el widget de Instagram Feed en acci\u00f3n?<\/h3>\r\n\r\n\t\t\t\t\t\t<div class=\"faq-item-question-icon\"><\/div>\r\n\t\t\t\t\t<\/div>\r\n\r\n\t\t\t\t\t<div class=\"faq-item-answer\">\r\n\t\t\t\t\t\t<div class=\"faq-item-answer-text\"> <p>S\u00ed, puedes hacerlo f\u00e1cilmente con una demo online gratuita sin necesidad de crear una cuenta. Adem\u00e1s, puedes intentar instalar el widget en tu sitio web de forma gratuita.<\/p><\/div>\r\n\t\t\t\t\t<\/div>\r\n\t\t\t\t<\/div><div class=\"faq-item\">\r\n\t\t\t\t\t<div class=\"faq-item-question\">\r\n\t\t\t\t\t\t<h3 class=\"faq-item-question-text\">\u00bfC\u00f3mo insertar Instagram Feed de forma gratuita en Webnode?<\/h3>\r\n\r\n\t\t\t\t\t\t<div class=\"faq-item-question-icon\"><\/div>\r\n\t\t\t\t\t<\/div>\r\n\r\n\t\t\t\t\t<div class=\"faq-item-answer\">\r\n\t\t\t\t\t\t<div class=\"faq-item-answer-text\"><ol><p>Incorporar un Instagram Feed en tu sitio Webnode es una excelente manera de mostrar tus publicaciones m\u00e1s recientes y fomentar la interacci\u00f3n con tu audiencia.<\/p><ol><li>Para insertar el Instagram Feed de Elfsight de forma gratuita en Webnode, visita el sitio web de Elfsight y reg\u00edstrate para obtener una cuenta gratuita.<\/li><li>Maximiza el plugin de Instagram gratuito ajustando su apariencia y configuraciones para alinearlas con el dise\u00f1o de tu sitio Webnode.<\/li><li>Despu\u00e9s de personalizar tu Instagram Feed de forma gratuita, copia el c\u00f3digo de inserci\u00f3n \u00fanico y p\u00e9galo en el HTML de tu sitio Webnode donde desees que se muestre el feed.<\/li><\/ol><p>Al insertar tu Instagram Feed en tu sitio Webnode, aumentar\u00e1s su atractivo visual y promover\u00e1s una interacci\u00f3n continua con tu audiencia. \u00a1Disfruta de los beneficios del plugin de Instagram de Elfsight sin gastar dinero!<\/p><\/ol><\/div>\r\n\t\t\t\t\t<\/div>\r\n\t\t\t\t<\/div><\/div><\/div><div class=\"application-platform-content-item-features application-platform-content-item\" id=\"features\" data-nav-section=\"features\"><h2>Principales caracter\u00edsticas del plugin Instagram Feed<\/h2><p>Las caracter\u00edsticas clave de nuestro plugin, que lo convierten en la mejor herramienta de Webnode para agregar contenido de Instagram a tu sitio:<\/p><ul><li>Agregar contenido por URL, hashtags y nombres de usuario;<\/li><li>Espacio variable entre las im\u00e1genes;<\/li><li>9 elementos emergentes opcionales;<\/li><li>T\u00edtulo del feed ajustable;<\/li><li>Opci\u00f3n para establecer el tiempo de cach\u00e9.<\/li><\/ul><p><a href=\"#demo\">Ver todas las caracter\u00edsticas en nuestro editor<\/a><\/p><\/div><div class=\"application-platform-content-item-installation application-platform-content-item\" id=\"installation\" data-nav-section=\"installation\"><h2>C\u00f3mo insertar Instagram Feed en Webnode<\/h2><p>Lee una breve instrucci\u00f3n sobre c\u00f3mo instalar y personalizar el plugin. El proceso de instalaci\u00f3n dura solo alrededor de 60 segundos, adem\u00e1s, no necesitas habilidades en desarrollo ni conocimientos de programaci\u00f3n.<\/p><ol><li><b>Crea tu propio <a href=\"https:\/\/elfsight.com\/blog\/how-to-embed-instagram-feed-on-website\/\">Instagram Feed<\/a> para el sitio web<\/b>.<br>Con nuestra demo gratuita, crea un plugin con el dise\u00f1o y las funciones que deseas.<\/li><li><b>Recibe un c\u00f3digo para insertar el plugin<\/b>.<br>Despu\u00e9s de configurar el widget, obt\u00e9n el c\u00f3digo para el plugin de Instagram de la notificaci\u00f3n que aparecer\u00e1 en Elfsight Apps.<\/li><li><b>Inserta el plugin en tu sitio Webnode<\/b>.<br>Integra el plugin en el lugar deseado del sitio web y aplica los resultados.<\/li><li><b>\u00a1Listo!<\/b>.<br>Accede a tu sitio Webnode para ver el resultado.<\/li><\/ol><p>\u00bfTienes problemas con la configuraci\u00f3n o personalizaci\u00f3n del plugin? No dudes en contactar con el centro de ayuda de Elfsight o consultar el manual detallado \u00ab<a href=\"https:\/\/elfsight.com\/tutorials\/how-to-add-instagram-feed-plugin-for-webnode\/\" target=\"_blank\" rel=\"noopener noreferrer\">Instalaci\u00f3n de Instagram Feed en Webnode<\/a>\u00bb.<\/p><\/div>","protected":false},"excerpt":{"rendered":"","protected":false},"author":18,"featured_media":0,"parent":1442,"menu_order":0,"comment_status":"closed","ping_status":"closed","template":"templates\/template-application-platform.php","meta":{"publish_to_discourse":"","publish_post_category":"","wpdc_auto_publish_overridden":"","wpdc_topic_tags":"","wpdc_pin_topic":"","wpdc_pin_until":"","discourse_post_id":"","discourse_permalink":"","wpdc_publishing_response":"","wpdc_publishing_error":"","footnotes":""},"class_list":["post-3666","page","type-page","status-publish","hentry"],"yoast_head":"<!-- This site is optimized with the Yoast SEO plugin v25.3.1 - https:\/\/yoast.com\/wordpress\/plugins\/seo\/ -->\n<title>Feed de Instagram - A\u00f1adir plugin de Instagram Feed al Webnode<\/title>\n<meta name=\"description\" content=\"A\u00f1ade un widget hermoso de Feed de Instagram en su sitio web de Webnode. Pruebe la demo de Elfsight f\u00e1cil de usar y cree su plugin personalizado.\" \/>\n<meta name=\"robots\" content=\"index, follow, max-snippet:-1, max-image-preview:large, max-video-preview:-1\" \/>\n<link rel=\"canonical\" href=\"https:\/\/elfsight.com\/es\/instagram-feed-instashow\/webnode\/\" \/>\n<meta property=\"og:locale\" content=\"es_ES\" \/>\n<meta property=\"og:type\" content=\"article\" \/>\n<meta property=\"og:title\" content=\"Feed de Instagram - A\u00f1adir plugin de Instagram Feed al Webnode\" \/>\n<meta property=\"og:description\" content=\"A\u00f1ade un widget hermoso de Feed de Instagram en su sitio web de Webnode. Pruebe la demo de Elfsight f\u00e1cil de usar y cree su plugin personalizado.\" \/>\n<meta property=\"og:url\" content=\"https:\/\/elfsight.com\/es\/instagram-feed-instashow\/webnode\/\" \/>\n<meta property=\"og:site_name\" content=\"Elfsight ES\" \/>\n<meta property=\"article:modified_time\" content=\"2025-02-06T15:07:00+00:00\" \/>\n<meta name=\"twitter:card\" content=\"summary_large_image\" \/>\n<meta name=\"twitter:label1\" content=\"Tiempo de lectura\" \/>\n\t<meta name=\"twitter:data1\" content=\"1 minuto\" \/>\n<!-- \/ Yoast SEO plugin. -->","yoast_head_json":{"title":"Feed de Instagram - A\u00f1adir plugin de Instagram Feed al Webnode","description":"A\u00f1ade un widget hermoso de Feed de Instagram en su sitio web de Webnode. Pruebe la demo de Elfsight f\u00e1cil de usar y cree su plugin personalizado.","robots":{"index":"index","follow":"follow","max-snippet":"max-snippet:-1","max-image-preview":"max-image-preview:large","max-video-preview":"max-video-preview:-1"},"canonical":"https:\/\/elfsight.com\/es\/instagram-feed-instashow\/webnode\/","og_locale":"es_ES","og_type":"article","og_title":"Feed de Instagram - A\u00f1adir plugin de Instagram Feed al Webnode","og_description":"A\u00f1ade un widget hermoso de Feed de Instagram en su sitio web de Webnode. Pruebe la demo de Elfsight f\u00e1cil de usar y cree su plugin personalizado.","og_url":"https:\/\/elfsight.com\/es\/instagram-feed-instashow\/webnode\/","og_site_name":"Elfsight ES","article_modified_time":"2025-02-06T15:07:00+00:00","twitter_card":"summary_large_image","twitter_misc":{"Tiempo de lectura":"1 minuto"},"schema":{"@context":"https:\/\/schema.org","@graph":[{"@type":"WebPage","@id":"https:\/\/elfsight.com\/es\/instagram-feed-instashow\/webnode\/","url":"https:\/\/elfsight.com\/es\/instagram-feed-instashow\/webnode\/","name":"Feed de Instagram - A\u00f1adir plugin de Instagram Feed al Webnode","isPartOf":{"@id":"https:\/\/elfsight.com\/es\/#website"},"datePublished":"2022-02-11T12:23:39+00:00","dateModified":"2025-02-06T15:07:00+00:00","description":"A\u00f1ade un widget hermoso de Feed de Instagram en su sitio web de Webnode. Pruebe la demo de Elfsight f\u00e1cil de usar y cree su plugin personalizado.","breadcrumb":{"@id":"https:\/\/elfsight.com\/es\/instagram-feed-instashow\/webnode\/#breadcrumb"},"inLanguage":"es","potentialAction":[{"@type":"ReadAction","target":["https:\/\/elfsight.com\/es\/instagram-feed-instashow\/webnode\/"]}]},{"@type":"BreadcrumbList","@id":"https:\/\/elfsight.com\/es\/instagram-feed-instashow\/webnode\/#breadcrumb","itemListElement":[{"@type":"ListItem","position":1,"name":"Home","item":"https:\/\/elfsight.com\/es\/"},{"@type":"ListItem","position":2,"name":"Instagram Feed","item":"https:\/\/elfsight.com\/es\/instagram-feed-instashow\/"},{"@type":"ListItem","position":3,"name":"Instagram Feed &#8211; Webnode"}]},{"@type":"WebSite","@id":"https:\/\/elfsight.com\/es\/#website","url":"https:\/\/elfsight.com\/es\/","name":"Elfsight ES","description":"Just another Elfsight Sites site","potentialAction":[{"@type":"SearchAction","target":{"@type":"EntryPoint","urlTemplate":"https:\/\/elfsight.com\/es\/?s={search_term_string}"},"query-input":{"@type":"PropertyValueSpecification","valueRequired":true,"valueName":"search_term_string"}}],"inLanguage":"es"}]}},"meta_box":{"industry":"","seo_heading":"","heading":"","description":"","cta_heading":"","cta_description":"","application":"1441","h1":"Complemento de Feed de Instagram para Webnode","h1_caption":"Exhibe v\u00eddeos, fotos y galer\u00edas de Instagram en su sitio","application_category":[],"applications_title":"","applications_request_title":"","applications_request_button_text":"","hero_text":"","hero_video":"","hero_video_schema_markup":"","selling_points_title":"","selling_points_caption":"","selling_points":[],"selling_points_cta_text":"","features_title":"","features":"","ed_cta_examples_text":"","ed_cta_examples_hidden":"","ed_cta_demo_text":"","ed_cta_demo_hidden":"","why_caption":"","why_editor_title":"","why_editor_text":"","why_team_title":"","why_team_text":"","why_service_title":"","why_service_text":"","template_catalog_visible":"","template_catalog_title":"","template_catalog_text":"","template_catalog_categories_visible":"","demo_title":"Crea tu widget de feed de Instagram","demo_caption":"\u00a1Configura tu Feed de Instagram y agr\u00e9galo a tu sitio web Webnode gratis!","default_faq_hidden":"","app_template_category":[],"platform":"2302","template_public_id":"","codecanyon_url":"","codecanyon_item_id":"","codecanyon_price":"","pricing_caption":"","pricing_elfsight_apps_hide_column":"","pricing_elfsight_apps_url":"","pricing_codecanyon_price_caption":"","integration_category":[],"integration_request_title":"","integration_request_cta":"","integration_platform":"","integrations":[],"platform_category":[],"video_schema_markup":"","price":"desde $0 por mes","trial":"","benefits":[{"text":"Instalaci\u00f3n gratuita"},{"text":"Soporte Premium"},{"text":"14 d\u00edas garant\u00eda de reembolso"},{"text":"Actualizaciones regulares"}],"button_url":"#demo","button_target_blank":"0","button_nofollow":"0","attributes":[{"name":"Responsivo","content":"Si","_state":"expanded"},{"name":"Navegadores compatibles","content":"Firefox, Safari, Opera, Chrome, Edge","_state":"expanded"}],"tags":[],"tags_disable_links":"0","hide_more_platforms":"","video_object":"","demo_hide_cta":"0","demo_hide_cloud_options":"0","pricing_title":"","pricing":[{"pricing_icon":"platform","pricing_title":" Elfsight Apps","pricing_title_caption":"Soluci\u00f3n multiplataforma - valido para cualquier p\u00e1gina web","pricing_price":"desde $0 por mes","pricing_price_caption":"empezar con un plan gratuito","pricing_benefits":[{"text":"Sitios web ilimitados"},{"text":"Atenci\u00f3n al cliente gratuita y r\u00e1pida"},{"text":"Servicio de instalaci\u00f3n gratuito"},{"text":"Totalmente personalizable"}],"pricing_button_text":"Agregar al sitio web","pricing_button_url":"#demo","_state":"expanded"}],"related_apps_title":"","related_apps_hidden":"1","author":"","image":[],"title":"","job":"","social_networks":[]},"_links":{"self":[{"href":"https:\/\/elfsight.com\/es\/wp-json\/wp\/v2\/pages\/3666","targetHints":{"allow":["GET"]}}],"collection":[{"href":"https:\/\/elfsight.com\/es\/wp-json\/wp\/v2\/pages"}],"about":[{"href":"https:\/\/elfsight.com\/es\/wp-json\/wp\/v2\/types\/page"}],"author":[{"embeddable":true,"href":"https:\/\/elfsight.com\/es\/wp-json\/wp\/v2\/users\/18"}],"replies":[{"embeddable":true,"href":"https:\/\/elfsight.com\/es\/wp-json\/wp\/v2\/comments?post=3666"}],"version-history":[{"count":3,"href":"https:\/\/elfsight.com\/es\/wp-json\/wp\/v2\/pages\/3666\/revisions"}],"predecessor-version":[{"id":17921,"href":"https:\/\/elfsight.com\/es\/wp-json\/wp\/v2\/pages\/3666\/revisions\/17921"}],"up":[{"embeddable":true,"href":"https:\/\/elfsight.com\/es\/wp-json\/wp\/v2\/pages\/1442"}],"wp:attachment":[{"href":"https:\/\/elfsight.com\/es\/wp-json\/wp\/v2\/media?parent=3666"}],"curies":[{"name":"wp","href":"https:\/\/api.w.org\/{rel}","templated":true}]}}