{"id":3662,"date":"2022-02-11T12:23:41","date_gmt":"2022-02-11T12:23:41","guid":{"rendered":"https:\/\/elfsight.com\/es\/?page_id=3662"},"modified":"2025-02-06T15:07:00","modified_gmt":"2025-02-06T15:07:00","slug":"webflow","status":"publish","type":"page","link":"https:\/\/elfsight.com\/es\/logo-showcase-widget\/webflow\/","title":{"rendered":"Logo Showcase &#8211; Webflow"},"content":{"rendered":"<div class=\"application-platform-content-item-description application-platform-content-item\" id=\"description\" data-nav-section=\"description\"><h2>Incrustar Logo Showcase en Webflow con el widget de Elfsight<\/h2> <p>Elfsight Logo Showcase ser\u00e1 la forma m\u00e1s sencilla de mostrar los logotipos de tus clientes y patrocinadores o tus menciones en la prensa en tu sitio web. Usando este widget, demostrar\u00e1s que eres un socio confiable y mantendr\u00e1s una buena imagen de tu empresa. El widget de Elfsight te permite mostrar cualquier cantidad de logotipos, organizarlos en un carrusel o cuadr\u00edcula, y variar el tama\u00f1o de las im\u00e1genes. Puedes agregar subt\u00edtulos y enlaces a los sitios web de las empresas. Con configuraciones de colores y fuentes personalizables, es f\u00e1cil crear una interfaz \u00fanica.<\/p><p><b>Aumenta las ventas mostrando el excelente nombre de tu negocio, con los logotipos de tus clientes en el sitio web.<\/b><\/p><\/div><div class=\"application-platform-content-item-features application-platform-content-item\" id=\"features\" data-nav-section=\"features\"><h2>Caracter\u00edsticas principales del widget Logo Showcase<\/h2> <p>Consulta la lista de todas las caracter\u00edsticas de Logo Showcase. Est\u00e1n disponibles directamente en el editor y te ayudar\u00e1n a moldear el widget especialmente para tu caso de uso.<\/p><ul><li>Conectar cada logotipo a cualquier p\u00e1gina web;<\/li><li>Encabezado flexible con t\u00edtulo y texto, con opciones de formato;<\/li><li>El bot\u00f3n de llamada a la acci\u00f3n (CTA) puede vincularse a cualquier p\u00e1gina;<\/li><li>3 dise\u00f1os diferentes: Slider, Grid y Carousel;<\/li><li>Funci\u00f3n para adaptar el tama\u00f1o del logotipo y el ancho del widget;<\/li><li>Elegir cualquier color de fondo o cargar tu propio archivo.<\/li><\/ul><p><a href=\"#demo\">Puedes probar todas las caracter\u00edsticas funcionales del widget en nuestra demo<\/a><\/p><\/div><div class=\"application-platform-content-item-installation application-platform-content-item\" id=\"installation\" data-nav-section=\"installation\"><h2>\u00bfC\u00f3mo agregar Logo Showcase a mi sitio web de Webflow?<\/h2><div class=\"video-container\"><iframe width=\"720\" height=\"405\" src=\"https:\/\/www.youtube.com\/embed\/JfjyV9IasCc\" frameborder=\"0\" allowfullscreen=\"\"><\/iframe><\/div><p>Para activar el widget, sigue las instrucciones a continuaci\u00f3n<\/p><ul><li><b>Genera tu widget de Logo personalizado<\/b><br>En nuestro configurador gratuito, configura un plugin con el aspecto y funcionalidad preferidos.<\/li><li><b>Copia el c\u00f3digo personal para mostrar el plugin<\/b><br>Despu\u00e9s de configurar tu widget, recibir\u00e1s tu c\u00f3digo personal en la ventana emergente de Elfsight Apps. Copia este c\u00f3digo.<\/li><li><b>Integra el plugin en tu sitio de Webflow<\/b><br>Elige el lugar en la p\u00e1gina o plantilla donde te gustar\u00eda mostrar el plugin e inserta el c\u00f3digo guardado all\u00ed. Guarda los cambios.<\/li><li><b>\u00a1Felicidades! \u00a1Has integrado el widget!<\/b><br>Ingresa a tu tienda para ver c\u00f3mo funciona el widget.<\/li><\/ul><p>No dudes en comunicarte con el soporte al cliente cuando necesites asesor\u00eda o tengas problemas. Estaremos encantados de ayudarte con cualquier consulta.<\/p><div class=\"faq\" data-component=\"FAQ\"><div class=\"faq-item\">\r\n\t\t\t\t\t<div class=\"faq-item-question\">\r\n\t\t\t\t\t\t<h3 class=\"faq-item-question-text\">\u00bfC\u00f3mo puedo a\u00f1adir un Logo Showcase a mi p\u00e1gina de inicio en Webflow sin conocimientos de programaci\u00f3n?<\/h3>\r\n\r\n\t\t\t\t\t\t<div class=\"faq-item-question-icon\"><\/div>\r\n\t\t\t\t\t<\/div>\r\n\r\n\t\t\t\t\t<div class=\"faq-item-answer\">\r\n\t\t\t\t\t\t<div class=\"faq-item-answer-text\"> <p>La empresa Elfsight presenta una soluci\u00f3n que permite a los usuarios crear un widget de Logo Showcase por s\u00ed mismos. Descubre lo sencillo que es el proceso: Ve a la demo en vivo para crear una secci\u00f3n de Logo Showcase que desees ver en tu p\u00e1gina de Webflow. Elige una de nuestras plantillas pre-dise\u00f1adas y ajusta las configuraciones del Logo Showcase, agrega tu contenido, cambia el dise\u00f1o y esquema de colores sin necesidad de conocimientos en programaci\u00f3n. Guarda el Logo Showcase y obt\u00e9n el c\u00f3digo de instalaci\u00f3n del widget, que se puede pegar f\u00e1cilmente en el sitio Webflow de forma gratuita. Trabajando en nuestro editor f\u00e1cil de usar, cualquier usuario de Internet puede crear un Logo Showcase en l\u00ednea y a\u00f1adirlo f\u00e1cilmente a su sitio Webflow. No es necesario pagar ni ingresar los datos de tu tarjeta para acceder al editor. Si encuentras alg\u00fan problema en cualquier paso, no dudes en ponerte en contacto con nuestro soporte al cliente.<\/p> <\/div>\r\n\t\t\t\t\t<\/div>\r\n\t\t\t\t<\/div> <\/div><\/div>","protected":false},"excerpt":{"rendered":"","protected":false},"author":18,"featured_media":0,"parent":1690,"menu_order":0,"comment_status":"closed","ping_status":"closed","template":"templates\/template-application-platform.php","meta":{"publish_to_discourse":"","publish_post_category":"","wpdc_auto_publish_overridden":"","wpdc_topic_tags":"","wpdc_pin_topic":"","wpdc_pin_until":"","discourse_post_id":"","discourse_permalink":"","wpdc_publishing_response":"","wpdc_publishing_error":"","footnotes":""},"class_list":["post-3662","page","type-page","status-publish","hentry"],"yoast_head":"<!-- This site is optimized with the Yoast SEO plugin v25.3.1 - https:\/\/yoast.com\/wordpress\/plugins\/seo\/ -->\n<title>Exposici\u00f3n de logos - Insertar plugin de Logotipo de escaparate al Webflow<\/title>\n<meta name=\"description\" content=\"A\u00f1ade un widget responsivo de Exposici\u00f3n de logos en su sitio web de Webflow. Lance la demo de Elfsight f\u00e1cil de usar y genere su plugin propio.\" \/>\n<meta name=\"robots\" content=\"index, follow, max-snippet:-1, max-image-preview:large, max-video-preview:-1\" \/>\n<link rel=\"canonical\" href=\"https:\/\/elfsight.com\/es\/logo-showcase-widget\/webflow\/\" \/>\n<meta property=\"og:locale\" content=\"es_ES\" \/>\n<meta property=\"og:type\" content=\"article\" \/>\n<meta property=\"og:title\" content=\"Exposici\u00f3n de logos - Insertar plugin de Logotipo de escaparate al Webflow\" \/>\n<meta property=\"og:description\" content=\"A\u00f1ade un widget responsivo de Exposici\u00f3n de logos en su sitio web de Webflow. Lance la demo de Elfsight f\u00e1cil de usar y genere su plugin propio.\" \/>\n<meta property=\"og:url\" content=\"https:\/\/elfsight.com\/es\/logo-showcase-widget\/webflow\/\" \/>\n<meta property=\"og:site_name\" content=\"Elfsight ES\" \/>\n<meta property=\"article:modified_time\" content=\"2025-02-06T15:07:00+00:00\" \/>\n<meta name=\"twitter:card\" content=\"summary_large_image\" \/>\n<meta name=\"twitter:label1\" content=\"Tiempo de lectura\" \/>\n\t<meta name=\"twitter:data1\" content=\"2 minutos\" \/>\n<!-- \/ Yoast SEO plugin. -->","yoast_head_json":{"title":"Exposici\u00f3n de logos - Insertar plugin de Logotipo de escaparate al Webflow","description":"A\u00f1ade un widget responsivo de Exposici\u00f3n de logos en su sitio web de Webflow. Lance la demo de Elfsight f\u00e1cil de usar y genere su plugin propio.","robots":{"index":"index","follow":"follow","max-snippet":"max-snippet:-1","max-image-preview":"max-image-preview:large","max-video-preview":"max-video-preview:-1"},"canonical":"https:\/\/elfsight.com\/es\/logo-showcase-widget\/webflow\/","og_locale":"es_ES","og_type":"article","og_title":"Exposici\u00f3n de logos - Insertar plugin de Logotipo de escaparate al Webflow","og_description":"A\u00f1ade un widget responsivo de Exposici\u00f3n de logos en su sitio web de Webflow. Lance la demo de Elfsight f\u00e1cil de usar y genere su plugin propio.","og_url":"https:\/\/elfsight.com\/es\/logo-showcase-widget\/webflow\/","og_site_name":"Elfsight ES","article_modified_time":"2025-02-06T15:07:00+00:00","twitter_card":"summary_large_image","twitter_misc":{"Tiempo de lectura":"2 minutos"},"schema":{"@context":"https:\/\/schema.org","@graph":[{"@type":"WebPage","@id":"https:\/\/elfsight.com\/es\/logo-showcase-widget\/webflow\/","url":"https:\/\/elfsight.com\/es\/logo-showcase-widget\/webflow\/","name":"Exposici\u00f3n de logos - Insertar plugin de Logotipo de escaparate al Webflow","isPartOf":{"@id":"https:\/\/elfsight.com\/es\/#website"},"datePublished":"2022-02-11T12:23:41+00:00","dateModified":"2025-02-06T15:07:00+00:00","description":"A\u00f1ade un widget responsivo de Exposici\u00f3n de logos en su sitio web de Webflow. Lance la demo de Elfsight f\u00e1cil de usar y genere su plugin propio.","breadcrumb":{"@id":"https:\/\/elfsight.com\/es\/logo-showcase-widget\/webflow\/#breadcrumb"},"inLanguage":"es","potentialAction":[{"@type":"ReadAction","target":["https:\/\/elfsight.com\/es\/logo-showcase-widget\/webflow\/"]}]},{"@type":"BreadcrumbList","@id":"https:\/\/elfsight.com\/es\/logo-showcase-widget\/webflow\/#breadcrumb","itemListElement":[{"@type":"ListItem","position":1,"name":"Home","item":"https:\/\/elfsight.com\/es\/"},{"@type":"ListItem","position":2,"name":"Logo Showcase","item":"https:\/\/elfsight.com\/es\/logo-showcase-widget\/"},{"@type":"ListItem","position":3,"name":"Logo Showcase &#8211; Webflow"}]},{"@type":"WebSite","@id":"https:\/\/elfsight.com\/es\/#website","url":"https:\/\/elfsight.com\/es\/","name":"Elfsight ES","description":"Just another Elfsight Sites site","potentialAction":[{"@type":"SearchAction","target":{"@type":"EntryPoint","urlTemplate":"https:\/\/elfsight.com\/es\/?s={search_term_string}"},"query-input":{"@type":"PropertyValueSpecification","valueRequired":true,"valueName":"search_term_string"}}],"inLanguage":"es"}]}},"meta_box":{"industry":"","seo_heading":"","heading":"","description":"","cta_heading":"","cta_description":"","application":"1689","h1":"plugin de Exposici\u00f3n de logos para Webflow","h1_caption":"A\u00f1ade un n\u00famero ilimitado de logotipos y gana la confianza de los clientes","application_category":[],"applications_title":"","applications_request_title":"","applications_request_button_text":"","hero_text":"","hero_video":"","hero_video_schema_markup":"","selling_points_title":"","selling_points_caption":"","selling_points":[],"selling_points_cta_text":"","features_title":"","features":"","ed_cta_examples_text":"","ed_cta_examples_hidden":"","ed_cta_demo_text":"","ed_cta_demo_hidden":"","why_caption":"","why_editor_title":"","why_editor_text":"","why_team_title":"","why_team_text":"","why_service_title":"","why_service_text":"","template_catalog_visible":"","template_catalog_title":"","template_catalog_text":"","template_catalog_categories_visible":"","demo_title":"Crea tu widget de presentaci\u00f3n de logotipos","demo_caption":"\u00a1Configure su Logo Showcase y agr\u00e9guelo a su sitio web Webflow de forma gratuita!","default_faq_hidden":"","app_template_category":[],"platform":"106","template_public_id":"","codecanyon_url":"","codecanyon_item_id":"","codecanyon_price":"","pricing_caption":"","pricing_elfsight_apps_hide_column":"","pricing_elfsight_apps_url":"","pricing_codecanyon_price_caption":"","integration_category":[],"integration_request_title":"","integration_request_cta":"","integration_platform":"","integrations":[],"platform_category":[],"video_schema_markup":"","price":"desde $0 por mes","trial":"","benefits":[{"text":"Instalaci\u00f3n gratuita"},{"text":"Soporte Premium"},{"text":"14 d\u00edas garant\u00eda de reembolso"},{"text":"Actualizaciones regulares"}],"button_url":"#demo","button_target_blank":"0","button_nofollow":"0","attributes":[{"name":"Responsivo","content":"Si","_state":"expanded"},{"name":"Navegadores compatibles","content":"Firefox, Safari, Opera, Chrome, Edge","_state":"expanded"}],"tags":[],"tags_disable_links":"0","hide_more_platforms":"","video_object":"","demo_hide_cta":"0","demo_hide_cloud_options":"0","pricing_title":"","pricing":[{"pricing_icon":"platform","pricing_title":" Elfsight Apps","pricing_title_caption":"Soluci\u00f3n multiplataforma - valido para cualquier p\u00e1gina web","pricing_price":"desde $0 por mes","pricing_price_caption":"empezar con un plan gratuito","pricing_benefits":[{"text":"Sitios web ilimitados"},{"text":"Atenci\u00f3n al cliente gratuita y r\u00e1pida"},{"text":"Servicio de instalaci\u00f3n gratuito"},{"text":"Totalmente personalizable"}],"pricing_button_text":"Agregar al sitio web","pricing_button_url":"#demo","_state":"expanded"}],"related_apps_title":"","related_apps_hidden":"1","author":"","image":[],"title":"","job":"","social_networks":[]},"_links":{"self":[{"href":"https:\/\/elfsight.com\/es\/wp-json\/wp\/v2\/pages\/3662","targetHints":{"allow":["GET"]}}],"collection":[{"href":"https:\/\/elfsight.com\/es\/wp-json\/wp\/v2\/pages"}],"about":[{"href":"https:\/\/elfsight.com\/es\/wp-json\/wp\/v2\/types\/page"}],"author":[{"embeddable":true,"href":"https:\/\/elfsight.com\/es\/wp-json\/wp\/v2\/users\/18"}],"replies":[{"embeddable":true,"href":"https:\/\/elfsight.com\/es\/wp-json\/wp\/v2\/comments?post=3662"}],"version-history":[{"count":3,"href":"https:\/\/elfsight.com\/es\/wp-json\/wp\/v2\/pages\/3662\/revisions"}],"predecessor-version":[{"id":17919,"href":"https:\/\/elfsight.com\/es\/wp-json\/wp\/v2\/pages\/3662\/revisions\/17919"}],"up":[{"embeddable":true,"href":"https:\/\/elfsight.com\/es\/wp-json\/wp\/v2\/pages\/1690"}],"wp:attachment":[{"href":"https:\/\/elfsight.com\/es\/wp-json\/wp\/v2\/media?parent=3662"}],"curies":[{"name":"wp","href":"https:\/\/api.w.org\/{rel}","templated":true}]}}