{"id":3660,"date":"2022-02-11T12:23:49","date_gmt":"2022-02-11T12:23:49","guid":{"rendered":"https:\/\/elfsight.com\/es\/?page_id=3660"},"modified":"2026-01-28T13:35:07","modified_gmt":"2026-01-28T13:35:07","slug":"webflow","status":"publish","type":"page","link":"https:\/\/elfsight.com\/es\/instagram-feed-instashow\/webflow\/","title":{"rendered":"Instagram Feed &#8211; Webflow"},"content":{"rendered":"<div class=\"application-platform-content-item-description application-platform-content-item\" id=\"description\" data-nav-section=\"description\"><h2>Incrustar Instagram en Webflow con un widget de Elfsight<\/h2><p>InstaShow es un potente widget de Instagram, que permite crear galer\u00edas maravillosas en tu sitio con fotos y videos de Instagram. Amplias opciones de personalizaci\u00f3n: todo tipo de fuentes compatibles, filtros de contenido, m\u00e1s de 60 par\u00e1metros de personalizaci\u00f3n, 10 esquemas de color y un dise\u00f1o totalmente adaptable a cualquier dispositivo.<\/p><p><b>Utiliza un widget completamente adaptable y \u00fatil para atraer inmediatamente a la audiencia de tu sitio web.<\/b><\/p><ul><li><b>Aumenta la conversi\u00f3n mostrando fotos de Instagram<\/b>.<br>Muestra fotos de tus productos o servicios publicadas por clientes satisfechos en Instagram y aumenta tu conversi\u00f3n.<\/li><li><b>Incrementa la interacci\u00f3n de los usuarios en tu sitio con contenido atractivo<\/b>.<br>Usa el contenido de una de las redes sociales m\u00e1s populares para mantener a los usuarios de tu sitio web interesados y comprometidos.<\/li><li><b>Consigue m\u00e1s seguidores promocionando tu cuenta de Instagram en el sitio<\/b>.<br>Utiliza tu sitio web como una forma adicional de promocionar tu cuenta de Instagram y ofrece la oportunidad de seguirte con un solo clic para aumentar tus seguidores.<\/li><\/ul><div class=\"faq\" data-component=\"FAQ\"> <div class=\"faq-item\">\r\n\t\t\t\t\t<div class=\"faq-item-question\">\r\n\t\t\t\t\t\t<h3 class=\"faq-item-question-text\">\u00bfQu\u00e9 otros plugins para Webflow puedo a\u00f1adir a mi sitio?<\/h3>\r\n\r\n\t\t\t\t\t\t<div class=\"faq-item-question-icon\"><\/div>\r\n\t\t\t\t\t<\/div>\r\n\r\n\t\t\t\t\t<div class=\"faq-item-answer\">\r\n\t\t\t\t\t\t<div class=\"faq-item-answer-text\"> <p>Te invitamos a probar muchas aplicaciones para cualquier objetivo en tu sitio, independientemente de tu negocio. Te recomendamos que revises estas: <a href=\"https:\/\/elfsight.com\/online-form-builder\/webflow\/\">Form Builder<\/a>, <a href=\"https:\/\/elfsight.com\/cookie-consent-widget\/webflow\/\">Cookie Consent<\/a>, <a href=\"https:\/\/elfsight.com\/popup-widget\/webflow\/\">Popup<\/a>, <a href=\"https:\/\/elfsight.com\/instagram-feed-instashow\/webflow\/\">Instagram Feed<\/a>, <a href=\"https:\/\/elfsight.com\/slider-widget\/webflow\/\">Slider<\/a>.<\/p> <\/div>\r\n\t\t\t\t\t<\/div>\r\n\t\t\t\t<\/div> <div class=\"faq-item\">\r\n\t\t\t\t\t<div class=\"faq-item-question\">\r\n\t\t\t\t\t\t<h3 class=\"faq-item-question-text\">\u00bfC\u00f3mo incrustar Instagram Feed gratis en Webflow?<\/h3>\r\n\r\n\t\t\t\t\t\t<div class=\"faq-item-question-icon\"><\/div>\r\n\t\t\t\t\t<\/div>\r\n\r\n\t\t\t\t\t<div class=\"faq-item-answer\">\r\n\t\t\t\t\t\t<div class=\"faq-item-answer-text\"> <ol><p>Integrar un feed de Instagram en tu sitio Webflow es una forma notable de mostrar tus publicaciones m\u00e1s recientes y aumentar la interacci\u00f3n de los usuarios.<\/p><ol><li>Para <a href=\"https:\/\/elfsight.com\/blog\/how-to-embed-instagram-feed-on-website\/\">incrustar el feed de Instagram de Elfsight<\/a> de forma gratuita en Webflow, visita el sitio web de Elfsight y crea una cuenta gratis.<\/li><li>Utiliza el widget gratuito de Instagram personalizando su apariencia y configuraciones para que armonicen con la est\u00e9tica de tu sitio Webflow.<\/li><li>Despu\u00e9s de ajustar tu Instagram Feed de forma gratuita, copia el c\u00f3digo de inserci\u00f3n exclusivo y p\u00e9galo en el HTML de tu sitio Webflow donde quieras que se muestre el feed.<\/li><\/ol><p>Al integrar tu Instagram Feed en tu sitio Webflow, aumentar\u00e1s su atractivo visual y fomentar\u00e1s la participaci\u00f3n continua de los usuarios. \u00a1Aprovecha los beneficios del widget de Instagram de Elfsight sin incurrir en ning\u00fan gasto!<\/p><\/ol><\/div>\r\n\t\t\t\t\t<\/div>\r\n\t\t\t\t<\/div> <div class=\"faq-item\">\r\n\t\t\t\t\t<div class=\"faq-item-question\">\r\n\t\t\t\t\t\t<h3 class=\"faq-item-question-text\">\u00bfPuedo ver tu widget de Instagram Feed para Webflow en acci\u00f3n?<\/h3>\r\n\r\n\t\t\t\t\t\t<div class=\"faq-item-question-icon\"><\/div>\r\n\t\t\t\t\t<\/div>\r\n\r\n\t\t\t\t\t<div class=\"faq-item-answer\">\r\n\t\t\t\t\t\t<div class=\"faq-item-answer-text\"> <p>\u00a1Por supuesto! Te invitamos a probar nuestro feed de Instagram para Webflow utilizando nuestra <a href=\"https:\/\/elfsight.com\/instagram-feed-instashow\/#demo\">demo activa<\/a>. Es gratis, y tambi\u00e9n puedes usarla para agregar el widget a tu sitio web de Webflow.<\/p><\/div>\r\n\t\t\t\t\t<\/div>\r\n\t\t\t\t<\/div> <\/div><\/div><div class=\"application-platform-content-item-features application-platform-content-item\" id=\"features\" data-nav-section=\"features\"><h2>Caracter\u00edsticas principales del widget de Instagram Feed<\/h2><p>Las caracter\u00edsticas principales del widget, que lo convierten en el mejor widget de Webflow para mostrar el feed de Instagram:<\/p><ul><li>Utiliza una cantidad ilimitada de fuentes para mostrar en tu sitio web<\/li><li>Agrega contenido por URL, hashtags y nombres de usuario<\/li><li>Aplica todos tus filtros favoritos de Instagram<\/li><li>2 dise\u00f1os de feed listos para usar: deslizador y cuadr\u00edcula<\/li><li>2 plantillas de publicaci\u00f3n: mosaico y cl\u00e1sico<\/li><li>N\u00famero ajustable de columnas y filas<\/li><li>Integraciones de Instagram en Webflow con facilidad<\/li><\/ul><p><a href=\"#demo\">Explora m\u00e1s caracter\u00edsticas en nuestra demo<\/a><\/p><\/div><div class=\"application-platform-content-item-installation application-platform-content-item\" id=\"installation\" data-nav-section=\"installation\"><h2>C\u00f3mo a\u00f1adir Instagram Feed a un sitio Webflow<\/h2><div class=\"video-container\">\n<iframe width=\"720\" height=\"405\" src=\"https:\/\/www.youtube.com\/embed\/vYBeWOSz5ic?si=jtve75c7mBR9ipJq\" frameborder=\"0\" allowfullscreen=\"\"><\/iframe>\n<p align=\"center\"><em>Meet Official Tutorial by Weblow Team<\/em><\/p>\n<\/div><p>Consulta nuestra breve gu\u00eda sobre la instalaci\u00f3n y configuraci\u00f3n del widget. El tiempo promedio de instalaci\u00f3n es de no m\u00e1s de dos minutos.<\/p><ol><li><b>Dise\u00f1a tu Feed de Instagram personalizado<\/b>.<br> Con la ayuda de nuestra demo gratuita, genera un widget con el aspecto y las capacidades deseadas.<\/li><li><b>Obt\u00e9n el c\u00f3digo para configurar el widget<\/b>.<br> Despu\u00e9s de generar el widget, obt\u00e9n el c\u00f3digo para el widget de Instagram desde la notificaci\u00f3n emergente en Elfsight Apps.<\/li><li><b>A\u00f1ade el Instagram Feed a Webflow<\/b>.<br> Integra el c\u00f3digo de instalaci\u00f3n del widget en el lugar necesario de la p\u00e1gina y aplica los cambios.<\/li><li><b>\u00a1Ya est\u00e1 listo!<\/b><br> Visita tu sitio para ver tu Instagram.<\/li><\/ol><p>\u00bfTienes problemas con la integraci\u00f3n de Instagram en Webflow o personalizando tu feed? Ponte en contacto con nuestro servicio de soporte.<\/p><\/div>","protected":false},"excerpt":{"rendered":"","protected":false},"author":18,"featured_media":0,"parent":1442,"menu_order":0,"comment_status":"closed","ping_status":"closed","template":"templates\/template-application-platform.php","meta":{"publish_to_discourse":"","publish_post_category":"","wpdc_auto_publish_overridden":"","wpdc_topic_tags":"","wpdc_pin_topic":"","wpdc_pin_until":"","discourse_post_id":"","discourse_permalink":"","wpdc_publishing_response":"","wpdc_publishing_error":"","footnotes":""},"class_list":["post-3660","page","type-page","status-publish","hentry"],"yoast_head":"<!-- This site is optimized with the Yoast SEO plugin v25.3.1 - https:\/\/yoast.com\/wordpress\/plugins\/seo\/ -->\n<title>Feed de Instagram - A\u00f1adir plugin de Instagram Feed al Webflow<\/title>\n<meta name=\"description\" content=\"Incrusta un widget responsivo de Feed de Instagram en su sitio web de Webflow. Aplique la demo de Elfsight intuitiva y cree su plugin personalizado.\" \/>\n<meta name=\"robots\" content=\"index, follow, max-snippet:-1, max-image-preview:large, max-video-preview:-1\" \/>\n<link rel=\"canonical\" href=\"https:\/\/elfsight.com\/es\/instagram-feed-instashow\/webflow\/\" \/>\n<meta property=\"og:locale\" content=\"es_ES\" \/>\n<meta property=\"og:type\" content=\"article\" \/>\n<meta property=\"og:title\" content=\"Feed de Instagram - A\u00f1adir plugin de Instagram Feed al Webflow\" \/>\n<meta property=\"og:description\" content=\"Incrusta un widget responsivo de Feed de Instagram en su sitio web de Webflow. Aplique la demo de Elfsight intuitiva y cree su plugin personalizado.\" \/>\n<meta property=\"og:url\" content=\"https:\/\/elfsight.com\/es\/instagram-feed-instashow\/webflow\/\" \/>\n<meta property=\"og:site_name\" content=\"Elfsight ES\" \/>\n<meta property=\"article:modified_time\" content=\"2026-01-28T13:35:07+00:00\" \/>\n<meta name=\"twitter:card\" content=\"summary_large_image\" \/>\n<meta name=\"twitter:label1\" content=\"Tiempo de lectura\" \/>\n\t<meta name=\"twitter:data1\" content=\"3 minutos\" \/>\n<!-- \/ Yoast SEO plugin. -->","yoast_head_json":{"title":"Feed de Instagram - A\u00f1adir plugin de Instagram Feed al Webflow","description":"Incrusta un widget responsivo de Feed de Instagram en su sitio web de Webflow. Aplique la demo de Elfsight intuitiva y cree su plugin personalizado.","robots":{"index":"index","follow":"follow","max-snippet":"max-snippet:-1","max-image-preview":"max-image-preview:large","max-video-preview":"max-video-preview:-1"},"canonical":"https:\/\/elfsight.com\/es\/instagram-feed-instashow\/webflow\/","og_locale":"es_ES","og_type":"article","og_title":"Feed de Instagram - A\u00f1adir plugin de Instagram Feed al Webflow","og_description":"Incrusta un widget responsivo de Feed de Instagram en su sitio web de Webflow. Aplique la demo de Elfsight intuitiva y cree su plugin personalizado.","og_url":"https:\/\/elfsight.com\/es\/instagram-feed-instashow\/webflow\/","og_site_name":"Elfsight ES","article_modified_time":"2026-01-28T13:35:07+00:00","twitter_card":"summary_large_image","twitter_misc":{"Tiempo de lectura":"3 minutos"},"schema":{"@context":"https:\/\/schema.org","@graph":[{"@type":"WebPage","@id":"https:\/\/elfsight.com\/es\/instagram-feed-instashow\/webflow\/","url":"https:\/\/elfsight.com\/es\/instagram-feed-instashow\/webflow\/","name":"Feed de Instagram - A\u00f1adir plugin de Instagram Feed al Webflow","isPartOf":{"@id":"https:\/\/elfsight.com\/es\/#website"},"datePublished":"2022-02-11T12:23:49+00:00","dateModified":"2026-01-28T13:35:07+00:00","description":"Incrusta un widget responsivo de Feed de Instagram en su sitio web de Webflow. Aplique la demo de Elfsight intuitiva y cree su plugin personalizado.","breadcrumb":{"@id":"https:\/\/elfsight.com\/es\/instagram-feed-instashow\/webflow\/#breadcrumb"},"inLanguage":"es","potentialAction":[{"@type":"ReadAction","target":["https:\/\/elfsight.com\/es\/instagram-feed-instashow\/webflow\/"]}]},{"@type":"BreadcrumbList","@id":"https:\/\/elfsight.com\/es\/instagram-feed-instashow\/webflow\/#breadcrumb","itemListElement":[{"@type":"ListItem","position":1,"name":"Home","item":"https:\/\/elfsight.com\/es\/"},{"@type":"ListItem","position":2,"name":"Instagram Feed","item":"https:\/\/elfsight.com\/es\/instagram-feed-instashow\/"},{"@type":"ListItem","position":3,"name":"Instagram Feed &#8211; Webflow"}]},{"@type":"WebSite","@id":"https:\/\/elfsight.com\/es\/#website","url":"https:\/\/elfsight.com\/es\/","name":"Elfsight ES","description":"Just another Elfsight Sites site","potentialAction":[{"@type":"SearchAction","target":{"@type":"EntryPoint","urlTemplate":"https:\/\/elfsight.com\/es\/?s={search_term_string}"},"query-input":{"@type":"PropertyValueSpecification","valueRequired":true,"valueName":"search_term_string"}}],"inLanguage":"es"}]}},"meta_box":{"industry":"","seo_heading":"","heading":"","description":"","cta_heading":"","cta_description":"","application":"1441","h1":"complemento de Feed de Instagram para Webflow","h1_caption":"Exhibe v\u00eddeos, fotos y galer\u00edas de Instagram en su sitio","application_category":[],"applications_title":"","applications_request_title":"","applications_request_button_text":"","hero_text":"","hero_video":"","hero_video_schema_markup":"","selling_points_title":"","selling_points_caption":"","selling_points":[],"selling_points_cta_text":"","features_title":"","features":"","ed_cta_examples_text":"","ed_cta_examples_hidden":"","ed_cta_demo_text":"","ed_cta_demo_hidden":"","why_caption":"","why_editor_title":"","why_editor_text":"","why_team_title":"","why_team_text":"","why_service_title":"","why_service_text":"","template_catalog_visible":"0","template_catalog_title":"","template_catalog_text":"","template_catalog_categories_visible":"","demo_title":"Crea tu widget de feed de Instagram","demo_caption":"\u00a1Configure su feed de Instagram y agr\u00e9guelo a su sitio web Webflow gratis!","default_faq_hidden":"","app_template_category":[],"platform":"106","template_public_id":"","codecanyon_url":"","codecanyon_item_id":"","codecanyon_price":"","pricing_caption":"","pricing_elfsight_apps_hide_column":"","pricing_elfsight_apps_url":"","pricing_codecanyon_price_caption":"","integration_category":[],"integration_request_title":"","integration_request_cta":"","integration_platform":"","integrations":[],"platform_category":[],"video_schema_markup":"","price":"desde $0 por mes","trial":"","benefits":[{"text":"Instalaci\u00f3n gratuita"},{"text":"Soporte Premium"},{"text":"14 d\u00edas garant\u00eda de reembolso"},{"text":"Actualizaciones regulares"}],"button_url":"#demo","button_target_blank":"0","button_nofollow":"0","attributes":[{"name":"Responsivo","content":"Si","_state":"expanded"},{"name":"Navegadores compatibles","content":"Firefox, Safari, Opera, Chrome, Edge","_state":"expanded"}],"tags":[],"tags_disable_links":"0","hide_more_platforms":"0","video_object":"","demo_hide_cta":"0","demo_hide_cloud_options":"0","pricing_title":"","pricing":[{"pricing_icon":"platform","pricing_title":" Elfsight Apps","pricing_title_caption":"Soluci\u00f3n multiplataforma - valido para cualquier p\u00e1gina web","pricing_price":"desde $0 por mes","pricing_price_caption":"empezar con un plan gratuito","pricing_benefits":[{"text":"Sitios web ilimitados"},{"text":"Atenci\u00f3n al cliente gratuita y r\u00e1pida"},{"text":"Servicio de instalaci\u00f3n gratuito"},{"text":"Totalmente personalizable"}],"pricing_button_text":"Agregar al sitio web","pricing_button_url":"#demo","_state":"expanded"}],"related_apps_title":"","related_apps_hidden":"1","author":"","image":[],"title":"","job":"","social_networks":[]},"_links":{"self":[{"href":"https:\/\/elfsight.com\/es\/wp-json\/wp\/v2\/pages\/3660","targetHints":{"allow":["GET"]}}],"collection":[{"href":"https:\/\/elfsight.com\/es\/wp-json\/wp\/v2\/pages"}],"about":[{"href":"https:\/\/elfsight.com\/es\/wp-json\/wp\/v2\/types\/page"}],"author":[{"embeddable":true,"href":"https:\/\/elfsight.com\/es\/wp-json\/wp\/v2\/users\/18"}],"replies":[{"embeddable":true,"href":"https:\/\/elfsight.com\/es\/wp-json\/wp\/v2\/comments?post=3660"}],"version-history":[{"count":3,"href":"https:\/\/elfsight.com\/es\/wp-json\/wp\/v2\/pages\/3660\/revisions"}],"predecessor-version":[{"id":20044,"href":"https:\/\/elfsight.com\/es\/wp-json\/wp\/v2\/pages\/3660\/revisions\/20044"}],"up":[{"embeddable":true,"href":"https:\/\/elfsight.com\/es\/wp-json\/wp\/v2\/pages\/1442"}],"wp:attachment":[{"href":"https:\/\/elfsight.com\/es\/wp-json\/wp\/v2\/media?parent=3660"}],"curies":[{"name":"wp","href":"https:\/\/api.w.org\/{rel}","templated":true}]}}