{"id":3657,"date":"2022-02-11T12:23:50","date_gmt":"2022-02-11T12:23:50","guid":{"rendered":"https:\/\/elfsight.com\/es\/?page_id=3657"},"modified":"2025-02-06T15:06:51","modified_gmt":"2025-02-06T15:06:51","slug":"squarespace","status":"publish","type":"page","link":"https:\/\/elfsight.com\/es\/logo-showcase-widget\/squarespace\/","title":{"rendered":"Logo Showcase &#8211; Squarespace"},"content":{"rendered":"<div class=\"application-platform-content-item-description application-platform-content-item\" id=\"description\" data-nav-section=\"description\"><h2>Incrustar Logo Showcase en Squarespace con el widget de Elfsight<\/h2> <p>Elfsight Logo Showcase es la forma m\u00e1s sencilla de mostrar los logotipos de tus socios y patrocinadores o tus menciones en la prensa en tu sitio web. Con la ayuda del widget de Elfsight, demuestras que eres un compa\u00f1ero confiable y apoyas una buena imagen de tu negocio. El widget te permite a\u00f1adir cualquier n\u00famero de logotipos, organizarlos en un carrusel o cuadr\u00edcula, y ajustar el tama\u00f1o de las im\u00e1genes. Puedes mostrar subt\u00edtulos y enlaces a los sitios web de las empresas. Con configuraciones variables de colores y fuentes, lograr\u00e1s una interfaz personalizada.<\/p><p><b>Mejora la credibilidad de tu negocio.<\/b><\/p><\/div><div class=\"application-platform-content-item-features application-platform-content-item\" id=\"features\" data-nav-section=\"features\"><h2>Caracter\u00edsticas principales del widget Logo Showcase<\/h2> <p>Consulta la lista de todas las caracter\u00edsticas de Logo Showcase. Puedes ajustarlas directamente en el editor y te ayudar\u00e1n a moldear el widget seg\u00fan tu caso.<\/p><ul><li>Puedes vincular cada logotipo a cualquier p\u00e1gina web;<\/li><li>Encabezado conmutable con t\u00edtulo y texto, con opciones de formato;<\/li><li>El bot\u00f3n de llamada a la acci\u00f3n (CTA) se puede vincular a cualquier p\u00e1gina;<\/li><li>3 dise\u00f1os equilibrados del widget: Slider, Grid y Carousel;<\/li><li>Opci\u00f3n de establecer el tama\u00f1o del logotipo y el ancho del widget;<\/li><li>Elige cualquier color de fondo o a\u00f1ade tu propio archivo.<\/li><\/ul><p><a href=\"#demo\">Consulta c\u00f3mo funcionan todas las caracter\u00edsticas en nuestra demo<\/a><\/p><\/div><div class=\"application-platform-content-item-installation application-platform-content-item\" id=\"installation\" data-nav-section=\"installation\"><h2>\u00bfC\u00f3mo incrustar Logo Showcase en mi sitio web de Squarespace?<\/h2><div class=\"video-container\"><iframe width=\"720\" height=\"405\" src=\"https:\/\/www.youtube.com\/embed\/DO7NNHdqL8M\" frameborder=\"0\" allowfullscreen=\"\"><\/iframe><\/div><p>Para activar el widget, simplemente sigue las siguientes indicaciones<\/p><ul><li><b>Dise\u00f1a tu plugin de Logo personalizado<\/b><br>Con nuestra demo gratuita, genera un plugin con la composici\u00f3n y funciones preferidas.<\/li><li><b>Copia el c\u00f3digo individual para configurar el plugin<\/b><br>Despu\u00e9s de generar tu widget, recibir\u00e1s el c\u00f3digo individual en la ventana emergente de Elfsight Apps. Copia el c\u00f3digo para usarlo m\u00e1s tarde.<\/li><li><b>Integra el plugin en tu sitio web de Squarespace<\/b><br>Ve a la secci\u00f3n donde deseas mostrar el plugin y pega el c\u00f3digo copiado all\u00ed. Guarda los cambios.<\/li><li><b>\u00a1Listo!<\/b><br>Visita el sitio para comprobar tu plugin.<\/li><\/ul><p>T\u00f3mate un minuto para contactar con el soporte al cliente de Elfsight cuando necesites asesor\u00eda o tengas alguna duda. Nuestros especialistas estar\u00e1n encantados de ayudarte con cualquier consulta.<\/p><div class=\"faq\" data-component=\"FAQ\"><div class=\"faq-item\">\r\n\t\t\t\t\t<div class=\"faq-item-question\">\r\n\t\t\t\t\t\t<h3 class=\"faq-item-question-text\">\u00bfDe qu\u00e9 manera puedo a\u00f1adir un Logo Showcase a mi sitio de Squarespace sin necesidad de conocimientos de programaci\u00f3n?<\/h3>\r\n\r\n\t\t\t\t\t\t<div class=\"faq-item-question-icon\"><\/div>\r\n\t\t\t\t\t<\/div>\r\n\r\n\t\t\t\t\t<div class=\"faq-item-answer\">\r\n\t\t\t\t\t\t<div class=\"faq-item-answer-text\"> <p>La empresa Elfsight ofrece una soluci\u00f3n SaaS que permite a los usuarios crear una secci\u00f3n de Logo Showcase por s\u00ed mismos. Consulta lo f\u00e1cil que es: Ve a la demo en vivo para generar el plugin de Logo Showcase que deseas ver en tu sitio de Squarespace. Elige uno de los muchos plantillas predise\u00f1adas y modifica las configuraciones del Logo Showcase, a\u00f1ade tu contenido, cambia el dise\u00f1o y los colores sin tener experiencia en programaci\u00f3n. Haz clic para guardar el Logo Showcase y obt\u00e9n el c\u00f3digo para la instalaci\u00f3n que se puede incrustar en cualquier sitio de Squarespace de forma gratuita. Usando nuestro Configurador f\u00e1cil de usar, cualquier usuario web puede crear un plugin de Logo Showcase en l\u00ednea y a\u00f1adirlo a su sitio Squarespace. No necesitas pagar ni ingresar datos de tarjeta para utilizar nuestro servicio. Si encuentras alg\u00fan problema de cualquier tipo, no dudes en contactar con nuestro equipo de soporte.<\/p> <\/div>\r\n\t\t\t\t\t<\/div>\r\n\t\t\t\t<\/div> <\/div><\/div>","protected":false},"excerpt":{"rendered":"","protected":false},"author":18,"featured_media":0,"parent":1690,"menu_order":0,"comment_status":"closed","ping_status":"closed","template":"templates\/template-application-platform.php","meta":{"publish_to_discourse":"","publish_post_category":"","wpdc_auto_publish_overridden":"","wpdc_topic_tags":"","wpdc_pin_topic":"","wpdc_pin_until":"","discourse_post_id":"","discourse_permalink":"","wpdc_publishing_response":"","wpdc_publishing_error":"","footnotes":""},"class_list":["post-3657","page","type-page","status-publish","hentry"],"yoast_head":"<!-- This site is optimized with the Yoast SEO plugin v25.3.1 - https:\/\/yoast.com\/wordpress\/plugins\/seo\/ -->\n<title>Exposici\u00f3n de logos - Integrar plugin de Logotipo de escaparate al Squarespace<\/title>\n<meta name=\"description\" content=\"Instala un widget interactivo de Exposici\u00f3n de logos en su p\u00e1gina web de Squarespace. Lance la demo de Elfsight intuitiva y cree su plugin \u00fanico.\" \/>\n<meta name=\"robots\" content=\"index, follow, max-snippet:-1, max-image-preview:large, max-video-preview:-1\" \/>\n<link rel=\"canonical\" href=\"https:\/\/elfsight.com\/es\/logo-showcase-widget\/squarespace\/\" \/>\n<meta property=\"og:locale\" content=\"es_ES\" \/>\n<meta property=\"og:type\" content=\"article\" \/>\n<meta property=\"og:title\" content=\"Exposici\u00f3n de logos - Integrar plugin de Logotipo de escaparate al Squarespace\" \/>\n<meta property=\"og:description\" content=\"Instala un widget interactivo de Exposici\u00f3n de logos en su p\u00e1gina web de Squarespace. Lance la demo de Elfsight intuitiva y cree su plugin \u00fanico.\" \/>\n<meta property=\"og:url\" content=\"https:\/\/elfsight.com\/es\/logo-showcase-widget\/squarespace\/\" \/>\n<meta property=\"og:site_name\" content=\"Elfsight ES\" \/>\n<meta property=\"article:modified_time\" content=\"2025-02-06T15:06:51+00:00\" \/>\n<meta name=\"twitter:card\" content=\"summary_large_image\" \/>\n<meta name=\"twitter:label1\" content=\"Tiempo de lectura\" \/>\n\t<meta name=\"twitter:data1\" content=\"2 minutos\" \/>\n<!-- \/ Yoast SEO plugin. -->","yoast_head_json":{"title":"Exposici\u00f3n de logos - Integrar plugin de Logotipo de escaparate al Squarespace","description":"Instala un widget interactivo de Exposici\u00f3n de logos en su p\u00e1gina web de Squarespace. Lance la demo de Elfsight intuitiva y cree su plugin \u00fanico.","robots":{"index":"index","follow":"follow","max-snippet":"max-snippet:-1","max-image-preview":"max-image-preview:large","max-video-preview":"max-video-preview:-1"},"canonical":"https:\/\/elfsight.com\/es\/logo-showcase-widget\/squarespace\/","og_locale":"es_ES","og_type":"article","og_title":"Exposici\u00f3n de logos - Integrar plugin de Logotipo de escaparate al Squarespace","og_description":"Instala un widget interactivo de Exposici\u00f3n de logos en su p\u00e1gina web de Squarespace. Lance la demo de Elfsight intuitiva y cree su plugin \u00fanico.","og_url":"https:\/\/elfsight.com\/es\/logo-showcase-widget\/squarespace\/","og_site_name":"Elfsight ES","article_modified_time":"2025-02-06T15:06:51+00:00","twitter_card":"summary_large_image","twitter_misc":{"Tiempo de lectura":"2 minutos"},"schema":{"@context":"https:\/\/schema.org","@graph":[{"@type":"WebPage","@id":"https:\/\/elfsight.com\/es\/logo-showcase-widget\/squarespace\/","url":"https:\/\/elfsight.com\/es\/logo-showcase-widget\/squarespace\/","name":"Exposici\u00f3n de logos - Integrar plugin de Logotipo de escaparate al Squarespace","isPartOf":{"@id":"https:\/\/elfsight.com\/es\/#website"},"datePublished":"2022-02-11T12:23:50+00:00","dateModified":"2025-02-06T15:06:51+00:00","description":"Instala un widget interactivo de Exposici\u00f3n de logos en su p\u00e1gina web de Squarespace. Lance la demo de Elfsight intuitiva y cree su plugin \u00fanico.","breadcrumb":{"@id":"https:\/\/elfsight.com\/es\/logo-showcase-widget\/squarespace\/#breadcrumb"},"inLanguage":"es","potentialAction":[{"@type":"ReadAction","target":["https:\/\/elfsight.com\/es\/logo-showcase-widget\/squarespace\/"]}]},{"@type":"BreadcrumbList","@id":"https:\/\/elfsight.com\/es\/logo-showcase-widget\/squarespace\/#breadcrumb","itemListElement":[{"@type":"ListItem","position":1,"name":"Home","item":"https:\/\/elfsight.com\/es\/"},{"@type":"ListItem","position":2,"name":"Logo Showcase","item":"https:\/\/elfsight.com\/es\/logo-showcase-widget\/"},{"@type":"ListItem","position":3,"name":"Logo Showcase &#8211; Squarespace"}]},{"@type":"WebSite","@id":"https:\/\/elfsight.com\/es\/#website","url":"https:\/\/elfsight.com\/es\/","name":"Elfsight ES","description":"Just another Elfsight Sites site","potentialAction":[{"@type":"SearchAction","target":{"@type":"EntryPoint","urlTemplate":"https:\/\/elfsight.com\/es\/?s={search_term_string}"},"query-input":{"@type":"PropertyValueSpecification","valueRequired":true,"valueName":"search_term_string"}}],"inLanguage":"es"}]}},"meta_box":{"industry":"","seo_heading":"","heading":"","description":"","cta_heading":"","cta_description":"","application":"1689","h1":"complemento de Exposici\u00f3n de logotipos para Squarespace","h1_caption":"A\u00f1ade un n\u00famero ilimitado de logotipos y gana la confianza de los clientes","application_category":[],"applications_title":"","applications_request_title":"","applications_request_button_text":"","hero_text":"","hero_video":"","hero_video_schema_markup":"","selling_points_title":"","selling_points_caption":"","selling_points":[],"selling_points_cta_text":"","features_title":"","features":"","ed_cta_examples_text":"","ed_cta_examples_hidden":"","ed_cta_demo_text":"","ed_cta_demo_hidden":"","why_caption":"","why_editor_title":"","why_editor_text":"","why_team_title":"","why_team_text":"","why_service_title":"","why_service_text":"","template_catalog_visible":"","template_catalog_title":"","template_catalog_text":"","template_catalog_categories_visible":"","demo_title":"Crea tu complemento Logo Showcase","demo_caption":"\u00a1Configura tu Logo Showcase y agr\u00e9galo a tu sitio web de Squarespace gratis!","default_faq_hidden":"","app_template_category":[],"platform":"100","template_public_id":"","codecanyon_url":"","codecanyon_item_id":"","codecanyon_price":"","pricing_caption":"","pricing_elfsight_apps_hide_column":"","pricing_elfsight_apps_url":"","pricing_codecanyon_price_caption":"","integration_category":[],"integration_request_title":"","integration_request_cta":"","integration_platform":"","integrations":[],"platform_category":[],"video_schema_markup":"","price":"desde $0 por mes","trial":"","benefits":[{"text":"Instalaci\u00f3n gratuita"},{"text":"Soporte Premium"},{"text":"14 d\u00edas garant\u00eda de reembolso"},{"text":"Actualizaciones regulares"}],"button_url":"#demo","button_target_blank":"0","button_nofollow":"0","attributes":[{"name":"Responsivo","content":"Si","_state":"expanded"},{"name":"Navegadores compatibles","content":"Firefox, Safari, Opera, Chrome, Edge","_state":"expanded"}],"tags":[],"tags_disable_links":"0","hide_more_platforms":"","video_object":"","demo_hide_cta":"0","demo_hide_cloud_options":"0","pricing_title":"","pricing":[{"pricing_icon":"platform","pricing_title":" Elfsight Apps","pricing_title_caption":"Soluci\u00f3n multiplataforma - valido para cualquier p\u00e1gina web","pricing_price":"desde $0 por mes","pricing_price_caption":"empezar con un plan gratuito","pricing_benefits":[{"text":"Sitios web ilimitados"},{"text":"Atenci\u00f3n al cliente gratuita y r\u00e1pida"},{"text":"Servicio de instalaci\u00f3n gratuito"},{"text":"Totalmente personalizable"}],"pricing_button_text":"Agregar al sitio web","pricing_button_url":"#demo","_state":"expanded"}],"related_apps_title":"","related_apps_hidden":"1","author":"","image":[],"title":"","job":"","social_networks":[]},"_links":{"self":[{"href":"https:\/\/elfsight.com\/es\/wp-json\/wp\/v2\/pages\/3657","targetHints":{"allow":["GET"]}}],"collection":[{"href":"https:\/\/elfsight.com\/es\/wp-json\/wp\/v2\/pages"}],"about":[{"href":"https:\/\/elfsight.com\/es\/wp-json\/wp\/v2\/types\/page"}],"author":[{"embeddable":true,"href":"https:\/\/elfsight.com\/es\/wp-json\/wp\/v2\/users\/18"}],"replies":[{"embeddable":true,"href":"https:\/\/elfsight.com\/es\/wp-json\/wp\/v2\/comments?post=3657"}],"version-history":[{"count":3,"href":"https:\/\/elfsight.com\/es\/wp-json\/wp\/v2\/pages\/3657\/revisions"}],"predecessor-version":[{"id":17918,"href":"https:\/\/elfsight.com\/es\/wp-json\/wp\/v2\/pages\/3657\/revisions\/17918"}],"up":[{"embeddable":true,"href":"https:\/\/elfsight.com\/es\/wp-json\/wp\/v2\/pages\/1690"}],"wp:attachment":[{"href":"https:\/\/elfsight.com\/es\/wp-json\/wp\/v2\/media?parent=3657"}],"curies":[{"name":"wp","href":"https:\/\/api.w.org\/{rel}","templated":true}]}}