{"id":3653,"date":"2022-02-11T12:23:57","date_gmt":"2022-02-11T12:23:57","guid":{"rendered":"https:\/\/elfsight.com\/es\/?page_id=3653"},"modified":"2025-02-06T15:06:51","modified_gmt":"2025-02-06T15:06:51","slug":"shopify","status":"publish","type":"page","link":"https:\/\/elfsight.com\/es\/logo-showcase-widget\/shopify\/","title":{"rendered":"Logo Showcase &#8211; Shopify"},"content":{"rendered":"<div class=\"application-platform-content-item-description application-platform-content-item\" id=\"description\" data-nav-section=\"description\"><h2>Embed Logo Showcase on Shopify with the Elfsight widget<\/h2> <p>Elfsight Logo Showcase is the perfect tool for displaying multiple clients\u2019 or promoters\u2019 logos or your press mentions on the website. With the widget, you will show that your company is a trustworthy partner and keep up a positive perception of your business. Elfsight widget enables you to display any number of emblems, arrange them into a carousel or grid, and vary the scale of the logos. You can enter a caption and a link to the company\u2019s website. Using colors and fonts features, you can achieve a unique look of the logos. <\/p><p><b>Level up sales showing your splendid business reputation, with customers\u2019 logos on the website. <\/b><\/p><\/div><div class=\"application-platform-content-item-features application-platform-content-item\" id=\"features\" data-nav-section=\"features\"><h2>Main features of the Logo Showcase widget<\/h2> <p>Here&#8217;s a list of all the functional traits of Logo Showcase. You can adjust them right in the editor and they will help you shape the widget exactly for your case. <\/p><ul><li>The option to Connect each logo to any address; <\/li><li>Removable widget header featuring title and text with formatting supported; <\/li><li>Call-to-action button can be linked to any page; <\/li><li>Three different widget layouts: Slider, Grid, and Carousel; <\/li><li>A feature to set the logo size and the widget width parameter; <\/li><li> Choose any background color or upload a custom file. <\/li><\/ul><p><a href=\"#demo\">Check how all the features work, in our demo<\/a><\/p><\/div><div class=\"application-platform-content-item-installation application-platform-content-item\" id=\"installation\" data-nav-section=\"installation\"><h2>How to embed Logo Showcase on Shopify? <\/h2><div class=\"video-container\"><iframe width=\"720\" height=\"405\" src=\"https:\/\/www.youtube.com\/embed\/83e2SlUh84I\" frameborder=\"0\" allowfullscreen=\"\"><\/iframe><\/div><p>To integrate widget, simply follow the instructions below<\/p><ol><li><b>Perform our free configurator and start creating your custom app. <\/b><br> Choose the selected layout and aspects of the app and save all the edits. <\/li>  <li><b>Acquire the unique code shown in the window on Elfsight Apps. <\/b><br> As soon as the configuration of your personal app is finished, copy the individual code in the emerged window and keep it for future occasion. <\/li>  <li><b>Commence usage of the app on your Shopify site. <\/b><br> Embed the code you&#8217;ve saved before in your web page and apply the adjustments. <\/li>  <li><b>The setup is fully ended. <\/b><br> Go your site to view the functioning of the app. <\/li><\/ol><p>Feel free to address our support service in case you need help or having something to ask. We will be happy to help with every request. <\/p><div class=\"faq\" data-component=\"FAQ\"><div class=\"faq-item\">\r\n\t\t\t\t\t<div class=\"faq-item-question\">\r\n\t\t\t\t\t\t<h3 class=\"faq-item-question-text\">In what manner is it possible to add Logo Showcase to my Shopify site without coding skills?<\/h3>\r\n\r\n\t\t\t\t\t\t<div class=\"faq-item-question-icon\"><\/div>\r\n\t\t\t\t\t<\/div>\r\n\r\n\t\t\t\t\t<div class=\"faq-item-answer\">\r\n\t\t\t\t\t\t<div class=\"faq-item-answer-text\"> <p>Elfsight introduces a SaaS solution that enables users to create a Logo Showcase section yourself, discover the straightforward instructions: Go to the online Editor to generate a Logo Showcase app you would like to embed on your Shopify website. Choose one of the ready-made templates and alter the Logo Showcase settings, change the layout and color scheme and update your content, with no coding experience. Save the settings you\u2019ve made to Logo Showcase and obtain the installation code, that can be effortlessly pasted in any Shopify web page using a free plan. Using the intuitive Configurator any web user can build a Logo Showcase widget online and simply embed it to their Shopify website. There\u2019s no need to pay or enter your card credentials to access the Editor. If you encounter any obstacles of any kind, feel free to get in touch with our customer support.<\/p> <\/div>\r\n\t\t\t\t\t<\/div>\r\n\t\t\t\t<\/div> <\/div><\/div>","protected":false},"excerpt":{"rendered":"","protected":false},"author":18,"featured_media":0,"parent":1690,"menu_order":0,"comment_status":"closed","ping_status":"closed","template":"templates\/template-application-platform.php","meta":{"publish_to_discourse":"","publish_post_category":"","wpdc_auto_publish_overridden":"","wpdc_topic_tags":"","wpdc_pin_topic":"","wpdc_pin_until":"","discourse_post_id":"","discourse_permalink":"","wpdc_publishing_response":"","wpdc_publishing_error":"","footnotes":""},"class_list":["post-3653","page","type-page","status-publish","hentry"],"yoast_head":"<!-- This site is optimized with the Yoast SEO plugin v25.3.1 - https:\/\/yoast.com\/wordpress\/plugins\/seo\/ -->\n<title>Exposici\u00f3n de logos - Integrar app de Logotipo de escaparate al Shopify<\/title>\n<meta name=\"description\" content=\"Incrusta un widget atractivo de Exposici\u00f3n de logos en su sitio de Shopify. Use la demo de Elfsight manejable y construe su app \u00fanico.\" \/>\n<meta name=\"robots\" content=\"index, follow, max-snippet:-1, max-image-preview:large, max-video-preview:-1\" \/>\n<link rel=\"canonical\" href=\"https:\/\/elfsight.com\/es\/logo-showcase-widget\/shopify\/\" \/>\n<meta property=\"og:locale\" content=\"es_ES\" \/>\n<meta property=\"og:type\" content=\"article\" \/>\n<meta property=\"og:title\" content=\"Exposici\u00f3n de logos - Integrar app de Logotipo de escaparate al Shopify\" \/>\n<meta property=\"og:description\" content=\"Incrusta un widget atractivo de Exposici\u00f3n de logos en su sitio de Shopify. Use la demo de Elfsight manejable y construe su app \u00fanico.\" \/>\n<meta property=\"og:url\" content=\"https:\/\/elfsight.com\/es\/logo-showcase-widget\/shopify\/\" \/>\n<meta property=\"og:site_name\" content=\"Elfsight ES\" \/>\n<meta property=\"article:modified_time\" content=\"2025-02-06T15:06:51+00:00\" \/>\n<meta name=\"twitter:card\" content=\"summary_large_image\" \/>\n<meta name=\"twitter:label1\" content=\"Tiempo de lectura\" \/>\n\t<meta name=\"twitter:data1\" content=\"2 minutos\" \/>\n<!-- \/ Yoast SEO plugin. -->","yoast_head_json":{"title":"Exposici\u00f3n de logos - Integrar app de Logotipo de escaparate al Shopify","description":"Incrusta un widget atractivo de Exposici\u00f3n de logos en su sitio de Shopify. Use la demo de Elfsight manejable y construe su app \u00fanico.","robots":{"index":"index","follow":"follow","max-snippet":"max-snippet:-1","max-image-preview":"max-image-preview:large","max-video-preview":"max-video-preview:-1"},"canonical":"https:\/\/elfsight.com\/es\/logo-showcase-widget\/shopify\/","og_locale":"es_ES","og_type":"article","og_title":"Exposici\u00f3n de logos - Integrar app de Logotipo de escaparate al Shopify","og_description":"Incrusta un widget atractivo de Exposici\u00f3n de logos en su sitio de Shopify. Use la demo de Elfsight manejable y construe su app \u00fanico.","og_url":"https:\/\/elfsight.com\/es\/logo-showcase-widget\/shopify\/","og_site_name":"Elfsight ES","article_modified_time":"2025-02-06T15:06:51+00:00","twitter_card":"summary_large_image","twitter_misc":{"Tiempo de lectura":"2 minutos"},"schema":{"@context":"https:\/\/schema.org","@graph":[{"@type":"WebPage","@id":"https:\/\/elfsight.com\/es\/logo-showcase-widget\/shopify\/","url":"https:\/\/elfsight.com\/es\/logo-showcase-widget\/shopify\/","name":"Exposici\u00f3n de logos - Integrar app de Logotipo de escaparate al Shopify","isPartOf":{"@id":"https:\/\/elfsight.com\/es\/#website"},"datePublished":"2022-02-11T12:23:57+00:00","dateModified":"2025-02-06T15:06:51+00:00","description":"Incrusta un widget atractivo de Exposici\u00f3n de logos en su sitio de Shopify. Use la demo de Elfsight manejable y construe su app \u00fanico.","breadcrumb":{"@id":"https:\/\/elfsight.com\/es\/logo-showcase-widget\/shopify\/#breadcrumb"},"inLanguage":"es","potentialAction":[{"@type":"ReadAction","target":["https:\/\/elfsight.com\/es\/logo-showcase-widget\/shopify\/"]}]},{"@type":"BreadcrumbList","@id":"https:\/\/elfsight.com\/es\/logo-showcase-widget\/shopify\/#breadcrumb","itemListElement":[{"@type":"ListItem","position":1,"name":"Home","item":"https:\/\/elfsight.com\/es\/"},{"@type":"ListItem","position":2,"name":"Logo Showcase","item":"https:\/\/elfsight.com\/es\/logo-showcase-widget\/"},{"@type":"ListItem","position":3,"name":"Logo Showcase &#8211; Shopify"}]},{"@type":"WebSite","@id":"https:\/\/elfsight.com\/es\/#website","url":"https:\/\/elfsight.com\/es\/","name":"Elfsight ES","description":"Just another Elfsight Sites site","potentialAction":[{"@type":"SearchAction","target":{"@type":"EntryPoint","urlTemplate":"https:\/\/elfsight.com\/es\/?s={search_term_string}"},"query-input":{"@type":"PropertyValueSpecification","valueRequired":true,"valueName":"search_term_string"}}],"inLanguage":"es"}]}},"meta_box":{"industry":"","seo_heading":"","heading":"","description":"","cta_heading":"","cta_description":"","application":"1689","h1":"aplicaci\u00f3n de Exposici\u00f3n de logos para Shopify","h1_caption":"Incrusta un n\u00famero ilimitado de logotipos y aumenta la confianza de los clientes","application_category":[],"applications_title":"","applications_request_title":"","applications_request_button_text":"","hero_text":"","hero_video":"","hero_video_schema_markup":"","selling_points_title":"","selling_points_caption":"","selling_points":[],"selling_points_cta_text":"","features_title":"","features":"","ed_cta_examples_text":"","ed_cta_examples_hidden":"","ed_cta_demo_text":"","ed_cta_demo_hidden":"","why_caption":"","why_editor_title":"","why_editor_text":"","why_team_title":"","why_team_text":"","why_service_title":"","why_service_text":"","template_catalog_visible":"","template_catalog_title":"","template_catalog_text":"","template_catalog_categories_visible":"","demo_title":"Crea tu aplicaci\u00f3n Logo Showcase","demo_caption":"\u00a1Configura tu Logo Showcase y agr\u00e9galo a tu sitio web de Shopify gratis!","default_faq_hidden":"","app_template_category":[],"platform":"91","template_public_id":"","codecanyon_url":"","codecanyon_item_id":"","codecanyon_price":"","pricing_caption":"","pricing_elfsight_apps_hide_column":"","pricing_elfsight_apps_url":"","pricing_codecanyon_price_caption":"","integration_category":[],"integration_request_title":"","integration_request_cta":"","integration_platform":"","integrations":[],"platform_category":[],"video_schema_markup":"","price":"desde $0 por mes","trial":"","benefits":[{"text":"Instalaci\u00f3n gratuita"},{"text":"Soporte Premium"},{"text":"14 d\u00edas garant\u00eda de reembolso"},{"text":"Actualizaciones regulares"}],"button_url":"#demo","button_target_blank":"0","button_nofollow":"0","attributes":[{"name":"Responsivo","content":"Si","_state":"expanded"},{"name":"Navegadores compatibles","content":"Firefox, Safari, Opera, Chrome, Edge","_state":"expanded"}],"tags":[],"tags_disable_links":"0","hide_more_platforms":"","video_object":"","demo_hide_cta":"0","demo_hide_cloud_options":"0","pricing_title":"","pricing":[{"pricing_icon":"platform","pricing_title":" Elfsight Apps","pricing_title_caption":"Soluci\u00f3n multiplataforma - valido para cualquier p\u00e1gina web","pricing_price":"desde $0 por mes","pricing_price_caption":"empezar con un plan gratuito","pricing_benefits":[{"text":"Sitios web ilimitados"},{"text":"Atenci\u00f3n al cliente gratuita y r\u00e1pida"},{"text":"Servicio de instalaci\u00f3n gratuito"},{"text":"Totalmente personalizable"}],"pricing_button_text":"Agregar al sitio web","pricing_button_url":"#demo","_state":"expanded"}],"related_apps_title":"","related_apps_hidden":"1","author":"","image":[],"title":"","job":"","social_networks":[]},"_links":{"self":[{"href":"https:\/\/elfsight.com\/es\/wp-json\/wp\/v2\/pages\/3653","targetHints":{"allow":["GET"]}}],"collection":[{"href":"https:\/\/elfsight.com\/es\/wp-json\/wp\/v2\/pages"}],"about":[{"href":"https:\/\/elfsight.com\/es\/wp-json\/wp\/v2\/types\/page"}],"author":[{"embeddable":true,"href":"https:\/\/elfsight.com\/es\/wp-json\/wp\/v2\/users\/18"}],"replies":[{"embeddable":true,"href":"https:\/\/elfsight.com\/es\/wp-json\/wp\/v2\/comments?post=3653"}],"version-history":[{"count":2,"href":"https:\/\/elfsight.com\/es\/wp-json\/wp\/v2\/pages\/3653\/revisions"}],"predecessor-version":[{"id":16891,"href":"https:\/\/elfsight.com\/es\/wp-json\/wp\/v2\/pages\/3653\/revisions\/16891"}],"up":[{"embeddable":true,"href":"https:\/\/elfsight.com\/es\/wp-json\/wp\/v2\/pages\/1690"}],"wp:attachment":[{"href":"https:\/\/elfsight.com\/es\/wp-json\/wp\/v2\/media?parent=3653"}],"curies":[{"name":"wp","href":"https:\/\/api.w.org\/{rel}","templated":true}]}}