{"id":3652,"date":"2022-02-11T12:24:05","date_gmt":"2022-02-11T12:24:05","guid":{"rendered":"https:\/\/elfsight.com\/es\/?page_id=3652"},"modified":"2026-01-28T12:48:10","modified_gmt":"2026-01-28T12:48:10","slug":"shopify","status":"publish","type":"page","link":"https:\/\/elfsight.com\/es\/instagram-feed-instashow\/shopify\/","title":{"rendered":"Instagram Feed &#8211; Shopify"},"content":{"rendered":"<div class=\"application-platform-content-item-description application-platform-content-item\" id=\"description\" data-nav-section=\"description\"><h2>Agrega Instagram a Shopify con el plugin de Elfsight<\/h2><p>InstaShow es una excelente aplicaci\u00f3n de Instagram que ayuda a crear hermosas galer\u00edas a partir de im\u00e1genes y videos de Instagram. Ofrece un n\u00famero infinito de variantes de personalizaci\u00f3n: todo tipo de fuentes, premoderaci\u00f3n del feed, m\u00e1s de 70 configuraciones ajustables y 10 esquemas de apariencia, y es completamente adaptable para varios dispositivos.<\/p><p><b>Aplica un plugin completamente adaptable y eficiente para atraer a los visitantes de tu sitio web en un instante.<\/b><\/p><div class=\"faq\" data-component=\"FAQ\"> <div class=\"faq-item\">\r\n\t\t\t\t\t<div class=\"faq-item-question\">\r\n\t\t\t\t\t\t<h3 class=\"faq-item-question-text\">\u00bfC\u00f3mo incrustar Instagram Feed de forma gratuita en Shopify?<\/h3>\r\n\r\n\t\t\t\t\t\t<div class=\"faq-item-question-icon\"><\/div>\r\n\t\t\t\t\t<\/div>\r\n\r\n\t\t\t\t\t<div class=\"faq-item-answer\">\r\n\t\t\t\t\t\t<div class=\"faq-item-answer-text\"> <ol><p>Agregar un Instagram Feed a tu tienda de Shopify es una excelente manera de resaltar tus \u00faltimas publicaciones e incrementar la interacci\u00f3n de los clientes.<\/p><ol><li>Para <a href=\"https:\/\/elfsight.com\/blog\/how-to-embed-instagram-feed-on-website\/\">incrustar Instagram Feed<\/a> de forma gratuita en Shopify, navega al sitio web de Elfsight y crea una cuenta sin costo.<\/li><li>Aprovecha el widget gratuito de Instagram modificando su apariencia y configuraci\u00f3n para complementar el estilo de tu tienda de Shopify.<\/li><li>Despu\u00e9s de personalizar tu Instagram Feed de forma gratuita, copia el c\u00f3digo de inserci\u00f3n \u00fanico y p\u00e9galo en el HTML de tu tienda Shopify donde deseas que aparezca el feed.<\/li><\/ol><p>Al colocar tu Instagram Feed en tu tienda Shopify, amplificar\u00e1s su atractivo visual y fomentar\u00e1s una interacci\u00f3n constante con los clientes. \u00a1Descubre los beneficios del widget de Instagram de Elfsight sin ning\u00fan compromiso monetario!<\/p><\/ol><\/div>\r\n\t\t\t\t\t<\/div>\r\n\t\t\t\t<\/div> <div class=\"faq-item\">\r\n\t\t\t\t\t<div class=\"faq-item-question\">\r\n\t\t\t\t\t\t<h3 class=\"faq-item-question-text\">\u00bfQu\u00e9 otras herramientas para Shopify puedo agregar a mi sitio?<\/h3>\r\n\r\n\t\t\t\t\t\t<div class=\"faq-item-question-icon\"><\/div>\r\n\t\t\t\t\t<\/div>\r\n\r\n\t\t\t\t\t<div class=\"faq-item-answer\">\r\n\t\t\t\t\t\t<div class=\"faq-item-answer-text\"> <ol><p>Tienes a tu disposici\u00f3n una gran cantidad de aplicaciones para cualquier prop\u00f3sito en tu sitio web, independientemente de tu negocio. Elige tu herramienta: <a href=\"https:\/\/elfsight.com\/slider-widget\/shopify\/\">Slider<\/a>, <a href=\"https:\/\/elfsight.com\/google-reviews-widget\/shopify\/\">Google Reviews<\/a>, <a href=\"https:\/\/elfsight.com\/instagram-feed-instashow\/shopify\/\">Instagram Feed<\/a>, <a href=\"https:\/\/elfsight.com\/pdf-embed-widget\/shopify\/\">PDF Feed<\/a>, <a href=\"https:\/\/elfsight.com\/logo-showcase-widget\/shopify\/\">Logo Showcase<\/a>.<\/p> <\/ol><\/div>\r\n\t\t\t\t\t<\/div>\r\n\t\t\t\t<\/div> <\/div><\/div><div class=\"application-platform-content-item-features application-platform-content-item\" id=\"features\" data-nav-section=\"features\"><h2>Principales caracter\u00edsticas de la aplicaci\u00f3n de Instagram Feed<\/h2><p>Las caracter\u00edsticas destacadas de nuestro plugin, que lo convierten en la mejor herramienta de Shopify para la inserci\u00f3n de Instagram:<\/p><ul><li>Visualizaci\u00f3n de videos directamente en la p\u00e1gina;<\/li><li>2 plantillas de publicaciones: Tile y Classic;<\/li><li>7 elementos de publicaciones conmutables para mostrar u ocultar;<\/li><li>Colores personalizables de fondo, texto, botones y m\u00e1s;<\/li><li>La integraci\u00f3n de Instagram toma segundos;<\/li><li>Oportunidad de ajustar la velocidad de cambio de diapositivas;<\/li><li>Dise\u00f1os de cuadr\u00edcula o slider para mostrar el Instagram Feed en Shopify;<\/li><li>Nombre de usuario conmutable, fecha de publicaci\u00f3n, n\u00famero de \u00abMe gusta\u00bb y comentarios;<\/li><li>M\u00e1s de 10 esquemas de color predise\u00f1ados;<\/li><li>Opci\u00f3n para personalizar los colores de todos los elementos por separado;<\/li><li>Bot\u00f3n de &#8216;Cargar m\u00e1s&#8217; personalizable.<\/li><\/ul><p>Todas estas opciones te ayudar\u00e1n a aumentar la interacci\u00f3n en las p\u00e1ginas web y aumentar el tiempo que los usuarios pasan en ellas. Adem\u00e1s, puedes atraer nuevos seguidores desde un sitio web directamente a tu perfil de Instagram con la ayuda de un bot\u00f3n de llamada a la acci\u00f3n (CTA).<\/p><p><a href=\"#demo\">M\u00e1s caracter\u00edsticas en nuestra demo<\/a><\/p><\/div><div class=\"application-platform-content-item-installation application-platform-content-item\" id=\"installation\" data-nav-section=\"installation\"><h2>C\u00f3mo agregar Instagram Feed a un sitio web de Shopify<\/h2><div class=\"video-container\">\n  <iframe allowfullscreen=\"\" frameborder=\"0\" height=\"405\" src=\"https:\/\/www.youtube.com\/embed\/RTeznn3AdRs?si=zp64ckFbSyOv35tf\" width=\"720\"><\/iframe>\n<\/div><p>Consulta nuestra gu\u00eda express sobre la integraci\u00f3n y configuraci\u00f3n de la aplicaci\u00f3n. La instalaci\u00f3n solo tomar\u00e1 unos 90 segundos, adem\u00e1s, no necesitas conocimientos en programaci\u00f3n web.<\/p><ol><li><b>Gestiona nuestra demo gratuita y comienza a formar tu aplicaci\u00f3n personalizada.<\/b><br> Determina la disposici\u00f3n y las especificaciones seleccionadas del plugin y guarda todas las modificaciones.<\/li> <li><b>Obt\u00e9n tu c\u00f3digo personal revelado en la ventana de Elfsight Apps.<\/b><br> Tan pronto como la personalizaci\u00f3n de tu plugin est\u00e9 lista, copia el c\u00f3digo individual que aparece en el popup y gu\u00e1rdalo para futuras necesidades.<\/li> <li><b>Inicia la utilizaci\u00f3n de la aplicaci\u00f3n en tu p\u00e1gina web de Shopify.<\/b><br> Incrusta el c\u00f3digo copiado recientemente en tu p\u00e1gina web y guarda las mejoras.<\/li> <li><b>\u00a1La instalaci\u00f3n ha finalizado por completo!<\/b><br> Abre tu p\u00e1gina web para ver c\u00f3mo funciona la aplicaci\u00f3n.<\/li><\/ol><p>\u00bfTienes problemas para insertar la aplicaci\u00f3n o configurar tu feed de Instagram? Env\u00eda un mensaje a nuestro soporte.<\/p><\/div>","protected":false},"excerpt":{"rendered":"","protected":false},"author":18,"featured_media":0,"parent":1442,"menu_order":0,"comment_status":"closed","ping_status":"closed","template":"templates\/template-application-platform.php","meta":{"publish_to_discourse":"","publish_post_category":"","wpdc_auto_publish_overridden":"","wpdc_topic_tags":"","wpdc_pin_topic":"","wpdc_pin_until":"","discourse_post_id":"","discourse_permalink":"","wpdc_publishing_response":"","wpdc_publishing_error":"","footnotes":""},"class_list":["post-3652","page","type-page","status-publish","hentry"],"yoast_head":"<!-- This site is optimized with the Yoast SEO plugin v25.3.1 - https:\/\/yoast.com\/wordpress\/plugins\/seo\/ -->\n<title>Feed de Instagram - Integrar app de Instagram Feed al Shopify<\/title>\n<meta name=\"description\" content=\"Incrusta un widget atractivo de Feed de Instagram en su sitio de Shopify. Pruebe la demo de Elfsight intuitiva y construe su app \u00fanico.\" \/>\n<meta name=\"robots\" content=\"index, follow, max-snippet:-1, max-image-preview:large, max-video-preview:-1\" \/>\n<link rel=\"canonical\" href=\"https:\/\/elfsight.com\/es\/instagram-feed-instashow\/shopify\/\" \/>\n<meta property=\"og:locale\" content=\"es_ES\" \/>\n<meta property=\"og:type\" content=\"article\" \/>\n<meta property=\"og:title\" content=\"Feed de Instagram - Integrar app de Instagram Feed al Shopify\" \/>\n<meta property=\"og:description\" content=\"Incrusta un widget atractivo de Feed de Instagram en su sitio de Shopify. Pruebe la demo de Elfsight intuitiva y construe su app \u00fanico.\" \/>\n<meta property=\"og:url\" content=\"https:\/\/elfsight.com\/es\/instagram-feed-instashow\/shopify\/\" \/>\n<meta property=\"og:site_name\" content=\"Elfsight ES\" \/>\n<meta property=\"article:modified_time\" content=\"2026-01-28T12:48:10+00:00\" \/>\n<meta name=\"twitter:card\" content=\"summary_large_image\" \/>\n<meta name=\"twitter:label1\" content=\"Tiempo de lectura\" \/>\n\t<meta name=\"twitter:data1\" content=\"3 minutos\" \/>\n<!-- \/ Yoast SEO plugin. -->","yoast_head_json":{"title":"Feed de Instagram - Integrar app de Instagram Feed al Shopify","description":"Incrusta un widget atractivo de Feed de Instagram en su sitio de Shopify. Pruebe la demo de Elfsight intuitiva y construe su app \u00fanico.","robots":{"index":"index","follow":"follow","max-snippet":"max-snippet:-1","max-image-preview":"max-image-preview:large","max-video-preview":"max-video-preview:-1"},"canonical":"https:\/\/elfsight.com\/es\/instagram-feed-instashow\/shopify\/","og_locale":"es_ES","og_type":"article","og_title":"Feed de Instagram - Integrar app de Instagram Feed al Shopify","og_description":"Incrusta un widget atractivo de Feed de Instagram en su sitio de Shopify. Pruebe la demo de Elfsight intuitiva y construe su app \u00fanico.","og_url":"https:\/\/elfsight.com\/es\/instagram-feed-instashow\/shopify\/","og_site_name":"Elfsight ES","article_modified_time":"2026-01-28T12:48:10+00:00","twitter_card":"summary_large_image","twitter_misc":{"Tiempo de lectura":"3 minutos"},"schema":{"@context":"https:\/\/schema.org","@graph":[{"@type":"WebPage","@id":"https:\/\/elfsight.com\/es\/instagram-feed-instashow\/shopify\/","url":"https:\/\/elfsight.com\/es\/instagram-feed-instashow\/shopify\/","name":"Feed de Instagram - Integrar app de Instagram Feed al Shopify","isPartOf":{"@id":"https:\/\/elfsight.com\/es\/#website"},"datePublished":"2022-02-11T12:24:05+00:00","dateModified":"2026-01-28T12:48:10+00:00","description":"Incrusta un widget atractivo de Feed de Instagram en su sitio de Shopify. Pruebe la demo de Elfsight intuitiva y construe su app \u00fanico.","breadcrumb":{"@id":"https:\/\/elfsight.com\/es\/instagram-feed-instashow\/shopify\/#breadcrumb"},"inLanguage":"es","potentialAction":[{"@type":"ReadAction","target":["https:\/\/elfsight.com\/es\/instagram-feed-instashow\/shopify\/"]}]},{"@type":"BreadcrumbList","@id":"https:\/\/elfsight.com\/es\/instagram-feed-instashow\/shopify\/#breadcrumb","itemListElement":[{"@type":"ListItem","position":1,"name":"Home","item":"https:\/\/elfsight.com\/es\/"},{"@type":"ListItem","position":2,"name":"Instagram Feed","item":"https:\/\/elfsight.com\/es\/instagram-feed-instashow\/"},{"@type":"ListItem","position":3,"name":"Instagram Feed &#8211; Shopify"}]},{"@type":"WebSite","@id":"https:\/\/elfsight.com\/es\/#website","url":"https:\/\/elfsight.com\/es\/","name":"Elfsight ES","description":"Just another Elfsight Sites site","potentialAction":[{"@type":"SearchAction","target":{"@type":"EntryPoint","urlTemplate":"https:\/\/elfsight.com\/es\/?s={search_term_string}"},"query-input":{"@type":"PropertyValueSpecification","valueRequired":true,"valueName":"search_term_string"}}],"inLanguage":"es"}]}},"meta_box":{"industry":"","seo_heading":"","heading":"","description":"","cta_heading":"","cta_description":"","application":"1441","h1":"aplicaci\u00f3n de Feed de Instagram para Shopify","h1_caption":"Exhibe galer\u00edas, fotos y v\u00eddeos de Instagram en su p\u00e1gina","application_category":[],"applications_title":"","applications_request_title":"","applications_request_button_text":"","hero_text":"","hero_video":"","hero_video_schema_markup":"","selling_points_title":"","selling_points_caption":"","selling_points":[],"selling_points_cta_text":"","features_title":"","features":"","ed_cta_examples_text":"","ed_cta_examples_hidden":"","ed_cta_demo_text":"","ed_cta_demo_hidden":"","why_caption":"","why_editor_title":"","why_editor_text":"","why_team_title":"","why_team_text":"","why_service_title":"","why_service_text":"","template_catalog_visible":"0","template_catalog_title":"","template_catalog_text":"","template_catalog_categories_visible":"","demo_title":"Crea tu aplicaci\u00f3n de feeds de Instagram","demo_caption":"\u00a1Configura tu feed de Instagram y agr\u00e9galo a tu sitio web de Shopify gratis!","default_faq_hidden":"","app_template_category":[],"platform":"91","template_public_id":"","codecanyon_url":"","codecanyon_item_id":"","codecanyon_price":"","pricing_caption":"","pricing_elfsight_apps_hide_column":"","pricing_elfsight_apps_url":"","pricing_codecanyon_price_caption":"","integration_category":[],"integration_request_title":"","integration_request_cta":"","integration_platform":"","integrations":[],"platform_category":[],"video_schema_markup":"","price":"desde $0 por mes","trial":"","benefits":[{"text":"Instalaci\u00f3n gratuita"},{"text":"Soporte Premium"},{"text":"14 d\u00edas garant\u00eda de reembolso"},{"text":"Actualizaciones regulares"}],"button_url":"#demo","button_target_blank":"0","button_nofollow":"0","attributes":[{"name":"Responsivo","content":"Si","_state":"expanded"},{"name":"Navegadores compatibles","content":"Firefox, Safari, Opera, Chrome, Edge","_state":"expanded"}],"tags":[],"tags_disable_links":"0","hide_more_platforms":"0","video_object":"","demo_hide_cta":"0","demo_hide_cloud_options":"0","pricing_title":"","pricing":[{"pricing_icon":"platform","pricing_title":" Elfsight Apps","pricing_title_caption":"Soluci\u00f3n multiplataforma - valido para cualquier p\u00e1gina web","pricing_price":"desde $0 por mes","pricing_price_caption":"empezar con un plan gratuito","pricing_benefits":[{"text":"Sitios web ilimitados"},{"text":"Atenci\u00f3n al cliente gratuita y r\u00e1pida"},{"text":"Servicio de instalaci\u00f3n gratuito"},{"text":"Totalmente personalizable"}],"pricing_button_text":"Agregar al sitio web","pricing_button_url":"#demo","_state":"expanded"}],"related_apps_title":"","related_apps_hidden":"1","author":"","image":[],"title":"","job":"","social_networks":[]},"_links":{"self":[{"href":"https:\/\/elfsight.com\/es\/wp-json\/wp\/v2\/pages\/3652","targetHints":{"allow":["GET"]}}],"collection":[{"href":"https:\/\/elfsight.com\/es\/wp-json\/wp\/v2\/pages"}],"about":[{"href":"https:\/\/elfsight.com\/es\/wp-json\/wp\/v2\/types\/page"}],"author":[{"embeddable":true,"href":"https:\/\/elfsight.com\/es\/wp-json\/wp\/v2\/users\/18"}],"replies":[{"embeddable":true,"href":"https:\/\/elfsight.com\/es\/wp-json\/wp\/v2\/comments?post=3652"}],"version-history":[{"count":3,"href":"https:\/\/elfsight.com\/es\/wp-json\/wp\/v2\/pages\/3652\/revisions"}],"predecessor-version":[{"id":20043,"href":"https:\/\/elfsight.com\/es\/wp-json\/wp\/v2\/pages\/3652\/revisions\/20043"}],"up":[{"embeddable":true,"href":"https:\/\/elfsight.com\/es\/wp-json\/wp\/v2\/pages\/1442"}],"wp:attachment":[{"href":"https:\/\/elfsight.com\/es\/wp-json\/wp\/v2\/media?parent=3652"}],"curies":[{"name":"wp","href":"https:\/\/api.w.org\/{rel}","templated":true}]}}