{"id":3638,"date":"2022-02-11T12:24:16","date_gmt":"2022-02-11T12:24:16","guid":{"rendered":"https:\/\/elfsight.com\/es\/?page_id=3638"},"modified":"2025-02-06T15:06:43","modified_gmt":"2025-02-06T15:06:43","slug":"magento","status":"publish","type":"page","link":"https:\/\/elfsight.com\/es\/instagram-feed-instashow\/magento\/","title":{"rendered":"Instagram Feed &#8211; Magento"},"content":{"rendered":"<div class=\"application-platform-content-item-description application-platform-content-item\" id=\"description\" data-nav-section=\"description\"><h2>Incrustar Instagram en Magento con el widget de Elfsight<\/h2><p>InstaShow es un plugin de Instagram responsivo, que permite crear magn\u00edficas colecciones a partir de fotos y videos de Instagram. Una gran cantidad de variantes de configuraciones individuales para tu perfil: todo tipo de fuentes, filtros de publicaciones, m\u00e1s de 60 par\u00e1metros adaptativos y 10 variantes de dise\u00f1o, y una interfaz adaptativa adecuada para todas las resoluciones.<\/p><p><b>Usa un m\u00f3dulo de Instagram totalmente responsivo para Magento para generar inter\u00e9s en los visitantes de tu sitio.<\/b><\/p><ul><li><b>Vende m\u00e1s con im\u00e1genes de moda<\/b>.<br>Muestra fotos de Instagram: el medio m\u00e1s eficiente para promocionar tus productos o servicios y obtener un aumento de ganancias en tu sitio web.<\/li><li><b>Encuentra nuevos seguidores en Instagram<\/b>.<br>A\u00f1ade botones adicionales con un llamado a suscribirse y aumenta el n\u00famero de seguidores de tu p\u00e1gina de Instagram.<\/li><li><b>Mayor tasa de interacci\u00f3n de los usuarios<\/b>.<br>Inspira a los visitantes a ver tu contenido y obtener impresiones profundas con im\u00e1genes de Instagram en tu sitio. Logra una mayor interacci\u00f3n de los visitantes.<\/li><\/ul><div class=\"faq\" data-component=\"FAQ\"> <div class=\"faq-item\">\r\n\t\t\t\t\t<div class=\"faq-item-question\">\r\n\t\t\t\t\t\t<h3 class=\"faq-item-question-text\">\u00bfQu\u00e9 otras herramientas para Magento puedo usar? <\/h3>\r\n\r\n\t\t\t\t\t\t<div class=\"faq-item-question-icon\"><\/div>\r\n\t\t\t\t\t<\/div>\r\n\r\n\t\t\t\t\t<div class=\"faq-item-answer\">\r\n\t\t\t\t\t\t<div class=\"faq-item-answer-text\"> <p>Est\u00e1s invitado a probar muchos widgets para cualquier prop\u00f3sito en tu sitio web, independientemente de tu sector empresarial. Elige lo que mejor se adapte a ti: <a href=\"https:\/\/elfsight.com\/whatsapp-chat-widget\/magento\/\">WhatsApp Chat<\/a>, <a href=\"https:\/\/elfsight.com\/amazon-reviews-widget\/magento\/\">Amazon Reviews<\/a>, <a href=\"https:\/\/elfsight.com\/facebook-chat-widget\/magento\/\">Facebook Chat<\/a>, <a href=\"https:\/\/elfsight.com\/google-reviews-widget\/magento\/\">Google Reviews<\/a>.<\/p> <\/div>\r\n\t\t\t\t\t<\/div>\r\n\t\t\t\t<\/div> <div class=\"faq-item\">\r\n\t\t\t\t\t<div class=\"faq-item-question\">\r\n\t\t\t\t\t\t<h3 class=\"faq-item-question-text\">\u00bfC\u00f3mo incrustar Instagram Feed de forma gratuita en Magento?<\/h3>\r\n\r\n\t\t\t\t\t\t<div class=\"faq-item-question-icon\"><\/div>\r\n\t\t\t\t\t<\/div>\r\n\r\n\t\t\t\t\t<div class=\"faq-item-answer\">\r\n\t\t\t\t\t\t<div class=\"faq-item-answer-text\"> <ol><p>Agregar un feed de Instagram a tu tienda Magento es una excelente manera de resaltar tus publicaciones recientes e incentivar la participaci\u00f3n de los compradores.<\/p><ol><li>Para <a href=\"https:\/\/elfsight.com\/blog\/how-to-embed-instagram-feed-on-website\/\">incrustar el Instagram Feed de Elfsight<\/a> de forma gratuita en Magento, visita el sitio web de Elfsight y crea una cuenta gratuita.<\/li><li>Maximiza la extensi\u00f3n gratuita de Instagram adaptando su apariencia y configuraciones para que coincidan con el tema visual de tu tienda Magento.<\/li><li>Despu\u00e9s de configurar tu Instagram Feed de forma gratuita, copia el c\u00f3digo de incrustaci\u00f3n \u00fanico y p\u00e9galo en el HTML de tu tienda Magento donde desees que aparezca el feed.<\/li><\/ol><p>Al integrar el Instagram Feed en tu tienda Magento, mejorar\u00e1s su atractivo visual y fomentar\u00e1s la interacci\u00f3n continua de los compradores. \u00a1Experimenta los beneficios de la extensi\u00f3n de Instagram de Elfsight sin ninguna inversi\u00f3n financiera!<\/p><\/ol><\/div>\r\n\t\t\t\t\t<\/div>\r\n\t\t\t\t<\/div> <div class=\"faq-item\">\r\n\t\t\t\t\t<div class=\"faq-item-question\">\r\n\t\t\t\t\t\t<h3 class=\"faq-item-question-text\">\u00bfPuedo ver el plugin de Instagram Feed de Magento en acci\u00f3n? <\/h3>\r\n\r\n\t\t\t\t\t\t<div class=\"faq-item-question-icon\"><\/div>\r\n\t\t\t\t\t<\/div>\r\n\r\n\t\t\t\t\t<div class=\"faq-item-answer\">\r\n\t\t\t\t\t\t<div class=\"faq-item-answer-text\"> <p>\u00a1Por supuesto! Puedes hacerlo mediante el uso de nuestra <a href=\"https:\/\/elfsight.com\/instagram-feed-instashow\/#demo\">demostraci\u00f3n en vivo<\/a>! Adem\u00e1s, la demo puede ayudarte a agregar el plugin a tu sitio Magento.<\/p><\/div>\r\n\t\t\t\t\t<\/div>\r\n\t\t\t\t<\/div> <\/div><\/div><div class=\"application-platform-content-item-features application-platform-content-item\" id=\"features\" data-nav-section=\"features\"><h2>Caracter\u00edsticas principales del m\u00f3dulo Instagram Feed<\/h2><p>Las funcionalidades clave del plugin Elfsight, que lo convierten en la mejor herramienta de Magento para mostrar contenido de Instagram en un sitio:<\/p><ul><li>A\u00f1adir contenido por URL, hashtags y nombres de usuario<\/li><li>N\u00famero ajustable de columnas y filas<\/li><li>Navegaci\u00f3n con flechas, deslizamientos y arrastres<\/li><li>11 elementos pintables<\/li><li>Ancho flexible del widget<\/li><\/ul><p><a href=\"#demo\">Todas las caracter\u00edsticas en nuestra demo<\/a><\/p><\/div><div class=\"application-platform-content-item-installation application-platform-content-item\" id=\"installation\" data-nav-section=\"installation\"><h2>C\u00f3mo agregar Instagram Feed a tu sitio Magento<\/h2><p>Sigue simplemente las pautas a continuaci\u00f3n para comenzar a trabajar con el widget en Magento.<\/p> <ol><li><b>Usa nuestro configurador gratuito y comienza a crear tu extensi\u00f3n personalizada de Instagram Feed. <\/b><br>Especifica la forma seleccionada y las opciones del widget y aplica las modificaciones. <\/li>  <li><b>Obt\u00e9n el c\u00f3digo \u00fanico que se muestra en la ventana de Elfsight Apps. <\/b><br>Una vez que se haya completado la configuraci\u00f3n de tu widget personal, copia el c\u00f3digo personal de la caja emergente y gu\u00e1rdalo para una futura ocasi\u00f3n. <\/li>  <li><b>Comienza a usar el widget en tu p\u00e1gina de inicio de Magento. <\/b><br>Pega el c\u00f3digo que guardaste recientemente en tu sitio web y aplica los ajustes. <\/li>  <li><b>\u00a1Listo! La configuraci\u00f3n se ha completado con \u00e9xito. <\/b><br>Visita tu sitio para ver c\u00f3mo est\u00e1 funcionando la herramienta. <\/li><\/ol><p>\u00bfTienes problemas para instalar el widget de Instagram para Magento? Ponte en contacto con el soporte de Elfsight.<\/p><\/div>","protected":false},"excerpt":{"rendered":"","protected":false},"author":18,"featured_media":0,"parent":1442,"menu_order":0,"comment_status":"closed","ping_status":"closed","template":"templates\/template-application-platform.php","meta":{"publish_to_discourse":"","publish_post_category":"","wpdc_auto_publish_overridden":"","wpdc_topic_tags":"","wpdc_pin_topic":"","wpdc_pin_until":"","discourse_post_id":"","discourse_permalink":"","wpdc_publishing_response":"","wpdc_publishing_error":"","footnotes":""},"class_list":["post-3638","page","type-page","status-publish","hentry"],"yoast_head":"<!-- This site is optimized with the Yoast SEO plugin v25.3.1 - https:\/\/yoast.com\/wordpress\/plugins\/seo\/ -->\n<title>Feed de Instagram - Incrustar plugin de Instagram Feed al Magento<\/title>\n<meta name=\"description\" content=\"Incrusta un extention interactivo de Feed de Instagram en su p\u00e1gina web de Magento. Use la demo de Elfsight f\u00e1cil de usar y cree su plugin personalizado.\" \/>\n<meta name=\"robots\" content=\"index, follow, max-snippet:-1, max-image-preview:large, max-video-preview:-1\" \/>\n<link rel=\"canonical\" href=\"https:\/\/elfsight.com\/es\/instagram-feed-instashow\/magento\/\" \/>\n<meta property=\"og:locale\" content=\"es_ES\" \/>\n<meta property=\"og:type\" content=\"article\" \/>\n<meta property=\"og:title\" content=\"Feed de Instagram - Incrustar plugin de Instagram Feed al Magento\" \/>\n<meta property=\"og:description\" content=\"Incrusta un extention interactivo de Feed de Instagram en su p\u00e1gina web de Magento. Use la demo de Elfsight f\u00e1cil de usar y cree su plugin personalizado.\" \/>\n<meta property=\"og:url\" content=\"https:\/\/elfsight.com\/es\/instagram-feed-instashow\/magento\/\" \/>\n<meta property=\"og:site_name\" content=\"Elfsight ES\" \/>\n<meta property=\"article:modified_time\" content=\"2025-02-06T15:06:43+00:00\" \/>\n<meta name=\"twitter:card\" content=\"summary_large_image\" \/>\n<meta name=\"twitter:label1\" content=\"Tiempo de lectura\" \/>\n\t<meta name=\"twitter:data1\" content=\"1 minuto\" \/>\n<!-- \/ Yoast SEO plugin. -->","yoast_head_json":{"title":"Feed de Instagram - Incrustar plugin de Instagram Feed al Magento","description":"Incrusta un extention interactivo de Feed de Instagram en su p\u00e1gina web de Magento. Use la demo de Elfsight f\u00e1cil de usar y cree su plugin personalizado.","robots":{"index":"index","follow":"follow","max-snippet":"max-snippet:-1","max-image-preview":"max-image-preview:large","max-video-preview":"max-video-preview:-1"},"canonical":"https:\/\/elfsight.com\/es\/instagram-feed-instashow\/magento\/","og_locale":"es_ES","og_type":"article","og_title":"Feed de Instagram - Incrustar plugin de Instagram Feed al Magento","og_description":"Incrusta un extention interactivo de Feed de Instagram en su p\u00e1gina web de Magento. Use la demo de Elfsight f\u00e1cil de usar y cree su plugin personalizado.","og_url":"https:\/\/elfsight.com\/es\/instagram-feed-instashow\/magento\/","og_site_name":"Elfsight ES","article_modified_time":"2025-02-06T15:06:43+00:00","twitter_card":"summary_large_image","twitter_misc":{"Tiempo de lectura":"1 minuto"},"schema":{"@context":"https:\/\/schema.org","@graph":[{"@type":"WebPage","@id":"https:\/\/elfsight.com\/es\/instagram-feed-instashow\/magento\/","url":"https:\/\/elfsight.com\/es\/instagram-feed-instashow\/magento\/","name":"Feed de Instagram - Incrustar plugin de Instagram Feed al Magento","isPartOf":{"@id":"https:\/\/elfsight.com\/es\/#website"},"datePublished":"2022-02-11T12:24:16+00:00","dateModified":"2025-02-06T15:06:43+00:00","description":"Incrusta un extention interactivo de Feed de Instagram en su p\u00e1gina web de Magento. Use la demo de Elfsight f\u00e1cil de usar y cree su plugin personalizado.","breadcrumb":{"@id":"https:\/\/elfsight.com\/es\/instagram-feed-instashow\/magento\/#breadcrumb"},"inLanguage":"es","potentialAction":[{"@type":"ReadAction","target":["https:\/\/elfsight.com\/es\/instagram-feed-instashow\/magento\/"]}]},{"@type":"BreadcrumbList","@id":"https:\/\/elfsight.com\/es\/instagram-feed-instashow\/magento\/#breadcrumb","itemListElement":[{"@type":"ListItem","position":1,"name":"Home","item":"https:\/\/elfsight.com\/es\/"},{"@type":"ListItem","position":2,"name":"Instagram Feed","item":"https:\/\/elfsight.com\/es\/instagram-feed-instashow\/"},{"@type":"ListItem","position":3,"name":"Instagram Feed &#8211; Magento"}]},{"@type":"WebSite","@id":"https:\/\/elfsight.com\/es\/#website","url":"https:\/\/elfsight.com\/es\/","name":"Elfsight ES","description":"Just another Elfsight Sites site","potentialAction":[{"@type":"SearchAction","target":{"@type":"EntryPoint","urlTemplate":"https:\/\/elfsight.com\/es\/?s={search_term_string}"},"query-input":{"@type":"PropertyValueSpecification","valueRequired":true,"valueName":"search_term_string"}}],"inLanguage":"es"}]}},"meta_box":{"industry":"","seo_heading":"","heading":"","description":"","cta_heading":"","cta_description":"","application":"1441","h1":"complemento de Feed de Instagram para Magento","h1_caption":"Exhibe galer\u00edas, fotos y v\u00eddeos de Instagram en su sitio","application_category":[],"applications_title":"","applications_request_title":"","applications_request_button_text":"","hero_text":"","hero_video":"","hero_video_schema_markup":"","selling_points_title":"","selling_points_caption":"","selling_points":[],"selling_points_cta_text":"","features_title":"","features":"","ed_cta_examples_text":"","ed_cta_examples_hidden":"","ed_cta_demo_text":"","ed_cta_demo_hidden":"","why_caption":"","why_editor_title":"","why_editor_text":"","why_team_title":"","why_team_text":"","why_service_title":"","why_service_text":"","template_catalog_visible":"","template_catalog_title":"","template_catalog_text":"","template_catalog_categories_visible":"","demo_title":"Crea tu extensi\u00f3n de feed de Instagram","demo_caption":"\u00a1Configura tu feed de Instagram y agr\u00e9galo a tu sitio web Magento gratis!","default_faq_hidden":"","app_template_category":[],"platform":"82","template_public_id":"","codecanyon_url":"","codecanyon_item_id":"","codecanyon_price":"","pricing_caption":"","pricing_elfsight_apps_hide_column":"","pricing_elfsight_apps_url":"","pricing_codecanyon_price_caption":"","integration_category":[],"integration_request_title":"","integration_request_cta":"","integration_platform":"","integrations":[],"platform_category":[],"video_schema_markup":"","price":"desde $0 por mes","trial":"","benefits":[{"text":"Instalaci\u00f3n gratuita"},{"text":"Soporte Premium"},{"text":"14 d\u00edas garant\u00eda de reembolso"},{"text":"Actualizaciones regulares"}],"button_url":"#demo","button_target_blank":"0","button_nofollow":"0","attributes":[{"name":"Responsivo","content":"Si","_state":"expanded"},{"name":"Navegadores compatibles","content":"Firefox, Safari, Opera, Chrome, Edge","_state":"expanded"}],"tags":[],"tags_disable_links":"0","hide_more_platforms":"","video_object":"","demo_hide_cta":"0","demo_hide_cloud_options":"0","pricing_title":"","pricing":[{"pricing_icon":"platform","pricing_title":" Elfsight Apps","pricing_title_caption":"Soluci\u00f3n multiplataforma - valido para cualquier p\u00e1gina web","pricing_price":"desde $0 por mes","pricing_price_caption":"empezar con un plan gratuito","pricing_benefits":[{"text":"Sitios web ilimitados"},{"text":"Atenci\u00f3n al cliente gratuita y r\u00e1pida"},{"text":"Servicio de instalaci\u00f3n gratuito"},{"text":"Totalmente personalizable"}],"pricing_button_text":"Agregar al sitio web","pricing_button_url":"#demo","_state":"expanded"}],"related_apps_title":"","related_apps_hidden":"1","author":"","image":[],"title":"","job":"","social_networks":[]},"_links":{"self":[{"href":"https:\/\/elfsight.com\/es\/wp-json\/wp\/v2\/pages\/3638","targetHints":{"allow":["GET"]}}],"collection":[{"href":"https:\/\/elfsight.com\/es\/wp-json\/wp\/v2\/pages"}],"about":[{"href":"https:\/\/elfsight.com\/es\/wp-json\/wp\/v2\/types\/page"}],"author":[{"embeddable":true,"href":"https:\/\/elfsight.com\/es\/wp-json\/wp\/v2\/users\/18"}],"replies":[{"embeddable":true,"href":"https:\/\/elfsight.com\/es\/wp-json\/wp\/v2\/comments?post=3638"}],"version-history":[{"count":3,"href":"https:\/\/elfsight.com\/es\/wp-json\/wp\/v2\/pages\/3638\/revisions"}],"predecessor-version":[{"id":17915,"href":"https:\/\/elfsight.com\/es\/wp-json\/wp\/v2\/pages\/3638\/revisions\/17915"}],"up":[{"embeddable":true,"href":"https:\/\/elfsight.com\/es\/wp-json\/wp\/v2\/pages\/1442"}],"wp:attachment":[{"href":"https:\/\/elfsight.com\/es\/wp-json\/wp\/v2\/media?parent=3638"}],"curies":[{"name":"wp","href":"https:\/\/api.w.org\/{rel}","templated":true}]}}