{"id":3637,"date":"2022-02-11T12:24:14","date_gmt":"2022-02-11T12:24:14","guid":{"rendered":"https:\/\/elfsight.com\/es\/?page_id=3637"},"modified":"2025-02-06T15:06:43","modified_gmt":"2025-02-06T15:06:43","slug":"magento","status":"publish","type":"page","link":"https:\/\/elfsight.com\/es\/logo-showcase-widget\/magento\/","title":{"rendered":"Logo Showcase &#8211; Magento"},"content":{"rendered":"<div class=\"application-platform-content-item-description application-platform-content-item\" id=\"description\" data-nav-section=\"description\"><h2>Descripci\u00f3n<\/h2> <p>Elfsight Logo Showcase ser\u00e1 la mejor manera de mostrar los logotipos de tus clientes, patrocinadores o menciones en la prensa en tu sitio web. Con nuestro widget, demostrar\u00e1s que tu empresa es un socio confiable y mantendr\u00e1s una imagen positiva de la misma. El widget de Elfsight te permite integrar logotipos infinitos, organizarlos en un control deslizante o cuadr\u00edcula, y cambiar la escala de las im\u00e1genes. Puedes agregar leyendas y enlaces al sitio web de la empresa. Con opciones de colores y fuentes variables, es f\u00e1cil dise\u00f1ar un aspecto personalizado.<\/p><p><b>Aumenta el nivel de confianza de tu empresa demostrando el alcance de los logotipos de tus clientes.<\/b><\/p><\/div><div class=\"application-platform-content-item-features application-platform-content-item\" id=\"features\" data-nav-section=\"features\"><h2>Caracter\u00edsticas<\/h2> <p>Consulta todas las caracter\u00edsticas del Logo Showcase. Est\u00e1n disponibles directamente en el editor y te ayudar\u00e1n a construir el widget m\u00e1s adecuado para tu caso de uso.<\/p><ul><li>Puedes vincular los logotipos a cualquier direcci\u00f3n;<\/li><li>El encabezado removible del widget tiene t\u00edtulo y texto con opciones de formato;<\/li><li>El bot\u00f3n de llamada a la acci\u00f3n puede redirigir al hacer clic a cualquier direcci\u00f3n;<\/li><li>Tres diferentes dise\u00f1os del widget: Deslizador, Cuadr\u00edcula y Carrusel;<\/li><li>Una opci\u00f3n para variar el tama\u00f1o del logotipo y el par\u00e1metro de ancho del widget;<\/li><li>La opci\u00f3n de elegir cualquier color de fondo o cargar tu propia imagen.<\/li><\/ul><p><a href=\"#demo\">Mira c\u00f3mo funcionan todas las caracter\u00edsticas en nuestra demo<\/a><\/p><\/div><div class=\"application-platform-content-item-installation application-platform-content-item\" id=\"installation\" data-nav-section=\"installation\"><h2>\u00bfC\u00f3mo incrustar Logo Showcase en tu sitio Magento?<\/h2><p>Para agregar el widget, solo sigue las pautas a continuaci\u00f3n.<\/p><ol><li><b>Usa nuestro configurador gratuito y comienza a dar forma a tu extensi\u00f3n personalizada. <\/b><br>Encuentra el dise\u00f1o y las opciones preferidas de la extensi\u00f3n y aplica todas las modificaciones.<\/li>  <li><b>Obt\u00e9n tu c\u00f3digo individual que aparece en el formulario especial de Elfsight Apps. <\/b><br>Despu\u00e9s de personalizar tu extensi\u00f3n, copia el c\u00f3digo personal de la ventana emergente y gu\u00e1rdalo para una futura ocasi\u00f3n.<\/li>  <li><b>Comienza a usar la extensi\u00f3n en tu sitio Magento. <\/b><br>Pega el c\u00f3digo que guardaste antes en tu sitio web y guarda las correcciones.<\/li>  <li><b>La instalaci\u00f3n se ha realizado con \u00e9xito. <\/b><br>Visita tu sitio para ver c\u00f3mo est\u00e1 funcionando la extensi\u00f3n.<\/li><\/ol><p>No dudes en ponerte en contacto con nuestro soporte al cliente si necesitas asesoramiento o tienes preguntas. Estaremos encantados de ayudarte con cualquier consulta.<\/p><div class=\"faq\" data-component=\"FAQ\"><div class=\"faq-item\">\r\n\t\t\t\t\t<div class=\"faq-item-question\">\r\n\t\t\t\t\t\t<h3 class=\"faq-item-question-text\">\u00bfHay alguna forma de incrustar Logo Showcase en la p\u00e1gina de inicio de Magento sin experiencia en codificaci\u00f3n?<\/h3>\r\n\r\n\t\t\t\t\t\t<div class=\"faq-item-question-icon\"><\/div>\r\n\t\t\t\t\t<\/div>\r\n\r\n\t\t\t\t\t<div class=\"faq-item-answer\">\r\n\t\t\t\t\t\t<div class=\"faq-item-answer-text\"> <p>Elfsight ofrece una soluci\u00f3n en la nube que permite a los propietarios de sitios establecer la secci\u00f3n de Logo Showcase por s\u00ed mismos, consulta la gu\u00eda f\u00e1cil: Ve a la Demo en l\u00ednea para establecer la secci\u00f3n de Logo Showcase que te gustar\u00eda ver en la p\u00e1gina de inicio de Magento. Haz clic en uno de los muchos plantillas pre-hechas y ajusta la configuraci\u00f3n del Logo Showcase, incluye tu contenido, cambia el dise\u00f1o y los colores sin necesidad de habilidades de codificaci\u00f3n. Haz clic para guardar el Logo Showcase y copia el c\u00f3digo del widget para incrustarlo, que puedes pegar f\u00e1cilmente en tu sitio Magento usando el plan gratuito. Usando el editor f\u00e1cil de usar, cualquier usuario web puede crear un Logo Showcase y pegarlo en el sitio Magento. No es necesario tener una suscripci\u00f3n de pago ni proporcionar los datos de tu tarjeta para acceder al Editor. Si tienes alg\u00fan problema, no dudes en contactar con nuestro equipo de soporte.<\/p> <\/div>\r\n\t\t\t\t\t<\/div>\r\n\t\t\t\t<\/div> <\/div><\/div>","protected":false},"excerpt":{"rendered":"","protected":false},"author":18,"featured_media":0,"parent":1690,"menu_order":0,"comment_status":"closed","ping_status":"closed","template":"templates\/template-application-platform.php","meta":{"publish_to_discourse":"","publish_post_category":"","wpdc_auto_publish_overridden":"","wpdc_topic_tags":"","wpdc_pin_topic":"","wpdc_pin_until":"","discourse_post_id":"","discourse_permalink":"","wpdc_publishing_response":"","wpdc_publishing_error":"","footnotes":""},"class_list":["post-3637","page","type-page","status-publish","hentry"],"yoast_head":"<!-- This site is optimized with the Yoast SEO plugin v25.3.1 - https:\/\/yoast.com\/wordpress\/plugins\/seo\/ -->\n<title>Exposici\u00f3n de logos - Empotrar plugin de Logotipo de escaparate al Magento<\/title>\n<meta name=\"description\" content=\"Incrusta un extention interactivo de Exposici\u00f3n de logos en su p\u00e1gina web de Magento. Aplique la demo de Elfsight manejable y genere su plugin \u00fanico.\" \/>\n<meta name=\"robots\" content=\"index, follow, max-snippet:-1, max-image-preview:large, max-video-preview:-1\" \/>\n<link rel=\"canonical\" href=\"https:\/\/elfsight.com\/es\/logo-showcase-widget\/magento\/\" \/>\n<meta property=\"og:locale\" content=\"es_ES\" \/>\n<meta property=\"og:type\" content=\"article\" \/>\n<meta property=\"og:title\" content=\"Exposici\u00f3n de logos - Empotrar plugin de Logotipo de escaparate al Magento\" \/>\n<meta property=\"og:description\" content=\"Incrusta un extention interactivo de Exposici\u00f3n de logos en su p\u00e1gina web de Magento. Aplique la demo de Elfsight manejable y genere su plugin \u00fanico.\" \/>\n<meta property=\"og:url\" content=\"https:\/\/elfsight.com\/es\/logo-showcase-widget\/magento\/\" \/>\n<meta property=\"og:site_name\" content=\"Elfsight ES\" \/>\n<meta property=\"article:modified_time\" content=\"2025-02-06T15:06:43+00:00\" \/>\n<meta name=\"twitter:card\" content=\"summary_large_image\" \/>\n<meta name=\"twitter:label1\" content=\"Tiempo de lectura\" \/>\n\t<meta name=\"twitter:data1\" content=\"2 minutos\" \/>\n<!-- \/ Yoast SEO plugin. -->","yoast_head_json":{"title":"Exposici\u00f3n de logos - Empotrar plugin de Logotipo de escaparate al Magento","description":"Incrusta un extention interactivo de Exposici\u00f3n de logos en su p\u00e1gina web de Magento. Aplique la demo de Elfsight manejable y genere su plugin \u00fanico.","robots":{"index":"index","follow":"follow","max-snippet":"max-snippet:-1","max-image-preview":"max-image-preview:large","max-video-preview":"max-video-preview:-1"},"canonical":"https:\/\/elfsight.com\/es\/logo-showcase-widget\/magento\/","og_locale":"es_ES","og_type":"article","og_title":"Exposici\u00f3n de logos - Empotrar plugin de Logotipo de escaparate al Magento","og_description":"Incrusta un extention interactivo de Exposici\u00f3n de logos en su p\u00e1gina web de Magento. Aplique la demo de Elfsight manejable y genere su plugin \u00fanico.","og_url":"https:\/\/elfsight.com\/es\/logo-showcase-widget\/magento\/","og_site_name":"Elfsight ES","article_modified_time":"2025-02-06T15:06:43+00:00","twitter_card":"summary_large_image","twitter_misc":{"Tiempo de lectura":"2 minutos"},"schema":{"@context":"https:\/\/schema.org","@graph":[{"@type":"WebPage","@id":"https:\/\/elfsight.com\/es\/logo-showcase-widget\/magento\/","url":"https:\/\/elfsight.com\/es\/logo-showcase-widget\/magento\/","name":"Exposici\u00f3n de logos - Empotrar plugin de Logotipo de escaparate al Magento","isPartOf":{"@id":"https:\/\/elfsight.com\/es\/#website"},"datePublished":"2022-02-11T12:24:14+00:00","dateModified":"2025-02-06T15:06:43+00:00","description":"Incrusta un extention interactivo de Exposici\u00f3n de logos en su p\u00e1gina web de Magento. Aplique la demo de Elfsight manejable y genere su plugin \u00fanico.","breadcrumb":{"@id":"https:\/\/elfsight.com\/es\/logo-showcase-widget\/magento\/#breadcrumb"},"inLanguage":"es","potentialAction":[{"@type":"ReadAction","target":["https:\/\/elfsight.com\/es\/logo-showcase-widget\/magento\/"]}]},{"@type":"BreadcrumbList","@id":"https:\/\/elfsight.com\/es\/logo-showcase-widget\/magento\/#breadcrumb","itemListElement":[{"@type":"ListItem","position":1,"name":"Home","item":"https:\/\/elfsight.com\/es\/"},{"@type":"ListItem","position":2,"name":"Logo Showcase","item":"https:\/\/elfsight.com\/es\/logo-showcase-widget\/"},{"@type":"ListItem","position":3,"name":"Logo Showcase &#8211; Magento"}]},{"@type":"WebSite","@id":"https:\/\/elfsight.com\/es\/#website","url":"https:\/\/elfsight.com\/es\/","name":"Elfsight ES","description":"Just another Elfsight Sites site","potentialAction":[{"@type":"SearchAction","target":{"@type":"EntryPoint","urlTemplate":"https:\/\/elfsight.com\/es\/?s={search_term_string}"},"query-input":{"@type":"PropertyValueSpecification","valueRequired":true,"valueName":"search_term_string"}}],"inLanguage":"es"}]}},"meta_box":{"industry":"","seo_heading":"","heading":"","description":"","cta_heading":"","cta_description":"","application":"1689","h1":"plugin de Exposici\u00f3n de logos para Magento","h1_caption":"Incluye un n\u00famero ilimitado de logotipos y gana la confianza de los clientes","application_category":[],"applications_title":"","applications_request_title":"","applications_request_button_text":"","hero_text":"","hero_video":"","hero_video_schema_markup":"","selling_points_title":"","selling_points_caption":"","selling_points":[],"selling_points_cta_text":"","features_title":"","features":"","ed_cta_examples_text":"","ed_cta_examples_hidden":"","ed_cta_demo_text":"","ed_cta_demo_hidden":"","why_caption":"","why_editor_title":"","why_editor_text":"","why_team_title":"","why_team_text":"","why_service_title":"","why_service_text":"","template_catalog_visible":"","template_catalog_title":"","template_catalog_text":"","template_catalog_categories_visible":"","demo_title":"Crea tu extensi\u00f3n Logo Showcase","demo_caption":"\u00a1Configure su Logo Showcase y agr\u00e9guelo a su sitio web Magento de forma gratuita!","default_faq_hidden":"","app_template_category":[],"platform":"82","template_public_id":"","codecanyon_url":"","codecanyon_item_id":"","codecanyon_price":"","pricing_caption":"","pricing_elfsight_apps_hide_column":"","pricing_elfsight_apps_url":"","pricing_codecanyon_price_caption":"","integration_category":[],"integration_request_title":"","integration_request_cta":"","integration_platform":"","integrations":[],"platform_category":[],"video_schema_markup":"","price":"desde $0 por mes","trial":"","benefits":[{"text":"Instalaci\u00f3n gratuita"},{"text":"Soporte Premium"},{"text":"14 d\u00edas garant\u00eda de reembolso"},{"text":"Actualizaciones regulares"}],"button_url":"#demo","button_target_blank":"0","button_nofollow":"0","attributes":[{"name":"Responsivo","content":"Si","_state":"expanded"},{"name":"Navegadores compatibles","content":"Firefox, Safari, Opera, Chrome, Edge","_state":"expanded"}],"tags":[],"tags_disable_links":"0","hide_more_platforms":"","video_object":"","demo_hide_cta":"0","demo_hide_cloud_options":"0","pricing_title":"","pricing":[{"pricing_icon":"platform","pricing_title":" Elfsight Apps","pricing_title_caption":"Soluci\u00f3n multiplataforma - valido para cualquier p\u00e1gina web","pricing_price":"desde $0 por mes","pricing_price_caption":"empezar con un plan gratuito","pricing_benefits":[{"text":"Sitios web ilimitados"},{"text":"Atenci\u00f3n al cliente gratuita y r\u00e1pida"},{"text":"Servicio de instalaci\u00f3n gratuito"},{"text":"Totalmente personalizable"}],"pricing_button_text":"Agregar al sitio web","pricing_button_url":"#demo","_state":"expanded"}],"related_apps_title":"","related_apps_hidden":"1","author":"","image":[],"title":"","job":"","social_networks":[]},"_links":{"self":[{"href":"https:\/\/elfsight.com\/es\/wp-json\/wp\/v2\/pages\/3637","targetHints":{"allow":["GET"]}}],"collection":[{"href":"https:\/\/elfsight.com\/es\/wp-json\/wp\/v2\/pages"}],"about":[{"href":"https:\/\/elfsight.com\/es\/wp-json\/wp\/v2\/types\/page"}],"author":[{"embeddable":true,"href":"https:\/\/elfsight.com\/es\/wp-json\/wp\/v2\/users\/18"}],"replies":[{"embeddable":true,"href":"https:\/\/elfsight.com\/es\/wp-json\/wp\/v2\/comments?post=3637"}],"version-history":[{"count":3,"href":"https:\/\/elfsight.com\/es\/wp-json\/wp\/v2\/pages\/3637\/revisions"}],"predecessor-version":[{"id":17916,"href":"https:\/\/elfsight.com\/es\/wp-json\/wp\/v2\/pages\/3637\/revisions\/17916"}],"up":[{"embeddable":true,"href":"https:\/\/elfsight.com\/es\/wp-json\/wp\/v2\/pages\/1690"}],"wp:attachment":[{"href":"https:\/\/elfsight.com\/es\/wp-json\/wp\/v2\/media?parent=3637"}],"curies":[{"name":"wp","href":"https:\/\/api.w.org\/{rel}","templated":true}]}}