{"id":3629,"date":"2022-02-11T12:24:30","date_gmt":"2022-02-11T12:24:30","guid":{"rendered":"https:\/\/elfsight.com\/es\/?page_id=3629"},"modified":"2025-02-06T15:06:33","modified_gmt":"2025-02-06T15:06:33","slug":"jquery","status":"publish","type":"page","link":"https:\/\/elfsight.com\/es\/instagram-feed-instashow\/jquery\/","title":{"rendered":"Instagram Feed &#8211; jQuery"},"content":{"rendered":"<div class=\"application-platform-content-item-description application-platform-content-item\" id=\"description\" data-nav-section=\"description\"> <h2>Incrustar Instagram en jQuery con el plugin Elfsight<\/h2> <p>InstaShow es un potente plugin de Instagram que permite dise\u00f1ar maravillosos portafolios a partir de im\u00e1genes y videos de Instagram. Ofrece una gran cantidad de opciones de personalizaci\u00f3n para tu perfil: todos los tipos de fuentes, filtros de feed, m\u00e1s de 70 caracter\u00edsticas personalizables, 10 esquemas de dise\u00f1o y 100% adaptable para todos los dispositivos.<\/p><p><b>Usa un plugin completamente responsivo y \u00fatil para atraer a los lectores de tu sitio al instante.<\/b><\/p><ul><li><b>Mejora el \u00edndice de transacciones<\/b><br>Muestra tus productos o servicios a trav\u00e9s de im\u00e1genes de Instagram utilizando hashtags, ubicaciones, p\u00e1ginas o una URL espec\u00edfica, para duplicar los ingresos de tu sitio web.<\/li><li><b>M\u00e1s seguidores en Instagram<\/b><br>Crea botones especiales con una llamada a la acci\u00f3n para suscribirse y aumenta el n\u00famero de seguidores en tu perfil de Instagram.<\/li><li><b>Mejor participaci\u00f3n de los lectores<\/b><br>Atrae visitantes y genera la mayor cantidad de impresiones posibles, utilizando im\u00e1genes de Instagram para lograr un fuerte nivel de interacci\u00f3n.<\/li><\/ul><div class=\"faq\" data-component=\"FAQ\"><div class=\"faq-item\">\r\n\t\t\t\t\t<div class=\"faq-item-question\">\r\n\t\t\t\t\t\t<h3 class=\"faq-item-question-text\">\u00bfPuedo probar el widget de Instagram Feed en acci\u00f3n?<\/h3>\r\n\r\n\t\t\t\t\t\t<div class=\"faq-item-question-icon\"><\/div>\r\n\t\t\t\t\t<\/div>\r\n\r\n\t\t\t\t\t<div class=\"faq-item-answer\">\r\n\t\t\t\t\t\t<div class=\"faq-item-answer-text\"> <p>S\u00ed, puedes probar sin esfuerzo todas las fant\u00e1sticas ventajas del widget en una <a href=\"#demo\">demo<\/a> gratuita en l\u00ednea. Es visual y no requiere habilidades de programaci\u00f3n. Adem\u00e1s, ni siquiera es necesario registrarse en nuestro servicio.<\/p><\/div>\r\n\t\t\t\t\t<\/div>\r\n\t\t\t\t<\/div><div class=\"faq-item\">\r\n\t\t\t\t\t<div class=\"faq-item-question\">\r\n\t\t\t\t\t\t<h3 class=\"faq-item-question-text\">\u00bfC\u00f3mo incrustar el Instagram Feed de Elfsight de forma gratuita en jQuery?<\/h3>\r\n\r\n\t\t\t\t\t\t<div class=\"faq-item-question-icon\"><\/div>\r\n\t\t\t\t\t<\/div>\r\n\r\n\t\t\t\t\t<div class=\"faq-item-answer\">\r\n\t\t\t\t\t\t<div class=\"faq-item-answer-text\"><ol><p>Incorporar un Instagram Feed en tu proyecto jQuery es una excelente t\u00e9cnica para mostrar tus \u00faltimas publicaciones y aumentar la participaci\u00f3n de los usuarios.<\/p><ol><li>Para incrustar un Instagram Feed de Elfsight de forma gratuita en jQuery, accede al sitio web de Elfsight y reg\u00edstrate para obtener una cuenta sin costo.<\/li><li>Aprovecha al m\u00e1ximo el widget gratuito de Instagram personalizando su apariencia y configuraciones para que se ajusten a los requisitos de dise\u00f1o de tu proyecto jQuery.<\/li><li>Despu\u00e9s de optimizar tu Instagram Feed, copia el c\u00f3digo exclusivo para incrustarlo en el c\u00f3digo de jQuery donde deseas que se muestre el feed.<\/li><\/ol><p>Al incorporar tu Instagram Feed en tu proyecto jQuery, enriquecer\u00e1s su atractivo visual y mantendr\u00e1s una participaci\u00f3n activa de los usuarios. \u00a1Descubre las ventajas del widget de Instagram de Elfsight sin compromiso financiero!<\/p><\/ol><\/div>\r\n\t\t\t\t\t<\/div>\r\n\t\t\t\t<\/div><\/div><\/div><div class=\"application-platform-content-item-features application-platform-content-item\" id=\"features\" data-nav-section=\"features\"> <h2>Caracter\u00edsticas principales del widget Instagram Feed<\/h2> <p>Las caracter\u00edsticas b\u00e1sicas de nuestro plugin, que lo convierten en la mejor herramienta de jQuery para incrustar Instagram:<\/p> <ul><li>M\u00e1s de 60 par\u00e1metros ajustables;<\/li><li>Combinaciones ilimitadas de fuentes de Instagram;<\/li><li>10 esquemas de color;<\/li><li>Dise\u00f1o listo para retina.<\/li><\/ul><p><a href=\"#demo\">M\u00e1s opciones en nuestra demo<\/a><\/p><p><a href=\"https:\/\/elfsight.com\/blog\/how-to-embed-instagram-feed-on-website\/\">Instagram website<\/a> el plugin jQuery puede ayudarte a lograr los objetivos m\u00e1s ambiciosos. Por ejemplo, puedes <strong>aumentar el tiempo que las personas pasan<\/strong> en tu sitio web, ya que se detendr\u00e1n con entusiasmo en tu widget de Instagram, desplaz\u00e1ndose y haciendo clic en los controles. Adem\u00e1s, puedes <strong>expandir la base de seguidores<\/strong> con una llamada a la acci\u00f3n (CTA).<\/p> <\/div><div class=\"application-platform-content-item-installation application-platform-content-item\" id=\"installation\" data-nav-section=\"installation\"> <h2>\u00bfC\u00f3mo agregar Instagram Feed en mi sitio web jQuery?<\/h2><p>Solo realiza las siguientes pautas para activar el plugin.<\/p><ol><li><b>Usa nuestro configurador gratuito y empieza a crear tu propio plugin.<\/b><br>Define el dise\u00f1o personalizado y las especificaciones del widget y guarda las modificaciones.<\/li><li><b>Recibe el c\u00f3digo \u00fanico que aparecer\u00e1 en la ventana de Elfsight Apps.<\/b><br>Cuando hayas terminado de configurar tu widget, copia el c\u00f3digo exclusivo de la ventana emergente y gu\u00e1rdalo para su uso posterior.<\/li><li><b>Empieza a usar el plugin en tu p\u00e1gina jQuery.<\/b><br>Incrusta el c\u00f3digo guardado recientemente en tu p\u00e1gina y guarda los cambios.<\/li><li><b>\u00a1La configuraci\u00f3n se ha completado exitosamente!<\/b><br>Ve a tu p\u00e1gina web para ver c\u00f3mo funciona el plugin.<\/li><\/ol><p>Si experimentas alg\u00fan obst\u00e1culo, no dudes en ponerte en contacto con nuestro equipo de atenci\u00f3n al cliente. Estaremos encantados de ayudarte con cualquier problema que tengas con el plugin.<\/p><\/div>","protected":false},"excerpt":{"rendered":"","protected":false},"author":18,"featured_media":0,"parent":1442,"menu_order":0,"comment_status":"closed","ping_status":"closed","template":"templates\/template-application-platform.php","meta":{"publish_to_discourse":"","publish_post_category":"","wpdc_auto_publish_overridden":"","wpdc_topic_tags":"","wpdc_pin_topic":"","wpdc_pin_until":"","discourse_post_id":"","discourse_permalink":"","wpdc_publishing_response":"","wpdc_publishing_error":"","footnotes":""},"class_list":["post-3629","page","type-page","status-publish","hentry"],"yoast_head":"<!-- This site is optimized with the Yoast SEO plugin v25.3.1 - https:\/\/yoast.com\/wordpress\/plugins\/seo\/ -->\n<title>Feed de Instagram - Incrustar widget de Instagram Feed al jQuery<\/title>\n<meta name=\"description\" content=\"Instala un widget atractivo de Feed de Instagram en su sitio de jQuery. Use la demo de Elfsight intuitiva y cree su widget propio.\" \/>\n<meta name=\"robots\" content=\"index, follow, max-snippet:-1, max-image-preview:large, max-video-preview:-1\" \/>\n<link rel=\"canonical\" href=\"https:\/\/elfsight.com\/es\/instagram-feed-instashow\/jquery\/\" \/>\n<meta property=\"og:locale\" content=\"es_ES\" \/>\n<meta property=\"og:type\" content=\"article\" \/>\n<meta property=\"og:title\" content=\"Feed de Instagram - Incrustar widget de Instagram Feed al jQuery\" \/>\n<meta property=\"og:description\" content=\"Instala un widget atractivo de Feed de Instagram en su sitio de jQuery. Use la demo de Elfsight intuitiva y cree su widget propio.\" \/>\n<meta property=\"og:url\" content=\"https:\/\/elfsight.com\/es\/instagram-feed-instashow\/jquery\/\" \/>\n<meta property=\"og:site_name\" content=\"Elfsight ES\" \/>\n<meta property=\"article:modified_time\" content=\"2025-02-06T15:06:33+00:00\" \/>\n<meta name=\"twitter:card\" content=\"summary_large_image\" \/>\n<meta name=\"twitter:label1\" content=\"Tiempo de lectura\" \/>\n\t<meta name=\"twitter:data1\" content=\"1 minuto\" \/>\n<!-- \/ Yoast SEO plugin. -->","yoast_head_json":{"title":"Feed de Instagram - Incrustar widget de Instagram Feed al jQuery","description":"Instala un widget atractivo de Feed de Instagram en su sitio de jQuery. Use la demo de Elfsight intuitiva y cree su widget propio.","robots":{"index":"index","follow":"follow","max-snippet":"max-snippet:-1","max-image-preview":"max-image-preview:large","max-video-preview":"max-video-preview:-1"},"canonical":"https:\/\/elfsight.com\/es\/instagram-feed-instashow\/jquery\/","og_locale":"es_ES","og_type":"article","og_title":"Feed de Instagram - Incrustar widget de Instagram Feed al jQuery","og_description":"Instala un widget atractivo de Feed de Instagram en su sitio de jQuery. Use la demo de Elfsight intuitiva y cree su widget propio.","og_url":"https:\/\/elfsight.com\/es\/instagram-feed-instashow\/jquery\/","og_site_name":"Elfsight ES","article_modified_time":"2025-02-06T15:06:33+00:00","twitter_card":"summary_large_image","twitter_misc":{"Tiempo de lectura":"1 minuto"},"schema":{"@context":"https:\/\/schema.org","@graph":[{"@type":"WebPage","@id":"https:\/\/elfsight.com\/es\/instagram-feed-instashow\/jquery\/","url":"https:\/\/elfsight.com\/es\/instagram-feed-instashow\/jquery\/","name":"Feed de Instagram - Incrustar widget de Instagram Feed al jQuery","isPartOf":{"@id":"https:\/\/elfsight.com\/es\/#website"},"datePublished":"2022-02-11T12:24:30+00:00","dateModified":"2025-02-06T15:06:33+00:00","description":"Instala un widget atractivo de Feed de Instagram en su sitio de jQuery. Use la demo de Elfsight intuitiva y cree su widget propio.","breadcrumb":{"@id":"https:\/\/elfsight.com\/es\/instagram-feed-instashow\/jquery\/#breadcrumb"},"inLanguage":"es","potentialAction":[{"@type":"ReadAction","target":["https:\/\/elfsight.com\/es\/instagram-feed-instashow\/jquery\/"]}]},{"@type":"BreadcrumbList","@id":"https:\/\/elfsight.com\/es\/instagram-feed-instashow\/jquery\/#breadcrumb","itemListElement":[{"@type":"ListItem","position":1,"name":"Home","item":"https:\/\/elfsight.com\/es\/"},{"@type":"ListItem","position":2,"name":"Instagram Feed","item":"https:\/\/elfsight.com\/es\/instagram-feed-instashow\/"},{"@type":"ListItem","position":3,"name":"Instagram Feed &#8211; jQuery"}]},{"@type":"WebSite","@id":"https:\/\/elfsight.com\/es\/#website","url":"https:\/\/elfsight.com\/es\/","name":"Elfsight ES","description":"Just another Elfsight Sites site","potentialAction":[{"@type":"SearchAction","target":{"@type":"EntryPoint","urlTemplate":"https:\/\/elfsight.com\/es\/?s={search_term_string}"},"query-input":{"@type":"PropertyValueSpecification","valueRequired":true,"valueName":"search_term_string"}}],"inLanguage":"es"}]}},"meta_box":{"industry":"","seo_heading":"","heading":"","description":"","cta_heading":"","cta_description":"","application":"1441","h1":"Widget de Feed de Instagram para jQuery","h1_caption":"Muestra galer\u00edas, v\u00eddeos y fotos de Instagram en su p\u00e1gina","application_category":[],"applications_title":"","applications_request_title":"","applications_request_button_text":"","hero_text":"","hero_video":"","hero_video_schema_markup":"","selling_points_title":"","selling_points_caption":"","selling_points":[],"selling_points_cta_text":"","features_title":"","features":"","ed_cta_examples_text":"","ed_cta_examples_hidden":"","ed_cta_demo_text":"","ed_cta_demo_hidden":"","why_caption":"","why_editor_title":"","why_editor_text":"","why_team_title":"","why_team_text":"","why_service_title":"","why_service_text":"","template_catalog_visible":"","template_catalog_title":"","template_catalog_text":"","template_catalog_categories_visible":"","demo_title":"Crea tu complemento de feed de Instagram","demo_caption":"\u00a1Configura tu feed de Instagram y agr\u00e9galo a tu sitio web jQuery gratis!","default_faq_hidden":"","app_template_category":[],"platform":"76","template_public_id":"","codecanyon_url":"","codecanyon_item_id":"","codecanyon_price":"","pricing_caption":"","pricing_elfsight_apps_hide_column":"","pricing_elfsight_apps_url":"","pricing_codecanyon_price_caption":"","integration_category":[],"integration_request_title":"","integration_request_cta":"","integration_platform":"","integrations":[],"platform_category":[],"video_schema_markup":"","price":"desde $0 por mes","trial":"","benefits":[{"text":"Instalaci\u00f3n gratuita"},{"text":"Soporte Premium"},{"text":"14 d\u00edas garant\u00eda de reembolso"},{"text":"Actualizaciones regulares"}],"button_url":"#demo","button_target_blank":"0","button_nofollow":"0","attributes":[{"name":"Responsivo","content":"Si","_state":"expanded"},{"name":"Navegadores compatibles","content":"Firefox, Safari, Opera, Chrome, Edge","_state":"expanded"}],"tags":[],"tags_disable_links":"0","hide_more_platforms":"","video_object":"","demo_hide_cta":"0","demo_hide_cloud_options":"0","pricing_title":"","pricing":[{"pricing_icon":"platform","pricing_title":" Elfsight Apps","pricing_title_caption":"Soluci\u00f3n multiplataforma - valido para cualquier p\u00e1gina web","pricing_price":"desde $0 por mes","pricing_price_caption":"empezar con un plan gratuito","pricing_benefits":[{"text":"Sitios web ilimitados"},{"text":"Atenci\u00f3n al cliente gratuita y r\u00e1pida"},{"text":"Servicio de instalaci\u00f3n gratuito"},{"text":"Totalmente personalizable"}],"pricing_button_text":"Agregar al sitio web","pricing_button_url":"#demo","_state":"expanded"}],"related_apps_title":"","related_apps_hidden":"1","author":"","image":[],"title":"","job":"","social_networks":[]},"_links":{"self":[{"href":"https:\/\/elfsight.com\/es\/wp-json\/wp\/v2\/pages\/3629","targetHints":{"allow":["GET"]}}],"collection":[{"href":"https:\/\/elfsight.com\/es\/wp-json\/wp\/v2\/pages"}],"about":[{"href":"https:\/\/elfsight.com\/es\/wp-json\/wp\/v2\/types\/page"}],"author":[{"embeddable":true,"href":"https:\/\/elfsight.com\/es\/wp-json\/wp\/v2\/users\/18"}],"replies":[{"embeddable":true,"href":"https:\/\/elfsight.com\/es\/wp-json\/wp\/v2\/comments?post=3629"}],"version-history":[{"count":3,"href":"https:\/\/elfsight.com\/es\/wp-json\/wp\/v2\/pages\/3629\/revisions"}],"predecessor-version":[{"id":17912,"href":"https:\/\/elfsight.com\/es\/wp-json\/wp\/v2\/pages\/3629\/revisions\/17912"}],"up":[{"embeddable":true,"href":"https:\/\/elfsight.com\/es\/wp-json\/wp\/v2\/pages\/1442"}],"wp:attachment":[{"href":"https:\/\/elfsight.com\/es\/wp-json\/wp\/v2\/media?parent=3629"}],"curies":[{"name":"wp","href":"https:\/\/api.w.org\/{rel}","templated":true}]}}