{"id":3620,"date":"2022-02-11T12:25:44","date_gmt":"2022-02-11T12:25:44","guid":{"rendered":"https:\/\/elfsight.com\/es\/?page_id=3620"},"modified":"2025-02-06T15:06:24","modified_gmt":"2025-02-06T15:06:24","slug":"iframe","status":"publish","type":"page","link":"https:\/\/elfsight.com\/es\/instagram-feed-instashow\/iframe\/","title":{"rendered":"Instagram Feed &#8211; iFrame"},"content":{"rendered":"<div class=\"application-platform-content-item-description application-platform-content-item\" id=\"description\" data-nav-section=\"description\"> <h2>Incrustar Instagram en iFrame con el widget de Elfsight<\/h2> <p>InstaShow es un potente plugin de Instagram, que permite generar hermosas galer\u00edas a partir de im\u00e1genes y videos de Instagram. Un n\u00famero ilimitado de variaciones de configuraciones de tu feed: todo tipo de fuentes, moderaci\u00f3n de publicaciones, m\u00e1s de 70 par\u00e1metros personalizables y 10 esquemas de colores, completamente ajustable para diversas resoluciones. Utiliza un plugin totalmente responsivo y eficiente para captar la atenci\u00f3n de los visitantes de tu sitio a primera vista.<\/p><p><b>Aumenta el \u00edndice de conversi\u00f3n<\/b><br> Muestra tus productos o servicios a trav\u00e9s de im\u00e1genes de Instagram usando hashtags, ubicaciones, perfil o URL especificada, para mejorar los ingresos de tu sitio.<\/p><p><b>Promociona tu p\u00e1gina de Instagram<\/b><br>Promociona tu p\u00e1gina en Instagram a trav\u00e9s del sitio web, deja que m\u00e1s usuarios te conozcan y se conviertan en tus seguidores.<\/p><p><b>Involucra a m\u00e1s usuarios<\/b><br>Incrusta im\u00e1genes de Instagram en tu sitio web usando nuestro plugin, y atraer\u00e1s m\u00e1s visitantes y los convencer\u00e1s de quedarse en el sitio.<\/p><div class=\"faq\" data-component=\"FAQ\"><div class=\"faq-item\">\r\n\t\t\t\t\t<div class=\"faq-item-question\">\r\n\t\t\t\t\t\t<h3 class=\"faq-item-question-text\">\u00bfPuedo probar el widget de Instagram Feed en acci\u00f3n?<\/h3>\r\n\r\n\t\t\t\t\t\t<div class=\"faq-item-question-icon\"><\/div>\r\n\t\t\t\t\t<\/div>\r\n\r\n\t\t\t\t\t<div class=\"faq-item-answer\">\r\n\t\t\t\t\t\t<div class=\"faq-item-answer-text\"> <p>S\u00ed, puedes probar todas las funciones sin necesidad de registrarte en nuestro servicio. Puedes ir a una <a href=\"#demo\">demo<\/a> en vivo y crear tu impresionante widget de Instagram iFrame. Adem\u00e1s, puedes incrustarlo en tu propio sitio web de forma gratuita para probar su rendimiento y ver su dise\u00f1o.<\/p><\/div>\r\n\t\t\t\t\t<\/div>\r\n\t\t\t\t<\/div><div class=\"faq-item\">\r\n\t\t\t\t\t<div class=\"faq-item-question\">\r\n\t\t\t\t\t\t<h3 class=\"faq-item-question-text\">\u00bfC\u00f3mo incrustar Instagram Feed gratis en iFrame?<\/h3>\r\n\r\n\t\t\t\t\t\t<div class=\"faq-item-question-icon\"><\/div>\r\n\t\t\t\t\t<\/div>\r\n\r\n\t\t\t\t\t<div class=\"faq-item-answer\">\r\n\t\t\t\t\t\t<div class=\"faq-item-answer-text\"><ol><p>Agregar un <a href=\"https:\/\/elfsight.com\/blog\/how-to-embed-instagram-feed-on-website\/\">Instagram en un sitio web iFrame<\/a> es una excelente forma de destacar tus \u00faltimas publicaciones y mantener el compromiso de los usuarios.<\/p><ol><li>Para incrustar un Instagram Feed de Elfsight de forma gratuita en un iFrame, navega al sitio web de Elfsight y crea una cuenta gratuita.<\/li><li>Optimiza el widget de Instagram gratuito ajustando su apariencia y configuraciones para que coincidan con el dise\u00f1o y la funcionalidad de tu iFrame.<\/li><li>Despu\u00e9s de configurar tu Instagram Feed gratis, copia el c\u00f3digo de inserci\u00f3n exclusivo y p\u00e9galo en el c\u00f3digo HTML del iFrame donde deseas que aparezca el feed.<\/li><\/ol><p>Al mostrar tu Instagram Feed dentro de un iFrame, mejorar\u00e1s su atractivo visual y fomentar\u00e1s el compromiso continuo de los usuarios. \u00a1Disfruta de los beneficios del widget de Instagram de Elfsight sin incurrir en ning\u00fan gasto!<\/p><\/ol><\/div>\r\n\t\t\t\t\t<\/div>\r\n\t\t\t\t<\/div><\/div><\/div> <div class=\"application-platform-content-item-features application-platform-content-item\" id=\"features\" data-nav-section=\"features\"> <h2>Caracter\u00edsticas principales del widget de Instagram Feed<\/h2> <p>Las caracter\u00edsticas b\u00e1sicas de nuestro plugin, que lo hacen el mejor m\u00e9todo iFrame para insertar Instagram:<\/p><ul><li>Usa un n\u00famero ilimitado de fuentes para mostrar en tu sitio web;<\/li><li>Agrega contenido mediante URL, hashtags y nombres de usuario;<\/li><li>2 dise\u00f1os de feed listos para usar: slider y grid;<\/li><li>2 plantillas de publicaciones: tile y classic;<\/li><li>Ajustes diversos de publicaciones con elementos de post y elementos emergentes.<\/li><\/ul><p><a href=\"#demo\">Todas las opciones en la demo de Elfsight<\/a><\/p><\/div><div class=\"application-platform-content-item-installation application-platform-content-item\" id=\"installation\" data-nav-section=\"installation\"><h2>C\u00f3mo agregar el plugin de Instagram Feed a un sitio web iFrame<\/h2><p>Mira nuestro breve tutorial sobre la configuraci\u00f3n y personalizaci\u00f3n del plugin. El tiempo total de configuraci\u00f3n es menos de 3 minutos, adem\u00e1s no necesitas conocimientos en programaci\u00f3n.<\/p><ol><li><b>Genera tu plugin de Instagram personalizado<\/b><br> Mediante nuestra demo gratuita, crea un plugin con el dise\u00f1o y caracter\u00edsticas funcionales preferidas. <\/li><li><b>Obt\u00e9n el c\u00f3digo individual para instalar el plugin<\/b><br> Despu\u00e9s de personalizar tu plugin, recibir\u00e1s el c\u00f3digo de configuraci\u00f3n en la notificaci\u00f3n emergente en Elfsight Apps. Copia el c\u00f3digo para su uso posterior. <\/li> <li><b>El plugin en tu sitio iFrame<\/b><br> Define el \u00e1rea donde planeas agregar el plugin y pega el c\u00f3digo copiado all\u00ed. Publica los resultados. <\/li> <li><b>Has completado la configuraci\u00f3n con \u00e9xito<\/b><br> Entra en tu tienda para comprobar tu trabajo.<\/li> <\/ol><p>\u00bfTienes problemas con la configuraci\u00f3n o personalizaci\u00f3n de tu propio Instagram feed? Contacta con el centro de ayuda de Elfsight o lee el manual completo: \u00abIncrustaci\u00f3n del Instagram feed en iFrame\u00bb.<\/p><\/div>","protected":false},"excerpt":{"rendered":"","protected":false},"author":18,"featured_media":0,"parent":1442,"menu_order":0,"comment_status":"closed","ping_status":"closed","template":"templates\/template-application-platform.php","meta":{"publish_to_discourse":"","publish_post_category":"","wpdc_auto_publish_overridden":"","wpdc_topic_tags":"","wpdc_pin_topic":"","wpdc_pin_until":"","discourse_post_id":"","discourse_permalink":"","wpdc_publishing_response":"","wpdc_publishing_error":"","footnotes":""},"class_list":["post-3620","page","type-page","status-publish","hentry"],"yoast_head":"<!-- This site is optimized with the Yoast SEO plugin v25.3.1 - https:\/\/yoast.com\/wordpress\/plugins\/seo\/ -->\n<title>Feed de Instagram - Incorporar widget de Instagram Feed al iFrame<\/title>\n<meta name=\"description\" content=\"Incrusta un widget interactivo de Feed de Instagram en su sitio de iFrame. Lance la demo de Elfsight manejable y genere su widget propio.\" \/>\n<meta name=\"robots\" content=\"index, follow, max-snippet:-1, max-image-preview:large, max-video-preview:-1\" \/>\n<link rel=\"canonical\" href=\"https:\/\/elfsight.com\/es\/instagram-feed-instashow\/iframe\/\" \/>\n<meta property=\"og:locale\" content=\"es_ES\" \/>\n<meta property=\"og:type\" content=\"article\" \/>\n<meta property=\"og:title\" content=\"Feed de Instagram - Incorporar widget de Instagram Feed al iFrame\" \/>\n<meta property=\"og:description\" content=\"Incrusta un widget interactivo de Feed de Instagram en su sitio de iFrame. Lance la demo de Elfsight manejable y genere su widget propio.\" \/>\n<meta property=\"og:url\" content=\"https:\/\/elfsight.com\/es\/instagram-feed-instashow\/iframe\/\" \/>\n<meta property=\"og:site_name\" content=\"Elfsight ES\" \/>\n<meta property=\"article:modified_time\" content=\"2025-02-06T15:06:24+00:00\" \/>\n<meta name=\"twitter:card\" content=\"summary_large_image\" \/>\n<meta name=\"twitter:label1\" content=\"Tiempo de lectura\" \/>\n\t<meta name=\"twitter:data1\" content=\"1 minuto\" \/>\n<!-- \/ Yoast SEO plugin. -->","yoast_head_json":{"title":"Feed de Instagram - Incorporar widget de Instagram Feed al iFrame","description":"Incrusta un widget interactivo de Feed de Instagram en su sitio de iFrame. Lance la demo de Elfsight manejable y genere su widget propio.","robots":{"index":"index","follow":"follow","max-snippet":"max-snippet:-1","max-image-preview":"max-image-preview:large","max-video-preview":"max-video-preview:-1"},"canonical":"https:\/\/elfsight.com\/es\/instagram-feed-instashow\/iframe\/","og_locale":"es_ES","og_type":"article","og_title":"Feed de Instagram - Incorporar widget de Instagram Feed al iFrame","og_description":"Incrusta un widget interactivo de Feed de Instagram en su sitio de iFrame. Lance la demo de Elfsight manejable y genere su widget propio.","og_url":"https:\/\/elfsight.com\/es\/instagram-feed-instashow\/iframe\/","og_site_name":"Elfsight ES","article_modified_time":"2025-02-06T15:06:24+00:00","twitter_card":"summary_large_image","twitter_misc":{"Tiempo de lectura":"1 minuto"},"schema":{"@context":"https:\/\/schema.org","@graph":[{"@type":"WebPage","@id":"https:\/\/elfsight.com\/es\/instagram-feed-instashow\/iframe\/","url":"https:\/\/elfsight.com\/es\/instagram-feed-instashow\/iframe\/","name":"Feed de Instagram - Incorporar widget de Instagram Feed al iFrame","isPartOf":{"@id":"https:\/\/elfsight.com\/es\/#website"},"datePublished":"2022-02-11T12:25:44+00:00","dateModified":"2025-02-06T15:06:24+00:00","description":"Incrusta un widget interactivo de Feed de Instagram en su sitio de iFrame. Lance la demo de Elfsight manejable y genere su widget propio.","breadcrumb":{"@id":"https:\/\/elfsight.com\/es\/instagram-feed-instashow\/iframe\/#breadcrumb"},"inLanguage":"es","potentialAction":[{"@type":"ReadAction","target":["https:\/\/elfsight.com\/es\/instagram-feed-instashow\/iframe\/"]}]},{"@type":"BreadcrumbList","@id":"https:\/\/elfsight.com\/es\/instagram-feed-instashow\/iframe\/#breadcrumb","itemListElement":[{"@type":"ListItem","position":1,"name":"Home","item":"https:\/\/elfsight.com\/es\/"},{"@type":"ListItem","position":2,"name":"Instagram Feed","item":"https:\/\/elfsight.com\/es\/instagram-feed-instashow\/"},{"@type":"ListItem","position":3,"name":"Instagram Feed &#8211; iFrame"}]},{"@type":"WebSite","@id":"https:\/\/elfsight.com\/es\/#website","url":"https:\/\/elfsight.com\/es\/","name":"Elfsight ES","description":"Just another Elfsight Sites site","potentialAction":[{"@type":"SearchAction","target":{"@type":"EntryPoint","urlTemplate":"https:\/\/elfsight.com\/es\/?s={search_term_string}"},"query-input":{"@type":"PropertyValueSpecification","valueRequired":true,"valueName":"search_term_string"}}],"inLanguage":"es"}]}},"meta_box":{"industry":"","seo_heading":"","heading":"","description":"","cta_heading":"","cta_description":"","application":"1441","h1":"Widget de Feed de Instagram para iFrame","h1_caption":"A\u00f1ade fotos, v\u00eddeos y galer\u00edas de Instagram en su p\u00e1gina","application_category":[],"applications_title":"","applications_request_title":"","applications_request_button_text":"","hero_text":"","hero_video":"","hero_video_schema_markup":"","selling_points_title":"","selling_points_caption":"","selling_points":[],"selling_points_cta_text":"","features_title":"","features":"","ed_cta_examples_text":"","ed_cta_examples_hidden":"","ed_cta_demo_text":"","ed_cta_demo_hidden":"","why_caption":"","why_editor_title":"","why_editor_text":"","why_team_title":"","why_team_text":"","why_service_title":"","why_service_text":"","template_catalog_visible":"","template_catalog_title":"","template_catalog_text":"","template_catalog_categories_visible":"","demo_title":"Crea tu widget de feed de Instagram","demo_caption":"\u00a1Configure su feed de Instagram y agr\u00e9guelo a su sitio web iFrame gratis!","default_faq_hidden":"","app_template_category":[],"platform":"2192","template_public_id":"","codecanyon_url":"","codecanyon_item_id":"","codecanyon_price":"","pricing_caption":"","pricing_elfsight_apps_hide_column":"","pricing_elfsight_apps_url":"","pricing_codecanyon_price_caption":"","integration_category":[],"integration_request_title":"","integration_request_cta":"","integration_platform":"","integrations":[],"platform_category":[],"video_schema_markup":"","price":"desde $0 por mes","trial":"","benefits":[{"text":"Instalaci\u00f3n gratuita"},{"text":"Soporte Premium"},{"text":"14 d\u00edas garant\u00eda de reembolso"},{"text":"Actualizaciones regulares"}],"button_url":"#demo","button_target_blank":"0","button_nofollow":"0","attributes":[{"name":"Responsivo","content":"Si","_state":"expanded"},{"name":"Navegadores compatibles","content":"Firefox, Safari, Opera, Chrome, Edge","_state":"expanded"}],"tags":[],"tags_disable_links":"0","hide_more_platforms":"","video_object":"","demo_hide_cta":"0","demo_hide_cloud_options":"0","pricing_title":"","pricing":[{"pricing_icon":"platform","pricing_title":" Elfsight Apps","pricing_title_caption":"Soluci\u00f3n multiplataforma - valido para cualquier p\u00e1gina web","pricing_price":"desde $0 por mes","pricing_price_caption":"empezar con un plan gratuito","pricing_benefits":[{"text":"Sitios web ilimitados"},{"text":"Atenci\u00f3n al cliente gratuita y r\u00e1pida"},{"text":"Servicio de instalaci\u00f3n gratuito"},{"text":"Totalmente personalizable"}],"pricing_button_text":"Agregar al sitio web","pricing_button_url":"#demo","_state":"expanded"}],"related_apps_title":"","related_apps_hidden":"1","author":"","image":[],"title":"","job":"","social_networks":[]},"_links":{"self":[{"href":"https:\/\/elfsight.com\/es\/wp-json\/wp\/v2\/pages\/3620","targetHints":{"allow":["GET"]}}],"collection":[{"href":"https:\/\/elfsight.com\/es\/wp-json\/wp\/v2\/pages"}],"about":[{"href":"https:\/\/elfsight.com\/es\/wp-json\/wp\/v2\/types\/page"}],"author":[{"embeddable":true,"href":"https:\/\/elfsight.com\/es\/wp-json\/wp\/v2\/users\/18"}],"replies":[{"embeddable":true,"href":"https:\/\/elfsight.com\/es\/wp-json\/wp\/v2\/comments?post=3620"}],"version-history":[{"count":3,"href":"https:\/\/elfsight.com\/es\/wp-json\/wp\/v2\/pages\/3620\/revisions"}],"predecessor-version":[{"id":17910,"href":"https:\/\/elfsight.com\/es\/wp-json\/wp\/v2\/pages\/3620\/revisions\/17910"}],"up":[{"embeddable":true,"href":"https:\/\/elfsight.com\/es\/wp-json\/wp\/v2\/pages\/1442"}],"wp:attachment":[{"href":"https:\/\/elfsight.com\/es\/wp-json\/wp\/v2\/media?parent=3620"}],"curies":[{"name":"wp","href":"https:\/\/api.w.org\/{rel}","templated":true}]}}