{"id":3614,"date":"2022-02-11T12:25:48","date_gmt":"2022-02-11T12:25:48","guid":{"rendered":"https:\/\/elfsight.com\/es\/?page_id=3614"},"modified":"2025-02-06T15:06:24","modified_gmt":"2025-02-06T15:06:24","slug":"html","status":"publish","type":"page","link":"https:\/\/elfsight.com\/es\/instagram-feed-instashow\/html\/","title":{"rendered":"Instagram Feed &#8211; HTML"},"content":{"rendered":"<div class=\"application-platform-content-item-description application-platform-content-item\" id=\"description\" data-nav-section=\"description\"><h2>Incrusta Instagram en HTML con el widget de Elfsight<\/h2><p>InstaShow es el mejor widget de Instagram, que permite dise\u00f1ar magn\u00edficas galer\u00edas a partir de fotos y videos de Instagram. Ofrece un n\u00famero ilimitado de variantes de personalizaci\u00f3n: todo tipo de fuentes, premoderaci\u00f3n de contenido, m\u00e1s de 70 opciones flexibles y 10 esquemas de apariencia, y una interfaz completamente adaptable a cualquier resoluci\u00f3n.<\/p><p><b>Aplica un plugin completamente adaptable y pr\u00e1ctico para captar el inter\u00e9s de los usuarios de tu sitio web en un instante.<\/b> Incrusta el widget en el c\u00f3digo HTML simplemente pegando el c\u00f3digo de instalaci\u00f3n en la secci\u00f3n deseada.<\/p><ul><li><b>Aumenta la cantidad de transacciones en tu sitio<\/b>.<br>Informa a los visitantes sobre tus productos o servicios a trav\u00e9s de im\u00e1genes de Instagram utilizando hashtags, ubicaciones, cuentas o URL espec\u00edficas, para mejorar los ingresos de tu sitio.<\/li><li><b>Gana nuevos seguidores en Instagram<\/b>.<br>Muestra fotos con enlaces y un llamado a la suscripci\u00f3n para aumentar la cantidad de seguidores en tu perfil de Instagram.<\/li><li><b>Involucra a un mayor n\u00famero de lectores en las actividades del sitio web<\/b>.<br>Incrusta el feed de Instagram utilizando nuestro plugin, y atraer\u00e1 la atenci\u00f3n de m\u00e1s usuarios, haciendo que permanezcan m\u00e1s tiempo en el sitio.<\/li><\/ul><\/div><div class=\"application-platform-content-item-features application-platform-content-item\" id=\"features\" data-nav-section=\"features\"><h2>Principales caracter\u00edsticas del widget de Instagram Feed<\/h2><p>Los puntos fuertes del plugin de Elfsight, que lo convierten en la mejor herramienta para mostrar el c\u00f3digo HTML del feed de Instagram en un sitio:<\/p><ul><li>Visualizaci\u00f3n de videos directamente en la p\u00e1gina<\/li><li>Espacio variable entre im\u00e1genes<\/li><li>Tres variantes de acci\u00f3n al hacer clic en la imagen: ventana emergente, Instagram o ninguna<\/li><li>13 esquemas de color listos para usar<\/li><li>Velocidad de reproducci\u00f3n autom\u00e1tica opcional<\/li><li>8 impresionantes plantillas listas para usar<\/li><li>Incrusta Instagram Feed en HTML en unos pocos clics<\/li><li>Diversos dise\u00f1os de feed y plantillas de publicaciones<\/li><\/ul><p><a href=\"#demo\">M\u00e1s caracter\u00edsticas en la demo de Elfsight<\/a><\/p><p>Puedes incrustar Instagram Feed en el c\u00f3digo HTML de tu sitio web para lograr numerosos objetivos. Por ejemplo, puedes aumentar la base de suscriptores con un bot\u00f3n de CTA. Adem\u00e1s, las fotos de Instagram decoran cualquier sitio web, haci\u00e9ndolo lucir limpio y profesional. Finalmente, puedes aumentar la interacci\u00f3n en un sitio, ya que los usuarios hacen scroll, abren, cierran publicaciones y leen descripciones y comentarios.<\/p><\/div><div class=\"application-platform-content-item-installation application-platform-content-item\" id=\"installation\" data-nav-section=\"installation\"><h2>C\u00f3mo incrustar el widget de Instagram Feed en un sitio HTML<\/h2><div class=\"video-container\"><iframe width=\"720\" height=\"405\" src=\"https:\/\/www.youtube.com\/embed\/zw26D1Ko-3w\" frameborder=\"0\" allowfullscreen=\"\"><\/iframe><\/div><p>Consulta nuestra breve instrucci\u00f3n sobre la instalaci\u00f3n y personalizaci\u00f3n del plugin. El tiempo de instalaci\u00f3n es de aproximadamente 80 segundos; adem\u00e1s, no se requiere experiencia en programaci\u00f3n web.<\/p><ol><li><b>Construye tu propio Instagram Feed<\/b>.<br>A trav\u00e9s de nuestro configurador gratuito, crea un plugin con el dise\u00f1o y las configuraciones necesarias.<\/li><li><b>Adquiere un c\u00f3digo de Instagram para mostrar el widget<\/b>.<br>Despu\u00e9s de personalizar el widget, obt\u00e9n un c\u00f3digo para el plugin de Instagram desde la notificaci\u00f3n que aparece en Elfsight Apps.<\/li><li><b>A\u00f1ade el c\u00f3digo de instalaci\u00f3n al c\u00f3digo HTML del sitio web<\/b>.<br>Abre el c\u00f3digo de la p\u00e1gina en el editor HTML, coloca el plugin en el lugar deseado (secci\u00f3n de contenido, pie de p\u00e1gina, barra lateral, etc.) y publica los cambios.<\/li><li><b>La configuraci\u00f3n est\u00e1 completa<\/b>.<br>Ingresa al sitio HTML para ver tu plugin.<\/li><\/ol><p>\u00bfTienes dificultades para mostrar el plugin o personalizar tu feed de Instagram? Env\u00eda un mensaje a nuestro equipo de soporte.<\/p><div class=\"faq\" data-component=\"FAQ\"><div class=\"faq-item\">\r\n\t\t\t\t\t<div class=\"faq-item-question\">\r\n\t\t\t\t\t\t<h3 class=\"faq-item-question-text\">\u00bfC\u00f3mo incrustar Instagram Feed de forma gratuita en HTML?<\/h3>\r\n\r\n\t\t\t\t\t\t<div class=\"faq-item-question-icon\"><\/div>\r\n\t\t\t\t\t<\/div>\r\n\r\n\t\t\t\t\t<div class=\"faq-item-answer\">\r\n\t\t\t\t\t\t<div class=\"faq-item-answer-text\"><p>Incorporar un Instagram Feed en tu sitio web HTML es un m\u00e9todo fant\u00e1stico para mostrar tus \u00faltimas publicaciones y mantener el inter\u00e9s de la audiencia.<\/p><ol><li>Para incrustar un <a href=\"https:\/\/elfsight.com\/blog\/how-to-embed-instagram-feed-on-website\/\">Instagram Feed<\/a> de Elfsight de forma gratuita en tu sitio HTML, visita el sitio web de Elfsight y reg\u00edstrate para obtener una cuenta gratuita.<\/li><li>Maximiza el potencial del widget gratuito de Instagram personalizando su apariencia y configuraciones para adaptarlo a la est\u00e9tica de tu sitio HTML.<\/li><li>Una vez que hayas ajustado tu Instagram Feed de forma gratuita, copia el c\u00f3digo de inserci\u00f3n \u00fanico y p\u00e9galo en el c\u00f3digo HTML de tu sitio donde desees que se muestre el feed.<\/li><\/ol><p>Al agregar tu Instagram Feed a tu sitio HTML, aumentar\u00e1s su atractivo visual y fomentar\u00e1s una interacci\u00f3n continua de la audiencia. \u00a1Aprovecha los beneficios del widget de Instagram de Elfsight sin gastar un centavo!<\/p><\/div>\r\n\t\t\t\t\t<\/div>\r\n\t\t\t\t<\/div><div class=\"faq-item\">\r\n\t\t\t\t\t<div class=\"faq-item-question\">\r\n\t\t\t\t\t\t<h3 class=\"faq-item-question-text\">\u00bfC\u00f3mo puedo obtener un collage o slider de publicaciones de Instagram con la ayuda de los widgets de Elfsight?<\/h3>\r\n\r\n\t\t\t\t\t\t<div class=\"faq-item-question-icon\"><\/div>\r\n\t\t\t\t\t<\/div>\r\n\r\n\t\t\t\t\t<div class=\"faq-item-answer\">\r\n\t\t\t\t\t\t<div class=\"faq-item-answer-text\"><p>Tienes a tu disposici\u00f3n una variedad de plantillas: lista, masonry, cuadr\u00edcula, feed, galer\u00eda y muchas otras, junto con opciones de dise\u00f1o flexibles para adaptarse a tus requisitos. Puedes crear casi cualquier herramienta que necesites.<\/p><\/div>\r\n\t\t\t\t\t<\/div>\r\n\t\t\t\t<\/div><div class=\"faq-item\">\r\n\t\t\t\t\t<div class=\"faq-item-question\">\r\n\t\t\t\t\t\t<h3 class=\"faq-item-question-text\">\u00bfPor qu\u00e9 mi feed de Instagram HTML no funciona o no se actualiza?<\/h3>\r\n\r\n\t\t\t\t\t\t<div class=\"faq-item-question-icon\"><\/div>\r\n\t\t\t\t\t<\/div>\r\n\r\n\t\t\t\t\t<div class=\"faq-item-answer\">\r\n\t\t\t\t\t\t<div class=\"faq-item-answer-text\"><p>Si experimentas alguna dificultad con el c\u00f3digo HTML, dir\u00edgete al equipo de soporte t\u00e9cnico. El servicio de soporte es completamente gratuito para todos los clientes de Elfsight.<\/p><\/div>\r\n\t\t\t\t\t<\/div>\r\n\t\t\t\t<\/div><\/div><\/div>","protected":false},"excerpt":{"rendered":"","protected":false},"author":18,"featured_media":0,"parent":1442,"menu_order":0,"comment_status":"closed","ping_status":"closed","template":"templates\/template-application-platform.php","meta":{"publish_to_discourse":"","publish_post_category":"","wpdc_auto_publish_overridden":"","wpdc_topic_tags":"","wpdc_pin_topic":"","wpdc_pin_until":"","discourse_post_id":"","discourse_permalink":"","wpdc_publishing_response":"","wpdc_publishing_error":"","footnotes":""},"class_list":["post-3614","page","type-page","status-publish","hentry"],"yoast_head":"<!-- This site is optimized with the Yoast SEO plugin v25.3.1 - https:\/\/yoast.com\/wordpress\/plugins\/seo\/ -->\n<title>Feed de Instagram - A\u00f1adir widget de Instagram Feed al HTML<\/title>\n<meta name=\"description\" content=\"Instala un widget responsivo de Feed de Instagram en su p\u00e1gina web de HTML. Lance la demo de Elfsight f\u00e1cil de usar y cree su widget \u00fanico.\" \/>\n<meta name=\"robots\" content=\"index, follow, max-snippet:-1, max-image-preview:large, max-video-preview:-1\" \/>\n<link rel=\"canonical\" href=\"https:\/\/elfsight.com\/es\/instagram-feed-instashow\/html\/\" \/>\n<meta property=\"og:locale\" content=\"es_ES\" \/>\n<meta property=\"og:type\" content=\"article\" \/>\n<meta property=\"og:title\" content=\"Feed de Instagram - A\u00f1adir widget de Instagram Feed al HTML\" \/>\n<meta property=\"og:description\" content=\"Instala un widget responsivo de Feed de Instagram en su p\u00e1gina web de HTML. Lance la demo de Elfsight f\u00e1cil de usar y cree su widget \u00fanico.\" \/>\n<meta property=\"og:url\" content=\"https:\/\/elfsight.com\/es\/instagram-feed-instashow\/html\/\" \/>\n<meta property=\"og:site_name\" content=\"Elfsight ES\" \/>\n<meta property=\"article:modified_time\" content=\"2025-02-06T15:06:24+00:00\" \/>\n<meta name=\"twitter:card\" content=\"summary_large_image\" \/>\n<meta name=\"twitter:label1\" content=\"Tiempo de lectura\" \/>\n\t<meta name=\"twitter:data1\" content=\"4 minutos\" \/>\n<!-- \/ Yoast SEO plugin. -->","yoast_head_json":{"title":"Feed de Instagram - A\u00f1adir widget de Instagram Feed al HTML","description":"Instala un widget responsivo de Feed de Instagram en su p\u00e1gina web de HTML. Lance la demo de Elfsight f\u00e1cil de usar y cree su widget \u00fanico.","robots":{"index":"index","follow":"follow","max-snippet":"max-snippet:-1","max-image-preview":"max-image-preview:large","max-video-preview":"max-video-preview:-1"},"canonical":"https:\/\/elfsight.com\/es\/instagram-feed-instashow\/html\/","og_locale":"es_ES","og_type":"article","og_title":"Feed de Instagram - A\u00f1adir widget de Instagram Feed al HTML","og_description":"Instala un widget responsivo de Feed de Instagram en su p\u00e1gina web de HTML. Lance la demo de Elfsight f\u00e1cil de usar y cree su widget \u00fanico.","og_url":"https:\/\/elfsight.com\/es\/instagram-feed-instashow\/html\/","og_site_name":"Elfsight ES","article_modified_time":"2025-02-06T15:06:24+00:00","twitter_card":"summary_large_image","twitter_misc":{"Tiempo de lectura":"4 minutos"},"schema":{"@context":"https:\/\/schema.org","@graph":[{"@type":"WebPage","@id":"https:\/\/elfsight.com\/es\/instagram-feed-instashow\/html\/","url":"https:\/\/elfsight.com\/es\/instagram-feed-instashow\/html\/","name":"Feed de Instagram - A\u00f1adir widget de Instagram Feed al HTML","isPartOf":{"@id":"https:\/\/elfsight.com\/es\/#website"},"datePublished":"2022-02-11T12:25:48+00:00","dateModified":"2025-02-06T15:06:24+00:00","description":"Instala un widget responsivo de Feed de Instagram en su p\u00e1gina web de HTML. Lance la demo de Elfsight f\u00e1cil de usar y cree su widget \u00fanico.","breadcrumb":{"@id":"https:\/\/elfsight.com\/es\/instagram-feed-instashow\/html\/#breadcrumb"},"inLanguage":"es","potentialAction":[{"@type":"ReadAction","target":["https:\/\/elfsight.com\/es\/instagram-feed-instashow\/html\/"]}]},{"@type":"BreadcrumbList","@id":"https:\/\/elfsight.com\/es\/instagram-feed-instashow\/html\/#breadcrumb","itemListElement":[{"@type":"ListItem","position":1,"name":"Home","item":"https:\/\/elfsight.com\/es\/"},{"@type":"ListItem","position":2,"name":"Instagram Feed","item":"https:\/\/elfsight.com\/es\/instagram-feed-instashow\/"},{"@type":"ListItem","position":3,"name":"Instagram Feed &#8211; HTML"}]},{"@type":"WebSite","@id":"https:\/\/elfsight.com\/es\/#website","url":"https:\/\/elfsight.com\/es\/","name":"Elfsight ES","description":"Just another Elfsight Sites site","potentialAction":[{"@type":"SearchAction","target":{"@type":"EntryPoint","urlTemplate":"https:\/\/elfsight.com\/es\/?s={search_term_string}"},"query-input":{"@type":"PropertyValueSpecification","valueRequired":true,"valueName":"search_term_string"}}],"inLanguage":"es"}]}},"meta_box":{"industry":"","seo_heading":"","heading":"","description":"","cta_heading":"","cta_description":"","application":"1441","h1":"widget de Feed de Instagram para HTML","h1_caption":"Exhibe fotos, v\u00eddeos y galer\u00edas de Instagram en su p\u00e1gina web","application_category":[],"applications_title":"","applications_request_title":"","applications_request_button_text":"","hero_text":"","hero_video":"","hero_video_schema_markup":"","selling_points_title":"","selling_points_caption":"","selling_points":[],"selling_points_cta_text":"","features_title":"","features":"","ed_cta_examples_text":"","ed_cta_examples_hidden":"","ed_cta_demo_text":"","ed_cta_demo_hidden":"","why_caption":"","why_editor_title":"","why_editor_text":"","why_team_title":"","why_team_text":"","why_service_title":"","why_service_text":"","template_catalog_visible":"0","template_catalog_title":"","template_catalog_text":"","template_catalog_categories_visible":"","demo_title":"Crea tu widget de feed de Instagram","demo_caption":"\u00a1Configure su feed de Instagram y agr\u00e9guelo a su sitio web HTML de forma gratuita!","default_faq_hidden":"","app_template_category":[],"platform":"70","template_public_id":"","codecanyon_url":"","codecanyon_item_id":"","codecanyon_price":"","pricing_caption":"","pricing_elfsight_apps_hide_column":"","pricing_elfsight_apps_url":"","pricing_codecanyon_price_caption":"","integration_category":[],"integration_request_title":"","integration_request_cta":"","integration_platform":"","integrations":[],"platform_category":[],"video_schema_markup":"","price":"desde $0 por mes","trial":"","benefits":[{"text":"Instalaci\u00f3n gratuita"},{"text":"Soporte Premium"},{"text":"14 d\u00edas garant\u00eda de reembolso"},{"text":"Actualizaciones regulares"}],"button_url":"#demo","button_target_blank":"0","button_nofollow":"0","attributes":[{"name":"Responsivo","content":"Si","_state":"expanded"},{"name":"Navegadores compatibles","content":"Firefox, Safari, Opera, Chrome, Edge","_state":"expanded"}],"tags":[],"tags_disable_links":"0","hide_more_platforms":"","video_object":"","demo_hide_cta":"0","demo_hide_cloud_options":"0","pricing_title":"","pricing":[{"pricing_icon":"platform","pricing_title":" Elfsight Apps","pricing_title_caption":"Soluci\u00f3n multiplataforma - valido para cualquier p\u00e1gina web","pricing_price":"desde $0 por mes","pricing_price_caption":"empezar con un plan gratuito","pricing_benefits":[{"text":"Sitios web ilimitados"},{"text":"Atenci\u00f3n al cliente gratuita y r\u00e1pida"},{"text":"Servicio de instalaci\u00f3n gratuito"},{"text":"Totalmente personalizable"}],"pricing_button_text":"Agregar al sitio web","pricing_button_url":"#demo","_state":"expanded"}],"related_apps_title":"","related_apps_hidden":"1","author":"","image":[],"title":"","job":"","social_networks":[]},"_links":{"self":[{"href":"https:\/\/elfsight.com\/es\/wp-json\/wp\/v2\/pages\/3614","targetHints":{"allow":["GET"]}}],"collection":[{"href":"https:\/\/elfsight.com\/es\/wp-json\/wp\/v2\/pages"}],"about":[{"href":"https:\/\/elfsight.com\/es\/wp-json\/wp\/v2\/types\/page"}],"author":[{"embeddable":true,"href":"https:\/\/elfsight.com\/es\/wp-json\/wp\/v2\/users\/18"}],"replies":[{"embeddable":true,"href":"https:\/\/elfsight.com\/es\/wp-json\/wp\/v2\/comments?post=3614"}],"version-history":[{"count":2,"href":"https:\/\/elfsight.com\/es\/wp-json\/wp\/v2\/pages\/3614\/revisions"}],"predecessor-version":[{"id":16048,"href":"https:\/\/elfsight.com\/es\/wp-json\/wp\/v2\/pages\/3614\/revisions\/16048"}],"up":[{"embeddable":true,"href":"https:\/\/elfsight.com\/es\/wp-json\/wp\/v2\/pages\/1442"}],"wp:attachment":[{"href":"https:\/\/elfsight.com\/es\/wp-json\/wp\/v2\/media?parent=3614"}],"curies":[{"name":"wp","href":"https:\/\/api.w.org\/{rel}","templated":true}]}}