{"id":3613,"date":"2022-02-11T12:25:51","date_gmt":"2022-02-11T12:25:51","guid":{"rendered":"https:\/\/elfsight.com\/es\/?page_id=3613"},"modified":"2025-02-06T15:06:13","modified_gmt":"2025-02-06T15:06:13","slug":"html","status":"publish","type":"page","link":"https:\/\/elfsight.com\/es\/logo-showcase-widget\/html\/","title":{"rendered":"Logo Showcase &#8211; HTML"},"content":{"rendered":"<div class=\"application-platform-content-item-description application-platform-content-item\" id=\"description\" data-nav-section=\"description\"><h2>Descripci\u00f3n<\/h2> <p>Elfsight Logo Showcase es la t\u00e9cnica m\u00e1s sencilla para mostrar los logotipos de tus clientes o patrocinadores o tus menciones en la prensa en el sitio. Con la ayuda de nuestro widget, transmites la idea de que tu empresa es un compa\u00f1ero confiable. El widget de Elfsight te permite mostrar m\u00faltiples logotipos, organizarlos en un deslizador o cuadr\u00edcula y alterar el tama\u00f1o de los logotipos. Puedes agregar un t\u00edtulo y un enlace a los sitios web de las empresas. Usando las opciones de colores y fuentes, lograr\u00e1s una interfaz \u00fanica.<\/p><p><b>Eleva la credibilidad de tu empresa.<\/b><\/p><\/div> <div class=\"application-platform-content-item-features application-platform-content-item\" id=\"features\" data-nav-section=\"features\"><h2>Caracter\u00edsticas<\/h2> <p>Aqu\u00ed puedes ver todas las funciones de Logo Showcase. Puedes ajustarlas directamente en el editor y te ayudar\u00e1n a construir el widget exactamente para tu caso.<\/p><ul><li>La opci\u00f3n de conectar cada logotipo a cualquier p\u00e1gina web;<\/li><li>Encabezado de widget con t\u00edtulo y texto, con opciones de formato;<\/li><li>El bot\u00f3n CTA puede ser vinculado a cualquier direcci\u00f3n;<\/li><li>3 dise\u00f1os equilibrados: Deslizador, Cuadr\u00edcula y Carrusel;<\/li><li>La opci\u00f3n de ajustar el tama\u00f1o del logotipo y el ancho del widget;<\/li><li>Opci\u00f3n de elegir cualquier color de fondo o usar una imagen personalizada.<\/li><\/ul><p><a href=\"#demo\">Prueba todas las dem\u00e1s funciones en la demo<\/a><\/p><\/div> <div class=\"application-platform-content-item-installation application-platform-content-item\" id=\"installation\" data-nav-section=\"installation\"><h2>\u00bfC\u00f3mo puedo agregar Logo Showcase a mi sitio HTML?<\/h2><div class=\"video-container\"><iframe width=\"720\" height=\"315\" src=\"https:\/\/www.youtube.com\/embed\/E1jyqC8U4kc\" frameborder=\"0\" allowfullscreen=\"\"><\/iframe><\/div><p>Para insertar el widget, simplemente sigue las instrucciones a continuaci\u00f3n:<\/p><ul><li><b>Crea tu widget de Logo personalizado<\/b><br>Usando nuestro editor gratuito, genera un plugin con una interfaz personalizada y caracter\u00edsticas funcionales.<\/li> <li><b>Obt\u00e9n el c\u00f3digo personal para agregar el plugin al sitio<\/b><br>Despu\u00e9s de configurar tu widget, obtendr\u00e1s el c\u00f3digo personal desde la notificaci\u00f3n emergente en Elfsight Apps. C\u00f3pialo.<\/li> <li><b>Publica el c\u00f3digo en tu sitio HTML<\/b><br>Elige el lugar en el que deseas agregar el plugin y pega el c\u00f3digo copiado all\u00ed. Publica los cambios.<\/li> <li><b>La configuraci\u00f3n ha terminado<\/b><br>Visita la p\u00e1gina web para ver tu plugin.<\/li><\/ul><p>No dudes en ponerte en contacto con nuestro servicio de atenci\u00f3n al cliente si necesitas asesoramiento o tienes alg\u00fan problema. Estaremos encantados de ayudarte con cualquier solicitud.<\/p><div class=\"faq\" data-component=\"FAQ\"><div class=\"faq-item\">\r\n\t\t\t\t\t<div class=\"faq-item-question\">\r\n\t\t\t\t\t\t<h3 class=\"faq-item-question-text\">\u00bfExiste alguna forma de agregar Logo Showcase a mi p\u00e1gina de inicio HTML sin experiencia en codificaci\u00f3n?<\/h3>\r\n\r\n\t\t\t\t\t\t<div class=\"faq-item-question-icon\"><\/div>\r\n\t\t\t\t\t<\/div>\r\n\r\n\t\t\t\t\t<div class=\"faq-item-answer\">\r\n\t\t\t\t\t\t<div class=\"faq-item-answer-text\"> <p>La empresa Elfsight ofrece una soluci\u00f3n que te permite crear un widget de Logo Showcase por ti mismo, mira lo f\u00e1cil que es el proceso: Trabaja directamente en la demo en l\u00ednea para crear el widget de Logo Showcase que deseas mostrar en tu sitio HTML. Elige una de las muchas plantillas predefinidas y adapta la configuraci\u00f3n de Logo Showcase, actualiza tu contenido, cambia el dise\u00f1o y los colores sin necesidad de conocimientos de codificaci\u00f3n. Haz clic para guardar la configuraci\u00f3n que hayas realizado en Logo Showcase y obt\u00e9n el c\u00f3digo de instalaci\u00f3n del plugin, que se puede incrustar f\u00e1cilmente en cualquier p\u00e1gina HTML sin necesidad de comprar un plan de pago. Con nuestro editor f\u00e1cil de usar, cualquier usuario de internet puede crear un widget de Logo Showcase y agregarlo f\u00e1cilmente a cualquier p\u00e1gina HTML. No es necesario tener un plan de pago ni proporcionar los datos de tu tarjeta para acceder al editor. Si encuentras alg\u00fan obst\u00e1culo en cualquier paso, no dudes en ponerte en contacto con nuestro soporte t\u00e9cnico.<\/p> <\/div>\r\n\t\t\t\t\t<\/div>\r\n\t\t\t\t<\/div> <\/div><\/div>","protected":false},"excerpt":{"rendered":"","protected":false},"author":18,"featured_media":0,"parent":1690,"menu_order":0,"comment_status":"closed","ping_status":"closed","template":"templates\/template-application-platform.php","meta":{"publish_to_discourse":"","publish_post_category":"","wpdc_auto_publish_overridden":"","wpdc_topic_tags":"","wpdc_pin_topic":"","wpdc_pin_until":"","discourse_post_id":"","discourse_permalink":"","wpdc_publishing_response":"","wpdc_publishing_error":"","footnotes":""},"class_list":["post-3613","page","type-page","status-publish","hentry"],"yoast_head":"<!-- This site is optimized with the Yoast SEO plugin v25.3.1 - https:\/\/yoast.com\/wordpress\/plugins\/seo\/ -->\n<title>Exposici\u00f3n de logos - Incorporar widget de Logotipo de escaparate al HTML<\/title>\n<meta name=\"description\" content=\"Incrusta un widget responsivo de Exposici\u00f3n de logos en su p\u00e1gina web de HTML. Pruebe la demo de Elfsight manejable y construe su widget propio.\" \/>\n<meta name=\"robots\" content=\"index, follow, max-snippet:-1, max-image-preview:large, max-video-preview:-1\" \/>\n<link rel=\"canonical\" href=\"https:\/\/elfsight.com\/es\/logo-showcase-widget\/html\/\" \/>\n<meta property=\"og:locale\" content=\"es_ES\" \/>\n<meta property=\"og:type\" content=\"article\" \/>\n<meta property=\"og:title\" content=\"Exposici\u00f3n de logos - Incorporar widget de Logotipo de escaparate al HTML\" \/>\n<meta property=\"og:description\" content=\"Incrusta un widget responsivo de Exposici\u00f3n de logos en su p\u00e1gina web de HTML. Pruebe la demo de Elfsight manejable y construe su widget propio.\" \/>\n<meta property=\"og:url\" content=\"https:\/\/elfsight.com\/es\/logo-showcase-widget\/html\/\" \/>\n<meta property=\"og:site_name\" content=\"Elfsight ES\" \/>\n<meta property=\"article:modified_time\" content=\"2025-02-06T15:06:13+00:00\" \/>\n<meta name=\"twitter:card\" content=\"summary_large_image\" \/>\n<meta name=\"twitter:label1\" content=\"Tiempo de lectura\" \/>\n\t<meta name=\"twitter:data1\" content=\"2 minutos\" \/>\n<!-- \/ Yoast SEO plugin. -->","yoast_head_json":{"title":"Exposici\u00f3n de logos - Incorporar widget de Logotipo de escaparate al HTML","description":"Incrusta un widget responsivo de Exposici\u00f3n de logos en su p\u00e1gina web de HTML. Pruebe la demo de Elfsight manejable y construe su widget propio.","robots":{"index":"index","follow":"follow","max-snippet":"max-snippet:-1","max-image-preview":"max-image-preview:large","max-video-preview":"max-video-preview:-1"},"canonical":"https:\/\/elfsight.com\/es\/logo-showcase-widget\/html\/","og_locale":"es_ES","og_type":"article","og_title":"Exposici\u00f3n de logos - Incorporar widget de Logotipo de escaparate al HTML","og_description":"Incrusta un widget responsivo de Exposici\u00f3n de logos en su p\u00e1gina web de HTML. Pruebe la demo de Elfsight manejable y construe su widget propio.","og_url":"https:\/\/elfsight.com\/es\/logo-showcase-widget\/html\/","og_site_name":"Elfsight ES","article_modified_time":"2025-02-06T15:06:13+00:00","twitter_card":"summary_large_image","twitter_misc":{"Tiempo de lectura":"2 minutos"},"schema":{"@context":"https:\/\/schema.org","@graph":[{"@type":"WebPage","@id":"https:\/\/elfsight.com\/es\/logo-showcase-widget\/html\/","url":"https:\/\/elfsight.com\/es\/logo-showcase-widget\/html\/","name":"Exposici\u00f3n de logos - Incorporar widget de Logotipo de escaparate al HTML","isPartOf":{"@id":"https:\/\/elfsight.com\/es\/#website"},"datePublished":"2022-02-11T12:25:51+00:00","dateModified":"2025-02-06T15:06:13+00:00","description":"Incrusta un widget responsivo de Exposici\u00f3n de logos en su p\u00e1gina web de HTML. Pruebe la demo de Elfsight manejable y construe su widget propio.","breadcrumb":{"@id":"https:\/\/elfsight.com\/es\/logo-showcase-widget\/html\/#breadcrumb"},"inLanguage":"es","potentialAction":[{"@type":"ReadAction","target":["https:\/\/elfsight.com\/es\/logo-showcase-widget\/html\/"]}]},{"@type":"BreadcrumbList","@id":"https:\/\/elfsight.com\/es\/logo-showcase-widget\/html\/#breadcrumb","itemListElement":[{"@type":"ListItem","position":1,"name":"Home","item":"https:\/\/elfsight.com\/es\/"},{"@type":"ListItem","position":2,"name":"Logo Showcase","item":"https:\/\/elfsight.com\/es\/logo-showcase-widget\/"},{"@type":"ListItem","position":3,"name":"Logo Showcase &#8211; HTML"}]},{"@type":"WebSite","@id":"https:\/\/elfsight.com\/es\/#website","url":"https:\/\/elfsight.com\/es\/","name":"Elfsight ES","description":"Just another Elfsight Sites site","potentialAction":[{"@type":"SearchAction","target":{"@type":"EntryPoint","urlTemplate":"https:\/\/elfsight.com\/es\/?s={search_term_string}"},"query-input":{"@type":"PropertyValueSpecification","valueRequired":true,"valueName":"search_term_string"}}],"inLanguage":"es"}]}},"meta_box":{"industry":"","seo_heading":"","heading":"","description":"","cta_heading":"","cta_description":"","application":"1689","h1":"widget de Exposici\u00f3n de logotipos para HTML","h1_caption":"A\u00f1ade un n\u00famero ilimitado de logotipos y aumenta la confianza de los clientes","application_category":[],"applications_title":"","applications_request_title":"","applications_request_button_text":"","hero_text":"","hero_video":"","hero_video_schema_markup":"","selling_points_title":"","selling_points_caption":"","selling_points":[],"selling_points_cta_text":"","features_title":"","features":"","ed_cta_examples_text":"","ed_cta_examples_hidden":"","ed_cta_demo_text":"","ed_cta_demo_hidden":"","why_caption":"","why_editor_title":"","why_editor_text":"","why_team_title":"","why_team_text":"","why_service_title":"","why_service_text":"","template_catalog_visible":"","template_catalog_title":"","template_catalog_text":"","template_catalog_categories_visible":"","demo_title":"Crea tu widget de presentaci\u00f3n de logotipos","demo_caption":"\u00a1Configure su Logo Showcase y agr\u00e9guelo a su sitio web HTML de forma gratuita!","default_faq_hidden":"","app_template_category":[],"platform":"70","template_public_id":"","codecanyon_url":"","codecanyon_item_id":"","codecanyon_price":"","pricing_caption":"","pricing_elfsight_apps_hide_column":"","pricing_elfsight_apps_url":"","pricing_codecanyon_price_caption":"","integration_category":[],"integration_request_title":"","integration_request_cta":"","integration_platform":"","integrations":[],"platform_category":[],"video_schema_markup":"","price":"desde $0 por mes","trial":"","benefits":[{"text":"Instalaci\u00f3n gratuita"},{"text":"Soporte Premium"},{"text":"14 d\u00edas garant\u00eda de reembolso"},{"text":"Actualizaciones regulares"}],"button_url":"#demo","button_target_blank":"0","button_nofollow":"0","attributes":[{"name":"Responsivo","content":"Si","_state":"expanded"},{"name":"Navegadores compatibles","content":"Firefox, Safari, Opera, Chrome, Edge","_state":"expanded"}],"tags":[],"tags_disable_links":"0","hide_more_platforms":"","video_object":"","demo_hide_cta":"0","demo_hide_cloud_options":"0","pricing_title":"","pricing":[{"pricing_icon":"platform","pricing_title":" Elfsight Apps","pricing_title_caption":"Soluci\u00f3n multiplataforma - valido para cualquier p\u00e1gina web","pricing_price":"desde $0 por mes","pricing_price_caption":"empezar con un plan gratuito","pricing_benefits":[{"text":"Sitios web ilimitados"},{"text":"Atenci\u00f3n al cliente gratuita y r\u00e1pida"},{"text":"Servicio de instalaci\u00f3n gratuito"},{"text":"Totalmente personalizable"}],"pricing_button_text":"Agregar al sitio web","pricing_button_url":"#demo","_state":"expanded"}],"related_apps_title":"","related_apps_hidden":"1","author":"","image":[],"title":"","job":"","social_networks":[]},"_links":{"self":[{"href":"https:\/\/elfsight.com\/es\/wp-json\/wp\/v2\/pages\/3613","targetHints":{"allow":["GET"]}}],"collection":[{"href":"https:\/\/elfsight.com\/es\/wp-json\/wp\/v2\/pages"}],"about":[{"href":"https:\/\/elfsight.com\/es\/wp-json\/wp\/v2\/types\/page"}],"author":[{"embeddable":true,"href":"https:\/\/elfsight.com\/es\/wp-json\/wp\/v2\/users\/18"}],"replies":[{"embeddable":true,"href":"https:\/\/elfsight.com\/es\/wp-json\/wp\/v2\/comments?post=3613"}],"version-history":[{"count":3,"href":"https:\/\/elfsight.com\/es\/wp-json\/wp\/v2\/pages\/3613\/revisions"}],"predecessor-version":[{"id":17909,"href":"https:\/\/elfsight.com\/es\/wp-json\/wp\/v2\/pages\/3613\/revisions\/17909"}],"up":[{"embeddable":true,"href":"https:\/\/elfsight.com\/es\/wp-json\/wp\/v2\/pages\/1690"}],"wp:attachment":[{"href":"https:\/\/elfsight.com\/es\/wp-json\/wp\/v2\/media?parent=3613"}],"curies":[{"name":"wp","href":"https:\/\/api.w.org\/{rel}","templated":true}]}}