{"id":3610,"date":"2022-02-11T12:25:59","date_gmt":"2022-02-11T12:25:59","guid":{"rendered":"https:\/\/elfsight.com\/es\/?page_id=3610"},"modified":"2025-02-06T15:06:13","modified_gmt":"2025-02-06T15:06:13","slug":"google-sites","status":"publish","type":"page","link":"https:\/\/elfsight.com\/es\/instagram-feed-instashow\/google-sites\/","title":{"rendered":"Instagram Feed &#8211; Google Sites"},"content":{"rendered":"<div class=\"application-platform-content-item-description application-platform-content-item\" id=\"description\" data-nav-section=\"description\"><h2>Incrusta Instagram en Google Sites con el widget de Elfsight<\/h2> <p>InstaShow es un potente plugin de Instagram, que hace posible generar galer\u00edas atractivas a partir de fotos y videos de Instagram. Un n\u00famero infinito de variantes de configuraci\u00f3n de tu perfil personal: todo tipo de fuentes, filtros de feed, m\u00e1s de 60 valores ajustables y 10 esquemas de color, totalmente adaptado para diferentes tama\u00f1os de pantalla. Usa un plugin totalmente responsivo y pr\u00e1ctico para atraer a los visitantes de tu sitio de inmediato.<\/p> <p><b>Haz que tu sitio sea m\u00e1s exitoso para objetivos de comercio electr\u00f3nico con la ayuda del Instagram Feed<\/b><\/p><div class=\"faq\" data-component=\"FAQ\"><div class=\"faq-item\">\r\n\t\t\t\t\t<div class=\"faq-item-question\">\r\n\t\t\t\t\t\t<h3 class=\"faq-item-question-text\">\u00bfPuedo probar el widget de Instagram Feed en acci\u00f3n?<\/h3>\r\n\r\n\t\t\t\t\t\t<div class=\"faq-item-question-icon\"><\/div>\r\n\t\t\t\t\t<\/div>\r\n\r\n\t\t\t\t\t<div class=\"faq-item-answer\">\r\n\t\t\t\t\t\t<div class=\"faq-item-answer-text\"> <p>S\u00ed, tienes esta opci\u00f3n incluso sin registro. \u00a1Tienes la oportunidad de probar todas las caracter\u00edsticas del widget visualmente en una <a href=\"#demo\">demo<\/a>. Adem\u00e1s, puedes incrustar Instagram Feed en Google Sites y ver su rendimiento de forma gratuita.<\/p><\/div>\r\n\t\t\t\t\t<\/div>\r\n\t\t\t\t<\/div><div class=\"faq-item\">\r\n\t\t\t\t\t<div class=\"faq-item-question\">\r\n\t\t\t\t\t\t<h3 class=\"faq-item-question-text\">\u00bfC\u00f3mo incrustar Instagram Feed de forma gratuita en Google Sites?<\/h3>\r\n\r\n\t\t\t\t\t\t<div class=\"faq-item-question-icon\"><\/div>\r\n\t\t\t\t\t<\/div>\r\n\r\n\t\t\t\t\t<div class=\"faq-item-answer\">\r\n\t\t\t\t\t\t<div class=\"faq-item-answer-text\"><ol><p>Integrar un Instagram Feed en tu p\u00e1gina web es una excelente manera de mostrar tus publicaciones m\u00e1s recientes y mantener el inter\u00e9s de los visitantes.<\/p><ol><li>Para <a href=\"https:\/\/elfsight.com\/blog\/how-to-embed-instagram-feed-on-website\/\">incrustar el Instagram Feed de Elfsight<\/a> de forma gratuita en Google Sites, visita el sitio web de Elfsight y reg\u00edstrate para obtener una cuenta sin costo.<\/li><li>Aprovecha al m\u00e1ximo el widget gratuito de Instagram personalizando su apariencia y configuraci\u00f3n para que se complemente con el dise\u00f1o de tu p\u00e1gina de Google Sites.<\/li><li>Despu\u00e9s de optimizar tu Instagram Feed de forma gratuita, copia el c\u00f3digo \u00fanico de incrustaci\u00f3n y p\u00e9galo en el HTML de tu p\u00e1gina de Google Sites donde quieras que se muestre el feed.<\/li><\/ol><p>Al incorporar tu Instagram Feed en tu p\u00e1gina de Google Sites, aumentar\u00e1s su atractivo visual y mantendr\u00e1s un compromiso constante de los visitantes. \u00a1Disfruta de los beneficios del widget de Instagram de Elfsight sin inversi\u00f3n econ\u00f3mica!<\/p><\/ol><\/div>\r\n\t\t\t\t\t<\/div>\r\n\t\t\t\t<\/div><\/div><\/div> <div class=\"application-platform-content-item-features application-platform-content-item\" id=\"features\" data-nav-section=\"features\"> <h2>Caracter\u00edsticas principales del plugin Instagram Feed<\/h2><p>Ofrecemos caracter\u00edsticas potentes y r\u00e1pidas, algunas de ellas son:<\/p> <ul><li>2 dise\u00f1os listos para usar: deslizador y cuadr\u00edcula<\/li><li>2 plantillas de publicaciones: mosaico y cl\u00e1sica<\/li><li>N\u00famero ajustable de columnas y filas<\/li><li>Ajustes diversos de publicaciones con elementos de publicaci\u00f3n y elementos emergentes<\/li><li>Navegaci\u00f3n con flechas, arrastre y deslizamiento<\/li><\/ul><p><a href=\"#demo\">Solo prueba esta demo para ver c\u00f3mo funciona<\/a><\/p> <\/div> <div class=\"application-platform-content-item-installation application-platform-content-item\" id=\"installation\" data-nav-section=\"installation\"> <h2>\u00bfC\u00f3mo puedo agregar Instagram Feed a mi Google Sites?<\/h2><div class=\"video-container\"><iframe width=\"720\" height=\"405\" src=\"https:\/\/www.youtube.com\/embed\/Z6pDxg1SqLg\" frameborder=\"0\" allowfullscreen=\"\"><\/iframe><\/div><p>Simplemente sigue los pasos que se describen a continuaci\u00f3n para comenzar a trabajar con la herramienta.<\/p> <ol><li><b>Inicia nuestra demo gratuita y comienza a crear tu propia herramienta.<\/b><br> Determina la apariencia y aspectos del plugin y guarda las modificaciones.<\/li>  <li><b>Recibe tu c\u00f3digo personal revelado en la caja de Elfsight Apps.<\/b><br> Despu\u00e9s de generar tu herramienta, copia el c\u00f3digo personal desde la caja emergente y gu\u00e1rdalo para su uso posterior.<\/li>  <li><b>Comienza a usar el plugin en tu p\u00e1gina web de Google Sites.<\/b><br> Agrega el c\u00f3digo guardado previamente en tu p\u00e1gina de inicio y guarda los cambios.<\/li>  <li><b>\u00a1Listo! La incrustaci\u00f3n est\u00e1 completamente terminada.<\/b><br> Visita tu p\u00e1gina para ver en acci\u00f3n c\u00f3mo funciona el widget.<\/li><\/ol> <div class=\"tip-yellow tip\"><b>Debido a las peculiaridades de funcionamiento de Google Sites, el widget puede verse diferente al de la demo en l\u00ednea. Pedimos disculpas por cualquier inconveniente.<\/b><\/div><p>Si tienes preguntas o encuentras obst\u00e1culos, no dudes en ponerte en contacto con nuestro equipo de soporte. Nuestros consultores estar\u00e1n encantados de ayudarte con todas las dudas que puedas tener sobre la herramienta.<\/p> <\/div>","protected":false},"excerpt":{"rendered":"","protected":false},"author":18,"featured_media":0,"parent":1442,"menu_order":0,"comment_status":"closed","ping_status":"closed","template":"templates\/template-application-platform.php","meta":{"publish_to_discourse":"","publish_post_category":"","wpdc_auto_publish_overridden":"","wpdc_topic_tags":"","wpdc_pin_topic":"","wpdc_pin_until":"","discourse_post_id":"","discourse_permalink":"","wpdc_publishing_response":"","wpdc_publishing_error":"","footnotes":""},"class_list":["post-3610","page","type-page","status-publish","hentry"],"yoast_head":"<!-- This site is optimized with the Yoast SEO plugin v25.3.1 - https:\/\/yoast.com\/wordpress\/plugins\/seo\/ -->\n<title>Feed de Instagram - Embeber plugin de Instagram Feed al Google Sites<\/title>\n<meta name=\"description\" content=\"A\u00f1ade un widget interactivo de Feed de Instagram en su p\u00e1gina web de Google Sites. Use la demo de Elfsight intuitiva y construe su plugin propio.\" \/>\n<meta name=\"robots\" content=\"index, follow, max-snippet:-1, max-image-preview:large, max-video-preview:-1\" \/>\n<link rel=\"canonical\" href=\"https:\/\/elfsight.com\/es\/instagram-feed-instashow\/google-sites\/\" \/>\n<meta property=\"og:locale\" content=\"es_ES\" \/>\n<meta property=\"og:type\" content=\"article\" \/>\n<meta property=\"og:title\" content=\"Feed de Instagram - Embeber plugin de Instagram Feed al Google Sites\" \/>\n<meta property=\"og:description\" content=\"A\u00f1ade un widget interactivo de Feed de Instagram en su p\u00e1gina web de Google Sites. Use la demo de Elfsight intuitiva y construe su plugin propio.\" \/>\n<meta property=\"og:url\" content=\"https:\/\/elfsight.com\/es\/instagram-feed-instashow\/google-sites\/\" \/>\n<meta property=\"og:site_name\" content=\"Elfsight ES\" \/>\n<meta property=\"article:modified_time\" content=\"2025-02-06T15:06:13+00:00\" \/>\n<meta name=\"twitter:card\" content=\"summary_large_image\" \/>\n<meta name=\"twitter:label1\" content=\"Tiempo de lectura\" \/>\n\t<meta name=\"twitter:data1\" content=\"1 minuto\" \/>\n<!-- \/ Yoast SEO plugin. -->","yoast_head_json":{"title":"Feed de Instagram - Embeber plugin de Instagram Feed al Google Sites","description":"A\u00f1ade un widget interactivo de Feed de Instagram en su p\u00e1gina web de Google Sites. Use la demo de Elfsight intuitiva y construe su plugin propio.","robots":{"index":"index","follow":"follow","max-snippet":"max-snippet:-1","max-image-preview":"max-image-preview:large","max-video-preview":"max-video-preview:-1"},"canonical":"https:\/\/elfsight.com\/es\/instagram-feed-instashow\/google-sites\/","og_locale":"es_ES","og_type":"article","og_title":"Feed de Instagram - Embeber plugin de Instagram Feed al Google Sites","og_description":"A\u00f1ade un widget interactivo de Feed de Instagram en su p\u00e1gina web de Google Sites. Use la demo de Elfsight intuitiva y construe su plugin propio.","og_url":"https:\/\/elfsight.com\/es\/instagram-feed-instashow\/google-sites\/","og_site_name":"Elfsight ES","article_modified_time":"2025-02-06T15:06:13+00:00","twitter_card":"summary_large_image","twitter_misc":{"Tiempo de lectura":"1 minuto"},"schema":{"@context":"https:\/\/schema.org","@graph":[{"@type":"WebPage","@id":"https:\/\/elfsight.com\/es\/instagram-feed-instashow\/google-sites\/","url":"https:\/\/elfsight.com\/es\/instagram-feed-instashow\/google-sites\/","name":"Feed de Instagram - Embeber plugin de Instagram Feed al Google Sites","isPartOf":{"@id":"https:\/\/elfsight.com\/es\/#website"},"datePublished":"2022-02-11T12:25:59+00:00","dateModified":"2025-02-06T15:06:13+00:00","description":"A\u00f1ade un widget interactivo de Feed de Instagram en su p\u00e1gina web de Google Sites. Use la demo de Elfsight intuitiva y construe su plugin propio.","breadcrumb":{"@id":"https:\/\/elfsight.com\/es\/instagram-feed-instashow\/google-sites\/#breadcrumb"},"inLanguage":"es","potentialAction":[{"@type":"ReadAction","target":["https:\/\/elfsight.com\/es\/instagram-feed-instashow\/google-sites\/"]}]},{"@type":"BreadcrumbList","@id":"https:\/\/elfsight.com\/es\/instagram-feed-instashow\/google-sites\/#breadcrumb","itemListElement":[{"@type":"ListItem","position":1,"name":"Home","item":"https:\/\/elfsight.com\/es\/"},{"@type":"ListItem","position":2,"name":"Instagram Feed","item":"https:\/\/elfsight.com\/es\/instagram-feed-instashow\/"},{"@type":"ListItem","position":3,"name":"Instagram Feed &#8211; Google Sites"}]},{"@type":"WebSite","@id":"https:\/\/elfsight.com\/es\/#website","url":"https:\/\/elfsight.com\/es\/","name":"Elfsight ES","description":"Just another Elfsight Sites site","potentialAction":[{"@type":"SearchAction","target":{"@type":"EntryPoint","urlTemplate":"https:\/\/elfsight.com\/es\/?s={search_term_string}"},"query-input":{"@type":"PropertyValueSpecification","valueRequired":true,"valueName":"search_term_string"}}],"inLanguage":"es"}]}},"meta_box":{"industry":"","seo_heading":"","heading":"","description":"","cta_heading":"","cta_description":"","application":"1441","h1":"complemento de Feed de Instagram para Google Sites","h1_caption":"A\u00f1ade galer\u00edas, fotos y v\u00eddeos de Instagram en su sitio","application_category":[],"applications_title":"","applications_request_title":"","applications_request_button_text":"","hero_text":"","hero_video":"","hero_video_schema_markup":"","selling_points_title":"","selling_points_caption":"","selling_points":[],"selling_points_cta_text":"","features_title":"","features":"","ed_cta_examples_text":"","ed_cta_examples_hidden":"","ed_cta_demo_text":"","ed_cta_demo_hidden":"","why_caption":"","why_editor_title":"","why_editor_text":"","why_team_title":"","why_team_text":"","why_service_title":"","why_service_text":"","template_catalog_visible":"","template_catalog_title":"","template_catalog_text":"","template_catalog_categories_visible":"","demo_title":"Crea tu widget de feed de Instagram","demo_caption":"\u00a1Configure su feed de Instagram y agr\u00e9guelo a su sitio web de Google Sites de forma gratuita!","default_faq_hidden":"","app_template_category":[],"platform":"67","template_public_id":"","codecanyon_url":"","codecanyon_item_id":"","codecanyon_price":"","pricing_caption":"","pricing_elfsight_apps_hide_column":"","pricing_elfsight_apps_url":"","pricing_codecanyon_price_caption":"","integration_category":[],"integration_request_title":"","integration_request_cta":"","integration_platform":"","integrations":[],"platform_category":[],"video_schema_markup":"","price":"desde $0 por mes","trial":"","benefits":[{"text":"Instalaci\u00f3n gratuita"},{"text":"Soporte Premium"},{"text":"14 d\u00edas garant\u00eda de reembolso"},{"text":"Actualizaciones regulares"}],"button_url":"#demo","button_target_blank":"0","button_nofollow":"0","attributes":[{"name":"Responsivo","content":"Si","_state":"expanded"},{"name":"Navegadores compatibles","content":"Firefox, Safari, Opera, Chrome, Edge","_state":"expanded"}],"tags":[],"tags_disable_links":"0","hide_more_platforms":"","video_object":"","demo_hide_cta":"0","demo_hide_cloud_options":"0","pricing_title":"","pricing":[{"pricing_icon":"platform","pricing_title":" Elfsight Apps","pricing_title_caption":"Soluci\u00f3n multiplataforma - valido para cualquier p\u00e1gina web","pricing_price":"desde $0 por mes","pricing_price_caption":"empezar con un plan gratuito","pricing_benefits":[{"text":"Sitios web ilimitados"},{"text":"Atenci\u00f3n al cliente gratuita y r\u00e1pida"},{"text":"Servicio de instalaci\u00f3n gratuito"},{"text":"Totalmente personalizable"}],"pricing_button_text":"Agregar al sitio web","pricing_button_url":"#demo","_state":"expanded"}],"related_apps_title":"","related_apps_hidden":"1","author":"","image":[],"title":"","job":"","social_networks":[]},"_links":{"self":[{"href":"https:\/\/elfsight.com\/es\/wp-json\/wp\/v2\/pages\/3610","targetHints":{"allow":["GET"]}}],"collection":[{"href":"https:\/\/elfsight.com\/es\/wp-json\/wp\/v2\/pages"}],"about":[{"href":"https:\/\/elfsight.com\/es\/wp-json\/wp\/v2\/types\/page"}],"author":[{"embeddable":true,"href":"https:\/\/elfsight.com\/es\/wp-json\/wp\/v2\/users\/18"}],"replies":[{"embeddable":true,"href":"https:\/\/elfsight.com\/es\/wp-json\/wp\/v2\/comments?post=3610"}],"version-history":[{"count":3,"href":"https:\/\/elfsight.com\/es\/wp-json\/wp\/v2\/pages\/3610\/revisions"}],"predecessor-version":[{"id":17908,"href":"https:\/\/elfsight.com\/es\/wp-json\/wp\/v2\/pages\/3610\/revisions\/17908"}],"up":[{"embeddable":true,"href":"https:\/\/elfsight.com\/es\/wp-json\/wp\/v2\/pages\/1442"}],"wp:attachment":[{"href":"https:\/\/elfsight.com\/es\/wp-json\/wp\/v2\/media?parent=3610"}],"curies":[{"name":"wp","href":"https:\/\/api.w.org\/{rel}","templated":true}]}}