{"id":3609,"date":"2022-02-11T12:26:04","date_gmt":"2022-02-11T12:26:04","guid":{"rendered":"https:\/\/elfsight.com\/es\/?page_id=3609"},"modified":"2025-02-06T15:06:13","modified_gmt":"2025-02-06T15:06:13","slug":"google-sites","status":"publish","type":"page","link":"https:\/\/elfsight.com\/es\/logo-showcase-widget\/google-sites\/","title":{"rendered":"Logo Showcase &#8211; Google Sites"},"content":{"rendered":"<div class=\"application-platform-content-item-features application-platform-content-item\" id=\"features\" data-nav-section=\"features\"><h2>Ofrecemos caracter\u00edsticas potentes y sin complicaciones, vea algunos de ellos:<\/h2> <ul><li>Coloca un n\u00famero ilimitado de logotipos.<\/li><li>Reordena y replica logos.<\/li><li>Vincula cada logotipo a alguna direcci\u00f3n.<\/li><li>Escribe la descripci\u00f3n del logo para que se muestre al pasar el rat\u00f3n por encima.<\/li><li>Activa o desactiva la cabecera.<\/li><li>La cabecera del widget tiene t\u00edtulo y texto con opciones de formato.<\/li><li>A\u00f1ade u oculta el bot\u00f3n CTA con texto espec\u00edfico.<\/li><li>M\u00e9todo de deslizamiento autom\u00e1tico en el dise\u00f1o del Deslizador y el Carrusel.<\/li><li>Escoge el color de los controles en el Slider.<\/li><li>Activa o desactiva la pausa al pasar por encima.<\/li><li>Color original o espec\u00edfico de los logos.<\/li><li>Filtro de escala de grises de los logotipos.<\/li><li>Opci\u00f3n de elegir un dise\u00f1o de bot\u00f3n Relleno o Contorno.<\/li><li>Forma del bot\u00f3n cambiable: de redondeado a rect\u00e1ngulo.<\/li><\/ul> <p><a href=\"#demo\">Puedes probar qu\u00e9 vale el %app% con la ayuda de la demo<\/a><\/p> <\/div> <div class=\"application-platform-content-item-installation application-platform-content-item\" id=\"installation\" data-nav-section=\"installation\"> <h2>\u00bfC\u00f3mo puedo incorporar Exposici\u00f3n de logos a un sitio web de Google Sites?<\/h2><p>Simplemente sigue los pasos dados a continuaci\u00f3n para empezar a usar el plugin.<\/p> <ol><li>Emplea nuestro configurador gratuito y empieza a crear tu widget \u00fanico.<\/li>  <li>Copia tu c\u00f3digo personal que se muestra en la caja.<\/li>  <li>Comienza a utilizar el plugin en tu p\u00e1gina web de Google Sites.<\/li>  <li>La configuraci\u00f3n se ha completado exitosamente.<\/li><\/ol> <p>En caso de que tengas alguna duda, por favor contacta con nuestro equipo de soporte. Nuestro personal estar\u00e1 encantado de ayudarte con cualquier problema que puedas tener con el plugin.<\/p> <\/div><p><\/p>","protected":false},"excerpt":{"rendered":"","protected":false},"author":18,"featured_media":0,"parent":1690,"menu_order":0,"comment_status":"closed","ping_status":"closed","template":"templates\/template-application-platform.php","meta":{"publish_to_discourse":"","publish_post_category":"","wpdc_auto_publish_overridden":"","wpdc_topic_tags":"","wpdc_pin_topic":"","wpdc_pin_until":"","discourse_post_id":"","discourse_permalink":"","wpdc_publishing_response":"","wpdc_publishing_error":"","footnotes":""},"class_list":["post-3609","page","type-page","status-publish","hentry"],"yoast_head":"<!-- This site is optimized with the Yoast SEO plugin v25.3.1 - https:\/\/yoast.com\/wordpress\/plugins\/seo\/ -->\n<title>Exposici\u00f3n de logos - Incrustar plugin de Logotipo de escaparate al Google Sites<\/title>\n<meta name=\"description\" content=\"Instala un widget atractivo de Exposici\u00f3n de logos en su p\u00e1gina web de Google Sites. Pruebe la demo de Elfsight intuitiva y construe su plugin personalizado.\" \/>\n<meta name=\"robots\" content=\"index, follow, max-snippet:-1, max-image-preview:large, max-video-preview:-1\" \/>\n<link rel=\"canonical\" href=\"https:\/\/elfsight.com\/es\/logo-showcase-widget\/google-sites\/\" \/>\n<meta property=\"og:locale\" content=\"es_ES\" \/>\n<meta property=\"og:type\" content=\"article\" \/>\n<meta property=\"og:title\" content=\"Exposici\u00f3n de logos - Incrustar plugin de Logotipo de escaparate al Google Sites\" \/>\n<meta property=\"og:description\" content=\"Instala un widget atractivo de Exposici\u00f3n de logos en su p\u00e1gina web de Google Sites. Pruebe la demo de Elfsight intuitiva y construe su plugin personalizado.\" \/>\n<meta property=\"og:url\" content=\"https:\/\/elfsight.com\/es\/logo-showcase-widget\/google-sites\/\" \/>\n<meta property=\"og:site_name\" content=\"Elfsight ES\" \/>\n<meta property=\"article:modified_time\" content=\"2025-02-06T15:06:13+00:00\" \/>\n<meta name=\"twitter:card\" content=\"summary_large_image\" \/>\n<meta name=\"twitter:label1\" content=\"Tiempo de lectura\" \/>\n\t<meta name=\"twitter:data1\" content=\"2 minutos\" \/>\n<!-- \/ Yoast SEO plugin. -->","yoast_head_json":{"title":"Exposici\u00f3n de logos - Incrustar plugin de Logotipo de escaparate al Google Sites","description":"Instala un widget atractivo de Exposici\u00f3n de logos en su p\u00e1gina web de Google Sites. Pruebe la demo de Elfsight intuitiva y construe su plugin personalizado.","robots":{"index":"index","follow":"follow","max-snippet":"max-snippet:-1","max-image-preview":"max-image-preview:large","max-video-preview":"max-video-preview:-1"},"canonical":"https:\/\/elfsight.com\/es\/logo-showcase-widget\/google-sites\/","og_locale":"es_ES","og_type":"article","og_title":"Exposici\u00f3n de logos - Incrustar plugin de Logotipo de escaparate al Google Sites","og_description":"Instala un widget atractivo de Exposici\u00f3n de logos en su p\u00e1gina web de Google Sites. Pruebe la demo de Elfsight intuitiva y construe su plugin personalizado.","og_url":"https:\/\/elfsight.com\/es\/logo-showcase-widget\/google-sites\/","og_site_name":"Elfsight ES","article_modified_time":"2025-02-06T15:06:13+00:00","twitter_card":"summary_large_image","twitter_misc":{"Tiempo de lectura":"2 minutos"},"schema":{"@context":"https:\/\/schema.org","@graph":[{"@type":"WebPage","@id":"https:\/\/elfsight.com\/es\/logo-showcase-widget\/google-sites\/","url":"https:\/\/elfsight.com\/es\/logo-showcase-widget\/google-sites\/","name":"Exposici\u00f3n de logos - Incrustar plugin de Logotipo de escaparate al Google Sites","isPartOf":{"@id":"https:\/\/elfsight.com\/es\/#website"},"datePublished":"2022-02-11T12:26:04+00:00","dateModified":"2025-02-06T15:06:13+00:00","description":"Instala un widget atractivo de Exposici\u00f3n de logos en su p\u00e1gina web de Google Sites. Pruebe la demo de Elfsight intuitiva y construe su plugin personalizado.","breadcrumb":{"@id":"https:\/\/elfsight.com\/es\/logo-showcase-widget\/google-sites\/#breadcrumb"},"inLanguage":"es","potentialAction":[{"@type":"ReadAction","target":["https:\/\/elfsight.com\/es\/logo-showcase-widget\/google-sites\/"]}]},{"@type":"BreadcrumbList","@id":"https:\/\/elfsight.com\/es\/logo-showcase-widget\/google-sites\/#breadcrumb","itemListElement":[{"@type":"ListItem","position":1,"name":"Home","item":"https:\/\/elfsight.com\/es\/"},{"@type":"ListItem","position":2,"name":"Logo Showcase","item":"https:\/\/elfsight.com\/es\/logo-showcase-widget\/"},{"@type":"ListItem","position":3,"name":"Logo Showcase &#8211; Google Sites"}]},{"@type":"WebSite","@id":"https:\/\/elfsight.com\/es\/#website","url":"https:\/\/elfsight.com\/es\/","name":"Elfsight ES","description":"Just another Elfsight Sites site","potentialAction":[{"@type":"SearchAction","target":{"@type":"EntryPoint","urlTemplate":"https:\/\/elfsight.com\/es\/?s={search_term_string}"},"query-input":{"@type":"PropertyValueSpecification","valueRequired":true,"valueName":"search_term_string"}}],"inLanguage":"es"}]}},"meta_box":{"industry":"","seo_heading":"","heading":"","description":"","cta_heading":"","cta_description":"","application":"1689","h1":"plugin de Exposici\u00f3n de logos para Google Sites","h1_caption":"Incrusta un n\u00famero ilimitado de logotipos y gana la confianza de los clientes","application_category":[],"applications_title":"","applications_request_title":"","applications_request_button_text":"","hero_text":"","hero_video":"","hero_video_schema_markup":"","selling_points_title":"","selling_points_caption":"","selling_points":[],"selling_points_cta_text":"","features_title":"","features":"","ed_cta_examples_text":"","ed_cta_examples_hidden":"","ed_cta_demo_text":"","ed_cta_demo_hidden":"","why_caption":"","why_editor_title":"","why_editor_text":"","why_team_title":"","why_team_text":"","why_service_title":"","why_service_text":"","template_catalog_visible":"","template_catalog_title":"","template_catalog_text":"","template_catalog_categories_visible":"","demo_title":"Apres\u00farese para dise\u00f1ar Logotipo de escaparate propio de Google Sites.","demo_caption":"Personalice y inserta el plugin a su sitio web aplicando la demo en vivo.","default_faq_hidden":"","app_template_category":[],"platform":"67","template_public_id":"","codecanyon_url":"","codecanyon_item_id":"","codecanyon_price":"","pricing_caption":"","pricing_elfsight_apps_hide_column":"","pricing_elfsight_apps_url":"","pricing_codecanyon_price_caption":"","integration_category":[],"integration_request_title":"","integration_request_cta":"","integration_platform":"","integrations":[],"platform_category":[],"video_schema_markup":"","price":"desde $0 por mes","trial":"","benefits":[{"text":"Instalaci\u00f3n gratuita"},{"text":"Soporte Premium"},{"text":"14 d\u00edas garant\u00eda de reembolso"},{"text":"Actualizaciones regulares"}],"button_url":"#demo","button_target_blank":"0","button_nofollow":"0","attributes":[{"name":"Responsivo","content":"Si","_state":"expanded"},{"name":"Navegadores compatibles","content":"Firefox, Safari, Opera, Chrome, Edge","_state":"expanded"}],"tags":[],"tags_disable_links":"0","hide_more_platforms":"","video_object":"","demo_hide_cta":"0","demo_hide_cloud_options":"0","pricing_title":"","pricing":[{"pricing_icon":"platform","pricing_title":" Elfsight Apps","pricing_title_caption":"Soluci\u00f3n multiplataforma - valido para cualquier p\u00e1gina web","pricing_price":"desde $0 por mes","pricing_price_caption":"empezar con un plan gratuito","pricing_benefits":[{"text":"Sitios web ilimitados"},{"text":"Atenci\u00f3n al cliente gratuita y r\u00e1pida"},{"text":"Servicio de instalaci\u00f3n gratuito"},{"text":"Totalmente personalizable"}],"pricing_button_text":"Agregar al sitio web","pricing_button_url":"#demo","_state":"expanded"}],"related_apps_title":"","related_apps_hidden":"1","author":"","image":[],"title":"","job":"","social_networks":[]},"_links":{"self":[{"href":"https:\/\/elfsight.com\/es\/wp-json\/wp\/v2\/pages\/3609","targetHints":{"allow":["GET"]}}],"collection":[{"href":"https:\/\/elfsight.com\/es\/wp-json\/wp\/v2\/pages"}],"about":[{"href":"https:\/\/elfsight.com\/es\/wp-json\/wp\/v2\/types\/page"}],"author":[{"embeddable":true,"href":"https:\/\/elfsight.com\/es\/wp-json\/wp\/v2\/users\/18"}],"replies":[{"embeddable":true,"href":"https:\/\/elfsight.com\/es\/wp-json\/wp\/v2\/comments?post=3609"}],"version-history":[{"count":1,"href":"https:\/\/elfsight.com\/es\/wp-json\/wp\/v2\/pages\/3609\/revisions"}],"predecessor-version":[{"id":3611,"href":"https:\/\/elfsight.com\/es\/wp-json\/wp\/v2\/pages\/3609\/revisions\/3611"}],"up":[{"embeddable":true,"href":"https:\/\/elfsight.com\/es\/wp-json\/wp\/v2\/pages\/1690"}],"wp:attachment":[{"href":"https:\/\/elfsight.com\/es\/wp-json\/wp\/v2\/media?parent=3609"}],"curies":[{"name":"wp","href":"https:\/\/api.w.org\/{rel}","templated":true}]}}