{"id":3598,"date":"2022-02-11T12:26:10","date_gmt":"2022-02-11T12:26:10","guid":{"rendered":"https:\/\/elfsight.com\/es\/?page_id=3598"},"modified":"2025-02-06T15:06:13","modified_gmt":"2025-02-06T15:06:13","slug":"facebook","status":"publish","type":"page","link":"https:\/\/elfsight.com\/es\/logo-showcase-widget\/facebook\/","title":{"rendered":"Logo Showcase &#8211; Facebook Page"},"content":{"rendered":"<div class=\"application-platform-content-item-description application-platform-content-item\" id=\"description\" data-nav-section=\"description\"><h2>Descripci\u00f3n<\/h2> <p>Elfsight Logo Showcase es la herramienta m\u00e1s f\u00e1cil para mostrar los logotipos de varios socios o patrocinadores, o tus menciones en prensa, en tu sitio web. Usando el widget de Elfsight, demostrar\u00e1s que tu negocio es un compa\u00f1ero confiable y mantendr\u00e1s una buena imagen de tu empresa. El widget te permite agregar logotipos infinitos, integrarlos en un deslizador o cuadr\u00edcula, y cambiar el tama\u00f1o de los logotipos. Puedes agregar descripciones y enlaces a los sitios web de las empresas. Usando las opciones de colores y fuentes, es f\u00e1cil construir una interfaz \u00fanica.<\/p><p><b>Impulsa las ventas demostrando tu impecable nombre de negocio, con los logotipos de tus clientes en tu sitio.<\/b><\/p><\/div> <div class=\"application-platform-content-item-features application-platform-content-item\" id=\"features\" data-nav-section=\"features\"><h2>Caracter\u00edsticas<\/h2> <p>Aqu\u00ed puedes ver todas las caracter\u00edsticas funcionales de Logo Showcase. Puedes configurarlas f\u00e1cilmente en el editor y te ayudar\u00e1n a personalizar el widget para tu caso espec\u00edfico.<\/p><ul><li>Puedes vincular los logotipos a cualquier direcci\u00f3n;<\/li><li>Encabezado flexible con t\u00edtulo y texto, con opciones de formato;<\/li><li>El bot\u00f3n CTA puede ser vinculado a cualquier p\u00e1gina;<\/li><li>3 dise\u00f1os equilibrados de widget: Deslizador, Cuadr\u00edcula y Carrusel;<\/li><li>Opci\u00f3n de establecer el tama\u00f1o del logotipo y el ancho del widget;<\/li><li>Opci\u00f3n para elegir cualquier color de fondo o agregar tu propia imagen.<\/li><\/ul><p><a href=\"#demo\">Prueba todas las dem\u00e1s funciones en la demo<\/a><\/p><\/div> <div class=\"application-platform-content-item-installation application-platform-content-item\" id=\"installation\" data-nav-section=\"installation\"><h2>\u00bfC\u00f3mo agregar Logo Showcase a la pesta\u00f1a de mi p\u00e1gina de Facebook?<\/h2><p>Para insertar el widget, simplemente sigue las instrucciones a continuaci\u00f3n.<\/p><ul><li><b>Genera tu widget de Logo personalizado<\/b><br>Con la ayuda de nuestro configurador gratuito, crea un plugin con la interfaz y funcionalidades que prefieras.<\/li><li><b>Obt\u00e9n tu c\u00f3digo personal para configurar el plugin<\/b><br>Despu\u00e9s de personalizar tu widget, obtendr\u00e1s el c\u00f3digo \u00fanico desde la ventana emergente en Elfsight Apps. Copia este c\u00f3digo para usarlo m\u00e1s tarde.<\/li><li><b>Agrega la pesta\u00f1a de Logo a la p\u00e1gina de Facebook<\/b><br>Crea tu pesta\u00f1a personalizada en Facebook. Inserta el c\u00f3digo que recibiste en Elfsight Apps dentro de la pesta\u00f1a. Si tienes alg\u00fan problema, consulta nuestra gu\u00eda sobre <a href=\"https:\/\/elfsight.com\/blog\/how-to-add-custom-tab-to-facebook-page\/\" target=\"_blank\" rel=\"noopener noreferrer\">c\u00f3mo crear una pesta\u00f1a personalizada en Facebook<\/a><\/li><li><b>\u00a1Listo!<\/b><br>Ingresa a tu sitio web para ver tu plugin.<\/li><\/ul><p>No dudes en contactar con el soporte al cliente de Elfsight si necesitas ayuda o tienes preguntas. Estaremos encantados de ayudarte con cualquier consulta.<\/p><div class=\"faq\" data-component=\"FAQ\"><div class=\"faq-item\">\r\n\t\t\t\t\t<div class=\"faq-item-question\">\r\n\t\t\t\t\t\t<h3 class=\"faq-item-question-text\">\u00bfDe qu\u00e9 manera es posible agregar Logo Showcase a la p\u00e1gina de inicio de mi p\u00e1gina de Facebook sin conocimientos de codificaci\u00f3n?<\/h3>\r\n\r\n\t\t\t\t\t\t<div class=\"faq-item-question-icon\"><\/div>\r\n\t\t\t\t\t<\/div>\r\n\r\n\t\t\t\t\t<div class=\"faq-item-answer\">\r\n\t\t\t\t\t\t<div class=\"faq-item-answer-text\"> <p>La empresa Elfsight ofrece una soluci\u00f3n en la nube que permite a los usuarios generar un widget Logo Showcase por s\u00ed mismos. Sigue estos simples pasos: Accede al Editor en l\u00ednea para formar la secci\u00f3n de Logo Showcase que deseas incluir en la p\u00e1gina de Facebook. Elige uno de nuestros plantillas predefinidas y cambia la configuraci\u00f3n de Logo Showcase, ajusta el dise\u00f1o y el esquema de colores, y actualiza el contenido, sin necesidad de conocimientos de codificaci\u00f3n. Guarda la configuraci\u00f3n que hayas realizado en Logo Showcase y copia su c\u00f3digo de instalaci\u00f3n, que podr\u00e1s incluir f\u00e1cilmente en el sitio web de la p\u00e1gina de Facebook de forma gratuita. Con nuestro Editor intuitivo, cualquier usuario web puede crear el plugin de Logo Showcase en l\u00ednea y pegarlo f\u00e1cilmente en el sitio web de la p\u00e1gina de Facebook. No es necesario tener un plan de pago ni proporcionar los datos de tu tarjeta para acceder al servicio de Elfsight. Si encuentras cualquier problema, no dudes en contactar con nuestro equipo de soporte t\u00e9cnico.<\/p> <\/div>\r\n\t\t\t\t\t<\/div>\r\n\t\t\t\t<\/div> <\/div><\/div>","protected":false},"excerpt":{"rendered":"","protected":false},"author":18,"featured_media":0,"parent":1690,"menu_order":0,"comment_status":"closed","ping_status":"closed","template":"templates\/template-application-platform.php","meta":{"publish_to_discourse":"","publish_post_category":"","wpdc_auto_publish_overridden":"","wpdc_topic_tags":"","wpdc_pin_topic":"","wpdc_pin_until":"","discourse_post_id":"","discourse_permalink":"","wpdc_publishing_response":"","wpdc_publishing_error":"","footnotes":""},"class_list":["post-3598","page","type-page","status-publish","hentry"],"yoast_head":"<!-- This site is optimized with the Yoast SEO plugin v25.3.1 - https:\/\/yoast.com\/wordpress\/plugins\/seo\/ -->\n<title>Exposici\u00f3n de logos - Incrustar widget de Logotipo de escaparate al Facebook Page<\/title>\n<meta name=\"description\" content=\"Incrusta un widget atractivo de Exposici\u00f3n de logos en su sitio de Facebook Page. Aplique la demo de Elfsight manejable y construe su widget personalizado.\" \/>\n<meta name=\"robots\" content=\"index, follow, max-snippet:-1, max-image-preview:large, max-video-preview:-1\" \/>\n<link rel=\"canonical\" href=\"https:\/\/elfsight.com\/es\/logo-showcase-widget\/facebook\/\" \/>\n<meta property=\"og:locale\" content=\"es_ES\" \/>\n<meta property=\"og:type\" content=\"article\" \/>\n<meta property=\"og:title\" content=\"Exposici\u00f3n de logos - Incrustar widget de Logotipo de escaparate al Facebook Page\" \/>\n<meta property=\"og:description\" content=\"Incrusta un widget atractivo de Exposici\u00f3n de logos en su sitio de Facebook Page. Aplique la demo de Elfsight manejable y construe su widget personalizado.\" \/>\n<meta property=\"og:url\" content=\"https:\/\/elfsight.com\/es\/logo-showcase-widget\/facebook\/\" \/>\n<meta property=\"og:site_name\" content=\"Elfsight ES\" \/>\n<meta property=\"article:modified_time\" content=\"2025-02-06T15:06:13+00:00\" \/>\n<meta name=\"twitter:card\" content=\"summary_large_image\" \/>\n<meta name=\"twitter:label1\" content=\"Tiempo de lectura\" \/>\n\t<meta name=\"twitter:data1\" content=\"2 minutos\" \/>\n<!-- \/ Yoast SEO plugin. -->","yoast_head_json":{"title":"Exposici\u00f3n de logos - Incrustar widget de Logotipo de escaparate al Facebook Page","description":"Incrusta un widget atractivo de Exposici\u00f3n de logos en su sitio de Facebook Page. Aplique la demo de Elfsight manejable y construe su widget personalizado.","robots":{"index":"index","follow":"follow","max-snippet":"max-snippet:-1","max-image-preview":"max-image-preview:large","max-video-preview":"max-video-preview:-1"},"canonical":"https:\/\/elfsight.com\/es\/logo-showcase-widget\/facebook\/","og_locale":"es_ES","og_type":"article","og_title":"Exposici\u00f3n de logos - Incrustar widget de Logotipo de escaparate al Facebook Page","og_description":"Incrusta un widget atractivo de Exposici\u00f3n de logos en su sitio de Facebook Page. Aplique la demo de Elfsight manejable y construe su widget personalizado.","og_url":"https:\/\/elfsight.com\/es\/logo-showcase-widget\/facebook\/","og_site_name":"Elfsight ES","article_modified_time":"2025-02-06T15:06:13+00:00","twitter_card":"summary_large_image","twitter_misc":{"Tiempo de lectura":"2 minutos"},"schema":{"@context":"https:\/\/schema.org","@graph":[{"@type":"WebPage","@id":"https:\/\/elfsight.com\/es\/logo-showcase-widget\/facebook\/","url":"https:\/\/elfsight.com\/es\/logo-showcase-widget\/facebook\/","name":"Exposici\u00f3n de logos - Incrustar widget de Logotipo de escaparate al Facebook Page","isPartOf":{"@id":"https:\/\/elfsight.com\/es\/#website"},"datePublished":"2022-02-11T12:26:10+00:00","dateModified":"2025-02-06T15:06:13+00:00","description":"Incrusta un widget atractivo de Exposici\u00f3n de logos en su sitio de Facebook Page. Aplique la demo de Elfsight manejable y construe su widget personalizado.","breadcrumb":{"@id":"https:\/\/elfsight.com\/es\/logo-showcase-widget\/facebook\/#breadcrumb"},"inLanguage":"es","potentialAction":[{"@type":"ReadAction","target":["https:\/\/elfsight.com\/es\/logo-showcase-widget\/facebook\/"]}]},{"@type":"BreadcrumbList","@id":"https:\/\/elfsight.com\/es\/logo-showcase-widget\/facebook\/#breadcrumb","itemListElement":[{"@type":"ListItem","position":1,"name":"Home","item":"https:\/\/elfsight.com\/es\/"},{"@type":"ListItem","position":2,"name":"Logo Showcase","item":"https:\/\/elfsight.com\/es\/logo-showcase-widget\/"},{"@type":"ListItem","position":3,"name":"Logo Showcase &#8211; Facebook Page"}]},{"@type":"WebSite","@id":"https:\/\/elfsight.com\/es\/#website","url":"https:\/\/elfsight.com\/es\/","name":"Elfsight ES","description":"Just another Elfsight Sites site","potentialAction":[{"@type":"SearchAction","target":{"@type":"EntryPoint","urlTemplate":"https:\/\/elfsight.com\/es\/?s={search_term_string}"},"query-input":{"@type":"PropertyValueSpecification","valueRequired":true,"valueName":"search_term_string"}}],"inLanguage":"es"}]}},"meta_box":{"industry":"","seo_heading":"","heading":"","description":"","cta_heading":"","cta_description":"","application":"1689","h1":"widget de Exposici\u00f3n de logotipos para la p\u00e1gina de Facebook","h1_caption":"Incluye un n\u00famero ilimitado de logotipos y construye la confianza de los clientes","application_category":[],"applications_title":"","applications_request_title":"","applications_request_button_text":"","hero_text":"","hero_video":"","hero_video_schema_markup":"","selling_points_title":"","selling_points_caption":"","selling_points":[],"selling_points_cta_text":"","features_title":"","features":"","ed_cta_examples_text":"","ed_cta_examples_hidden":"","ed_cta_demo_text":"","ed_cta_demo_hidden":"","why_caption":"","why_editor_title":"","why_editor_text":"","why_team_title":"","why_team_text":"","why_service_title":"","why_service_text":"","template_catalog_visible":"","template_catalog_title":"","template_catalog_text":"","template_catalog_categories_visible":"","demo_title":"Crea tu widget de presentaci\u00f3n de logotipos","demo_caption":"\u00a1Configure su Logo Showcase y agr\u00e9guelo al sitio web de su p\u00e1gina de Facebook de forma gratuita!","default_faq_hidden":"","app_template_category":[],"platform":"64","template_public_id":"","codecanyon_url":"","codecanyon_item_id":"","codecanyon_price":"","pricing_caption":"","pricing_elfsight_apps_hide_column":"","pricing_elfsight_apps_url":"","pricing_codecanyon_price_caption":"","integration_category":[],"integration_request_title":"","integration_request_cta":"","integration_platform":"","integrations":[],"platform_category":[],"video_schema_markup":"","price":"desde $0 por mes","trial":"","benefits":[{"text":"Instalaci\u00f3n gratuita"},{"text":"Soporte Premium"},{"text":"14 d\u00edas garant\u00eda de reembolso"},{"text":"Actualizaciones regulares"}],"button_url":"#demo","button_target_blank":"0","button_nofollow":"0","attributes":[{"name":"Responsivo","content":"Si","_state":"expanded"},{"name":"Navegadores compatibles","content":"Firefox, Safari, Opera, Chrome, Edge","_state":"expanded"}],"tags":[],"tags_disable_links":"0","hide_more_platforms":"","video_object":"","demo_hide_cta":"0","demo_hide_cloud_options":"0","pricing_title":"","pricing":[{"pricing_icon":"platform","pricing_title":" Elfsight Apps","pricing_title_caption":"Soluci\u00f3n multiplataforma - valido para cualquier p\u00e1gina web","pricing_price":"desde $0 por mes","pricing_price_caption":"empezar con un plan gratuito","pricing_benefits":[{"text":"Sitios web ilimitados"},{"text":"Atenci\u00f3n al cliente gratuita y r\u00e1pida"},{"text":"Servicio de instalaci\u00f3n gratuito"},{"text":"Totalmente personalizable"}],"pricing_button_text":"Agregar al sitio web","pricing_button_url":"#demo","_state":"expanded"}],"related_apps_title":"","related_apps_hidden":"1","author":"","image":[],"title":"","job":"","social_networks":[]},"_links":{"self":[{"href":"https:\/\/elfsight.com\/es\/wp-json\/wp\/v2\/pages\/3598","targetHints":{"allow":["GET"]}}],"collection":[{"href":"https:\/\/elfsight.com\/es\/wp-json\/wp\/v2\/pages"}],"about":[{"href":"https:\/\/elfsight.com\/es\/wp-json\/wp\/v2\/types\/page"}],"author":[{"embeddable":true,"href":"https:\/\/elfsight.com\/es\/wp-json\/wp\/v2\/users\/18"}],"replies":[{"embeddable":true,"href":"https:\/\/elfsight.com\/es\/wp-json\/wp\/v2\/comments?post=3598"}],"version-history":[{"count":3,"href":"https:\/\/elfsight.com\/es\/wp-json\/wp\/v2\/pages\/3598\/revisions"}],"predecessor-version":[{"id":17907,"href":"https:\/\/elfsight.com\/es\/wp-json\/wp\/v2\/pages\/3598\/revisions\/17907"}],"up":[{"embeddable":true,"href":"https:\/\/elfsight.com\/es\/wp-json\/wp\/v2\/pages\/1690"}],"wp:attachment":[{"href":"https:\/\/elfsight.com\/es\/wp-json\/wp\/v2\/media?parent=3598"}],"curies":[{"name":"wp","href":"https:\/\/api.w.org\/{rel}","templated":true}]}}