{"id":3591,"date":"2022-02-11T12:26:21","date_gmt":"2022-02-11T12:26:21","guid":{"rendered":"https:\/\/elfsight.com\/es\/?page_id=3591"},"modified":"2025-02-06T15:06:04","modified_gmt":"2025-02-06T15:06:04","slug":"drupal","status":"publish","type":"page","link":"https:\/\/elfsight.com\/es\/instagram-feed-instashow\/drupal\/","title":{"rendered":"Instagram Feed &#8211; Drupal"},"content":{"rendered":"<div class=\"application-platform-content-item-description application-platform-content-item\" id=\"description\" data-nav-section=\"description\"><h2>Incorporar Instagram en Drupal con el widget de Elfsight<\/h2><p>InstaShow es el mejor plugin de Instagram, que te permite crear maravillosas galer\u00edas a partir de im\u00e1genes y videos de Instagram. Gran cantidad de opciones de personalizaci\u00f3n de tu propio feed: todas las fuentes disponibles, pre-moderaci\u00f3n del feed, m\u00e1s de 70 caracter\u00edsticas adaptables, 10 esquemas de dise\u00f1o y 100% adaptado para cualquier tama\u00f1o de pantalla. Usa un plugin totalmente responsivo y eficiente para involucrar a los visitantes de tu sitio de inmediato.<\/p><ul><li><b>Duplica tu tasa de conversi\u00f3n<\/b>.<br>Muestra tus ofertas a posibles clientes mediante im\u00e1genes de Instagram a trav\u00e9s de hashtags, ubicaciones, cuentas o una URL espec\u00edfica, para aumentar el rendimiento de tu sitio web.<\/li><li><b>Mejora tu p\u00e1gina de Instagram<\/b>.<br>Impulsa tu perfil de Instagram aumentando su popularidad en el sitio, permitiendo que m\u00e1s visitantes te conozcan y se conviertan en tus seguidores.<\/li><li><b>Atrae a m\u00e1s visitantes de tu sitio web<\/b>.<br>Incorpora im\u00e1genes de Instagram en tu sitio web utilizando el plugin de Elfsight, y estas atraer\u00e1n m\u00e1s visitantes y los convencer\u00e1n de pasar m\u00e1s tiempo en el sitio.<\/li><\/ul><div class=\"faq\" data-component=\"FAQ\"><div class=\"faq-item\">\r\n\t\t\t\t\t<div class=\"faq-item-question\">\r\n\t\t\t\t\t\t<h3 class=\"faq-item-question-text\">\u00bfPuedo probar el widget de Instagram Feed en acci\u00f3n?<\/h3>\r\n\r\n\t\t\t\t\t\t<div class=\"faq-item-question-icon\"><\/div>\r\n\t\t\t\t\t<\/div>\r\n\r\n\t\t\t\t\t<div class=\"faq-item-answer\">\r\n\t\t\t\t\t\t<div class=\"faq-item-answer-text\"><p>S\u00ed, puedes verificar las funciones y configuraciones del widget en una <a href=\"#demo\">demo<\/a> en l\u00ednea gratuita sin necesidad de registrarte.<\/p><\/div>\r\n\t\t\t\t\t<\/div>\r\n\t\t\t\t<\/div><\/div><\/div><div class=\"application-platform-content-item-features application-platform-content-item\" id=\"features\" data-nav-section=\"features\"><h2>Caracter\u00edsticas principales del m\u00f3dulo Instagram Feed<\/h2><p>Los puntos clave del plugin de Elfsight que lo convierten en la mejor herramienta para incorporar Instagram Feed en tu sitio de Drupal:<\/p><ul><li>Usa el filtro Excluir para limitar la cantidad de fuentes<\/li><li>Configura el n\u00famero de columnas y filas<\/li><li>9 elementos emergentes opcionales<\/li><li>Configura el t\u00edtulo del feed<\/li><li>Soporte para 27 idiomas populares<\/li><li>Posibilidad de integrar el m\u00f3dulo de Instagram en Drupal con solo unos clics<\/li><\/ul><p><a href=\"#demo\">Ver m\u00e1s caracter\u00edsticas en nuestra demo<\/a><\/p><\/div><div class=\"application-platform-content-item-installation application-platform-content-item\" id=\"installation\" data-nav-section=\"installation\"><h2>C\u00f3mo agregar el m\u00f3dulo de Instagram a tu sitio web de Drupal<\/h2><div class=\"video-container\"><iframe width=\"720\" height=\"405\" src=\"https:\/\/www.youtube.com\/embed\/VZFmm8U9g0Y\" frameborder=\"0\" allowfullscreen=\"\"><\/iframe><\/div><p>Solo sigue los siguientes pasos para agregar el Instagram Feed en Drupal.<\/p><ol><li><b>Abre nuestra demo gratuita y comienza a crear tu m\u00f3dulo \u00fanico.<\/b><br>Determina la interfaz seleccionada y las caracter\u00edsticas del m\u00f3dulo y guarda las modificaciones.<\/li><li><b>Copia tu c\u00f3digo individual mostrado en el cuadro de Elfsight Apps.<\/b><br>Justo despu\u00e9s de haber configurado tu widget personal, copia el c\u00f3digo exclusivo de la ventana que aparecer\u00e1 y gu\u00e1rdalo para su uso futuro.<\/li><li><b>Usa el m\u00f3dulo en tu sitio Drupal.<\/b><br>Inserta el c\u00f3digo que copiaste recientemente en tu p\u00e1gina y guarda los cambios.<\/li><li><b>\u00a1Listo! La instalaci\u00f3n est\u00e1 completamente realizada.<\/b><br>Ve a tu sitio para ver c\u00f3mo est\u00e1 funcionando el plugin.<\/li><\/ol><p>\u00bfTienes problemas para crear el Instagram Feed en Drupal? Env\u00eda un mensaje al soporte de Elfsight.<\/p><\/div><div class=\"faq\" data-component=\"FAQ\"><div class=\"faq-item\">\r\n\t\t\t\t\t<div class=\"faq-item-question\">\r\n\t\t\t\t\t\t<h3 class=\"faq-item-question-text\">\u00bfExiste una opci\u00f3n para agregar Instagram Feed a mi p\u00e1gina de Drupal sin conocimientos de programaci\u00f3n?<\/h3>\r\n\r\n\t\t\t\t\t\t<div class=\"faq-item-question-icon\"><\/div>\r\n\t\t\t\t\t<\/div>\r\n\r\n\t\t\t\t\t<div class=\"faq-item-answer\">\r\n\t\t\t\t\t\t<div class=\"faq-item-answer-text\"><p>La empresa Elfsight ofrece una soluci\u00f3n que permite a una amplia audiencia crear el widget de Instagram Feed por s\u00ed misma, sigue esta gu\u00eda sencilla:<\/p><ul><li>Trabaja directamente en el Editor en vivo para crear la secci\u00f3n de Instagram Feed que te gustar\u00eda que aparezca en la p\u00e1gina de inicio de Drupal.<\/li><li>Elige una de las plantillas predefinidas y adapta la configuraci\u00f3n de Instagram Feed, actualiza tu contenido, cambia el dise\u00f1o y los colores sin necesidad de conocimientos de programaci\u00f3n.<\/li><li>Haz clic para guardar el Instagram Feed y obtener el c\u00f3digo del widget para la instalaci\u00f3n, que puede ser pegado en cualquier p\u00e1gina de inicio de Drupal sin comprar una versi\u00f3n de pago.<\/li><\/ul><p>Con la ayuda del Configurador f\u00e1cil de usar, cualquier usuario de internet puede crear una secci\u00f3n de Instagram Feed y pegarla f\u00e1cilmente en cualquier sitio web de Drupal. No necesitas adquirir un plan de pago ni ingresar tus datos de tarjeta para acceder al Editor de Elfsight. Si encuentras alg\u00fan problema en cualquier paso, no dudes en contactar a nuestro equipo de soporte.<\/p><\/div>\r\n\t\t\t\t\t<\/div>\r\n\t\t\t\t<\/div><div class=\"faq-item\">\r\n\t\t\t\t\t<div class=\"faq-item-question\">\r\n\t\t\t\t\t\t<h3 class=\"faq-item-question-text\">\u00bfC\u00f3mo integrar Instagram Feed de forma gratuita en Drupal?<\/h3>\r\n\r\n\t\t\t\t\t\t<div class=\"faq-item-question-icon\"><\/div>\r\n\t\t\t\t\t<\/div>\r\n\r\n\t\t\t\t\t<div class=\"faq-item-answer\">\r\n\t\t\t\t\t\t<div class=\"faq-item-answer-text\"><ol><p>Incorporar un Instagram Feed en tu sitio web es una excelente manera de resaltar tus publicaciones recientes y atraer a tus visitantes.<\/p><ol><li>Para <a href=\"https:\/\/elfsight.com\/blog\/how-to-embed-instagram-feed-on-website\/\">integrar Instagram Feed<\/a> de forma gratuita en Drupal, comienza visitando el sitio web de Elfsight y registr\u00e1ndote para obtener una cuenta gratuita.<\/li><li>Usa el widget gratuito de Instagram personalizando su apariencia y configuraciones para que coincidan con el dise\u00f1o de tu sitio Drupal.<\/li><li>Una vez que hayas personalizado tu Instagram Feed de forma gratuita, copia el c\u00f3digo de inserci\u00f3n proporcionado y p\u00e9galo en el HTML de tu sitio donde desees que se muestre el feed.<\/li><\/ol><p>Ahora tu sitio Drupal mostrar\u00e1 tu Instagram Feed, enriqueciendo su atractivo visual y manteniendo el inter\u00e9s de los visitantes. \u00a1Disfruta de las ventajas del widget de Instagram de Elfsight sin ning\u00fan compromiso financiero!<\/p><\/ol><\/div>\r\n\t\t\t\t\t<\/div>\r\n\t\t\t\t<\/div><\/div>","protected":false},"excerpt":{"rendered":"","protected":false},"author":18,"featured_media":0,"parent":1442,"menu_order":0,"comment_status":"closed","ping_status":"closed","template":"templates\/template-application-platform.php","meta":{"publish_to_discourse":"","publish_post_category":"","wpdc_auto_publish_overridden":"","wpdc_topic_tags":"","wpdc_pin_topic":"","wpdc_pin_until":"","discourse_post_id":"","discourse_permalink":"","wpdc_publishing_response":"","wpdc_publishing_error":"","footnotes":""},"class_list":["post-3591","page","type-page","status-publish","hentry"],"yoast_head":"<!-- This site is optimized with the Yoast SEO plugin v25.3.1 - https:\/\/yoast.com\/wordpress\/plugins\/seo\/ -->\n<title>Feed de Instagram - Integrar module de Instagram Feed al Drupal<\/title>\n<meta name=\"description\" content=\"Incrusta un widget atractivo de Feed de Instagram en su p\u00e1gina web de Drupal. Use la demo de Elfsight manejable y cree su module \u00fanico.\" \/>\n<meta name=\"robots\" content=\"index, follow, max-snippet:-1, max-image-preview:large, max-video-preview:-1\" \/>\n<link rel=\"canonical\" href=\"https:\/\/elfsight.com\/es\/instagram-feed-instashow\/drupal\/\" \/>\n<meta property=\"og:locale\" content=\"es_ES\" \/>\n<meta property=\"og:type\" content=\"article\" \/>\n<meta property=\"og:title\" content=\"Feed de Instagram - Integrar module de Instagram Feed al Drupal\" \/>\n<meta property=\"og:description\" content=\"Incrusta un widget atractivo de Feed de Instagram en su p\u00e1gina web de Drupal. Use la demo de Elfsight manejable y cree su module \u00fanico.\" \/>\n<meta property=\"og:url\" content=\"https:\/\/elfsight.com\/es\/instagram-feed-instashow\/drupal\/\" \/>\n<meta property=\"og:site_name\" content=\"Elfsight ES\" \/>\n<meta property=\"article:modified_time\" content=\"2025-02-06T15:06:04+00:00\" \/>\n<meta name=\"twitter:card\" content=\"summary_large_image\" \/>\n<meta name=\"twitter:label1\" content=\"Tiempo de lectura\" \/>\n\t<meta name=\"twitter:data1\" content=\"1 minuto\" \/>\n<!-- \/ Yoast SEO plugin. -->","yoast_head_json":{"title":"Feed de Instagram - Integrar module de Instagram Feed al Drupal","description":"Incrusta un widget atractivo de Feed de Instagram en su p\u00e1gina web de Drupal. Use la demo de Elfsight manejable y cree su module \u00fanico.","robots":{"index":"index","follow":"follow","max-snippet":"max-snippet:-1","max-image-preview":"max-image-preview:large","max-video-preview":"max-video-preview:-1"},"canonical":"https:\/\/elfsight.com\/es\/instagram-feed-instashow\/drupal\/","og_locale":"es_ES","og_type":"article","og_title":"Feed de Instagram - Integrar module de Instagram Feed al Drupal","og_description":"Incrusta un widget atractivo de Feed de Instagram en su p\u00e1gina web de Drupal. Use la demo de Elfsight manejable y cree su module \u00fanico.","og_url":"https:\/\/elfsight.com\/es\/instagram-feed-instashow\/drupal\/","og_site_name":"Elfsight ES","article_modified_time":"2025-02-06T15:06:04+00:00","twitter_card":"summary_large_image","twitter_misc":{"Tiempo de lectura":"1 minuto"},"schema":{"@context":"https:\/\/schema.org","@graph":[{"@type":"WebPage","@id":"https:\/\/elfsight.com\/es\/instagram-feed-instashow\/drupal\/","url":"https:\/\/elfsight.com\/es\/instagram-feed-instashow\/drupal\/","name":"Feed de Instagram - Integrar module de Instagram Feed al Drupal","isPartOf":{"@id":"https:\/\/elfsight.com\/es\/#website"},"datePublished":"2022-02-11T12:26:21+00:00","dateModified":"2025-02-06T15:06:04+00:00","description":"Incrusta un widget atractivo de Feed de Instagram en su p\u00e1gina web de Drupal. Use la demo de Elfsight manejable y cree su module \u00fanico.","breadcrumb":{"@id":"https:\/\/elfsight.com\/es\/instagram-feed-instashow\/drupal\/#breadcrumb"},"inLanguage":"es","potentialAction":[{"@type":"ReadAction","target":["https:\/\/elfsight.com\/es\/instagram-feed-instashow\/drupal\/"]}]},{"@type":"BreadcrumbList","@id":"https:\/\/elfsight.com\/es\/instagram-feed-instashow\/drupal\/#breadcrumb","itemListElement":[{"@type":"ListItem","position":1,"name":"Home","item":"https:\/\/elfsight.com\/es\/"},{"@type":"ListItem","position":2,"name":"Instagram Feed","item":"https:\/\/elfsight.com\/es\/instagram-feed-instashow\/"},{"@type":"ListItem","position":3,"name":"Instagram Feed &#8211; Drupal"}]},{"@type":"WebSite","@id":"https:\/\/elfsight.com\/es\/#website","url":"https:\/\/elfsight.com\/es\/","name":"Elfsight ES","description":"Just another Elfsight Sites site","potentialAction":[{"@type":"SearchAction","target":{"@type":"EntryPoint","urlTemplate":"https:\/\/elfsight.com\/es\/?s={search_term_string}"},"query-input":{"@type":"PropertyValueSpecification","valueRequired":true,"valueName":"search_term_string"}}],"inLanguage":"es"}]}},"meta_box":{"industry":"","seo_heading":"","heading":"","description":"","cta_heading":"","cta_description":"","application":"1441","h1":"m\u00f3dulo de Feed de Instagram para Drupal","h1_caption":"Exhibe galer\u00edas, fotos y v\u00eddeos de Instagram en su p\u00e1gina web","application_category":[],"applications_title":"","applications_request_title":"","applications_request_button_text":"","hero_text":"","hero_video":"","hero_video_schema_markup":"","selling_points_title":"","selling_points_caption":"","selling_points":[],"selling_points_cta_text":"","features_title":"","features":"","ed_cta_examples_text":"","ed_cta_examples_hidden":"","ed_cta_demo_text":"","ed_cta_demo_hidden":"","why_caption":"","why_editor_title":"","why_editor_text":"","why_team_title":"","why_team_text":"","why_service_title":"","why_service_text":"","template_catalog_visible":"","template_catalog_title":"","template_catalog_text":"","template_catalog_categories_visible":"","demo_title":"Crea tu m\u00f3dulo de Feed de Instagram","demo_caption":"\u00a1Configura tu feed de Instagram y agr\u00e9galo a tu sitio web Drupal gratis!","default_faq_hidden":"","app_template_category":[],"platform":"2161","template_public_id":"","codecanyon_url":"","codecanyon_item_id":"","codecanyon_price":"","pricing_caption":"","pricing_elfsight_apps_hide_column":"","pricing_elfsight_apps_url":"","pricing_codecanyon_price_caption":"","integration_category":[],"integration_request_title":"","integration_request_cta":"","integration_platform":"","integrations":[],"platform_category":[],"video_schema_markup":"","price":"desde $0 por mes","trial":"","benefits":[{"text":"Instalaci\u00f3n gratuita"},{"text":"Soporte Premium"},{"text":"14 d\u00edas garant\u00eda de reembolso"},{"text":"Actualizaciones regulares"}],"button_url":"#demo","button_target_blank":"0","button_nofollow":"0","attributes":[{"name":"Responsivo","content":"Si","_state":"expanded"},{"name":"Navegadores compatibles","content":"Firefox, Safari, Opera, Chrome, Edge","_state":"expanded"}],"tags":[],"tags_disable_links":"0","hide_more_platforms":"","video_object":"","demo_hide_cta":"0","demo_hide_cloud_options":"0","pricing_title":"","pricing":[{"pricing_icon":"platform","pricing_title":" Elfsight Apps","pricing_title_caption":"Soluci\u00f3n multiplataforma - valido para cualquier p\u00e1gina web","pricing_price":"desde $0 por mes","pricing_price_caption":"empezar con un plan gratuito","pricing_benefits":[{"text":"Sitios web ilimitados"},{"text":"Atenci\u00f3n al cliente gratuita y r\u00e1pida"},{"text":"Servicio de instalaci\u00f3n gratuito"},{"text":"Totalmente personalizable"}],"pricing_button_text":"Agregar al sitio web","pricing_button_url":"#demo","_state":"expanded"}],"related_apps_title":"","related_apps_hidden":"1","author":"","image":[],"title":"","job":"","social_networks":[]},"_links":{"self":[{"href":"https:\/\/elfsight.com\/es\/wp-json\/wp\/v2\/pages\/3591","targetHints":{"allow":["GET"]}}],"collection":[{"href":"https:\/\/elfsight.com\/es\/wp-json\/wp\/v2\/pages"}],"about":[{"href":"https:\/\/elfsight.com\/es\/wp-json\/wp\/v2\/types\/page"}],"author":[{"embeddable":true,"href":"https:\/\/elfsight.com\/es\/wp-json\/wp\/v2\/users\/18"}],"replies":[{"embeddable":true,"href":"https:\/\/elfsight.com\/es\/wp-json\/wp\/v2\/comments?post=3591"}],"version-history":[{"count":3,"href":"https:\/\/elfsight.com\/es\/wp-json\/wp\/v2\/pages\/3591\/revisions"}],"predecessor-version":[{"id":17905,"href":"https:\/\/elfsight.com\/es\/wp-json\/wp\/v2\/pages\/3591\/revisions\/17905"}],"up":[{"embeddable":true,"href":"https:\/\/elfsight.com\/es\/wp-json\/wp\/v2\/pages\/1442"}],"wp:attachment":[{"href":"https:\/\/elfsight.com\/es\/wp-json\/wp\/v2\/media?parent=3591"}],"curies":[{"name":"wp","href":"https:\/\/api.w.org\/{rel}","templated":true}]}}