{"id":3586,"date":"2022-02-11T12:26:23","date_gmt":"2022-02-11T12:26:23","guid":{"rendered":"https:\/\/elfsight.com\/es\/?page_id=3586"},"modified":"2025-02-06T15:06:04","modified_gmt":"2025-02-06T15:06:04","slug":"blogger","status":"publish","type":"page","link":"https:\/\/elfsight.com\/es\/instagram-feed-instashow\/blogger\/","title":{"rendered":"Instagram Feed &#8211; Blogger"},"content":{"rendered":"<div class=\"application-platform-content-item-description application-platform-content-item\" id=\"description\" data-nav-section=\"description\"><h2>Integrar Instagram en Elementor con el plugin de Elfsight<\/h2><p>InstaShow es un potente plugin de Instagram que permite crear hermosas galer\u00edas con im\u00e1genes y videos de Instagram en tu sitio. Un n\u00famero ilimitado de variantes de personalizaci\u00f3n del feed: todo tipo de fuentes, filtros de contenido, m\u00e1s de 70 par\u00e1metros ajustables, 10 opciones de estilo y una interfaz completamente adaptable para todas las resoluciones. Aplica este plugin receptivo y pr\u00e1ctico para despertar el inter\u00e9s de los usuarios de tu sitio web.<\/p><ul><li><b>Gana m\u00e1s con fotos populares<\/b>.<br>Agrega im\u00e1genes de Instagram, que ahora est\u00e1 entre las plataformas m\u00e1s beneficiosas para popularizar productos o servicios, y aumenta las ventas en tu sitio web.<\/li><li><b>M\u00e1ximo n\u00famero de seguidores en Instagram<\/b>.<br>Incorpora botones adicionales con un llamado a suscribirse y duplica la cantidad de seguidores de tu perfil de Instagram.<\/li><li><b>Mayor interacci\u00f3n de los visitantes<\/b>.<br>Atrae a los visitantes y despierta su inter\u00e9s con contenido de Instagram para hacer que la interacci\u00f3n con los clientes sea m\u00e1s intensa.<\/li><\/ul><\/div><div class=\"application-platform-content-item-features application-platform-content-item\" id=\"features\" data-nav-section=\"features\"><h2>Caracter\u00edsticas principales del widget Instagram Feed<\/h2><p>Las caracter\u00edsticas m\u00e1s importantes de nuestro plugin que lo convierten en la mejor herramienta para integrar Instagram en un sitio de Blogger:<\/p><ul><li>Aplica solo un filtro para mostrar desde la fuente seleccionada<\/li><li>2 plantillas de publicaciones: Mosaico y Cl\u00e1sica<\/li><li>7 elementos de publicaciones conmutables para mostrar u ocultar<\/li><li>Colores personalizables de fondo, texto, botones y m\u00e1s<\/li><li>Opci\u00f3n para establecer el tiempo de cach\u00e9<\/li><li>8 hermosas plantillas pr\u00e1cticas<\/li><li>Puedes activar y desactivar el nombre de usuario, fecha de publicaci\u00f3n, bot\u00f3n de CTA, n\u00famero de me gusta y comentarios<\/li><li>M\u00e1s de diez paletas de colores predefinidas<\/li><li>Opci\u00f3n para cambiar el color de cada elemento de manera independiente<\/li><li>Bot\u00f3n \u00abCargar m\u00e1s\u00bb personalizable<\/li><\/ul><p><a href=\"#demo\">Ver m\u00e1s opciones en el editor de Elfsight<\/a><\/p><p>Todas estas caracter\u00edsticas incre\u00edbles pueden ayudarte a lograr cualquier objetivo de comercio electr\u00f3nico. Por ejemplo, puedes <strong>incrementar el n\u00famero de seguidores y aumentar la interacci\u00f3n<\/strong> en tu sitio web. Adem\u00e1s, no hay problema en crear un widget que se ajuste al dise\u00f1o de tu sitio web y siga la coherencia de tu marca.<\/p><\/div><div class=\"application-platform-content-item-installation application-platform-content-item\" id=\"installation\" data-nav-section=\"installation\"><h2>C\u00f3mo agregar el widget de Instagram en el sitio web de Blogger<\/h2><div class=\"video-container\"><iframe width=\"720\" height=\"405\" src=\"https:\/\/www.youtube.com\/embed\/DDOHA5az6eE\" frameborder=\"0\" allowfullscreen=\"\"><\/iframe><\/div><p>Lee nuestras instrucciones express para mostrar y generar el plugin. El tiempo promedio de ejecuci\u00f3n es de aproximadamente 70 segundos, y un buen bono es que no necesitas experiencia en programaci\u00f3n.<\/p><ol><li><b>Dise\u00f1a tu Feed de Instagram \u00fanico<\/b>.<br>Usando nuestra demo gratuita, crea un plugin con la plantilla y funciones necesarias.<\/li><li><b>Obt\u00e9n el c\u00f3digo para mostrar el plugin<\/b>.<br>Despu\u00e9s de configurar el widget, obtendr\u00e1s un c\u00f3digo para el plugin de Instagram desde la notificaci\u00f3n que aparecer\u00e1 en Elfsight Apps.<\/li><li><b>Agrega Instagram Feed a Blogger<\/b>.<br>Muestra el plugin en el lugar requerido de la p\u00e1gina y aplica las ediciones.<\/li><li><b>\u00a1Listo!<\/b>.<br>Ve a tu sitio web para ver tu Instagram Feed en Blogger.<\/li><\/ol><p>\u00bfTienes alguna pregunta al integrar o personalizar tu propio feed de Instagram? No dudes en contactar con nuestro centro de ayuda.<\/p><\/div><div class=\"faq\" data-component=\"FAQ\"><div class=\"faq-item\">\r\n\t\t\t\t\t<div class=\"faq-item-question\">\r\n\t\t\t\t\t\t<h3 class=\"faq-item-question-text\">\u00bfHay alguna forma de agregar Instagram Feed a mi sitio web de Blogger sin saber programar?<\/h3>\r\n\r\n\t\t\t\t\t\t<div class=\"faq-item-question-icon\"><\/div>\r\n\t\t\t\t\t<\/div>\r\n\r\n\t\t\t\t\t<div class=\"faq-item-answer\">\r\n\t\t\t\t\t\t<div class=\"faq-item-answer-text\"><p>La empresa Elfsight presenta una soluci\u00f3n que permite a las personas generar un plugin de Instagram Feed por s\u00ed mismos, ve lo f\u00e1cil que es:<\/p><ul><li>Ve al Editor en l\u00ednea para generar un plugin de Instagram Feed que desees integrar en Blogger.<\/li><li>Elige una de las muchas plantillas listas para usar y adapta la configuraci\u00f3n de Instagram Feed, agrega tu contenido, cambia el dise\u00f1o y esquema de colores sin necesidad de programaci\u00f3n.<\/li><li>Guarda el Instagram Feed y obt\u00e9n el c\u00f3digo para la instalaci\u00f3n, que puede ser f\u00e1cilmente pegado en la p\u00e1gina de Blogger sin necesidad de comprar una suscripci\u00f3n de pago.<\/li><\/ul><p>Con el sencillo Editor, cualquier usuario de internet puede crear un widget de Instagram Feed en l\u00ednea e integrarlo a cualquier p\u00e1gina de inicio de Blogger. No es necesario pagar ni ingresar tus datos de tarjeta para acceder al servicio de Elfsight. Si encuentras alg\u00fan obst\u00e1culo en cualquier paso, no dudes en contactar a nuestro equipo de soporte.<\/p><\/div>\r\n\t\t\t\t\t<\/div>\r\n\t\t\t\t<\/div><div class=\"faq-item\">\r\n\t\t\t\t\t<div class=\"faq-item-question\">\r\n\t\t\t\t\t\t<h3 class=\"faq-item-question-text\">\u00bfC\u00f3mo integrar Instagram Feed gratis en Blogger?<\/h3>\r\n\r\n\t\t\t\t\t\t<div class=\"faq-item-question-icon\"><\/div>\r\n\t\t\t\t\t<\/div>\r\n\r\n\t\t\t\t\t<div class=\"faq-item-answer\">\r\n\t\t\t\t\t\t<div class=\"faq-item-answer-text\"><ol><p>Integrar un Instagram Feed en tu blog es una excelente forma de mostrar tus \u00faltimas publicaciones y cautivar a tu audiencia.<\/p><ol><li>Para <a href=\"https:\/\/elfsight.com\/blog\/how-to-embed-instagram-feed-on-website\/\">integrar Instagram Feed<\/a> de forma gratuita en Blogger, primero visita el sitio web de Elfsight y crea una cuenta gratuita.<\/li><li>Usa el widget gratuito de Instagram personalizando su apariencia y configuraci\u00f3n para complementar tu sitio de Blogger.<\/li><li>Despu\u00e9s de configurar tu Instagram Feed de forma gratuita, simplemente copia el c\u00f3digo de inserci\u00f3n generado y p\u00e9galo en el HTML de tu sitio donde deseas que se muestre el feed.<\/li><\/ol><p>Con tu sitio de Blogger ahora mostrando tu Instagram Feed, no solo agregar\u00e1s inter\u00e9s visual, sino que tambi\u00e9n mantendr\u00e1s a tus lectores interesados. \u00a1Disfruta de las ventajas del widget de Instagram de Elfsight sin ning\u00fan costo!<\/p><\/ol><\/div>\r\n\t\t\t\t\t<\/div>\r\n\t\t\t\t<\/div><\/div>","protected":false},"excerpt":{"rendered":"","protected":false},"author":18,"featured_media":0,"parent":1442,"menu_order":0,"comment_status":"closed","ping_status":"closed","template":"templates\/template-application-platform.php","meta":{"publish_to_discourse":"","publish_post_category":"","wpdc_auto_publish_overridden":"","wpdc_topic_tags":"","wpdc_pin_topic":"","wpdc_pin_until":"","discourse_post_id":"","discourse_permalink":"","wpdc_publishing_response":"","wpdc_publishing_error":"","footnotes":""},"class_list":["post-3586","page","type-page","status-publish","hentry"],"yoast_head":"<!-- This site is optimized with the Yoast SEO plugin v25.3.1 - https:\/\/yoast.com\/wordpress\/plugins\/seo\/ -->\n<title>Feed de Instagram - Agregar widget de Instagram Feed al Blogger<\/title>\n<meta name=\"description\" content=\"Incrusta un plugin responsivo de Feed de Instagram en su sitio web de Blogger. Use la demo de Elfsight intuitiva y construe su widget personalizado.\" \/>\n<meta name=\"robots\" content=\"index, follow, max-snippet:-1, max-image-preview:large, max-video-preview:-1\" \/>\n<link rel=\"canonical\" href=\"https:\/\/elfsight.com\/es\/instagram-feed-instashow\/blogger\/\" \/>\n<meta property=\"og:locale\" content=\"es_ES\" \/>\n<meta property=\"og:type\" content=\"article\" \/>\n<meta property=\"og:title\" content=\"Feed de Instagram - Agregar widget de Instagram Feed al Blogger\" \/>\n<meta property=\"og:description\" content=\"Incrusta un plugin responsivo de Feed de Instagram en su sitio web de Blogger. Use la demo de Elfsight intuitiva y construe su widget personalizado.\" \/>\n<meta property=\"og:url\" content=\"https:\/\/elfsight.com\/es\/instagram-feed-instashow\/blogger\/\" \/>\n<meta property=\"og:site_name\" content=\"Elfsight ES\" \/>\n<meta property=\"article:modified_time\" content=\"2025-02-06T15:06:04+00:00\" \/>\n<meta name=\"twitter:card\" content=\"summary_large_image\" \/>\n<meta name=\"twitter:label1\" content=\"Tiempo de lectura\" \/>\n\t<meta name=\"twitter:data1\" content=\"1 minuto\" \/>\n<!-- \/ Yoast SEO plugin. -->","yoast_head_json":{"title":"Feed de Instagram - Agregar widget de Instagram Feed al Blogger","description":"Incrusta un plugin responsivo de Feed de Instagram en su sitio web de Blogger. Use la demo de Elfsight intuitiva y construe su widget personalizado.","robots":{"index":"index","follow":"follow","max-snippet":"max-snippet:-1","max-image-preview":"max-image-preview:large","max-video-preview":"max-video-preview:-1"},"canonical":"https:\/\/elfsight.com\/es\/instagram-feed-instashow\/blogger\/","og_locale":"es_ES","og_type":"article","og_title":"Feed de Instagram - Agregar widget de Instagram Feed al Blogger","og_description":"Incrusta un plugin responsivo de Feed de Instagram en su sitio web de Blogger. Use la demo de Elfsight intuitiva y construe su widget personalizado.","og_url":"https:\/\/elfsight.com\/es\/instagram-feed-instashow\/blogger\/","og_site_name":"Elfsight ES","article_modified_time":"2025-02-06T15:06:04+00:00","twitter_card":"summary_large_image","twitter_misc":{"Tiempo de lectura":"1 minuto"},"schema":{"@context":"https:\/\/schema.org","@graph":[{"@type":"WebPage","@id":"https:\/\/elfsight.com\/es\/instagram-feed-instashow\/blogger\/","url":"https:\/\/elfsight.com\/es\/instagram-feed-instashow\/blogger\/","name":"Feed de Instagram - Agregar widget de Instagram Feed al Blogger","isPartOf":{"@id":"https:\/\/elfsight.com\/es\/#website"},"datePublished":"2022-02-11T12:26:23+00:00","dateModified":"2025-02-06T15:06:04+00:00","description":"Incrusta un plugin responsivo de Feed de Instagram en su sitio web de Blogger. Use la demo de Elfsight intuitiva y construe su widget personalizado.","breadcrumb":{"@id":"https:\/\/elfsight.com\/es\/instagram-feed-instashow\/blogger\/#breadcrumb"},"inLanguage":"es","potentialAction":[{"@type":"ReadAction","target":["https:\/\/elfsight.com\/es\/instagram-feed-instashow\/blogger\/"]}]},{"@type":"BreadcrumbList","@id":"https:\/\/elfsight.com\/es\/instagram-feed-instashow\/blogger\/#breadcrumb","itemListElement":[{"@type":"ListItem","position":1,"name":"Home","item":"https:\/\/elfsight.com\/es\/"},{"@type":"ListItem","position":2,"name":"Instagram Feed","item":"https:\/\/elfsight.com\/es\/instagram-feed-instashow\/"},{"@type":"ListItem","position":3,"name":"Instagram Feed &#8211; Blogger"}]},{"@type":"WebSite","@id":"https:\/\/elfsight.com\/es\/#website","url":"https:\/\/elfsight.com\/es\/","name":"Elfsight ES","description":"Just another Elfsight Sites site","potentialAction":[{"@type":"SearchAction","target":{"@type":"EntryPoint","urlTemplate":"https:\/\/elfsight.com\/es\/?s={search_term_string}"},"query-input":{"@type":"PropertyValueSpecification","valueRequired":true,"valueName":"search_term_string"}}],"inLanguage":"es"}]}},"meta_box":{"industry":"","seo_heading":"","heading":"","description":"","cta_heading":"","cta_description":"","application":"1441","h1":"Widget de Feed de Instagram para Blogger","h1_caption":"Exhibe v\u00eddeos, fotos y galer\u00edas de Instagram en su p\u00e1gina","application_category":[],"applications_title":"","applications_request_title":"","applications_request_button_text":"","hero_text":"","hero_video":"","hero_video_schema_markup":"","selling_points_title":"","selling_points_caption":"","selling_points":[],"selling_points_cta_text":"","features_title":"","features":"","ed_cta_examples_text":"","ed_cta_examples_hidden":"","ed_cta_demo_text":"","ed_cta_demo_hidden":"","why_caption":"","why_editor_title":"","why_editor_text":"","why_team_title":"","why_team_text":"","why_service_title":"","why_service_text":"","template_catalog_visible":"","template_catalog_title":"","template_catalog_text":"","template_catalog_categories_visible":"","demo_title":"Crea tu widget de feed de Instagram","demo_caption":"\u00a1Configura tu feed de Instagram y agr\u00e9galo a tu sitio web de Blogger gratis!","default_faq_hidden":"","app_template_category":[],"platform":"39","template_public_id":"","codecanyon_url":"","codecanyon_item_id":"","codecanyon_price":"","pricing_caption":"","pricing_elfsight_apps_hide_column":"","pricing_elfsight_apps_url":"","pricing_codecanyon_price_caption":"","integration_category":[],"integration_request_title":"","integration_request_cta":"","integration_platform":"","integrations":[],"platform_category":[],"video_schema_markup":"","price":"desde $0 por mes","trial":"","benefits":[{"text":"Instalaci\u00f3n gratuita"},{"text":"Soporte Premium"},{"text":"14 d\u00edas garant\u00eda de reembolso"},{"text":"Actualizaciones regulares"}],"button_url":"#demo","button_target_blank":"0","button_nofollow":"0","attributes":[{"name":"Responsivo","content":"Si","_state":"expanded"},{"name":"Navegadores compatibles","content":"Firefox, Safari, Opera, Chrome, Edge","_state":"expanded"}],"tags":[],"tags_disable_links":"0","hide_more_platforms":"","video_object":"","demo_hide_cta":"0","demo_hide_cloud_options":"0","pricing_title":"","pricing":[{"pricing_icon":"platform","pricing_title":" Elfsight Apps","pricing_title_caption":"Soluci\u00f3n multiplataforma - valido para cualquier p\u00e1gina web","pricing_price":"desde $0 por mes","pricing_price_caption":"empezar con un plan gratuito","pricing_benefits":[{"text":"Sitios web ilimitados"},{"text":"Atenci\u00f3n al cliente gratuita y r\u00e1pida"},{"text":"Servicio de instalaci\u00f3n gratuito"},{"text":"Totalmente personalizable"}],"pricing_button_text":"Agregar al sitio web","pricing_button_url":"#demo","_state":"expanded"}],"related_apps_title":"","related_apps_hidden":"1","author":"","image":[],"title":"","job":"","social_networks":[]},"_links":{"self":[{"href":"https:\/\/elfsight.com\/es\/wp-json\/wp\/v2\/pages\/3586","targetHints":{"allow":["GET"]}}],"collection":[{"href":"https:\/\/elfsight.com\/es\/wp-json\/wp\/v2\/pages"}],"about":[{"href":"https:\/\/elfsight.com\/es\/wp-json\/wp\/v2\/types\/page"}],"author":[{"embeddable":true,"href":"https:\/\/elfsight.com\/es\/wp-json\/wp\/v2\/users\/18"}],"replies":[{"embeddable":true,"href":"https:\/\/elfsight.com\/es\/wp-json\/wp\/v2\/comments?post=3586"}],"version-history":[{"count":3,"href":"https:\/\/elfsight.com\/es\/wp-json\/wp\/v2\/pages\/3586\/revisions"}],"predecessor-version":[{"id":17904,"href":"https:\/\/elfsight.com\/es\/wp-json\/wp\/v2\/pages\/3586\/revisions\/17904"}],"up":[{"embeddable":true,"href":"https:\/\/elfsight.com\/es\/wp-json\/wp\/v2\/pages\/1442"}],"wp:attachment":[{"href":"https:\/\/elfsight.com\/es\/wp-json\/wp\/v2\/media?parent=3586"}],"curies":[{"name":"wp","href":"https:\/\/api.w.org\/{rel}","templated":true}]}}