{"id":3584,"date":"2022-02-11T12:26:30","date_gmt":"2022-02-11T12:26:30","guid":{"rendered":"https:\/\/elfsight.com\/es\/?page_id=3584"},"modified":"2025-02-06T15:06:04","modified_gmt":"2025-02-06T15:06:04","slug":"blogger","status":"publish","type":"page","link":"https:\/\/elfsight.com\/es\/logo-showcase-widget\/blogger\/","title":{"rendered":"Logo Showcase &#8211; Blogger"},"content":{"rendered":"<div class=\"application-platform-content-item-description application-platform-content-item\" id=\"description\" data-nav-section=\"description\"><h2>Descripci\u00f3n<\/h2> <p>Elfsight Logo Showcase ser\u00e1 la mejor herramienta para mostrar los logotipos de tus clientes y promotores o las menciones de prensa en tu sitio. Con la ayuda de este widget, es f\u00e1cil demostrar que tu empresa es un socio de confianza y establecer una visi\u00f3n positiva de tu negocio. El widget Logo Showcase te permite integrar cualquier cantidad de emblemas, organizarlos en un deslizador o cuadr\u00edcula, y cambiar la escala de los logotipos. Puedes mostrar un t\u00edtulo y enlaces al sitio web de las empresas. Con opciones de colores y fuentes, puedes construir una interfaz personalizada.<\/p><p><b>Aumenta el nivel de ventas demostrando tu impecable reputaci\u00f3n empresarial, con los logotipos de tus socios en tu sitio.<\/b><\/p><\/div> <div class=\"application-platform-content-item-features application-platform-content-item\" id=\"features\" data-nav-section=\"features\"><h2>Caracter\u00edsticas<\/h2> <p>Consulta la lista de todas las caracter\u00edsticas funcionales de Logo Showcase. Puedes ajustarlas directamente en el editor y te ayudar\u00e1n a configurar el widget especialmente para tu caso de uso.<\/p><ul><li>La opci\u00f3n de conectar cada logotipo a cualquier direcci\u00f3n;<\/li><li>El encabezado del widget es conmutables y tiene t\u00edtulo y texto con opciones de formato;<\/li><li>El bot\u00f3n de llamada a la acci\u00f3n puede llevar a cualquier p\u00e1gina al hacer clic;<\/li><li>3 dise\u00f1os diferentes de widget: Deslizador, Cuadr\u00edcula y Carrusel;<\/li><li>Una funci\u00f3n para ajustar el tama\u00f1o del logotipo y el ancho del widget;<\/li><li>Una opci\u00f3n para elegir cualquier color de fondo o a\u00f1adir tu propio archivo.<\/li><\/ul><p><a href=\"#demo\">Prueba todas las dem\u00e1s funciones en la demostraci\u00f3n<\/a><\/p><\/div> <div class=\"application-platform-content-item-installation application-platform-content-item\" id=\"installation\" data-nav-section=\"installation\"><h2>\u00bfC\u00f3mo puedo integrar Logo Showcase en Blogger?<\/h2><div class=\"video-container\"><iframe width=\"720\" height=\"405\" src=\"https:\/\/www.youtube.com\/embed\/zgOIpN5Uv4w\" frameborder=\"0\" allowfullscreen=\"\"><\/iframe><\/div><p>Para agregar el widget, solo necesitas seguir unos pocos pasos r\u00e1pidos<\/p><ul><li><b>Genera tu propio widget de Logotipos<\/b><br>En nuestra demo gratuita, configura un plugin con un dise\u00f1o y funcionalidad personalizados.<\/li><li><b>Obt\u00e9n el c\u00f3digo personal para agregar el plugin<\/b><br>Despu\u00e9s de configurar tu widget, recibir\u00e1s tu c\u00f3digo de instalaci\u00f3n desde la notificaci\u00f3n que aparecer\u00e1 en Elfsight Apps. Copia el c\u00f3digo para uso futuro.<\/li><li><b>Integra el plugin en tu sitio de Blogger<\/b><br>Encuentra el \u00e1rea donde planeas colocar el plugin e inserta all\u00ed el c\u00f3digo guardado. Aplica los resultados.<\/li><li><b>Instalaci\u00f3n exitosa<\/b><br>Ve a tu tienda para verificar tu trabajo.<\/li><\/ul><p>No dudes en contactar al servicio de atenci\u00f3n al cliente en caso de que necesites asesoramiento o tengas preguntas. Estaremos encantados de ayudarte con cualquier consulta.<\/p><div class=\"faq\" data-component=\"FAQ\"><div class=\"faq-item\">\r\n\t\t\t\t\t<div class=\"faq-item-question\">\r\n\t\t\t\t\t\t<h3 class=\"faq-item-question-text\">\u00bfHay alguna forma de integrar Logo Showcase en mi p\u00e1gina de inicio de Blogger sin conocimientos de programaci\u00f3n?<\/h3>\r\n\r\n\t\t\t\t\t\t<div class=\"faq-item-question-icon\"><\/div>\r\n\t\t\t\t\t<\/div>\r\n\r\n\t\t\t\t\t<div class=\"faq-item-answer\">\r\n\t\t\t\t\t\t<div class=\"faq-item-answer-text\"> <p>La empresa Elfsight ofrece una soluci\u00f3n que te permite crear una aplicaci\u00f3n de Logo Showcase t\u00fa mismo, siguiendo esta sencilla gu\u00eda: Trabaja directamente en el Editor en vivo para crear el widget de Logo Showcase que te gustar\u00eda incluir en el sitio web de Blogger. Haz clic en uno de nuestros plantillas listas para usar y adapta la configuraci\u00f3n de Logo Showcase, cambia el dise\u00f1o y el esquema de colores y actualiza tu contenido, sin necesidad de programaci\u00f3n. Guarda el Logo Showcase y obt\u00e9n el c\u00f3digo de instalaci\u00f3n que puedes pegar f\u00e1cilmente en el sitio web de Blogger sin comprar un plan de pago. Usando el Editor f\u00e1cil de usar, cualquier usuario web puede generar Logo Showcase en l\u00ednea e integrarlo f\u00e1cilmente en su p\u00e1gina de inicio de Blogger. No es necesario obtener un plan de pago ni ingresar tus credenciales de tarjeta para acceder a nuestro servicio. Si encuentras alg\u00fan problema en cualquier paso, no dudes en hablar con nuestro soporte t\u00e9cnico.<\/p> <\/div>\r\n\t\t\t\t\t<\/div>\r\n\t\t\t\t<\/div> <\/div><\/div>","protected":false},"excerpt":{"rendered":"","protected":false},"author":18,"featured_media":0,"parent":1690,"menu_order":0,"comment_status":"closed","ping_status":"closed","template":"templates\/template-application-platform.php","meta":{"publish_to_discourse":"","publish_post_category":"","wpdc_auto_publish_overridden":"","wpdc_topic_tags":"","wpdc_pin_topic":"","wpdc_pin_until":"","discourse_post_id":"","discourse_permalink":"","wpdc_publishing_response":"","wpdc_publishing_error":"","footnotes":""},"class_list":["post-3584","page","type-page","status-publish","hentry"],"yoast_head":"<!-- This site is optimized with the Yoast SEO plugin v25.3.1 - https:\/\/yoast.com\/wordpress\/plugins\/seo\/ -->\n<title>Exposici\u00f3n de logos - Incrustar widget de Logotipo de escaparate al Blogger<\/title>\n<meta name=\"description\" content=\"A\u00f1ade un plugin interactivo de Exposici\u00f3n de logos en su p\u00e1gina web de Blogger. Aplique la demo de Elfsight intuitiva y construe su widget \u00fanico.\" \/>\n<meta name=\"robots\" content=\"index, follow, max-snippet:-1, max-image-preview:large, max-video-preview:-1\" \/>\n<link rel=\"canonical\" href=\"https:\/\/elfsight.com\/es\/logo-showcase-widget\/blogger\/\" \/>\n<meta property=\"og:locale\" content=\"es_ES\" \/>\n<meta property=\"og:type\" content=\"article\" \/>\n<meta property=\"og:title\" content=\"Exposici\u00f3n de logos - Incrustar widget de Logotipo de escaparate al Blogger\" \/>\n<meta property=\"og:description\" content=\"A\u00f1ade un plugin interactivo de Exposici\u00f3n de logos en su p\u00e1gina web de Blogger. Aplique la demo de Elfsight intuitiva y construe su widget \u00fanico.\" \/>\n<meta property=\"og:url\" content=\"https:\/\/elfsight.com\/es\/logo-showcase-widget\/blogger\/\" \/>\n<meta property=\"og:site_name\" content=\"Elfsight ES\" \/>\n<meta property=\"article:modified_time\" content=\"2025-02-06T15:06:04+00:00\" \/>\n<meta name=\"twitter:card\" content=\"summary_large_image\" \/>\n<meta name=\"twitter:label1\" content=\"Tiempo de lectura\" \/>\n\t<meta name=\"twitter:data1\" content=\"2 minutos\" \/>\n<!-- \/ Yoast SEO plugin. -->","yoast_head_json":{"title":"Exposici\u00f3n de logos - Incrustar widget de Logotipo de escaparate al Blogger","description":"A\u00f1ade un plugin interactivo de Exposici\u00f3n de logos en su p\u00e1gina web de Blogger. Aplique la demo de Elfsight intuitiva y construe su widget \u00fanico.","robots":{"index":"index","follow":"follow","max-snippet":"max-snippet:-1","max-image-preview":"max-image-preview:large","max-video-preview":"max-video-preview:-1"},"canonical":"https:\/\/elfsight.com\/es\/logo-showcase-widget\/blogger\/","og_locale":"es_ES","og_type":"article","og_title":"Exposici\u00f3n de logos - Incrustar widget de Logotipo de escaparate al Blogger","og_description":"A\u00f1ade un plugin interactivo de Exposici\u00f3n de logos en su p\u00e1gina web de Blogger. Aplique la demo de Elfsight intuitiva y construe su widget \u00fanico.","og_url":"https:\/\/elfsight.com\/es\/logo-showcase-widget\/blogger\/","og_site_name":"Elfsight ES","article_modified_time":"2025-02-06T15:06:04+00:00","twitter_card":"summary_large_image","twitter_misc":{"Tiempo de lectura":"2 minutos"},"schema":{"@context":"https:\/\/schema.org","@graph":[{"@type":"WebPage","@id":"https:\/\/elfsight.com\/es\/logo-showcase-widget\/blogger\/","url":"https:\/\/elfsight.com\/es\/logo-showcase-widget\/blogger\/","name":"Exposici\u00f3n de logos - Incrustar widget de Logotipo de escaparate al Blogger","isPartOf":{"@id":"https:\/\/elfsight.com\/es\/#website"},"datePublished":"2022-02-11T12:26:30+00:00","dateModified":"2025-02-06T15:06:04+00:00","description":"A\u00f1ade un plugin interactivo de Exposici\u00f3n de logos en su p\u00e1gina web de Blogger. Aplique la demo de Elfsight intuitiva y construe su widget \u00fanico.","breadcrumb":{"@id":"https:\/\/elfsight.com\/es\/logo-showcase-widget\/blogger\/#breadcrumb"},"inLanguage":"es","potentialAction":[{"@type":"ReadAction","target":["https:\/\/elfsight.com\/es\/logo-showcase-widget\/blogger\/"]}]},{"@type":"BreadcrumbList","@id":"https:\/\/elfsight.com\/es\/logo-showcase-widget\/blogger\/#breadcrumb","itemListElement":[{"@type":"ListItem","position":1,"name":"Home","item":"https:\/\/elfsight.com\/es\/"},{"@type":"ListItem","position":2,"name":"Logo Showcase","item":"https:\/\/elfsight.com\/es\/logo-showcase-widget\/"},{"@type":"ListItem","position":3,"name":"Logo Showcase &#8211; Blogger"}]},{"@type":"WebSite","@id":"https:\/\/elfsight.com\/es\/#website","url":"https:\/\/elfsight.com\/es\/","name":"Elfsight ES","description":"Just another Elfsight Sites site","potentialAction":[{"@type":"SearchAction","target":{"@type":"EntryPoint","urlTemplate":"https:\/\/elfsight.com\/es\/?s={search_term_string}"},"query-input":{"@type":"PropertyValueSpecification","valueRequired":true,"valueName":"search_term_string"}}],"inLanguage":"es"}]}},"meta_box":{"industry":"","seo_heading":"","heading":"","description":"","cta_heading":"","cta_description":"","application":"1689","h1":"widget de Exposici\u00f3n de logos para Blogger","h1_caption":"Incluye un n\u00famero ilimitado de logotipos y construye la confianza de los clientes","application_category":[],"applications_title":"","applications_request_title":"","applications_request_button_text":"","hero_text":"","hero_video":"","hero_video_schema_markup":"","selling_points_title":"","selling_points_caption":"","selling_points":[],"selling_points_cta_text":"","features_title":"","features":"","ed_cta_examples_text":"","ed_cta_examples_hidden":"","ed_cta_demo_text":"","ed_cta_demo_hidden":"","why_caption":"","why_editor_title":"","why_editor_text":"","why_team_title":"","why_team_text":"","why_service_title":"","why_service_text":"","template_catalog_visible":"","template_catalog_title":"","template_catalog_text":"","template_catalog_categories_visible":"","demo_title":"Crea tu widget de presentaci\u00f3n de logotipos","demo_caption":"\u00a1Configura tu Logo Showcase y agr\u00e9galo a tu sitio web de Blogger de forma gratuita!","default_faq_hidden":"","app_template_category":[],"platform":"39","template_public_id":"","codecanyon_url":"","codecanyon_item_id":"","codecanyon_price":"","pricing_caption":"","pricing_elfsight_apps_hide_column":"","pricing_elfsight_apps_url":"","pricing_codecanyon_price_caption":"","integration_category":[],"integration_request_title":"","integration_request_cta":"","integration_platform":"","integrations":[],"platform_category":[],"video_schema_markup":"","price":"desde $0 por mes","trial":"","benefits":[{"text":"Instalaci\u00f3n gratuita"},{"text":"Soporte Premium"},{"text":"14 d\u00edas garant\u00eda de reembolso"},{"text":"Actualizaciones regulares"}],"button_url":"#demo","button_target_blank":"0","button_nofollow":"0","attributes":[{"name":"Responsivo","content":"Si","_state":"expanded"},{"name":"Navegadores compatibles","content":"Firefox, Safari, Opera, Chrome, Edge","_state":"expanded"}],"tags":[],"tags_disable_links":"0","hide_more_platforms":"","video_object":"","demo_hide_cta":"0","demo_hide_cloud_options":"0","pricing_title":"","pricing":[{"pricing_icon":"platform","pricing_title":" Elfsight Apps","pricing_title_caption":"Soluci\u00f3n multiplataforma - valido para cualquier p\u00e1gina web","pricing_price":"desde $0 por mes","pricing_price_caption":"empezar con un plan gratuito","pricing_benefits":[{"text":"Sitios web ilimitados"},{"text":"Atenci\u00f3n al cliente gratuita y r\u00e1pida"},{"text":"Servicio de instalaci\u00f3n gratuito"},{"text":"Totalmente personalizable"}],"pricing_button_text":"Agregar al sitio web","pricing_button_url":"#demo","_state":"expanded"}],"related_apps_title":"","related_apps_hidden":"1","author":"","image":[],"title":"","job":"","social_networks":[]},"_links":{"self":[{"href":"https:\/\/elfsight.com\/es\/wp-json\/wp\/v2\/pages\/3584","targetHints":{"allow":["GET"]}}],"collection":[{"href":"https:\/\/elfsight.com\/es\/wp-json\/wp\/v2\/pages"}],"about":[{"href":"https:\/\/elfsight.com\/es\/wp-json\/wp\/v2\/types\/page"}],"author":[{"embeddable":true,"href":"https:\/\/elfsight.com\/es\/wp-json\/wp\/v2\/users\/18"}],"replies":[{"embeddable":true,"href":"https:\/\/elfsight.com\/es\/wp-json\/wp\/v2\/comments?post=3584"}],"version-history":[{"count":3,"href":"https:\/\/elfsight.com\/es\/wp-json\/wp\/v2\/pages\/3584\/revisions"}],"predecessor-version":[{"id":17903,"href":"https:\/\/elfsight.com\/es\/wp-json\/wp\/v2\/pages\/3584\/revisions\/17903"}],"up":[{"embeddable":true,"href":"https:\/\/elfsight.com\/es\/wp-json\/wp\/v2\/pages\/1690"}],"wp:attachment":[{"href":"https:\/\/elfsight.com\/es\/wp-json\/wp\/v2\/media?parent=3584"}],"curies":[{"name":"wp","href":"https:\/\/api.w.org\/{rel}","templated":true}]}}