{"id":3578,"date":"2022-02-11T12:26:35","date_gmt":"2022-02-11T12:26:35","guid":{"rendered":"https:\/\/elfsight.com\/es\/?page_id=3578"},"modified":"2025-02-06T15:05:54","modified_gmt":"2025-02-06T15:05:54","slug":"bigcommerce","status":"publish","type":"page","link":"https:\/\/elfsight.com\/es\/instagram-feed-instashow\/bigcommerce\/","title":{"rendered":"Instagram Feed &#8211; BigCommerce"},"content":{"rendered":"<div class=\"application-platform-content-item-description application-platform-content-item\" id=\"description\" data-nav-section=\"description\"><h2>Incrustar Instagram en BigCommerce con el widget de Elfsight<\/h2><p>InstaShow es una aplicaci\u00f3n de Instagram responsiva, que permite crear maravillosos portafolios a partir de fotos y videos de Instagram. Hay una gran cantidad de configuraciones individuales para tu p\u00e1gina personal: todas las fuentes disponibles, moderaci\u00f3n de publicaciones, m\u00e1s de 50 caracter\u00edsticas personalizables y 10 opciones de plantillas, y es completamente adaptable para cualquier tama\u00f1o de pantalla.<\/p><p><b>Usa una aplicaci\u00f3n totalmente responsiva y eficiente para atraer visitantes a tu sitio web al instante.<\/b><\/p><ul><li><b>Aumenta la cantidad de transacciones.<\/b><br> Promociona tus productos o servicios a trav\u00e9s de fotos de Instagram usando hashtags, ubicaciones o una URL espec\u00edfica, para duplicar los ingresos de tu sitio.<\/li><li><b>Obt\u00e9n nuevos seguidores en Instagram.<\/b><br> Inserta enlaces especiales con una llamada a suscribirse y aumenta la cantidad de seguidores de tu cuenta de Instagram.<\/li><li><b>Mejora la interacci\u00f3n de los usuarios en tu sitio.<\/b><br> Sorprende a los visitantes y provoca m\u00e1s emociones, utilizando fotos de Instagram, para lograr un fuerte compromiso de los usuarios.<\/li><\/ul><div class=\"faq\" data-component=\"FAQ\"><div class=\"faq-item\">\r\n\t\t\t\t\t<div class=\"faq-item-question\">\r\n\t\t\t\t\t\t<h3 class=\"faq-item-question-text\">\u00bfPuedo probar el widget de Instagram Feed en acci\u00f3n?<\/h3>\r\n\r\n\t\t\t\t\t\t<div class=\"faq-item-question-icon\"><\/div>\r\n\t\t\t\t\t<\/div>\r\n\r\n\t\t\t\t\t<div class=\"faq-item-answer\">\r\n\t\t\t\t\t\t<div class=\"faq-item-answer-text\"> <p>S\u00ed, puedes hacerlo f\u00e1cilmente en una <a href=\"#demo\">demo interactiva<\/a> sin necesidad de registrarte.<\/p><\/div>\r\n\t\t\t\t\t<\/div>\r\n\t\t\t\t<\/div><div class=\"faq-item\">\r\n\t\t\t\t\t<div class=\"faq-item-question\">\r\n\t\t\t\t\t\t<h3 class=\"faq-item-question-text\">\u00bfHay alguna forma de incrustar Instagram Feed en mi sitio de BigCommerce sin conocimientos de codificaci\u00f3n?<\/h3>\r\n\r\n\t\t\t\t\t\t<div class=\"faq-item-question-icon\"><\/div>\r\n\t\t\t\t\t<\/div>\r\n\r\n\t\t\t\t\t<div class=\"faq-item-answer\">\r\n\t\t\t\t\t\t<div class=\"faq-item-answer-text\"><p>La empresa Elfsight presenta una soluci\u00f3n que te permite <a href=\"https:\/\/elfsight.com\/blog\/how-to-embed-instagram-feed-on-website\/\">incrustar Instagram Feed<\/a> en tu sitio web por ti mismo, sigue los pasos simples:<\/p><ul><li>Comienza a trabajar directamente en el Editor en l\u00ednea para crear el widget de Instagram Feed que te gustar\u00eda agregar en tu p\u00e1gina de BigCommerce.<\/li><li>Selecciona una de las plantillas predefinidas y cambia la configuraci\u00f3n de Instagram Feed, modifica el dise\u00f1o y los esquemas de colores, actualiza tu contenido sin conocimientos de codificaci\u00f3n.<\/li><li>Guarda los ajustes que hayas realizado en Instagram Feed y obt\u00e9n el c\u00f3digo de instalaci\u00f3n, que se puede incrustar f\u00e1cilmente en la p\u00e1gina de BigCommerce sin necesidad de comprar una suscripci\u00f3n de pago.<\/li><\/ul><p>Con la ayuda del Editor intuitivo, cualquier usuario de la web puede generar el widget de Instagram Feed en l\u00ednea y agregarlo f\u00e1cilmente a cualquier sitio de BigCommerce. No necesitas obtener una suscripci\u00f3n de pago ni ingresar los datos de tu tarjeta para acceder a nuestro servicio. Si encuentras alg\u00fan problema de cualquier tipo, por favor, contacta con nuestro soporte t\u00e9cnico.<\/p><\/div>\r\n\t\t\t\t\t<\/div>\r\n\t\t\t\t<\/div><div class=\"faq-item\">\r\n\t\t\t\t\t<div class=\"faq-item-question\">\r\n\t\t\t\t\t\t<h3 class=\"faq-item-question-text\">\u00bfC\u00f3mo incrustar Instagram Feed de forma gratuita en BigCommerce?<\/h3>\r\n\r\n\t\t\t\t\t\t<div class=\"faq-item-question-icon\"><\/div>\r\n\t\t\t\t\t<\/div>\r\n\r\n\t\t\t\t\t<div class=\"faq-item-answer\">\r\n\t\t\t\t\t\t<div class=\"faq-item-answer-text\"><ol><p>Un Instagram Feed te permite mostrar tus \u00faltimas publicaciones y enganchar a los visitantes de tu sitio web de manera efectiva.<\/p><ol><li>Para agregar el Instagram Feed de Elfsight de forma gratuita en BigCommerce, comienza registr\u00e1ndote para obtener una cuenta gratuita en el sitio web de Elfsight.<\/li><li>Con el widget gratuito de Instagram, puedes personalizar f\u00e1cilmente la apariencia y la configuraci\u00f3n para que se ajusten a tu tienda BigCommerce.<\/li><li>Una vez que hayas configurado tu Instagram Feed de forma gratuita, simplemente copia el c\u00f3digo de incrustaci\u00f3n proporcionado y p\u00e9galo en el HTML de tu sitio de BigCommerce donde deseas que aparezca el feed.<\/li><\/ol><p>\u00a1Ahora, tu tienda BigCommerce mostrar\u00e1 tu Instagram Feed, mejorando su atractivo visual y manteniendo a los visitantes comprometidos! Disfruta de los beneficios del widget de Instagram de Elfsight sin costo alguno.<\/p><\/ol><\/div>\r\n\t\t\t\t\t<\/div>\r\n\t\t\t\t<\/div><\/div><\/div><div class=\"application-platform-content-item-features application-platform-content-item\" id=\"features\" data-nav-section=\"features\"><h2>Principales caracter\u00edsticas de la aplicaci\u00f3n Instagram Feed<\/h2><p>Los principales par\u00e1metros de nuestra aplicaci\u00f3n, que la convierten en el mejor producto de BigCommerce para integrar Instagram en un sitio web:<\/p><ul><li>Agregar contenido por URL, hashtags y nombres de usuario;<\/li><li>2 dise\u00f1os de feed listos para usar: Deslizador y Cuadr\u00edcula;<\/li><li>Duplicar y reorganizar botones de llamada a la acci\u00f3n;<\/li><li>11 elementos pintables;<\/li><li>Opci\u00f3n de optimizaci\u00f3n para dispositivos m\u00f3viles.<\/li><\/ul><p><a href=\"#demo\">Todas las caracter\u00edsticas en nuestra demo<\/a><\/p><p>Puedes incrustar Instagram Feed en BigCommerce para lograr un mejor rendimiento del sitio web. El widget aumentar\u00e1 el compromiso, as\u00ed como el tiempo que las personas pasan en el sitio. Adem\u00e1s, debido a que es familiar para la mayor\u00eda de los usuarios y tiene una galer\u00eda interactiva, atraer\u00e1 gran parte de su atenci\u00f3n y tiempo. Adem\u00e1s, con esta aplicaci\u00f3n estilizada, puedes invitar a los visitantes del sitio a suscribirse a tu perfil de Instagram. Finalmente, hay una oportunidad para aumentar la confianza en tu marca publicando grandes testimonios de Instagram en tu sitio web.<\/p><\/div><div class=\"application-platform-content-item-installation application-platform-content-item\" id=\"installation\" data-nav-section=\"installation\"><h2>\u00bfC\u00f3mo agregar la aplicaci\u00f3n Instagram a tu sitio web de BigCommerce?<\/h2><div class=\"video-container\"><iframe width=\"720\" height=\"405\" src=\"https:\/\/www.youtube.com\/embed\/0d2WEFDYZME\" frameborder=\"0\" allowfullscreen=\"\"><\/iframe><\/div><p>Sigue los pasos que se presentan a continuaci\u00f3n para comenzar a trabajar con la aplicaci\u00f3n en BigCommerce.<\/p><ol><li><b>Usa nuestra demo gratuita y comienza a crear tu aplicaci\u00f3n personalizada.<\/b><br> Elige el aspecto y las caracter\u00edsticas funcionales del widget y aplica las modificaciones.<\/li><li><b>Obt\u00e9n tu c\u00f3digo personal expuesto en la ventana de Elfsight Apps.<\/b><br> Despu\u00e9s de crear tu widget de Instagram Feed personalizado, copia el c\u00f3digo exclusivo que aparecer\u00e1 en el cuadro emergente y gu\u00e1rdalo para su uso posterior.<\/li><li><b>Comienza a usar el widget en tu sitio web de BigCommerce.<\/b><br> Implementa el c\u00f3digo copiado previamente en tu sitio web y aplica los cambios.<\/li><li><b>La configuraci\u00f3n est\u00e1 completamente realizada.<\/b><br> Ve a tu p\u00e1gina para ver c\u00f3mo funciona el widget.<\/li><\/ol><p>\u00bfEncontraste alg\u00fan problema al insertar la aplicaci\u00f3n o personalizar tu feed de Instagram? Contacta con el soporte de Elfsight.<\/p><\/div>","protected":false},"excerpt":{"rendered":"","protected":false},"author":18,"featured_media":0,"parent":1442,"menu_order":0,"comment_status":"closed","ping_status":"closed","template":"templates\/template-application-platform.php","meta":{"publish_to_discourse":"","publish_post_category":"","wpdc_auto_publish_overridden":"","wpdc_topic_tags":"","wpdc_pin_topic":"","wpdc_pin_until":"","discourse_post_id":"","discourse_permalink":"","wpdc_publishing_response":"","wpdc_publishing_error":"","footnotes":""},"class_list":["post-3578","page","type-page","status-publish","hentry"],"yoast_head":"<!-- This site is optimized with the Yoast SEO plugin v25.3.1 - https:\/\/yoast.com\/wordpress\/plugins\/seo\/ -->\n<title>Feed de Instagram - Incrustar app de Instagram Feed al BigCommerce<\/title>\n<meta name=\"description\" content=\"Incrusta un plugin hermoso de Feed de Instagram en su sitio web de BigCommerce. Pruebe la demo de Elfsight manejable y cree su app personalizado.\" \/>\n<meta name=\"robots\" content=\"index, follow, max-snippet:-1, max-image-preview:large, max-video-preview:-1\" \/>\n<link rel=\"canonical\" href=\"https:\/\/elfsight.com\/es\/instagram-feed-instashow\/bigcommerce\/\" \/>\n<meta property=\"og:locale\" content=\"es_ES\" \/>\n<meta property=\"og:type\" content=\"article\" \/>\n<meta property=\"og:title\" content=\"Feed de Instagram - Incrustar app de Instagram Feed al BigCommerce\" \/>\n<meta property=\"og:description\" content=\"Incrusta un plugin hermoso de Feed de Instagram en su sitio web de BigCommerce. Pruebe la demo de Elfsight manejable y cree su app personalizado.\" \/>\n<meta property=\"og:url\" content=\"https:\/\/elfsight.com\/es\/instagram-feed-instashow\/bigcommerce\/\" \/>\n<meta property=\"og:site_name\" content=\"Elfsight ES\" \/>\n<meta property=\"article:modified_time\" content=\"2025-02-06T15:05:54+00:00\" \/>\n<meta name=\"twitter:card\" content=\"summary_large_image\" \/>\n<meta name=\"twitter:label1\" content=\"Tiempo de lectura\" \/>\n\t<meta name=\"twitter:data1\" content=\"1 minuto\" \/>\n<!-- \/ Yoast SEO plugin. -->","yoast_head_json":{"title":"Feed de Instagram - Incrustar app de Instagram Feed al BigCommerce","description":"Incrusta un plugin hermoso de Feed de Instagram en su sitio web de BigCommerce. Pruebe la demo de Elfsight manejable y cree su app personalizado.","robots":{"index":"index","follow":"follow","max-snippet":"max-snippet:-1","max-image-preview":"max-image-preview:large","max-video-preview":"max-video-preview:-1"},"canonical":"https:\/\/elfsight.com\/es\/instagram-feed-instashow\/bigcommerce\/","og_locale":"es_ES","og_type":"article","og_title":"Feed de Instagram - Incrustar app de Instagram Feed al BigCommerce","og_description":"Incrusta un plugin hermoso de Feed de Instagram en su sitio web de BigCommerce. Pruebe la demo de Elfsight manejable y cree su app personalizado.","og_url":"https:\/\/elfsight.com\/es\/instagram-feed-instashow\/bigcommerce\/","og_site_name":"Elfsight ES","article_modified_time":"2025-02-06T15:05:54+00:00","twitter_card":"summary_large_image","twitter_misc":{"Tiempo de lectura":"1 minuto"},"schema":{"@context":"https:\/\/schema.org","@graph":[{"@type":"WebPage","@id":"https:\/\/elfsight.com\/es\/instagram-feed-instashow\/bigcommerce\/","url":"https:\/\/elfsight.com\/es\/instagram-feed-instashow\/bigcommerce\/","name":"Feed de Instagram - Incrustar app de Instagram Feed al BigCommerce","isPartOf":{"@id":"https:\/\/elfsight.com\/es\/#website"},"datePublished":"2022-02-11T12:26:35+00:00","dateModified":"2025-02-06T15:05:54+00:00","description":"Incrusta un plugin hermoso de Feed de Instagram en su sitio web de BigCommerce. Pruebe la demo de Elfsight manejable y cree su app personalizado.","breadcrumb":{"@id":"https:\/\/elfsight.com\/es\/instagram-feed-instashow\/bigcommerce\/#breadcrumb"},"inLanguage":"es","potentialAction":[{"@type":"ReadAction","target":["https:\/\/elfsight.com\/es\/instagram-feed-instashow\/bigcommerce\/"]}]},{"@type":"BreadcrumbList","@id":"https:\/\/elfsight.com\/es\/instagram-feed-instashow\/bigcommerce\/#breadcrumb","itemListElement":[{"@type":"ListItem","position":1,"name":"Home","item":"https:\/\/elfsight.com\/es\/"},{"@type":"ListItem","position":2,"name":"Instagram Feed","item":"https:\/\/elfsight.com\/es\/instagram-feed-instashow\/"},{"@type":"ListItem","position":3,"name":"Instagram Feed &#8211; BigCommerce"}]},{"@type":"WebSite","@id":"https:\/\/elfsight.com\/es\/#website","url":"https:\/\/elfsight.com\/es\/","name":"Elfsight ES","description":"Just another Elfsight Sites site","potentialAction":[{"@type":"SearchAction","target":{"@type":"EntryPoint","urlTemplate":"https:\/\/elfsight.com\/es\/?s={search_term_string}"},"query-input":{"@type":"PropertyValueSpecification","valueRequired":true,"valueName":"search_term_string"}}],"inLanguage":"es"}]}},"meta_box":{"industry":"","seo_heading":"","heading":"","description":"","cta_heading":"","cta_description":"","application":"1441","h1":"aplicaci\u00f3n de Feed de Instagram para BigCommerce","h1_caption":"Muestra fotos, galer\u00edas y v\u00eddeos de Instagram en su p\u00e1gina web","application_category":[],"applications_title":"","applications_request_title":"","applications_request_button_text":"","hero_text":"","hero_video":"","hero_video_schema_markup":"","selling_points_title":"","selling_points_caption":"","selling_points":[],"selling_points_cta_text":"","features_title":"","features":"","ed_cta_examples_text":"","ed_cta_examples_hidden":"","ed_cta_demo_text":"","ed_cta_demo_hidden":"","why_caption":"","why_editor_title":"","why_editor_text":"","why_team_title":"","why_team_text":"","why_service_title":"","why_service_text":"","template_catalog_visible":"","template_catalog_title":"","template_catalog_text":"","template_catalog_categories_visible":"","demo_title":"Crea tu aplicaci\u00f3n de feeds de Instagram","demo_caption":"\u00a1Configure su feed de Instagram y agr\u00e9guelo a su sitio web BigCommerce gratis!","default_faq_hidden":"","app_template_category":[],"platform":"33","template_public_id":"","codecanyon_url":"","codecanyon_item_id":"","codecanyon_price":"","pricing_caption":"","pricing_elfsight_apps_hide_column":"","pricing_elfsight_apps_url":"","pricing_codecanyon_price_caption":"","integration_category":[],"integration_request_title":"","integration_request_cta":"","integration_platform":"","integrations":[],"platform_category":[],"video_schema_markup":"","price":"desde $0 por mes","trial":"","benefits":[{"text":"Instalaci\u00f3n gratuita"},{"text":"Soporte Premium"},{"text":"14 d\u00edas garant\u00eda de reembolso"},{"text":"Actualizaciones regulares"}],"button_url":"#demo","button_target_blank":"0","button_nofollow":"0","attributes":[{"name":"Responsivo","content":"Si","_state":"expanded"},{"name":"Navegadores compatibles","content":"Firefox, Safari, Opera, Chrome, Edge","_state":"expanded"}],"tags":[],"tags_disable_links":"0","hide_more_platforms":"","video_object":"","demo_hide_cta":"0","demo_hide_cloud_options":"0","pricing_title":"","pricing":[{"pricing_icon":"platform","pricing_title":" Elfsight Apps","pricing_title_caption":"Soluci\u00f3n multiplataforma - valido para cualquier p\u00e1gina web","pricing_price":"desde $0 por mes","pricing_price_caption":"empezar con un plan gratuito","pricing_benefits":[{"text":"Sitios web ilimitados"},{"text":"Atenci\u00f3n al cliente gratuita y r\u00e1pida"},{"text":"Servicio de instalaci\u00f3n gratuito"},{"text":"Totalmente personalizable"}],"pricing_button_text":"Agregar al sitio web","pricing_button_url":"#demo","_state":"expanded"}],"related_apps_title":"","related_apps_hidden":"1","author":"","image":[],"title":"","job":"","social_networks":[]},"_links":{"self":[{"href":"https:\/\/elfsight.com\/es\/wp-json\/wp\/v2\/pages\/3578","targetHints":{"allow":["GET"]}}],"collection":[{"href":"https:\/\/elfsight.com\/es\/wp-json\/wp\/v2\/pages"}],"about":[{"href":"https:\/\/elfsight.com\/es\/wp-json\/wp\/v2\/types\/page"}],"author":[{"embeddable":true,"href":"https:\/\/elfsight.com\/es\/wp-json\/wp\/v2\/users\/18"}],"replies":[{"embeddable":true,"href":"https:\/\/elfsight.com\/es\/wp-json\/wp\/v2\/comments?post=3578"}],"version-history":[{"count":3,"href":"https:\/\/elfsight.com\/es\/wp-json\/wp\/v2\/pages\/3578\/revisions"}],"predecessor-version":[{"id":17902,"href":"https:\/\/elfsight.com\/es\/wp-json\/wp\/v2\/pages\/3578\/revisions\/17902"}],"up":[{"embeddable":true,"href":"https:\/\/elfsight.com\/es\/wp-json\/wp\/v2\/pages\/1442"}],"wp:attachment":[{"href":"https:\/\/elfsight.com\/es\/wp-json\/wp\/v2\/media?parent=3578"}],"curies":[{"name":"wp","href":"https:\/\/api.w.org\/{rel}","templated":true}]}}