{"id":3567,"date":"2022-02-11T12:27:06","date_gmt":"2022-02-11T12:27:06","guid":{"rendered":"https:\/\/elfsight.com\/es\/?page_id=3567"},"modified":"2025-02-06T15:05:46","modified_gmt":"2025-02-06T15:05:46","slug":"woocommerce","status":"publish","type":"page","link":"https:\/\/elfsight.com\/es\/contact-form-widget\/woocommerce\/","title":{"rendered":"Contact Form &#8211; WooCommerce"},"content":{"rendered":"<div class=\"application-platform-content-item-description application-platform-content-item\" id=\"description\" data-nav-section=\"description\"><h2>Formulario de contacto para WooCommerce<\/h2><p>El complemento de formulario de contacto para WooCommerce satisface todas las necesidades actuales para recibir rese\u00f1as y pedidos de los clientes de su sitio. Instale los elementos necesarios para completar, defina la plantilla requerida y ajuste la apariencia para motivar a\u00fan m\u00e1s a sus usuarios a escribir una rese\u00f1a sobre sus productos o negocios a trav\u00e9s de nuestro formulario de contacto para WooCommerce.<\/p><p><b>\u00a1Reciba rese\u00f1as, tome pedidos y responda a los mensajes de los usuarios de su sitio web!<\/b><\/p><\/div> <div class=\"application-platform-content-item-features application-platform-content-item\" id=\"features\" data-nav-section=\"features\"><h2>Caracter\u00edsticas del complemento de formulario de contacto<\/h2><ul><li>Aumente la cantidad de solicitudes desde el sitio;<\/li><li>Conozca mejor a sus clientes;<\/li><li>Mejore la comunicaci\u00f3n con sus clientes.<\/li><\/ul><p><a href=\"#demo\">Pruebe todas las opciones de personalizaci\u00f3n en una demostraci\u00f3n 100% funcional<\/a><\/p><\/div><div class=\"application-platform-content-item-installation application-platform-content-item\" id=\"installation\" data-nav-section=\"installation\"><h2>\u00bfC\u00f3mo puedo insertar el formulario de contacto en mi sitio web de WooCommerce?<\/h2><p>Siga las pautas a continuaci\u00f3n para agregar la herramienta.<\/p><ol><li><b>Usando nuestro configurador gratuito, comience a crear su herramienta personalizada.<\/b><br>Elija el formulario deseado y los aspectos del widget, luego guarde los cambios.<\/li><li><b>Obtenga el c\u00f3digo \u00fanico que aparece en el cuadro de Elfsight Apps.<\/b><br>Una vez que termine la configuraci\u00f3n de su widget personalizado, copie el c\u00f3digo individual en la ventana emergente y gu\u00e1rdelo para su uso posterior.<\/li><li><b>Comience a usar el widget en su sitio de WooCommerce.<\/b><br>Integre el c\u00f3digo que acaba de copiar en su p\u00e1gina web y guarde los cambios.<\/li><li><b>La configuraci\u00f3n est\u00e1 completamente terminada.<\/b><br>Visite su sitio web para verificar c\u00f3mo est\u00e1 funcionando el complemento.<\/li><\/ol><p>Si tiene alguna pregunta o encuentra alg\u00fan problema, no dude en contactar a nuestro personal de soporte. Nuestro equipo est\u00e1 ansioso por resolver cualquier problema que pueda tener con el widget.<\/p><div class=\"faq\" data-component=\"FAQ\"> <div class=\"faq-item\">\r\n\t\t\t\t\t<div class=\"faq-item-question\">\r\n\t\t\t\t\t\t<h3 class=\"faq-item-question-text\">\u00bfC\u00f3mo agregar un formulario de contacto a mi sitio web de WooCommerce sin habilidades de codificaci\u00f3n?<\/h3>\r\n\r\n\t\t\t\t\t\t<div class=\"faq-item-question-icon\"><\/div>\r\n\t\t\t\t\t<\/div>\r\n\r\n\t\t\t\t\t<div class=\"faq-item-answer\">\r\n\t\t\t\t\t\t<div class=\"faq-item-answer-text\"><p>Elfsight ofrece una soluci\u00f3n SaaS que le permite crear una aplicaci\u00f3n de formulario de contacto para WooCommerce por su cuenta, vea lo f\u00e1cil que es el proceso: trabaje directamente en el Editor en l\u00ednea para crear el widget de formulario de contacto que le gustar\u00eda ver en su sitio web de WooCommerce. Elija una de las plantillas predise\u00f1adas y ajuste la configuraci\u00f3n del formulario de contacto, agregue su contenido, cambie el dise\u00f1o y los colores sin necesidad de habilidades de codificaci\u00f3n. Guarde el formulario de contacto y copie su c\u00f3digo de instalaci\u00f3n, que puede incrustar f\u00e1cilmente en su sitio web de WooCommerce sin necesidad de comprar una versi\u00f3n paga. Con nuestro Editor intuitivo, cualquier usuario de internet puede crear un widget de formulario de contacto en l\u00ednea e integrarlo f\u00e1cilmente en su sitio web de WooCommerce. No es necesario pagar ni ingresar los datos de su tarjeta para acceder al servicio. Si enfrenta alg\u00fan problema en cualquier paso, no dude en ponerse en contacto con nuestro equipo de soporte t\u00e9cnico.<\/p><\/div>\r\n\t\t\t\t\t<\/div>\r\n\t\t\t\t<\/div> <div class=\"faq-item\">\r\n\t\t\t\t\t<div class=\"faq-item-question\">\r\n\t\t\t\t\t\t<h3 class=\"faq-item-question-text\">\u00bfTienen plantillas de formulario de contacto listas para usar para mi sitio web de WooCommerce?<\/h3>\r\n\r\n\t\t\t\t\t\t<div class=\"faq-item-question-icon\"><\/div>\r\n\t\t\t\t\t<\/div>\r\n\r\n\t\t\t\t\t<div class=\"faq-item-answer\">\r\n\t\t\t\t\t\t<div class=\"faq-item-answer-text\"><p>S\u00ed, hay una gran selecci\u00f3n de m\u00e1s de 300 plantillas para ahorrar tiempo creando un formulario desde cero. Eche un vistazo a <a href=\"https:\/\/elfsight.com\/online-form-builder\/templates\/contact-forms\/\">Plantillas de formularios de contacto<\/a> para cualquier ocasi\u00f3n y encuentre la que se ajuste a sus expectativas.<\/p><\/div>\r\n\t\t\t\t\t<\/div>\r\n\t\t\t\t<\/div><\/div> <\/div>","protected":false},"excerpt":{"rendered":"","protected":false},"author":18,"featured_media":0,"parent":669,"menu_order":0,"comment_status":"closed","ping_status":"closed","template":"templates\/template-application-platform.php","meta":{"publish_to_discourse":"","publish_post_category":"","wpdc_auto_publish_overridden":"","wpdc_topic_tags":"","wpdc_pin_topic":"","wpdc_pin_until":"","discourse_post_id":"","discourse_permalink":"","wpdc_publishing_response":"","wpdc_publishing_error":"","footnotes":""},"class_list":["post-3567","page","type-page","status-publish","hentry"],"yoast_head":"<!-- This site is optimized with the Yoast SEO plugin v25.3.1 - https:\/\/yoast.com\/wordpress\/plugins\/seo\/ -->\n<title>Formulario de Contacto - Integrar plugin de Forma de Contacto al WooCommerce<\/title>\n<meta name=\"description\" content=\"Incrusta un widget atractivo de Formulario de Contacto en su sitio web de WooCommerce. Lance la demo de Elfsight manejable y construe su plugin propio.\" \/>\n<meta name=\"robots\" content=\"index, follow, max-snippet:-1, max-image-preview:large, max-video-preview:-1\" \/>\n<link rel=\"canonical\" href=\"https:\/\/elfsight.com\/es\/contact-form-widget\/woocommerce\/\" \/>\n<meta property=\"og:locale\" content=\"es_ES\" \/>\n<meta property=\"og:type\" content=\"article\" \/>\n<meta property=\"og:title\" content=\"Formulario de Contacto - Integrar plugin de Forma de Contacto al WooCommerce\" \/>\n<meta property=\"og:description\" content=\"Incrusta un widget atractivo de Formulario de Contacto en su sitio web de WooCommerce. Lance la demo de Elfsight manejable y construe su plugin propio.\" \/>\n<meta property=\"og:url\" content=\"https:\/\/elfsight.com\/es\/contact-form-widget\/woocommerce\/\" \/>\n<meta property=\"og:site_name\" content=\"Elfsight ES\" \/>\n<meta property=\"article:modified_time\" content=\"2025-02-06T15:05:46+00:00\" \/>\n<meta name=\"twitter:card\" content=\"summary_large_image\" \/>\n<meta name=\"twitter:label1\" content=\"Tiempo de lectura\" \/>\n\t<meta name=\"twitter:data1\" content=\"1 minuto\" \/>\n<!-- \/ Yoast SEO plugin. -->","yoast_head_json":{"title":"Formulario de Contacto - Integrar plugin de Forma de Contacto al WooCommerce","description":"Incrusta un widget atractivo de Formulario de Contacto en su sitio web de WooCommerce. Lance la demo de Elfsight manejable y construe su plugin propio.","robots":{"index":"index","follow":"follow","max-snippet":"max-snippet:-1","max-image-preview":"max-image-preview:large","max-video-preview":"max-video-preview:-1"},"canonical":"https:\/\/elfsight.com\/es\/contact-form-widget\/woocommerce\/","og_locale":"es_ES","og_type":"article","og_title":"Formulario de Contacto - Integrar plugin de Forma de Contacto al WooCommerce","og_description":"Incrusta un widget atractivo de Formulario de Contacto en su sitio web de WooCommerce. Lance la demo de Elfsight manejable y construe su plugin propio.","og_url":"https:\/\/elfsight.com\/es\/contact-form-widget\/woocommerce\/","og_site_name":"Elfsight ES","article_modified_time":"2025-02-06T15:05:46+00:00","twitter_card":"summary_large_image","twitter_misc":{"Tiempo de lectura":"1 minuto"},"schema":{"@context":"https:\/\/schema.org","@graph":[{"@type":"WebPage","@id":"https:\/\/elfsight.com\/es\/contact-form-widget\/woocommerce\/","url":"https:\/\/elfsight.com\/es\/contact-form-widget\/woocommerce\/","name":"Formulario de Contacto - Integrar plugin de Forma de Contacto al WooCommerce","isPartOf":{"@id":"https:\/\/elfsight.com\/es\/#website"},"datePublished":"2022-02-11T12:27:06+00:00","dateModified":"2025-02-06T15:05:46+00:00","description":"Incrusta un widget atractivo de Formulario de Contacto en su sitio web de WooCommerce. Lance la demo de Elfsight manejable y construe su plugin propio.","breadcrumb":{"@id":"https:\/\/elfsight.com\/es\/contact-form-widget\/woocommerce\/#breadcrumb"},"inLanguage":"es","potentialAction":[{"@type":"ReadAction","target":["https:\/\/elfsight.com\/es\/contact-form-widget\/woocommerce\/"]}]},{"@type":"BreadcrumbList","@id":"https:\/\/elfsight.com\/es\/contact-form-widget\/woocommerce\/#breadcrumb","itemListElement":[{"@type":"ListItem","position":1,"name":"Home","item":"https:\/\/elfsight.com\/es\/"},{"@type":"ListItem","position":2,"name":"Contact Form","item":"https:\/\/elfsight.com\/es\/contact-form-widget\/"},{"@type":"ListItem","position":3,"name":"Contact Form &#8211; WooCommerce"}]},{"@type":"WebSite","@id":"https:\/\/elfsight.com\/es\/#website","url":"https:\/\/elfsight.com\/es\/","name":"Elfsight ES","description":"Just another Elfsight Sites site","potentialAction":[{"@type":"SearchAction","target":{"@type":"EntryPoint","urlTemplate":"https:\/\/elfsight.com\/es\/?s={search_term_string}"},"query-input":{"@type":"PropertyValueSpecification","valueRequired":true,"valueName":"search_term_string"}}],"inLanguage":"es"}]}},"meta_box":{"industry":"","seo_heading":"","heading":"","description":"","cta_heading":"","cta_description":"","application":"1787","h1":"complemento de Formulario de Contacto para WooCommerce","h1_caption":"Cree e incruste f\u00e1cilmente formularios de contacto en su sitio web para fomentar la interacci\u00f3n del usuario y las consultas en su sitio web WooCommerce sin esfuerzo.","application_category":[],"applications_title":"","applications_request_title":"","applications_request_button_text":"","hero_text":"","hero_video":"","hero_video_schema_markup":"","selling_points_title":"","selling_points_caption":"","selling_points":[],"selling_points_cta_text":"","features_title":"","features":"","ed_cta_examples_text":"","ed_cta_examples_hidden":"","ed_cta_demo_text":"","ed_cta_demo_hidden":"","why_caption":"","why_editor_title":"","why_editor_text":"","why_team_title":"","why_team_text":"","why_service_title":"","why_service_text":"","template_catalog_visible":"","template_catalog_title":"","template_catalog_text":"","template_catalog_categories_visible":"","demo_title":"Crea tu aplicaci\u00f3n de formulario de contacto","demo_caption":"\u00a1Configure su formulario de contacto y agr\u00e9guelo a su sitio web WooCommerce gratis!","default_faq_hidden":"","app_template_category":[],"platform":"2311","template_public_id":"","codecanyon_url":"","codecanyon_item_id":"","codecanyon_price":"","pricing_caption":"","pricing_elfsight_apps_hide_column":"","pricing_elfsight_apps_url":"","pricing_codecanyon_price_caption":"","integration_category":[],"integration_request_title":"","integration_request_cta":"","integration_platform":"","integrations":[],"platform_category":[],"video_schema_markup":"","price":"desde $0 por mes","trial":"","benefits":[{"text":"Instalaci\u00f3n gratuita"},{"text":"Soporte Premium"},{"text":"14 d\u00edas garant\u00eda de reembolso"},{"text":"Actualizaciones regulares"}],"button_url":"#demo","button_target_blank":"0","button_nofollow":"0","attributes":[{"name":"Responsivo","content":"Si","_state":"expanded"},{"name":"Navegadores compatibles","content":"Firefox, Safari, Opera, Chrome, Edge","_state":"expanded"}],"tags":[],"tags_disable_links":"0","hide_more_platforms":"","video_object":"","demo_hide_cta":"0","demo_hide_cloud_options":"0","pricing_title":"","pricing":[{"pricing_icon":"platform","pricing_title":" Elfsight Apps","pricing_title_caption":"Soluci\u00f3n multiplataforma - valido para cualquier p\u00e1gina web","pricing_price":"desde $0 por mes","pricing_price_caption":"empezar con un plan gratuito","pricing_benefits":[{"text":"Sitios web ilimitados"},{"text":"Atenci\u00f3n al cliente gratuita y r\u00e1pida"},{"text":"Servicio de instalaci\u00f3n gratuito"},{"text":"Totalmente personalizable"}],"pricing_button_text":"Agregar al sitio web","pricing_button_url":"#demo","_state":"expanded"}],"related_apps_title":"","related_apps_hidden":"1","author":"","image":[],"title":"","job":"","social_networks":[]},"_links":{"self":[{"href":"https:\/\/elfsight.com\/es\/wp-json\/wp\/v2\/pages\/3567","targetHints":{"allow":["GET"]}}],"collection":[{"href":"https:\/\/elfsight.com\/es\/wp-json\/wp\/v2\/pages"}],"about":[{"href":"https:\/\/elfsight.com\/es\/wp-json\/wp\/v2\/types\/page"}],"author":[{"embeddable":true,"href":"https:\/\/elfsight.com\/es\/wp-json\/wp\/v2\/users\/18"}],"replies":[{"embeddable":true,"href":"https:\/\/elfsight.com\/es\/wp-json\/wp\/v2\/comments?post=3567"}],"version-history":[{"count":3,"href":"https:\/\/elfsight.com\/es\/wp-json\/wp\/v2\/pages\/3567\/revisions"}],"predecessor-version":[{"id":17898,"href":"https:\/\/elfsight.com\/es\/wp-json\/wp\/v2\/pages\/3567\/revisions\/17898"}],"up":[{"embeddable":true,"href":"https:\/\/elfsight.com\/es\/wp-json\/wp\/v2\/pages\/669"}],"wp:attachment":[{"href":"https:\/\/elfsight.com\/es\/wp-json\/wp\/v2\/media?parent=3567"}],"curies":[{"name":"wp","href":"https:\/\/api.w.org\/{rel}","templated":true}]}}