{"id":3428,"date":"2022-02-11T12:28:33","date_gmt":"2022-02-11T12:28:33","guid":{"rendered":"https:\/\/elfsight.com\/es\/?page_id=3428"},"modified":"2025-02-06T15:05:46","modified_gmt":"2025-02-06T15:05:46","slug":"wix","status":"publish","type":"page","link":"https:\/\/elfsight.com\/es\/contact-form-widget\/wix\/","title":{"rendered":"Contact Form &#8211; Wix"},"content":{"rendered":"<div class=\"application-platform-content-item-features application-platform-content-item\" id=\"features\" data-nav-section=\"features\"><h2>Comprueba la lista de las caracter\u00edsticas m\u00e1s \u00fatiles del Formulario de Contacto:<\/h2> <ul><li>6 plantillas predefinidas dise\u00f1adas para los casos m\u00e1s comunes.<\/li><li>Cualquier n\u00famero de campos.<\/li><li>Construye formularios no solo de una sola etapa, sino tambi\u00e9n de varias etapas.<\/li><li>Descripciones disponibles para cada elemento, visibles debajo del campo.<\/li><li>M\u00faltiples direcciones de correo electr\u00f3nico para enviar los resultados del formulario.<\/li><li>Soporte invisible de reCAPTCHA a\u00f1adido al formulario.<\/li><li>La direcci\u00f3n web de la p\u00e1gina donde se envi\u00f3 el formulario se a\u00f1ade al texto de la notificaci\u00f3n.<\/li><\/ul> <p><a href=\"#demo\">Puedes probar las funcionalidades del plugin con la demo<\/a><\/p> <\/div> <div class=\"application-platform-content-item-installation application-platform-content-item\" id=\"installation\" data-nav-section=\"installation\"> <h2>\u00bfC\u00f3mo a\u00f1adir el Formulario de Contacto a mi sitio web de Wix?<\/h2><p>Simplemente sigue los pasos que se indican a continuaci\u00f3n para integrar el plugin.<\/p> <ol><li>Inicia nuestro configurador gratuito y empieza a crear tu widget personalizado.<\/li>  <li>Copia el c\u00f3digo \u00fanico que aparece en la ventana.<\/li>  <li>Ve a la p\u00e1gina de inicio de Wix e integra el plugin.<\/li>  <li>\u00a1La instalaci\u00f3n ha sido completada!<\/li><\/ol> <p>Si tienes alg\u00fan problema, no dudes en contactar con nuestro equipo de soporte. Estaremos encantados de resolver cualquier duda que puedas tener con el plugin.<\/p> <\/div><p><\/p>","protected":false},"excerpt":{"rendered":"","protected":false},"author":18,"featured_media":0,"parent":669,"menu_order":0,"comment_status":"closed","ping_status":"closed","template":"templates\/template-application-platform.php","meta":{"publish_to_discourse":"","publish_post_category":"","wpdc_auto_publish_overridden":"","wpdc_topic_tags":"","wpdc_pin_topic":"","wpdc_pin_until":"","discourse_post_id":"","discourse_permalink":"","wpdc_publishing_response":"","wpdc_publishing_error":"","footnotes":""},"class_list":["post-3428","page","type-page","status-publish","hentry"],"yoast_head":"<!-- This site is optimized with the Yoast SEO plugin v25.3.1 - https:\/\/yoast.com\/wordpress\/plugins\/seo\/ -->\n<title>Formulario de Contacto - Incrustar plugin de Forma de Contacto al Wix<\/title>\n<meta name=\"description\" content=\"A\u00f1ade un widget responsivo de Formulario de Contacto en su sitio de Wix. Use la demo de Elfsight intuitiva y genere su plugin propio.\" \/>\n<meta name=\"robots\" content=\"index, follow, max-snippet:-1, max-image-preview:large, max-video-preview:-1\" \/>\n<link rel=\"canonical\" href=\"https:\/\/elfsight.com\/es\/contact-form-widget\/wix\/\" \/>\n<meta property=\"og:locale\" content=\"es_ES\" \/>\n<meta property=\"og:type\" content=\"article\" \/>\n<meta property=\"og:title\" content=\"Formulario de Contacto - Incrustar plugin de Forma de Contacto al Wix\" \/>\n<meta property=\"og:description\" content=\"A\u00f1ade un widget responsivo de Formulario de Contacto en su sitio de Wix. Use la demo de Elfsight intuitiva y genere su plugin propio.\" \/>\n<meta property=\"og:url\" content=\"https:\/\/elfsight.com\/es\/contact-form-widget\/wix\/\" \/>\n<meta property=\"og:site_name\" content=\"Elfsight ES\" \/>\n<meta property=\"article:modified_time\" content=\"2025-02-06T15:05:46+00:00\" \/>\n<meta name=\"twitter:card\" content=\"summary_large_image\" \/>\n<meta name=\"twitter:label1\" content=\"Tiempo de lectura\" \/>\n\t<meta name=\"twitter:data1\" content=\"1 minuto\" \/>\n<!-- \/ Yoast SEO plugin. -->","yoast_head_json":{"title":"Formulario de Contacto - Incrustar plugin de Forma de Contacto al Wix","description":"A\u00f1ade un widget responsivo de Formulario de Contacto en su sitio de Wix. Use la demo de Elfsight intuitiva y genere su plugin propio.","robots":{"index":"index","follow":"follow","max-snippet":"max-snippet:-1","max-image-preview":"max-image-preview:large","max-video-preview":"max-video-preview:-1"},"canonical":"https:\/\/elfsight.com\/es\/contact-form-widget\/wix\/","og_locale":"es_ES","og_type":"article","og_title":"Formulario de Contacto - Incrustar plugin de Forma de Contacto al Wix","og_description":"A\u00f1ade un widget responsivo de Formulario de Contacto en su sitio de Wix. Use la demo de Elfsight intuitiva y genere su plugin propio.","og_url":"https:\/\/elfsight.com\/es\/contact-form-widget\/wix\/","og_site_name":"Elfsight ES","article_modified_time":"2025-02-06T15:05:46+00:00","twitter_card":"summary_large_image","twitter_misc":{"Tiempo de lectura":"1 minuto"},"schema":{"@context":"https:\/\/schema.org","@graph":[{"@type":"WebPage","@id":"https:\/\/elfsight.com\/es\/contact-form-widget\/wix\/","url":"https:\/\/elfsight.com\/es\/contact-form-widget\/wix\/","name":"Formulario de Contacto - Incrustar plugin de Forma de Contacto al Wix","isPartOf":{"@id":"https:\/\/elfsight.com\/es\/#website"},"datePublished":"2022-02-11T12:28:33+00:00","dateModified":"2025-02-06T15:05:46+00:00","description":"A\u00f1ade un widget responsivo de Formulario de Contacto en su sitio de Wix. Use la demo de Elfsight intuitiva y genere su plugin propio.","breadcrumb":{"@id":"https:\/\/elfsight.com\/es\/contact-form-widget\/wix\/#breadcrumb"},"inLanguage":"es","potentialAction":[{"@type":"ReadAction","target":["https:\/\/elfsight.com\/es\/contact-form-widget\/wix\/"]}]},{"@type":"BreadcrumbList","@id":"https:\/\/elfsight.com\/es\/contact-form-widget\/wix\/#breadcrumb","itemListElement":[{"@type":"ListItem","position":1,"name":"Home","item":"https:\/\/elfsight.com\/es\/"},{"@type":"ListItem","position":2,"name":"Contact Form","item":"https:\/\/elfsight.com\/es\/contact-form-widget\/"},{"@type":"ListItem","position":3,"name":"Contact Form &#8211; Wix"}]},{"@type":"WebSite","@id":"https:\/\/elfsight.com\/es\/#website","url":"https:\/\/elfsight.com\/es\/","name":"Elfsight ES","description":"Just another Elfsight Sites site","potentialAction":[{"@type":"SearchAction","target":{"@type":"EntryPoint","urlTemplate":"https:\/\/elfsight.com\/es\/?s={search_term_string}"},"query-input":{"@type":"PropertyValueSpecification","valueRequired":true,"valueName":"search_term_string"}}],"inLanguage":"es"}]}},"meta_box":{"industry":"","seo_heading":"","heading":"","description":"","cta_heading":"","cta_description":"","application":"668","h1":"plugin de Formulario de Contacto para Wix","h1_caption":"Cree e incruste f\u00e1cilmente formularios de contacto en su sitio web para fomentar la interacci\u00f3n del usuario y las consultas en su sitio web Wix sin esfuerzo.","application_category":[],"applications_title":"","applications_request_title":"","applications_request_button_text":"","hero_text":"","hero_video":"","hero_video_schema_markup":"","selling_points_title":"","selling_points_caption":"","selling_points":[],"selling_points_cta_text":"","features_title":"","features":"","ed_cta_examples_text":"","ed_cta_examples_hidden":"","ed_cta_demo_text":"","ed_cta_demo_hidden":"","why_caption":"","why_editor_title":"","why_editor_text":"","why_team_title":"","why_team_text":"","why_service_title":"","why_service_text":"","template_catalog_visible":"","template_catalog_title":"","template_catalog_text":"","template_catalog_categories_visible":"","demo_title":"Crea tu aplicaci\u00f3n de formulario de contacto","demo_caption":"\u00a1Configura tu formulario de contacto y agr\u00e9galo a tu sitio web Wix gratis!","default_faq_hidden":"","app_template_category":[],"platform":"112","template_public_id":"","codecanyon_url":"","codecanyon_item_id":"","codecanyon_price":"","pricing_caption":"","pricing_elfsight_apps_hide_column":"","pricing_elfsight_apps_url":"","pricing_codecanyon_price_caption":"","integration_category":[],"integration_request_title":"","integration_request_cta":"","integration_platform":"","integrations":[],"platform_category":[],"video_schema_markup":"","price":"desde $0 por mes","trial":"","benefits":[{"text":"Instalaci\u00f3n gratuita"},{"text":"Soporte Premium"},{"text":"14 d\u00edas garant\u00eda de reembolso"},{"text":"Actualizaciones regulares"}],"button_url":"#demo","button_target_blank":"0","button_nofollow":"0","attributes":[{"name":"Responsivo","content":"Si","_state":"expanded"},{"name":"Navegadores compatibles","content":"Firefox, Safari, Opera, Chrome, Edge","_state":"expanded"}],"tags":[],"tags_disable_links":"0","hide_more_platforms":"","video_object":"","demo_hide_cta":"0","demo_hide_cloud_options":"0","pricing_title":"","pricing":[{"pricing_icon":"platform","pricing_title":" Elfsight Apps","pricing_title_caption":"Soluci\u00f3n multiplataforma - valido para cualquier p\u00e1gina web","pricing_price":"desde $0 por mes","pricing_price_caption":"empezar con un plan gratuito","pricing_benefits":[{"text":"Sitios web ilimitados"},{"text":"Atenci\u00f3n al cliente gratuita y r\u00e1pida"},{"text":"Servicio de instalaci\u00f3n gratuito"},{"text":"Totalmente personalizable"}],"pricing_button_text":"Agregar al sitio web","pricing_button_url":"#demo","_state":"expanded"}],"related_apps_title":"","related_apps_hidden":"1","author":"","image":[],"title":"","job":"","social_networks":[]},"_links":{"self":[{"href":"https:\/\/elfsight.com\/es\/wp-json\/wp\/v2\/pages\/3428","targetHints":{"allow":["GET"]}}],"collection":[{"href":"https:\/\/elfsight.com\/es\/wp-json\/wp\/v2\/pages"}],"about":[{"href":"https:\/\/elfsight.com\/es\/wp-json\/wp\/v2\/types\/page"}],"author":[{"embeddable":true,"href":"https:\/\/elfsight.com\/es\/wp-json\/wp\/v2\/users\/18"}],"replies":[{"embeddable":true,"href":"https:\/\/elfsight.com\/es\/wp-json\/wp\/v2\/comments?post=3428"}],"version-history":[{"count":4,"href":"https:\/\/elfsight.com\/es\/wp-json\/wp\/v2\/pages\/3428\/revisions"}],"predecessor-version":[{"id":17897,"href":"https:\/\/elfsight.com\/es\/wp-json\/wp\/v2\/pages\/3428\/revisions\/17897"}],"up":[{"embeddable":true,"href":"https:\/\/elfsight.com\/es\/wp-json\/wp\/v2\/pages\/669"}],"wp:attachment":[{"href":"https:\/\/elfsight.com\/es\/wp-json\/wp\/v2\/media?parent=3428"}],"curies":[{"name":"wp","href":"https:\/\/api.w.org\/{rel}","templated":true}]}}