{"id":3421,"date":"2022-02-11T12:29:30","date_gmt":"2022-02-11T12:29:30","guid":{"rendered":"https:\/\/elfsight.com\/es\/?page_id=3421"},"modified":"2025-02-06T15:05:30","modified_gmt":"2025-02-06T15:05:30","slug":"webflow","status":"publish","type":"page","link":"https:\/\/elfsight.com\/es\/contact-form-widget\/webflow\/","title":{"rendered":"Contact Form &#8211; Webflow"},"content":{"rendered":"<div class=\"application-platform-content-item-description application-platform-content-item\" id=\"description\" data-nav-section=\"description\"><h2>Formulario de contacto para Webflow<\/h2><p>Nuestro widget de formulario de contacto para Webflow ayuda a cumplir con todos los requisitos actuales para obtener comentarios y consultas de los clientes de tu sitio. Muestra campos adicionales para completar, elige la plantilla requerida y ajusta el aspecto para inspirar a tus clientes a\u00fan m\u00e1s a realizar pedidos en tu negocio.<\/p><p><b>\u00a1Recoge comentarios, recibe solicitudes y env\u00eda respuestas a las preguntas de los visitantes del sitio!<\/b><\/p><ul><li><b>Aumenta el n\u00famero de nuevos compradores<\/b><br>Mant\u00e9n interacci\u00f3n regular con los clientes potenciales 24\/7 con la ayuda de un formulario efectivo en tu sitio web, y aumenta el n\u00famero de usuarios dispuestos a pagar.<\/li><li><b>Recoge m\u00e1s reacciones e impresiones sobre tus productos o servicios<\/b><br>Los comentarios de tus clientes son sumamente valiosos si deseas hacer crecer tu negocio. Gracias a nuestro sencillo formulario de contacto, \u00a1empezar\u00e1s a recoger m\u00e1s comentarios desde tu sitio!<\/li><li><b>Protege tu buz\u00f3n de correo contra el spam<\/b><br>No permitas que el spam entre en tu buz\u00f3n de correo. Nuestro formulario viene integrado con Google reCAPTCHA para proteger tu correo de spam autom\u00e1tico y bots.<\/li><\/ul><p><\/div><br><div class=\"application-platform-content-item-features application-platform-content-item\" id=\"features\" data-nav-section=\"features\"><\/p><h2>Caracter\u00edsticas del plugin de formulario de contacto<\/h2><p>\u00bfPor qu\u00e9 nuestro formulario de contacto es el mejor widget para obtener impresiones de usuarios y recibir pedidos para Webflow? Prueba nuestras caracter\u00edsticas clave:<\/p><ul><li>Un conjunto m\u00ednimo de campos para enviar comentarios: nombre, correo electr\u00f3nico, tel\u00e9fono y mensaje;<\/li><li>Configura el t\u00edtulo sobre el formulario;<\/li><li>Dise\u00f1o en l\u00ednea con ajuste autom\u00e1tico de los campos al ancho del formulario;<\/li><li>Google reCAPTCHA est\u00e1 aqu\u00ed para proteger tu formulario contra spam y bots;<\/li><li>Funciona y se ve perfectamente en dispositivos m\u00f3viles.<\/li><\/ul><p><a href=\"#demo\">Ver la lista completa de caracter\u00edsticas en nuestra demo<\/a><\/p><p><\/div><br><div class=\"application-platform-content-item-installation application-platform-content-item\" id=\"installation\" data-nav-section=\"installation\"><\/p><h2>C\u00f3mo agregar el widget de formulario de contacto a tu sitio Webflow<\/h2><div class=\"video-container\"><iframe width=\"720\" height=\"405\" src=\"https:\/\/www.youtube.com\/embed\/mWLGJIxtaUU\" frameborder=\"0\" allowfullscreen=\"\"><\/iframe><\/div><p>Sigue nuestro tutorial para integrar el widget de contacto en tu sitio. No es necesario tener conocimientos en programaci\u00f3n y el tiempo total de integraci\u00f3n es de solo 90 segundos.<\/p><ol><li><b>Crea tu formulario de contacto \u00fanico<\/b><br>Con nuestro editor gratuito, crea un widget con la plantilla y configuraciones preferidas.<\/li><li><b>Recibe el c\u00f3digo para mostrar el widget<\/b><br>Despu\u00e9s de personalizar el widget, recibe el c\u00f3digo para el formulario desde la ventana emergente de Elfsight Apps.<\/li><li><b>Muestra el widget en tu sitio Webflow<\/b><br>Agrega el widget en el lugar deseado de la p\u00e1gina y aplica los cambios.<\/li><li><b>\u00a1La instalaci\u00f3n fue exitosa!<\/b><br>Visita tu sitio para ver el widget.<\/li><\/ol><p>\u00bfTienes alg\u00fan problema al seguir la gu\u00eda o al generar tu formulario? Intenta leer el tutorial completo \u00ab<a href=\"https:\/\/elfsight.com\/tutorials\/how-to-add-contact-form-widget-to-webflow\/\" target=\"_blank\" rel=\"noopener noreferrer\">C\u00f3mo insertar un formulario de contacto en un sitio Webflow<\/a>\u00bb y tendr\u00e1s una segunda oportunidad de integrarlo t\u00fa mismo o deja tu consulta en nuestro centro de soporte con una explicaci\u00f3n detallada de tu problema, y nuestro equipo estar\u00e1 encantado de resolverlo.<\/p><div class=\"faq\" data-component=\"FAQ\"> <div class=\"faq-item\">\r\n\t\t\t\t\t<div class=\"faq-item-question\">\r\n\t\t\t\t\t\t<h3 class=\"faq-item-question-text\">\u00bfC\u00f3mo agregar un formulario de contacto a mi sitio Webflow sin conocimientos de programaci\u00f3n?<\/h3>\r\n\r\n\t\t\t\t\t\t<div class=\"faq-item-question-icon\"><\/div>\r\n\t\t\t\t\t<\/div>\r\n\r\n\t\t\t\t\t<div class=\"faq-item-answer\">\r\n\t\t\t\t\t\t<div class=\"faq-item-answer-text\"><p>Elfsight ofrece una soluci\u00f3n SaaS que te permite crear un widget de formulario de contacto t\u00fa mismo, ve lo f\u00e1cil que es el proceso: Trabaja directamente en el Editor en l\u00ednea para crear el widget de formulario de contacto que deseas en tu sitio Webflow. Elige una de las plantillas predise\u00f1adas y ajusta la configuraci\u00f3n del formulario de contacto, agrega tu contenido, cambia el dise\u00f1o y los colores sin ning\u00fan conocimiento de programaci\u00f3n. Guarda el formulario de contacto y copia su c\u00f3digo de instalaci\u00f3n, que podr\u00e1s incluir f\u00e1cilmente en tu sitio Webflow sin necesidad de comprar una versi\u00f3n de pago. Con nuestro Editor intuitivo, cualquier usuario de internet puede crear un widget de formulario de contacto en l\u00ednea e integrarlo f\u00e1cilmente en su sitio Webflow. No es necesario pagar ni ingresar datos de tarjeta para acceder al servicio. Si tienes alg\u00fan problema en cualquier paso, no dudes en contactar con nuestro equipo de soporte t\u00e9cnico.<\/p> <\/div>\r\n\t\t\t\t\t<\/div>\r\n\t\t\t\t<\/div> <div class=\"faq-item\">\r\n\t\t\t\t\t<div class=\"faq-item-question\">\r\n\t\t\t\t\t\t<h3 class=\"faq-item-question-text\">\u00bfOfrecen plantillas de formulario de contacto para el sitio Webflow?<\/h3>\r\n\r\n\t\t\t\t\t\t<div class=\"faq-item-question-icon\"><\/div>\r\n\t\t\t\t\t<\/div>\r\n\r\n\t\t\t\t\t<div class=\"faq-item-answer\">\r\n\t\t\t\t\t\t<div class=\"faq-item-answer-text\"><p>S\u00ed, Elfsight tiene m\u00e1s de 300 plantillas listas para usar para cualquier ocasi\u00f3n. Echa un vistazo a las <a href=\"https:\/\/elfsight.com\/online-form-builder\/templates\/contact-forms\/\">plantillas de formulario de contacto<\/a> y elige la que m\u00e1s te guste.<\/p><\/div>\r\n\t\t\t\t\t<\/div>\r\n\t\t\t\t<\/div><\/div> <p><\/div><\/p>","protected":false},"excerpt":{"rendered":"","protected":false},"author":18,"featured_media":0,"parent":669,"menu_order":0,"comment_status":"closed","ping_status":"closed","template":"templates\/template-application-platform.php","meta":{"publish_to_discourse":"","publish_post_category":"","wpdc_auto_publish_overridden":"","wpdc_topic_tags":"","wpdc_pin_topic":"","wpdc_pin_until":"","discourse_post_id":"","discourse_permalink":"","wpdc_publishing_response":"","wpdc_publishing_error":"","footnotes":""},"class_list":["post-3421","page","type-page","status-publish","hentry"],"yoast_head":"<!-- This site is optimized with the Yoast SEO plugin v25.3.1 - https:\/\/yoast.com\/wordpress\/plugins\/seo\/ -->\n<title>Formulario de Contacto - Integrar plugin de Forma de Contacto al Webflow<\/title>\n<meta name=\"description\" content=\"Incrusta un widget interactivo de Formulario de Contacto en su sitio de Webflow. Aplique la demo de Elfsight manejable y construe su plugin \u00fanico.\" \/>\n<meta name=\"robots\" content=\"index, follow, max-snippet:-1, max-image-preview:large, max-video-preview:-1\" \/>\n<link rel=\"canonical\" href=\"https:\/\/elfsight.com\/es\/contact-form-widget\/webflow\/\" \/>\n<meta property=\"og:locale\" content=\"es_ES\" \/>\n<meta property=\"og:type\" content=\"article\" \/>\n<meta property=\"og:title\" content=\"Formulario de Contacto - Integrar plugin de Forma de Contacto al Webflow\" \/>\n<meta property=\"og:description\" content=\"Incrusta un widget interactivo de Formulario de Contacto en su sitio de Webflow. Aplique la demo de Elfsight manejable y construe su plugin \u00fanico.\" \/>\n<meta property=\"og:url\" content=\"https:\/\/elfsight.com\/es\/contact-form-widget\/webflow\/\" \/>\n<meta property=\"og:site_name\" content=\"Elfsight ES\" \/>\n<meta property=\"article:modified_time\" content=\"2025-02-06T15:05:30+00:00\" \/>\n<meta name=\"twitter:card\" content=\"summary_large_image\" \/>\n<meta name=\"twitter:label1\" content=\"Tiempo de lectura\" \/>\n\t<meta name=\"twitter:data1\" content=\"1 minuto\" \/>\n<!-- \/ Yoast SEO plugin. -->","yoast_head_json":{"title":"Formulario de Contacto - Integrar plugin de Forma de Contacto al Webflow","description":"Incrusta un widget interactivo de Formulario de Contacto en su sitio de Webflow. Aplique la demo de Elfsight manejable y construe su plugin \u00fanico.","robots":{"index":"index","follow":"follow","max-snippet":"max-snippet:-1","max-image-preview":"max-image-preview:large","max-video-preview":"max-video-preview:-1"},"canonical":"https:\/\/elfsight.com\/es\/contact-form-widget\/webflow\/","og_locale":"es_ES","og_type":"article","og_title":"Formulario de Contacto - Integrar plugin de Forma de Contacto al Webflow","og_description":"Incrusta un widget interactivo de Formulario de Contacto en su sitio de Webflow. Aplique la demo de Elfsight manejable y construe su plugin \u00fanico.","og_url":"https:\/\/elfsight.com\/es\/contact-form-widget\/webflow\/","og_site_name":"Elfsight ES","article_modified_time":"2025-02-06T15:05:30+00:00","twitter_card":"summary_large_image","twitter_misc":{"Tiempo de lectura":"1 minuto"},"schema":{"@context":"https:\/\/schema.org","@graph":[{"@type":"WebPage","@id":"https:\/\/elfsight.com\/es\/contact-form-widget\/webflow\/","url":"https:\/\/elfsight.com\/es\/contact-form-widget\/webflow\/","name":"Formulario de Contacto - Integrar plugin de Forma de Contacto al Webflow","isPartOf":{"@id":"https:\/\/elfsight.com\/es\/#website"},"datePublished":"2022-02-11T12:29:30+00:00","dateModified":"2025-02-06T15:05:30+00:00","description":"Incrusta un widget interactivo de Formulario de Contacto en su sitio de Webflow. Aplique la demo de Elfsight manejable y construe su plugin \u00fanico.","breadcrumb":{"@id":"https:\/\/elfsight.com\/es\/contact-form-widget\/webflow\/#breadcrumb"},"inLanguage":"es","potentialAction":[{"@type":"ReadAction","target":["https:\/\/elfsight.com\/es\/contact-form-widget\/webflow\/"]}]},{"@type":"BreadcrumbList","@id":"https:\/\/elfsight.com\/es\/contact-form-widget\/webflow\/#breadcrumb","itemListElement":[{"@type":"ListItem","position":1,"name":"Home","item":"https:\/\/elfsight.com\/es\/"},{"@type":"ListItem","position":2,"name":"Contact Form","item":"https:\/\/elfsight.com\/es\/contact-form-widget\/"},{"@type":"ListItem","position":3,"name":"Contact Form &#8211; Webflow"}]},{"@type":"WebSite","@id":"https:\/\/elfsight.com\/es\/#website","url":"https:\/\/elfsight.com\/es\/","name":"Elfsight ES","description":"Just another Elfsight Sites site","potentialAction":[{"@type":"SearchAction","target":{"@type":"EntryPoint","urlTemplate":"https:\/\/elfsight.com\/es\/?s={search_term_string}"},"query-input":{"@type":"PropertyValueSpecification","valueRequired":true,"valueName":"search_term_string"}}],"inLanguage":"es"}]}},"meta_box":{"industry":"","seo_heading":"","heading":"","description":"","cta_heading":"","cta_description":"","application":"668","h1":"complemento de formulario de contacto para webflow","h1_caption":"Cree e incruste f\u00e1cilmente formularios de contacto en su sitio web para fomentar la interacci\u00f3n del usuario y las consultas en su sitio web Webflow sin esfuerzo.","application_category":[],"applications_title":"","applications_request_title":"","applications_request_button_text":"","hero_text":"","hero_video":"","hero_video_schema_markup":"","selling_points_title":"","selling_points_caption":"","selling_points":[],"selling_points_cta_text":"","features_title":"","features":"","ed_cta_examples_text":"","ed_cta_examples_hidden":"","ed_cta_demo_text":"","ed_cta_demo_hidden":"","why_caption":"","why_editor_title":"","why_editor_text":"","why_team_title":"","why_team_text":"","why_service_title":"","why_service_text":"","template_catalog_visible":"","template_catalog_title":"","template_catalog_text":"","template_catalog_categories_visible":"","demo_title":"Crea tu widget de formulario de contacto","demo_caption":"\u00a1Configure su formulario de contacto y agr\u00e9guelo a su sitio web Webflow gratis!","default_faq_hidden":"","app_template_category":[],"platform":"106","template_public_id":"","codecanyon_url":"","codecanyon_item_id":"","codecanyon_price":"","pricing_caption":"","pricing_elfsight_apps_hide_column":"","pricing_elfsight_apps_url":"","pricing_codecanyon_price_caption":"","integration_category":[],"integration_request_title":"","integration_request_cta":"","integration_platform":"","integrations":[],"platform_category":[],"video_schema_markup":"","price":"desde $0 por mes","trial":"","benefits":[{"text":"Instalaci\u00f3n gratuita"},{"text":"Soporte Premium"},{"text":"14 d\u00edas garant\u00eda de reembolso"},{"text":"Actualizaciones regulares"}],"button_url":"#demo","button_target_blank":"0","button_nofollow":"0","attributes":[{"name":"Responsivo","content":"Si","_state":"expanded"},{"name":"Navegadores compatibles","content":"Firefox, Safari, Opera, Chrome, Edge","_state":"expanded"}],"tags":[],"tags_disable_links":"0","hide_more_platforms":"","video_object":"","demo_hide_cta":"0","demo_hide_cloud_options":"0","pricing_title":"","pricing":[{"pricing_icon":"platform","pricing_title":" Elfsight Apps","pricing_title_caption":"Soluci\u00f3n multiplataforma - valido para cualquier p\u00e1gina web","pricing_price":"desde $0 por mes","pricing_price_caption":"empezar con un plan gratuito","pricing_benefits":[{"text":"Sitios web ilimitados"},{"text":"Atenci\u00f3n al cliente gratuita y r\u00e1pida"},{"text":"Servicio de instalaci\u00f3n gratuito"},{"text":"Totalmente personalizable"}],"pricing_button_text":"Agregar al sitio web","pricing_button_url":"#demo","_state":"expanded"}],"related_apps_title":"","related_apps_hidden":"1","author":"","image":[],"title":"","job":"","social_networks":[]},"_links":{"self":[{"href":"https:\/\/elfsight.com\/es\/wp-json\/wp\/v2\/pages\/3421","targetHints":{"allow":["GET"]}}],"collection":[{"href":"https:\/\/elfsight.com\/es\/wp-json\/wp\/v2\/pages"}],"about":[{"href":"https:\/\/elfsight.com\/es\/wp-json\/wp\/v2\/types\/page"}],"author":[{"embeddable":true,"href":"https:\/\/elfsight.com\/es\/wp-json\/wp\/v2\/users\/18"}],"replies":[{"embeddable":true,"href":"https:\/\/elfsight.com\/es\/wp-json\/wp\/v2\/comments?post=3421"}],"version-history":[{"count":3,"href":"https:\/\/elfsight.com\/es\/wp-json\/wp\/v2\/pages\/3421\/revisions"}],"predecessor-version":[{"id":17890,"href":"https:\/\/elfsight.com\/es\/wp-json\/wp\/v2\/pages\/3421\/revisions\/17890"}],"up":[{"embeddable":true,"href":"https:\/\/elfsight.com\/es\/wp-json\/wp\/v2\/pages\/669"}],"wp:attachment":[{"href":"https:\/\/elfsight.com\/es\/wp-json\/wp\/v2\/media?parent=3421"}],"curies":[{"name":"wp","href":"https:\/\/api.w.org\/{rel}","templated":true}]}}