{"id":3417,"date":"2022-02-11T12:29:36","date_gmt":"2022-02-11T12:29:36","guid":{"rendered":"https:\/\/elfsight.com\/es\/?page_id=3417"},"modified":"2025-02-06T15:05:30","modified_gmt":"2025-02-06T15:05:30","slug":"squarespace","status":"publish","type":"page","link":"https:\/\/elfsight.com\/es\/contact-form-widget\/squarespace\/","title":{"rendered":"Contact Form &#8211; Squarespace"},"content":{"rendered":"<div class=\"application-platform-content-item-description application-platform-content-item\" id=\"description\" data-nav-section=\"description\"><h2>Formulario de contacto para Squarespace<\/h2><p>El widget de formulario de contacto de Elfsight para Squarespace cumple con todos tus requisitos para recopilar comentarios y pedidos de los clientes de tu sitio web. A\u00f1ade los elementos necesarios para completar el formulario, elige la plantilla deseada y ajusta la apariencia para motivar a\u00fan m\u00e1s a tus visitantes a enviar solicitudes para los servicios de tu empresa. Por ejemplo, puedes crear un formulario de contacto por correo electr\u00f3nico en Squarespace que:<\/p><p><b>\u00a1Reciba comentarios, tome pedidos y responda a los mensajes de los visitantes de tu sitio!<\/b><\/p><ul><li><b>Hasta +100 en la cantidad de clientes potenciales<\/b><br>Permanece en comunicaci\u00f3n constante con los clientes potenciales las 24 horas al d\u00eda usando un formulario l\u00f3gico condicional en tu sitio de Squarespace y atrae usuarios dispuestos a hacer pedidos.<\/li><li><b>Conoce mejor a tus usuarios<\/b><br>Los problemas, consultas y otras impresiones de tus clientes sobre tus ofertas o servicios son datos efectivos que ayudan a reconocer los deseos de tu audiencia en el sitio y aplicar un plan de mejora para tu empresa. Rec\u00f3gelos f\u00e1cilmente con el formulario de correo electr\u00f3nico de Squarespace.<\/li><li><b>Mejora tu interacci\u00f3n con los usuarios<\/b><br>Con plantillas convenientes, interfaz ajustable y mensajes personalizados de \u00abGracias\u00bb, puedes mostrar a tus clientes lo importantes que son para tu negocio.<\/li><\/ul><\/div><div class=\"application-platform-content-item-features application-platform-content-item\" id=\"features\" data-nav-section=\"features\"><h2>Caracter\u00edsticas del plugin de formulario de contacto<\/h2><p>\u00bfQu\u00e9 hace que el formulario de contacto de Elfsight sea el mejor widget para recopilar impresiones de usuarios y recibir pedidos para Squarespace? Conoce nuestras principales ventajas:<\/p><ul><li>Ordena los campos del formulario como desees;<\/li><li>Oculta el encabezado;<\/li><li>2 dise\u00f1os predefinidos: en l\u00ednea para agregar al cuerpo de la p\u00e1gina, y flotante para seguir el desplazamiento de tu visitante;<\/li><li>Todos los datos ingresados en el formulario se guardan en progreso;<\/li><li>Dise\u00f1o fluido que se adapta al 99% de los sitios desde el primer momento.<\/li><\/ul><p><a href=\"#demo\">Lee la lista completa de caracter\u00edsticas en nuestro editor<\/a><\/p><\/div><div class=\"application-platform-content-item-installation application-platform-content-item\" id=\"installation\" data-nav-section=\"installation\"><h2>C\u00f3mo crear el widget de formulario de contacto para el sitio Squarespace<\/h2><div class=\"video-container\"><iframe width=\"720\" height=\"405\" src=\"https:\/\/www.youtube.com\/embed\/lXIcZ-9He4c\" frameborder=\"0\" allowfullscreen=\"\"><\/iframe><\/div><p>Sigue nuestro tutorial para mostrar un widget de contacto en tu sitio web. No es necesario tener conocimientos en programaci\u00f3n y la instalaci\u00f3n completa tomar\u00e1 aproximadamente 2 minutos.<\/p><ol><li><b>Crea tu formulario de contacto personalizado<\/b><br>Usa nuestro editor gratuito para generar un plugin con el aspecto y configuraciones necesarias.<\/li><li><b>Obt\u00e9n el c\u00f3digo para integrar el plugin<\/b><br>Despu\u00e9s de configurar el widget, obt\u00e9n el c\u00f3digo para el formulario desde la notificaci\u00f3n emergente en Elfsight Apps.<\/li><li><b>Muestra el plugin en tu sitio Squarespace<\/b><br>Integra el plugin en el lugar deseado de la p\u00e1gina y publica los cambios.<\/li><li><b>\u00a1Listo!<\/b><br>Visita tu sitio web para ver el resultado.<\/li><\/ol><p>\u00bfTienes problemas al seguir las instrucciones o al crear tu formulario? Intenta leer nuestro art\u00edculo extenso \u00ab<a href=\"https:\/\/elfsight.com\/tutorials\/how-to-add-contact-form-plugin-to-squarespace\/\" target=\"_blank\" rel=\"noopener noreferrer\">C\u00f3mo mostrar el formulario de contacto en un sitio Squarespace<\/a>\u00bb y tendr\u00e1s una segunda oportunidad para integrarlo t\u00fa mismo o deja tu consulta en el centro de soporte de Elfsight con una descripci\u00f3n detallada de tu problema, y nuestro equipo har\u00e1 lo posible por ayudarte.<\/p><\/div><div class=\"faq\" data-component=\"FAQ\"><div class=\"faq-item\">\r\n\t\t\t\t\t<div class=\"faq-item-question\">\r\n\t\t\t\t\t\t<h3 class=\"faq-item-question-text\">\u00bfC\u00f3mo protejo la informaci\u00f3n del formulario de Squarespace en mis p\u00e1ginas?<\/h3>\r\n\r\n\t\t\t\t\t\t<div class=\"faq-item-question-icon\"><\/div>\r\n\t\t\t\t\t<\/div>\r\n\r\n\t\t\t\t\t<div class=\"faq-item-answer\">\r\n\t\t\t\t\t\t<div class=\"faq-item-answer-text\"><p>El Constructor de Formularios de Elfsight incluye una de las herramientas de seguridad m\u00e1s eficaces, el reCAPTCHA. Esta herramienta est\u00e1 all\u00ed para proteger tu formulario y tu buz\u00f3n de correo contra el spam y los bots, garantizando un funcionamiento sin problemas y solo datos importantes.<\/p><\/div>\r\n\t\t\t\t\t<\/div>\r\n\t\t\t\t<\/div><div class=\"faq-item\">\r\n\t\t\t\t\t<div class=\"faq-item-question\">\r\n\t\t\t\t\t\t<h3 class=\"faq-item-question-text\">\u00bfOfrecen plantillas que soporten formularios con l\u00f3gica condicional \/ formularios de m\u00faltiples campos \/ formularios de correo electr\u00f3nico?<\/h3>\r\n\r\n\t\t\t\t\t\t<div class=\"faq-item-question-icon\"><\/div>\r\n\t\t\t\t\t<\/div>\r\n\r\n\t\t\t\t\t<div class=\"faq-item-answer\">\r\n\t\t\t\t\t\t<div class=\"faq-item-answer-text\"><p>\u00a1Claro! Solo tienes que iniciar sesi\u00f3n en Elfsight Apps y seleccionar cualquier plantilla adecuada, luego proceder a crear tu herramienta.<\/p><\/div>\r\n\t\t\t\t\t<\/div>\r\n\t\t\t\t<\/div><div class=\"faq-item\">\r\n\t\t\t\t\t<div class=\"faq-item-question\">\r\n\t\t\t\t\t\t<h3 class=\"faq-item-question-text\">\u00bfC\u00f3mo integrar un formulario de contacto \/ retroalimentaci\u00f3n a mi sitio Squarespace?<\/h3>\r\n\r\n\t\t\t\t\t\t<div class=\"faq-item-question-icon\"><\/div>\r\n\t\t\t\t\t<\/div>\r\n\r\n\t\t\t\t\t<div class=\"faq-item-answer\">\r\n\t\t\t\t\t\t<div class=\"faq-item-answer-text\"><p>Para configurar un formulario de contacto o retroalimentaci\u00f3n, debes iniciar sesi\u00f3n en Elfsight Apps y realizar todas las ediciones necesarias en la herramienta. Despu\u00e9s de finalizar, guarda tus modificaciones y procede al sitio. As\u00ed de f\u00e1cil.<\/p><\/div>\r\n\t\t\t\t\t<\/div>\r\n\t\t\t\t<\/div><div class=\"faq-item\">\r\n\t\t\t\t\t<div class=\"faq-item-question\">\r\n\t\t\t\t\t\t<h3 class=\"faq-item-question-text\">\u00bfTienen plantillas de formulario de contacto listas para usar para el sitio Squarespace?<\/h3>\r\n\r\n\t\t\t\t\t\t<div class=\"faq-item-question-icon\"><\/div>\r\n\t\t\t\t\t<\/div>\r\n\r\n\t\t\t\t\t<div class=\"faq-item-answer\">\r\n\t\t\t\t\t\t<div class=\"faq-item-answer-text\"><p>S\u00ed, hay una gran selecci\u00f3n de m\u00e1s de 300 plantillas para ahorrar tiempo al crear un formulario desde cero. Echa un vistazo a las <a href=\"https:\/\/elfsight.com\/online-form-builder\/templates\/contact-forms\/\">plantillas de formulario de contacto<\/a> para cualquier ocasi\u00f3n y encuentra la que se ajuste a tus expectativas.<\/p><\/div>\r\n\t\t\t\t\t<\/div>\r\n\t\t\t\t<\/div><\/div>","protected":false},"excerpt":{"rendered":"","protected":false},"author":18,"featured_media":0,"parent":669,"menu_order":0,"comment_status":"closed","ping_status":"closed","template":"templates\/template-application-platform.php","meta":{"publish_to_discourse":"","publish_post_category":"","wpdc_auto_publish_overridden":"","wpdc_topic_tags":"","wpdc_pin_topic":"","wpdc_pin_until":"","discourse_post_id":"","discourse_permalink":"","wpdc_publishing_response":"","wpdc_publishing_error":"","footnotes":""},"class_list":["post-3417","page","type-page","status-publish","hentry"],"yoast_head":"<!-- This site is optimized with the Yoast SEO plugin v25.3.1 - https:\/\/yoast.com\/wordpress\/plugins\/seo\/ -->\n<title>Formulario de Contacto - Embeber plugin de Forma de Contacto al Squarespace<\/title>\n<meta name=\"description\" content=\"Incrusta un widget hermoso de Formulario de Contacto en su sitio de Squarespace. Use la demo de Elfsight intuitiva y cree su plugin propio.\" \/>\n<meta name=\"robots\" content=\"index, follow, max-snippet:-1, max-image-preview:large, max-video-preview:-1\" \/>\n<link rel=\"canonical\" href=\"https:\/\/elfsight.com\/es\/contact-form-widget\/squarespace\/\" \/>\n<meta property=\"og:locale\" content=\"es_ES\" \/>\n<meta property=\"og:type\" content=\"article\" \/>\n<meta property=\"og:title\" content=\"Formulario de Contacto - Embeber plugin de Forma de Contacto al Squarespace\" \/>\n<meta property=\"og:description\" content=\"Incrusta un widget hermoso de Formulario de Contacto en su sitio de Squarespace. Use la demo de Elfsight intuitiva y cree su plugin propio.\" \/>\n<meta property=\"og:url\" content=\"https:\/\/elfsight.com\/es\/contact-form-widget\/squarespace\/\" \/>\n<meta property=\"og:site_name\" content=\"Elfsight ES\" \/>\n<meta property=\"article:modified_time\" content=\"2025-02-06T15:05:30+00:00\" \/>\n<meta name=\"twitter:card\" content=\"summary_large_image\" \/>\n<meta name=\"twitter:label1\" content=\"Tiempo de lectura\" \/>\n\t<meta name=\"twitter:data1\" content=\"1 minuto\" \/>\n<!-- \/ Yoast SEO plugin. -->","yoast_head_json":{"title":"Formulario de Contacto - Embeber plugin de Forma de Contacto al Squarespace","description":"Incrusta un widget hermoso de Formulario de Contacto en su sitio de Squarespace. Use la demo de Elfsight intuitiva y cree su plugin propio.","robots":{"index":"index","follow":"follow","max-snippet":"max-snippet:-1","max-image-preview":"max-image-preview:large","max-video-preview":"max-video-preview:-1"},"canonical":"https:\/\/elfsight.com\/es\/contact-form-widget\/squarespace\/","og_locale":"es_ES","og_type":"article","og_title":"Formulario de Contacto - Embeber plugin de Forma de Contacto al Squarespace","og_description":"Incrusta un widget hermoso de Formulario de Contacto en su sitio de Squarespace. Use la demo de Elfsight intuitiva y cree su plugin propio.","og_url":"https:\/\/elfsight.com\/es\/contact-form-widget\/squarespace\/","og_site_name":"Elfsight ES","article_modified_time":"2025-02-06T15:05:30+00:00","twitter_card":"summary_large_image","twitter_misc":{"Tiempo de lectura":"1 minuto"},"schema":{"@context":"https:\/\/schema.org","@graph":[{"@type":"WebPage","@id":"https:\/\/elfsight.com\/es\/contact-form-widget\/squarespace\/","url":"https:\/\/elfsight.com\/es\/contact-form-widget\/squarespace\/","name":"Formulario de Contacto - Embeber plugin de Forma de Contacto al Squarespace","isPartOf":{"@id":"https:\/\/elfsight.com\/es\/#website"},"datePublished":"2022-02-11T12:29:36+00:00","dateModified":"2025-02-06T15:05:30+00:00","description":"Incrusta un widget hermoso de Formulario de Contacto en su sitio de Squarespace. Use la demo de Elfsight intuitiva y cree su plugin propio.","breadcrumb":{"@id":"https:\/\/elfsight.com\/es\/contact-form-widget\/squarespace\/#breadcrumb"},"inLanguage":"es","potentialAction":[{"@type":"ReadAction","target":["https:\/\/elfsight.com\/es\/contact-form-widget\/squarespace\/"]}]},{"@type":"BreadcrumbList","@id":"https:\/\/elfsight.com\/es\/contact-form-widget\/squarespace\/#breadcrumb","itemListElement":[{"@type":"ListItem","position":1,"name":"Home","item":"https:\/\/elfsight.com\/es\/"},{"@type":"ListItem","position":2,"name":"Contact Form","item":"https:\/\/elfsight.com\/es\/contact-form-widget\/"},{"@type":"ListItem","position":3,"name":"Contact Form &#8211; Squarespace"}]},{"@type":"WebSite","@id":"https:\/\/elfsight.com\/es\/#website","url":"https:\/\/elfsight.com\/es\/","name":"Elfsight ES","description":"Just another Elfsight Sites site","potentialAction":[{"@type":"SearchAction","target":{"@type":"EntryPoint","urlTemplate":"https:\/\/elfsight.com\/es\/?s={search_term_string}"},"query-input":{"@type":"PropertyValueSpecification","valueRequired":true,"valueName":"search_term_string"}}],"inLanguage":"es"}]}},"meta_box":{"industry":"","seo_heading":"","heading":"","description":"","cta_heading":"","cta_description":"","application":"668","h1":"complemento de Formulario de contacto para Squarespace","h1_caption":"Cree e incruste f\u00e1cilmente formularios de contacto en su sitio web para fomentar la interacci\u00f3n del usuario y las consultas en su sitio web de Squarespace sin esfuerzo.","application_category":[],"applications_title":"","applications_request_title":"","applications_request_button_text":"","hero_text":"","hero_video":"","hero_video_schema_markup":"","selling_points_title":"","selling_points_caption":"","selling_points":[],"selling_points_cta_text":"","features_title":"","features":"","ed_cta_examples_text":"","ed_cta_examples_hidden":"","ed_cta_demo_text":"","ed_cta_demo_hidden":"","why_caption":"","why_editor_title":"","why_editor_text":"","why_team_title":"","why_team_text":"","why_service_title":"","why_service_text":"","template_catalog_visible":"","template_catalog_title":"","template_catalog_text":"","template_catalog_categories_visible":"","demo_title":"Crea tu complemento de formulario de contacto","demo_caption":"\u00a1Configura tu formulario de contacto y agr\u00e9galo a tu sitio web de Squarespace gratis!","default_faq_hidden":"","app_template_category":[],"platform":"100","template_public_id":"","codecanyon_url":"","codecanyon_item_id":"","codecanyon_price":"","pricing_caption":"","pricing_elfsight_apps_hide_column":"","pricing_elfsight_apps_url":"","pricing_codecanyon_price_caption":"","integration_category":[],"integration_request_title":"","integration_request_cta":"","integration_platform":"","integrations":[],"platform_category":[],"video_schema_markup":"","price":"desde $0 por mes","trial":"","benefits":[{"text":"Instalaci\u00f3n gratuita"},{"text":"Soporte Premium"},{"text":"14 d\u00edas garant\u00eda de reembolso"},{"text":"Actualizaciones regulares"}],"button_url":"#demo","button_target_blank":"0","button_nofollow":"0","attributes":[{"name":"Responsivo","content":"Si","_state":"expanded"},{"name":"Navegadores compatibles","content":"Firefox, Safari, Opera, Chrome, Edge","_state":"expanded"}],"tags":[],"tags_disable_links":"0","hide_more_platforms":"","video_object":"","demo_hide_cta":"0","demo_hide_cloud_options":"0","pricing_title":"","pricing":[{"pricing_icon":"platform","pricing_title":" Elfsight Apps","pricing_title_caption":"Soluci\u00f3n multiplataforma - valido para cualquier p\u00e1gina web","pricing_price":"desde $0 por mes","pricing_price_caption":"empezar con un plan gratuito","pricing_benefits":[{"text":"Sitios web ilimitados"},{"text":"Atenci\u00f3n al cliente gratuita y r\u00e1pida"},{"text":"Servicio de instalaci\u00f3n gratuito"},{"text":"Totalmente personalizable"}],"pricing_button_text":"Agregar al sitio web","pricing_button_url":"#demo","_state":"expanded"}],"related_apps_title":"","related_apps_hidden":"1","author":"","image":[],"title":"","job":"","social_networks":[]},"_links":{"self":[{"href":"https:\/\/elfsight.com\/es\/wp-json\/wp\/v2\/pages\/3417","targetHints":{"allow":["GET"]}}],"collection":[{"href":"https:\/\/elfsight.com\/es\/wp-json\/wp\/v2\/pages"}],"about":[{"href":"https:\/\/elfsight.com\/es\/wp-json\/wp\/v2\/types\/page"}],"author":[{"embeddable":true,"href":"https:\/\/elfsight.com\/es\/wp-json\/wp\/v2\/users\/18"}],"replies":[{"embeddable":true,"href":"https:\/\/elfsight.com\/es\/wp-json\/wp\/v2\/comments?post=3417"}],"version-history":[{"count":3,"href":"https:\/\/elfsight.com\/es\/wp-json\/wp\/v2\/pages\/3417\/revisions"}],"predecessor-version":[{"id":17889,"href":"https:\/\/elfsight.com\/es\/wp-json\/wp\/v2\/pages\/3417\/revisions\/17889"}],"up":[{"embeddable":true,"href":"https:\/\/elfsight.com\/es\/wp-json\/wp\/v2\/pages\/669"}],"wp:attachment":[{"href":"https:\/\/elfsight.com\/es\/wp-json\/wp\/v2\/media?parent=3417"}],"curies":[{"name":"wp","href":"https:\/\/api.w.org\/{rel}","templated":true}]}}