{"id":3415,"date":"2022-02-11T12:29:51","date_gmt":"2022-02-11T12:29:51","guid":{"rendered":"https:\/\/elfsight.com\/es\/?page_id=3415"},"modified":"2025-02-06T15:05:30","modified_gmt":"2025-02-06T15:05:30","slug":"wix","status":"publish","type":"page","link":"https:\/\/elfsight.com\/es\/cookie-consent-widget\/wix\/","title":{"rendered":"Cookie Consent &#8211; Wix"},"content":{"rendered":"<div class=\"application-platform-content-item-description application-platform-content-item\" id=\"description\" data-nav-section=\"description\"><h2>Descripci\u00f3n<\/h2><p>Con la aplicaci\u00f3n Elfsight Cookie, se ha vuelto absolutamente sencillo mostrar una notificaci\u00f3n a tus visitantes de que tu sitio utiliza cookies, a trav\u00e9s de un suave popup. Este widget te permite agregar tu mensaje, proporcionar un enlace a los t\u00e9rminos y condiciones de uso de tu sitio, y colocar botones activos para obtener la aprobaci\u00f3n de los visitantes. Puedes elegir mostrar el widget como una barra o un cuadro y seleccionar una ubicaci\u00f3n para \u00e9l. Adem\u00e1s, los elementos personalizables te ayudan a hacerlo lucir nativo e integrarse bien con el estilo del sitio web.<\/p> <div class=\"faq\" data-component=\"FAQ\"><div class=\"faq-item\">\r\n\t\t\t\t\t<div class=\"faq-item-question\">\r\n\t\t\t\t\t\t<h3 class=\"faq-item-question-text\">\u00bfD\u00f3nde puedo mostrar la aplicaci\u00f3n?<\/h3>\r\n\r\n\t\t\t\t\t\t<div class=\"faq-item-question-icon\"><\/div>\r\n\t\t\t\t\t<\/div>\r\n\r\n\t\t\t\t\t<div class=\"faq-item-answer\">\r\n\t\t\t\t\t\t<div class=\"faq-item-answer-text\"><p>Puedes insertar el plugin en cualquier p\u00e1gina del sitio, as\u00ed como en todas ellas, dependiendo de d\u00f3nde lo necesites. Una vez que un usuario accede a la p\u00e1gina, el widget aparecer\u00e1.<\/p> <\/div>\r\n\t\t\t\t\t<\/div>\r\n\t\t\t\t<\/div><div class=\"faq-item\">\r\n\t\t\t\t\t<div class=\"faq-item-question\">\r\n\t\t\t\t\t\t<h3 class=\"faq-item-question-text\">\u00bfCu\u00e1les son los beneficios de tener Cookie Consent para m\u00ed?<\/h3>\r\n\r\n\t\t\t\t\t\t<div class=\"faq-item-question-icon\"><\/div>\r\n\t\t\t\t\t<\/div>\r\n\r\n\t\t\t\t\t<div class=\"faq-item-answer\">\r\n\t\t\t\t\t\t<div class=\"faq-item-answer-text\"><p>El widget te ayuda a crear un anuncio de cookies inmediato de manera r\u00e1pida y sin necesidad de programaci\u00f3n. Incluye los idiomas europeos m\u00e1s populares para ofrecer una experiencia f\u00e1cil a tus visitantes.<\/p> <\/div>\r\n\t\t\t\t\t<\/div>\r\n\t\t\t\t<\/div><div class=\"faq-item\">\r\n\t\t\t\t\t<div class=\"faq-item-question\">\r\n\t\t\t\t\t\t<h3 class=\"faq-item-question-text\">\u00bfQu\u00e9 necesito para agregar la aplicaci\u00f3n Cookie en mi sitio de Wix?<\/h3>\r\n\r\n\t\t\t\t\t\t<div class=\"faq-item-question-icon\"><\/div>\r\n\t\t\t\t\t<\/div>\r\n\r\n\t\t\t\t\t<div class=\"faq-item-answer\">\r\n\t\t\t\t\t\t<div class=\"faq-item-answer-text\"><p>Solo necesitas un minuto de tu tiempo para comenzar a usar el widget. La integraci\u00f3n es extremadamente r\u00e1pida, gratuita y sin programaci\u00f3n.<\/p><p>Puedes configurar el widget en el sitio a trav\u00e9s de nuestro servicio. Simplemente sigue la gu\u00eda a continuaci\u00f3n en esta p\u00e1gina.<\/p><\/div>\r\n\t\t\t\t\t<\/div>\r\n\t\t\t\t<\/div><\/div><\/div><div class=\"application-platform-content-item-features application-platform-content-item\" id=\"features\" data-nav-section=\"features\"><h2>Caracter\u00edsticas<\/h2><p>Para tener una mejor idea de Cookie Consent, aqu\u00ed tienes una lista de las funciones m\u00e1s destacadas. Hacen que nuestro widget sea incre\u00edblemente eficiente para tu promoci\u00f3n:<\/p><ul><li>Selecciona solo la notificaci\u00f3n o agrega la solicitud de aprobaci\u00f3n;<\/li><li>Escribe un texto de anuncio personalizado con formato y enlaces disponibles;<\/li><li>Mostrar u ocultar un enlace a tu pol\u00edtica de cookies y agregar una etiqueta personalizada para el enlace;<\/li><li>Selecciona el tipo de dise\u00f1o de la barra o cuadro para el widget;<\/li><li>Elige tu color para los botones y enlaces.<\/li><\/ul><p><a href=\"#demo\">Ver m\u00e1s caracter\u00edsticas en la demo en vivo<\/a><\/p><\/div><div class=\"application-platform-content-item-installation application-platform-content-item\" id=\"installation\" data-nav-section=\"installation\"><h2>Descubre c\u00f3mo colocar Cookie Consent en tu sitio Wix. Es incre\u00edblemente f\u00e1cil.<\/h2><div class=\"video-container\"><iframe width=\"720\" height=\"405\" src=\"https:\/\/www.youtube.com\/embed\/8A8f3XJ2QuI\" frameborder=\"0\" allowfullscreen=\"\"><\/iframe><\/div><p>Estas son las \u00fanicas acciones que necesitas para que no requiera programaci\u00f3n.<\/p><ol><li><b>Crea tu aplicaci\u00f3n de Cookie personalizada<\/b><br> Usando nuestro editor gratuito, genera el plugin, eligiendo las caracter\u00edsticas de dise\u00f1o y funcionalidad.<\/li><li><b>Recibe el c\u00f3digo individual para mostrar el plugin<\/b><br> Despu\u00e9s de crear tu widget, recibir\u00e1s el c\u00f3digo individual del popup de notificaci\u00f3n en Elfsight Apps. C\u00f3pialo.<\/li><li><b>Integra el plugin en tu sitio Wix<\/b><br> Elige la p\u00e1gina donde te gustar\u00eda mostrar el plugin y pega el c\u00f3digo copiado all\u00ed. Aplica los cambios.<\/li><li><b>La instalaci\u00f3n est\u00e1 terminada<\/b><br> Ve a tu sitio para ver tu aplicaci\u00f3n.<\/li><\/ol><p>\u00bfTodav\u00eda no te decides? \u00bfO te encontraste con alg\u00fan problema? Simplemente escribe una solicitud a nuestro equipo de soporte, ellos resolver\u00e1n cualquier inconveniente.<\/p><\/div>","protected":false},"excerpt":{"rendered":"","protected":false},"author":18,"featured_media":0,"parent":690,"menu_order":0,"comment_status":"closed","ping_status":"closed","template":"templates\/template-application-platform.php","meta":{"publish_to_discourse":"","publish_post_category":"","wpdc_auto_publish_overridden":"","wpdc_topic_tags":"","wpdc_pin_topic":"","wpdc_pin_until":"","discourse_post_id":"","discourse_permalink":"","wpdc_publishing_response":"","wpdc_publishing_error":"","footnotes":""},"class_list":["post-3415","page","type-page","status-publish","hentry"],"yoast_head":"<!-- This site is optimized with the Yoast SEO plugin v25.3.1 - https:\/\/yoast.com\/wordpress\/plugins\/seo\/ -->\n<title>Cookie Consent - Integrar plugin de Consentimiento de cookies al Wix<\/title>\n<meta name=\"description\" content=\"A\u00f1ade un widget hermoso de Cookie Consent en su sitio web de Wix. Use la demo de Elfsight intuitiva y cree su plugin propio.\" \/>\n<meta name=\"robots\" content=\"index, follow, max-snippet:-1, max-image-preview:large, max-video-preview:-1\" \/>\n<link rel=\"canonical\" href=\"https:\/\/elfsight.com\/es\/cookie-consent-widget\/wix\/\" \/>\n<meta property=\"og:locale\" content=\"es_ES\" \/>\n<meta property=\"og:type\" content=\"article\" \/>\n<meta property=\"og:title\" content=\"Cookie Consent - Integrar plugin de Consentimiento de cookies al Wix\" \/>\n<meta property=\"og:description\" content=\"A\u00f1ade un widget hermoso de Cookie Consent en su sitio web de Wix. Use la demo de Elfsight intuitiva y cree su plugin propio.\" \/>\n<meta property=\"og:url\" content=\"https:\/\/elfsight.com\/es\/cookie-consent-widget\/wix\/\" \/>\n<meta property=\"og:site_name\" content=\"Elfsight ES\" \/>\n<meta property=\"article:modified_time\" content=\"2025-02-06T15:05:30+00:00\" \/>\n<meta name=\"twitter:card\" content=\"summary_large_image\" \/>\n<meta name=\"twitter:label1\" content=\"Tiempo de lectura\" \/>\n\t<meta name=\"twitter:data1\" content=\"1 minuto\" \/>\n<!-- \/ Yoast SEO plugin. -->","yoast_head_json":{"title":"Cookie Consent - Integrar plugin de Consentimiento de cookies al Wix","description":"A\u00f1ade un widget hermoso de Cookie Consent en su sitio web de Wix. Use la demo de Elfsight intuitiva y cree su plugin propio.","robots":{"index":"index","follow":"follow","max-snippet":"max-snippet:-1","max-image-preview":"max-image-preview:large","max-video-preview":"max-video-preview:-1"},"canonical":"https:\/\/elfsight.com\/es\/cookie-consent-widget\/wix\/","og_locale":"es_ES","og_type":"article","og_title":"Cookie Consent - Integrar plugin de Consentimiento de cookies al Wix","og_description":"A\u00f1ade un widget hermoso de Cookie Consent en su sitio web de Wix. Use la demo de Elfsight intuitiva y cree su plugin propio.","og_url":"https:\/\/elfsight.com\/es\/cookie-consent-widget\/wix\/","og_site_name":"Elfsight ES","article_modified_time":"2025-02-06T15:05:30+00:00","twitter_card":"summary_large_image","twitter_misc":{"Tiempo de lectura":"1 minuto"},"schema":{"@context":"https:\/\/schema.org","@graph":[{"@type":"WebPage","@id":"https:\/\/elfsight.com\/es\/cookie-consent-widget\/wix\/","url":"https:\/\/elfsight.com\/es\/cookie-consent-widget\/wix\/","name":"Cookie Consent - Integrar plugin de Consentimiento de cookies al Wix","isPartOf":{"@id":"https:\/\/elfsight.com\/es\/#website"},"datePublished":"2022-02-11T12:29:51+00:00","dateModified":"2025-02-06T15:05:30+00:00","description":"A\u00f1ade un widget hermoso de Cookie Consent en su sitio web de Wix. Use la demo de Elfsight intuitiva y cree su plugin propio.","breadcrumb":{"@id":"https:\/\/elfsight.com\/es\/cookie-consent-widget\/wix\/#breadcrumb"},"inLanguage":"es","potentialAction":[{"@type":"ReadAction","target":["https:\/\/elfsight.com\/es\/cookie-consent-widget\/wix\/"]}]},{"@type":"BreadcrumbList","@id":"https:\/\/elfsight.com\/es\/cookie-consent-widget\/wix\/#breadcrumb","itemListElement":[{"@type":"ListItem","position":1,"name":"Home","item":"https:\/\/elfsight.com\/es\/"},{"@type":"ListItem","position":2,"name":"Cookie Consent","item":"https:\/\/elfsight.com\/es\/cookie-consent-widget\/"},{"@type":"ListItem","position":3,"name":"Cookie Consent &#8211; Wix"}]},{"@type":"WebSite","@id":"https:\/\/elfsight.com\/es\/#website","url":"https:\/\/elfsight.com\/es\/","name":"Elfsight ES","description":"Just another Elfsight Sites site","potentialAction":[{"@type":"SearchAction","target":{"@type":"EntryPoint","urlTemplate":"https:\/\/elfsight.com\/es\/?s={search_term_string}"},"query-input":{"@type":"PropertyValueSpecification","valueRequired":true,"valueName":"search_term_string"}}],"inLanguage":"es"}]}},"meta_box":{"industry":"","seo_heading":"","heading":"","description":"","cta_heading":"","cta_description":"","application":"689","h1":"complemento de Consentimiento de cookies para Wix","h1_caption":"Advierte a los usuarios de su p\u00e1gina sobre el uso de cookies","application_category":[],"applications_title":"","applications_request_title":"","applications_request_button_text":"","hero_text":"","hero_video":"","hero_video_schema_markup":"","selling_points_title":"","selling_points_caption":"","selling_points":[],"selling_points_cta_text":"","features_title":"","features":"","ed_cta_examples_text":"","ed_cta_examples_hidden":"","ed_cta_demo_text":"","ed_cta_demo_hidden":"","why_caption":"","why_editor_title":"","why_editor_text":"","why_team_title":"","why_team_text":"","why_service_title":"","why_service_text":"","template_catalog_visible":"","template_catalog_title":"","template_catalog_text":"","template_catalog_categories_visible":"","demo_title":"Crea tu aplicaci\u00f3n de consentimiento de cookies","demo_caption":"\u00a1Configura tu Consentimiento de Cookies y agr\u00e9galo a tu sitio web Wix gratis!","default_faq_hidden":"","app_template_category":[],"platform":"112","template_public_id":"","codecanyon_url":"","codecanyon_item_id":"","codecanyon_price":"","pricing_caption":"","pricing_elfsight_apps_hide_column":"","pricing_elfsight_apps_url":"","pricing_codecanyon_price_caption":"","integration_category":[],"integration_request_title":"","integration_request_cta":"","integration_platform":"","integrations":[],"platform_category":[],"video_schema_markup":"","price":"desde $0 por mes","trial":"","benefits":[{"text":"Instalaci\u00f3n gratuita"},{"text":"Soporte Premium"},{"text":"14 d\u00edas garant\u00eda de reembolso"},{"text":"Actualizaciones regulares"}],"button_url":"#demo","button_target_blank":"0","button_nofollow":"0","attributes":[{"name":"Responsivo","content":"Si","_state":"expanded"},{"name":"Navegadores compatibles","content":"Firefox, Safari, Opera, Chrome, Edge","_state":"expanded"}],"tags":[],"tags_disable_links":"0","hide_more_platforms":"","video_object":"","demo_hide_cta":"0","demo_hide_cloud_options":"0","pricing_title":"","pricing":[{"pricing_icon":"platform","pricing_title":" Elfsight Apps","pricing_title_caption":"Soluci\u00f3n multiplataforma - valido para cualquier p\u00e1gina web","pricing_price":"desde $0 por mes","pricing_price_caption":"empezar con un plan gratuito","pricing_benefits":[{"text":"Sitios web ilimitados"},{"text":"Atenci\u00f3n al cliente gratuita y r\u00e1pida"},{"text":"Servicio de instalaci\u00f3n gratuito"},{"text":"Totalmente personalizable"}],"pricing_button_text":"Agregar al sitio web","pricing_button_url":"#demo","_state":"expanded"}],"related_apps_title":"","related_apps_hidden":"1","author":"","image":[],"title":"","job":"","social_networks":[]},"_links":{"self":[{"href":"https:\/\/elfsight.com\/es\/wp-json\/wp\/v2\/pages\/3415","targetHints":{"allow":["GET"]}}],"collection":[{"href":"https:\/\/elfsight.com\/es\/wp-json\/wp\/v2\/pages"}],"about":[{"href":"https:\/\/elfsight.com\/es\/wp-json\/wp\/v2\/types\/page"}],"author":[{"embeddable":true,"href":"https:\/\/elfsight.com\/es\/wp-json\/wp\/v2\/users\/18"}],"replies":[{"embeddable":true,"href":"https:\/\/elfsight.com\/es\/wp-json\/wp\/v2\/comments?post=3415"}],"version-history":[{"count":3,"href":"https:\/\/elfsight.com\/es\/wp-json\/wp\/v2\/pages\/3415\/revisions"}],"predecessor-version":[{"id":17887,"href":"https:\/\/elfsight.com\/es\/wp-json\/wp\/v2\/pages\/3415\/revisions\/17887"}],"up":[{"embeddable":true,"href":"https:\/\/elfsight.com\/es\/wp-json\/wp\/v2\/pages\/690"}],"wp:attachment":[{"href":"https:\/\/elfsight.com\/es\/wp-json\/wp\/v2\/media?parent=3415"}],"curies":[{"name":"wp","href":"https:\/\/api.w.org\/{rel}","templated":true}]}}