{"id":3413,"date":"2022-02-11T12:29:56","date_gmt":"2022-02-11T12:29:56","guid":{"rendered":"https:\/\/elfsight.com\/es\/?page_id=3413"},"modified":"2025-02-06T15:05:23","modified_gmt":"2025-02-06T15:05:23","slug":"shopify","status":"publish","type":"page","link":"https:\/\/elfsight.com\/es\/contact-form-widget\/shopify\/","title":{"rendered":"Contact Form &#8211; Shopify"},"content":{"rendered":"<div class=\"application-platform-content-item-description application-platform-content-item\" id=\"description\" data-nav-section=\"description\"><h2>Formulario de contacto para Shopify<\/h2><p>\u00bfBuscas un creador de formularios de contacto para Shopify? Nuestro plugin de formulario de contacto para Shopify puede ayudarte con todas las necesidades principales para recibir comentarios y pedidos de los clientes de tu sitio. Simplemente instala los campos necesarios para completar, elige la plantilla deseada y personaliza la interfaz para motivar a\u00fan m\u00e1s a tus clientes a realizar pedidos de los servicios de tu empresa. Nuestro formulario de contacto personalizado para Shopify tambi\u00e9n te permite recibir mensajes por correo electr\u00f3nico desde el formulario de contacto de Shopify de tus clientes.<\/p><p><b>\u00a1Recibe testimonios, solicitudes y responde a las preguntas de los usuarios de tu sitio web!<\/b><\/p><ul><li><b>Aumenta la cantidad de clientes potenciales<\/b>.<br> Mant\u00e9n una comunicaci\u00f3n constante con los clientes potenciales las 24 horas del d\u00eda, usando un formulario conveniente en tu sitio y consigue usuarios listos para realizar pedidos y comprar.<\/li><li><b>Conoce mejor a tus clientes<\/b>.<br> Las preguntas, dudas, desconfianzas y diversas opiniones de tus clientes sobre tus ofertas o servicios te dan m\u00e1s oportunidades para entender las necesidades de los visitantes de tu sitio y aplicar con \u00e9xito una estrategia de expansi\u00f3n de tu negocio.<\/li><li><b>Protege tu bandeja de entrada contra el spam<\/b>.<br> No permitas que los bots llenen tu bandeja de entrada con correos basura. Nuestro formulario est\u00e1 equipado con Google reCAPTCHA para proteger tu correo electr\u00f3nico de los env\u00edos autom\u00e1ticos de spam y bots.<\/li><\/ul><\/div><div class=\"application-platform-content-item-features application-platform-content-item\" id=\"features\" data-nav-section=\"features\"><h2>Caracter\u00edsticas del plugin de formulario de contacto<\/h2><p>\u00bfQu\u00e9 hace que el formulario de contacto de Elfsight sea la mejor aplicaci\u00f3n para recibir comentarios y consultas para sitios de Shopify? Revisa nuestras caracter\u00edsticas clave:<\/p><ul><li>Un conjunto m\u00ednimo de campos para enviar comentarios: nombre, correo electr\u00f3nico, tel\u00e9fono y mensaje;<\/li><li>Configura cualquier ancho de formulario;<\/li><li>2 dise\u00f1os predefinidos: en l\u00ednea, para agregar al cuerpo de la p\u00e1gina, y flotante, para seguir el desplazamiento de tus visitantes;<\/li><li>Todos los datos ingresados en el formulario se guardan autom\u00e1ticamente;<\/li><li>Funciona y se ve perfectamente en dispositivos m\u00f3viles.<\/li><\/ul><p><a href=\"#demo\">Consulta el conjunto completo de ventajas en nuestra demo<\/a><\/p><\/div><div class=\"application-platform-content-item-installation application-platform-content-item\" id=\"installation\" data-nav-section=\"installation\"><h2>C\u00f3mo agregar el formulario de contacto a tu sitio web de Shopify<\/h2><div class=\"video-container\"><iframe width=\"720\" height=\"405\" src=\"https:\/\/www.youtube.com\/embed\/ORhSwUsmv9c\" frameborder=\"0\" allowfullscreen=\"\"><\/iframe><\/div><p>Sigue nuestras instrucciones para integrar la aplicaci\u00f3n de contacto en tu sitio en muy poco tiempo. No es necesario tener experiencia en desarrollo para instalar nuestro formulario de contacto. El tiempo total de configuraci\u00f3n es solo de 3 minutos.<\/p><ol><li><b>Usa nuestro configurador gratuito y comienza a crear tu aplicaci\u00f3n personalizada.<\/b><br> Elige la disposici\u00f3n y par\u00e1metros preferidos de la aplicaci\u00f3n y aplica todas las correcciones.<\/li><li><b>Recibe tu c\u00f3digo \u00fanico mostrado en la ventana emergente de Elfsight Apps.<\/b><br> Justo despu\u00e9s de finalizar la creaci\u00f3n de tu aplicaci\u00f3n, copia tu c\u00f3digo desde la ventana emergente y gu\u00e1rdalo para usarlo en el futuro.<\/li><li><b>Comienza a utilizar la aplicaci\u00f3n en tu sitio web de Shopify.<\/b><br> Coloca el c\u00f3digo que copiaste previamente en tu p\u00e1gina y guarda los cambios.<\/li><li><b>\u00a1Listo! La integraci\u00f3n se ha completado con \u00e9xito.<\/b><br> Visita tu sitio web para comprobar el funcionamiento de la aplicaci\u00f3n.<\/li><\/ol><p>\u00bfTienes dificultades al seguir el tutorial o al crear tu formulario? Puede ser \u00fatil seguir el tutorial detallado \u00ab<a href=\"https:\/\/elfsight.com\/tutorials\/how-to-add-contact-form-app-to-shopify\/\" target=\"_blank\" rel=\"noopener noreferrer\">C\u00f3mo agregar un formulario de contacto en un sitio web de Shopify<\/a>\u00bb e intentar integrarlo por tu cuenta o ponerte en contacto con nuestro centro de soporte para una descripci\u00f3n detallada de tu problema. Nuestro equipo estar\u00e1 disponible para asesorarte.<\/p><div class=\"faq\" data-component=\"FAQ\"> <div class=\"faq-item\">\r\n\t\t\t\t\t<div class=\"faq-item-question\">\r\n\t\t\t\t\t\t<h3 class=\"faq-item-question-text\">\u00bfC\u00f3mo puedo agregar el formulario de contacto a mi sitio web de Shopify sin conocimientos de programaci\u00f3n?<\/h3>\r\n\r\n\t\t\t\t\t\t<div class=\"faq-item-question-icon\"><\/div>\r\n\t\t\t\t\t<\/div>\r\n\r\n\t\t\t\t\t<div class=\"faq-item-answer\">\r\n\t\t\t\t\t\t<div class=\"faq-item-answer-text\"> <p>Elfsight ofrece una soluci\u00f3n SaaS que te permite crear un widget de formulario de contacto por ti mismo, mira lo f\u00e1cil que es el proceso: Trabaja directamente en el Editor en l\u00ednea para crear un widget de formulario de contacto que te gustar\u00eda ver en tu sitio web de Shopify. Elige una de las plantillas predefinidas y ajusta la configuraci\u00f3n del formulario de contacto, agrega tu contenido, cambia el dise\u00f1o y los colores sin necesidad de conocimientos de programaci\u00f3n. Guarda el formulario de contacto y copia su c\u00f3digo de instalaci\u00f3n, que puedes incluir f\u00e1cilmente en tu sitio web de Shopify sin tener que comprar una versi\u00f3n de pago. Con nuestro Editor intuitivo, cualquier usuario de internet puede crear un widget de formulario de contacto en l\u00ednea e integrarlo f\u00e1cilmente en su sitio web de Shopify. No es necesario pagar ni ingresar tus datos de tarjeta para acceder al servicio. Si tienes alg\u00fan problema en cualquier paso, no dudes en contactar a nuestro equipo de soporte t\u00e9cnico.<\/p> <\/div>\r\n\t\t\t\t\t<\/div>\r\n\t\t\t\t<\/div> <div class=\"faq-item\">\r\n\t\t\t\t\t<div class=\"faq-item-question\">\r\n\t\t\t\t\t\t<h3 class=\"faq-item-question-text\">\u00bfHay plantillas de formulario de contacto para mi sitio web de Shopify?<\/h3>\r\n\r\n\t\t\t\t\t\t<div class=\"faq-item-question-icon\"><\/div>\r\n\t\t\t\t\t<\/div>\r\n\r\n\t\t\t\t\t<div class=\"faq-item-answer\">\r\n\t\t\t\t\t\t<div class=\"faq-item-answer-text\"><p>\u00a1S\u00ed, las hay! El equipo de Elfsight ha creado una excelente colecci\u00f3n de m\u00e1s de 300 plantillas listas para usar. Y seguro que no te decepcionar\u00e1n las <a href=\"https:\/\/elfsight.com\/online-form-builder\/templates\/contact-forms\/\">plantillas de formularios de contacto<\/a>.<\/p><\/div>\r\n\t\t\t\t\t<\/div>\r\n\t\t\t\t<\/div><\/div> <\/div>","protected":false},"excerpt":{"rendered":"","protected":false},"author":18,"featured_media":0,"parent":669,"menu_order":0,"comment_status":"closed","ping_status":"closed","template":"templates\/template-application-platform.php","meta":{"publish_to_discourse":"","publish_post_category":"","wpdc_auto_publish_overridden":"","wpdc_topic_tags":"","wpdc_pin_topic":"","wpdc_pin_until":"","discourse_post_id":"","discourse_permalink":"","wpdc_publishing_response":"","wpdc_publishing_error":"","footnotes":""},"class_list":["post-3413","page","type-page","status-publish","hentry"],"yoast_head":"<!-- This site is optimized with the Yoast SEO plugin v25.3.1 - https:\/\/yoast.com\/wordpress\/plugins\/seo\/ -->\n<title>Formulario de Contacto - Incorporar app de Forma de Contacto al Shopify<\/title>\n<meta name=\"description\" content=\"A\u00f1ade un widget hermoso de Formulario de Contacto en su sitio web de Shopify. Lance la demo de Elfsight f\u00e1cil de usar y cree su app \u00fanico.\" \/>\n<meta name=\"robots\" content=\"index, follow, max-snippet:-1, max-image-preview:large, max-video-preview:-1\" \/>\n<link rel=\"canonical\" href=\"https:\/\/elfsight.com\/es\/contact-form-widget\/shopify\/\" \/>\n<meta property=\"og:locale\" content=\"es_ES\" \/>\n<meta property=\"og:type\" content=\"article\" \/>\n<meta property=\"og:title\" content=\"Formulario de Contacto - Incorporar app de Forma de Contacto al Shopify\" \/>\n<meta property=\"og:description\" content=\"A\u00f1ade un widget hermoso de Formulario de Contacto en su sitio web de Shopify. Lance la demo de Elfsight f\u00e1cil de usar y cree su app \u00fanico.\" \/>\n<meta property=\"og:url\" content=\"https:\/\/elfsight.com\/es\/contact-form-widget\/shopify\/\" \/>\n<meta property=\"og:site_name\" content=\"Elfsight ES\" \/>\n<meta property=\"article:modified_time\" content=\"2025-02-06T15:05:23+00:00\" \/>\n<meta name=\"twitter:card\" content=\"summary_large_image\" \/>\n<meta name=\"twitter:label1\" content=\"Tiempo de lectura\" \/>\n\t<meta name=\"twitter:data1\" content=\"1 minuto\" \/>\n<!-- \/ Yoast SEO plugin. -->","yoast_head_json":{"title":"Formulario de Contacto - Incorporar app de Forma de Contacto al Shopify","description":"A\u00f1ade un widget hermoso de Formulario de Contacto en su sitio web de Shopify. Lance la demo de Elfsight f\u00e1cil de usar y cree su app \u00fanico.","robots":{"index":"index","follow":"follow","max-snippet":"max-snippet:-1","max-image-preview":"max-image-preview:large","max-video-preview":"max-video-preview:-1"},"canonical":"https:\/\/elfsight.com\/es\/contact-form-widget\/shopify\/","og_locale":"es_ES","og_type":"article","og_title":"Formulario de Contacto - Incorporar app de Forma de Contacto al Shopify","og_description":"A\u00f1ade un widget hermoso de Formulario de Contacto en su sitio web de Shopify. Lance la demo de Elfsight f\u00e1cil de usar y cree su app \u00fanico.","og_url":"https:\/\/elfsight.com\/es\/contact-form-widget\/shopify\/","og_site_name":"Elfsight ES","article_modified_time":"2025-02-06T15:05:23+00:00","twitter_card":"summary_large_image","twitter_misc":{"Tiempo de lectura":"1 minuto"},"schema":{"@context":"https:\/\/schema.org","@graph":[{"@type":"WebPage","@id":"https:\/\/elfsight.com\/es\/contact-form-widget\/shopify\/","url":"https:\/\/elfsight.com\/es\/contact-form-widget\/shopify\/","name":"Formulario de Contacto - Incorporar app de Forma de Contacto al Shopify","isPartOf":{"@id":"https:\/\/elfsight.com\/es\/#website"},"datePublished":"2022-02-11T12:29:56+00:00","dateModified":"2025-02-06T15:05:23+00:00","description":"A\u00f1ade un widget hermoso de Formulario de Contacto en su sitio web de Shopify. Lance la demo de Elfsight f\u00e1cil de usar y cree su app \u00fanico.","breadcrumb":{"@id":"https:\/\/elfsight.com\/es\/contact-form-widget\/shopify\/#breadcrumb"},"inLanguage":"es","potentialAction":[{"@type":"ReadAction","target":["https:\/\/elfsight.com\/es\/contact-form-widget\/shopify\/"]}]},{"@type":"BreadcrumbList","@id":"https:\/\/elfsight.com\/es\/contact-form-widget\/shopify\/#breadcrumb","itemListElement":[{"@type":"ListItem","position":1,"name":"Home","item":"https:\/\/elfsight.com\/es\/"},{"@type":"ListItem","position":2,"name":"Contact Form","item":"https:\/\/elfsight.com\/es\/contact-form-widget\/"},{"@type":"ListItem","position":3,"name":"Contact Form &#8211; Shopify"}]},{"@type":"WebSite","@id":"https:\/\/elfsight.com\/es\/#website","url":"https:\/\/elfsight.com\/es\/","name":"Elfsight ES","description":"Just another Elfsight Sites site","potentialAction":[{"@type":"SearchAction","target":{"@type":"EntryPoint","urlTemplate":"https:\/\/elfsight.com\/es\/?s={search_term_string}"},"query-input":{"@type":"PropertyValueSpecification","valueRequired":true,"valueName":"search_term_string"}}],"inLanguage":"es"}]}},"meta_box":{"industry":"","seo_heading":"","heading":"","description":"","cta_heading":"","cta_description":"","application":"668","h1":"Aplicaci\u00f3n de formulario de contacto para Shopify.","h1_caption":"Cree e incruste f\u00e1cilmente formularios de contacto en su sitio web para fomentar la interacci\u00f3n del usuario y las consultas en su sitio web de Shopify sin esfuerzo.","application_category":[],"applications_title":"","applications_request_title":"","applications_request_button_text":"","hero_text":"","hero_video":"","hero_video_schema_markup":"","selling_points_title":"","selling_points_caption":"","selling_points":[],"selling_points_cta_text":"","features_title":"","features":"","ed_cta_examples_text":"","ed_cta_examples_hidden":"","ed_cta_demo_text":"","ed_cta_demo_hidden":"","why_caption":"","why_editor_title":"","why_editor_text":"","why_team_title":"","why_team_text":"","why_service_title":"","why_service_text":"","template_catalog_visible":"","template_catalog_title":"","template_catalog_text":"","template_catalog_categories_visible":"","demo_title":"Crea tu aplicaci\u00f3n de formulario de contacto","demo_caption":"\u00a1Configura tu formulario de contacto y agr\u00e9galo a tu sitio web Shopify gratis!","default_faq_hidden":"","app_template_category":[],"platform":"91","template_public_id":"","codecanyon_url":"","codecanyon_item_id":"","codecanyon_price":"","pricing_caption":"","pricing_elfsight_apps_hide_column":"","pricing_elfsight_apps_url":"","pricing_codecanyon_price_caption":"","integration_category":[],"integration_request_title":"","integration_request_cta":"","integration_platform":"","integrations":[],"platform_category":[],"video_schema_markup":"","price":"desde $0 por mes","trial":"","benefits":[{"text":"Instalaci\u00f3n gratuita"},{"text":"Soporte Premium"},{"text":"14 d\u00edas garant\u00eda de reembolso"},{"text":"Actualizaciones regulares"}],"button_url":"#demo","button_target_blank":"0","button_nofollow":"0","attributes":[{"name":"Responsivo","content":"Si","_state":"expanded"},{"name":"Navegadores compatibles","content":"Firefox, Safari, Opera, Chrome, Edge","_state":"expanded"}],"tags":[],"tags_disable_links":"0","hide_more_platforms":"","video_object":"","demo_hide_cta":"0","demo_hide_cloud_options":"0","pricing_title":"","pricing":[{"pricing_icon":"platform","pricing_title":" Elfsight Apps","pricing_title_caption":"Soluci\u00f3n multiplataforma - valido para cualquier p\u00e1gina web","pricing_price":"desde $0 por mes","pricing_price_caption":"empezar con un plan gratuito","pricing_benefits":[{"text":"Sitios web ilimitados"},{"text":"Atenci\u00f3n al cliente gratuita y r\u00e1pida"},{"text":"Servicio de instalaci\u00f3n gratuito"},{"text":"Totalmente personalizable"}],"pricing_button_text":"Agregar al sitio web","pricing_button_url":"#demo","_state":"expanded"}],"related_apps_title":"","related_apps_hidden":"1","author":"","image":[],"title":"","job":"","social_networks":[]},"_links":{"self":[{"href":"https:\/\/elfsight.com\/es\/wp-json\/wp\/v2\/pages\/3413","targetHints":{"allow":["GET"]}}],"collection":[{"href":"https:\/\/elfsight.com\/es\/wp-json\/wp\/v2\/pages"}],"about":[{"href":"https:\/\/elfsight.com\/es\/wp-json\/wp\/v2\/types\/page"}],"author":[{"embeddable":true,"href":"https:\/\/elfsight.com\/es\/wp-json\/wp\/v2\/users\/18"}],"replies":[{"embeddable":true,"href":"https:\/\/elfsight.com\/es\/wp-json\/wp\/v2\/comments?post=3413"}],"version-history":[{"count":3,"href":"https:\/\/elfsight.com\/es\/wp-json\/wp\/v2\/pages\/3413\/revisions"}],"predecessor-version":[{"id":17886,"href":"https:\/\/elfsight.com\/es\/wp-json\/wp\/v2\/pages\/3413\/revisions\/17886"}],"up":[{"embeddable":true,"href":"https:\/\/elfsight.com\/es\/wp-json\/wp\/v2\/pages\/669"}],"wp:attachment":[{"href":"https:\/\/elfsight.com\/es\/wp-json\/wp\/v2\/media?parent=3413"}],"curies":[{"name":"wp","href":"https:\/\/api.w.org\/{rel}","templated":true}]}}