{"id":3410,"date":"2022-02-11T12:30:01","date_gmt":"2022-02-11T12:30:01","guid":{"rendered":"https:\/\/elfsight.com\/es\/?page_id=3410"},"modified":"2025-02-06T15:05:23","modified_gmt":"2025-02-06T15:05:23","slug":"weebly","status":"publish","type":"page","link":"https:\/\/elfsight.com\/es\/cookie-consent-widget\/weebly\/","title":{"rendered":"Cookie Consent &#8211; Weebly"},"content":{"rendered":"<div class=\"application-platform-content-item-description application-platform-content-item\" id=\"description\" data-nav-section=\"description\"><h2>Descripci\u00f3n<\/h2><p>Con la aplicaci\u00f3n Elfsight Cookie, se ha vuelto muy f\u00e1cil mostrar una notificaci\u00f3n a tus visitantes de que tu sitio web utiliza cookies a trav\u00e9s de una ventana emergente moderada. El widget te permite mostrar tu texto, proporcionar un enlace a la pol\u00edtica de uso de tu sitio web y a\u00f1adir botones activos para obtener la aprobaci\u00f3n de los visitantes. Puedes elegir mostrar la notificaci\u00f3n como una barra o como una caja adaptable y asignar su ubicaci\u00f3n. Adem\u00e1s, los elementos pintables te permiten hacerlo consistente y adaptarlo al estilo de tu sitio.<\/p> <div class=\"faq\" data-component=\"FAQ\"><div class=\"faq-item\">\r\n\t\t\t\t\t<div class=\"faq-item-question\">\r\n\t\t\t\t\t\t<h3 class=\"faq-item-question-text\">\u00bfD\u00f3nde puedo insertarlo en mi sitio web?<\/h3>\r\n\r\n\t\t\t\t\t\t<div class=\"faq-item-question-icon\"><\/div>\r\n\t\t\t\t\t<\/div>\r\n\r\n\t\t\t\t\t<div class=\"faq-item-answer\">\r\n\t\t\t\t\t\t<div class=\"faq-item-answer-text\"><p>Es f\u00e1cil insertar el anuncio en cualquier p\u00e1gina de tu sitio web o en todas ellas, dependiendo de tus necesidades. Una vez que una persona abre la p\u00e1gina, se mostrar\u00e1 la notificaci\u00f3n.<\/p> <\/div>\r\n\t\t\t\t\t<\/div>\r\n\t\t\t\t<\/div><div class=\"faq-item\">\r\n\t\t\t\t\t<div class=\"faq-item-question\">\r\n\t\t\t\t\t\t<h3 class=\"faq-item-question-text\">\u00bfQu\u00e9 beneficios me proporciona? <\/h3>\r\n\r\n\t\t\t\t\t\t<div class=\"faq-item-question-icon\"><\/div>\r\n\t\t\t\t\t<\/div>\r\n\r\n\t\t\t\t\t<div class=\"faq-item-answer\">\r\n\t\t\t\t\t\t<div class=\"faq-item-answer-text\"><p>Elfsight Cookie Consent te ayuda a organizar un anuncio inmediato sobre cookies de forma r\u00e1pida y sin necesidad de codificaci\u00f3n. Est\u00e1 traducido a todos los idiomas europeos m\u00e1s comunes para ofrecer una experiencia de usuario c\u00f3moda a la audiencia.<\/p> <\/div>\r\n\t\t\t\t\t<\/div>\r\n\t\t\t\t<\/div><div class=\"faq-item\">\r\n\t\t\t\t\t<div class=\"faq-item-question\">\r\n\t\t\t\t\t\t<h3 class=\"faq-item-question-text\">\u00bfQu\u00e9 necesito para insertar la aplicaci\u00f3n Cookie en mi sitio web de Weebly? <\/h3>\r\n\r\n\t\t\t\t\t\t<div class=\"faq-item-question-icon\"><\/div>\r\n\t\t\t\t\t<\/div>\r\n\r\n\t\t\t\t\t<div class=\"faq-item-answer\">\r\n\t\t\t\t\t\t<div class=\"faq-item-answer-text\"><p>Te tomar\u00e1 dos minutos activarla. La integraci\u00f3n es extremadamente r\u00e1pida, gratuita y sin necesidad de codificaci\u00f3n.<\/p><p>El widget se puede insertar a trav\u00e9s de nuestro servicio o a trav\u00e9s del mercado. Aqu\u00ed puedes conocer todos los detalles sobre estas opciones y elegir la que prefieras.<\/p><\/div>\r\n\t\t\t\t\t<\/div>\r\n\t\t\t\t<\/div><\/div><\/div><div class=\"application-platform-content-item-features application-platform-content-item\" id=\"features\" data-nav-section=\"features\"><h2>Caracter\u00edsticas<\/h2><p>Para comprender mejor el widget, revisa la lista de caracter\u00edsticas principales. Ellas hacen que el widget sea realmente efectivo para ti:<\/p><ul><li>Elige mostrar un anuncio o solicitar un consentimiento;<\/li><li>Ingresa tu propio texto de notificaci\u00f3n con soporte de formato y enlaces;<\/li><li>Muestra o oculta un enlace a la pol\u00edtica de uso del sitio web e ingresa un texto personalizado para el enlace;<\/li><li>Selecciona el tipo de dise\u00f1o de la barra o la caja para el widget;<\/li><li>Establece el color de los botones y los enlaces.<\/li><\/ul><p><a href=\"#demo\">La demostraci\u00f3n te mostrar\u00e1 una lista completa de caracter\u00edsticas<\/a><\/p><\/div><div class=\"application-platform-content-item-installation application-platform-content-item\" id=\"installation\" data-nav-section=\"installation\"><h2>Revisa c\u00f3mo insertar el Cookie Consent en tu tienda Weebly. Es simple y r\u00e1pido.<\/h2><div class=\"video-container\"><iframe width=\"720\" height=\"405\" src=\"https:\/\/www.youtube.com\/embed\/i7CRqt8uvEY\" frameborder=\"0\" allowfullscreen=\"\"><\/iframe><\/div><p>Los siguientes pasos son todo lo que necesitas para agregar el widget a tu sitio.<\/p><ol><li><b>Usa nuestro configurador gratuito y comienza a crear tu aplicaci\u00f3n \u00fanica.<\/b><br> Especifica el dise\u00f1o seleccionado y las caracter\u00edsticas funcionales de la aplicaci\u00f3n y guarda todas las modificaciones.<\/li><li><b>Obt\u00e9n el c\u00f3digo \u00fanico que aparecer\u00e1 en el formulario especial de Elfsight Apps.<\/b><br> Cuando la personalizaci\u00f3n de tu aplicaci\u00f3n est\u00e9 terminada, copia tu c\u00f3digo desde la ventana emergente y gu\u00e1rdalo para su uso posterior.<\/li><li><b>Comienza a usar la aplicaci\u00f3n en tu sitio web de Weebly.<\/b><br> Integra el c\u00f3digo que copiaste previamente en tu sitio web y guarda los ajustes.<\/li><li><b>\u00a1La instalaci\u00f3n se ha completado con \u00e9xito!<\/b><br> Abre tu p\u00e1gina para ver c\u00f3mo funciona la aplicaci\u00f3n.<\/li><\/ol><p>\u00bfTodav\u00eda no est\u00e1s seguro? \u00bfO tienes problemas? Simplemente env\u00eda una solicitud a nuestro departamento de soporte al cliente; ellos resolver\u00e1n cualquier tipo de problema.<\/p><\/div>","protected":false},"excerpt":{"rendered":"","protected":false},"author":18,"featured_media":0,"parent":690,"menu_order":0,"comment_status":"closed","ping_status":"closed","template":"templates\/template-application-platform.php","meta":{"publish_to_discourse":"","publish_post_category":"","wpdc_auto_publish_overridden":"","wpdc_topic_tags":"","wpdc_pin_topic":"","wpdc_pin_until":"","discourse_post_id":"","discourse_permalink":"","wpdc_publishing_response":"","wpdc_publishing_error":"","footnotes":""},"class_list":["post-3410","page","type-page","status-publish","hentry"],"yoast_head":"<!-- This site is optimized with the Yoast SEO plugin v25.3.1 - https:\/\/yoast.com\/wordpress\/plugins\/seo\/ -->\n<title>Cookie Consent - Incluir plugin de Consentimiento de cookies al Weebly<\/title>\n<meta name=\"description\" content=\"Incrusta un app hermoso de Cookie Consent en su p\u00e1gina web de Weebly. Use la demo de Elfsight manejable y cree su plugin propio.\" \/>\n<meta name=\"robots\" content=\"index, follow, max-snippet:-1, max-image-preview:large, max-video-preview:-1\" \/>\n<link rel=\"canonical\" href=\"https:\/\/elfsight.com\/es\/cookie-consent-widget\/weebly\/\" \/>\n<meta property=\"og:locale\" content=\"es_ES\" \/>\n<meta property=\"og:type\" content=\"article\" \/>\n<meta property=\"og:title\" content=\"Cookie Consent - Incluir plugin de Consentimiento de cookies al Weebly\" \/>\n<meta property=\"og:description\" content=\"Incrusta un app hermoso de Cookie Consent en su p\u00e1gina web de Weebly. Use la demo de Elfsight manejable y cree su plugin propio.\" \/>\n<meta property=\"og:url\" content=\"https:\/\/elfsight.com\/es\/cookie-consent-widget\/weebly\/\" \/>\n<meta property=\"og:site_name\" content=\"Elfsight ES\" \/>\n<meta property=\"article:modified_time\" content=\"2025-02-06T15:05:23+00:00\" \/>\n<meta name=\"twitter:card\" content=\"summary_large_image\" \/>\n<meta name=\"twitter:label1\" content=\"Tiempo de lectura\" \/>\n\t<meta name=\"twitter:data1\" content=\"1 minuto\" \/>\n<!-- \/ Yoast SEO plugin. -->","yoast_head_json":{"title":"Cookie Consent - Incluir plugin de Consentimiento de cookies al Weebly","description":"Incrusta un app hermoso de Cookie Consent en su p\u00e1gina web de Weebly. Use la demo de Elfsight manejable y cree su plugin propio.","robots":{"index":"index","follow":"follow","max-snippet":"max-snippet:-1","max-image-preview":"max-image-preview:large","max-video-preview":"max-video-preview:-1"},"canonical":"https:\/\/elfsight.com\/es\/cookie-consent-widget\/weebly\/","og_locale":"es_ES","og_type":"article","og_title":"Cookie Consent - Incluir plugin de Consentimiento de cookies al Weebly","og_description":"Incrusta un app hermoso de Cookie Consent en su p\u00e1gina web de Weebly. Use la demo de Elfsight manejable y cree su plugin propio.","og_url":"https:\/\/elfsight.com\/es\/cookie-consent-widget\/weebly\/","og_site_name":"Elfsight ES","article_modified_time":"2025-02-06T15:05:23+00:00","twitter_card":"summary_large_image","twitter_misc":{"Tiempo de lectura":"1 minuto"},"schema":{"@context":"https:\/\/schema.org","@graph":[{"@type":"WebPage","@id":"https:\/\/elfsight.com\/es\/cookie-consent-widget\/weebly\/","url":"https:\/\/elfsight.com\/es\/cookie-consent-widget\/weebly\/","name":"Cookie Consent - Incluir plugin de Consentimiento de cookies al Weebly","isPartOf":{"@id":"https:\/\/elfsight.com\/es\/#website"},"datePublished":"2022-02-11T12:30:01+00:00","dateModified":"2025-02-06T15:05:23+00:00","description":"Incrusta un app hermoso de Cookie Consent en su p\u00e1gina web de Weebly. Use la demo de Elfsight manejable y cree su plugin propio.","breadcrumb":{"@id":"https:\/\/elfsight.com\/es\/cookie-consent-widget\/weebly\/#breadcrumb"},"inLanguage":"es","potentialAction":[{"@type":"ReadAction","target":["https:\/\/elfsight.com\/es\/cookie-consent-widget\/weebly\/"]}]},{"@type":"BreadcrumbList","@id":"https:\/\/elfsight.com\/es\/cookie-consent-widget\/weebly\/#breadcrumb","itemListElement":[{"@type":"ListItem","position":1,"name":"Home","item":"https:\/\/elfsight.com\/es\/"},{"@type":"ListItem","position":2,"name":"Cookie Consent","item":"https:\/\/elfsight.com\/es\/cookie-consent-widget\/"},{"@type":"ListItem","position":3,"name":"Cookie Consent &#8211; Weebly"}]},{"@type":"WebSite","@id":"https:\/\/elfsight.com\/es\/#website","url":"https:\/\/elfsight.com\/es\/","name":"Elfsight ES","description":"Just another Elfsight Sites site","potentialAction":[{"@type":"SearchAction","target":{"@type":"EntryPoint","urlTemplate":"https:\/\/elfsight.com\/es\/?s={search_term_string}"},"query-input":{"@type":"PropertyValueSpecification","valueRequired":true,"valueName":"search_term_string"}}],"inLanguage":"es"}]}},"meta_box":{"industry":"","seo_heading":"","heading":"","description":"","cta_heading":"","cta_description":"","application":"689","h1":"Complemento de consentimiento de cookies para Weebly","h1_caption":"Diga a los visitantes de su tienda electr\u00f3nica sobre el uso de cookies","application_category":[],"applications_title":"","applications_request_title":"","applications_request_button_text":"","hero_text":"","hero_video":"","hero_video_schema_markup":"","selling_points_title":"","selling_points_caption":"","selling_points":[],"selling_points_cta_text":"","features_title":"","features":"","ed_cta_examples_text":"","ed_cta_examples_hidden":"","ed_cta_demo_text":"","ed_cta_demo_hidden":"","why_caption":"","why_editor_title":"","why_editor_text":"","why_team_title":"","why_team_text":"","why_service_title":"","why_service_text":"","template_catalog_visible":"","template_catalog_title":"","template_catalog_text":"","template_catalog_categories_visible":"","demo_title":"Crea tu aplicaci\u00f3n de consentimiento de cookies","demo_caption":"Configure su Consentimiento de cookies y agr\u00e9guelo a su sitio web Weebly de forma gratuita.","default_faq_hidden":"","app_template_category":[],"platform":"109","template_public_id":"","codecanyon_url":"","codecanyon_item_id":"","codecanyon_price":"","pricing_caption":"","pricing_elfsight_apps_hide_column":"","pricing_elfsight_apps_url":"","pricing_codecanyon_price_caption":"","integration_category":[],"integration_request_title":"","integration_request_cta":"","integration_platform":"","integrations":[],"platform_category":[],"video_schema_markup":"","price":"desde $0 por mes","trial":"","benefits":[{"text":"Instalaci\u00f3n gratuita"},{"text":"Soporte Premium"},{"text":"14 d\u00edas garant\u00eda de reembolso"},{"text":"Actualizaciones regulares"}],"button_url":"#demo","button_target_blank":"0","button_nofollow":"0","attributes":[{"name":"Responsivo","content":"Si","_state":"expanded"},{"name":"Navegadores compatibles","content":"Firefox, Safari, Opera, Chrome, Edge","_state":"expanded"}],"tags":[],"tags_disable_links":"0","hide_more_platforms":"","video_object":"","demo_hide_cta":"0","demo_hide_cloud_options":"0","pricing_title":"","pricing":[{"pricing_icon":"platform","pricing_title":" Elfsight Apps","pricing_title_caption":"Soluci\u00f3n multiplataforma - valido para cualquier p\u00e1gina web","pricing_price":"desde $0 por mes","pricing_price_caption":"empezar con un plan gratuito","pricing_benefits":[{"text":"Sitios web ilimitados"},{"text":"Atenci\u00f3n al cliente gratuita y r\u00e1pida"},{"text":"Servicio de instalaci\u00f3n gratuito"},{"text":"Totalmente personalizable"}],"pricing_button_text":"Agregar al sitio web","pricing_button_url":"#demo","_state":"expanded"}],"related_apps_title":"","related_apps_hidden":"1","author":"","image":[],"title":"","job":"","social_networks":[]},"_links":{"self":[{"href":"https:\/\/elfsight.com\/es\/wp-json\/wp\/v2\/pages\/3410","targetHints":{"allow":["GET"]}}],"collection":[{"href":"https:\/\/elfsight.com\/es\/wp-json\/wp\/v2\/pages"}],"about":[{"href":"https:\/\/elfsight.com\/es\/wp-json\/wp\/v2\/types\/page"}],"author":[{"embeddable":true,"href":"https:\/\/elfsight.com\/es\/wp-json\/wp\/v2\/users\/18"}],"replies":[{"embeddable":true,"href":"https:\/\/elfsight.com\/es\/wp-json\/wp\/v2\/comments?post=3410"}],"version-history":[{"count":3,"href":"https:\/\/elfsight.com\/es\/wp-json\/wp\/v2\/pages\/3410\/revisions"}],"predecessor-version":[{"id":17885,"href":"https:\/\/elfsight.com\/es\/wp-json\/wp\/v2\/pages\/3410\/revisions\/17885"}],"up":[{"embeddable":true,"href":"https:\/\/elfsight.com\/es\/wp-json\/wp\/v2\/pages\/690"}],"wp:attachment":[{"href":"https:\/\/elfsight.com\/es\/wp-json\/wp\/v2\/media?parent=3410"}],"curies":[{"name":"wp","href":"https:\/\/api.w.org\/{rel}","templated":true}]}}