{"id":3409,"date":"2022-02-11T12:30:07","date_gmt":"2022-02-11T12:30:07","guid":{"rendered":"https:\/\/elfsight.com\/es\/?page_id=3409"},"modified":"2025-02-06T15:05:23","modified_gmt":"2025-02-06T15:05:23","slug":"opencart","status":"publish","type":"page","link":"https:\/\/elfsight.com\/es\/contact-form-widget\/opencart\/","title":{"rendered":"Contact Form &#8211; OpenCart"},"content":{"rendered":"<div class=\"application-platform-content-item-description application-platform-content-item\" id=\"description\" data-nav-section=\"description\"><h2>Formulario de contacto para OpenCart<\/h2><p>La extensi\u00f3n de formulario de contacto para OpenCart de Elfsight cubrir\u00e1 todas tus necesidades para recolectar impresiones y consultas de los clientes que usan tu sitio. Inserta los campos esenciales, encuentra la plantilla \u00f3ptima y personaliza el esquema de colores, para motivar a\u00fan m\u00e1s a tus clientes a enviar sus impresiones sobre tus productos o empresa.<\/p><p><b>\u00a1Recoge opiniones, recibe pedidos y responde a los mensajes de los usuarios de tu sitio!<\/b><\/p><ul><li><b>Hasta +100 clientes potenciales<\/b>.<br>Asegura una comunicaci\u00f3n continua con los posibles compradores las 24 horas del d\u00eda mediante un formulario conveniente en tu sitio y atrae m\u00e1s visitantes que est\u00e1n a punto de realizar una compra.<\/li><li><b>Recolecta m\u00e1s reacciones sobre productos o servicios<\/b>.<br>Las reacciones de tus clientes son esenciales para mejorar tu empresa. Gracias a nuestro formulario de contacto f\u00e1cil de usar, \u00a1podr\u00e1s obtener m\u00e1s opiniones de tus visitantes!<\/li><li><b>Mejora la comunicaci\u00f3n con tus clientes<\/b>.<br>Gracias a plantillas f\u00e1ciles de usar, un dise\u00f1o adaptable y notificaciones personalizadas de \u00abGracias\u00bb, puedes demostrar a tus usuarios que los valoras.<\/li><\/ul><\/div><div class=\"application-platform-content-item-features application-platform-content-item\" id=\"features\" data-nav-section=\"features\"><h2>Plugin de formulario de contacto<\/h2><p>\u00bfPor qu\u00e9 el formulario de contacto de Elfsight es la mejor extensi\u00f3n para recibir impresiones de los usuarios y recibir pedidos en OpenCart? Revisa nuestras caracter\u00edsticas clave:<\/p><ul><li>Elige los campos para hacerlos obligatorios;<\/li><li>Establece cualquier ancho de formulario;<\/li><li>5 estilos visuales de campos incluidos: cl\u00e1sico, plano, material, cl\u00e1sico redondeado, plano redondeado;<\/li><li>Establece un texto que aparezca despu\u00e9s de que se env\u00ede el mensaje correctamente;<\/li><li>Funciona y se ve perfectamente en dispositivos m\u00f3viles.<\/li><\/ul><p><a href=\"#demo\">Consulta todas las ventajas en nuestro editor<\/a><\/p><\/div><div class=\"application-platform-content-item-installation application-platform-content-item\" id=\"installation\" data-nav-section=\"installation\"><h2>C\u00f3mo agregar el widget de formulario de contacto a tu sitio de OpenCart<\/h2><p>Sigue estas instrucciones para integrar el widget en OpenCart.<\/p><ol><li><b>Usa nuestro configurador gratuito y comienza a crear tu propio widget.<\/b><br> Especifica el formulario y la funcionalidad que prefieras y aplica las modificaciones.<\/li><li><b>Copiar tu c\u00f3digo personal que aparecer\u00e1 en la ventana de Elfsight Apps.<\/b><br> Una vez que la generaci\u00f3n de tu extensi\u00f3n de formulario de contacto est\u00e9 terminada, copia el c\u00f3digo exclusivo desde la ventana emergente y gu\u00e1rdalo para usarlo m\u00e1s tarde.<\/li><li><b>Comienza a usar el widget en tu sitio de OpenCart.<\/b><br> Agrega el c\u00f3digo que guardaste previamente en tu sitio web y aplica las mejoras.<\/li><li><b>\u00a1Listo! La configuraci\u00f3n ha sido completada exitosamente.<\/b><br> Ve a tu p\u00e1gina para ver c\u00f3mo funciona el widget.<\/li><\/ol><p>\u00bfTienes dificultades al seguir las instrucciones o al configurar tu formulario? Te recomendamos que leas la gu\u00eda completa \u00ab<a href=\"https:\/\/elfsight.com\/tutorials\/how-to-add-contact-form-module-to-opencart\/\" target=\"_blank\" rel=\"noopener noreferrer\">C\u00f3mo agregar el formulario de contacto en un sitio de OpenCart<\/a>\u00bb e intentes instalarlo t\u00fa mismo nuevamente o contactes con nuestro centro de ayuda con una descripci\u00f3n detallada de tu problema, \u00a1y nuestro equipo estar\u00e1 encantado de responder a tus preguntas!<\/p><div class=\"faq\" data-component=\"FAQ\"> <div class=\"faq-item\">\r\n\t\t\t\t\t<div class=\"faq-item-question\">\r\n\t\t\t\t\t\t<h3 class=\"faq-item-question-text\">\u00bfC\u00f3mo puedo agregar el formulario de contacto a mi sitio de OpenCart sin conocimientos de programaci\u00f3n?<\/h3>\r\n\r\n\t\t\t\t\t\t<div class=\"faq-item-question-icon\"><\/div>\r\n\t\t\t\t\t<\/div>\r\n\r\n\t\t\t\t\t<div class=\"faq-item-answer\">\r\n\t\t\t\t\t\t<div class=\"faq-item-answer-text\"><p>Elfsight ofrece una soluci\u00f3n SaaS que te permite crear un widget de formulario de contacto por ti mismo, ve lo f\u00e1cil que es el proceso: Trabaja directamente en el Editor en l\u00ednea para crear un widget de formulario de contacto que te gustar\u00eda ver en tu sitio de OpenCart. Elige una de las plantillas predefinidas y ajusta la configuraci\u00f3n del formulario de contacto, agrega tu contenido, cambia el dise\u00f1o y los colores sin conocimientos de programaci\u00f3n. Guarda el formulario de contacto y copia su c\u00f3digo de instalaci\u00f3n, que puedes pegar f\u00e1cilmente en tu sitio de OpenCart sin necesidad de suscripci\u00f3n de pago. Con nuestro Editor intuitivo, cualquier usuario de internet puede crear un widget de formulario de contacto en l\u00ednea e integrarlo f\u00e1cilmente en su sitio web de OpenCart. No es necesario pagar ni ingresar tus credenciales bancarias para acceder al servicio. Si tienes alg\u00fan problema en cualquier paso, no dudes en ponerte en contacto con nuestro equipo de soporte t\u00e9cnico.<\/p><\/div>\r\n\t\t\t\t\t<\/div>\r\n\t\t\t\t<\/div> <div class=\"faq-item\">\r\n\t\t\t\t\t<div class=\"faq-item-question\">\r\n\t\t\t\t\t\t<h3 class=\"faq-item-question-text\">\u00bfOfrecen plantillas de formulario de contacto para el sitio de OpenCart?<\/h3>\r\n\r\n\t\t\t\t\t\t<div class=\"faq-item-question-icon\"><\/div>\r\n\t\t\t\t\t<\/div>\r\n\r\n\t\t\t\t\t<div class=\"faq-item-answer\">\r\n\t\t\t\t\t\t<div class=\"faq-item-answer-text\"><p>S\u00ed, Elfsight tiene m\u00e1s de 300 plantillas listas para usar para cualquier caso. Echa un vistazo m\u00e1s de cerca a las <a href=\"https:\/\/elfsight.com\/online-form-builder\/templates\/contact-forms\/\">plantillas de formularios de contacto<\/a> y elige la que m\u00e1s te guste.<\/p><\/div>\r\n\t\t\t\t\t<\/div>\r\n\t\t\t\t<\/div><\/div> <\/div>","protected":false},"excerpt":{"rendered":"","protected":false},"author":18,"featured_media":0,"parent":669,"menu_order":0,"comment_status":"closed","ping_status":"closed","template":"templates\/template-application-platform.php","meta":{"publish_to_discourse":"","publish_post_category":"","wpdc_auto_publish_overridden":"","wpdc_topic_tags":"","wpdc_pin_topic":"","wpdc_pin_until":"","discourse_post_id":"","discourse_permalink":"","wpdc_publishing_response":"","wpdc_publishing_error":"","footnotes":""},"class_list":["post-3409","page","type-page","status-publish","hentry"],"yoast_head":"<!-- This site is optimized with the Yoast SEO plugin v25.3.1 - https:\/\/yoast.com\/wordpress\/plugins\/seo\/ -->\n<title>Formulario de Contacto - Incorporar plugin de Forma de Contacto al OpenCart<\/title>\n<meta name=\"description\" content=\"A\u00f1ade un module interactivo de Formulario de Contacto en su sitio web de OpenCart. Pruebe la demo de Elfsight manejable y genere su plugin propio.\" \/>\n<meta name=\"robots\" content=\"index, follow, max-snippet:-1, max-image-preview:large, max-video-preview:-1\" \/>\n<link rel=\"canonical\" href=\"https:\/\/elfsight.com\/es\/contact-form-widget\/opencart\/\" \/>\n<meta property=\"og:locale\" content=\"es_ES\" \/>\n<meta property=\"og:type\" content=\"article\" \/>\n<meta property=\"og:title\" content=\"Formulario de Contacto - Incorporar plugin de Forma de Contacto al OpenCart\" \/>\n<meta property=\"og:description\" content=\"A\u00f1ade un module interactivo de Formulario de Contacto en su sitio web de OpenCart. Pruebe la demo de Elfsight manejable y genere su plugin propio.\" \/>\n<meta property=\"og:url\" content=\"https:\/\/elfsight.com\/es\/contact-form-widget\/opencart\/\" \/>\n<meta property=\"og:site_name\" content=\"Elfsight ES\" \/>\n<meta property=\"article:modified_time\" content=\"2025-02-06T15:05:23+00:00\" \/>\n<meta name=\"twitter:card\" content=\"summary_large_image\" \/>\n<meta name=\"twitter:label1\" content=\"Tiempo de lectura\" \/>\n\t<meta name=\"twitter:data1\" content=\"1 minuto\" \/>\n<!-- \/ Yoast SEO plugin. -->","yoast_head_json":{"title":"Formulario de Contacto - Incorporar plugin de Forma de Contacto al OpenCart","description":"A\u00f1ade un module interactivo de Formulario de Contacto en su sitio web de OpenCart. Pruebe la demo de Elfsight manejable y genere su plugin propio.","robots":{"index":"index","follow":"follow","max-snippet":"max-snippet:-1","max-image-preview":"max-image-preview:large","max-video-preview":"max-video-preview:-1"},"canonical":"https:\/\/elfsight.com\/es\/contact-form-widget\/opencart\/","og_locale":"es_ES","og_type":"article","og_title":"Formulario de Contacto - Incorporar plugin de Forma de Contacto al OpenCart","og_description":"A\u00f1ade un module interactivo de Formulario de Contacto en su sitio web de OpenCart. Pruebe la demo de Elfsight manejable y genere su plugin propio.","og_url":"https:\/\/elfsight.com\/es\/contact-form-widget\/opencart\/","og_site_name":"Elfsight ES","article_modified_time":"2025-02-06T15:05:23+00:00","twitter_card":"summary_large_image","twitter_misc":{"Tiempo de lectura":"1 minuto"},"schema":{"@context":"https:\/\/schema.org","@graph":[{"@type":"WebPage","@id":"https:\/\/elfsight.com\/es\/contact-form-widget\/opencart\/","url":"https:\/\/elfsight.com\/es\/contact-form-widget\/opencart\/","name":"Formulario de Contacto - Incorporar plugin de Forma de Contacto al OpenCart","isPartOf":{"@id":"https:\/\/elfsight.com\/es\/#website"},"datePublished":"2022-02-11T12:30:07+00:00","dateModified":"2025-02-06T15:05:23+00:00","description":"A\u00f1ade un module interactivo de Formulario de Contacto en su sitio web de OpenCart. Pruebe la demo de Elfsight manejable y genere su plugin propio.","breadcrumb":{"@id":"https:\/\/elfsight.com\/es\/contact-form-widget\/opencart\/#breadcrumb"},"inLanguage":"es","potentialAction":[{"@type":"ReadAction","target":["https:\/\/elfsight.com\/es\/contact-form-widget\/opencart\/"]}]},{"@type":"BreadcrumbList","@id":"https:\/\/elfsight.com\/es\/contact-form-widget\/opencart\/#breadcrumb","itemListElement":[{"@type":"ListItem","position":1,"name":"Home","item":"https:\/\/elfsight.com\/es\/"},{"@type":"ListItem","position":2,"name":"Contact Form","item":"https:\/\/elfsight.com\/es\/contact-form-widget\/"},{"@type":"ListItem","position":3,"name":"Contact Form &#8211; OpenCart"}]},{"@type":"WebSite","@id":"https:\/\/elfsight.com\/es\/#website","url":"https:\/\/elfsight.com\/es\/","name":"Elfsight ES","description":"Just another Elfsight Sites site","potentialAction":[{"@type":"SearchAction","target":{"@type":"EntryPoint","urlTemplate":"https:\/\/elfsight.com\/es\/?s={search_term_string}"},"query-input":{"@type":"PropertyValueSpecification","valueRequired":true,"valueName":"search_term_string"}}],"inLanguage":"es"}]}},"meta_box":{"industry":"","seo_heading":"","heading":"","description":"","cta_heading":"","cta_description":"","application":"668","h1":"complemento de Formulario de Contacto para OpenCart","h1_caption":"Cree e incruste f\u00e1cilmente formularios de contacto en su sitio web para fomentar la interacci\u00f3n del usuario y las consultas en su sitio web Opencart sin esfuerzo.","application_category":[],"applications_title":"","applications_request_title":"","applications_request_button_text":"","hero_text":"","hero_video":"","hero_video_schema_markup":"","selling_points_title":"","selling_points_caption":"","selling_points":[],"selling_points_cta_text":"","features_title":"","features":"","ed_cta_examples_text":"","ed_cta_examples_hidden":"","ed_cta_demo_text":"","ed_cta_demo_hidden":"","why_caption":"","why_editor_title":"","why_editor_text":"","why_team_title":"","why_team_text":"","why_service_title":"","why_service_text":"","template_catalog_visible":"","template_catalog_title":"","template_catalog_text":"","template_catalog_categories_visible":"","demo_title":"Crea tu extensi\u00f3n de formulario de contacto","demo_caption":"\u00a1Configure su formulario de contacto y agr\u00e9guelo a su sitio web OpenCart gratis!","default_faq_hidden":"","app_template_category":[],"platform":"88","template_public_id":"","codecanyon_url":"","codecanyon_item_id":"","codecanyon_price":"","pricing_caption":"","pricing_elfsight_apps_hide_column":"","pricing_elfsight_apps_url":"","pricing_codecanyon_price_caption":"","integration_category":[],"integration_request_title":"","integration_request_cta":"","integration_platform":"","integrations":[],"platform_category":[],"video_schema_markup":"","price":"desde $0 por mes","trial":"","benefits":[{"text":"Instalaci\u00f3n gratuita"},{"text":"Soporte Premium"},{"text":"14 d\u00edas garant\u00eda de reembolso"},{"text":"Actualizaciones regulares"}],"button_url":"#demo","button_target_blank":"0","button_nofollow":"0","attributes":[{"name":"Responsivo","content":"Si","_state":"expanded"},{"name":"Navegadores compatibles","content":"Firefox, Safari, Opera, Chrome, Edge","_state":"expanded"}],"tags":[],"tags_disable_links":"0","hide_more_platforms":"","video_object":"","demo_hide_cta":"0","demo_hide_cloud_options":"0","pricing_title":"","pricing":[{"pricing_icon":"platform","pricing_title":" Elfsight Apps","pricing_title_caption":"Soluci\u00f3n multiplataforma - valido para cualquier p\u00e1gina web","pricing_price":"desde $0 por mes","pricing_price_caption":"empezar con un plan gratuito","pricing_benefits":[{"text":"Sitios web ilimitados"},{"text":"Atenci\u00f3n al cliente gratuita y r\u00e1pida"},{"text":"Servicio de instalaci\u00f3n gratuito"},{"text":"Totalmente personalizable"}],"pricing_button_text":"Agregar al sitio web","pricing_button_url":"#demo","_state":"expanded"}],"related_apps_title":"","related_apps_hidden":"1","author":"","image":[],"title":"","job":"","social_networks":[]},"_links":{"self":[{"href":"https:\/\/elfsight.com\/es\/wp-json\/wp\/v2\/pages\/3409","targetHints":{"allow":["GET"]}}],"collection":[{"href":"https:\/\/elfsight.com\/es\/wp-json\/wp\/v2\/pages"}],"about":[{"href":"https:\/\/elfsight.com\/es\/wp-json\/wp\/v2\/types\/page"}],"author":[{"embeddable":true,"href":"https:\/\/elfsight.com\/es\/wp-json\/wp\/v2\/users\/18"}],"replies":[{"embeddable":true,"href":"https:\/\/elfsight.com\/es\/wp-json\/wp\/v2\/comments?post=3409"}],"version-history":[{"count":3,"href":"https:\/\/elfsight.com\/es\/wp-json\/wp\/v2\/pages\/3409\/revisions"}],"predecessor-version":[{"id":17884,"href":"https:\/\/elfsight.com\/es\/wp-json\/wp\/v2\/pages\/3409\/revisions\/17884"}],"up":[{"embeddable":true,"href":"https:\/\/elfsight.com\/es\/wp-json\/wp\/v2\/pages\/669"}],"wp:attachment":[{"href":"https:\/\/elfsight.com\/es\/wp-json\/wp\/v2\/media?parent=3409"}],"curies":[{"name":"wp","href":"https:\/\/api.w.org\/{rel}","templated":true}]}}