{"id":3407,"date":"2022-02-11T12:29:41","date_gmt":"2022-02-11T12:29:41","guid":{"rendered":"https:\/\/elfsight.com\/es\/?page_id=3407"},"modified":"2025-02-06T15:05:30","modified_gmt":"2025-02-06T15:05:30","slug":"woocommerce","status":"publish","type":"page","link":"https:\/\/elfsight.com\/es\/countdown-timer-widget\/woocommerce\/","title":{"rendered":"Countdown Timer &#8211; WooCommerce"},"content":{"rendered":"<div class=\"application-platform-content-item-description application-platform-content-item\" id=\"description\" data-nav-section=\"description\"> <h2>Descripci\u00f3n<\/h2><p>Muestra contadores de cuenta regresiva que atraigan ventas para tu sitio con Elfsight Countdown Clock. Crea ambiente y genera una sensaci\u00f3n de escasez de tus productos, mostrando lo r\u00e1pido que se venden frente a los ojos de los usuarios. Aumenta la urgencia de compra con el tiempo disminuyendo hasta el final del periodo de oferta especial. Llama la atenci\u00f3n sobre tus pr\u00f3ximos eventos o vacaciones y mant\u00e9n a tus clientes esperando ansiosos con un contador regresivo.<\/p><p><b>\u00a1Integra el plugin Countdown Clock para llevar tus picos de ecommerce con menos esfuerzo!<\/b><\/p><\/div> <div class=\"application-platform-content-item-features application-platform-content-item\" id=\"features\" data-nav-section=\"features\"><h2>Las caracter\u00edsticas centrales del widget incluyen<\/h2><ul><li>Contador ascendente y descendente;<\/li><li>Opci\u00f3n de mostrar un mensaje antes del temporizador;<\/li><li>Texto editable del mensaje de fin del temporizador;<\/li><li>5 temas para las festividades m\u00e1s populares;<\/li><li>Opci\u00f3n de configurar el tama\u00f1o de fuente del mensaje.<\/li><\/ul><p><a href=\"#demo\">Puedes ver lo que vale el widget con la ayuda de la demo<\/a><\/p><\/div><div class=\"application-platform-content-item-installation application-platform-content-item\" id=\"installation\" data-nav-section=\"installation\"><h2>\u00bfC\u00f3mo puedo integrar el Countdown Timer en mi sitio WooCommerce?<\/h2><p>Simplemente sigue las instrucciones a continuaci\u00f3n para agregar la herramienta.<\/p><ol><li><b>Gestionando nuestra demo gratuita, empieza a crear tu herramienta personalizada.<\/b><br>Especifica el dise\u00f1o y las caracter\u00edsticas personalizadas del plugin y aplica las modificaciones.<\/li><li><b>Obt\u00e9n tu c\u00f3digo personal en la ventana de Elfsight Apps.<\/b><br>Cuando hayas terminado de configurar tu herramienta, copia el c\u00f3digo exclusivo que aparecer\u00e1 en la ventana y gu\u00e1rdalo para m\u00e1s tarde.<\/li><li><b>Empieza a usar el plugin Countdown en tu sitio WooCommerce.<\/b><br>Ingresa el c\u00f3digo que guardaste recientemente en tu p\u00e1gina de inicio y aplica los cambios.<\/li><li><b>\u00a1Listo! La integraci\u00f3n se ha realizado con \u00e9xito.<\/b><br>Visita tu p\u00e1gina web para ver c\u00f3mo funciona el plugin.<\/li><\/ol><p>Si tienes alguna pregunta o te encuentras con alg\u00fan problema, no dudes en ponerte en contacto con nuestro equipo de servicio al cliente. Nuestros consultores estar\u00e1n encantados de resolver todas las preguntas que puedas tener sobre la herramienta.<\/p><\/div><div class=\"faq\" data-component=\"FAQ\"><div class=\"faq-item\">\r\n\t\t\t\t\t<div class=\"faq-item-question\">\r\n\t\t\t\t\t\t<h3 class=\"faq-item-question-text\">\u00bfC\u00f3mo agrego un Countdown Timer a mi WooCommerce?<\/h3>\r\n\r\n\t\t\t\t\t\t<div class=\"faq-item-question-icon\"><\/div>\r\n\t\t\t\t\t<\/div>\r\n\r\n\t\t\t\t\t<div class=\"faq-item-answer\">\r\n\t\t\t\t\t\t<div class=\"faq-item-answer-text\"><p>La creaci\u00f3n del widget se realiza dentro del servicio de Elfsight y no es necesario programar. Usa la demo en vivo para construir tu plugin personal, obtener el c\u00f3digo e integrarlo en tu sitio.<\/p><\/div>\r\n\t\t\t\t\t<\/div>\r\n\t\t\t\t<\/div><div class=\"faq-item\">\r\n\t\t\t\t\t<div class=\"faq-item-question\">\r\n\t\t\t\t\t\t<h3 class=\"faq-item-question-text\">\u00bfCu\u00e1les son las mejores maneras de usar la integraci\u00f3n de temporizadores en l\u00ednea?<\/h3>\r\n\r\n\t\t\t\t\t\t<div class=\"faq-item-question-icon\"><\/div>\r\n\t\t\t\t\t<\/div>\r\n\r\n\t\t\t\t\t<div class=\"faq-item-answer\">\r\n\t\t\t\t\t\t<div class=\"faq-item-answer-text\"><p>Tenemos muchas opciones de personalizaci\u00f3n: widgets de longitud completa para implementar en la zona de contenido, widgets flotantes para la funci\u00f3n de desplazamiento, dise\u00f1os para el pie de p\u00e1gina, la cabecera y todo tipo de oportunidades verticales para barras laterales y men\u00fas.<\/p><\/div>\r\n\t\t\t\t\t<\/div>\r\n\t\t\t\t<\/div><div class=\"faq-item\">\r\n\t\t\t\t\t<div class=\"faq-item-question\">\r\n\t\t\t\t\t\t<h3 class=\"faq-item-question-text\">\u00bfPuedo crear un contador de 'Pr\u00f3ximamente' o de confianza usando el editor?<\/h3>\r\n\r\n\t\t\t\t\t\t<div class=\"faq-item-question-icon\"><\/div>\r\n\t\t\t\t\t<\/div>\r\n\r\n\t\t\t\t\t<div class=\"faq-item-answer\">\r\n\t\t\t\t\t\t<div class=\"faq-item-answer-text\"><p>Puedes crear cualquier modificaci\u00f3n en los widgets. Hay muchos dise\u00f1os disponibles en el editor, y todos pueden personalizarse r\u00e1pidamente seg\u00fan lo que necesites.<\/p><\/div>\r\n\t\t\t\t\t<\/div>\r\n\t\t\t\t<\/div><\/div>","protected":false},"excerpt":{"rendered":"","protected":false},"author":18,"featured_media":0,"parent":1357,"menu_order":0,"comment_status":"closed","ping_status":"closed","template":"templates\/template-application-platform.php","meta":{"publish_to_discourse":"","publish_post_category":"","wpdc_auto_publish_overridden":"","wpdc_topic_tags":"","wpdc_pin_topic":"","wpdc_pin_until":"","discourse_post_id":"","discourse_permalink":"","wpdc_publishing_response":"","wpdc_publishing_error":"","footnotes":""},"class_list":["post-3407","page","type-page","status-publish","hentry"],"yoast_head":"<!-- This site is optimized with the Yoast SEO plugin v25.3.1 - https:\/\/yoast.com\/wordpress\/plugins\/seo\/ -->\n<title>Cuenta Regresiva - Embeber plugin de Cuenta Atr\u00e1s al WooCommerce<\/title>\n<meta name=\"description\" content=\"Instala un widget atractivo de Cuenta Regresiva en su p\u00e1gina web de WooCommerce. Pruebe la demo de Elfsight intuitiva y cree su plugin \u00fanico.\" \/>\n<meta name=\"robots\" content=\"index, follow, max-snippet:-1, max-image-preview:large, max-video-preview:-1\" \/>\n<link rel=\"canonical\" href=\"https:\/\/elfsight.com\/es\/countdown-timer-widget\/woocommerce\/\" \/>\n<meta property=\"og:locale\" content=\"es_ES\" \/>\n<meta property=\"og:type\" content=\"article\" \/>\n<meta property=\"og:title\" content=\"Cuenta Regresiva - Embeber plugin de Cuenta Atr\u00e1s al WooCommerce\" \/>\n<meta property=\"og:description\" content=\"Instala un widget atractivo de Cuenta Regresiva en su p\u00e1gina web de WooCommerce. Pruebe la demo de Elfsight intuitiva y cree su plugin \u00fanico.\" \/>\n<meta property=\"og:url\" content=\"https:\/\/elfsight.com\/es\/countdown-timer-widget\/woocommerce\/\" \/>\n<meta property=\"og:site_name\" content=\"Elfsight ES\" \/>\n<meta property=\"article:modified_time\" content=\"2025-02-06T15:05:30+00:00\" \/>\n<meta name=\"twitter:card\" content=\"summary_large_image\" \/>\n<meta name=\"twitter:label1\" content=\"Tiempo de lectura\" \/>\n\t<meta name=\"twitter:data1\" content=\"1 minuto\" \/>\n<!-- \/ Yoast SEO plugin. -->","yoast_head_json":{"title":"Cuenta Regresiva - Embeber plugin de Cuenta Atr\u00e1s al WooCommerce","description":"Instala un widget atractivo de Cuenta Regresiva en su p\u00e1gina web de WooCommerce. Pruebe la demo de Elfsight intuitiva y cree su plugin \u00fanico.","robots":{"index":"index","follow":"follow","max-snippet":"max-snippet:-1","max-image-preview":"max-image-preview:large","max-video-preview":"max-video-preview:-1"},"canonical":"https:\/\/elfsight.com\/es\/countdown-timer-widget\/woocommerce\/","og_locale":"es_ES","og_type":"article","og_title":"Cuenta Regresiva - Embeber plugin de Cuenta Atr\u00e1s al WooCommerce","og_description":"Instala un widget atractivo de Cuenta Regresiva en su p\u00e1gina web de WooCommerce. Pruebe la demo de Elfsight intuitiva y cree su plugin \u00fanico.","og_url":"https:\/\/elfsight.com\/es\/countdown-timer-widget\/woocommerce\/","og_site_name":"Elfsight ES","article_modified_time":"2025-02-06T15:05:30+00:00","twitter_card":"summary_large_image","twitter_misc":{"Tiempo de lectura":"1 minuto"},"schema":{"@context":"https:\/\/schema.org","@graph":[{"@type":"WebPage","@id":"https:\/\/elfsight.com\/es\/countdown-timer-widget\/woocommerce\/","url":"https:\/\/elfsight.com\/es\/countdown-timer-widget\/woocommerce\/","name":"Cuenta Regresiva - Embeber plugin de Cuenta Atr\u00e1s al WooCommerce","isPartOf":{"@id":"https:\/\/elfsight.com\/es\/#website"},"datePublished":"2022-02-11T12:29:41+00:00","dateModified":"2025-02-06T15:05:30+00:00","description":"Instala un widget atractivo de Cuenta Regresiva en su p\u00e1gina web de WooCommerce. Pruebe la demo de Elfsight intuitiva y cree su plugin \u00fanico.","breadcrumb":{"@id":"https:\/\/elfsight.com\/es\/countdown-timer-widget\/woocommerce\/#breadcrumb"},"inLanguage":"es","potentialAction":[{"@type":"ReadAction","target":["https:\/\/elfsight.com\/es\/countdown-timer-widget\/woocommerce\/"]}]},{"@type":"BreadcrumbList","@id":"https:\/\/elfsight.com\/es\/countdown-timer-widget\/woocommerce\/#breadcrumb","itemListElement":[{"@type":"ListItem","position":1,"name":"Home","item":"https:\/\/elfsight.com\/es\/"},{"@type":"ListItem","position":2,"name":"Countdown Timer","item":"https:\/\/elfsight.com\/es\/countdown-timer-widget\/"},{"@type":"ListItem","position":3,"name":"Countdown Timer &#8211; WooCommerce"}]},{"@type":"WebSite","@id":"https:\/\/elfsight.com\/es\/#website","url":"https:\/\/elfsight.com\/es\/","name":"Elfsight ES","description":"Just another Elfsight Sites site","potentialAction":[{"@type":"SearchAction","target":{"@type":"EntryPoint","urlTemplate":"https:\/\/elfsight.com\/es\/?s={search_term_string}"},"query-input":{"@type":"PropertyValueSpecification","valueRequired":true,"valueName":"search_term_string"}}],"inLanguage":"es"}]}},"meta_box":{"industry":"","seo_heading":"","heading":"","description":"","cta_heading":"","cta_description":"","application":"1356","h1":"complemento de Cuenta Regresiva para WooCommerce","h1_caption":"Establezca contadores, temporizadores y cuentas atr\u00e1s para dar una sensaci\u00f3n de urgencia y escasez, y para aumentar las compras","application_category":[],"applications_title":"","applications_request_title":"","applications_request_button_text":"","hero_text":"","hero_video":"","hero_video_schema_markup":"","selling_points_title":"","selling_points_caption":"","selling_points":[],"selling_points_cta_text":"","features_title":"","features":"","ed_cta_examples_text":"","ed_cta_examples_hidden":"","ed_cta_demo_text":"","ed_cta_demo_hidden":"","why_caption":"","why_editor_title":"","why_editor_text":"","why_team_title":"","why_team_text":"","why_service_title":"","why_service_text":"","template_catalog_visible":"","template_catalog_title":"","template_catalog_text":"","template_catalog_categories_visible":"","demo_title":"Crea tu aplicaci\u00f3n de temporizador de cuenta regresiva","demo_caption":"\u00a1Configure su temporizador de cuenta regresiva y agr\u00e9guelo a su sitio web WooCommerce gratis!","default_faq_hidden":"","app_template_category":[],"platform":"2311","template_public_id":"","codecanyon_url":"","codecanyon_item_id":"","codecanyon_price":"","pricing_caption":"","pricing_elfsight_apps_hide_column":"","pricing_elfsight_apps_url":"","pricing_codecanyon_price_caption":"","integration_category":[],"integration_request_title":"","integration_request_cta":"","integration_platform":"","integrations":[],"platform_category":[],"video_schema_markup":"","price":"desde $0 por mes","trial":"","benefits":[{"text":"Instalaci\u00f3n gratuita"},{"text":"Soporte Premium"},{"text":"14 d\u00edas garant\u00eda de reembolso"},{"text":"Actualizaciones regulares"}],"button_url":"#demo","button_target_blank":"0","button_nofollow":"0","attributes":[{"name":"Responsivo","content":"Si","_state":"expanded"},{"name":"Navegadores compatibles","content":"Firefox, Safari, Opera, Chrome, Edge","_state":"expanded"}],"tags":[],"tags_disable_links":"0","hide_more_platforms":"","video_object":"","demo_hide_cta":"0","demo_hide_cloud_options":"0","pricing_title":"","pricing":[{"pricing_icon":"platform","pricing_title":" Elfsight Apps","pricing_title_caption":"Soluci\u00f3n multiplataforma - valido para cualquier p\u00e1gina web","pricing_price":"desde $0 por mes","pricing_price_caption":"empezar con un plan gratuito","pricing_benefits":[{"text":"Sitios web ilimitados"},{"text":"Atenci\u00f3n al cliente gratuita y r\u00e1pida"},{"text":"Servicio de instalaci\u00f3n gratuito"},{"text":"Totalmente personalizable"}],"pricing_button_text":"Agregar al sitio web","pricing_button_url":"#demo","_state":"expanded"}],"related_apps_title":"","related_apps_hidden":"1","author":"","image":[],"title":"","job":"","social_networks":[]},"_links":{"self":[{"href":"https:\/\/elfsight.com\/es\/wp-json\/wp\/v2\/pages\/3407","targetHints":{"allow":["GET"]}}],"collection":[{"href":"https:\/\/elfsight.com\/es\/wp-json\/wp\/v2\/pages"}],"about":[{"href":"https:\/\/elfsight.com\/es\/wp-json\/wp\/v2\/types\/page"}],"author":[{"embeddable":true,"href":"https:\/\/elfsight.com\/es\/wp-json\/wp\/v2\/users\/18"}],"replies":[{"embeddable":true,"href":"https:\/\/elfsight.com\/es\/wp-json\/wp\/v2\/comments?post=3407"}],"version-history":[{"count":3,"href":"https:\/\/elfsight.com\/es\/wp-json\/wp\/v2\/pages\/3407\/revisions"}],"predecessor-version":[{"id":17888,"href":"https:\/\/elfsight.com\/es\/wp-json\/wp\/v2\/pages\/3407\/revisions\/17888"}],"up":[{"embeddable":true,"href":"https:\/\/elfsight.com\/es\/wp-json\/wp\/v2\/pages\/1357"}],"wp:attachment":[{"href":"https:\/\/elfsight.com\/es\/wp-json\/wp\/v2\/media?parent=3407"}],"curies":[{"name":"wp","href":"https:\/\/api.w.org\/{rel}","templated":true}]}}