{"id":3404,"date":"2022-02-11T12:30:10","date_gmt":"2022-02-11T12:30:10","guid":{"rendered":"https:\/\/elfsight.com\/es\/?page_id=3404"},"modified":"2025-02-06T15:05:23","modified_gmt":"2025-02-06T15:05:23","slug":"webnode","status":"publish","type":"page","link":"https:\/\/elfsight.com\/es\/cookie-consent-widget\/webnode\/","title":{"rendered":"Cookie Consent &#8211; Webnode"},"content":{"rendered":"<div class=\"application-platform-content-item-description application-platform-content-item\" id=\"description\" data-nav-section=\"description\"><h2>Descripci\u00f3n<\/h2><p>Con el widget de cookies de Elfsight, es ahora mucho m\u00e1s f\u00e1cil anunciar a los visitantes que tu sitio utiliza cookies, a trav\u00e9s de una ventana emergente limpia. El widget te permite escribir tu mensaje, agregar un enlace a la pol\u00edtica de uso del sitio y mostrar botones activos para obtener la aprobaci\u00f3n de los usuarios. Puedes elegir mostrar la notificaci\u00f3n como una barra o un cuadro y seleccionar la posici\u00f3n en la p\u00e1gina. Adem\u00e1s, la opci\u00f3n de elegir colores personalizados te ayudar\u00e1 a hacer que se integre bien con el estilo de tu sitio.<\/p><div class=\"faq\" data-component=\"FAQ\"><div class=\"faq-item\">\r\n\t\t\t\t\t<div class=\"faq-item-question\">\r\n\t\t\t\t\t\t<h3 class=\"faq-item-question-text\">\u00bfD\u00f3nde puedo insertar este plugin?<\/h3>\r\n\r\n\t\t\t\t\t\t<div class=\"faq-item-question-icon\"><\/div>\r\n\t\t\t\t\t<\/div>\r\n\r\n\t\t\t\t\t<div class=\"faq-item-answer\">\r\n\t\t\t\t\t\t<div class=\"faq-item-answer-text\"><p>Es f\u00e1cil colocar el anuncio en cualquiera de las p\u00e1ginas de tu sitio o en todas ellas, dependiendo de d\u00f3nde lo necesites. Cuando un usuario ingrese a la p\u00e1gina, la notificaci\u00f3n aparecer\u00e1 inmediatamente.<\/p><\/div>\r\n\t\t\t\t\t<\/div>\r\n\t\t\t\t<\/div><div class=\"faq-item\">\r\n\t\t\t\t\t<div class=\"faq-item-question\">\r\n\t\t\t\t\t\t<h3 class=\"faq-item-question-text\">\u00bfC\u00f3mo me beneficio del widget?<\/h3>\r\n\r\n\t\t\t\t\t\t<div class=\"faq-item-question-icon\"><\/div>\r\n\t\t\t\t\t<\/div>\r\n\r\n\t\t\t\t\t<div class=\"faq-item-answer\">\r\n\t\t\t\t\t\t<div class=\"faq-item-answer-text\"><p>Elfsight Cookie Consent te ayudar\u00e1 a organizar un anuncio instant\u00e1neo de cookies sin necesidad de codificaci\u00f3n y de manera r\u00e1pida. Incluye los idiomas europeos m\u00e1s populares para asegurar una experiencia c\u00f3moda para los usuarios del sitio web.<\/p><\/div>\r\n\t\t\t\t\t<\/div>\r\n\t\t\t\t<\/div><div class=\"faq-item\">\r\n\t\t\t\t\t<div class=\"faq-item-question\">\r\n\t\t\t\t\t\t<h3 class=\"faq-item-question-text\">\u00bfC\u00f3mo insertar Cookie Consent en mi sitio web de Webnode?<\/h3>\r\n\r\n\t\t\t\t\t\t<div class=\"faq-item-question-icon\"><\/div>\r\n\t\t\t\t\t<\/div>\r\n\r\n\t\t\t\t\t<div class=\"faq-item-answer\">\r\n\t\t\t\t\t\t<div class=\"faq-item-answer-text\"><p>Solo toma un minuto configurar el widget. Insertarlo es s\u00faper r\u00e1pido, gratuito y sin necesidad de codificaci\u00f3n.<\/p><p>Hay una opci\u00f3n para colocar Cookie Consent en tu sitio directamente a trav\u00e9s de nuestro servicio. Solo sigue los pasos de las instrucciones que encontrar\u00e1s en esta p\u00e1gina.<\/p><\/div>\r\n\t\t\t\t\t<\/div>\r\n\t\t\t\t<\/div><\/div><\/div><div class=\"application-platform-content-item-features application-platform-content-item\" id=\"features\" data-nav-section=\"features\"><h2>Caracter\u00edsticas<\/h2><p>Para entender claramente el widget, consulta la lista de sus funciones esenciales. Estas funciones ayudan a hacerlo m\u00e1s efectivo para tu negocio:<\/p><ul><li>Crear solo una notificaci\u00f3n o solicitar el consentimiento;<\/li><li>Ingresar un texto personalizado para la notificaci\u00f3n con opciones de formato y enlaces;<\/li><li>Mostrar u ocultar un enlace activo a la pol\u00edtica de cookies con una etiqueta personalizada;<\/li><li>La opci\u00f3n de elegir el tipo de dise\u00f1o de la notificaci\u00f3n, como barra o cuadro;<\/li><li>Elegir un color personalizado para los botones y el enlace.<\/li><\/ul><p><a href=\"#demo\">La demostraci\u00f3n en vivo te mostrar\u00e1 m\u00e1s caracter\u00edsticas<\/a><\/p><\/div><div class=\"application-platform-content-item-installation application-platform-content-item\" id=\"installation\" data-nav-section=\"installation\"><h2>C\u00f3mo configurar el widget de Cookie Consent en tu sitio Webnode<\/h2><p>Estos son los pocos pasos que necesitas seguir:<\/p><ol><li><b>Dise\u00f1a tu propio plugin de cookies<\/b><br> Usando nuestra demostraci\u00f3n gratuita, genera un plugin con el dise\u00f1o y funcionalidad que prefieras.<\/li><li><b>Obt\u00e9n el c\u00f3digo personal para publicar el plugin<\/b><br> Despu\u00e9s de generar tu widget, recibir\u00e1s tu c\u00f3digo personal en la notificaci\u00f3n emergente de Elfsight Apps. Copia este c\u00f3digo para su uso futuro.<\/li><li><b>Inserta el plugin en tu sitio Webnode<\/b><br> Elige el lugar donde deseas mostrar el plugin y agrega el c\u00f3digo copiado. Publica los cambios.<\/li><li><b>\u00a1La configuraci\u00f3n ha sido exitosa!<\/b><br> Visita el sitio para ver c\u00f3mo funciona tu plugin.<\/li><\/ol><p>\u00bfA\u00fan no puedes decidir? \u00bfO te has topado con alg\u00fan problema? Simplemente env\u00eda una solicitud a nuestro departamento de soporte al cliente, ellos te ayudar\u00e1n a resolver cualquier inconveniente.<\/p><\/div>","protected":false},"excerpt":{"rendered":"","protected":false},"author":18,"featured_media":0,"parent":690,"menu_order":0,"comment_status":"closed","ping_status":"closed","template":"templates\/template-application-platform.php","meta":{"publish_to_discourse":"","publish_post_category":"","wpdc_auto_publish_overridden":"","wpdc_topic_tags":"","wpdc_pin_topic":"","wpdc_pin_until":"","discourse_post_id":"","discourse_permalink":"","wpdc_publishing_response":"","wpdc_publishing_error":"","footnotes":""},"class_list":["post-3404","page","type-page","status-publish","hentry"],"yoast_head":"<!-- This site is optimized with the Yoast SEO plugin v25.3.1 - https:\/\/yoast.com\/wordpress\/plugins\/seo\/ -->\n<title>Cookie Consent - Agregar plugin de Consentimiento de cookies al Webnode<\/title>\n<meta name=\"description\" content=\"Instala un widget hermoso de Cookie Consent en su sitio web de Webnode. Pruebe la demo de Elfsight intuitiva y construe su plugin propio.\" \/>\n<meta name=\"robots\" content=\"index, follow, max-snippet:-1, max-image-preview:large, max-video-preview:-1\" \/>\n<link rel=\"canonical\" href=\"https:\/\/elfsight.com\/es\/cookie-consent-widget\/webnode\/\" \/>\n<meta property=\"og:locale\" content=\"es_ES\" \/>\n<meta property=\"og:type\" content=\"article\" \/>\n<meta property=\"og:title\" content=\"Cookie Consent - Agregar plugin de Consentimiento de cookies al Webnode\" \/>\n<meta property=\"og:description\" content=\"Instala un widget hermoso de Cookie Consent en su sitio web de Webnode. Pruebe la demo de Elfsight intuitiva y construe su plugin propio.\" \/>\n<meta property=\"og:url\" content=\"https:\/\/elfsight.com\/es\/cookie-consent-widget\/webnode\/\" \/>\n<meta property=\"og:site_name\" content=\"Elfsight ES\" \/>\n<meta property=\"article:modified_time\" content=\"2025-02-06T15:05:23+00:00\" \/>\n<meta name=\"twitter:card\" content=\"summary_large_image\" \/>\n<meta name=\"twitter:label1\" content=\"Tiempo de lectura\" \/>\n\t<meta name=\"twitter:data1\" content=\"1 minuto\" \/>\n<!-- \/ Yoast SEO plugin. -->","yoast_head_json":{"title":"Cookie Consent - Agregar plugin de Consentimiento de cookies al Webnode","description":"Instala un widget hermoso de Cookie Consent en su sitio web de Webnode. Pruebe la demo de Elfsight intuitiva y construe su plugin propio.","robots":{"index":"index","follow":"follow","max-snippet":"max-snippet:-1","max-image-preview":"max-image-preview:large","max-video-preview":"max-video-preview:-1"},"canonical":"https:\/\/elfsight.com\/es\/cookie-consent-widget\/webnode\/","og_locale":"es_ES","og_type":"article","og_title":"Cookie Consent - Agregar plugin de Consentimiento de cookies al Webnode","og_description":"Instala un widget hermoso de Cookie Consent en su sitio web de Webnode. Pruebe la demo de Elfsight intuitiva y construe su plugin propio.","og_url":"https:\/\/elfsight.com\/es\/cookie-consent-widget\/webnode\/","og_site_name":"Elfsight ES","article_modified_time":"2025-02-06T15:05:23+00:00","twitter_card":"summary_large_image","twitter_misc":{"Tiempo de lectura":"1 minuto"},"schema":{"@context":"https:\/\/schema.org","@graph":[{"@type":"WebPage","@id":"https:\/\/elfsight.com\/es\/cookie-consent-widget\/webnode\/","url":"https:\/\/elfsight.com\/es\/cookie-consent-widget\/webnode\/","name":"Cookie Consent - Agregar plugin de Consentimiento de cookies al Webnode","isPartOf":{"@id":"https:\/\/elfsight.com\/es\/#website"},"datePublished":"2022-02-11T12:30:10+00:00","dateModified":"2025-02-06T15:05:23+00:00","description":"Instala un widget hermoso de Cookie Consent en su sitio web de Webnode. Pruebe la demo de Elfsight intuitiva y construe su plugin propio.","breadcrumb":{"@id":"https:\/\/elfsight.com\/es\/cookie-consent-widget\/webnode\/#breadcrumb"},"inLanguage":"es","potentialAction":[{"@type":"ReadAction","target":["https:\/\/elfsight.com\/es\/cookie-consent-widget\/webnode\/"]}]},{"@type":"BreadcrumbList","@id":"https:\/\/elfsight.com\/es\/cookie-consent-widget\/webnode\/#breadcrumb","itemListElement":[{"@type":"ListItem","position":1,"name":"Home","item":"https:\/\/elfsight.com\/es\/"},{"@type":"ListItem","position":2,"name":"Cookie Consent","item":"https:\/\/elfsight.com\/es\/cookie-consent-widget\/"},{"@type":"ListItem","position":3,"name":"Cookie Consent &#8211; Webnode"}]},{"@type":"WebSite","@id":"https:\/\/elfsight.com\/es\/#website","url":"https:\/\/elfsight.com\/es\/","name":"Elfsight ES","description":"Just another Elfsight Sites site","potentialAction":[{"@type":"SearchAction","target":{"@type":"EntryPoint","urlTemplate":"https:\/\/elfsight.com\/es\/?s={search_term_string}"},"query-input":{"@type":"PropertyValueSpecification","valueRequired":true,"valueName":"search_term_string"}}],"inLanguage":"es"}]}},"meta_box":{"industry":"","seo_heading":"","heading":"","description":"","cta_heading":"","cta_description":"","application":"689","h1":"Complemento de consentimiento de cookies para Webnode","h1_caption":"Advierte a los visitantes de su sitio sobre el uso de cookies","application_category":[],"applications_title":"","applications_request_title":"","applications_request_button_text":"","hero_text":"","hero_video":"","hero_video_schema_markup":"","selling_points_title":"","selling_points_caption":"","selling_points":[],"selling_points_cta_text":"","features_title":"","features":"","ed_cta_examples_text":"","ed_cta_examples_hidden":"","ed_cta_demo_text":"","ed_cta_demo_hidden":"","why_caption":"","why_editor_title":"","why_editor_text":"","why_team_title":"","why_team_text":"","why_service_title":"","why_service_text":"","template_catalog_visible":"","template_catalog_title":"","template_catalog_text":"","template_catalog_categories_visible":"","demo_title":"Crea tu widget de consentimiento de cookies","demo_caption":"\u00a1Configura tu Consentimiento de Cookies y agr\u00e9galo a tu sitio web Webnode gratis!","default_faq_hidden":"","app_template_category":[],"platform":"2302","template_public_id":"","codecanyon_url":"","codecanyon_item_id":"","codecanyon_price":"","pricing_caption":"","pricing_elfsight_apps_hide_column":"","pricing_elfsight_apps_url":"","pricing_codecanyon_price_caption":"","integration_category":[],"integration_request_title":"","integration_request_cta":"","integration_platform":"","integrations":[],"platform_category":[],"video_schema_markup":"","price":"desde $0 por mes","trial":"","benefits":[{"text":"Instalaci\u00f3n gratuita"},{"text":"Soporte Premium"},{"text":"14 d\u00edas garant\u00eda de reembolso"},{"text":"Actualizaciones regulares"}],"button_url":"#demo","button_target_blank":"0","button_nofollow":"0","attributes":[{"name":"Responsivo","content":"Si","_state":"expanded"},{"name":"Navegadores compatibles","content":"Firefox, Safari, Opera, Chrome, Edge","_state":"expanded"}],"tags":[],"tags_disable_links":"0","hide_more_platforms":"","video_object":"","demo_hide_cta":"0","demo_hide_cloud_options":"0","pricing_title":"","pricing":[{"pricing_icon":"platform","pricing_title":" Elfsight Apps","pricing_title_caption":"Soluci\u00f3n multiplataforma - valido para cualquier p\u00e1gina web","pricing_price":"desde $0 por mes","pricing_price_caption":"empezar con un plan gratuito","pricing_benefits":[{"text":"Sitios web ilimitados"},{"text":"Atenci\u00f3n al cliente gratuita y r\u00e1pida"},{"text":"Servicio de instalaci\u00f3n gratuito"},{"text":"Totalmente personalizable"}],"pricing_button_text":"Agregar al sitio web","pricing_button_url":"#demo","_state":"expanded"}],"related_apps_title":"","related_apps_hidden":"1","author":"","image":[],"title":"","job":"","social_networks":[]},"_links":{"self":[{"href":"https:\/\/elfsight.com\/es\/wp-json\/wp\/v2\/pages\/3404","targetHints":{"allow":["GET"]}}],"collection":[{"href":"https:\/\/elfsight.com\/es\/wp-json\/wp\/v2\/pages"}],"about":[{"href":"https:\/\/elfsight.com\/es\/wp-json\/wp\/v2\/types\/page"}],"author":[{"embeddable":true,"href":"https:\/\/elfsight.com\/es\/wp-json\/wp\/v2\/users\/18"}],"replies":[{"embeddable":true,"href":"https:\/\/elfsight.com\/es\/wp-json\/wp\/v2\/comments?post=3404"}],"version-history":[{"count":3,"href":"https:\/\/elfsight.com\/es\/wp-json\/wp\/v2\/pages\/3404\/revisions"}],"predecessor-version":[{"id":17883,"href":"https:\/\/elfsight.com\/es\/wp-json\/wp\/v2\/pages\/3404\/revisions\/17883"}],"up":[{"embeddable":true,"href":"https:\/\/elfsight.com\/es\/wp-json\/wp\/v2\/pages\/690"}],"wp:attachment":[{"href":"https:\/\/elfsight.com\/es\/wp-json\/wp\/v2\/media?parent=3404"}],"curies":[{"name":"wp","href":"https:\/\/api.w.org\/{rel}","templated":true}]}}