{"id":3398,"date":"2022-02-11T12:30:27","date_gmt":"2022-02-11T12:30:27","guid":{"rendered":"https:\/\/elfsight.com\/es\/?page_id=3398"},"modified":"2025-12-18T16:11:39","modified_gmt":"2025-12-18T16:11:39","slug":"webflow","status":"publish","type":"page","link":"https:\/\/elfsight.com\/es\/cookie-consent-widget\/webflow\/","title":{"rendered":"Cookie Consent &#8211; Webflow"},"content":{"rendered":"<div class=\"application-platform-content-item-description application-platform-content-item\" id=\"description\" data-nav-section=\"description\"><h2>Incorporar el consentimiento de cookies en Webflow con el widget de Elfsight<\/h2><p>Con el widget de cookies de Elfsight, ser\u00e1 absolutamente f\u00e1cil notificar a tu audiencia que tu sitio utiliza cookies a trav\u00e9s de una barra emergente agradable. El widget te permite mostrar tu mensaje, agregar un enlace a los t\u00e9rminos y condiciones del sitio web, y mostrar botones activos para obtener la aprobaci\u00f3n de los visitantes. Puedes elegir organizar la notificaci\u00f3n en forma de barra o de cuadro responsivo y asignar cualquier posici\u00f3n dentro de la p\u00e1gina. Adem\u00e1s, la opci\u00f3n de pintar los elementos de la interfaz te ayuda a hacer que el widget se vea equilibrado y se ajuste al estilo general.<\/p> <div class=\"faq\" data-component=\"FAQ\"><div class=\"faq-item\">\r\n\t\t\t\t\t<div class=\"faq-item-question\">\r\n\t\t\t\t\t\t<h3 class=\"faq-item-question-text\">\u00bfD\u00f3nde puedo agregarlo en mi sitio?<\/h3>\r\n\r\n\t\t\t\t\t\t<div class=\"faq-item-question-icon\"><\/div>\r\n\t\t\t\t\t<\/div>\r\n\r\n\t\t\t\t\t<div class=\"faq-item-answer\">\r\n\t\t\t\t\t\t<div class=\"faq-item-answer-text\"><p>Es f\u00e1cil mostrar el anuncio sobre el uso de cookies en cualquier p\u00e1gina del sitio web, as\u00ed como en todas sus p\u00e1ginas, depende de d\u00f3nde lo necesites. Cuando un visitante entra a la p\u00e1gina, el widget aparecer\u00e1.<\/p> <\/div>\r\n\t\t\t\t\t<\/div>\r\n\t\t\t\t<\/div><div class=\"faq-item\">\r\n\t\t\t\t\t<div class=\"faq-item-question\">\r\n\t\t\t\t\t\t<h3 class=\"faq-item-question-text\">\u00bfQu\u00e9 ventajas me da?<\/h3>\r\n\r\n\t\t\t\t\t\t<div class=\"faq-item-question-icon\"><\/div>\r\n\t\t\t\t\t<\/div>\r\n\r\n\t\t\t\t\t<div class=\"faq-item-answer\">\r\n\t\t\t\t\t\t<div class=\"faq-item-answer-text\"><p>Nuestro widget te ayudar\u00e1 a mostrar un anuncio inmediato sobre cookies sin necesidad de codificaci\u00f3n y de manera muy r\u00e1pida. Cuenta con todos los idiomas europeos m\u00e1s comunes para asegurar una experiencia c\u00f3moda para la audiencia del sitio web.<\/p> <\/div>\r\n\t\t\t\t\t<\/div>\r\n\t\t\t\t<\/div><div class=\"faq-item\">\r\n\t\t\t\t\t<div class=\"faq-item-question\">\r\n\t\t\t\t\t\t<h3 class=\"faq-item-question-text\">\u00bfC\u00f3mo agrego el consentimiento de cookies a mi sitio Webflow?<\/h3>\r\n\r\n\t\t\t\t\t\t<div class=\"faq-item-question-icon\"><\/div>\r\n\t\t\t\t\t<\/div>\r\n\r\n\t\t\t\t\t<div class=\"faq-item-answer\">\r\n\t\t\t\t\t\t<div class=\"faq-item-answer-text\"><p>Solo necesitar\u00e1s tres minutos para tener el widget funcionando. Es muy r\u00e1pido, gratuito y sin necesidad de codificaci\u00f3n.<\/p><p>Puedes pegar el widget en tu sitio web a trav\u00e9s de nuestro servicio. Para ello, sigue una breve descripci\u00f3n a continuaci\u00f3n en esta p\u00e1gina.<\/p><\/div>\r\n\t\t\t\t\t<\/div>\r\n\t\t\t\t<\/div><\/div><\/div><div class=\"application-platform-content-item-features application-platform-content-item\" id=\"features\" data-nav-section=\"features\"><h2>Principales caracter\u00edsticas del widget de consentimiento de cookies<\/h2><p>Para lograr una comprensi\u00f3n completa del widget de cookies, revisa la lista de sus funciones principales. Estas caracter\u00edsticas hacen que el widget sea incre\u00edblemente efectivo para tu negocio:<\/p><ul><li>Crea un simple anuncio o solicita el consentimiento del usuario;<\/li><li>Ingresa un mensaje de notificaci\u00f3n personalizado con opciones de formato y enlaces;<\/li><li>Muestra u oculta un enlace a la pol\u00edtica de uso del sitio web con texto de enlace personalizado;<\/li><li>La opci\u00f3n de elegir el tipo de dise\u00f1o de la notificaci\u00f3n: barra o cuadro;<\/li><li>Elige un color personalizado para los botones y el enlace.<\/li><\/ul><p><a href=\"#demo\">Explora todas las caracter\u00edsticas en la demo<\/a><\/p><\/div><div class=\"application-platform-content-item-installation application-platform-content-item\" id=\"installation\" data-nav-section=\"installation\"><h2>Veamos c\u00f3mo colocar el consentimiento de cookies en tu sitio Webflow. Es r\u00e1pido.<\/h2><div class=\"video-container\"><iframe allowfullscreen=\"\" frameborder=\" 0\" height=\"405\" src=\"https:\/\/www.youtube.com\/embed\/EPUdEMVthAI?si=F-9qZUnhfBOo3DT-\" width=\"720\"><\/iframe><\/div><p>Las siguientes acciones son lo \u00fanico que necesitas hacer para configurar el plugin.<\/p><ol><li><b>Crea tu widget de cookies personalizado<\/b><br> Con la ayuda de nuestra demo gratuita, genera un plugin con el dise\u00f1o y las caracter\u00edsticas funcionales seleccionadas.<\/li><li><b>Copiar el c\u00f3digo personal para agregar el widget<\/b><br> Despu\u00e9s de generar tu plugin, recibir\u00e1s el c\u00f3digo \u00fanico de la notificaci\u00f3n que aparece en Elfsight Apps. Copia el c\u00f3digo.<\/li><li><b>Agregar el plugin a tu sitio Webflow<\/b><br> Define el lugar donde deseas agregar el plugin y pega el c\u00f3digo copiado all\u00ed. Publica los cambios.<\/li><li><b>\u00a1Felicidades! Acabas de agregar el widget.<\/b><br> Ingresa a tu p\u00e1gina para comprobar el funcionamiento del plugin.<\/li><\/ol><p>\u00bfA\u00fan no lo tienes claro? \u00bfO te has encontrado con alg\u00fan problema? Solo hace falta una solicitud a nuestro equipo de soporte y resolver\u00e1n cualquier inconveniente.<\/p><\/div>","protected":false},"excerpt":{"rendered":"","protected":false},"author":18,"featured_media":0,"parent":690,"menu_order":0,"comment_status":"closed","ping_status":"closed","template":"templates\/template-application-platform.php","meta":{"publish_to_discourse":"","publish_post_category":"","wpdc_auto_publish_overridden":"","wpdc_topic_tags":"","wpdc_pin_topic":"","wpdc_pin_until":"","discourse_post_id":"","discourse_permalink":"","wpdc_publishing_response":"","wpdc_publishing_error":"","footnotes":""},"class_list":["post-3398","page","type-page","status-publish","hentry"],"yoast_head":"<!-- This site is optimized with the Yoast SEO plugin v25.3.1 - https:\/\/yoast.com\/wordpress\/plugins\/seo\/ -->\n<title>Cookie Consent - Incrustar plugin de Consentimiento de cookies al Webflow<\/title>\n<meta name=\"description\" content=\"Instala un widget responsivo de Cookie Consent en su sitio web de Webflow. Use la demo de Elfsight intuitiva y construe su plugin \u00fanico.\" \/>\n<meta name=\"robots\" content=\"index, follow, max-snippet:-1, max-image-preview:large, max-video-preview:-1\" \/>\n<link rel=\"canonical\" href=\"https:\/\/elfsight.com\/es\/cookie-consent-widget\/webflow\/\" \/>\n<meta property=\"og:locale\" content=\"es_ES\" \/>\n<meta property=\"og:type\" content=\"article\" \/>\n<meta property=\"og:title\" content=\"Cookie Consent - Incrustar plugin de Consentimiento de cookies al Webflow\" \/>\n<meta property=\"og:description\" content=\"Instala un widget responsivo de Cookie Consent en su sitio web de Webflow. Use la demo de Elfsight intuitiva y construe su plugin \u00fanico.\" \/>\n<meta property=\"og:url\" content=\"https:\/\/elfsight.com\/es\/cookie-consent-widget\/webflow\/\" \/>\n<meta property=\"og:site_name\" content=\"Elfsight ES\" \/>\n<meta property=\"article:modified_time\" content=\"2025-12-18T16:11:39+00:00\" \/>\n<meta name=\"twitter:card\" content=\"summary_large_image\" \/>\n<meta name=\"twitter:label1\" content=\"Tiempo de lectura\" \/>\n\t<meta name=\"twitter:data1\" content=\"3 minutos\" \/>\n<!-- \/ Yoast SEO plugin. -->","yoast_head_json":{"title":"Cookie Consent - Incrustar plugin de Consentimiento de cookies al Webflow","description":"Instala un widget responsivo de Cookie Consent en su sitio web de Webflow. Use la demo de Elfsight intuitiva y construe su plugin \u00fanico.","robots":{"index":"index","follow":"follow","max-snippet":"max-snippet:-1","max-image-preview":"max-image-preview:large","max-video-preview":"max-video-preview:-1"},"canonical":"https:\/\/elfsight.com\/es\/cookie-consent-widget\/webflow\/","og_locale":"es_ES","og_type":"article","og_title":"Cookie Consent - Incrustar plugin de Consentimiento de cookies al Webflow","og_description":"Instala un widget responsivo de Cookie Consent en su sitio web de Webflow. Use la demo de Elfsight intuitiva y construe su plugin \u00fanico.","og_url":"https:\/\/elfsight.com\/es\/cookie-consent-widget\/webflow\/","og_site_name":"Elfsight ES","article_modified_time":"2025-12-18T16:11:39+00:00","twitter_card":"summary_large_image","twitter_misc":{"Tiempo de lectura":"3 minutos"},"schema":{"@context":"https:\/\/schema.org","@graph":[{"@type":"WebPage","@id":"https:\/\/elfsight.com\/es\/cookie-consent-widget\/webflow\/","url":"https:\/\/elfsight.com\/es\/cookie-consent-widget\/webflow\/","name":"Cookie Consent - Incrustar plugin de Consentimiento de cookies al Webflow","isPartOf":{"@id":"https:\/\/elfsight.com\/es\/#website"},"datePublished":"2022-02-11T12:30:27+00:00","dateModified":"2025-12-18T16:11:39+00:00","description":"Instala un widget responsivo de Cookie Consent en su sitio web de Webflow. Use la demo de Elfsight intuitiva y construe su plugin \u00fanico.","breadcrumb":{"@id":"https:\/\/elfsight.com\/es\/cookie-consent-widget\/webflow\/#breadcrumb"},"inLanguage":"es","potentialAction":[{"@type":"ReadAction","target":["https:\/\/elfsight.com\/es\/cookie-consent-widget\/webflow\/"]}]},{"@type":"BreadcrumbList","@id":"https:\/\/elfsight.com\/es\/cookie-consent-widget\/webflow\/#breadcrumb","itemListElement":[{"@type":"ListItem","position":1,"name":"Home","item":"https:\/\/elfsight.com\/es\/"},{"@type":"ListItem","position":2,"name":"Cookie Consent","item":"https:\/\/elfsight.com\/es\/cookie-consent-widget\/"},{"@type":"ListItem","position":3,"name":"Cookie Consent &#8211; Webflow"}]},{"@type":"WebSite","@id":"https:\/\/elfsight.com\/es\/#website","url":"https:\/\/elfsight.com\/es\/","name":"Elfsight ES","description":"Just another Elfsight Sites site","potentialAction":[{"@type":"SearchAction","target":{"@type":"EntryPoint","urlTemplate":"https:\/\/elfsight.com\/es\/?s={search_term_string}"},"query-input":{"@type":"PropertyValueSpecification","valueRequired":true,"valueName":"search_term_string"}}],"inLanguage":"es"}]}},"meta_box":{"industry":"","seo_heading":"","heading":"","description":"","cta_heading":"","cta_description":"","application":"689","h1":"Complemento de consentimiento de cookies para Webflow","h1_caption":"Diga a los visitantes de su tienda electr\u00f3nica sobre el uso de cookies","application_category":[],"applications_title":"","applications_request_title":"","applications_request_button_text":"","hero_text":"","hero_video":"","hero_video_schema_markup":"","selling_points_title":"","selling_points_caption":"","selling_points":[],"selling_points_cta_text":"","features_title":"","features":"","ed_cta_examples_text":"","ed_cta_examples_hidden":"","ed_cta_demo_text":"","ed_cta_demo_hidden":"","why_caption":"","why_editor_title":"","why_editor_text":"","why_team_title":"","why_team_text":"","why_service_title":"","why_service_text":"","template_catalog_visible":"0","template_catalog_title":"","template_catalog_text":"","template_catalog_categories_visible":"","demo_title":"Crea tu widget de consentimiento de cookies","demo_caption":"Configure su Consentimiento de cookies y agr\u00e9guelo a su sitio web Webflow de forma gratuita.","default_faq_hidden":"","app_template_category":[],"platform":"106","template_public_id":"","codecanyon_url":"","codecanyon_item_id":"","codecanyon_price":"","pricing_caption":"","pricing_elfsight_apps_hide_column":"","pricing_elfsight_apps_url":"","pricing_codecanyon_price_caption":"","integration_category":[],"integration_request_title":"","integration_request_cta":"","integration_platform":"","integrations":[],"platform_category":[],"video_schema_markup":"","price":"desde $0 por mes","trial":"","benefits":[{"text":"Instalaci\u00f3n gratuita"},{"text":"Soporte Premium"},{"text":"14 d\u00edas garant\u00eda de reembolso"},{"text":"Actualizaciones regulares"}],"button_url":"#demo","button_target_blank":"0","button_nofollow":"0","attributes":[{"name":"Responsivo","content":"Si","_state":"expanded"},{"name":"Navegadores compatibles","content":"Firefox, Safari, Opera, Chrome, Edge","_state":"expanded"}],"tags":[],"tags_disable_links":"0","hide_more_platforms":"0","video_object":"","demo_hide_cta":"0","demo_hide_cloud_options":"0","pricing_title":"","pricing":[{"pricing_icon":"platform","pricing_title":" Elfsight Apps","pricing_title_caption":"Soluci\u00f3n multiplataforma - valido para cualquier p\u00e1gina web","pricing_price":"desde $0 por mes","pricing_price_caption":"empezar con un plan gratuito","pricing_benefits":[{"text":"Sitios web ilimitados"},{"text":"Atenci\u00f3n al cliente gratuita y r\u00e1pida"},{"text":"Servicio de instalaci\u00f3n gratuito"},{"text":"Totalmente personalizable"}],"pricing_button_text":"Agregar al sitio web","pricing_button_url":"#demo","_state":"expanded"}],"related_apps_title":"","related_apps_hidden":"1","author":"","image":[],"title":"","job":"","social_networks":[]},"_links":{"self":[{"href":"https:\/\/elfsight.com\/es\/wp-json\/wp\/v2\/pages\/3398","targetHints":{"allow":["GET"]}}],"collection":[{"href":"https:\/\/elfsight.com\/es\/wp-json\/wp\/v2\/pages"}],"about":[{"href":"https:\/\/elfsight.com\/es\/wp-json\/wp\/v2\/types\/page"}],"author":[{"embeddable":true,"href":"https:\/\/elfsight.com\/es\/wp-json\/wp\/v2\/users\/18"}],"replies":[{"embeddable":true,"href":"https:\/\/elfsight.com\/es\/wp-json\/wp\/v2\/comments?post=3398"}],"version-history":[{"count":4,"href":"https:\/\/elfsight.com\/es\/wp-json\/wp\/v2\/pages\/3398\/revisions"}],"predecessor-version":[{"id":20012,"href":"https:\/\/elfsight.com\/es\/wp-json\/wp\/v2\/pages\/3398\/revisions\/20012"}],"up":[{"embeddable":true,"href":"https:\/\/elfsight.com\/es\/wp-json\/wp\/v2\/pages\/690"}],"wp:attachment":[{"href":"https:\/\/elfsight.com\/es\/wp-json\/wp\/v2\/media?parent=3398"}],"curies":[{"name":"wp","href":"https:\/\/api.w.org\/{rel}","templated":true}]}}