{"id":3394,"date":"2022-02-11T12:30:33","date_gmt":"2022-02-11T12:30:33","guid":{"rendered":"https:\/\/elfsight.com\/es\/?page_id=3394"},"modified":"2025-02-06T15:05:06","modified_gmt":"2025-02-06T15:05:06","slug":"weebly","status":"publish","type":"page","link":"https:\/\/elfsight.com\/es\/countdown-timer-widget\/weebly\/","title":{"rendered":"Countdown Timer &#8211; Weebly"},"content":{"rendered":"<div class=\"application-platform-content-item-description application-platform-content-item\" id=\"description\" data-nav-section=\"description\"><h2>Descripci\u00f3n<\/h2><p>Usa el Temporizador de Cuenta Regresiva de Elfsight para crear diferentes tipos de cuentas y temporizadores que motivar\u00e1n a los usuarios a comprar m\u00e1s r\u00e1pido y de forma m\u00e1s activa. La cuenta regresiva de stock o ventas establecer\u00e1 una sensaci\u00f3n de disponibilidad limitada y competencia; la cuenta regresiva de la venta acelerar\u00e1 a los clientes para que compren ahora y no se pierdan una oferta rentable. Un temporizador individual estimular\u00e1 a cada cliente a aprovechar una oferta personal m\u00e1s r\u00e1pido; las barras de vacaciones con un estilo tem\u00e1tico atractivo llamar\u00e1n la atenci\u00f3n sobre tus ventas.<\/p><p><b>Aumenta las ventas de tu sitio web con la ayuda de temporizadores y cuentas que generan urgencia.<\/b><\/p><p><b>Motiva a los clientes a comprar creando una sensaci\u00f3n de urgencia.<\/b><br> Muestra temporizadores de cuenta regresiva que indiquen el tiempo restante hasta el final de tus ventas y ofertas especiales. Esto crear\u00e1 una sensaci\u00f3n de urgencia y motivar\u00e1 a los clientes a tomar decisiones m\u00e1s r\u00e1pidas.<\/p><p><b>Muestra que el stock de productos disponibles est\u00e1 disminuyendo para aumentar su valor percibido.<\/b><br> Crea una sensaci\u00f3n de competencia por tus ofertas mostrando que las ventas est\u00e1n aumentando y el stock disminuyendo. La disponibilidad limitada har\u00e1 que tus productos parezcan m\u00e1s valiosos y los visitantes querr\u00e1n comprarlos.<\/p><p><b>Atrae m\u00e1s atenci\u00f3n a tus ventas con una barra de cuenta regresiva con estilo festivo.<\/b><br> Con barras tem\u00e1ticas llamativas, puedes mostrar tus ventas de temporada de una manera animada. Usa el tiempo de festivales para aumentar las ventas de tu sitio web.<\/p><\/div><div class=\"application-platform-content-item-features application-platform-content-item\" id=\"features\" data-nav-section=\"features\"><h2>Caracter\u00edsticas<\/h2><p>A continuaci\u00f3n se presentan las ventajas que hacen de nuestro widget la opci\u00f3n ideal para el sitio web de Weebly:<\/p><ul><li>Dos acciones despu\u00e9s de que el temporizador termine: ocultar el temporizador o mostrar un mensaje;<\/li><li>Opci\u00f3n para establecer un enlace de bot\u00f3n para redirigir;<\/li><li>Etiquetas de unidades de tiempo editables;<\/li><li>5 estilos de temporizador incluidos;<\/li><li>Dise\u00f1o limpio que garantiza una integraci\u00f3n perfecta en cualquier concepto de sitio web.<\/li><\/ul><a href=\"#demo\">Mira todo<\/a><\/div><div class=\"application-platform-content-item-installation application-platform-content-item\" id=\"installation\" data-nav-section=\"installation\"><h2>C\u00f3mo agregar el Temporizador de Cuenta Regresiva a tu sitio web de Weebly<\/h2><div class=\"video-container\"><iframe width=\"720\" height=\"405\" src=\"https:\/\/www.youtube.com\/embed\/HvRJIqLwdUA\" frameborder=\"0\" allowfullscreen=\"\"><\/iframe><\/div><p>Un tutorial r\u00e1pido sobre c\u00f3mo configurar los botones sin experiencia en desarrollo ni la necesidad de buscar un programador. El tiempo de instalaci\u00f3n es de solo unos 2 minutos.<\/p><ol><li><b>Usa nuestro configurador gratuito y comienza a formar tu app personalizada.<\/b><br> Define la disposici\u00f3n y las caracter\u00edsticas personalizadas de la app y guarda todos los cambios.<\/li>  <li><b>Copia tu c\u00f3digo \u00fanico que aparece en el cuadro de Elfsight Apps.<\/b><br> Despu\u00e9s de que se haya creado tu app personalizada, copia tu c\u00f3digo desde el popup que aparece y gu\u00e1rdalo para su uso posterior.<\/li>  <li><b>Comienza a usar la app en tu sitio de Weebly.<\/b><br> Pega el c\u00f3digo copiado antes en tu p\u00e1gina y guarda los cambios.<\/li>  <li><b>La configuraci\u00f3n se ha completado correctamente.<\/b><br> Visita tu sitio para revisar el funcionamiento de la app.<\/li><\/ol><p>\u00bfNo lograste agregar el plugin en el sitio? Env\u00eda tu pregunta a nuestro equipo de soporte o intenta usar una <a href=\"https:\/\/elfsight.com\/tutorials\/how-to-add-countdown-timer-to-weebly-website\/\" target=\"_blank\" rel=\"noopener noreferrer\">instrucci\u00f3n detallada<\/a> y pru\u00e9balo por ti mismo nuevamente.<\/p><div class=\"faq\" data-component=\"FAQ\"> <div class=\"faq-item\">\r\n\t\t\t\t\t<div class=\"faq-item-question\">\r\n\t\t\t\t\t\t<h3 class=\"faq-item-question-text\">\u00bfC\u00f3mo agregar un Temporizador de Cuenta Regresiva a mi sitio web de Weebly sin habilidades de programaci\u00f3n?<\/h3>\r\n\r\n\t\t\t\t\t\t<div class=\"faq-item-question-icon\"><\/div>\r\n\t\t\t\t\t<\/div>\r\n\r\n\t\t\t\t\t<div class=\"faq-item-answer\">\r\n\t\t\t\t\t\t<div class=\"faq-item-answer-text\"> <p>Elfsight ofrece una soluci\u00f3n SaaS que te permite crear un widget de Temporizador de Cuenta Regresiva por ti mismo, ve lo f\u00e1cil que es el proceso: Trabaja directamente en el Editor en l\u00ednea para crear un widget de Temporizador de Cuenta Regresiva que te gustar\u00eda ver en tu sitio web de Weebly. Elige una de las plantillas predise\u00f1adas y ajusta la configuraci\u00f3n del Temporizador de Cuenta Regresiva, agrega tu contenido, cambia la disposici\u00f3n y los colores sin necesidad de habilidades de programaci\u00f3n. Guarda el Temporizador de Cuenta Regresiva y copia su c\u00f3digo de instalaci\u00f3n, para que puedas agregarlo f\u00e1cilmente a tu sitio web de Weebly sin necesidad de comprar una suscripci\u00f3n de pago. Con nuestro Editor intuitivo, cualquier usuario de internet puede crear un widget de Temporizador de Cuenta Regresiva en l\u00ednea e incrustarlo f\u00e1cilmente en su sitio web de Weebly. No es necesario pagar ni ingresar los datos de tu tarjeta para acceder al servicio. Si enfrentas problemas en alg\u00fan paso, no dudes en ponerte en contacto con nuestro equipo de soporte t\u00e9cnico.<\/p> <\/div>\r\n\t\t\t\t\t<\/div>\r\n\t\t\t\t<\/div> <\/div> <\/div>","protected":false},"excerpt":{"rendered":"","protected":false},"author":18,"featured_media":0,"parent":1357,"menu_order":0,"comment_status":"closed","ping_status":"closed","template":"templates\/template-application-platform.php","meta":{"publish_to_discourse":"","publish_post_category":"","wpdc_auto_publish_overridden":"","wpdc_topic_tags":"","wpdc_pin_topic":"","wpdc_pin_until":"","discourse_post_id":"","discourse_permalink":"","wpdc_publishing_response":"","wpdc_publishing_error":"","footnotes":""},"class_list":["post-3394","page","type-page","status-publish","hentry"],"yoast_head":"<!-- This site is optimized with the Yoast SEO plugin v25.3.1 - https:\/\/yoast.com\/wordpress\/plugins\/seo\/ -->\n<title>Cuenta Regresiva - Incorporar plugin de Cuenta Atr\u00e1s al Weebly<\/title>\n<meta name=\"description\" content=\"Instala un app interactivo de Cuenta Regresiva en su sitio de Weebly. Pruebe la demo de Elfsight f\u00e1cil de usar y genere su plugin personalizado.\" \/>\n<meta name=\"robots\" content=\"index, follow, max-snippet:-1, max-image-preview:large, max-video-preview:-1\" \/>\n<link rel=\"canonical\" href=\"https:\/\/elfsight.com\/es\/countdown-timer-widget\/weebly\/\" \/>\n<meta property=\"og:locale\" content=\"es_ES\" \/>\n<meta property=\"og:type\" content=\"article\" \/>\n<meta property=\"og:title\" content=\"Cuenta Regresiva - Incorporar plugin de Cuenta Atr\u00e1s al Weebly\" \/>\n<meta property=\"og:description\" content=\"Instala un app interactivo de Cuenta Regresiva en su sitio de Weebly. Pruebe la demo de Elfsight f\u00e1cil de usar y genere su plugin personalizado.\" \/>\n<meta property=\"og:url\" content=\"https:\/\/elfsight.com\/es\/countdown-timer-widget\/weebly\/\" \/>\n<meta property=\"og:site_name\" content=\"Elfsight ES\" \/>\n<meta property=\"article:modified_time\" content=\"2025-02-06T15:05:06+00:00\" \/>\n<meta name=\"twitter:card\" content=\"summary_large_image\" \/>\n<meta name=\"twitter:label1\" content=\"Tiempo de lectura\" \/>\n\t<meta name=\"twitter:data1\" content=\"1 minuto\" \/>\n<!-- \/ Yoast SEO plugin. -->","yoast_head_json":{"title":"Cuenta Regresiva - Incorporar plugin de Cuenta Atr\u00e1s al Weebly","description":"Instala un app interactivo de Cuenta Regresiva en su sitio de Weebly. Pruebe la demo de Elfsight f\u00e1cil de usar y genere su plugin personalizado.","robots":{"index":"index","follow":"follow","max-snippet":"max-snippet:-1","max-image-preview":"max-image-preview:large","max-video-preview":"max-video-preview:-1"},"canonical":"https:\/\/elfsight.com\/es\/countdown-timer-widget\/weebly\/","og_locale":"es_ES","og_type":"article","og_title":"Cuenta Regresiva - Incorporar plugin de Cuenta Atr\u00e1s al Weebly","og_description":"Instala un app interactivo de Cuenta Regresiva en su sitio de Weebly. Pruebe la demo de Elfsight f\u00e1cil de usar y genere su plugin personalizado.","og_url":"https:\/\/elfsight.com\/es\/countdown-timer-widget\/weebly\/","og_site_name":"Elfsight ES","article_modified_time":"2025-02-06T15:05:06+00:00","twitter_card":"summary_large_image","twitter_misc":{"Tiempo de lectura":"1 minuto"},"schema":{"@context":"https:\/\/schema.org","@graph":[{"@type":"WebPage","@id":"https:\/\/elfsight.com\/es\/countdown-timer-widget\/weebly\/","url":"https:\/\/elfsight.com\/es\/countdown-timer-widget\/weebly\/","name":"Cuenta Regresiva - Incorporar plugin de Cuenta Atr\u00e1s al Weebly","isPartOf":{"@id":"https:\/\/elfsight.com\/es\/#website"},"datePublished":"2022-02-11T12:30:33+00:00","dateModified":"2025-02-06T15:05:06+00:00","description":"Instala un app interactivo de Cuenta Regresiva en su sitio de Weebly. Pruebe la demo de Elfsight f\u00e1cil de usar y genere su plugin personalizado.","breadcrumb":{"@id":"https:\/\/elfsight.com\/es\/countdown-timer-widget\/weebly\/#breadcrumb"},"inLanguage":"es","potentialAction":[{"@type":"ReadAction","target":["https:\/\/elfsight.com\/es\/countdown-timer-widget\/weebly\/"]}]},{"@type":"BreadcrumbList","@id":"https:\/\/elfsight.com\/es\/countdown-timer-widget\/weebly\/#breadcrumb","itemListElement":[{"@type":"ListItem","position":1,"name":"Home","item":"https:\/\/elfsight.com\/es\/"},{"@type":"ListItem","position":2,"name":"Countdown Timer","item":"https:\/\/elfsight.com\/es\/countdown-timer-widget\/"},{"@type":"ListItem","position":3,"name":"Countdown Timer &#8211; Weebly"}]},{"@type":"WebSite","@id":"https:\/\/elfsight.com\/es\/#website","url":"https:\/\/elfsight.com\/es\/","name":"Elfsight ES","description":"Just another Elfsight Sites site","potentialAction":[{"@type":"SearchAction","target":{"@type":"EntryPoint","urlTemplate":"https:\/\/elfsight.com\/es\/?s={search_term_string}"},"query-input":{"@type":"PropertyValueSpecification","valueRequired":true,"valueName":"search_term_string"}}],"inLanguage":"es"}]}},"meta_box":{"industry":"","seo_heading":"","heading":"","description":"","cta_heading":"","cta_description":"","application":"1356","h1":"complemento de Cuenta Regresiva para Weebly","h1_caption":"Configure una cuenta regresiva para eventos o promociones importantes, creando una sensaci\u00f3n de urgencia para sus visitantes en su sitio web Weebly sin esfuerzo.","application_category":[],"applications_title":"","applications_request_title":"","applications_request_button_text":"","hero_text":"","hero_video":"","hero_video_schema_markup":"","selling_points_title":"","selling_points_caption":"","selling_points":[],"selling_points_cta_text":"","features_title":"","features":"","ed_cta_examples_text":"","ed_cta_examples_hidden":"","ed_cta_demo_text":"","ed_cta_demo_hidden":"","why_caption":"","why_editor_title":"","why_editor_text":"","why_team_title":"","why_team_text":"","why_service_title":"","why_service_text":"","template_catalog_visible":"","template_catalog_title":"","template_catalog_text":"","template_catalog_categories_visible":"","demo_title":"Crea tu aplicaci\u00f3n de temporizador de cuenta regresiva","demo_caption":"\u00a1Configura tu temporizador de cuenta regresiva y agr\u00e9galo a tu sitio web Weebly gratis!","default_faq_hidden":"","app_template_category":[],"platform":"109","template_public_id":"","codecanyon_url":"","codecanyon_item_id":"","codecanyon_price":"","pricing_caption":"","pricing_elfsight_apps_hide_column":"","pricing_elfsight_apps_url":"","pricing_codecanyon_price_caption":"","integration_category":[],"integration_request_title":"","integration_request_cta":"","integration_platform":"","integrations":[],"platform_category":[],"video_schema_markup":"","price":"desde $0 por mes","trial":"","benefits":[{"text":"Instalaci\u00f3n gratuita"},{"text":"Soporte Premium"},{"text":"14 d\u00edas garant\u00eda de reembolso"},{"text":"Actualizaciones regulares"}],"button_url":"#demo","button_target_blank":"0","button_nofollow":"0","attributes":[{"name":"Responsivo","content":"Si","_state":"expanded"},{"name":"Navegadores compatibles","content":"Firefox, Safari, Opera, Chrome, Edge","_state":"expanded"}],"tags":[],"tags_disable_links":"0","hide_more_platforms":"","video_object":"","demo_hide_cta":"0","demo_hide_cloud_options":"0","pricing_title":"","pricing":[{"pricing_icon":"platform","pricing_title":" Elfsight Apps","pricing_title_caption":"Soluci\u00f3n multiplataforma - valido para cualquier p\u00e1gina web","pricing_price":"desde $0 por mes","pricing_price_caption":"empezar con un plan gratuito","pricing_benefits":[{"text":"Sitios web ilimitados"},{"text":"Atenci\u00f3n al cliente gratuita y r\u00e1pida"},{"text":"Servicio de instalaci\u00f3n gratuito"},{"text":"Totalmente personalizable"}],"pricing_button_text":"Agregar al sitio web","pricing_button_url":"#demo","_state":"expanded"}],"related_apps_title":"","related_apps_hidden":"1","author":"","image":[],"title":"","job":"","social_networks":[]},"_links":{"self":[{"href":"https:\/\/elfsight.com\/es\/wp-json\/wp\/v2\/pages\/3394","targetHints":{"allow":["GET"]}}],"collection":[{"href":"https:\/\/elfsight.com\/es\/wp-json\/wp\/v2\/pages"}],"about":[{"href":"https:\/\/elfsight.com\/es\/wp-json\/wp\/v2\/types\/page"}],"author":[{"embeddable":true,"href":"https:\/\/elfsight.com\/es\/wp-json\/wp\/v2\/users\/18"}],"replies":[{"embeddable":true,"href":"https:\/\/elfsight.com\/es\/wp-json\/wp\/v2\/comments?post=3394"}],"version-history":[{"count":3,"href":"https:\/\/elfsight.com\/es\/wp-json\/wp\/v2\/pages\/3394\/revisions"}],"predecessor-version":[{"id":17878,"href":"https:\/\/elfsight.com\/es\/wp-json\/wp\/v2\/pages\/3394\/revisions\/17878"}],"up":[{"embeddable":true,"href":"https:\/\/elfsight.com\/es\/wp-json\/wp\/v2\/pages\/1357"}],"wp:attachment":[{"href":"https:\/\/elfsight.com\/es\/wp-json\/wp\/v2\/media?parent=3394"}],"curies":[{"name":"wp","href":"https:\/\/api.w.org\/{rel}","templated":true}]}}