{"id":3392,"date":"2022-02-11T12:30:44","date_gmt":"2022-02-11T12:30:44","guid":{"rendered":"https:\/\/elfsight.com\/es\/?page_id=3392"},"modified":"2025-02-06T15:05:06","modified_gmt":"2025-02-06T15:05:06","slug":"squarespace","status":"publish","type":"page","link":"https:\/\/elfsight.com\/es\/cookie-consent-widget\/squarespace\/","title":{"rendered":"Cookie Consent &#8211; Squarespace"},"content":{"rendered":"<div class=\"application-platform-content-item-description application-platform-content-item\" id=\"description\" data-nav-section=\"description\"><h2>Incrustar Consentimiento de Cookies en Squarespace con el widget de Elfsight<\/h2><p>Con el plugin de Cookies de Elfsight, es muy f\u00e1cil notificar a los usuarios que tu sitio web tiene cookies mostrando una barra emergente limpia. Nuestro widget te permite agregar un mensaje personalizado, colocar un enlace a los t\u00e9rminos y condiciones de uso de tu sitio web y colocar botones activos para obtener el permiso de los visitantes. Puedes elegir mostrar la notificaci\u00f3n en forma de barra o cuadro y elegir su ubicaci\u00f3n en la p\u00e1gina. Adem\u00e1s, la opci\u00f3n de pintar los elementos de la interfaz te ayudar\u00e1 a hacer que se vea nativo y coincida con el estilo general del sitio.<\/p> <div class=\"faq\" data-component=\"FAQ\"><div class=\"faq-item\">\r\n\t\t\t\t\t<div class=\"faq-item-question\">\r\n\t\t\t\t\t\t<h3 class=\"faq-item-question-text\">\u00bfD\u00f3nde puedo mostrar este plugin?<\/h3>\r\n\r\n\t\t\t\t\t\t<div class=\"faq-item-question-icon\"><\/div>\r\n\t\t\t\t\t<\/div>\r\n\r\n\t\t\t\t\t<div class=\"faq-item-answer\">\r\n\t\t\t\t\t\t<div class=\"faq-item-answer-text\"><p>Puedes incrustar la notificaci\u00f3n en cualquier p\u00e1gina de tu sitio o en todas las p\u00e1ginas, seg\u00fan tus necesidades. En cuanto un visitante accede a la p\u00e1gina, aparecer\u00e1 una notificaci\u00f3n.<\/p> <\/div>\r\n\t\t\t\t\t<\/div>\r\n\t\t\t\t<\/div><div class=\"faq-item\">\r\n\t\t\t\t\t<div class=\"faq-item-question\">\r\n\t\t\t\t\t\t<h3 class=\"faq-item-question-text\">\u00bfCu\u00e1les son las ventajas de tener este plugin para m\u00ed?<\/h3>\r\n\r\n\t\t\t\t\t\t<div class=\"faq-item-question-icon\"><\/div>\r\n\t\t\t\t\t<\/div>\r\n\r\n\t\t\t\t\t<div class=\"faq-item-answer\">\r\n\t\t\t\t\t\t<div class=\"faq-item-answer-text\"><p>Elfsight Cookie Consent te ayudar\u00e1 a crear un anuncio de cookies inmediato sin necesidad de codificaci\u00f3n y de forma muy r\u00e1pida. Ofrece todos los idiomas europeos m\u00e1s comunes para brindar una experiencia c\u00f3moda a los usuarios.<\/p> <\/div>\r\n\t\t\t\t\t<\/div>\r\n\t\t\t\t<\/div><div class=\"faq-item\">\r\n\t\t\t\t\t<div class=\"faq-item-question\">\r\n\t\t\t\t\t\t<h3 class=\"faq-item-question-text\">\u00bfQu\u00e9 necesito para obtener el plugin de Cookies en mi sitio web de Squarespace?<\/h3>\r\n\r\n\t\t\t\t\t\t<div class=\"faq-item-question-icon\"><\/div>\r\n\t\t\t\t\t<\/div>\r\n\r\n\t\t\t\t\t<div class=\"faq-item-answer\">\r\n\t\t\t\t\t\t<div class=\"faq-item-answer-text\"><p>Solo necesitas unos minutos de tiempo para comenzar a usar el widget. La integraci\u00f3n es extremadamente r\u00e1pida, gratuita y no incluye codificaci\u00f3n.<\/p><p>Hay una opci\u00f3n para configurar el consentimiento de Cookies directamente en nuestro servicio. Para hacerlo, sigue las instrucciones al final de esta p\u00e1gina.<\/p><\/div>\r\n\t\t\t\t\t<\/div>\r\n\t\t\t\t<\/div><\/div><\/div><div class=\"application-platform-content-item-features application-platform-content-item\" id=\"features\" data-nav-section=\"features\"><h2>Principales caracter\u00edsticas del widget de Consentimiento de Cookies<\/h2><p>Para ayudarte a entender mejor el plugin, hemos creado una lista de las caracter\u00edsticas esenciales. Estas hacen que este widget sea el m\u00e1s eficiente para tu sitio web:<\/p><ul><li>Solo organizar la notificaci\u00f3n o solicitud de aprobaci\u00f3n;<\/li> <li>La opci\u00f3n de ingresar tu propio mensaje de anuncio con formato y enlaces;<\/li> <li>Mostrar u ocultar un enlace activo a la pol\u00edtica de cookies y agregar texto de enlace personalizado;<\/li> <li>Elegir entre la variante de notificaci\u00f3n en Barra o Cuadro;<\/li> <li>Elegir un color personalizado para los botones y enlaces.<\/li><\/ul><p><a href=\"#demo\">La demostraci\u00f3n te revelar\u00e1 m\u00e1s caracter\u00edsticas<\/a><\/p><\/div><div class=\"application-platform-content-item-installation application-platform-content-item\" id=\"installation\" data-nav-section=\"installation\"><h2>C\u00f3mo agregar el Consentimiento de Cookies a tu p\u00e1gina de Squarespace<\/h2><div class=\"video-container\"><iframe width=\"720\" height=\"405\" src=\"https:\/\/www.youtube.com\/embed\/Rfjr6RNgaCE\" frameborder=\"0\" allowfullscreen=\"\"><\/iframe><\/div><p>Las acciones a continuaci\u00f3n son lo \u00fanico que necesitas hacer para que el widget funcione correctamente.<\/p><ol><li><b>Genera tu plugin de Cookies personalizado<\/b><br> A trav\u00e9s de nuestro configurador gratuito, establece un plugin con las opciones de interfaz y funcionalidad que prefieras.<\/li><li><b>Recibe el c\u00f3digo individual para instalar el plugin<\/b><br> Despu\u00e9s de crear tu widget, recibir\u00e1s tu c\u00f3digo personal desde la notificaci\u00f3n que aparece en Elfsight Apps. Copia este c\u00f3digo para su uso posterior.<\/li> <li><b>Agrega el plugin en tu sitio de Squarespace<\/b><br> Selecciona el \u00e1rea de la p\u00e1gina donde deseas incrustar el plugin y pega el c\u00f3digo guardado all\u00ed. Publica los cambios.<\/li> <li><b>\u00a1Listo!<\/b><br> Ve a tu sitio para ver el funcionamiento del plugin.<\/li><\/ol><p>\u00bfA\u00fan no puedes decidirte? \u00bfO tienes problemas? Solo necesitas enviar una solicitud a nuestro servicio al cliente y resolveremos cualquier duda. Tambi\u00e9n puedes leer nuestro <a href=\"https:\/\/elfsight.com\/blog\/how-to-add-cookie-consent-banners-to-squarespace\/\" target=\"_blank\" rel=\"noopener\">art\u00edculo sobre c\u00f3mo agregar el Consentimiento de Cookies a los sitios de Squarespace<\/a>.<\/p><\/div>","protected":false},"excerpt":{"rendered":"","protected":false},"author":18,"featured_media":0,"parent":690,"menu_order":0,"comment_status":"closed","ping_status":"closed","template":"templates\/template-application-platform.php","meta":{"publish_to_discourse":"","publish_post_category":"","wpdc_auto_publish_overridden":"","wpdc_topic_tags":"","wpdc_pin_topic":"","wpdc_pin_until":"","discourse_post_id":"","discourse_permalink":"","wpdc_publishing_response":"","wpdc_publishing_error":"","footnotes":""},"class_list":["post-3392","page","type-page","status-publish","hentry"],"yoast_head":"<!-- This site is optimized with the Yoast SEO plugin v25.3.1 - https:\/\/yoast.com\/wordpress\/plugins\/seo\/ -->\n<title>Cookie Consent - Agregar plugin de Consentimiento de cookies al Squarespace<\/title>\n<meta name=\"description\" content=\"Instala un widget hermoso de Cookie Consent en su sitio web de Squarespace. Aplique la demo de Elfsight f\u00e1cil de usar y genere su plugin \u00fanico.\" \/>\n<meta name=\"robots\" content=\"index, follow, max-snippet:-1, max-image-preview:large, max-video-preview:-1\" \/>\n<link rel=\"canonical\" href=\"https:\/\/elfsight.com\/es\/cookie-consent-widget\/squarespace\/\" \/>\n<meta property=\"og:locale\" content=\"es_ES\" \/>\n<meta property=\"og:type\" content=\"article\" \/>\n<meta property=\"og:title\" content=\"Cookie Consent - Agregar plugin de Consentimiento de cookies al Squarespace\" \/>\n<meta property=\"og:description\" content=\"Instala un widget hermoso de Cookie Consent en su sitio web de Squarespace. Aplique la demo de Elfsight f\u00e1cil de usar y genere su plugin \u00fanico.\" \/>\n<meta property=\"og:url\" content=\"https:\/\/elfsight.com\/es\/cookie-consent-widget\/squarespace\/\" \/>\n<meta property=\"og:site_name\" content=\"Elfsight ES\" \/>\n<meta property=\"article:modified_time\" content=\"2025-02-06T15:05:06+00:00\" \/>\n<meta name=\"twitter:card\" content=\"summary_large_image\" \/>\n<meta name=\"twitter:label1\" content=\"Tiempo de lectura\" \/>\n\t<meta name=\"twitter:data1\" content=\"1 minuto\" \/>\n<!-- \/ Yoast SEO plugin. -->","yoast_head_json":{"title":"Cookie Consent - Agregar plugin de Consentimiento de cookies al Squarespace","description":"Instala un widget hermoso de Cookie Consent en su sitio web de Squarespace. Aplique la demo de Elfsight f\u00e1cil de usar y genere su plugin \u00fanico.","robots":{"index":"index","follow":"follow","max-snippet":"max-snippet:-1","max-image-preview":"max-image-preview:large","max-video-preview":"max-video-preview:-1"},"canonical":"https:\/\/elfsight.com\/es\/cookie-consent-widget\/squarespace\/","og_locale":"es_ES","og_type":"article","og_title":"Cookie Consent - Agregar plugin de Consentimiento de cookies al Squarespace","og_description":"Instala un widget hermoso de Cookie Consent en su sitio web de Squarespace. Aplique la demo de Elfsight f\u00e1cil de usar y genere su plugin \u00fanico.","og_url":"https:\/\/elfsight.com\/es\/cookie-consent-widget\/squarespace\/","og_site_name":"Elfsight ES","article_modified_time":"2025-02-06T15:05:06+00:00","twitter_card":"summary_large_image","twitter_misc":{"Tiempo de lectura":"1 minuto"},"schema":{"@context":"https:\/\/schema.org","@graph":[{"@type":"WebPage","@id":"https:\/\/elfsight.com\/es\/cookie-consent-widget\/squarespace\/","url":"https:\/\/elfsight.com\/es\/cookie-consent-widget\/squarespace\/","name":"Cookie Consent - Agregar plugin de Consentimiento de cookies al Squarespace","isPartOf":{"@id":"https:\/\/elfsight.com\/es\/#website"},"datePublished":"2022-02-11T12:30:44+00:00","dateModified":"2025-02-06T15:05:06+00:00","description":"Instala un widget hermoso de Cookie Consent en su sitio web de Squarespace. Aplique la demo de Elfsight f\u00e1cil de usar y genere su plugin \u00fanico.","breadcrumb":{"@id":"https:\/\/elfsight.com\/es\/cookie-consent-widget\/squarespace\/#breadcrumb"},"inLanguage":"es","potentialAction":[{"@type":"ReadAction","target":["https:\/\/elfsight.com\/es\/cookie-consent-widget\/squarespace\/"]}]},{"@type":"BreadcrumbList","@id":"https:\/\/elfsight.com\/es\/cookie-consent-widget\/squarespace\/#breadcrumb","itemListElement":[{"@type":"ListItem","position":1,"name":"Home","item":"https:\/\/elfsight.com\/es\/"},{"@type":"ListItem","position":2,"name":"Cookie Consent","item":"https:\/\/elfsight.com\/es\/cookie-consent-widget\/"},{"@type":"ListItem","position":3,"name":"Cookie Consent &#8211; Squarespace"}]},{"@type":"WebSite","@id":"https:\/\/elfsight.com\/es\/#website","url":"https:\/\/elfsight.com\/es\/","name":"Elfsight ES","description":"Just another Elfsight Sites site","potentialAction":[{"@type":"SearchAction","target":{"@type":"EntryPoint","urlTemplate":"https:\/\/elfsight.com\/es\/?s={search_term_string}"},"query-input":{"@type":"PropertyValueSpecification","valueRequired":true,"valueName":"search_term_string"}}],"inLanguage":"es"}]}},"meta_box":{"industry":"","seo_heading":"","heading":"","description":"","cta_heading":"","cta_description":"","application":"689","h1":"complemento de Consentimiento de cookies para Squarespace","h1_caption":"Informe a los visitantes de su p\u00e1gina sobre el uso de cookies","application_category":[],"applications_title":"","applications_request_title":"","applications_request_button_text":"","hero_text":"","hero_video":"","hero_video_schema_markup":"","selling_points_title":"","selling_points_caption":"","selling_points":[],"selling_points_cta_text":"","features_title":"","features":"","ed_cta_examples_text":"","ed_cta_examples_hidden":"","ed_cta_demo_text":"","ed_cta_demo_hidden":"","why_caption":"","why_editor_title":"","why_editor_text":"","why_team_title":"","why_team_text":"","why_service_title":"","why_service_text":"","template_catalog_visible":"","template_catalog_title":"","template_catalog_text":"","template_catalog_categories_visible":"","demo_title":"Cree su complemento de consentimiento de cookies","demo_caption":"Configure su Consentimiento de cookies y agr\u00e9guelo a su sitio web de Squarespace de forma gratuita.","default_faq_hidden":"","app_template_category":[],"platform":"100","template_public_id":"","codecanyon_url":"","codecanyon_item_id":"","codecanyon_price":"","pricing_caption":"","pricing_elfsight_apps_hide_column":"","pricing_elfsight_apps_url":"","pricing_codecanyon_price_caption":"","integration_category":[],"integration_request_title":"","integration_request_cta":"","integration_platform":"","integrations":[],"platform_category":[],"video_schema_markup":"","price":"desde $0 por mes","trial":"","benefits":[{"text":"Instalaci\u00f3n gratuita"},{"text":"Soporte Premium"},{"text":"14 d\u00edas garant\u00eda de reembolso"},{"text":"Actualizaciones regulares"}],"button_url":"#demo","button_target_blank":"0","button_nofollow":"0","attributes":[{"name":"Responsivo","content":"Si","_state":"expanded"},{"name":"Navegadores compatibles","content":"Firefox, Safari, Opera, Chrome, Edge","_state":"expanded"}],"tags":[],"tags_disable_links":"0","hide_more_platforms":"","video_object":"","demo_hide_cta":"0","demo_hide_cloud_options":"0","pricing_title":"","pricing":[{"pricing_icon":"platform","pricing_title":" Elfsight Apps","pricing_title_caption":"Soluci\u00f3n multiplataforma - valido para cualquier p\u00e1gina web","pricing_price":"desde $0 por mes","pricing_price_caption":"empezar con un plan gratuito","pricing_benefits":[{"text":"Sitios web ilimitados"},{"text":"Atenci\u00f3n al cliente gratuita y r\u00e1pida"},{"text":"Servicio de instalaci\u00f3n gratuito"},{"text":"Totalmente personalizable"}],"pricing_button_text":"Agregar al sitio web","pricing_button_url":"#demo","_state":"expanded"}],"related_apps_title":"","related_apps_hidden":"1","author":"","image":[],"title":"","job":"","social_networks":[]},"_links":{"self":[{"href":"https:\/\/elfsight.com\/es\/wp-json\/wp\/v2\/pages\/3392","targetHints":{"allow":["GET"]}}],"collection":[{"href":"https:\/\/elfsight.com\/es\/wp-json\/wp\/v2\/pages"}],"about":[{"href":"https:\/\/elfsight.com\/es\/wp-json\/wp\/v2\/types\/page"}],"author":[{"embeddable":true,"href":"https:\/\/elfsight.com\/es\/wp-json\/wp\/v2\/users\/18"}],"replies":[{"embeddable":true,"href":"https:\/\/elfsight.com\/es\/wp-json\/wp\/v2\/comments?post=3392"}],"version-history":[{"count":3,"href":"https:\/\/elfsight.com\/es\/wp-json\/wp\/v2\/pages\/3392\/revisions"}],"predecessor-version":[{"id":17877,"href":"https:\/\/elfsight.com\/es\/wp-json\/wp\/v2\/pages\/3392\/revisions\/17877"}],"up":[{"embeddable":true,"href":"https:\/\/elfsight.com\/es\/wp-json\/wp\/v2\/pages\/690"}],"wp:attachment":[{"href":"https:\/\/elfsight.com\/es\/wp-json\/wp\/v2\/media?parent=3392"}],"curies":[{"name":"wp","href":"https:\/\/api.w.org\/{rel}","templated":true}]}}