{"id":2891,"date":"2021-12-20T11:10:46","date_gmt":"2021-12-20T11:10:46","guid":{"rendered":"https:\/\/elfsight.com\/es\/?page_id=2891"},"modified":"2021-12-20T11:34:37","modified_gmt":"2021-12-20T11:34:37","slug":"sitejet-widgets","status":"publish","type":"page","link":"https:\/\/elfsight.com\/es\/sitejet-widgets\/","title":{"rendered":"Sitejet widgets"},"content":{"rendered":"\n<h2>Las herramientas excelente para cualquier objetivo de su sitio web de Sitejet <\/h2>\n<p>Durante una serie de a\u00f1os, nuestro equipo de Elfsight de expertos produce los widgets plug-and-play y ajustables para usted. Elfsight constantemente ofrece a Usted un servicio premium y una tasa de  carga impresionante. Elfsight Apps Services contribuyen a muchas negocios, no lucrativos y muchos otros propietarios de sitios web alrededor del mundo para resolver los problemas b\u00e1sicos de los sitios web de manera m\u00e1s racionalmente. <\/p>\n<p>Simplemente adherir los widgets en su sitio web usted tendr\u00e1 una oportunidad para levantar tasa de ventas, demostrar comentarios de 5-estrellas sobre sus servicios, potenciar buena actitud de su marca. Tarifas diferian desde gratis hasta premium. F\u00e1cilmente a\u00f1adir cualquier widgets requerido en su sitio web, utilizando nuestra demo en vivo y v\u00e9ase cu\u00e1nto ser\u00e1 \u00fatil en t\u00e9rminos de crecimiento de su sitio web de servicio. <\/p>\n\n<h2> \n\u00bfPor qu\u00e9 nuestra Sitejet plugins tiene tan \u00fanicas soluci\u00f3nes para usted?<\/h2>\n\n<p>Mira una lista de fortalezas prominentes de nuestros widgets, que ayudan que estamos antes de  rivales:<\/p>\n\n<ul>\n<li>Respuesta gratis y r\u00e1pida con la instalaci\u00f3n o personalizaci\u00f3n de widgets;<\/li>\n<li>Adaptabilidad a todas resoluciones de dispositivo;<\/li>\n<li>Ya no es necesario tener un equipo de desarrolladores;<\/li>\n<li> Una n\u00famero grande de oportunidades de ajuste;<\/li>\n<li>Servicio aseguran avanzar la velocidad de carga;<\/li>\n<li> Actualizaciones permanente ;<\/li>\n<li>Cuotas razonables del precio;<\/li>\n<li>Asistencia profesional para cualquier cuestiones .<\/li>\n<\/ul>\n\n<p>Evalue plan Lite gratuito de nuestros widgets y sus funciones o instala cualquier herramienta deseada|proporcionada|con un 20% de cup\u00f3n. <p>\n\n\n<h2>C\u00f3mo usar Elfsight plugins en su plataforma de Sitejet<\/h2>\n\n<p>Para a\u00f1adir nuestra soluciones de widgets, v\u00e9ase  los  de la gu\u00eda sin complicaciones: <\/p>\n\n<ol>\n<li>Abre la soluci\u00f3n suficiente; <\/li>\n<li> Configura  ajustes  como necesites; <\/li>\n<li> Hace clic en \u00abguardar los cambios\u00bb;<\/li>\n<li> Hace clic en el c\u00f3digo obtenido;<\/li>\n<li>Insertarlo en el lugar disponible de su sitio web o plantilla;<\/li>\n<li>La integraci\u00f3n del plugin est\u00e1 totalmente finalizado.<\/li>\n<\/ol>\n\n<p>Si usted necesita una recomendaci\u00f3n, por favor no dudes en contactar con  especialistas de soporte.<\/p>\n\n<div class=\"faq\" data-component=\"FAQ\">\n<div class=\"faq-item\">\r\n\t\t\t\t\t<div class=\"faq-item-question\">\r\n\t\t\t\t\t\t<h3 class=\"faq-item-question-text\">\u00bfC\u00f3mo  incorporar las widgets mi tema de Sitejet?<\/h3>\r\n\r\n\t\t\t\t\t\t<div class=\"faq-item-question-icon\"><\/div>\r\n\t\t\t\t\t<\/div>\r\n\r\n\t\t\t\t\t<div class=\"faq-item-answer\">\r\n\t\t\t\t\t\t<div class=\"faq-item-answer-text\">\n\n<p> Usted puede integrar las widgets en su sitio web a disposici\u00f3n. Simplemente ir a el panel de administrador y segue estos pasos:<\/p>\n<ol>\n<li>Haga clic en la configuraci\u00f3n del tema;<\/li>\n<li>Elege el bloque en el que  integrar la widget; <\/li>\n<li>A\u00f1ade su c\u00f3digo de el Elfsight Apps servicio y aplica sus modificaciones. <\/li>\n<p>Ya has terminado.<\/p>\n<\/ol>\n<\/div>\r\n\t\t\t\t\t<\/div>\r\n\t\t\t\t<\/div>\n\n\n<div class=\"faq-item\">\r\n\t\t\t\t\t<div class=\"faq-item-question\">\r\n\t\t\t\t\t\t<h3 class=\"faq-item-question-text\">\u00bfCu\u00e1les son las versiones y plantillas de Sitejet con las que se puede ser un buen coincidencia para widget?<\/h3>\r\n\r\n\t\t\t\t\t\t<div class=\"faq-item-question-icon\"><\/div>\r\n\t\t\t\t\t<\/div>\r\n\r\n\t\t\t\t\t<div class=\"faq-item-answer\">\r\n\t\t\t\t\t\t<div class=\"faq-item-answer-text\">\n\nElfsight widgets se adaptan a cualquier opci\u00f3n de temas de la Sitejet sitio web. que siempre se asegurar\u00e1 una eficiencia duradera de las herramientas.\n\n<\/div>\r\n\t\t\t\t\t<\/div>\r\n\t\t\t\t<\/div>\n\n<div class=\"faq-item\">\r\n\t\t\t\t\t<div class=\"faq-item-question\">\r\n\t\t\t\t\t\t<h3 class=\"faq-item-question-text\">\u00bfD\u00f3nde puedo ver toda la informaci\u00f3n sobre widgets? <\/h3>\r\n\r\n\t\t\t\t\t\t<div class=\"faq-item-question-icon\"><\/div>\r\n\t\t\t\t\t<\/div>\r\n\r\n\t\t\t\t\t<div class=\"faq-item-answer\">\r\n\t\t\t\t\t\t<div class=\"faq-item-answer-text\">\n\nUstedes pueden alterar todos los cambios deseados en caracter\u00edsticas de configuraci\u00f3n en nuestro panel de administraci\u00f3n f\u00e1cil de gestionar de Elfsight.\n<\/div>\r\n\t\t\t\t\t<\/div>\r\n\t\t\t\t<\/div>\n\n\n<div class=\"faq-item\">\r\n\t\t\t\t\t<div class=\"faq-item-question\">\r\n\t\t\t\t\t\t<h3 class=\"faq-item-question-text\">\u00bfEs posible enviar un mensaje a Elfsight centro de Ayuda en el caso de yo tengo una suscripci\u00f3n gratuita?<\/h3>\r\n\r\n\t\t\t\t\t\t<div class=\"faq-item-question-icon\"><\/div>\r\n\t\t\t\t\t<\/div>\r\n\r\n\t\t\t\t\t<div class=\"faq-item-answer\">\r\n\t\t\t\t\t\t<div class=\"faq-item-answer-text\">\n\n<p>Todos nuestros clientes tienen la posibilidad de contactar con conocidos especialistas altamente cualificados de Elfsight para pedir asistencia sobre el uso de las soluciones.<\/p> \n<\/div>\r\n\t\t\t\t\t<\/div>\r\n\t\t\t\t<\/div>\n<\/div>\n","protected":false},"excerpt":{"rendered":"Las herramientas excelente para cualquier objetivo de su sitio web de Sitejet Durante una serie de a\u00f1os, nuestro equipo de Elfsight de expertos produce los widgets plug-and-play y ajustables para usted. Elfsight constantemente ofrece a Usted un servicio premium y una tasa de carga impresionante. Elfsight Apps Services contribuyen a&#8230;","protected":false},"author":13,"featured_media":0,"parent":0,"menu_order":0,"comment_status":"closed","ping_status":"closed","template":"templates\/template-platform.php","meta":{"publish_to_discourse":"","publish_post_category":"","wpdc_auto_publish_overridden":"","wpdc_topic_tags":"","wpdc_pin_topic":"","wpdc_pin_until":"","discourse_post_id":"","discourse_permalink":"","wpdc_publishing_response":"","wpdc_publishing_error":"","footnotes":""},"class_list":["post-2891","page","type-page","status-publish","hentry"],"yoast_head":"<!-- This site is optimized with the Yoast SEO plugin v25.3.1 - https:\/\/yoast.com\/wordpress\/plugins\/seo\/ -->\n<title>80+ mejores widgets de SiteJet | Widgets gratuitos de Sitejet [2025]<\/title>\n<meta name=\"description\" content=\"Colecci\u00f3n de widgets y plugins exclusivamente para p\u00e1ginas web de Sitejet. Ayuda a la personalizaci\u00f3n y conjunto de opciones ricas.\" \/>\n<meta name=\"robots\" content=\"index, follow, max-snippet:-1, max-image-preview:large, max-video-preview:-1\" \/>\n<link rel=\"canonical\" href=\"https:\/\/elfsight.com\/es\/sitejet-widgets\/\" \/>\n<meta property=\"og:locale\" content=\"es_ES\" \/>\n<meta property=\"og:type\" content=\"article\" \/>\n<meta property=\"og:title\" content=\"80+ mejores widgets de SiteJet | Widgets gratuitos de Sitejet [2025]\" \/>\n<meta property=\"og:description\" content=\"Colecci\u00f3n de widgets y plugins exclusivamente para p\u00e1ginas web de Sitejet. Ayuda a la personalizaci\u00f3n y conjunto de opciones ricas.\" \/>\n<meta property=\"og:url\" content=\"https:\/\/elfsight.com\/es\/sitejet-widgets\/\" \/>\n<meta property=\"og:site_name\" content=\"Elfsight ES\" \/>\n<meta property=\"article:modified_time\" content=\"2021-12-20T11:34:37+00:00\" \/>\n<meta name=\"twitter:card\" content=\"summary_large_image\" \/>\n<meta name=\"twitter:label1\" content=\"Tiempo de lectura\" \/>\n\t<meta name=\"twitter:data1\" content=\"3 minutos\" \/>\n<!-- \/ Yoast SEO plugin. -->","yoast_head_json":{"title":"80+ mejores widgets de SiteJet | Widgets gratuitos de Sitejet [2025]","description":"Colecci\u00f3n de widgets y plugins exclusivamente para p\u00e1ginas web de Sitejet. Ayuda a la personalizaci\u00f3n y conjunto de opciones ricas.","robots":{"index":"index","follow":"follow","max-snippet":"max-snippet:-1","max-image-preview":"max-image-preview:large","max-video-preview":"max-video-preview:-1"},"canonical":"https:\/\/elfsight.com\/es\/sitejet-widgets\/","og_locale":"es_ES","og_type":"article","og_title":"80+ mejores widgets de SiteJet | Widgets gratuitos de Sitejet [2025]","og_description":"Colecci\u00f3n de widgets y plugins exclusivamente para p\u00e1ginas web de Sitejet. Ayuda a la personalizaci\u00f3n y conjunto de opciones ricas.","og_url":"https:\/\/elfsight.com\/es\/sitejet-widgets\/","og_site_name":"Elfsight ES","article_modified_time":"2021-12-20T11:34:37+00:00","twitter_card":"summary_large_image","twitter_misc":{"Tiempo de lectura":"3 minutos"},"schema":{"@context":"https:\/\/schema.org","@graph":[{"@type":"WebPage","@id":"https:\/\/elfsight.com\/es\/sitejet-widgets\/","url":"https:\/\/elfsight.com\/es\/sitejet-widgets\/","name":"80+ mejores widgets de SiteJet | Widgets gratuitos de Sitejet [2025]","isPartOf":{"@id":"https:\/\/elfsight.com\/es\/#website"},"datePublished":"2021-12-20T11:10:46+00:00","dateModified":"2021-12-20T11:34:37+00:00","description":"Colecci\u00f3n de widgets y plugins exclusivamente para p\u00e1ginas web de Sitejet. Ayuda a la personalizaci\u00f3n y conjunto de opciones ricas.","breadcrumb":{"@id":"https:\/\/elfsight.com\/es\/sitejet-widgets\/#breadcrumb"},"inLanguage":"es","potentialAction":[{"@type":"ReadAction","target":["https:\/\/elfsight.com\/es\/sitejet-widgets\/"]}]},{"@type":"BreadcrumbList","@id":"https:\/\/elfsight.com\/es\/sitejet-widgets\/#breadcrumb","itemListElement":[{"@type":"ListItem","position":1,"name":"Home","item":"https:\/\/elfsight.com\/es\/"},{"@type":"ListItem","position":2,"name":"Sitejet widgets"}]},{"@type":"WebSite","@id":"https:\/\/elfsight.com\/es\/#website","url":"https:\/\/elfsight.com\/es\/","name":"Elfsight ES","description":"Just another Elfsight Sites site","potentialAction":[{"@type":"SearchAction","target":{"@type":"EntryPoint","urlTemplate":"https:\/\/elfsight.com\/es\/?s={search_term_string}"},"query-input":{"@type":"PropertyValueSpecification","valueRequired":true,"valueName":"search_term_string"}}],"inLanguage":"es"}]}},"meta_box":{"industry":"","seo_heading":"","heading":"","description":"","cta_heading":"","cta_description":"","application":"","h1":"Los mejores widgets de Sitejet","h1_caption":"Surtido gratuita de plugins listos para usar con funcionalidad escala completa para ganar m\u00e1s de inter\u00e9s de ventas y obtener todos metas esenciales promocionales. Configuraci\u00f3n f\u00e1cil de llevar, un conjunto amplio de configuraci\u00f3n de ajuste y soporte al cliente experto.","application_category":[],"applications_title":"Mira a selecci\u00f3n llena de todos plugins gratuitos para el sitio web","applications_request_title":"","applications_request_button_text":"","hero_text":"","hero_video":"","hero_video_schema_markup":"","selling_points_title":"","selling_points_caption":"","selling_points":[],"selling_points_cta_text":"","features_title":"","features":"","ed_cta_examples_text":"","ed_cta_examples_hidden":"","ed_cta_demo_text":"","ed_cta_demo_hidden":"","why_caption":"","why_editor_title":"","why_editor_text":"","why_team_title":"","why_team_text":"","why_service_title":"","why_service_text":"","template_catalog_visible":"","template_catalog_title":"","template_catalog_text":"","template_catalog_categories_visible":"","demo_title":"","demo_caption":"","default_faq_hidden":"","app_template_category":[],"platform":"2872","template_public_id":"","codecanyon_url":"","codecanyon_item_id":"","codecanyon_price":"","pricing_caption":"","pricing_elfsight_apps_hide_column":"","pricing_elfsight_apps_url":"","pricing_codecanyon_price_caption":"","integration_category":[],"integration_request_title":"","integration_request_cta":"","integration_platform":"","integrations":[],"platform_category":[],"video_schema_markup":"","price":"","trial":"","benefits":[],"button_url":"","button_target_blank":"","button_nofollow":"","attributes":[],"tags":[],"tags_disable_links":"","hide_more_platforms":"","video_object":"","demo_hide_cta":"","demo_hide_cloud_options":"","pricing_title":"","pricing":[],"related_apps_title":"","related_apps_hidden":"","author":"","image":[],"title":"","job":"","social_networks":[]},"_links":{"self":[{"href":"https:\/\/elfsight.com\/es\/wp-json\/wp\/v2\/pages\/2891","targetHints":{"allow":["GET"]}}],"collection":[{"href":"https:\/\/elfsight.com\/es\/wp-json\/wp\/v2\/pages"}],"about":[{"href":"https:\/\/elfsight.com\/es\/wp-json\/wp\/v2\/types\/page"}],"author":[{"embeddable":true,"href":"https:\/\/elfsight.com\/es\/wp-json\/wp\/v2\/users\/13"}],"replies":[{"embeddable":true,"href":"https:\/\/elfsight.com\/es\/wp-json\/wp\/v2\/comments?post=2891"}],"version-history":[{"count":4,"href":"https:\/\/elfsight.com\/es\/wp-json\/wp\/v2\/pages\/2891\/revisions"}],"predecessor-version":[{"id":2911,"href":"https:\/\/elfsight.com\/es\/wp-json\/wp\/v2\/pages\/2891\/revisions\/2911"}],"wp:attachment":[{"href":"https:\/\/elfsight.com\/es\/wp-json\/wp\/v2\/media?parent=2891"}],"curies":[{"name":"wp","href":"https:\/\/api.w.org\/{rel}","templated":true}]}}