{"id":2888,"date":"2021-12-20T11:06:49","date_gmt":"2021-12-20T11:06:49","guid":{"rendered":"https:\/\/elfsight.com\/es\/?page_id=2888"},"modified":"2021-12-20T11:32:34","modified_gmt":"2021-12-20T11:32:34","slug":"shopware-plugins","status":"publish","type":"page","link":"https:\/\/elfsight.com\/es\/shopware-plugins\/","title":{"rendered":"Shopware Plugins"},"content":{"rendered":"\n<h2>Elfsight Apps Service perfecto para cualquier objetivo de su sitio web de Shopware <\/h2>\n<p>Durante varios a\u00f1os, nuestro equipo de Elfsight de profesionales crea los plugins convenientes y flexibles para su sitio web. Elfsight constantemente garantizamos a Usted un apoyo profesional y una velocidad de carga impresionante. Elfsight Apps Services ayudan a un mont\u00f3n de ecomercio, educativos y otros propietarios de sitios web en diferentes partes del mundo para resolver las tareas vitales de los sitios web de manera m\u00e1s eficazmente. <\/p>\n<p>Simplemente instalar los plugins en su sitio web usted puede ampliar tasa de prospectos, mostrar  de 5-estrellas sobre sus ofertas, aumentar reputabilidad de su negocio. Tarifas son desde gratis hasta corporativo. R\u00e1pido implementar cualquier widgets escogido , utilizando nuestra demo en vivo y defina cu\u00e1nto podr\u00eda ser importante en t\u00e9rminos de promoci\u00f3n de su sitio web de servicio. <\/p>\n\n<h2> Por qu\u00e9 nuestra Shopware de plugins premium son herramientas para usted?<\/h2>\n\n<p>Comprueba una lista de funciones claves de nuestros widgets, que nos permiten que estamos mejor de  rivales:<\/p>\n\n<ul>\n<li>Asistencia gratis y prompida con la agregaci\u00f3n o adaptaci\u00f3n de widgets;<\/li>\n<li>Adaptaci\u00f3n autom\u00e1tica a cualquier par\u00e1metros de sitio web;<\/li>\n<li>No es necesario tener un equipo de desarrolladores;<\/li>\n<li> Una diversidad extensiva de oportunidades de personalizaci\u00f3n;<\/li>\n<li>Almacenamiento de datos aseguran avanzar la velocidad de carga;<\/li>\n<li>Todas las actualizaciones futuras son sin coste alguno y salen regularmente Actualizaciones frecuente ;<\/li>\n<li>Suscripciones justas del precio;<\/li>\n<li>Asistencia competente para cualquier problemas de usuarios.<\/li>\n<\/ul>\n\n<p>Suscribese en versi\u00f3n gratuita de nuestros plugins y actualiza su sitio web con sus funciones o solamente cualquier soluci\u00f3n deseada|proporcionada|con un 20% de cup\u00f3n. <\/p>\n\n\n<h2>C\u00f3mo implementar el plugins en su Shopware de plataforma<\/h2>\n\n<p>Con el fin de integrar los  herramientas de plugins, usa  los pasos de el tutorial simple: <\/p>\n\n<ol>\n<li>Empieza con la soluci\u00f3n suficiente; <\/li>\n<li> Configura  configuraci\u00f3n apropiado cuando sea necesario; <\/li>\n<li> Hace clic en el bot\u00f3n \u00abGuardar\u00bb;<\/li>\n<li> Hace clic en el c\u00f3digo recibido;<\/li>\n<li>A\u00f1ade el c\u00f3digo en el lugar adecuado de su sitio web o plantilla;<\/li>\n<li>\u00a1Hecho! Has totalmente integrado plugin.<\/li>\n<\/ol>\n\n<p>Si resulta se presentan algunas dificultades,  s\u00f3lo enviar correo electr\u00f3nico a Elfsight Centro de Soporte.<\/p>\n\n<div class=\"faq\" data-component=\"FAQ\">\n<div class=\"faq-item\">\r\n\t\t\t\t\t<div class=\"faq-item-question\">\r\n\t\t\t\t\t\t<h3 class=\"faq-item-question-text\">\u00bfC\u00f3mo  incorporar las plugins en mi tema de Shopware?<\/h3>\r\n\r\n\t\t\t\t\t\t<div class=\"faq-item-question-icon\"><\/div>\r\n\t\t\t\t\t<\/div>\r\n\r\n\t\t\t\t\t<div class=\"faq-item-answer\">\r\n\t\t\t\t\t\t<div class=\"faq-item-answer-text\">\n\n<p> Usted puede a\u00f1adir plugins a su sitio. S\u00f3lo ir a el tabla de administrador y hace las siguientes acciones:<\/p>\n<ol>\n<li>Selecciona la configuraci\u00f3n del tema;<\/li>\n<li>Elege el elemento en el que quieres integrar la plugin; <\/li>\n<li>incorpora el c\u00f3digo de  Elfsight Apps  y aplica las modificaciones. <\/li>\n<p>Todo est\u00e1 hecho.<\/p>\n\n<\/div>\r\n\t\t\t\t\t<\/div>\r\n\t\t\t\t<\/div>\n\n<div class=\"faq-item\">\r\n\t\t\t\t\t<div class=\"faq-item-question\">\r\n\t\t\t\t\t\t<h3 class=\"faq-item-question-text\">\u00bfCu\u00e1les son las versiones y temas de Shopware con las que se puede ser un buen coincidencia para plugin?<\/h3>\r\n\r\n\t\t\t\t\t\t<div class=\"faq-item-question-icon\"><\/div>\r\n\t\t\t\t\t<\/div>\r\n\r\n\t\t\t\t\t<div class=\"faq-item-answer\">\r\n\t\t\t\t\t\t<div class=\"faq-item-answer-text\">\n\nElfsight extensiones son buenas para cualquier versi\u00f3n de plantillas de la Shopware sitio. que siempre se asegurar\u00e1 un trabajo estable de nuestras soluciones.\n\n<\/div>\r\n\t\t\t\t\t<\/div>\r\n\t\t\t\t<\/div>\n\n<div class=\"faq-item\">\r\n\t\t\t\t\t<div class=\"faq-item-question\">\r\n\t\t\t\t\t\t<h3 class=\"faq-item-question-text\">\u00bfD\u00f3nde puedo ajustar el plugin? <\/h3>\r\n\r\n\t\t\t\t\t\t<div class=\"faq-item-question-icon\"><\/div>\r\n\t\t\t\t\t<\/div>\r\n\r\n\t\t\t\t\t<div class=\"faq-item-answer\">\r\n\t\t\t\t\t\t<div class=\"faq-item-answer-text\">\n\nUstedes podr\u00e1n hacer todos ajustes necesarios en caracter\u00edsticas de configuraci\u00f3n en  configurador f\u00e1cil de gestionar de Elfsight.\n<\/div>\r\n\t\t\t\t\t<\/div>\r\n\t\t\t\t<\/div>\n\n<div class=\"faq-item\">\r\n\t\t\t\t\t<div class=\"faq-item-question\">\r\n\t\t\t\t\t\t<h3 class=\"faq-item-question-text\">\u00bfHay una posibilidad contactar a  centro de Soporte en caso de yo necesito ayuda s\u00f3lo con la configuraci\u00f3n?<\/h3>\r\n\r\n\t\t\t\t\t\t<div class=\"faq-item-question-icon\"><\/div>\r\n\t\t\t\t\t<\/div>\r\n\r\n\t\t\t\t\t<div class=\"faq-item-answer\">\r\n\t\t\t\t\t\t<div class=\"faq-item-answer-text\">\n\n<p>Todos los usuarios pueden enviar un mensaje al equipo profesional de Apoyo para hacer una pregunta sobre el uso de Elfsight soluciones.<\/p> \n<\/div>\r\n\t\t\t\t\t<\/div>\r\n\t\t\t\t<\/div>\n<\/div>\n","protected":false},"excerpt":{"rendered":"Elfsight Apps Service perfecto para cualquier objetivo de su sitio web de Shopware Durante varios a\u00f1os, nuestro equipo de Elfsight de profesionales crea los plugins convenientes y flexibles para su sitio web. Elfsight constantemente garantizamos a Usted un apoyo profesional y una velocidad de carga impresionante. Elfsight Apps Services ayudan&#8230;","protected":false},"author":13,"featured_media":0,"parent":0,"menu_order":0,"comment_status":"closed","ping_status":"closed","template":"templates\/template-platform.php","meta":{"publish_to_discourse":"","publish_post_category":"","wpdc_auto_publish_overridden":"","wpdc_topic_tags":"","wpdc_pin_topic":"","wpdc_pin_until":"","discourse_post_id":"","discourse_permalink":"","wpdc_publishing_response":"","wpdc_publishing_error":"","footnotes":""},"class_list":["post-2888","page","type-page","status-publish","hentry"],"yoast_head":"<!-- This site is optimized with the Yoast SEO plugin v25.3.1 - https:\/\/yoast.com\/wordpress\/plugins\/seo\/ -->\n<title>80+ mejores plugins de Shopware | Extensiones gratuitas de Shopware<\/title>\n<meta name=\"description\" content=\"Selecci\u00f3n gratuita de widgets y plugins exclusivamente para p\u00e1ginas web de Shopware. Ayuda a la personalizaci\u00f3n y funcionalidad amplia.\" \/>\n<meta name=\"robots\" content=\"index, follow, max-snippet:-1, max-image-preview:large, max-video-preview:-1\" \/>\n<link rel=\"canonical\" href=\"https:\/\/elfsight.com\/es\/shopware-plugins\/\" \/>\n<meta property=\"og:locale\" content=\"es_ES\" \/>\n<meta property=\"og:type\" content=\"article\" \/>\n<meta property=\"og:title\" content=\"80+ mejores plugins de Shopware | Extensiones gratuitas de Shopware\" \/>\n<meta property=\"og:description\" content=\"Selecci\u00f3n gratuita de widgets y plugins exclusivamente para p\u00e1ginas web de Shopware. Ayuda a la personalizaci\u00f3n y funcionalidad amplia.\" \/>\n<meta property=\"og:url\" content=\"https:\/\/elfsight.com\/es\/shopware-plugins\/\" \/>\n<meta property=\"og:site_name\" content=\"Elfsight ES\" \/>\n<meta property=\"article:modified_time\" content=\"2021-12-20T11:32:34+00:00\" \/>\n<meta name=\"twitter:card\" content=\"summary_large_image\" \/>\n<meta name=\"twitter:label1\" content=\"Tiempo de lectura\" \/>\n\t<meta name=\"twitter:data1\" content=\"3 minutos\" \/>\n<!-- \/ Yoast SEO plugin. -->","yoast_head_json":{"title":"80+ mejores plugins de Shopware | Extensiones gratuitas de Shopware","description":"Selecci\u00f3n gratuita de widgets y plugins exclusivamente para p\u00e1ginas web de Shopware. Ayuda a la personalizaci\u00f3n y funcionalidad amplia.","robots":{"index":"index","follow":"follow","max-snippet":"max-snippet:-1","max-image-preview":"max-image-preview:large","max-video-preview":"max-video-preview:-1"},"canonical":"https:\/\/elfsight.com\/es\/shopware-plugins\/","og_locale":"es_ES","og_type":"article","og_title":"80+ mejores plugins de Shopware | Extensiones gratuitas de Shopware","og_description":"Selecci\u00f3n gratuita de widgets y plugins exclusivamente para p\u00e1ginas web de Shopware. Ayuda a la personalizaci\u00f3n y funcionalidad amplia.","og_url":"https:\/\/elfsight.com\/es\/shopware-plugins\/","og_site_name":"Elfsight ES","article_modified_time":"2021-12-20T11:32:34+00:00","twitter_card":"summary_large_image","twitter_misc":{"Tiempo de lectura":"3 minutos"},"schema":{"@context":"https:\/\/schema.org","@graph":[{"@type":"WebPage","@id":"https:\/\/elfsight.com\/es\/shopware-plugins\/","url":"https:\/\/elfsight.com\/es\/shopware-plugins\/","name":"80+ mejores plugins de Shopware | Extensiones gratuitas de Shopware","isPartOf":{"@id":"https:\/\/elfsight.com\/es\/#website"},"datePublished":"2021-12-20T11:06:49+00:00","dateModified":"2021-12-20T11:32:34+00:00","description":"Selecci\u00f3n gratuita de widgets y plugins exclusivamente para p\u00e1ginas web de Shopware. Ayuda a la personalizaci\u00f3n y funcionalidad amplia.","breadcrumb":{"@id":"https:\/\/elfsight.com\/es\/shopware-plugins\/#breadcrumb"},"inLanguage":"es","potentialAction":[{"@type":"ReadAction","target":["https:\/\/elfsight.com\/es\/shopware-plugins\/"]}]},{"@type":"BreadcrumbList","@id":"https:\/\/elfsight.com\/es\/shopware-plugins\/#breadcrumb","itemListElement":[{"@type":"ListItem","position":1,"name":"Home","item":"https:\/\/elfsight.com\/es\/"},{"@type":"ListItem","position":2,"name":"Shopware Plugins"}]},{"@type":"WebSite","@id":"https:\/\/elfsight.com\/es\/#website","url":"https:\/\/elfsight.com\/es\/","name":"Elfsight ES","description":"Just another Elfsight Sites site","potentialAction":[{"@type":"SearchAction","target":{"@type":"EntryPoint","urlTemplate":"https:\/\/elfsight.com\/es\/?s={search_term_string}"},"query-input":{"@type":"PropertyValueSpecification","valueRequired":true,"valueName":"search_term_string"}}],"inLanguage":"es"}]}},"meta_box":{"industry":"","seo_heading":"","heading":"","description":"","cta_heading":"","cta_description":"","application":"","h1":"Los mejores plugins de Shopware","h1_caption":"Serie gratuita de extensiones espl\u00e9ndidos con funcionalidad amplia para avanzar de usuario y alcanzar todos metas claves promocionales. Integraci\u00f3n f\u00e1cil, un conjunto ancho de configuraci\u00f3n de ajuste y asistencia al consumidor competente.","application_category":[],"applications_title":"Averigua variedad grande de absolutos widgets gratuitos para su sitio web","applications_request_title":"","applications_request_button_text":"","hero_text":"","hero_video":"","hero_video_schema_markup":"","selling_points_title":"","selling_points_caption":"","selling_points":[],"selling_points_cta_text":"","features_title":"","features":"","ed_cta_examples_text":"","ed_cta_examples_hidden":"","ed_cta_demo_text":"","ed_cta_demo_hidden":"","why_caption":"","why_editor_title":"","why_editor_text":"","why_team_title":"","why_team_text":"","why_service_title":"","why_service_text":"","template_catalog_visible":"","template_catalog_title":"","template_catalog_text":"","template_catalog_categories_visible":"","demo_title":"","demo_caption":"","default_faq_hidden":"","app_template_category":[],"platform":"2871","template_public_id":"","codecanyon_url":"","codecanyon_item_id":"","codecanyon_price":"","pricing_caption":"","pricing_elfsight_apps_hide_column":"","pricing_elfsight_apps_url":"","pricing_codecanyon_price_caption":"","integration_category":[],"integration_request_title":"","integration_request_cta":"","integration_platform":"","integrations":[],"platform_category":[],"video_schema_markup":"","price":"","trial":"","benefits":[],"button_url":"","button_target_blank":"","button_nofollow":"","attributes":[],"tags":[],"tags_disable_links":"","hide_more_platforms":"","video_object":"","demo_hide_cta":"","demo_hide_cloud_options":"","pricing_title":"","pricing":[],"related_apps_title":"","related_apps_hidden":"","author":"","image":[],"title":"","job":"","social_networks":[]},"_links":{"self":[{"href":"https:\/\/elfsight.com\/es\/wp-json\/wp\/v2\/pages\/2888","targetHints":{"allow":["GET"]}}],"collection":[{"href":"https:\/\/elfsight.com\/es\/wp-json\/wp\/v2\/pages"}],"about":[{"href":"https:\/\/elfsight.com\/es\/wp-json\/wp\/v2\/types\/page"}],"author":[{"embeddable":true,"href":"https:\/\/elfsight.com\/es\/wp-json\/wp\/v2\/users\/13"}],"replies":[{"embeddable":true,"href":"https:\/\/elfsight.com\/es\/wp-json\/wp\/v2\/comments?post=2888"}],"version-history":[{"count":3,"href":"https:\/\/elfsight.com\/es\/wp-json\/wp\/v2\/pages\/2888\/revisions"}],"predecessor-version":[{"id":2908,"href":"https:\/\/elfsight.com\/es\/wp-json\/wp\/v2\/pages\/2888\/revisions\/2908"}],"wp:attachment":[{"href":"https:\/\/elfsight.com\/es\/wp-json\/wp\/v2\/media?parent=2888"}],"curies":[{"name":"wp","href":"https:\/\/api.w.org\/{rel}","templated":true}]}}