{"id":2845,"date":"2021-11-16T12:50:59","date_gmt":"2021-11-16T12:50:59","guid":{"rendered":"https:\/\/elfsight.com\/es\/?page_id=2845"},"modified":"2025-02-06T15:26:08","modified_gmt":"2025-02-06T15:26:08","slug":"wordpress","status":"publish","type":"page","link":"https:\/\/elfsight.com\/es\/apple-app-store-reviews-widget\/wordpress\/","title":{"rendered":"Apple App Store Reviews &#8211; WordPress"},"content":{"rendered":"<div class=\"application-platform-content-item-description application-platform-content-item\" id=\"description\" data-nav-section=\"description\"><h2>Incorpore rese\u00f1as de Apple App Store en WordPress con el widget Elfsight<\/h2> <p>Elfsight Apple App Store Reviews es un pr\u00e1ctico widget que se utiliza para mostrar las rese\u00f1as sobre su negocio directamente en su sitio. Por medio de este widget, podr\u00e1 utilizar filtros para ocultar las rese\u00f1as no deseadas, demostrar su calificaci\u00f3n de estrellas y n\u00fameros, agregar datos sobre los autores de las rese\u00f1as y agregar una CTA que est\u00e1 ah\u00ed para motivar a los usuarios a publicar sus comentarios. Elfsight Apple Reviews le ayudar\u00e1 a presumir de su alta prueba social en su sitio y atraer nuevas ventas. <\/p><p><b>Desarrolle las ventas demostrando calificaciones notables y reconocimiento del cliente<\/b><\/p><\/div> <div class=\"application-platform-content-item-features application-platform-content-item\" id=\"features\" data-nav-section=\"features\"><h2>Caracter\u00edsticas principales del widget de rese\u00f1as de la App Store de Apple<\/h2> <p>Aqu\u00ed hay una lista de todas las caracter\u00edsticas del producto. Puedes gestionarlos directamente en el editor y te ayudar\u00e1n a crear el widget que mejor se adapte a tus necesidades. <\/p> <ul> <li>Elegir la velocidad de diapositiva y la velocidad de reproducci\u00f3n autom\u00e1tica; <\/li> <li>Una opci\u00f3n para seleccionar el tipo de paginaci\u00f3n en el dise\u00f1o del control deslizante; <\/li> <li>Ancho y alto responsivos del widget; <\/li> <li>Encabezado conmutable de la herramienta; <\/li> <\/ul> <p><a href=\"#demo\">Compruebe c\u00f3mo funcionan todas las funciones en nuestra demostraci\u00f3n<\/a><\/p> <\/div> <div class=\"application-platform-content-item-installation application-platform-content-item\" id=\"installation\" data-nav-section=\"installation\"><h2>\u00bfC\u00f3mo puedo agregar rese\u00f1as de Apple Store a WordPress? <\/h2> <p>Para integrar el widget, siga las siguientes pautas. <\/p> <ol><li><b>Inicie nuestro configurador gratuito y comience a trabajar con su complemento exclusivo. <\/b><br> Determine la interfaz y las caracter\u00edsticas preferibles del complemento y aplique todas las modificaciones. <\/li> <li><b>Copia tu c\u00f3digo personal que aparece en el cuadro de Elfsight Apps. <\/b><br> Inmediatamente despu\u00e9s de configurar su complemento personal, copie su c\u00f3digo en el cuadro que aparece y gu\u00e1rdelo para futuras ocasiones. <\/li> <li><b>Inicie el uso del complemento en su p\u00e1gina web de WordPress. <\/b><br>Integre el c\u00f3digo que ha copiado recientemente en su sitio web y guarde las ediciones. <\/li> <li><b>\u00a1Listo! La incrustaci\u00f3n se realiza con \u00e9xito. <\/b><br>Visite su sitio web para revisar el trabajo del complemento. <\/li><\/ol><p>No dudes en ponerte en contacto con nuestro servicio de atenci\u00f3n al cliente si necesitas ayuda o tienes preguntas. Nuestros especialistas estar\u00e1n encantados de ayudarle con cada consulta. <\/p> <div class=\"faq\" data-component=\"FAQ\"><div class=\"faq-item\">\r\n\t\t\t\t\t<div class=\"faq-item-question\">\r\n\t\t\t\t\t\t<h3 class=\"faq-item-question-text\">\u00bfC\u00f3mo puedo insertar el complemento de rese\u00f1as de Apple App Store en mi sitio web de WordPress en Webflow sin conocimientos de codificaci\u00f3n?<\/h3>\r\n\r\n\t\t\t\t\t\t<div class=\"faq-item-question-icon\"><\/div>\r\n\t\t\t\t\t<\/div>\r\n\r\n\t\t\t\t\t<div class=\"faq-item-answer\">\r\n\t\t\t\t\t\t<div class=\"faq-item-answer-text\"><p>Elfsight proporciona una soluci\u00f3n basada en la nube que permite a los usuarios crear ellos mismos un complemento de rese\u00f1as de Apple App Store. Observe lo sencillo que es el proceso:<\/p><ul><li>Acceda al editor en l\u00ednea para generar una secci\u00f3n del complemento de rese\u00f1as de la App Store de Apple que le gustar\u00eda integrar en su sitio web de WordPress en Webflow.<\/li><li>Seleccione una de nuestras plantillas predise\u00f1adas y personalice la configuraci\u00f3n del complemento de rese\u00f1as de la App Store de Apple, modifique el dise\u00f1o y la combinaci\u00f3n de colores, incluya su contenido sin necesidad de codificaci\u00f3n.<\/li><li>Guarde los ajustes que ha configurado para el complemento de rese\u00f1as de la App Store de Apple y obtenga el c\u00f3digo para incrustar el complemento, que se puede agregar f\u00e1cilmente a su sitio web de WordPress en Webflow sin costo alguno.<\/li><\/ul><p>Al trabajar en el editor f\u00e1cil de usar, cualquier usuario de Internet puede crear una secci\u00f3n del complemento de rese\u00f1as de la App Store de Apple e incrustarla en su sitio web de WordPress en Webflow. No es necesario realizar ning\u00fan pago ni revelar la informaci\u00f3n de su tarjeta para acceder al Editor de Elfsight. Si encuentra alguna dificultad en cualquier etapa, no dude en comunicarse con nuestro servicio de atenci\u00f3n al cliente.<\/p><\/div>\r\n\t\t\t\t\t<\/div>\r\n\t\t\t\t<\/div><\/div><\/div>","protected":false},"excerpt":{"rendered":"","protected":false},"author":13,"featured_media":0,"parent":565,"menu_order":0,"comment_status":"closed","ping_status":"closed","template":"templates\/template-application-platform.php","meta":{"publish_to_discourse":"","publish_post_category":"","wpdc_auto_publish_overridden":"","wpdc_topic_tags":"","wpdc_pin_topic":"","wpdc_pin_until":"","discourse_post_id":"","discourse_permalink":"","wpdc_publishing_response":"","wpdc_publishing_error":"","footnotes":""},"class_list":["post-2845","page","type-page","status-publish","hentry"],"yoast_head":"<!-- This site is optimized with the Yoast SEO plugin v25.3.1 - https:\/\/yoast.com\/wordpress\/plugins\/seo\/ -->\n<title>Inserte Apple Reviews en su sitio web de WordPress (f\u00e1cil y r\u00e1pido)<\/title>\n<meta name=\"description\" content=\"Incrusta Rese\u00f1as Apple App Store en su WordPress de sitio web. Pruebe la demo de Elfsight intuitiva y cree su plugin propio en poco tiempo.\" \/>\n<meta name=\"robots\" content=\"index, follow, max-snippet:-1, max-image-preview:large, max-video-preview:-1\" \/>\n<link rel=\"canonical\" href=\"https:\/\/elfsight.com\/es\/apple-app-store-reviews-widget\/wordpress\/\" \/>\n<meta property=\"og:locale\" content=\"es_ES\" \/>\n<meta property=\"og:type\" content=\"article\" \/>\n<meta property=\"og:title\" content=\"Inserte Apple Reviews en su sitio web de WordPress (f\u00e1cil y r\u00e1pido)\" \/>\n<meta property=\"og:description\" content=\"Incrusta Rese\u00f1as Apple App Store en su WordPress de sitio web. Pruebe la demo de Elfsight intuitiva y cree su plugin propio en poco tiempo.\" \/>\n<meta property=\"og:url\" content=\"https:\/\/elfsight.com\/es\/apple-app-store-reviews-widget\/wordpress\/\" \/>\n<meta property=\"og:site_name\" content=\"Elfsight ES\" \/>\n<meta property=\"article:modified_time\" content=\"2025-02-06T15:26:08+00:00\" \/>\n<meta name=\"twitter:card\" content=\"summary_large_image\" \/>\n<meta name=\"twitter:label1\" content=\"Tiempo de lectura\" \/>\n\t<meta name=\"twitter:data1\" content=\"2 minutos\" \/>\n<!-- \/ Yoast SEO plugin. -->","yoast_head_json":{"title":"Inserte Apple Reviews en su sitio web de WordPress (f\u00e1cil y r\u00e1pido)","description":"Incrusta Rese\u00f1as Apple App Store en su WordPress de sitio web. Pruebe la demo de Elfsight intuitiva y cree su plugin propio en poco tiempo.","robots":{"index":"index","follow":"follow","max-snippet":"max-snippet:-1","max-image-preview":"max-image-preview:large","max-video-preview":"max-video-preview:-1"},"canonical":"https:\/\/elfsight.com\/es\/apple-app-store-reviews-widget\/wordpress\/","og_locale":"es_ES","og_type":"article","og_title":"Inserte Apple Reviews en su sitio web de WordPress (f\u00e1cil y r\u00e1pido)","og_description":"Incrusta Rese\u00f1as Apple App Store en su WordPress de sitio web. Pruebe la demo de Elfsight intuitiva y cree su plugin propio en poco tiempo.","og_url":"https:\/\/elfsight.com\/es\/apple-app-store-reviews-widget\/wordpress\/","og_site_name":"Elfsight ES","article_modified_time":"2025-02-06T15:26:08+00:00","twitter_card":"summary_large_image","twitter_misc":{"Tiempo de lectura":"2 minutos"},"schema":{"@context":"https:\/\/schema.org","@graph":[{"@type":"WebPage","@id":"https:\/\/elfsight.com\/es\/apple-app-store-reviews-widget\/wordpress\/","url":"https:\/\/elfsight.com\/es\/apple-app-store-reviews-widget\/wordpress\/","name":"Inserte Apple Reviews en su sitio web de WordPress (f\u00e1cil y r\u00e1pido)","isPartOf":{"@id":"https:\/\/elfsight.com\/es\/#website"},"datePublished":"2021-11-16T12:50:59+00:00","dateModified":"2025-02-06T15:26:08+00:00","description":"Incrusta Rese\u00f1as Apple App Store en su WordPress de sitio web. Pruebe la demo de Elfsight intuitiva y cree su plugin propio en poco tiempo.","breadcrumb":{"@id":"https:\/\/elfsight.com\/es\/apple-app-store-reviews-widget\/wordpress\/#breadcrumb"},"inLanguage":"es","potentialAction":[{"@type":"ReadAction","target":["https:\/\/elfsight.com\/es\/apple-app-store-reviews-widget\/wordpress\/"]}]},{"@type":"BreadcrumbList","@id":"https:\/\/elfsight.com\/es\/apple-app-store-reviews-widget\/wordpress\/#breadcrumb","itemListElement":[{"@type":"ListItem","position":1,"name":"Home","item":"https:\/\/elfsight.com\/es\/"},{"@type":"ListItem","position":2,"name":"Apple App Store Reviews","item":"https:\/\/elfsight.com\/es\/apple-app-store-reviews-widget\/"},{"@type":"ListItem","position":3,"name":"Apple App Store Reviews &#8211; WordPress"}]},{"@type":"WebSite","@id":"https:\/\/elfsight.com\/es\/#website","url":"https:\/\/elfsight.com\/es\/","name":"Elfsight ES","description":"Just another Elfsight Sites site","potentialAction":[{"@type":"SearchAction","target":{"@type":"EntryPoint","urlTemplate":"https:\/\/elfsight.com\/es\/?s={search_term_string}"},"query-input":{"@type":"PropertyValueSpecification","valueRequired":true,"valueName":"search_term_string"}}],"inLanguage":"es"}]}},"meta_box":{"industry":"","seo_heading":"","heading":"","description":"","cta_heading":"","cta_description":"","application":"564","h1":"Complemento de WordPress de Rese\u00f1as Apple App Store","h1_caption":"Incruste rese\u00f1as del complemento de su tienda de complementos de Apple para generar credibilidad y fomentar m\u00e1s descargas en su sitio web de WordPress sin esfuerzo.","application_category":[],"applications_title":"","applications_request_title":"","applications_request_button_text":"","hero_text":"","hero_video":"","hero_video_schema_markup":"","selling_points_title":"","selling_points_caption":"","selling_points":[],"selling_points_cta_text":"","features_title":"","features":"","ed_cta_examples_text":"","ed_cta_examples_hidden":"","ed_cta_demo_text":"","ed_cta_demo_hidden":"","why_caption":"","why_editor_title":"","why_editor_text":"","why_team_title":"","why_team_text":"","why_service_title":"","why_service_text":"","template_catalog_visible":"","template_catalog_title":"","template_catalog_text":"","template_catalog_categories_visible":"","demo_title":"Crea tu complemento de rese\u00f1as de la App Store de Apple","demo_caption":"\u00a1Configure sus rese\u00f1as de Apple App Store y agr\u00e9guelas a su sitio web de WordPress de forma gratuita!","default_faq_hidden":"","app_template_category":[],"platform":"115","template_public_id":"","codecanyon_url":"","codecanyon_item_id":"","codecanyon_price":"","pricing_caption":"","pricing_elfsight_apps_hide_column":"","pricing_elfsight_apps_url":"","pricing_codecanyon_price_caption":"","integration_category":[],"integration_request_title":"","integration_request_cta":"","integration_platform":"","integrations":[],"platform_category":[],"video_schema_markup":"","price":"desde $0 por mes","trial":"","benefits":[{"text":"Instalaci\u00f3n gratuita"},{"text":"Soporte Premium"},{"text":"14 d\u00edas garant\u00eda de reembolso"},{"text":"Actualizaciones regulares"}],"button_url":"#demo","button_target_blank":"0","button_nofollow":"0","attributes":[{"name":"Responsivo","content":"Si","_state":"expanded"},{"name":"Navegadores compatibles","content":"Firefox, Safari, Opera, Chrome, Edge","_state":"expanded"}],"tags":[],"tags_disable_links":"0","hide_more_platforms":"","video_object":"","demo_hide_cta":"0","demo_hide_cloud_options":"0","pricing_title":"","pricing":[{"pricing_icon":"platform","pricing_title":" Elfsight Apps","pricing_title_caption":"Soluci\u00f3n multiplataforma - valido para cualquier p\u00e1gina web","pricing_price":"desde $0 por mes","pricing_price_caption":"empezar con un plan gratuito","pricing_benefits":[{"text":"Sitios web ilimitados"},{"text":"Atenci\u00f3n al cliente gratuita y r\u00e1pida"},{"text":"Servicio de instalaci\u00f3n gratuito"},{"text":"Totalmente personalizable"}],"pricing_button_text":"Agregar al sitio web","pricing_button_url":"#demo","_state":"expanded"}],"related_apps_title":"","related_apps_hidden":"1","author":"","image":[],"title":"","job":"","social_networks":[]},"_links":{"self":[{"href":"https:\/\/elfsight.com\/es\/wp-json\/wp\/v2\/pages\/2845","targetHints":{"allow":["GET"]}}],"collection":[{"href":"https:\/\/elfsight.com\/es\/wp-json\/wp\/v2\/pages"}],"about":[{"href":"https:\/\/elfsight.com\/es\/wp-json\/wp\/v2\/types\/page"}],"author":[{"embeddable":true,"href":"https:\/\/elfsight.com\/es\/wp-json\/wp\/v2\/users\/13"}],"replies":[{"embeddable":true,"href":"https:\/\/elfsight.com\/es\/wp-json\/wp\/v2\/comments?post=2845"}],"version-history":[{"count":5,"href":"https:\/\/elfsight.com\/es\/wp-json\/wp\/v2\/pages\/2845\/revisions"}],"predecessor-version":[{"id":18279,"href":"https:\/\/elfsight.com\/es\/wp-json\/wp\/v2\/pages\/2845\/revisions\/18279"}],"up":[{"embeddable":true,"href":"https:\/\/elfsight.com\/es\/wp-json\/wp\/v2\/pages\/565"}],"wp:attachment":[{"href":"https:\/\/elfsight.com\/es\/wp-json\/wp\/v2\/media?parent=2845"}],"curies":[{"name":"wp","href":"https:\/\/api.w.org\/{rel}","templated":true}]}}