{"id":2838,"date":"2021-11-16T12:36:34","date_gmt":"2021-11-16T12:36:34","guid":{"rendered":"https:\/\/elfsight.com\/es\/?page_id=2838"},"modified":"2025-02-06T15:26:17","modified_gmt":"2025-02-06T15:26:17","slug":"wordpress","status":"publish","type":"page","link":"https:\/\/elfsight.com\/es\/airbnb-reviews-widget\/wordpress\/","title":{"rendered":"Airbnb Reviews &#8211; WordPress"},"content":{"rendered":"<div class=\"application-platform-content-item-description application-platform-content-item\" id=\"description\" data-nav-section=\"description\"> <h2>Incorpore rese\u00f1as de Airbnb en WordPress con el widget Elfsight<\/h2> <p>Si necesita revelar su alta calificaci\u00f3n y convencer a los visitantes del sitio web de que su alojamiento es popular, el widget de rese\u00f1as de Airbnb de Elfsight ser\u00e1 la elecci\u00f3n correcta. Con este widget, podr\u00e1 colocar las rese\u00f1as de los usuarios de Airbnb en su sitio web con informaci\u00f3n sobre sus autores, usar filtros para mostrar solo lo mejor, mostrar calificaciones y un bot\u00f3n de redireccionamiento que llevar\u00e1 a las personas a su p\u00e1gina de Airbnb para que puedan escribir su rese\u00f1a. <\/p> <div class=\"faq\" data-component=\"FAQ\"><div class=\"faq-item\">\r\n\t\t\t\t\t<div class=\"faq-item-question\">\r\n\t\t\t\t\t\t<h3 class=\"faq-item-question-text\">\u00bfC\u00f3mo puedo agregar rese\u00f1as de usuarios de Airbnb en mi sitio web de WordPress?<\/h3>\r\n\r\n\t\t\t\t\t\t<div class=\"faq-item-question-icon\"><\/div>\r\n\t\t\t\t\t<\/div>\r\n\r\n\t\t\t\t\t<div class=\"faq-item-answer\">\r\n\t\t\t\t\t\t<div class=\"faq-item-answer-text\"><p>Simplemente cree su complemento, luego modifique su dise\u00f1o y guarde los cambios. Copie el c\u00f3digo de su complemento y agr\u00e9guelo al dise\u00f1o que est\u00e1 utilizando. <\/p><\/div>\r\n\t\t\t\t\t<\/div>\r\n\t\t\t\t<\/div><div class=\"faq-item\">\r\n\t\t\t\t\t<div class=\"faq-item-question\">\r\n\t\t\t\t\t\t<h3 class=\"faq-item-question-text\">\u00bfC\u00f3mo obtener rese\u00f1as de los clientes de Airbnb sobre las p\u00e1ginas de productos?<\/h3>\r\n\r\n\t\t\t\t\t\t<div class=\"faq-item-question-icon\"><\/div>\r\n\t\t\t\t\t<\/div>\r\n\r\n\t\t\t\t\t<div class=\"faq-item-answer\">\r\n\t\t\t\t\t\t<div class=\"faq-item-answer-text\"><p>Puedes hacerlo f\u00e1cilmente con la ayuda de un bot\u00f3n de llamada a la acci\u00f3n. Al hacer clic en \u00e9l, los usuarios ser\u00e1n transferidos directamente a su perfil. <\/p><\/div>\r\n\t\t\t\t\t<\/div>\r\n\t\t\t\t<\/div><div class=\"faq-item\">\r\n\t\t\t\t\t<div class=\"faq-item-question\">\r\n\t\t\t\t\t\t<h3 class=\"faq-item-question-text\">\u00bfPuedo dise\u00f1ar una extensi\u00f3n de calificaci\u00f3n\/plantilla de insignia de Airbnb?<\/h3>\r\n\r\n\t\t\t\t\t\t<div class=\"faq-item-question-icon\"><\/div>\r\n\t\t\t\t\t<\/div>\r\n\r\n\t\t\t\t\t<div class=\"faq-item-answer\">\r\n\t\t\t\t\t\t<div class=\"faq-item-answer-text\"><p>Siga los pasos de la sencilla gu\u00eda que aparece a continuaci\u00f3n: <\/p><ol><li>Utilice nuestra demostraci\u00f3n y comience a crear su complemento personalizado. <\/li> <li>Personalice la funcionalidad del complemento y guarde los ajustes esenciales. <\/li><li>Recibe tu c\u00f3digo individual que aparece en la ventana. <\/li> <li>Inserte el c\u00f3digo del complemento en su p\u00e1gina de inicio y gu\u00e1rdelo. <\/li><li>\u00a1Felicidades! Ha implementado sin problemas el widget de Elfsight en la p\u00e1gina. <\/li><\/div>\r\n\t\t\t\t\t<\/div>\r\n\t\t\t\t<\/div><\/div><\/div> <div class=\"application-platform-content-item-features application-platform-content-item\" id=\"features\" data-nav-section=\"features\"> <h2>Caracter\u00edsticas principales del widget de Rese\u00f1as de Airbnb<\/h2> <p>Aqu\u00ed est\u00e1 la lista de las funciones y caracter\u00edsticas principales de nuestro widget. Lo hacen realmente eficiente para ti:<\/p> <ul> <li>3 opciones de filtros: por tipo, excluir por y cantidad de rese\u00f1as para mostrar;<\/li> <li>El bot\u00f3n activo para publicar una rese\u00f1a m\u00e1s lleva a los visitantes a la p\u00e1gina de Airbnb;<\/li> <li>Dos variantes de escenarios despu\u00e9s del rechazo de la solicitud de rese\u00f1a: revelar tu mensaje u ocultar el bot\u00f3n.<\/li> <\/ul><p><a href=\"#demo\">Conozca m\u00e1s funciones en demo<\/a><\/p> <\/div> <div class=\"application-platform-content-item-installation application-platform-content-item\" id=\"installation\" data-nav-section=\"installation\"> <h2>Aqu\u00ed se explica c\u00f3mo insertar el complemento de rese\u00f1as de Airbnb en su sitio web de WordPress<\/h2> <div class=\"video-container\"><iframe width=\"720\" height=\"405\" src=\"https:\/\/www.youtube.com\/embed\/ruIXCfTj_io\" frameborder=\"0\"><\/iframe><\/div><p>Los pasos siguientes son lo \u00fanico que necesita establecer. <\/p> <ol><li><b>Administre nuestra demostraci\u00f3n gratuita y comience a trabajar con su complemento personalizado. <\/b><br> Elija el dise\u00f1o y los par\u00e1metros seleccionados del complemento Rese\u00f1as y aplique todas las ediciones. <\/li> <li><b>Adquiera el c\u00f3digo individual que aparece en el formulario especial en Elfsight Apps. <\/b><br> Una vez finalizada la configuraci\u00f3n de su complemento, copie su c\u00f3digo en el cuadro que aparece y gu\u00e1rdelo para su uso posterior. <\/li> <li><b>Comience a utilizar el complemento en su sitio de WordPress. <\/b><br> Implemente el c\u00f3digo que guard\u00f3 anteriormente en su p\u00e1gina y aplique los ajustes. <\/li> <li><b>\u00a1Listo! La incrustaci\u00f3n est\u00e1 totalmente realizada. <\/b><br>Visite su sitio para ver en acci\u00f3n el trabajo del complemento. <\/li><\/ol><p>\u00bfA\u00fan no te decides? \u00bfO tener problemas? Una sola solicitud a nuestro equipo de soporte resolver\u00e1 cualquier problema. <\/p> <\/div><\/ol>","protected":false},"excerpt":{"rendered":"","protected":false},"author":13,"featured_media":0,"parent":438,"menu_order":0,"comment_status":"closed","ping_status":"closed","template":"templates\/template-application-platform.php","meta":{"publish_to_discourse":"","publish_post_category":"","wpdc_auto_publish_overridden":"","wpdc_topic_tags":"","wpdc_pin_topic":"","wpdc_pin_until":"","discourse_post_id":"","discourse_permalink":"","wpdc_publishing_response":"","wpdc_publishing_error":"","footnotes":""},"class_list":["post-2838","page","type-page","status-publish","hentry"],"yoast_head":"<!-- This site is optimized with the Yoast SEO plugin v25.3.1 - https:\/\/yoast.com\/wordpress\/plugins\/seo\/ -->\n<title>Inserte Rese\u00f1as de Airbnb en su sitio web de WordPress (f\u00e1cil y r\u00e1pido)<\/title>\n<meta name=\"description\" content=\"A\u00f1ade un atractivo de Rese\u00f1as de Airbnb en su sitio WordPress. Use la demo de Elfsight manejable y genere su widget propio f\u00e1cilmente.\" \/>\n<meta name=\"robots\" content=\"index, follow, max-snippet:-1, max-image-preview:large, max-video-preview:-1\" \/>\n<link rel=\"canonical\" href=\"https:\/\/elfsight.com\/es\/airbnb-reviews-widget\/wordpress\/\" \/>\n<meta property=\"og:locale\" content=\"es_ES\" \/>\n<meta property=\"og:type\" content=\"article\" \/>\n<meta property=\"og:title\" content=\"Inserte Rese\u00f1as de Airbnb en su sitio web de WordPress (f\u00e1cil y r\u00e1pido)\" \/>\n<meta property=\"og:description\" content=\"A\u00f1ade un atractivo de Rese\u00f1as de Airbnb en su sitio WordPress. Use la demo de Elfsight manejable y genere su widget propio f\u00e1cilmente.\" \/>\n<meta property=\"og:url\" content=\"https:\/\/elfsight.com\/es\/airbnb-reviews-widget\/wordpress\/\" \/>\n<meta property=\"og:site_name\" content=\"Elfsight ES\" \/>\n<meta property=\"article:modified_time\" content=\"2025-02-06T15:26:17+00:00\" \/>\n<meta name=\"twitter:card\" content=\"summary_large_image\" \/>\n<meta name=\"twitter:label1\" content=\"Tiempo de lectura\" \/>\n\t<meta name=\"twitter:data1\" content=\"2 minutos\" \/>\n<!-- \/ Yoast SEO plugin. -->","yoast_head_json":{"title":"Inserte Rese\u00f1as de Airbnb en su sitio web de WordPress (f\u00e1cil y r\u00e1pido)","description":"A\u00f1ade un atractivo de Rese\u00f1as de Airbnb en su sitio WordPress. Use la demo de Elfsight manejable y genere su widget propio f\u00e1cilmente.","robots":{"index":"index","follow":"follow","max-snippet":"max-snippet:-1","max-image-preview":"max-image-preview:large","max-video-preview":"max-video-preview:-1"},"canonical":"https:\/\/elfsight.com\/es\/airbnb-reviews-widget\/wordpress\/","og_locale":"es_ES","og_type":"article","og_title":"Inserte Rese\u00f1as de Airbnb en su sitio web de WordPress (f\u00e1cil y r\u00e1pido)","og_description":"A\u00f1ade un atractivo de Rese\u00f1as de Airbnb en su sitio WordPress. Use la demo de Elfsight manejable y genere su widget propio f\u00e1cilmente.","og_url":"https:\/\/elfsight.com\/es\/airbnb-reviews-widget\/wordpress\/","og_site_name":"Elfsight ES","article_modified_time":"2025-02-06T15:26:17+00:00","twitter_card":"summary_large_image","twitter_misc":{"Tiempo de lectura":"2 minutos"},"schema":{"@context":"https:\/\/schema.org","@graph":[{"@type":"WebPage","@id":"https:\/\/elfsight.com\/es\/airbnb-reviews-widget\/wordpress\/","url":"https:\/\/elfsight.com\/es\/airbnb-reviews-widget\/wordpress\/","name":"Inserte Rese\u00f1as de Airbnb en su sitio web de WordPress (f\u00e1cil y r\u00e1pido)","isPartOf":{"@id":"https:\/\/elfsight.com\/es\/#website"},"datePublished":"2021-11-16T12:36:34+00:00","dateModified":"2025-02-06T15:26:17+00:00","description":"A\u00f1ade un atractivo de Rese\u00f1as de Airbnb en su sitio WordPress. Use la demo de Elfsight manejable y genere su widget propio f\u00e1cilmente.","breadcrumb":{"@id":"https:\/\/elfsight.com\/es\/airbnb-reviews-widget\/wordpress\/#breadcrumb"},"inLanguage":"es","potentialAction":[{"@type":"ReadAction","target":["https:\/\/elfsight.com\/es\/airbnb-reviews-widget\/wordpress\/"]}]},{"@type":"BreadcrumbList","@id":"https:\/\/elfsight.com\/es\/airbnb-reviews-widget\/wordpress\/#breadcrumb","itemListElement":[{"@type":"ListItem","position":1,"name":"Home","item":"https:\/\/elfsight.com\/es\/"},{"@type":"ListItem","position":2,"name":"Airbnb Reviews","item":"https:\/\/elfsight.com\/es\/airbnb-reviews-widget\/"},{"@type":"ListItem","position":3,"name":"Airbnb Reviews &#8211; WordPress"}]},{"@type":"WebSite","@id":"https:\/\/elfsight.com\/es\/#website","url":"https:\/\/elfsight.com\/es\/","name":"Elfsight ES","description":"Just another Elfsight Sites site","potentialAction":[{"@type":"SearchAction","target":{"@type":"EntryPoint","urlTemplate":"https:\/\/elfsight.com\/es\/?s={search_term_string}"},"query-input":{"@type":"PropertyValueSpecification","valueRequired":true,"valueName":"search_term_string"}}],"inLanguage":"es"}]}},"meta_box":{"industry":"","seo_heading":"","heading":"","description":"","cta_heading":"","cta_description":"","application":"437","h1":"Complemento de WordPress Rese\u00f1as de Airbnb","h1_caption":"Muestre las mejores rese\u00f1as de sus propiedades Airbnb en su sitio web","application_category":[],"applications_title":"","applications_request_title":"","applications_request_button_text":"","hero_text":"","hero_video":"","hero_video_schema_markup":"","selling_points_title":"","selling_points_caption":"","selling_points":[],"selling_points_cta_text":"","features_title":"","features":"","ed_cta_examples_text":"","ed_cta_examples_hidden":"","ed_cta_demo_text":"","ed_cta_demo_hidden":"","why_caption":"","why_editor_title":"","why_editor_text":"","why_team_title":"","why_team_text":"","why_service_title":"","why_service_text":"","template_catalog_visible":"","template_catalog_title":"","template_catalog_text":"","template_catalog_categories_visible":"","demo_title":"Crea tu complemento de rese\u00f1as de Airbnb","demo_caption":"\u00a1Configure sus rese\u00f1as de Airbnb y agr\u00e9guelas a su sitio web de WordPress de forma gratuita!","default_faq_hidden":"","app_template_category":[],"platform":"115","template_public_id":"","codecanyon_url":"","codecanyon_item_id":"","codecanyon_price":"","pricing_caption":"","pricing_elfsight_apps_hide_column":"","pricing_elfsight_apps_url":"","pricing_codecanyon_price_caption":"","integration_category":[],"integration_request_title":"","integration_request_cta":"","integration_platform":"","integrations":[],"platform_category":[],"video_schema_markup":"","price":"desde $0 por mes","trial":"","benefits":[{"text":"Instalaci\u00f3n gratuita"},{"text":"Soporte Premium"},{"text":"14 d\u00edas garant\u00eda de reembolso"},{"text":"Actualizaciones regulares"}],"button_url":"#demo","button_target_blank":"0","button_nofollow":"0","attributes":[{"name":"Responsivo","content":"Si","_state":"expanded"},{"name":"Navegadores compatibles","content":"Firefox, Safari, Opera, Chrome, Edge","_state":"expanded"}],"tags":[],"tags_disable_links":"0","hide_more_platforms":"","video_object":"{\r\n  \"@context\": \"http:\/\/schema.org\",\r\n  \"@type\": \"VideoObject\",\r\n  \"name\": \"How to Add Airbnb Reviews to WordPress (2021)\",\r\n  \"description\": \"With Elfsight, design your Airbnb Reviews and place it on your WordPress website in no time. We have free customer service and other bonuses.\",\r\n  \"thumbnailUrl\": \"https:\/\/i.ytimg.com\/vi\/ruIXCfTj_io\/default.jpg\",\r\n  \"uploadDate\": \"2020-11-17T08:19:41Z\",\r\n  \"duration\": \"PT2M29S\",\r\n  \"embedUrl\": \"https:\/\/www.youtube.com\/embed\/ruIXCfTj_io\",\r\n  \"interactionCount\": \"19\"\r\n}","demo_hide_cta":"0","demo_hide_cloud_options":"0","pricing_title":"","pricing":[{"pricing_icon":"platform","pricing_title":" Elfsight Apps","pricing_title_caption":"Soluci\u00f3n multiplataforma - valido para cualquier p\u00e1gina web","pricing_price":"desde $0 por mes","pricing_price_caption":"empezar con un plan gratuito","pricing_benefits":[{"text":"Sitios web ilimitados"},{"text":"Atenci\u00f3n al cliente gratuita y r\u00e1pida"},{"text":"Servicio de instalaci\u00f3n gratuito"},{"text":"Totalmente personalizable"}],"pricing_button_text":"Agregar al sitio web","pricing_button_url":"#demo","_state":"expanded"}],"related_apps_title":"","related_apps_hidden":"1","author":"","image":[],"title":"","job":"","social_networks":[]},"_links":{"self":[{"href":"https:\/\/elfsight.com\/es\/wp-json\/wp\/v2\/pages\/2838","targetHints":{"allow":["GET"]}}],"collection":[{"href":"https:\/\/elfsight.com\/es\/wp-json\/wp\/v2\/pages"}],"about":[{"href":"https:\/\/elfsight.com\/es\/wp-json\/wp\/v2\/types\/page"}],"author":[{"embeddable":true,"href":"https:\/\/elfsight.com\/es\/wp-json\/wp\/v2\/users\/13"}],"replies":[{"embeddable":true,"href":"https:\/\/elfsight.com\/es\/wp-json\/wp\/v2\/comments?post=2838"}],"version-history":[{"count":4,"href":"https:\/\/elfsight.com\/es\/wp-json\/wp\/v2\/pages\/2838\/revisions"}],"predecessor-version":[{"id":18281,"href":"https:\/\/elfsight.com\/es\/wp-json\/wp\/v2\/pages\/2838\/revisions\/18281"}],"up":[{"embeddable":true,"href":"https:\/\/elfsight.com\/es\/wp-json\/wp\/v2\/pages\/438"}],"wp:attachment":[{"href":"https:\/\/elfsight.com\/es\/wp-json\/wp\/v2\/media?parent=2838"}],"curies":[{"name":"wp","href":"https:\/\/api.w.org\/{rel}","templated":true}]}}