{"id":2830,"date":"2021-11-16T12:21:20","date_gmt":"2021-11-16T12:21:20","guid":{"rendered":"https:\/\/elfsight.com\/es\/?page_id=2830"},"modified":"2025-02-06T15:26:17","modified_gmt":"2025-02-06T15:26:17","slug":"wordpress","status":"publish","type":"page","link":"https:\/\/elfsight.com\/es\/tripadvisor-reviews-widget\/wordpress\/","title":{"rendered":"Tripadvisor Reviews &#8211; WordPress"},"content":{"rendered":"<div class=\"application-platform-content-item-description application-platform-content-item\" id=\"description\" data-nav-section=\"description\"> <h2>Integrar rese\u00f1as de Tripadvisor en WordPress con el widget Elfsight<\/h2> <p>Elfsight Tripadvisor Reviews es un widget sencillo que le ayudar\u00e1 a publicar en su sitio web rese\u00f1as sobre sus productos o servicios desde Tripadvisor. Puede aplicar filtros para clasificar rese\u00f1as no deseadas; publique sus calificaciones de estrellas y n\u00fameros de Tripadvisor, muestre detalles sobre los autores y agregue un bot\u00f3n que ayudar\u00e1 a los visitantes a dejar su opini\u00f3n en Tripadvisor. El widget Elfsight Tripadvisor Reviews le ayudar\u00e1 a mostrar su prueba social perfecta en su sitio web y atraer nuevas ventas. <\/p><div class=\"faq\" data-component=\"FAQ\"> <div class=\"faq-item\">\r\n\t\t\t\t\t<div class=\"faq-item-question\">\r\n\t\t\t\t\t\t<h3 class=\"faq-item-question-text\">\u00bfD\u00f3nde en mi sitio web puedo mostrar el widget de Rese\u00f1as?<\/h3>\r\n\r\n\t\t\t\t\t\t<div class=\"faq-item-question-icon\"><\/div>\r\n\t\t\t\t\t<\/div>\r\n\r\n\t\t\t\t\t<div class=\"faq-item-answer\">\r\n\t\t\t\t\t\t<div class=\"faq-item-answer-text\"> <p>Puede incrustar el widget en cualquier p\u00e1gina de su sitio o pegarlo en la plantilla; en este caso, se mostrar\u00e1 en todas las p\u00e1ginas. Las rese\u00f1as pueden funcionar bien en las p\u00e1ginas de productos o en la p\u00e1gina Acerca de nosotros, los lugares donde necesita demostrar su alta calificaci\u00f3n. <\/p><\/div>\r\n\t\t\t\t\t<\/div>\r\n\t\t\t\t<\/div> <div class=\"faq-item\">\r\n\t\t\t\t\t<div class=\"faq-item-question\">\r\n\t\t\t\t\t\t<h3 class=\"faq-item-question-text\">\u00bfC\u00f3mo me beneficiar\u00e9 de esto? <\/h3>\r\n\r\n\t\t\t\t\t\t<div class=\"faq-item-question-icon\"><\/div>\r\n\t\t\t\t\t<\/div>\r\n\r\n\t\t\t\t\t<div class=\"faq-item-answer\">\r\n\t\t\t\t\t\t<div class=\"faq-item-answer-text\"> <p>Las rese\u00f1as agregadas por personas reales parecen m\u00e1ximamente cre\u00edbles para los usuarios de su sitio y significan para ellos que se puede confiar en su empresa. Una calificaci\u00f3n alta y excelentes impresiones pueden ayudar a aumentar las ventas en su sitio web. Adem\u00e1s, el bot\u00f3n de redireccionamiento contribuir\u00e1 a tener m\u00e1s opiniones de clientes sobre su negocio en Tripadvisor. <\/p> <\/div>\r\n\t\t\t\t\t<\/div>\r\n\t\t\t\t<\/div> <div class=\"faq-item\">\r\n\t\t\t\t\t<div class=\"faq-item-question\">\r\n\t\t\t\t\t\t<h3 class=\"faq-item-question-text\">\u00bfC\u00f3mo incorporo el widget de rese\u00f1as de Tripadvisor en mi sitio web de WordPress? <\/h3>\r\n\r\n\t\t\t\t\t\t<div class=\"faq-item-question-icon\"><\/div>\r\n\t\t\t\t\t<\/div>\r\n\r\n\t\t\t\t\t<div class=\"faq-item-answer\">\r\n\t\t\t\t\t\t<div class=\"faq-item-answer-text\"> <p>Solo toma un minuto comenzar a usar el widget. Este proceso es s\u00faper r\u00e1pido, gratuito y no requiere codificaci\u00f3n. <\/p> <p>El widget de Rese\u00f1as de Elfsight se puede configurar a trav\u00e9s de nuestro servicio o a trav\u00e9s del mercado. Puede comparar las ventajas de ambas variantes y seleccionar la m\u00e1s adecuada. <\/p><\/div>\r\n\t\t\t\t\t<\/div>\r\n\t\t\t\t<\/div> <\/div> <\/div> <div class=\"application-platform-content-item-features application-platform-content-item\" id=\"features\" data-nav-section=\"features\"> <h2>Principales caracter\u00edsticas del widget de Rese\u00f1as de Tripadvisor<\/h2> <p>Descubra la lista de las funciones principales del widget para comprenderlo mejor. Estas caracter\u00edsticas hacen que el widget sea incre\u00edblemente eficiente para usted: <\/p> <ul> <li>Tres tipos de filtros: por tipo, excluido por y cantidad de rese\u00f1as para mostrar; <\/li> <li>4 tipos de dise\u00f1os: lista, cuadr\u00edcula, mamposter\u00eda y control deslizante; <\/li> <li> Encabezado intercambiable del widget; <\/li> <li>El bot\u00f3n activo para publicar una rese\u00f1a lleva a los usuarios a la p\u00e1gina de Tripadvisor; <\/li> <li>Seis elementos personalizables de la interfaz: el nombre del autor y la foto, texto de recomendaci\u00f3n, fecha de uso compartido, \u00edcono de Tripadvisor y calificaci\u00f3n de estrellas; <\/li> <li>Dos variantes de escenarios despu\u00e9s del rechazo de la solicitud de revisi\u00f3n: mostrar un mensaje de texto u ocultar el bot\u00f3n. <\/li> <\/ul><p><a href=\"#demo\">La demostraci\u00f3n en vivo le abrir\u00e1 m\u00e1s funciones<\/a><\/p> <\/div> <div class=\"application-platform-content-item-installation application-platform-content-item\" id=\"installation\" data-nav-section=\"installation\"> <h2>Descubra c\u00f3mo insertar las rese\u00f1as de Tripadvisor en su sitio web de WordPress<\/h2> <div class=\"video-container\"><iframe width=\"720\" height=\"405\" src=\"https:\/\/www.youtube.com\/embed\/6m8TM3f-pkg\" frameborder=\"0\"><\/iframe><\/div><p>Simplemente siga las pautas a continuaci\u00f3n para activar el complemento en WordPress.<\/p> <ol><li><b>Emplee nuestra demostraci\u00f3n gratuita y comience a darle forma a su complemento personalizado. <\/b><br> Encuentre la forma preferida y los rasgos funcionales de la herramienta y aplique las ediciones. <\/li> <li><b>Copia el c\u00f3digo individual que aparece en la ventana de Elfsight Apps. <\/b><br> Una vez finalizada la personalizaci\u00f3n de su widget de Tripadvisor, copie el c\u00f3digo personal en el cuadro que aparece y gu\u00e1rdelo para usarlo en el futuro. <\/li> <li><b>Empiece a utilizar la herramienta en su sitio de WordPress. <\/b><br> A\u00f1ade el c\u00f3digo copiado anteriormente en tu sitio web y aplica las mejoras. <\/li> <li><b>\u00a1Listo! La incrustaci\u00f3n ha finalizado por completo. <\/b><br>Vaya a su sitio web para inspeccionar el funcionamiento del complemento. <\/li><\/ol> <p>\u00bfA\u00fan tienes algo que te hace sentir inseguro? \u00bfO tener problemas? Simplemente escriba una solicitud a nuestro servicio de atenci\u00f3n al cliente y resolveremos todos los problemas. <\/p> <\/div>","protected":false},"excerpt":{"rendered":"","protected":false},"author":13,"featured_media":0,"parent":1633,"menu_order":0,"comment_status":"closed","ping_status":"closed","template":"templates\/template-application-platform.php","meta":{"publish_to_discourse":"","publish_post_category":"","wpdc_auto_publish_overridden":"","wpdc_topic_tags":"","wpdc_pin_topic":"","wpdc_pin_until":"","discourse_post_id":"","discourse_permalink":"","wpdc_publishing_response":"","wpdc_publishing_error":"","footnotes":""},"class_list":["post-2830","page","type-page","status-publish","hentry"],"yoast_head":"<!-- This site is optimized with the Yoast SEO plugin v25.3.1 - https:\/\/yoast.com\/wordpress\/plugins\/seo\/ -->\n<title>Inserte el plugin Opiniones de Tripadvisor en su sitio web de WordPress<\/title>\n<meta name=\"description\" content=\"A\u00f1ade Rese\u00f1as de Tripadvisor en su p\u00e1gina web WordPress. Aplique la demo de Elfsight manejable y construe su plugin propio en s\u00f3lo 2 minutos.\" \/>\n<meta name=\"robots\" content=\"index, follow, max-snippet:-1, max-image-preview:large, max-video-preview:-1\" \/>\n<link rel=\"canonical\" href=\"https:\/\/elfsight.com\/es\/tripadvisor-reviews-widget\/wordpress\/\" \/>\n<meta property=\"og:locale\" content=\"es_ES\" \/>\n<meta property=\"og:type\" content=\"article\" \/>\n<meta property=\"og:title\" content=\"Inserte el plugin Opiniones de Tripadvisor en su sitio web de WordPress\" \/>\n<meta property=\"og:description\" content=\"A\u00f1ade Rese\u00f1as de Tripadvisor en su p\u00e1gina web WordPress. Aplique la demo de Elfsight manejable y construe su plugin propio en s\u00f3lo 2 minutos.\" \/>\n<meta property=\"og:url\" content=\"https:\/\/elfsight.com\/es\/tripadvisor-reviews-widget\/wordpress\/\" \/>\n<meta property=\"og:site_name\" content=\"Elfsight ES\" \/>\n<meta property=\"article:modified_time\" content=\"2025-02-06T15:26:17+00:00\" \/>\n<meta name=\"twitter:card\" content=\"summary_large_image\" \/>\n<meta name=\"twitter:label1\" content=\"Tiempo de lectura\" \/>\n\t<meta name=\"twitter:data1\" content=\"2 minutos\" \/>\n<!-- \/ Yoast SEO plugin. -->","yoast_head_json":{"title":"Inserte el plugin Opiniones de Tripadvisor en su sitio web de WordPress","description":"A\u00f1ade Rese\u00f1as de Tripadvisor en su p\u00e1gina web WordPress. Aplique la demo de Elfsight manejable y construe su plugin propio en s\u00f3lo 2 minutos.","robots":{"index":"index","follow":"follow","max-snippet":"max-snippet:-1","max-image-preview":"max-image-preview:large","max-video-preview":"max-video-preview:-1"},"canonical":"https:\/\/elfsight.com\/es\/tripadvisor-reviews-widget\/wordpress\/","og_locale":"es_ES","og_type":"article","og_title":"Inserte el plugin Opiniones de Tripadvisor en su sitio web de WordPress","og_description":"A\u00f1ade Rese\u00f1as de Tripadvisor en su p\u00e1gina web WordPress. Aplique la demo de Elfsight manejable y construe su plugin propio en s\u00f3lo 2 minutos.","og_url":"https:\/\/elfsight.com\/es\/tripadvisor-reviews-widget\/wordpress\/","og_site_name":"Elfsight ES","article_modified_time":"2025-02-06T15:26:17+00:00","twitter_card":"summary_large_image","twitter_misc":{"Tiempo de lectura":"2 minutos"},"schema":{"@context":"https:\/\/schema.org","@graph":[{"@type":"WebPage","@id":"https:\/\/elfsight.com\/es\/tripadvisor-reviews-widget\/wordpress\/","url":"https:\/\/elfsight.com\/es\/tripadvisor-reviews-widget\/wordpress\/","name":"Inserte el plugin Opiniones de Tripadvisor en su sitio web de WordPress","isPartOf":{"@id":"https:\/\/elfsight.com\/es\/#website"},"datePublished":"2021-11-16T12:21:20+00:00","dateModified":"2025-02-06T15:26:17+00:00","description":"A\u00f1ade Rese\u00f1as de Tripadvisor en su p\u00e1gina web WordPress. Aplique la demo de Elfsight manejable y construe su plugin propio en s\u00f3lo 2 minutos.","breadcrumb":{"@id":"https:\/\/elfsight.com\/es\/tripadvisor-reviews-widget\/wordpress\/#breadcrumb"},"inLanguage":"es","potentialAction":[{"@type":"ReadAction","target":["https:\/\/elfsight.com\/es\/tripadvisor-reviews-widget\/wordpress\/"]}]},{"@type":"BreadcrumbList","@id":"https:\/\/elfsight.com\/es\/tripadvisor-reviews-widget\/wordpress\/#breadcrumb","itemListElement":[{"@type":"ListItem","position":1,"name":"Home","item":"https:\/\/elfsight.com\/es\/"},{"@type":"ListItem","position":2,"name":"Tripadvisor Reviews","item":"https:\/\/elfsight.com\/es\/tripadvisor-reviews-widget\/"},{"@type":"ListItem","position":3,"name":"Tripadvisor Reviews &#8211; WordPress"}]},{"@type":"WebSite","@id":"https:\/\/elfsight.com\/es\/#website","url":"https:\/\/elfsight.com\/es\/","name":"Elfsight ES","description":"Just another Elfsight Sites site","potentialAction":[{"@type":"SearchAction","target":{"@type":"EntryPoint","urlTemplate":"https:\/\/elfsight.com\/es\/?s={search_term_string}"},"query-input":{"@type":"PropertyValueSpecification","valueRequired":true,"valueName":"search_term_string"}}],"inLanguage":"es"}]}},"meta_box":{"industry":"","seo_heading":"","heading":"","description":"","cta_heading":"","cta_description":"","application":"1632","h1":"Complemento WordPres Rese\u00f1as de Tripadvisor","h1_caption":"Muestre las rese\u00f1as sobre su lugar desde TripAdvisor directamente en su sitio web","application_category":[],"applications_title":"","applications_request_title":"","applications_request_button_text":"","hero_text":"","hero_video":"","hero_video_schema_markup":"","selling_points_title":"","selling_points_caption":"","selling_points":[],"selling_points_cta_text":"","features_title":"","features":"","ed_cta_examples_text":"","ed_cta_examples_hidden":"","ed_cta_demo_text":"","ed_cta_demo_hidden":"","why_caption":"","why_editor_title":"","why_editor_text":"","why_team_title":"","why_team_text":"","why_service_title":"","why_service_text":"","template_catalog_visible":"","template_catalog_title":"","template_catalog_text":"","template_catalog_categories_visible":"","demo_title":"Crea tu complemento de Rese\u00f1as de Tripadvisor","demo_caption":"\u00a1Configure sus rese\u00f1as de Tripadvisor y agr\u00e9guelas a su sitio web de WordPress de forma gratuita!","default_faq_hidden":"","app_template_category":[],"platform":"115","template_public_id":"","codecanyon_url":"","codecanyon_item_id":"","codecanyon_price":"","pricing_caption":"","pricing_elfsight_apps_hide_column":"","pricing_elfsight_apps_url":"","pricing_codecanyon_price_caption":"","integration_category":[],"integration_request_title":"","integration_request_cta":"","integration_platform":"","integrations":[],"platform_category":[],"video_schema_markup":"","price":"desde $0 por mes","trial":"","benefits":[{"text":"Instalaci\u00f3n gratuita"},{"text":"Soporte Premium"},{"text":"14 d\u00edas garant\u00eda de reembolso"},{"text":"Actualizaciones regulares"}],"button_url":"#demo","button_target_blank":"0","button_nofollow":"0","attributes":[{"name":"Responsivo","content":"Si","_state":"expanded"},{"name":"Navegadores compatibles","content":"Firefox, Safari, Opera, Chrome, Edge","_state":"expanded"}],"tags":[],"tags_disable_links":"0","hide_more_platforms":"","video_object":"{\r\n  \"@context\": \"http:\/\/schema.org\",\r\n  \"@type\": \"VideoObject\",\r\n  \"name\": \"How to Add Reviews from Tripadvisor to WordPress (2021)\",\r\n  \"description\": \"Here\u2019s a chance to create Tripadvisor Reviews plugin and add it to your WordPress website. Get free client support and other bonuses from Elfsight.\",\r\n  \"thumbnailUrl\": \"https:\/\/i.ytimg.com\/vi\/6m8TM3f-pkg\/default.jpg\",\r\n  \"uploadDate\": \"2020-08-26T14:04:45Z\",\r\n  \"duration\": \"PT2M21S\",\r\n  \"embedUrl\": \"https:\/\/www.youtube.com\/embed\/6m8TM3f-pkg\",\r\n  \"interactionCount\": \"291\"\r\n}","demo_hide_cta":"0","demo_hide_cloud_options":"0","pricing_title":"","pricing":[{"pricing_icon":"platform","pricing_title":" Elfsight Apps","pricing_title_caption":"Soluci\u00f3n multiplataforma - valido para cualquier p\u00e1gina web","pricing_price":"desde $0 por mes","pricing_price_caption":"empezar con un plan gratuito","pricing_benefits":[{"text":"Sitios web ilimitados"},{"text":"Atenci\u00f3n al cliente gratuita y r\u00e1pida"},{"text":"Servicio de instalaci\u00f3n gratuito"},{"text":"Totalmente personalizable"}],"pricing_button_text":"Agregar al sitio web","pricing_button_url":"#demo","_state":"expanded"}],"related_apps_title":"","related_apps_hidden":"1","author":"","image":[],"title":"","job":"","social_networks":[]},"_links":{"self":[{"href":"https:\/\/elfsight.com\/es\/wp-json\/wp\/v2\/pages\/2830","targetHints":{"allow":["GET"]}}],"collection":[{"href":"https:\/\/elfsight.com\/es\/wp-json\/wp\/v2\/pages"}],"about":[{"href":"https:\/\/elfsight.com\/es\/wp-json\/wp\/v2\/types\/page"}],"author":[{"embeddable":true,"href":"https:\/\/elfsight.com\/es\/wp-json\/wp\/v2\/users\/13"}],"replies":[{"embeddable":true,"href":"https:\/\/elfsight.com\/es\/wp-json\/wp\/v2\/comments?post=2830"}],"version-history":[{"count":5,"href":"https:\/\/elfsight.com\/es\/wp-json\/wp\/v2\/pages\/2830\/revisions"}],"predecessor-version":[{"id":18283,"href":"https:\/\/elfsight.com\/es\/wp-json\/wp\/v2\/pages\/2830\/revisions\/18283"}],"up":[{"embeddable":true,"href":"https:\/\/elfsight.com\/es\/wp-json\/wp\/v2\/pages\/1633"}],"wp:attachment":[{"href":"https:\/\/elfsight.com\/es\/wp-json\/wp\/v2\/media?parent=2830"}],"curies":[{"name":"wp","href":"https:\/\/api.w.org\/{rel}","templated":true}]}}