{"id":2823,"date":"2021-11-16T11:59:36","date_gmt":"2021-11-16T11:59:36","guid":{"rendered":"https:\/\/elfsight.com\/es\/?page_id=2823"},"modified":"2025-02-06T15:26:25","modified_gmt":"2025-02-06T15:26:25","slug":"wordpress","status":"publish","type":"page","link":"https:\/\/elfsight.com\/es\/telegram-chat-widget\/wordpress\/","title":{"rendered":"Telegram Chat &#8211; WordPress"},"content":{"rendered":"<div class=\"application-platform-content-item-description application-platform-content-item\" id=\"description\" data-nav-section=\"description\"><h2>Integre Telegram Chat en WordPress con el widget de Elfsight<\/h2><p>El complemento de Telegram creado por Elfsight es una forma sencilla para que la audiencia de su p\u00e1gina web se comunique con usted y obtenga respuestas a sus preguntas. Est\u00e9 disponible en vivo para sus visitantes en el mensajero m\u00e1s c\u00f3modo sin importar d\u00f3nde se encuentre. Pegue Telegram Chat en su tienda y podr\u00e1 aparecer en p\u00e1ginas elegidas o para categor\u00edas espec\u00edficas de visitantes, asignar activadores de inicio de chat, enviar su mensaje de bienvenida personal, elegir \u00edconos y hacer m\u00e1s. Al utilizar Telegram Messenger en su sitio web, permanecer\u00e1 en contacto con su audiencia en cualquier momento y sin importar su ubicaci\u00f3n.<\/p><p><b>\u00a1Es una de las formas m\u00e1s pr\u00e1cticas para que las personas se comuniquen con usted y resuelvan sus problemas!<\/b><\/p><\/div><div class=\"application-platform-content-item-features application-platform-content-item\" id=\"features\" data-nav-section=\"features\"><h2>Caracter\u00edsticas principales del widget de Telegram Chat<\/h2><p>Vea todas las funciones de Telegram Chat. Puede configurarlos directamente en el editor y le ayudar\u00e1n a crear el widget especialmente para su caso de uso.<\/p><ul><li>Integre Telegram Messenger en su sitio para conversar con los usuarios<\/li><li>3 tipos de posici\u00f3n de chat: burbuja flotante, burbuja incrustada y ventana de chat incrustada;<\/li><li>Una colecci\u00f3n de \u00edconos de burbujas para elegir;<\/li><li>Texto de burbuja editable;<\/li><li>Encabezado de chat con logotipo de p\u00e1gina, nombre y caption.<\/li><\/ul><p><a href=\"#demo\">Compruebe todas las dem\u00e1s funciones en la demostraci\u00f3n<\/a><\/p><\/div><div class=\"application-platform-content-item-installation application-platform-content-item\" id=\"installation\" data-nav-section=\"installation\"><h2>\u00bfC\u00f3mo agregar Telegram Chat a mi sitio web de WordPress?<\/h2><div class=\"video-container\"><iframe width=\"720\" height=\"405\" src=\"https:\/\/www.youtube.com\/embed\/-zbexa8DP5E\" frameborder=\"0\"><\/iframe><\/div><p>Simplemente siga las pautas a continuaci\u00f3n para comenzar a trabajar con la herramienta en WordPress.<\/p> <ol><li><b>Abra nuestra demostraci\u00f3n gratuita y comience a crear su widget personalizado. <\/b><br> Especifique el dise\u00f1o personalizado y los par\u00e1metros de la herramienta y aplique las correcciones. <\/li> <li><b>Copia el c\u00f3digo \u00fanico expuesto en el cuadro de Elfsight Apps. <\/b><br> Una vez completado el establecimiento de su widget, copie el c\u00f3digo personal de la ventana que aparece y gu\u00e1rdelo para usarlo m\u00e1s adelante. <\/li> <li><b>Comience a utilizar el complemento Telegram Chat en el sitio de WordPress. <\/b><br>Integre el c\u00f3digo que copi\u00f3 recientemente en su p\u00e1gina y aplique las ediciones. <\/li> <li><b>La configuraci\u00f3n se realiz\u00f3 exitosamente. <\/b><br> Vaya a su p\u00e1gina para examinar c\u00f3mo funciona la herramienta. <\/li><\/ol> <p>No dudes en ponerte en contacto con el servicio de soporte en caso de que necesites ayuda o tengas problemas. Nuestros especialistas le ayudar\u00e1n con cada solicitud.<\/p><\/div><div class=\"faq\" data-component=\"FAQ\"><div class=\"faq-item\">\r\n\t\t\t\t\t<div class=\"faq-item-question\">\r\n\t\t\t\t\t\t<h3 class=\"faq-item-question-text\">\u00bfDe qu\u00e9 manera incrusto un chat de Telegram en mi sitio de WordPress? <\/h3>\r\n\r\n\t\t\t\t\t\t<div class=\"faq-item-question-icon\"><\/div>\r\n\t\t\t\t\t<\/div>\r\n\r\n\t\t\t\t\t<div class=\"faq-item-answer\">\r\n\t\t\t\t\t\t<div class=\"faq-item-answer-text\"><p>La construcci\u00f3n del widget se lleva a cabo dentro del sitio de Elfsight y no es necesario codificar. Utilice la demostraci\u00f3n en vivo para ajustar su complemento personal, obtener el c\u00f3digo y agregarlo a su sitio. <\/p><\/div>\r\n\t\t\t\t\t<\/div>\r\n\t\t\t\t<\/div><div class=\"faq-item\">\r\n\t\t\t\t\t<div class=\"faq-item-question\">\r\n\t\t\t\t\t\t<h3 class=\"faq-item-question-text\">Los mejores ejemplos de uso de la integraci\u00f3n de Telegram Messenger<\/h3>\r\n\r\n\t\t\t\t\t\t<div class=\"faq-item-question-icon\"><\/div>\r\n\t\t\t\t\t<\/div>\r\n\r\n\t\t\t\t\t<div class=\"faq-item-answer\">\r\n\t\t\t\t\t\t<div class=\"faq-item-answer-text\"><p>Tenemos muchas posibilidades de ajuste: widgets a gran escala para implementar en el \u00e1rea de contenido, widgets flotantes para la funci\u00f3n de desplazamiento, miniaturas para el pie de p\u00e1gina, secci\u00f3n principal y todas las variaciones de opciones verticales para barras laterales y men\u00fas. <\/p><\/div>\r\n\t\t\t\t\t<\/div>\r\n\t\t\t\t<\/div><div class=\"faq-item\">\r\n\t\t\t\t\t<div class=\"faq-item-question\">\r\n\t\t\t\t\t\t<h3 class=\"faq-item-question-text\">\u00bfPuedo crear un Telegram Messenger de ofertas o reservas con la ayuda de tu editor? <\/h3>\r\n\r\n\t\t\t\t\t\t<div class=\"faq-item-question-icon\"><\/div>\r\n\t\t\t\t\t<\/div>\r\n\r\n\t\t\t\t\t<div class=\"faq-item-answer\">\r\n\t\t\t\t\t\t<div class=\"faq-item-answer-text\"><p>Puedes crear cualquier variaci\u00f3n de widget. Hay muchos dise\u00f1os aplicables en el editor y todos ellos pueden personalizarse f\u00e1cilmente seg\u00fan sus necesidades. <\/p><\/div>\r\n\t\t\t\t\t<\/div>\r\n\t\t\t\t<\/div><div class=\"faq-item\">\r\n\t\t\t\t\t<div class=\"faq-item-question\">\r\n\t\t\t\t\t\t<h3 class=\"faq-item-question-text\">\u00bfPuedes recomendar m\u00e1s widgets para mi sitio web de WordPress?<\/h3>\r\n\r\n\t\t\t\t\t\t<div class=\"faq-item-question-icon\"><\/div>\r\n\t\t\t\t\t<\/div>\r\n\r\n\t\t\t\t\t<div class=\"faq-item-answer\">\r\n\t\t\t\t\t\t<div class=\"faq-item-answer-text\"><p>WordPress proporciona una gran cantidad de complementos ventajosos para cualquier tipo de sitio web: desde blogs hasta enormes mercados en l\u00ednea. Puede obtener a\u00fan m\u00e1s complementos de gran calidad de Elfsight.<\/p><p>Por ejemplo, puede utilizar <a href=\"https:\/\/elfsight.com\/whatsapp-chat-widget\/wordpress\/\" target=\"_blank\" rel=\"noopener\">WhatsApp Chat<\/a>, <a href=\"https:\/\/elfsight.com\/facebook-chat-widget\/wordpress\/\" target=\"_blank\" rel=\"noopener\">Chat de Facebook<\/a> o <a href=\"https:\/\/elfsight.com\/viber-chat-widget\/wordpress\/\" target=\"_blank\" rel=\"noopener\">Chat de Viber<\/a> para contactar a los visitantes del sitio web a trav\u00e9s de su mensajero favorito. Tambi\u00e9n puede agregar el control deslizante de rese\u00f1as y testimonios de Google al sitio web para demostrar los testimonios m\u00e1s sorprendentes de su empresa. Para aumentar la diversidad del contenido de su sitio web con videos, agregue una galer\u00eda de YouTube.<\/p><\/div>\r\n\t\t\t\t\t<\/div>\r\n\t\t\t\t<\/div><\/div>","protected":false},"excerpt":{"rendered":"","protected":false},"author":13,"featured_media":0,"parent":1014,"menu_order":0,"comment_status":"closed","ping_status":"closed","template":"templates\/template-application-platform.php","meta":{"publish_to_discourse":"","publish_post_category":"","wpdc_auto_publish_overridden":"","wpdc_topic_tags":"","wpdc_pin_topic":"","wpdc_pin_until":"","discourse_post_id":"","discourse_permalink":"","wpdc_publishing_response":"","wpdc_publishing_error":"","footnotes":""},"class_list":["post-2823","page","type-page","status-publish","hentry"],"yoast_head":"<!-- This site is optimized with the Yoast SEO plugin v25.3.1 - https:\/\/yoast.com\/wordpress\/plugins\/seo\/ -->\n<title>Widget de Telegram | Agregar Telegram Chat Box al sitio web WordPress<\/title>\n<meta name=\"description\" content=\"Instala un widget interactivo de Chat de Telegram en su sitio web de WordPress. Pruebe la demo de Elfsight y construe su plugin \u00fanico.\" \/>\n<meta name=\"robots\" content=\"index, follow, max-snippet:-1, max-image-preview:large, max-video-preview:-1\" \/>\n<link rel=\"canonical\" href=\"https:\/\/elfsight.com\/es\/telegram-chat-widget\/wordpress\/\" \/>\n<meta property=\"og:locale\" content=\"es_ES\" \/>\n<meta property=\"og:type\" content=\"article\" \/>\n<meta property=\"og:title\" content=\"Widget de Telegram | Agregar Telegram Chat Box al sitio web WordPress\" \/>\n<meta property=\"og:description\" content=\"Instala un widget interactivo de Chat de Telegram en su sitio web de WordPress. Pruebe la demo de Elfsight y construe su plugin \u00fanico.\" \/>\n<meta property=\"og:url\" content=\"https:\/\/elfsight.com\/es\/telegram-chat-widget\/wordpress\/\" \/>\n<meta property=\"og:site_name\" content=\"Elfsight ES\" \/>\n<meta property=\"article:modified_time\" content=\"2025-02-06T15:26:25+00:00\" \/>\n<meta name=\"twitter:card\" content=\"summary_large_image\" \/>\n<meta name=\"twitter:label1\" content=\"Tiempo de lectura\" \/>\n\t<meta name=\"twitter:data1\" content=\"3 minutos\" \/>\n<!-- \/ Yoast SEO plugin. -->","yoast_head_json":{"title":"Widget de Telegram | Agregar Telegram Chat Box al sitio web WordPress","description":"Instala un widget interactivo de Chat de Telegram en su sitio web de WordPress. Pruebe la demo de Elfsight y construe su plugin \u00fanico.","robots":{"index":"index","follow":"follow","max-snippet":"max-snippet:-1","max-image-preview":"max-image-preview:large","max-video-preview":"max-video-preview:-1"},"canonical":"https:\/\/elfsight.com\/es\/telegram-chat-widget\/wordpress\/","og_locale":"es_ES","og_type":"article","og_title":"Widget de Telegram | Agregar Telegram Chat Box al sitio web WordPress","og_description":"Instala un widget interactivo de Chat de Telegram en su sitio web de WordPress. Pruebe la demo de Elfsight y construe su plugin \u00fanico.","og_url":"https:\/\/elfsight.com\/es\/telegram-chat-widget\/wordpress\/","og_site_name":"Elfsight ES","article_modified_time":"2025-02-06T15:26:25+00:00","twitter_card":"summary_large_image","twitter_misc":{"Tiempo de lectura":"3 minutos"},"schema":{"@context":"https:\/\/schema.org","@graph":[{"@type":"WebPage","@id":"https:\/\/elfsight.com\/es\/telegram-chat-widget\/wordpress\/","url":"https:\/\/elfsight.com\/es\/telegram-chat-widget\/wordpress\/","name":"Widget de Telegram | Agregar Telegram Chat Box al sitio web WordPress","isPartOf":{"@id":"https:\/\/elfsight.com\/es\/#website"},"datePublished":"2021-11-16T11:59:36+00:00","dateModified":"2025-02-06T15:26:25+00:00","description":"Instala un widget interactivo de Chat de Telegram en su sitio web de WordPress. Pruebe la demo de Elfsight y construe su plugin \u00fanico.","breadcrumb":{"@id":"https:\/\/elfsight.com\/es\/telegram-chat-widget\/wordpress\/#breadcrumb"},"inLanguage":"es","potentialAction":[{"@type":"ReadAction","target":["https:\/\/elfsight.com\/es\/telegram-chat-widget\/wordpress\/"]}]},{"@type":"BreadcrumbList","@id":"https:\/\/elfsight.com\/es\/telegram-chat-widget\/wordpress\/#breadcrumb","itemListElement":[{"@type":"ListItem","position":1,"name":"Home","item":"https:\/\/elfsight.com\/es\/"},{"@type":"ListItem","position":2,"name":"Telegram Chat","item":"https:\/\/elfsight.com\/es\/telegram-chat-widget\/"},{"@type":"ListItem","position":3,"name":"Telegram Chat &#8211; WordPress"}]},{"@type":"WebSite","@id":"https:\/\/elfsight.com\/es\/#website","url":"https:\/\/elfsight.com\/es\/","name":"Elfsight ES","description":"Just another Elfsight Sites site","potentialAction":[{"@type":"SearchAction","target":{"@type":"EntryPoint","urlTemplate":"https:\/\/elfsight.com\/es\/?s={search_term_string}"},"query-input":{"@type":"PropertyValueSpecification","valueRequired":true,"valueName":"search_term_string"}}],"inLanguage":"es"}]}},"meta_box":{"industry":"","seo_heading":"","heading":"","description":"","cta_heading":"","cta_description":"","application":"1013","h1":"Complemento de chat de WordPress y Telegram","h1_caption":"S\u00e9 f\u00e1cilmente accesible para su audiencia con el chat de Telegram en su sitio web","application_category":[],"applications_title":"","applications_request_title":"","applications_request_button_text":"","hero_text":"","hero_video":"","hero_video_schema_markup":"","selling_points_title":"","selling_points_caption":"","selling_points":[],"selling_points_cta_text":"","features_title":"","features":"","ed_cta_examples_text":"","ed_cta_examples_hidden":"","ed_cta_demo_text":"","ed_cta_demo_hidden":"","why_caption":"","why_editor_title":"","why_editor_text":"","why_team_title":"","why_team_text":"","why_service_title":"","why_service_text":"","template_catalog_visible":"","template_catalog_title":"","template_catalog_text":"","template_catalog_categories_visible":"","demo_title":"Crea tu complemento de chat de Telegram","demo_caption":"\u00a1Configura tu Telegram Chat y agr\u00e9galo a tu sitio web de WordPress gratis!","default_faq_hidden":"","app_template_category":[],"platform":"115","template_public_id":"","codecanyon_url":"","codecanyon_item_id":"","codecanyon_price":"","pricing_caption":"","pricing_elfsight_apps_hide_column":"","pricing_elfsight_apps_url":"","pricing_codecanyon_price_caption":"","integration_category":[],"integration_request_title":"","integration_request_cta":"","integration_platform":"","integrations":[],"platform_category":[],"video_schema_markup":"","price":"desde $0 por mes","trial":"","benefits":[{"text":"Instalaci\u00f3n gratuita"},{"text":"Soporte Premium"},{"text":"14 d\u00edas garant\u00eda de reembolso"},{"text":"Actualizaciones regulares"}],"button_url":"#demo","button_target_blank":"0","button_nofollow":"0","attributes":[{"name":"Responsivo","content":"Si","_state":"expanded"},{"name":"Navegadores compatibles","content":"Firefox, Safari, Opera, Chrome, Edge","_state":"expanded"}],"tags":[],"tags_disable_links":"0","hide_more_platforms":"","video_object":"{\r\n  \"@context\": \"http:\/\/schema.org\",\r\n  \"@type\": \"VideoObject\",\r\n  \"name\": \"How to Add Telegram Chat to WordPress (2021)\",\r\n  \"description\": \"With Elfsight, design your Telegram Chat Box plugin and add it on your WordPress website swiftly. We have free customer service and other bonuses.\",\r\n  \"thumbnailUrl\": \"https:\/\/i.ytimg.com\/vi\/-zbexa8DP5E\/default.jpg\",\r\n  \"uploadDate\": \"2020-08-18T08:16:14Z\",\r\n  \"duration\": \"PT2M16S\",\r\n  \"embedUrl\": \"https:\/\/www.youtube.com\/embed\/-zbexa8DP5E\",\r\n  \"interactionCount\": \"616\"\r\n}","demo_hide_cta":"0","demo_hide_cloud_options":"0","pricing_title":"","pricing":[{"pricing_icon":"platform","pricing_title":" Elfsight Apps","pricing_title_caption":"Soluci\u00f3n multiplataforma - valido para cualquier p\u00e1gina web","pricing_price":"desde $0 por mes","pricing_price_caption":"empezar con un plan gratuito","pricing_benefits":[{"text":"Sitios web ilimitados"},{"text":"Atenci\u00f3n al cliente gratuita y r\u00e1pida"},{"text":"Servicio de instalaci\u00f3n gratuito"},{"text":"Totalmente personalizable"}],"pricing_button_text":"Agregar al sitio web","pricing_button_url":"#demo","_state":"expanded"}],"related_apps_title":"","related_apps_hidden":"1","author":"","image":[],"title":"","job":"","social_networks":[]},"_links":{"self":[{"href":"https:\/\/elfsight.com\/es\/wp-json\/wp\/v2\/pages\/2823","targetHints":{"allow":["GET"]}}],"collection":[{"href":"https:\/\/elfsight.com\/es\/wp-json\/wp\/v2\/pages"}],"about":[{"href":"https:\/\/elfsight.com\/es\/wp-json\/wp\/v2\/types\/page"}],"author":[{"embeddable":true,"href":"https:\/\/elfsight.com\/es\/wp-json\/wp\/v2\/users\/13"}],"replies":[{"embeddable":true,"href":"https:\/\/elfsight.com\/es\/wp-json\/wp\/v2\/comments?post=2823"}],"version-history":[{"count":5,"href":"https:\/\/elfsight.com\/es\/wp-json\/wp\/v2\/pages\/2823\/revisions"}],"predecessor-version":[{"id":18285,"href":"https:\/\/elfsight.com\/es\/wp-json\/wp\/v2\/pages\/2823\/revisions\/18285"}],"up":[{"embeddable":true,"href":"https:\/\/elfsight.com\/es\/wp-json\/wp\/v2\/pages\/1014"}],"wp:attachment":[{"href":"https:\/\/elfsight.com\/es\/wp-json\/wp\/v2\/media?parent=2823"}],"curies":[{"name":"wp","href":"https:\/\/api.w.org\/{rel}","templated":true}]}}