{"id":2815,"date":"2021-11-16T11:46:10","date_gmt":"2021-11-16T11:46:10","guid":{"rendered":"https:\/\/elfsight.com\/es\/?page_id=2815"},"modified":"2025-02-06T15:26:25","modified_gmt":"2025-02-06T15:26:25","slug":"wordpress","status":"publish","type":"page","link":"https:\/\/elfsight.com\/es\/facebook-chat-widget\/wordpress\/","title":{"rendered":"Facebook Chat &#8211; WordPress"},"content":{"rendered":"<div class=\"application-platform-content-item-description application-platform-content-item\" id=\"description\" data-nav-section=\"description\"> <h2>Integre Facebook Chat en WordPress con el widget de Elfsight<\/h2> <p>Facebook Chat desarrollado por Elfsight es el modo m\u00e1s sencillo para que los visitantes de su sitio web conversen con usted y escuchen respuestas a sus preguntas y solicitudes. Ahora puede estar disponible en l\u00ednea para la audiencia en su mensajero m\u00e1s popular en cualquier momento. Inserte Live Chat en su tienda y haga que aparezca en cada p\u00e1gina o solo en ciertas p\u00e1ginas o para ciertas categor\u00edas de clientes, configure activadores de inicio de chat, ingrese su mensaje de bienvenida personal, elija \u00edconos y aplique otras personalizaciones. Facebook Messenger trabajando en tu sitio web te mantendr\u00e1 conectado con los clientes en cualquier momento y desde cualquier lugar.<\/p> <\/div><div class=\"application-platform-content-item-features application-platform-content-item\" id=\"features\" data-nav-section=\"features\"> <h2>Caracter\u00edsticas principales del widget de chat de Facebook<\/h2> <p>Para lograr una mejor comprensi\u00f3n del complemento, consulta la lista de sus caracter\u00edsticas m\u00e1s importantes. Hacen que nuestro widget sea incre\u00edblemente beneficioso para tu tienda: <\/p> <ul><li>Introduce Facebook Messenger en tu sitio web para mantenerte conectado con la gente; <\/li><li>Proporcione respuestas directamente desde su cuenta de Facebook; <\/li><li>Seleccione una de las 3 variantes de ubicaci\u00f3n del chat: burbuja flotante, burbuja integrada y ventana de chat integrada; <\/li><li>Encuentre su \u00edcono de burbuja entre nuestra colecci\u00f3n de \u00edconos disponibles; <\/li><li>Texto de burbuja editable. <\/li><\/ul><p><a href=\"#demo\">Explore todas las funciones en la demostraci\u00f3n<\/a><\/p> <\/div> <div class=\"application-platform-content-item-installation application-platform-content-item\" id=\"installation\" data-nav-section=\"installation\"> <h2>C\u00f3mo agregar el chat de Facebook en su sitio web de WordPress<\/h2><div class=\"video-container\"><iframe width=\"720\" height=\"405\" src=\"https:\/\/www.youtube.com\/embed\/7iDMKXqv4Io\" frameborder=\"0\"><\/iframe><\/div><p>Simplemente siga las pautas a continuaci\u00f3n para integrar la herramienta en WordPress.<\/p> <ol><li><b>Inicie nuestro editor gratuito y comience a crear su instrumento personalizado. <\/b><br> Especifique la interfaz personalizada y las caracter\u00edsticas del widget y aplique las correcciones. <\/li> <li><b>Exponga su c\u00f3digo \u00fanico en el formulario especial de Elfsight Apps. <\/b><br> Inmediatamente despu\u00e9s de que finalice la creaci\u00f3n de su widget, copie el c\u00f3digo personal en la ventana emergente que aparece y gu\u00e1rdelo para futuras necesidades. <\/li> <li><b>Ingrese al uso del widget de chat de Facebook en el sitio web de WordPress. <\/b><br>Integre el c\u00f3digo que ha guardado recientemente en su sitio web y aplique los ajustes. <\/li> <li><b>La configuraci\u00f3n se realiz\u00f3 exitosamente. <\/b><br>Vaya a su sitio web para inspeccionar el funcionamiento de la herramienta. <\/li><\/ol> <p>\u00bfA\u00fan no te decides? \u00bfO tropez\u00f3 con algo? Simplemente escriba una solicitud a nuestro equipo de soporte, lo ayudaremos a resolver cualquier problema. <\/p> <\/div><div class=\"faq\" data-component=\"FAQ\"><div class=\"faq-item\">\r\n\t\t\t\t\t<div class=\"faq-item-question\">\r\n\t\t\t\t\t\t<h3 class=\"faq-item-question-text\">\u00bfDe qu\u00e9 manera incrusto un chat de Facebook Messenger en mi WordPress? <\/h3>\r\n\r\n\t\t\t\t\t\t<div class=\"faq-item-question-icon\"><\/div>\r\n\t\t\t\t\t<\/div>\r\n\r\n\t\t\t\t\t<div class=\"faq-item-answer\">\r\n\t\t\t\t\t\t<div class=\"faq-item-answer-text\"><p>La construcci\u00f3n del widget se realiza en las p\u00e1ginas de Elfsight y no es necesario aprender a codificar. Utilice la demostraci\u00f3n en l\u00ednea para personalizar su herramienta personal, obtener el c\u00f3digo y agregarlo a su sitio. <\/p><\/div>\r\n\t\t\t\t\t<\/div>\r\n\t\t\t\t<\/div><div class=\"faq-item\">\r\n\t\t\t\t\t<div class=\"faq-item-question\">\r\n\t\t\t\t\t\t<h3 class=\"faq-item-question-text\">Los mejores ejemplos de uso de la integraci\u00f3n del chat en vivo de Facebook<\/h3>\r\n\r\n\t\t\t\t\t\t<div class=\"faq-item-question-icon\"><\/div>\r\n\t\t\t\t\t<\/div>\r\n\r\n\t\t\t\t\t<div class=\"faq-item-answer\">\r\n\t\t\t\t\t\t<div class=\"faq-item-answer-text\"><p>Ofrecemos una amplia gama de oportunidades de personalizaci\u00f3n: widgets a gran escala para agregar en el \u00e1rea de contenido, complementos flotantes con funci\u00f3n de desplazamiento, miniaturas para el pie de p\u00e1gina de su sitio web, encabezado y todo tipo de opciones verticales para barras laterales y men\u00fas del sitio web. <\/p><\/div>\r\n\t\t\t\t\t<\/div>\r\n\t\t\t\t<\/div><div class=\"faq-item\">\r\n\t\t\t\t\t<div class=\"faq-item-question\">\r\n\t\t\t\t\t\t<h3 class=\"faq-item-question-text\">\u00bfExiste una opci\u00f3n para crear un chat de Reservas o Comentarios mediante su editor? <\/h3>\r\n\r\n\t\t\t\t\t\t<div class=\"faq-item-question-icon\"><\/div>\r\n\t\t\t\t\t<\/div>\r\n\r\n\t\t\t\t\t<div class=\"faq-item-answer\">\r\n\t\t\t\t\t\t<div class=\"faq-item-answer-text\"><p>Puedes crear cualquier modificaci\u00f3n del widget. Hay toneladas de dise\u00f1os a tu disposici\u00f3n en el editor y todos ellos pueden personalizarse f\u00e1cilmente seg\u00fan tus necesidades. <\/p><\/div>\r\n\t\t\t\t\t<\/div>\r\n\t\t\t\t<\/div><div class=\"faq-item\">\r\n\t\t\t\t\t<div class=\"faq-item-question\">\r\n\t\t\t\t\t\t<h3 class=\"faq-item-question-text\">\u00bfQu\u00e9 otros widgets puedo usar en mi sitio web de WordPress?<\/h3>\r\n\r\n\t\t\t\t\t\t<div class=\"faq-item-question-icon\"><\/div>\r\n\t\t\t\t\t<\/div>\r\n\r\n\t\t\t\t\t<div class=\"faq-item-answer\">\r\n\t\t\t\t\t\t<div class=\"faq-item-answer-text\"><p>Por ejemplo, puedes usar <a href=\"https:\/\/elfsight.com\/telegram-chat-widget\/wordpress\/\" target=\"_blank\" rel=\"noopener\">Telegram Chat<\/a>, <a href=\"https:\/\/elfsight.com\/whatsapp-chat-widget\/wordpress\/\" target=\"_blank\" rel=\"noopener\">WhatsApp Chat<\/a> o <a href=\"https:\/\/elfsight.com\/viber-chat-widget\/wordpress\/\" target=\"_blank\" rel=\"noopener\">Viber Chat<\/a> para contactar a los visitantes del sitio web a trav\u00e9s de su mensajero favorito. Tambi\u00e9n puede agregar el control deslizante de rese\u00f1as y testimonios de Google al sitio web para demostrar los testimonios m\u00e1s sorprendentes de su empresa. Para aumentar la diversidad del contenido de su sitio web con videos, agregue una galer\u00eda de YouTube.<\/p><\/div>\r\n\t\t\t\t\t<\/div>\r\n\t\t\t\t<\/div><\/div>","protected":false},"excerpt":{"rendered":"","protected":false},"author":13,"featured_media":0,"parent":1807,"menu_order":0,"comment_status":"closed","ping_status":"closed","template":"templates\/template-application-platform.php","meta":{"publish_to_discourse":"","publish_post_category":"","wpdc_auto_publish_overridden":"","wpdc_topic_tags":"","wpdc_pin_topic":"","wpdc_pin_until":"","discourse_post_id":"","discourse_permalink":"","wpdc_publishing_response":"","wpdc_publishing_error":"","footnotes":""},"class_list":["post-2815","page","type-page","status-publish","hentry"],"yoast_head":"<!-- This site is optimized with the Yoast SEO plugin v25.3.1 - https:\/\/yoast.com\/wordpress\/plugins\/seo\/ -->\n<title>Plugin de Facebook Messenger para el sitio web de WordPress (2025)<\/title>\n<meta name=\"description\" content=\"A\u00f1ade un plugin de Facebook Messenger en su p\u00e1gina web de WordPress. Pruebe la demo de Elfsight manejable y construe su widget \u00fanico.\" \/>\n<meta name=\"robots\" content=\"index, follow, max-snippet:-1, max-image-preview:large, max-video-preview:-1\" \/>\n<link rel=\"canonical\" href=\"https:\/\/elfsight.com\/es\/facebook-chat-widget\/wordpress\/\" \/>\n<meta property=\"og:locale\" content=\"es_ES\" \/>\n<meta property=\"og:type\" content=\"article\" \/>\n<meta property=\"og:title\" content=\"Plugin de Facebook Messenger para el sitio web de WordPress (2025)\" \/>\n<meta property=\"og:description\" content=\"A\u00f1ade un plugin de Facebook Messenger en su p\u00e1gina web de WordPress. Pruebe la demo de Elfsight manejable y construe su widget \u00fanico.\" \/>\n<meta property=\"og:url\" content=\"https:\/\/elfsight.com\/es\/facebook-chat-widget\/wordpress\/\" \/>\n<meta property=\"og:site_name\" content=\"Elfsight ES\" \/>\n<meta property=\"article:modified_time\" content=\"2025-02-06T15:26:25+00:00\" \/>\n<meta name=\"twitter:card\" content=\"summary_large_image\" \/>\n<meta name=\"twitter:label1\" content=\"Tiempo de lectura\" \/>\n\t<meta name=\"twitter:data1\" content=\"3 minutos\" \/>\n<!-- \/ Yoast SEO plugin. -->","yoast_head_json":{"title":"Plugin de Facebook Messenger para el sitio web de WordPress (2025)","description":"A\u00f1ade un plugin de Facebook Messenger en su p\u00e1gina web de WordPress. Pruebe la demo de Elfsight manejable y construe su widget \u00fanico.","robots":{"index":"index","follow":"follow","max-snippet":"max-snippet:-1","max-image-preview":"max-image-preview:large","max-video-preview":"max-video-preview:-1"},"canonical":"https:\/\/elfsight.com\/es\/facebook-chat-widget\/wordpress\/","og_locale":"es_ES","og_type":"article","og_title":"Plugin de Facebook Messenger para el sitio web de WordPress (2025)","og_description":"A\u00f1ade un plugin de Facebook Messenger en su p\u00e1gina web de WordPress. Pruebe la demo de Elfsight manejable y construe su widget \u00fanico.","og_url":"https:\/\/elfsight.com\/es\/facebook-chat-widget\/wordpress\/","og_site_name":"Elfsight ES","article_modified_time":"2025-02-06T15:26:25+00:00","twitter_card":"summary_large_image","twitter_misc":{"Tiempo de lectura":"3 minutos"},"schema":{"@context":"https:\/\/schema.org","@graph":[{"@type":"WebPage","@id":"https:\/\/elfsight.com\/es\/facebook-chat-widget\/wordpress\/","url":"https:\/\/elfsight.com\/es\/facebook-chat-widget\/wordpress\/","name":"Plugin de Facebook Messenger para el sitio web de WordPress (2025)","isPartOf":{"@id":"https:\/\/elfsight.com\/es\/#website"},"datePublished":"2021-11-16T11:46:10+00:00","dateModified":"2025-02-06T15:26:25+00:00","description":"A\u00f1ade un plugin de Facebook Messenger en su p\u00e1gina web de WordPress. Pruebe la demo de Elfsight manejable y construe su widget \u00fanico.","breadcrumb":{"@id":"https:\/\/elfsight.com\/es\/facebook-chat-widget\/wordpress\/#breadcrumb"},"inLanguage":"es","potentialAction":[{"@type":"ReadAction","target":["https:\/\/elfsight.com\/es\/facebook-chat-widget\/wordpress\/"]}]},{"@type":"BreadcrumbList","@id":"https:\/\/elfsight.com\/es\/facebook-chat-widget\/wordpress\/#breadcrumb","itemListElement":[{"@type":"ListItem","position":1,"name":"Home","item":"https:\/\/elfsight.com\/es\/"},{"@type":"ListItem","position":2,"name":"Facebook Chat","item":"https:\/\/elfsight.com\/es\/facebook-chat-widget\/"},{"@type":"ListItem","position":3,"name":"Facebook Chat &#8211; WordPress"}]},{"@type":"WebSite","@id":"https:\/\/elfsight.com\/es\/#website","url":"https:\/\/elfsight.com\/es\/","name":"Elfsight ES","description":"Just another Elfsight Sites site","potentialAction":[{"@type":"SearchAction","target":{"@type":"EntryPoint","urlTemplate":"https:\/\/elfsight.com\/es\/?s={search_term_string}"},"query-input":{"@type":"PropertyValueSpecification","valueRequired":true,"valueName":"search_term_string"}}],"inLanguage":"es"}]}},"meta_box":{"industry":"","seo_heading":"","heading":"","description":"","cta_heading":"","cta_description":"","application":"1806","h1":"Complemento WordPress Chat de Facebook","h1_caption":"Permita a sus usuarios contactarle en Facebook Messenger desde su sitio web.","application_category":[],"applications_title":"","applications_request_title":"","applications_request_button_text":"","hero_text":"","hero_video":"","hero_video_schema_markup":"","selling_points_title":"","selling_points_caption":"","selling_points":[],"selling_points_cta_text":"","features_title":"","features":"","ed_cta_examples_text":"","ed_cta_examples_hidden":"","ed_cta_demo_text":"","ed_cta_demo_hidden":"","why_caption":"","why_editor_title":"","why_editor_text":"","why_team_title":"","why_team_text":"","why_service_title":"","why_service_text":"","template_catalog_visible":"","template_catalog_title":"","template_catalog_text":"","template_catalog_categories_visible":"","demo_title":"Crea tu complemento de chat de Facebook","demo_caption":"\u00a1Configura tu chat de Facebook y agr\u00e9galo a tu sitio web de WordPress gratis!","default_faq_hidden":"","app_template_category":[],"platform":"115","template_public_id":"","codecanyon_url":"","codecanyon_item_id":"","codecanyon_price":"","pricing_caption":"","pricing_elfsight_apps_hide_column":"","pricing_elfsight_apps_url":"","pricing_codecanyon_price_caption":"","integration_category":[],"integration_request_title":"","integration_request_cta":"","integration_platform":"","integrations":[],"platform_category":[],"video_schema_markup":"","price":"desde $0 por mes","trial":"","benefits":[{"text":"Instalaci\u00f3n gratuita"},{"text":"Soporte Premium"},{"text":"14 d\u00edas garant\u00eda de reembolso"},{"text":"Actualizaciones regulares"}],"button_url":"#demo","button_target_blank":"0","button_nofollow":"0","attributes":[{"name":"Responsivo","content":"Si","_state":"expanded"},{"name":"Navegadores compatibles","content":"Firefox, Safari, Opera, Chrome, Edge","_state":"expanded"}],"tags":[],"tags_disable_links":"0","hide_more_platforms":"","video_object":"{\r\n  \"@context\": \"http:\/\/schema.org\",\r\n  \"@type\": \"VideoObject\",\r\n  \"name\": \"How to Add Facebook Chat to Wordpress website (2020)\",\r\n  \"description\": \"With Elfsight, create your Facebook Messenger Chat plugin and add it to your WordPress website with ease. We offer free client service and other bonuses.\",\r\n  \"thumbnailUrl\": \"https:\/\/i.ytimg.com\/vi\/7iDMKXqv4Io\/default.jpg\",\r\n  \"uploadDate\": \"2019-08-20T20:12:34.000Z\",\r\n  \"duration\": \"PT2M25S\",\r\n  \"embedUrl\": \"https:\/\/www.youtube.com\/embed\/7iDMKXqv4Io\",\r\n  \"interactionCount\": \"3715\"\r\n}","demo_hide_cta":"0","demo_hide_cloud_options":"0","pricing_title":"","pricing":[{"pricing_icon":"platform","pricing_title":" Elfsight Apps","pricing_title_caption":"Soluci\u00f3n multiplataforma - valido para cualquier p\u00e1gina web","pricing_price":"desde $0 por mes","pricing_price_caption":"empezar con un plan gratuito","pricing_benefits":[{"text":"Sitios web ilimitados"},{"text":"Atenci\u00f3n al cliente gratuita y r\u00e1pida"},{"text":"Servicio de instalaci\u00f3n gratuito"},{"text":"Totalmente personalizable"}],"pricing_button_text":"Agregar al sitio web","pricing_button_url":"#demo","_state":"expanded"}],"related_apps_title":"","related_apps_hidden":"1","author":"","image":[],"title":"","job":"","social_networks":[]},"_links":{"self":[{"href":"https:\/\/elfsight.com\/es\/wp-json\/wp\/v2\/pages\/2815","targetHints":{"allow":["GET"]}}],"collection":[{"href":"https:\/\/elfsight.com\/es\/wp-json\/wp\/v2\/pages"}],"about":[{"href":"https:\/\/elfsight.com\/es\/wp-json\/wp\/v2\/types\/page"}],"author":[{"embeddable":true,"href":"https:\/\/elfsight.com\/es\/wp-json\/wp\/v2\/users\/13"}],"replies":[{"embeddable":true,"href":"https:\/\/elfsight.com\/es\/wp-json\/wp\/v2\/comments?post=2815"}],"version-history":[{"count":5,"href":"https:\/\/elfsight.com\/es\/wp-json\/wp\/v2\/pages\/2815\/revisions"}],"predecessor-version":[{"id":18287,"href":"https:\/\/elfsight.com\/es\/wp-json\/wp\/v2\/pages\/2815\/revisions\/18287"}],"up":[{"embeddable":true,"href":"https:\/\/elfsight.com\/es\/wp-json\/wp\/v2\/pages\/1807"}],"wp:attachment":[{"href":"https:\/\/elfsight.com\/es\/wp-json\/wp\/v2\/media?parent=2815"}],"curies":[{"name":"wp","href":"https:\/\/api.w.org\/{rel}","templated":true}]}}