{"id":2803,"date":"2021-11-16T10:27:29","date_gmt":"2021-11-16T10:27:29","guid":{"rendered":"https:\/\/elfsight.com\/es\/?page_id=2803"},"modified":"2025-02-06T15:26:34","modified_gmt":"2025-02-06T15:26:34","slug":"wordpress","status":"publish","type":"page","link":"https:\/\/elfsight.com\/es\/background-music-widget\/wordpress\/","title":{"rendered":"Background Music &#8211; WordPress"},"content":{"rendered":"<div class=\"application-platform-content-item-description application-platform-content-item\" id=\"description\" data-nav-section=\"description\"> <h2>Incrustar m\u00fasica de fondo en WordPress con el widget Elfsight<\/h2> <p>El reproductor de audio de fondo Elfsight es un complemento sencillo para WordPress que le brinda la oportunidad de reproducir pistas de m\u00fasica directamente en las p\u00e1ginas de su sitio web. La herramienta es extremadamente ajustable: puede cambiar su posici\u00f3n, incrustarla en cualquier lugar de la p\u00e1gina, alterar su tama\u00f1o, cambiar el color del fondo y todos los dem\u00e1s elementos para combinarlo con el estilo de su sitio web, emplear una combinaci\u00f3n de colores oscuros, mostrar portadas y mostrar u ocultar 4 elementos adicionales del reproductor como barra de progreso, encabezado y muchos m\u00e1s. Cargue tantas pistas como necesite para atraer a sus visitantes, active la reproducci\u00f3n autom\u00e1tica y no tenga dudas: \u00a1sus visitantes no abandonar\u00e1n su p\u00e1gina web r\u00e1pidamente!<\/p> <p><b>Con el reproductor de m\u00fasica de fondo Elfsight, comience el desarrollo activo del negocio y aumente las ventas <\/b><\/p> <\/div> <div class=\"application-platform-content-item-features application-platform-content-item\" id=\"features\" data-nav-section=\"features\"> <h2>Ofrecemos funciones potentes y sencillas, vea algunas de ellos: <\/h2> <ul><li>Varias variaciones de color<\/li><li>Tema de color oscuro\/claro<\/li><li>Dise\u00f1o responsivo<\/li><li>2 dise\u00f1os listos para usar<\/li><li>Una oportunidad para agregar una imagen de fondo<\/li><\/ul><p><a href=\"#demo\">Pruebe todas las configuraciones en una demostraci\u00f3n con todas las funciones<\/a><\/p> <\/div> <div class=\"application-platform-content-item-installation application-platform-content-item\" id=\"installation\" data-nav-section=\"installation\"> <h2>\u00bfC\u00f3mo incrusto un reproductor de m\u00fasica de fondo en mi WordPress?<\/h2> <div class=\"video-container\"><iframe width=\"720\" height=\"405\" src=\"https:\/\/www.youtube.com\/embed\/BULXWklwzNc\" frameborder=\"0\"><\/iframe><\/div><p>Simplemente siga los siguientes pasos se describe a continuaci\u00f3n para insertar el complemento. <\/p> <ol><li><b>Utilice nuestra demostraci\u00f3n gratuita y comience a darle forma a su complemento personalizado. <\/b><br> Elija el aspecto y los aspectos preferidos del complemento y aplique todas las modificaciones. <\/li> <li><b>Obtenga su c\u00f3digo \u00fanico demostrado en la ventana de Elfsight Apps. <\/b><br> Inmediatamente despu\u00e9s de finalizar la personalizaci\u00f3n de su complemento, copie su c\u00f3digo de la ventana emergente que aparece y gu\u00e1rdelo para su uso posterior. <\/li> <li><b>Comience a usar el complemento en su sitio de WordPress. <\/b><br>Coloca el c\u00f3digo que has copiado recientemente en tu p\u00e1gina y guarda las correcciones. <\/li> <li><b>La configuraci\u00f3n se realiz\u00f3 exitosamente. <\/b><br>Visite su p\u00e1gina web para comprobar c\u00f3mo funciona el complemento. <\/li><\/ol><p>En caso de que tenga alguna pregunta o tenga alguna dificultad, no dude en ponerse en contacto con nuestro equipo de atenci\u00f3n al cliente. Nuestros consultores estar\u00e1n encantados de ayudarle con todos los problemas que pueda tener sobre el producto. <\/p> <\/div><div class=\"faq\" data-component=\"FAQ\"><div class=\"faq-item\">\r\n\t\t\t\t\t<div class=\"faq-item-question\">\r\n\t\t\t\t\t\t<h3 class=\"faq-item-question-text\">\u00bfC\u00f3mo puedo agregar una m\u00fasica de fondo a mi sitio de WordPress?<\/h3>\r\n\r\n\t\t\t\t\t\t<div class=\"faq-item-question-icon\"><\/div>\r\n\t\t\t\t\t<\/div>\r\n\r\n\t\t\t\t\t<div class=\"faq-item-answer\">\r\n\t\t\t\t\t\t<div class=\"faq-item-answer-text\"><p>La creaci\u00f3n de la herramienta ocurre dentro del sitio de Elfsight y no es necesario codificar. Utilice nuestra demostraci\u00f3n activa para configurar su herramienta, obtenga el c\u00f3digo e ins\u00e9rtelo en su sitio. <\/p><\/div>\r\n\t\t\t\t\t<\/div>\r\n\t\t\t\t<\/div><div class=\"faq-item\">\r\n\t\t\t\t\t<div class=\"faq-item-question\">\r\n\t\t\t\t\t\t<h3 class=\"faq-item-question-text\">Las mejores formas de utilizar la integraci\u00f3n de m\u00fasica de fondo<\/h3>\r\n\r\n\t\t\t\t\t\t<div class=\"faq-item-question-icon\"><\/div>\r\n\t\t\t\t\t<\/div>\r\n\r\n\t\t\t\t\t<div class=\"faq-item-answer\">\r\n\t\t\t\t\t\t<div class=\"faq-item-answer-text\"><p>Ofrecemos toneladas de oportunidades de personalizaci\u00f3n: widgets a gran escala para implementar en el \u00e1rea de contenido, widgets flotantes con funciones de desplazamiento, miniaturas para el pie de p\u00e1gina, la secci\u00f3n principal y todo tipo de oportunidades verticales para men\u00fas y barras laterales del sitio web. <\/p><\/div>\r\n\t\t\t\t\t<\/div>\r\n\t\t\t\t<\/div><div class=\"faq-item\">\r\n\t\t\t\t\t<div class=\"faq-item-question\">\r\n\t\t\t\t\t\t<h3 class=\"faq-item-question-text\">\u00bfPuedo crear un reproductor de m\u00fasica para Halloween o SPA a trav\u00e9s de la agencia de tu editor?<\/h3>\r\n\r\n\t\t\t\t\t\t<div class=\"faq-item-question-icon\"><\/div>\r\n\t\t\t\t\t<\/div>\r\n\r\n\t\t\t\t\t<div class=\"faq-item-answer\">\r\n\t\t\t\t\t\t<div class=\"faq-item-answer-text\"><p>Puedes darle forma a las variaciones de cualquier widget. Hay muchos dise\u00f1os disponibles en el editor, y todos ellos se pueden ajustar r\u00e1pidamente de la forma que necesites. <\/p><\/div>\r\n\t\t\t\t\t<\/div>\r\n\t\t\t\t<\/div><\/div>","protected":false},"excerpt":{"rendered":"","protected":false},"author":13,"featured_media":0,"parent":501,"menu_order":0,"comment_status":"closed","ping_status":"closed","template":"templates\/template-application-platform.php","meta":{"publish_to_discourse":"","publish_post_category":"","wpdc_auto_publish_overridden":"","wpdc_topic_tags":"","wpdc_pin_topic":"","wpdc_pin_until":"","discourse_post_id":"","discourse_permalink":"","wpdc_publishing_response":"","wpdc_publishing_error":"","footnotes":""},"class_list":["post-2803","page","type-page","status-publish","hentry"],"yoast_head":"<!-- This site is optimized with the Yoast SEO plugin v25.3.1 - https:\/\/yoast.com\/wordpress\/plugins\/seo\/ -->\n<title>Plugin M\u00fasica de fondo para el sitio web de WordPress (gratuito y r\u00e1pido)<\/title>\n<meta name=\"description\" content=\"Incrusta un widget de M\u00fasica de fondo en su sitio WordPress. Use la demo de Elfsight f\u00e1cil de usar y construe su plugin propio f\u00e1cilmente.\" \/>\n<meta name=\"robots\" content=\"index, follow, max-snippet:-1, max-image-preview:large, max-video-preview:-1\" \/>\n<link rel=\"canonical\" href=\"https:\/\/elfsight.com\/es\/background-music-widget\/wordpress\/\" \/>\n<meta property=\"og:locale\" content=\"es_ES\" \/>\n<meta property=\"og:type\" content=\"article\" \/>\n<meta property=\"og:title\" content=\"Plugin M\u00fasica de fondo para el sitio web de WordPress (gratuito y r\u00e1pido)\" \/>\n<meta property=\"og:description\" content=\"Incrusta un widget de M\u00fasica de fondo en su sitio WordPress. Use la demo de Elfsight f\u00e1cil de usar y construe su plugin propio f\u00e1cilmente.\" \/>\n<meta property=\"og:url\" content=\"https:\/\/elfsight.com\/es\/background-music-widget\/wordpress\/\" \/>\n<meta property=\"og:site_name\" content=\"Elfsight ES\" \/>\n<meta property=\"article:modified_time\" content=\"2025-02-06T15:26:34+00:00\" \/>\n<meta name=\"twitter:card\" content=\"summary_large_image\" \/>\n<meta name=\"twitter:label1\" content=\"Tiempo de lectura\" \/>\n\t<meta name=\"twitter:data1\" content=\"2 minutos\" \/>\n<!-- \/ Yoast SEO plugin. -->","yoast_head_json":{"title":"Plugin M\u00fasica de fondo para el sitio web de WordPress (gratuito y r\u00e1pido)","description":"Incrusta un widget de M\u00fasica de fondo en su sitio WordPress. Use la demo de Elfsight f\u00e1cil de usar y construe su plugin propio f\u00e1cilmente.","robots":{"index":"index","follow":"follow","max-snippet":"max-snippet:-1","max-image-preview":"max-image-preview:large","max-video-preview":"max-video-preview:-1"},"canonical":"https:\/\/elfsight.com\/es\/background-music-widget\/wordpress\/","og_locale":"es_ES","og_type":"article","og_title":"Plugin M\u00fasica de fondo para el sitio web de WordPress (gratuito y r\u00e1pido)","og_description":"Incrusta un widget de M\u00fasica de fondo en su sitio WordPress. Use la demo de Elfsight f\u00e1cil de usar y construe su plugin propio f\u00e1cilmente.","og_url":"https:\/\/elfsight.com\/es\/background-music-widget\/wordpress\/","og_site_name":"Elfsight ES","article_modified_time":"2025-02-06T15:26:34+00:00","twitter_card":"summary_large_image","twitter_misc":{"Tiempo de lectura":"2 minutos"},"schema":{"@context":"https:\/\/schema.org","@graph":[{"@type":"WebPage","@id":"https:\/\/elfsight.com\/es\/background-music-widget\/wordpress\/","url":"https:\/\/elfsight.com\/es\/background-music-widget\/wordpress\/","name":"Plugin M\u00fasica de fondo para el sitio web de WordPress (gratuito y r\u00e1pido)","isPartOf":{"@id":"https:\/\/elfsight.com\/es\/#website"},"datePublished":"2021-11-16T10:27:29+00:00","dateModified":"2025-02-06T15:26:34+00:00","description":"Incrusta un widget de M\u00fasica de fondo en su sitio WordPress. Use la demo de Elfsight f\u00e1cil de usar y construe su plugin propio f\u00e1cilmente.","breadcrumb":{"@id":"https:\/\/elfsight.com\/es\/background-music-widget\/wordpress\/#breadcrumb"},"inLanguage":"es","potentialAction":[{"@type":"ReadAction","target":["https:\/\/elfsight.com\/es\/background-music-widget\/wordpress\/"]}]},{"@type":"BreadcrumbList","@id":"https:\/\/elfsight.com\/es\/background-music-widget\/wordpress\/#breadcrumb","itemListElement":[{"@type":"ListItem","position":1,"name":"Home","item":"https:\/\/elfsight.com\/es\/"},{"@type":"ListItem","position":2,"name":"Background Music","item":"https:\/\/elfsight.com\/es\/background-music-widget\/"},{"@type":"ListItem","position":3,"name":"Background Music &#8211; WordPress"}]},{"@type":"WebSite","@id":"https:\/\/elfsight.com\/es\/#website","url":"https:\/\/elfsight.com\/es\/","name":"Elfsight ES","description":"Just another Elfsight Sites site","potentialAction":[{"@type":"SearchAction","target":{"@type":"EntryPoint","urlTemplate":"https:\/\/elfsight.com\/es\/?s={search_term_string}"},"query-input":{"@type":"PropertyValueSpecification","valueRequired":true,"valueName":"search_term_string"}}],"inLanguage":"es"}]}},"meta_box":{"industry":"","seo_heading":"","heading":"","description":"","cta_heading":"","cta_description":"","application":"500","h1":"Complemento de WordPress M\u00fasica de fondo","h1_caption":"Acompa\u00f1e la experiencia de sus usuarios con m\u00fasica de fondo","application_category":[],"applications_title":"","applications_request_title":"","applications_request_button_text":"","hero_text":"","hero_video":"","hero_video_schema_markup":"","selling_points_title":"","selling_points_caption":"","selling_points":[],"selling_points_cta_text":"","features_title":"","features":"","ed_cta_examples_text":"","ed_cta_examples_hidden":"","ed_cta_demo_text":"","ed_cta_demo_hidden":"","why_caption":"","why_editor_title":"","why_editor_text":"","why_team_title":"","why_team_text":"","why_service_title":"","why_service_text":"","template_catalog_visible":"","template_catalog_title":"","template_catalog_text":"","template_catalog_categories_visible":"","demo_title":"Crea tu complemento de m\u00fasica de fondo","demo_caption":"\u00a1Configura tu m\u00fasica de fondo y agr\u00e9gala a tu sitio web de WordPress gratis!","default_faq_hidden":"","app_template_category":[],"platform":"115","template_public_id":"","codecanyon_url":"","codecanyon_item_id":"","codecanyon_price":"","pricing_caption":"","pricing_elfsight_apps_hide_column":"","pricing_elfsight_apps_url":"","pricing_codecanyon_price_caption":"","integration_category":[],"integration_request_title":"","integration_request_cta":"","integration_platform":"","integrations":[],"platform_category":[],"video_schema_markup":"","price":"desde $0 por mes","trial":"","benefits":[{"text":"Instalaci\u00f3n gratuita"},{"text":"Soporte Premium"},{"text":"14 d\u00edas garant\u00eda de reembolso"},{"text":"Actualizaciones regulares"}],"button_url":"#demo","button_target_blank":"0","button_nofollow":"0","attributes":[{"name":"Responsivo","content":"Si","_state":"expanded"},{"name":"Navegadores compatibles","content":"Firefox, Safari, Opera, Chrome, Edge","_state":"expanded"}],"tags":[],"tags_disable_links":"0","hide_more_platforms":"","video_object":"{\r\n  \"@context\": \"http:\/\/schema.org\",\r\n  \"@type\": \"VideoObject\",\r\n  \"name\": \"How to Add Background Music to WordPress (2021)\",\r\n  \"description\": \"Embed a Background Music player plugin on your WordPress website. Apply our helpful demo and build your custom background audio player in just a couple of mins.\",\r\n  \"thumbnailUrl\": \"https:\/\/i.ytimg.com\/vi\/BULXWklwzNc\/default.jpg\",\r\n  \"uploadDate\": \"2021-02-01T07:50:09Z\",\r\n  \"duration\": \"PT2M26S\",\r\n  \"embedUrl\": \"https:\/\/www.youtube.com\/embed\/BULXWklwzNc\",\r\n  \"interactionCount\": \"5\"\r\n}","demo_hide_cta":"0","demo_hide_cloud_options":"0","pricing_title":"","pricing":[{"pricing_icon":"platform","pricing_title":" Elfsight Apps","pricing_title_caption":"Soluci\u00f3n multiplataforma - valido para cualquier p\u00e1gina web","pricing_price":"desde $0 por mes","pricing_price_caption":"empezar con un plan gratuito","pricing_benefits":[{"text":"Sitios web ilimitados"},{"text":"Atenci\u00f3n al cliente gratuita y r\u00e1pida"},{"text":"Servicio de instalaci\u00f3n gratuito"},{"text":"Totalmente personalizable"}],"pricing_button_text":"Agregar al sitio web","pricing_button_url":"#demo","_state":"expanded"}],"related_apps_title":"","related_apps_hidden":"1","author":"","image":[],"title":"","job":"","social_networks":[]},"_links":{"self":[{"href":"https:\/\/elfsight.com\/es\/wp-json\/wp\/v2\/pages\/2803","targetHints":{"allow":["GET"]}}],"collection":[{"href":"https:\/\/elfsight.com\/es\/wp-json\/wp\/v2\/pages"}],"about":[{"href":"https:\/\/elfsight.com\/es\/wp-json\/wp\/v2\/types\/page"}],"author":[{"embeddable":true,"href":"https:\/\/elfsight.com\/es\/wp-json\/wp\/v2\/users\/13"}],"replies":[{"embeddable":true,"href":"https:\/\/elfsight.com\/es\/wp-json\/wp\/v2\/comments?post=2803"}],"version-history":[{"count":6,"href":"https:\/\/elfsight.com\/es\/wp-json\/wp\/v2\/pages\/2803\/revisions"}],"predecessor-version":[{"id":18290,"href":"https:\/\/elfsight.com\/es\/wp-json\/wp\/v2\/pages\/2803\/revisions\/18290"}],"up":[{"embeddable":true,"href":"https:\/\/elfsight.com\/es\/wp-json\/wp\/v2\/pages\/501"}],"wp:attachment":[{"href":"https:\/\/elfsight.com\/es\/wp-json\/wp\/v2\/media?parent=2803"}],"curies":[{"name":"wp","href":"https:\/\/api.w.org\/{rel}","templated":true}]}}