{"id":2799,"date":"2021-11-12T13:46:18","date_gmt":"2021-11-12T13:46:18","guid":{"rendered":"https:\/\/elfsight.com\/es\/?page_id=2799"},"modified":"2025-02-06T15:26:34","modified_gmt":"2025-02-06T15:26:34","slug":"wordpress","status":"publish","type":"page","link":"https:\/\/elfsight.com\/es\/all-in-one-chat-widget\/wordpress\/","title":{"rendered":"All-in-One Chat &#8211; WordPress"},"content":{"rendered":"<div class=\"application-platform-content-item-description application-platform-content-item\" id=\"description\" data-nav-section=\"description\"> <h2>Integre el chat todo en uno en WordPress con el widget de Elfsight<\/h2> <p>El mejor chat en vivo todo en uno de Elfsight es una de las posibilidades m\u00e1s pr\u00e1cticas para que los usuarios se comuniquen con usted y obtengan soporte de su parte. Podr\u00e1s permanecer disponible en vivo en todos los mensajeros favoritos. Incruste el complemento en su sitio y config\u00farelo para que aparezca en p\u00e1ginas particulares o para grupos separados de visitantes, elija activadores de inicio de chat, configure su texto de bienvenida, elija \u00edconos y otras funciones. Al utilizar el complemento en funcionamiento, estar\u00e1 en contacto con los visitantes en cualquier momento y desde cualquier lugar. <\/p> <p><b>\u00a1Todos los mensajeros m\u00e1s destacados como Telegram, Facebook, Viber, WhatsApp y m\u00e1s en uno para una interacci\u00f3n m\u00e1xima, suficiente y pr\u00e1ctica con tu audiencia!<\/b><\/p> <p><b>Centraliza las solicitudes de tus clientes<\/b><br>Al combinar todos los canales de mensajer\u00eda conocidos en el complemento Chat Box, podr\u00e1s manejar numerosas tareas en un solo lugar, aumentando la satisfacci\u00f3n del cliente.<\/p><p><b>Herramienta profundamente personalizable<\/b><br>Discord, Line, Viber, Telegram, WhatsApp, Facebook Messenger: puedes usarlos todos juntos o elegir los que cumplan con tus necesidades, adaptando sus colores, tama\u00f1os y m\u00e1s.<\/p><p><b>Mant\u00e9n una conversaci\u00f3n en tiempo real<\/b><br>Al incorporar el widget de chat en vivo en las p\u00e1ginas de tu sitio web, conocer\u00e1s mejor a tu audiencia, brind\u00e1ndoles un servicio de alta calidad y servicios m\u00e1s espec\u00edficos.<\/p><\/div> <div class=\"application-platform-content-item-features application-platform-content-item\" id=\"features\" data-nav-section=\"features\"> <h2>Estas son solo algunas de las funciones avanzadas del widget: <\/h2> <ul><li>Integre el complemento de mensajer\u00eda All-in-One Live Chat en su p\u00e1gina para chatear con los visitantes. <\/li><li>Tres tipos de posici\u00f3n de chat: burbuja flotante, burbuja integrada y ventana de chat integrada. <\/li><li>Una colecci\u00f3n de \u00edconos de burbujas para que elijas. <\/li><li>T\u00edtulo de chat flexible con logotipo, nombre y subt\u00edtulo de la p\u00e1gina<\/li><li>Elegir la imagen de la p\u00e1gina de forma predeterminada, desde nuestra biblioteca o cargar su propia imagen. <\/li><\/ul><p><a href=\"#demo\">Simplemente pruebe esta demostraci\u00f3n para ver c\u00f3mo funciona<\/a><\/p><div class=\"faq\" data-component=\"FAQ\"><div class=\"faq-item\">\r\n\t\t\t\t\t<div class=\"faq-item-question\">\r\n\t\t\t\t\t\t<h3 class=\"faq-item-question-text\">\u00bfC\u00f3mo agregar el cuadro de chat todo en uno a una p\u00e1gina de WordPress?<\/h3>\r\n\r\n\t\t\t\t\t\t<div class=\"faq-item-question-icon\"><\/div>\r\n\t\t\t\t\t<\/div>\r\n\r\n\t\t\t\t\t<div class=\"faq-item-answer\">\r\n\t\t\t\t\t\t<div class=\"faq-item-answer-text\"><p>La instalaci\u00f3n demora unos segundos. Adem\u00e1s, no es necesario tener conocimientos en programaci\u00f3n web. <\/p><ol><li>Modifica el widget para WordPress en el configurador gratuito y mira las modificaciones en vivo. <\/li> <li>Obtenga su c\u00f3digo de instalaci\u00f3n personal. <\/li> <li>Ingrese el c\u00f3digo en el lugar necesario en el backend del sitio web. <\/li> <li>\u00a1Trabajo fant\u00e1stico! \u00a1La configuraci\u00f3n del complemento de chat en WordPress est\u00e1 completa! <\/li><\/ol><p>\u00bfTiene alg\u00fan problema al instalar el complemento en WordPress o configurar el chat todo en uno? Puedes descubrir la gu\u00eda detallada <a href=\"https:\/\/elfsight.com\/tutorials\/how-to-add-live-chat-to-website\/#how-to-add-live-chat-to-wordpress\">en esta p\u00e1gina<\/a>. <\/p><\/div>\r\n\t\t\t\t\t<\/div>\r\n\t\t\t\t<\/div><div class=\"faq-item\">\r\n\t\t\t\t\t<div class=\"faq-item-question\">\r\n\t\t\t\t\t\t<h3 class=\"faq-item-question-text\">\u00bfPuedo ver c\u00f3mo se ver\u00e1 el widget en mi sitio web?<\/h3>\r\n\r\n\t\t\t\t\t\t<div class=\"faq-item-question-icon\"><\/div>\r\n\t\t\t\t\t<\/div>\r\n\r\n\t\t\t\t\t<div class=\"faq-item-answer\">\r\n\t\t\t\t\t\t<div class=\"faq-item-answer-text\"><p>\u00a1Por supuesto! Mientras crea el complemento de chat de WordPress en el <a href=\"https:\/\/elfsight.com\/all-in-one-chat-widget\/#demo\">editor en l\u00ednea<\/a>, considerar\u00e1 todos los cambios a la derecha. Su cuadro de chat ser\u00e1 id\u00e9ntico al que tendr\u00e1 en su sitio de WordPress. <\/p><\/div>\r\n\t\t\t\t\t<\/div>\r\n\t\t\t\t<\/div><div class=\"faq-item\">\r\n\t\t\t\t\t<div class=\"faq-item-question\">\r\n\t\t\t\t\t\t<h3 class=\"faq-item-question-text\">\u00bfQu\u00e9 otros widgets son esenciales para un sitio web de WordPress?<\/h3>\r\n\r\n\t\t\t\t\t\t<div class=\"faq-item-question-icon\"><\/div>\r\n\t\t\t\t\t<\/div>\r\n\r\n\t\t\t\t\t<div class=\"faq-item-answer\">\r\n\t\t\t\t\t\t<div class=\"faq-item-answer-text\"><p>WordPress es una plataforma maravillosa tanto para principiantes como para desarrolladores web profesionales. Adem\u00e1s, es ideal para cualquier tipo de sitio web: desde blogs hasta grandes mercados.<\/p><p>Puede encontrar muchas herramientas \u00fatiles para sitios web de WordPress en Elfsight: <a href=\"https:\/\/elfsight.com\/whatsapp-chat-widget\/wordpress\/\">bot\u00f3n de chat de WhatsApp<\/a> facilitar\u00e1 la comunicaci\u00f3n con su servicio de atenci\u00f3n al cliente, con <a href=\"https:\/\/elfsight.com\/facebook-chat-widget\/wordpress\/\">Facebook Chat<\/a> aumentar\u00e1 las ventas, <a href=\"https:\/\/elfsight.com\/google-reviews-widget\/wordpress\/\">Rese\u00f1as de Google<\/a> demostrar\u00e1 que puede confiar en usted. El <a href=\"https:\/\/elfsight.com\/testimonials-slider-widget\/wordpress\/\">Control deslizante de testimonios<\/a> ser\u00e1 \u00fatil para mostrar las citas de tus clientes, y la <a href=\"https:\/\/elfsight.com\/youtube-channel-plugin-yottie\/wordpress\/\">Galer\u00eda de YouTube<\/a> ser\u00e1 excelente para buscar v\u00eddeos y v\u00eddeos \u00fatiles. rese\u00f1as.<\/p><\/div>\r\n\t\t\t\t\t<\/div>\r\n\t\t\t\t<\/div><\/div><\/div> <div class=\"application-platform-content-item-installation application-platform-content-item\" id=\"installation\" data-nav-section=\"installation\"> <h2>\u00bfC\u00f3mo puedo agregar el complemento Live Chat a mi sitio web de WordPress?<\/h2> <div class=\"video-description\"><iframe width=\"720\" height=\"405\" src=\"https:\/\/www.youtube.com\/embed\/utblbU9lyGE\" frameborder=\"0\"><\/iframe><\/div><p>Simplemente siga las instrucciones a continuaci\u00f3n para activar el widget. <\/p> <ol><li><b>Realice nuestro configurador gratuito y comience a trabajar con su complemento personalizado.<\/b><br> Elija el dise\u00f1o y los aspectos preferibles del widget y aplique todas las correcciones.<\/li> <li><b>Reciba el c\u00f3digo \u00fanico que aparece en la ventana de Elfsight Apps. <\/b><br> Cuando finalice la configuraci\u00f3n de su widget, copie el c\u00f3digo exclusivo en el cuadro que aparece y gu\u00e1rdelo para usarlo m\u00e1s adelante.<\/li> <li><b>Comience a usar el complemento en su sitio web de WordPress. <\/b><br> Inserte el c\u00f3digo guardado recientemente en su p\u00e1gina y guarde las modificaciones.<\/li> <li><b>La instalaci\u00f3n est\u00e1 completamente realizada.<\/b><br> Visite su sitio web para ver en acci\u00f3n c\u00f3mo funciona el Chat Box.<\/li><\/ol><p>A condici\u00f3n de afrontar consultas o enfrentar cualquier complicaci\u00f3n, no tema buscar ayuda de nuestro personal de atenci\u00f3n al cliente. Nuestra gente estar\u00e1 encantada de resolver todas las dudas que puedas tener con el plugin. <\/p> <\/div><div class=\"faq\" data-component=\"FAQ\"><div class=\"faq-item\">\r\n\t\t\t\t\t<div class=\"faq-item-question\">\r\n\t\t\t\t\t\t<h3 class=\"faq-item-question-text\">\u00bfDe qu\u00e9 manera incrusto un chat en vivo en WordPress?<\/h3>\r\n\r\n\t\t\t\t\t\t<div class=\"faq-item-question-icon\"><\/div>\r\n\t\t\t\t\t<\/div>\r\n\r\n\t\t\t\t\t<div class=\"faq-item-answer\">\r\n\t\t\t\t\t\t<div class=\"faq-item-answer-text\"><p>La creaci\u00f3n de la herramienta ocurre dentro del sitio de Elfsight y no hay necesidad de codificar. Utilice la demostraci\u00f3n activa para personalizar su widget personal, adquirir el c\u00f3digo y agregarlo a su sitio web. <\/p><\/div>\r\n\t\t\t\t\t<\/div>\r\n\t\t\t\t<\/div><div class=\"faq-item\">\r\n\t\t\t\t\t<div class=\"faq-item-question\">\r\n\t\t\t\t\t\t<h3 class=\"faq-item-question-text\">Los mejores ejemplos de uso de la integraci\u00f3n del chat en vivo<\/h3>\r\n\r\n\t\t\t\t\t\t<div class=\"faq-item-question-icon\"><\/div>\r\n\t\t\t\t\t<\/div>\r\n\r\n\t\t\t\t\t<div class=\"faq-item-answer\">\r\n\t\t\t\t\t\t<div class=\"faq-item-answer-text\"><p>Ofrecemos toneladas de posibilidades de personalizaci\u00f3n: widgets a gran escala para agregar a la zona de contenido, widgets flotantes con opciones de desplazamiento, miniaturas para el pie de p\u00e1gina de su sitio web, secci\u00f3n principal y todo tipo de posibilidades verticales para men\u00fas y barras laterales del sitio web. <\/p><\/div>\r\n\t\t\t\t\t<\/div>\r\n\t\t\t\t<\/div><div class=\"faq-item\">\r\n\t\t\t\t\t<div class=\"faq-item-question\">\r\n\t\t\t\t\t\t<h3 class=\"faq-item-question-text\">\u00bfExiste una opci\u00f3n para crear un chat en vivo de venta o reserva con la ayuda del editor?<\/h3>\r\n\r\n\t\t\t\t\t\t<div class=\"faq-item-question-icon\"><\/div>\r\n\t\t\t\t\t<\/div>\r\n\r\n\t\t\t\t\t<div class=\"faq-item-answer\">\r\n\t\t\t\t\t\t<div class=\"faq-item-answer-text\"><p>Puedes crear cualquier modificaci\u00f3n del widget. Hay muchos dise\u00f1os disponibles en el editor y todos ellos se pueden personalizar f\u00e1cilmente seg\u00fan sus necesidades. <\/p><\/div>\r\n\t\t\t\t\t<\/div>\r\n\t\t\t\t<\/div><\/div>","protected":false},"excerpt":{"rendered":"","protected":false},"author":13,"featured_media":0,"parent":418,"menu_order":0,"comment_status":"closed","ping_status":"closed","template":"templates\/template-application-platform.php","meta":{"publish_to_discourse":"","publish_post_category":"","wpdc_auto_publish_overridden":"","wpdc_topic_tags":"","wpdc_pin_topic":"","wpdc_pin_until":"","discourse_post_id":"","discourse_permalink":"","wpdc_publishing_response":"","wpdc_publishing_error":"","footnotes":""},"class_list":["post-2799","page","type-page","status-publish","hentry"],"yoast_head":"<!-- This site is optimized with the Yoast SEO plugin v25.3.1 - https:\/\/yoast.com\/wordpress\/plugins\/seo\/ -->\n<title>Chat en vivo: agregue el Chat Box a los sitios web de WordPress<\/title>\n<meta name=\"description\" content=\"Incrusta un plugin de Chat todo en uno en su sitio web WordPress. Aplique la demo de Elfsight intuitiva y genere su widget personalizado.\" \/>\n<meta name=\"robots\" content=\"index, follow, max-snippet:-1, max-image-preview:large, max-video-preview:-1\" \/>\n<link rel=\"canonical\" href=\"https:\/\/elfsight.com\/es\/all-in-one-chat-widget\/wordpress\/\" \/>\n<meta property=\"og:locale\" content=\"es_ES\" \/>\n<meta property=\"og:type\" content=\"article\" \/>\n<meta property=\"og:title\" content=\"Chat en vivo: agregue el Chat Box a los sitios web de WordPress\" \/>\n<meta property=\"og:description\" content=\"Incrusta un plugin de Chat todo en uno en su sitio web WordPress. Aplique la demo de Elfsight intuitiva y genere su widget personalizado.\" \/>\n<meta property=\"og:url\" content=\"https:\/\/elfsight.com\/es\/all-in-one-chat-widget\/wordpress\/\" \/>\n<meta property=\"og:site_name\" content=\"Elfsight ES\" \/>\n<meta property=\"article:modified_time\" content=\"2025-02-06T15:26:34+00:00\" \/>\n<meta name=\"twitter:card\" content=\"summary_large_image\" \/>\n<meta name=\"twitter:label1\" content=\"Tiempo de lectura\" \/>\n\t<meta name=\"twitter:data1\" content=\"3 minutos\" \/>\n<!-- \/ Yoast SEO plugin. -->","yoast_head_json":{"title":"Chat en vivo: agregue el Chat Box a los sitios web de WordPress","description":"Incrusta un plugin de Chat todo en uno en su sitio web WordPress. Aplique la demo de Elfsight intuitiva y genere su widget personalizado.","robots":{"index":"index","follow":"follow","max-snippet":"max-snippet:-1","max-image-preview":"max-image-preview:large","max-video-preview":"max-video-preview:-1"},"canonical":"https:\/\/elfsight.com\/es\/all-in-one-chat-widget\/wordpress\/","og_locale":"es_ES","og_type":"article","og_title":"Chat en vivo: agregue el Chat Box a los sitios web de WordPress","og_description":"Incrusta un plugin de Chat todo en uno en su sitio web WordPress. Aplique la demo de Elfsight intuitiva y genere su widget personalizado.","og_url":"https:\/\/elfsight.com\/es\/all-in-one-chat-widget\/wordpress\/","og_site_name":"Elfsight ES","article_modified_time":"2025-02-06T15:26:34+00:00","twitter_card":"summary_large_image","twitter_misc":{"Tiempo de lectura":"3 minutos"},"schema":{"@context":"https:\/\/schema.org","@graph":[{"@type":"WebPage","@id":"https:\/\/elfsight.com\/es\/all-in-one-chat-widget\/wordpress\/","url":"https:\/\/elfsight.com\/es\/all-in-one-chat-widget\/wordpress\/","name":"Chat en vivo: agregue el Chat Box a los sitios web de WordPress","isPartOf":{"@id":"https:\/\/elfsight.com\/es\/#website"},"datePublished":"2021-11-12T13:46:18+00:00","dateModified":"2025-02-06T15:26:34+00:00","description":"Incrusta un plugin de Chat todo en uno en su sitio web WordPress. Aplique la demo de Elfsight intuitiva y genere su widget personalizado.","breadcrumb":{"@id":"https:\/\/elfsight.com\/es\/all-in-one-chat-widget\/wordpress\/#breadcrumb"},"inLanguage":"es","potentialAction":[{"@type":"ReadAction","target":["https:\/\/elfsight.com\/es\/all-in-one-chat-widget\/wordpress\/"]}]},{"@type":"BreadcrumbList","@id":"https:\/\/elfsight.com\/es\/all-in-one-chat-widget\/wordpress\/#breadcrumb","itemListElement":[{"@type":"ListItem","position":1,"name":"Home","item":"https:\/\/elfsight.com\/es\/"},{"@type":"ListItem","position":2,"name":"All-in-One Chat","item":"https:\/\/elfsight.com\/es\/all-in-one-chat-widget\/"},{"@type":"ListItem","position":3,"name":"All-in-One Chat &#8211; WordPress"}]},{"@type":"WebSite","@id":"https:\/\/elfsight.com\/es\/#website","url":"https:\/\/elfsight.com\/es\/","name":"Elfsight ES","description":"Just another Elfsight Sites site","potentialAction":[{"@type":"SearchAction","target":{"@type":"EntryPoint","urlTemplate":"https:\/\/elfsight.com\/es\/?s={search_term_string}"},"query-input":{"@type":"PropertyValueSpecification","valueRequired":true,"valueName":"search_term_string"}}],"inLanguage":"es"}]}},"meta_box":{"industry":"","seo_heading":"","heading":"","description":"","cta_heading":"","cta_description":"","application":"416","h1":"Complemento de WordPress para chat en vivo","h1_caption":"Ofrezca a sus clientes la posibilidad de comunicarse con usted en m\u00faltiples plataformas de mensajer\u00eda como WhatsApp, Facebook, Telegram y m\u00e1s desde un complemento en su sitio web de WordPress sin esfuerzo.","application_category":[],"applications_title":"","applications_request_title":"","applications_request_button_text":"","hero_text":"","hero_video":"","hero_video_schema_markup":"","selling_points_title":"","selling_points_caption":"","selling_points":[],"selling_points_cta_text":"","features_title":"","features":"","ed_cta_examples_text":"","ed_cta_examples_hidden":"","ed_cta_demo_text":"","ed_cta_demo_hidden":"","why_caption":"","why_editor_title":"","why_editor_text":"","why_team_title":"","why_team_text":"","why_service_title":"","why_service_text":"","template_catalog_visible":"","template_catalog_title":"","template_catalog_text":"","template_catalog_categories_visible":"","demo_title":"Crea tu complemento de chat todo en uno","demo_caption":"\u00a1Configura tu chat todo en uno y agr\u00e9galo a tu sitio web de WordPress gratis!","default_faq_hidden":"","app_template_category":[],"platform":"115","template_public_id":"","codecanyon_url":"","codecanyon_item_id":"","codecanyon_price":"","pricing_caption":"","pricing_elfsight_apps_hide_column":"","pricing_elfsight_apps_url":"","pricing_codecanyon_price_caption":"","integration_category":[],"integration_request_title":"","integration_request_cta":"","integration_platform":"","integrations":[],"platform_category":[],"video_schema_markup":"","price":"desde $0 por mes","trial":"","benefits":[{"text":"Instalaci\u00f3n gratuita"},{"text":"Soporte Premium"},{"text":"14 d\u00edas garant\u00eda de reembolso"},{"text":"Actualizaciones regulares"}],"button_url":"#demo","button_target_blank":"0","button_nofollow":"0","attributes":[{"name":"Responsivo","content":"Si","_state":"expanded"},{"name":"Navegadores compatibles","content":"Firefox, Safari, Opera, Chrome, Edge","_state":"expanded"}],"tags":[],"tags_disable_links":"0","hide_more_platforms":"","video_object":"{\r\n  \"@context\": \"http:\/\/schema.org\",\r\n  \"@type\": \"VideoObject\",\r\n  \"name\": \"How to Add Live Chat to WordPress (2021)\",\r\n  \"description\": \"Add your All-in-One Live Chat to WordPress website in a few minutes. Use our handy demo to shape your unique Online Chat plugin easily.\",\r\n  \"thumbnailUrl\": \"https:\/\/i.ytimg.com\/vi\/utblbU9lyGE\/default.jpg\",\r\n  \"uploadDate\": \"2020-10-23T09:10:42Z\",\r\n  \"duration\": \"PT2M29S\",\r\n  \"embedUrl\": \"https:\/\/www.youtube.com\/embed\/utblbU9lyGE\",\r\n  \"interactionCount\": \"126\"\r\n}","demo_hide_cta":"0","demo_hide_cloud_options":"0","pricing_title":"","pricing":[{"pricing_icon":"platform","pricing_title":" Elfsight Apps","pricing_title_caption":"Soluci\u00f3n multiplataforma - valido para cualquier p\u00e1gina web","pricing_price":"desde $0 por mes","pricing_price_caption":"empezar con un plan gratuito","pricing_benefits":[{"text":"Sitios web ilimitados"},{"text":"Atenci\u00f3n al cliente gratuita y r\u00e1pida"},{"text":"Servicio de instalaci\u00f3n gratuito"},{"text":"Totalmente personalizable"}],"pricing_button_text":"Agregar al sitio web","pricing_button_url":"#demo","_state":"expanded"}],"related_apps_title":"","related_apps_hidden":"1","author":"","image":[],"title":"","job":"","social_networks":[]},"_links":{"self":[{"href":"https:\/\/elfsight.com\/es\/wp-json\/wp\/v2\/pages\/2799","targetHints":{"allow":["GET"]}}],"collection":[{"href":"https:\/\/elfsight.com\/es\/wp-json\/wp\/v2\/pages"}],"about":[{"href":"https:\/\/elfsight.com\/es\/wp-json\/wp\/v2\/types\/page"}],"author":[{"embeddable":true,"href":"https:\/\/elfsight.com\/es\/wp-json\/wp\/v2\/users\/13"}],"replies":[{"embeddable":true,"href":"https:\/\/elfsight.com\/es\/wp-json\/wp\/v2\/comments?post=2799"}],"version-history":[{"count":5,"href":"https:\/\/elfsight.com\/es\/wp-json\/wp\/v2\/pages\/2799\/revisions"}],"predecessor-version":[{"id":18291,"href":"https:\/\/elfsight.com\/es\/wp-json\/wp\/v2\/pages\/2799\/revisions\/18291"}],"up":[{"embeddable":true,"href":"https:\/\/elfsight.com\/es\/wp-json\/wp\/v2\/pages\/418"}],"wp:attachment":[{"href":"https:\/\/elfsight.com\/es\/wp-json\/wp\/v2\/media?parent=2799"}],"curies":[{"name":"wp","href":"https:\/\/api.w.org\/{rel}","templated":true}]}}