{"id":2795,"date":"2021-11-12T13:37:11","date_gmt":"2021-11-12T13:37:11","guid":{"rendered":"https:\/\/elfsight.com\/es\/?page_id=2795"},"modified":"2026-01-15T10:55:03","modified_gmt":"2026-01-15T10:55:03","slug":"wordpress","status":"publish","type":"page","link":"https:\/\/elfsight.com\/es\/rss-feed-widget\/wordpress\/","title":{"rendered":"RSS Feed &#8211; WordPress"},"content":{"rendered":"<div class=\"application-platform-content-item-description application-platform-content-item\" id=\"description\" data-nav-section=\"description\"> <h2>Incrustar feed RSS en WordPress con el widget Elfsight<\/h2> <p>Elfsight RSS Feed para WordPress es un complemento \u00fanico para comercializar emociones y experiencias. Al usarlo, puede dise\u00f1ar feeds personalizados compuestos por contenido de varios sitios web de noticias y mostrarlos directamente en su sitio web. Ejerza un control total sobre el contenido demostrado y elimine el spam y cualquier contenido no deseado mediante la moderaci\u00f3n manual. El editor en l\u00ednea totalmente responsivo le ofrece variadas plantillas para elegir. <\/p> <p><b>\u00a1Pruebe aplicar RSS Feed para alcanzar sus objetivos comerciales m\u00e1s r\u00e1pido! <\/b><\/p> <\/div> <div class=\"application-platform-content-item-features application-platform-content-item\" id=\"features\" data-nav-section=\"features\"> <h2>El widget ofrece funciones pr\u00e1cticas y sencillas. Vea algunas de ellas: <\/h2> <ul><li>Oculte la secci\u00f3n principal para que su herramienta luzca minimalista. <\/li><li>Elimine el spam y el contenido no deseado mediante la moderaci\u00f3n manual. <\/li><li>Elija uno de los 6 dise\u00f1os presentes: collage, cuadr\u00edcula, mamposter\u00eda, carrusel, lista, control deslizante. <\/li><li>Haz que tus publicaciones se muestren en modo emergente. <\/li><\/ul><p><a href=\"#demo\">Simplemente consulte esta demostraci\u00f3n para ver cu\u00e1nto vale el widget<\/a><\/p> <\/div> <div class=\"application-platform-content-item-installation application-platform-content-item\" id=\"installation\" data-nav-section=\"installation\"> <h2>\u00bfC\u00f3mo puedo agregar RSS Feed a mi sitio web de WordPress? <\/h2> <div class=\"video-container\">\n<iframe width=\"720\" height=\"405\" src=\"https:\/\/www.youtube.com\/embed\/7qtMuKUh0S8?si=3hYq7Yp-2QYnKTlm\" frameborder=\"0\" allowfullscreen=\"\"><\/iframe>\n<\/div>\n<p>Simplemente aplique las instrucciones a continuaci\u00f3n para agregar el complemento. <\/p> <ol><li><b>Realiza nuestra demostraci\u00f3n gratuita y comienza a crear tu propio complemento. <\/b><br> Encuentre el dise\u00f1o y la funcionalidad seleccionados del widget y aplique las correcciones. <\/li> <li><b>Reciba el c\u00f3digo personal que se muestra en el formulario especial en Elfsight Apps. <\/b><br> Inmediatamente despu\u00e9s de crear su widget, copie el c\u00f3digo individual de la ventana emergente que aparece y gu\u00e1rdelo para usarlo m\u00e1s adelante. <\/li> <li><b>Comience a aplicar el widget en su sitio web de WordPress. <\/b><br>Coloca el c\u00f3digo guardado anteriormente en tu sitio web y aplica las mejoras. <\/li> <li><b>La configuraci\u00f3n se realiz\u00f3 exitosamente. <\/b><br>Visite su sitio web para ver c\u00f3mo se ejecuta el widget. <\/li><\/ol> <p>A condici\u00f3n de atender consultas o enfrentar cualquier dificultad, no dude en ponerse en contacto con nuestro equipo de soporte. Nuestra gente est\u00e1 ansiosa por resolver todas las dificultades que pueda tener con el producto. <\/p> <\/div><div class=\"faq\" data-component=\"FAQ\"><div class=\"faq-item\">\r\n\t\t\t\t\t<div class=\"faq-item-question\">\r\n\t\t\t\t\t\t<h3 class=\"faq-item-question-text\">\u00bfExiste alg\u00fan m\u00e9todo para agregar RSS Feed a mi sitio de WordPress sin conocimientos de codificaci\u00f3n?<\/h3>\r\n\r\n\t\t\t\t\t\t<div class=\"faq-item-question-icon\"><\/div>\r\n\t\t\t\t\t<\/div>\r\n\r\n\t\t\t\t\t<div class=\"faq-item-answer\">\r\n\t\t\t\t\t\t<div class=\"faq-item-answer-text\"><p>La empresa Elfsight presenta una soluci\u00f3n SaaS que permite a una amplia audiencia crear una secci\u00f3n RSS Feed usted mismo. Consulte las sencillas instrucciones: <\/p><ul><li>Vaya a la demostraci\u00f3n en l\u00ednea para crear la aplicaci\u00f3n RSS Feed que desee. para aparecer en el sitio web de WordPress.<\/li><li>Elija una de las plantillas predise\u00f1adas y modifique la configuraci\u00f3n de la fuente RSS, cambie el dise\u00f1o y la combinaci\u00f3n de colores, incluya su contenido sin conocimientos de codificaci\u00f3n.<\/li><li>Guarde la fuente RSS y copie su c\u00f3digo de instalaci\u00f3n, que se puede pegar f\u00e1cilmente en su sitio de WordPress sin comprar un plan pago.<\/li><\/ul><p>Trabajando en el editor f\u00e1cil de usar, cada usuario web puede generar un complemento de fuente RSS en l\u00ednea e incluirlo en su p\u00e1gina web de WordPress. No es necesario pagar ni ingresar los datos de su tarjeta para acceder a nuestro servicio. Si tiene alg\u00fan problema de cualquier tipo, p\u00f3ngase en contacto con nuestro servicio t\u00e9cnico de atenci\u00f3n al cliente.<\/p><\/div>\r\n\t\t\t\t\t<\/div>\r\n\t\t\t\t<\/div><\/div>","protected":false},"excerpt":{"rendered":"","protected":false},"author":13,"featured_media":0,"parent":1899,"menu_order":0,"comment_status":"closed","ping_status":"closed","template":"templates\/template-application-platform.php","meta":{"publish_to_discourse":"","publish_post_category":"","wpdc_auto_publish_overridden":"","wpdc_topic_tags":"","wpdc_pin_topic":"","wpdc_pin_until":"","discourse_post_id":"","discourse_permalink":"","wpdc_publishing_response":"","wpdc_publishing_error":"","footnotes":""},"class_list":["post-2795","page","type-page","status-publish","hentry"],"yoast_head":"<!-- This site is optimized with the Yoast SEO plugin v25.3.1 - https:\/\/yoast.com\/wordpress\/plugins\/seo\/ -->\n<title>Agregue el plugin RSS Feed al sitio web de WordPress (r\u00e1pido y gratis)<\/title>\n<meta name=\"description\" content=\"Incrusta un plugin de Feed RSS en su WordPress de p\u00e1gina web. Lance la demo de Elfsight f\u00e1cil de usar y construe su widget \u00fanico f\u00e1cilmente.\" \/>\n<meta name=\"robots\" content=\"index, follow, max-snippet:-1, max-image-preview:large, max-video-preview:-1\" \/>\n<link rel=\"canonical\" href=\"https:\/\/elfsight.com\/es\/rss-feed-widget\/wordpress\/\" \/>\n<meta property=\"og:locale\" content=\"es_ES\" \/>\n<meta property=\"og:type\" content=\"article\" \/>\n<meta property=\"og:title\" content=\"Agregue el plugin RSS Feed al sitio web de WordPress (r\u00e1pido y gratis)\" \/>\n<meta property=\"og:description\" content=\"Incrusta un plugin de Feed RSS en su WordPress de p\u00e1gina web. Lance la demo de Elfsight f\u00e1cil de usar y construe su widget \u00fanico f\u00e1cilmente.\" \/>\n<meta property=\"og:url\" content=\"https:\/\/elfsight.com\/es\/rss-feed-widget\/wordpress\/\" \/>\n<meta property=\"og:site_name\" content=\"Elfsight ES\" \/>\n<meta property=\"article:modified_time\" content=\"2026-01-15T10:55:03+00:00\" \/>\n<meta name=\"twitter:card\" content=\"summary_large_image\" \/>\n<meta name=\"twitter:label1\" content=\"Tiempo de lectura\" \/>\n\t<meta name=\"twitter:data1\" content=\"3 minutos\" \/>\n<!-- \/ Yoast SEO plugin. -->","yoast_head_json":{"title":"Agregue el plugin RSS Feed al sitio web de WordPress (r\u00e1pido y gratis)","description":"Incrusta un plugin de Feed RSS en su WordPress de p\u00e1gina web. Lance la demo de Elfsight f\u00e1cil de usar y construe su widget \u00fanico f\u00e1cilmente.","robots":{"index":"index","follow":"follow","max-snippet":"max-snippet:-1","max-image-preview":"max-image-preview:large","max-video-preview":"max-video-preview:-1"},"canonical":"https:\/\/elfsight.com\/es\/rss-feed-widget\/wordpress\/","og_locale":"es_ES","og_type":"article","og_title":"Agregue el plugin RSS Feed al sitio web de WordPress (r\u00e1pido y gratis)","og_description":"Incrusta un plugin de Feed RSS en su WordPress de p\u00e1gina web. Lance la demo de Elfsight f\u00e1cil de usar y construe su widget \u00fanico f\u00e1cilmente.","og_url":"https:\/\/elfsight.com\/es\/rss-feed-widget\/wordpress\/","og_site_name":"Elfsight ES","article_modified_time":"2026-01-15T10:55:03+00:00","twitter_card":"summary_large_image","twitter_misc":{"Tiempo de lectura":"3 minutos"},"schema":{"@context":"https:\/\/schema.org","@graph":[{"@type":"WebPage","@id":"https:\/\/elfsight.com\/es\/rss-feed-widget\/wordpress\/","url":"https:\/\/elfsight.com\/es\/rss-feed-widget\/wordpress\/","name":"Agregue el plugin RSS Feed al sitio web de WordPress (r\u00e1pido y gratis)","isPartOf":{"@id":"https:\/\/elfsight.com\/es\/#website"},"datePublished":"2021-11-12T13:37:11+00:00","dateModified":"2026-01-15T10:55:03+00:00","description":"Incrusta un plugin de Feed RSS en su WordPress de p\u00e1gina web. Lance la demo de Elfsight f\u00e1cil de usar y construe su widget \u00fanico f\u00e1cilmente.","breadcrumb":{"@id":"https:\/\/elfsight.com\/es\/rss-feed-widget\/wordpress\/#breadcrumb"},"inLanguage":"es","potentialAction":[{"@type":"ReadAction","target":["https:\/\/elfsight.com\/es\/rss-feed-widget\/wordpress\/"]}]},{"@type":"BreadcrumbList","@id":"https:\/\/elfsight.com\/es\/rss-feed-widget\/wordpress\/#breadcrumb","itemListElement":[{"@type":"ListItem","position":1,"name":"Home","item":"https:\/\/elfsight.com\/es\/"},{"@type":"ListItem","position":2,"name":"RSS Feed","item":"https:\/\/elfsight.com\/es\/rss-feed-widget\/"},{"@type":"ListItem","position":3,"name":"RSS Feed &#8211; WordPress"}]},{"@type":"WebSite","@id":"https:\/\/elfsight.com\/es\/#website","url":"https:\/\/elfsight.com\/es\/","name":"Elfsight ES","description":"Just another Elfsight Sites site","potentialAction":[{"@type":"SearchAction","target":{"@type":"EntryPoint","urlTemplate":"https:\/\/elfsight.com\/es\/?s={search_term_string}"},"query-input":{"@type":"PropertyValueSpecification","valueRequired":true,"valueName":"search_term_string"}}],"inLanguage":"es"}]}},"meta_box":{"industry":"","seo_heading":"","heading":"","description":"","cta_heading":"","cta_description":"","application":"1898","h1":"Complemento de WordPress de fuente RSS","h1_caption":"Construya su propio Feed RSS presentando diferentes fuentes de noticias","application_category":[],"applications_title":"","applications_request_title":"","applications_request_button_text":"","hero_text":"","hero_video":"","hero_video_schema_markup":"","selling_points_title":"","selling_points_caption":"","selling_points":[],"selling_points_cta_text":"","features_title":"","features":"","ed_cta_examples_text":"","ed_cta_examples_hidden":"","ed_cta_demo_text":"","ed_cta_demo_hidden":"","why_caption":"","why_editor_title":"","why_editor_text":"","why_team_title":"","why_team_text":"","why_service_title":"","why_service_text":"","template_catalog_visible":"0","template_catalog_title":"","template_catalog_text":"","template_catalog_categories_visible":"","demo_title":"Crea tu complemento de fuente RSS","demo_caption":"\u00a1Configure su fuente RSS y agr\u00e9guela a su sitio web de WordPress de forma gratuita!","default_faq_hidden":"","app_template_category":[],"platform":"115","template_public_id":"","codecanyon_url":"","codecanyon_item_id":"","codecanyon_price":"","pricing_caption":"","pricing_elfsight_apps_hide_column":"","pricing_elfsight_apps_url":"","pricing_codecanyon_price_caption":"","integration_category":[],"integration_request_title":"","integration_request_cta":"","integration_platform":"","integrations":[],"platform_category":[],"video_schema_markup":"","price":"desde $0 por mes","trial":"","benefits":[{"text":"Instalaci\u00f3n gratuita"},{"text":"Soporte Premium"},{"text":"14 d\u00edas garant\u00eda de reembolso"},{"text":"Actualizaciones regulares"}],"button_url":"#demo","button_target_blank":"0","button_nofollow":"0","attributes":[{"name":"Responsivo","content":"Si","_state":"expanded"},{"name":"Navegadores compatibles","content":"Firefox, Safari, Opera, Chrome, Edge","_state":"expanded"}],"tags":[],"tags_disable_links":"0","hide_more_platforms":"0","video_object":"","demo_hide_cta":"0","demo_hide_cloud_options":"0","pricing_title":"","pricing":[{"pricing_icon":"platform","pricing_title":" Elfsight Apps","pricing_title_caption":"Soluci\u00f3n multiplataforma - valido para cualquier p\u00e1gina web","pricing_price":"desde $0 por mes","pricing_price_caption":"empezar con un plan gratuito","pricing_benefits":[{"text":"Sitios web ilimitados"},{"text":"Atenci\u00f3n al cliente gratuita y r\u00e1pida"},{"text":"Servicio de instalaci\u00f3n gratuito"},{"text":"Totalmente personalizable"}],"pricing_button_text":"Agregar al sitio web","pricing_button_url":"#demo","_state":"expanded"}],"related_apps_title":"","related_apps_hidden":"1","author":"","image":[],"title":"","job":"","social_networks":[]},"_links":{"self":[{"href":"https:\/\/elfsight.com\/es\/wp-json\/wp\/v2\/pages\/2795","targetHints":{"allow":["GET"]}}],"collection":[{"href":"https:\/\/elfsight.com\/es\/wp-json\/wp\/v2\/pages"}],"about":[{"href":"https:\/\/elfsight.com\/es\/wp-json\/wp\/v2\/types\/page"}],"author":[{"embeddable":true,"href":"https:\/\/elfsight.com\/es\/wp-json\/wp\/v2\/users\/13"}],"replies":[{"embeddable":true,"href":"https:\/\/elfsight.com\/es\/wp-json\/wp\/v2\/comments?post=2795"}],"version-history":[{"count":6,"href":"https:\/\/elfsight.com\/es\/wp-json\/wp\/v2\/pages\/2795\/revisions"}],"predecessor-version":[{"id":20030,"href":"https:\/\/elfsight.com\/es\/wp-json\/wp\/v2\/pages\/2795\/revisions\/20030"}],"up":[{"embeddable":true,"href":"https:\/\/elfsight.com\/es\/wp-json\/wp\/v2\/pages\/1899"}],"wp:attachment":[{"href":"https:\/\/elfsight.com\/es\/wp-json\/wp\/v2\/media?parent=2795"}],"curies":[{"name":"wp","href":"https:\/\/api.w.org\/{rel}","templated":true}]}}