{"id":2790,"date":"2021-11-12T13:30:09","date_gmt":"2021-11-12T13:30:09","guid":{"rendered":"https:\/\/elfsight.com\/es\/?page_id=2790"},"modified":"2025-02-06T15:26:43","modified_gmt":"2025-02-06T15:26:43","slug":"wordpress","status":"publish","type":"page","link":"https:\/\/elfsight.com\/es\/podcast-player-widget\/wordpress\/","title":{"rendered":"Podcast Player &#8211; WordPress"},"content":{"rendered":"<div class=\"application-platform-content-item-description application-platform-content-item\" id=\"description\" data-nav-section=\"description\"> <h2>Incrustar Podcast Player en WordPress con el widget Elfsight<\/h2> <p>Elfsight Podcast Player es un complemento sencillo para WordPress que le permite reproducir podcasts directamente en su p\u00e1gina de inicio. El widget es enormemente ajustable: eres libre de cambiar su ubicaci\u00f3n, colocarlo en cualquier lugar de la p\u00e1gina, cambiar su tama\u00f1o, cambiar el color del fondo y todas las dem\u00e1s partes para combinarlo con el dise\u00f1o de tu sitio, emplear una combinaci\u00f3n de colores oscuros, mostrar im\u00e1genes y mostrar u ocultar otros 3 detalles del reproductor como la barra de progreso y muchos m\u00e1s. Involucre a su audiencia, active la opci\u00f3n de reproducci\u00f3n autom\u00e1tica y aseg\u00farese de que su audiencia no abandonar\u00e1 su p\u00e1gina web r\u00e1pidamente. <\/p> <p><b>Interese a su audiencia proporcion\u00e1ndoles materiales valiosos e interesantes aplicando Elfsight Podcast Player<\/b><\/p> <\/div> <div class=\"application-platform-content-item-features application-platform-content-item\" id=\"features\" data-nav-section=\"features\"> <h2>Encuentre a continuaci\u00f3n las caracter\u00edsticas b\u00e1sicas del complemento: <\/h2> <ul><li>Numerosas alteraciones de color. <\/li><li>2 dise\u00f1os listos para usar. <\/li><li>Una opci\u00f3n para agregar una imagen de fondo. <\/li><li>Un n\u00famero infinito de pistas. <\/li><li>Una opci\u00f3n para dise\u00f1ar tu tema de color personalizado. <\/li><\/ul><p><a href=\"#demo\">Pruebe todas las opciones de personalizaci\u00f3n en una demostraci\u00f3n con todas las funciones<\/a><\/p> <\/div> <div class=\"application-platform-content-item-installation application-platform-content-item\" id=\"installation\" data-nav-section=\"installation\"> <h2>\u00bfC\u00f3mo incrustar Podcast Player en mi p\u00e1gina web de WordPress? <\/h2><div class=\"video-container\"><iframe width=\"720\" height=\"405\" src=\"https:\/\/www.youtube.com\/embed\/RIhbiXG4zYg\" frameborder=\"0\"><\/iframe><\/div><p>Simplemente siga las pautas a continuaci\u00f3n para comenzar a trabajar con el complemento. <\/p> <ol><li><b>Utilice nuestro configurador gratuito y comience a crear su complemento personalizado. <\/b><br> Encuentre el aspecto seleccionado y las caracter\u00edsticas del complemento y guarde todas las ediciones. <\/li> <li><b>Copia tu c\u00f3digo individual que aparece en el cuadro de Elfsight Apps. <\/b><br> Inmediatamente despu\u00e9s de finalizar la configuraci\u00f3n de su complemento personal, copie su c\u00f3digo en el cuadro que aparece y gu\u00e1rdelo para usarlo en el futuro. <\/li> <li><b>Comience a aplicar el complemento en el sitio de WordPress. <\/b><br> A\u00f1ade el c\u00f3digo copiado anteriormente en tu p\u00e1gina y guarda las correcciones. <\/li> <li><b>\u00a1Listo! La integraci\u00f3n est\u00e1 plenamente lograda. <\/b><br> Vaya a su sitio web para observar el funcionamiento del complemento. <\/li><\/ol><p>En caso de tener dudas o tener alguna complicaci\u00f3n, no dudes en ponerte en contacto con nuestro personal de soporte. Nuestros consultores est\u00e1n ansiosos por resolver todas las dificultades que pueda tener con la herramienta. <\/p> <div class=\"faq\" data-component=\"FAQ\"><div class=\"faq-item\">\r\n\t\t\t\t\t<div class=\"faq-item-question\">\r\n\t\t\t\t\t\t<h3 class=\"faq-item-question-text\">\u00bfC\u00f3mo puedo incrustar un complemento de Podcast Player para WordPress en mi sitio web sin conocimientos de codificaci\u00f3n?<\/h3>\r\n\r\n\t\t\t\t\t\t<div class=\"faq-item-question-icon\"><\/div>\r\n\t\t\t\t\t<\/div>\r\n\r\n\t\t\t\t\t<div class=\"faq-item-answer\">\r\n\t\t\t\t\t\t<div class=\"faq-item-answer-text\"><p>Elfsight proporciona una soluci\u00f3n basada en la nube que permite a los usuarios crear ellos mismos un complemento de Podcast Player para WordPress. Vea lo simple que es el proceso:<\/p><ul><li>Acceda al Editor en l\u00ednea para generar una secci\u00f3n del complemento Podcast Player para WordPress que desee integrar en su sitio web.<\/li><li>Elija una de nuestras plantillas predise\u00f1adas y personalice la configuraci\u00f3n del complemento Podcast Player para WordPress, modifique el dise\u00f1o y la combinaci\u00f3n de colores, incluya su contenido sin necesidad de codificaci\u00f3n.<\/li><li>Guarde los ajustes que ha configurado para el complemento Podcast Player para WordPress y obtenga el c\u00f3digo para incrustar el complemento, que se puede agregar f\u00e1cilmente a su sitio web sin costo alguno.<\/li><\/ul><p>Al trabajar en el editor f\u00e1cil de usar, cualquier usuario de Internet puede crear un complemento de Podcast Player para la secci\u00f3n de WordPress e incrustarlo en su sitio web. No es necesario realizar ning\u00fan pago ni revelar la informaci\u00f3n de su tarjeta para acceder al Editor de Elfsight. Si encuentra alguna dificultad en cualquier etapa, no dude en comunicarse con nuestro servicio de atenci\u00f3n al cliente.<\/p><\/div>\r\n\t\t\t\t\t<\/div>\r\n\t\t\t\t<\/div><\/div><\/div>","protected":false},"excerpt":{"rendered":"","protected":false},"author":13,"featured_media":0,"parent":1074,"menu_order":0,"comment_status":"closed","ping_status":"closed","template":"templates\/template-application-platform.php","meta":{"publish_to_discourse":"","publish_post_category":"","wpdc_auto_publish_overridden":"","wpdc_topic_tags":"","wpdc_pin_topic":"","wpdc_pin_until":"","discourse_post_id":"","discourse_permalink":"","wpdc_publishing_response":"","wpdc_publishing_error":"","footnotes":""},"class_list":["post-2790","page","type-page","status-publish","hentry"],"yoast_head":"<!-- This site is optimized with the Yoast SEO plugin v25.3.1 - https:\/\/yoast.com\/wordpress\/plugins\/seo\/ -->\n<title>Elfsight Podcast Player para el sitio web de WordPress (f\u00e1cil y r\u00e1pido)<\/title>\n<meta name=\"description\" content=\"Incrusta un widget interactivo de Podcast Player en su WordPress de sitio web. Use la demo de Elfsight y genere su plugin \u00fanico f\u00e1cilmente.\" \/>\n<meta name=\"robots\" content=\"index, follow, max-snippet:-1, max-image-preview:large, max-video-preview:-1\" \/>\n<link rel=\"canonical\" href=\"https:\/\/elfsight.com\/es\/podcast-player-widget\/wordpress\/\" \/>\n<meta property=\"og:locale\" content=\"es_ES\" \/>\n<meta property=\"og:type\" content=\"article\" \/>\n<meta property=\"og:title\" content=\"Elfsight Podcast Player para el sitio web de WordPress (f\u00e1cil y r\u00e1pido)\" \/>\n<meta property=\"og:description\" content=\"Incrusta un widget interactivo de Podcast Player en su WordPress de sitio web. Use la demo de Elfsight y genere su plugin \u00fanico f\u00e1cilmente.\" \/>\n<meta property=\"og:url\" content=\"https:\/\/elfsight.com\/es\/podcast-player-widget\/wordpress\/\" \/>\n<meta property=\"og:site_name\" content=\"Elfsight ES\" \/>\n<meta property=\"article:modified_time\" content=\"2025-02-06T15:26:43+00:00\" \/>\n<meta name=\"twitter:card\" content=\"summary_large_image\" \/>\n<meta name=\"twitter:label1\" content=\"Tiempo de lectura\" \/>\n\t<meta name=\"twitter:data1\" content=\"2 minutos\" \/>\n<!-- \/ Yoast SEO plugin. -->","yoast_head_json":{"title":"Elfsight Podcast Player para el sitio web de WordPress (f\u00e1cil y r\u00e1pido)","description":"Incrusta un widget interactivo de Podcast Player en su WordPress de sitio web. Use la demo de Elfsight y genere su plugin \u00fanico f\u00e1cilmente.","robots":{"index":"index","follow":"follow","max-snippet":"max-snippet:-1","max-image-preview":"max-image-preview:large","max-video-preview":"max-video-preview:-1"},"canonical":"https:\/\/elfsight.com\/es\/podcast-player-widget\/wordpress\/","og_locale":"es_ES","og_type":"article","og_title":"Elfsight Podcast Player para el sitio web de WordPress (f\u00e1cil y r\u00e1pido)","og_description":"Incrusta un widget interactivo de Podcast Player en su WordPress de sitio web. Use la demo de Elfsight y genere su plugin \u00fanico f\u00e1cilmente.","og_url":"https:\/\/elfsight.com\/es\/podcast-player-widget\/wordpress\/","og_site_name":"Elfsight ES","article_modified_time":"2025-02-06T15:26:43+00:00","twitter_card":"summary_large_image","twitter_misc":{"Tiempo de lectura":"2 minutos"},"schema":{"@context":"https:\/\/schema.org","@graph":[{"@type":"WebPage","@id":"https:\/\/elfsight.com\/es\/podcast-player-widget\/wordpress\/","url":"https:\/\/elfsight.com\/es\/podcast-player-widget\/wordpress\/","name":"Elfsight Podcast Player para el sitio web de WordPress (f\u00e1cil y r\u00e1pido)","isPartOf":{"@id":"https:\/\/elfsight.com\/es\/#website"},"datePublished":"2021-11-12T13:30:09+00:00","dateModified":"2025-02-06T15:26:43+00:00","description":"Incrusta un widget interactivo de Podcast Player en su WordPress de sitio web. Use la demo de Elfsight y genere su plugin \u00fanico f\u00e1cilmente.","breadcrumb":{"@id":"https:\/\/elfsight.com\/es\/podcast-player-widget\/wordpress\/#breadcrumb"},"inLanguage":"es","potentialAction":[{"@type":"ReadAction","target":["https:\/\/elfsight.com\/es\/podcast-player-widget\/wordpress\/"]}]},{"@type":"BreadcrumbList","@id":"https:\/\/elfsight.com\/es\/podcast-player-widget\/wordpress\/#breadcrumb","itemListElement":[{"@type":"ListItem","position":1,"name":"Home","item":"https:\/\/elfsight.com\/es\/"},{"@type":"ListItem","position":2,"name":"Podcast Player","item":"https:\/\/elfsight.com\/es\/podcast-player-widget\/"},{"@type":"ListItem","position":3,"name":"Podcast Player &#8211; WordPress"}]},{"@type":"WebSite","@id":"https:\/\/elfsight.com\/es\/#website","url":"https:\/\/elfsight.com\/es\/","name":"Elfsight ES","description":"Just another Elfsight Sites site","potentialAction":[{"@type":"SearchAction","target":{"@type":"EntryPoint","urlTemplate":"https:\/\/elfsight.com\/es\/?s={search_term_string}"},"query-input":{"@type":"PropertyValueSpecification","valueRequired":true,"valueName":"search_term_string"}}],"inLanguage":"es"}]}},"meta_box":{"industry":"","seo_heading":"","heading":"","description":"","cta_heading":"","cta_description":"","application":"1073","h1":"Complemento de WordPress para reproductor de podcasts","h1_caption":"Permita que la gente escuche los podcasts en un pr\u00e1ctico reproductor en su sitio web","application_category":[],"applications_title":"","applications_request_title":"","applications_request_button_text":"","hero_text":"","hero_video":"","hero_video_schema_markup":"","selling_points_title":"","selling_points_caption":"","selling_points":[],"selling_points_cta_text":"","features_title":"","features":"","ed_cta_examples_text":"","ed_cta_examples_hidden":"","ed_cta_demo_text":"","ed_cta_demo_hidden":"","why_caption":"","why_editor_title":"","why_editor_text":"","why_team_title":"","why_team_text":"","why_service_title":"","why_service_text":"","template_catalog_visible":"","template_catalog_title":"","template_catalog_text":"","template_catalog_categories_visible":"","demo_title":"Crea tu complemento de reproductor de podcasts","demo_caption":"\u00a1Configura tu Podcast Player y agr\u00e9galo a tu sitio web de WordPress gratis!","default_faq_hidden":"","app_template_category":[],"platform":"115","template_public_id":"","codecanyon_url":"","codecanyon_item_id":"","codecanyon_price":"","pricing_caption":"","pricing_elfsight_apps_hide_column":"","pricing_elfsight_apps_url":"","pricing_codecanyon_price_caption":"","integration_category":[],"integration_request_title":"","integration_request_cta":"","integration_platform":"","integrations":[],"platform_category":[],"video_schema_markup":"","price":"desde $0 por mes","trial":"","benefits":[{"text":"Instalaci\u00f3n gratuita"},{"text":"Soporte Premium"},{"text":"14 d\u00edas garant\u00eda de reembolso"},{"text":"Actualizaciones regulares"}],"button_url":"#demo","button_target_blank":"0","button_nofollow":"0","attributes":[{"name":"Responsivo","content":"Si","_state":"expanded"},{"name":"Navegadores compatibles","content":"Firefox, Safari, Opera, Chrome, Edge","_state":"expanded"}],"tags":[],"tags_disable_links":"0","hide_more_platforms":"","video_object":"{\r\n  \"@context\": \"http:\/\/schema.org\",\r\n  \"@type\": \"VideoObject\",\r\n  \"name\": \"How to Add Podcast Player Plugin to WordPress (2021)\",\r\n  \"description\": \"Make use of our manageable demo and integrate a responsive Podcast Player on your WordPress web page. Implement our handy demo and create your customized plugin in a click!\",\r\n  \"thumbnailUrl\": \"https:\/\/i.ytimg.com\/vi\/RIhbiXG4zYg\/default.jpg\",\r\n  \"uploadDate\": \"2021-03-05T08:31:31Z\",\r\n  \"duration\": \"PT2M32S\",\r\n  \"embedUrl\": \"https:\/\/www.youtube.com\/embed\/RIhbiXG4zYg\",\r\n  \"interactionCount\": \"1\"\r\n}","demo_hide_cta":"0","demo_hide_cloud_options":"0","pricing_title":"","pricing":[{"pricing_icon":"platform","pricing_title":" Elfsight Apps","pricing_title_caption":"Soluci\u00f3n multiplataforma - valido para cualquier p\u00e1gina web","pricing_price":"desde $0 por mes","pricing_price_caption":"empezar con un plan gratuito","pricing_benefits":[{"text":"Sitios web ilimitados"},{"text":"Atenci\u00f3n al cliente gratuita y r\u00e1pida"},{"text":"Servicio de instalaci\u00f3n gratuito"},{"text":"Totalmente personalizable"}],"pricing_button_text":"Agregar al sitio web","pricing_button_url":"#demo","_state":"expanded"}],"related_apps_title":"","related_apps_hidden":"1","author":"","image":[],"title":"","job":"","social_networks":[]},"_links":{"self":[{"href":"https:\/\/elfsight.com\/es\/wp-json\/wp\/v2\/pages\/2790","targetHints":{"allow":["GET"]}}],"collection":[{"href":"https:\/\/elfsight.com\/es\/wp-json\/wp\/v2\/pages"}],"about":[{"href":"https:\/\/elfsight.com\/es\/wp-json\/wp\/v2\/types\/page"}],"author":[{"embeddable":true,"href":"https:\/\/elfsight.com\/es\/wp-json\/wp\/v2\/users\/13"}],"replies":[{"embeddable":true,"href":"https:\/\/elfsight.com\/es\/wp-json\/wp\/v2\/comments?post=2790"}],"version-history":[{"count":6,"href":"https:\/\/elfsight.com\/es\/wp-json\/wp\/v2\/pages\/2790\/revisions"}],"predecessor-version":[{"id":18293,"href":"https:\/\/elfsight.com\/es\/wp-json\/wp\/v2\/pages\/2790\/revisions\/18293"}],"up":[{"embeddable":true,"href":"https:\/\/elfsight.com\/es\/wp-json\/wp\/v2\/pages\/1074"}],"wp:attachment":[{"href":"https:\/\/elfsight.com\/es\/wp-json\/wp\/v2\/media?parent=2790"}],"curies":[{"name":"wp","href":"https:\/\/api.w.org\/{rel}","templated":true}]}}