{"id":2787,"date":"2021-11-12T13:15:33","date_gmt":"2021-11-12T13:15:33","guid":{"rendered":"https:\/\/elfsight.com\/es\/?page_id=2787"},"modified":"2025-02-06T15:26:43","modified_gmt":"2025-02-06T15:26:43","slug":"wordpress","status":"publish","type":"page","link":"https:\/\/elfsight.com\/es\/amazon-reviews-widget\/wordpress\/","title":{"rendered":"Amazon Reviews &#8211; WordPress"},"content":{"rendered":"<div class=\"application-platform-content-item-description application-platform-content-item\" id=\"description\" data-nav-section=\"description\"><h2>Incrustar rese\u00f1as de Amazon en WordPress con el widget Elfsight<\/h2><p>El complemento Elfsight Amazon es el m\u00e9todo m\u00e1s pr\u00e1ctico para dar forma a la reputaci\u00f3n de su marca al demostrar la opini\u00f3n real de los clientes sobre su producci\u00f3n. Revele s\u00f3lo los mejores comentarios o los m\u00e1s significativos y organ\u00edcelos como desee. Re\u00fana pruebas sociales demostrando a los visitantes de su sitio web que tiene credibilidad.<\/p><p><b>\u00a1Consiga que los usuarios publiquen nuevos comentarios sobre su negocio y mejore las conversaciones con los clientes!<\/b><\/p><\/div><div class=\"application-platform-content-item-features application-platform-content-item\" id=\"features\" data-nav-section=\"features\"><h2>Caracter\u00edsticas principales del widget Rese\u00f1as de Amazon<\/h2><p>Para formarse una percepci\u00f3n m\u00e1s clara del complemento, vea la lista de sus caracter\u00edsticas esenciales. Hacen que el widget sea m\u00e1s efectivo para su promoci\u00f3n:<\/p><ul><li>Tres filtros disponibles: por tipo, excluir por y cantidad de rese\u00f1as para mostrar;<\/li><li>4 dise\u00f1os predefinidos: Lista, Cuadr\u00edcula, Masoner\u00eda y Control deslizante;<\/li><li>Encabezado del widget totalmente flexible;<\/li><li>El bot\u00f3n para solicitar una rese\u00f1a dirige a los usuarios a su p\u00e1gina de Amazon;<\/li><li>6 elementos flexibles de la interfaz: nombre y foto del autor, recomendaci\u00f3n, fecha, icono de Amazon, y calificaci\u00f3n de estrellas;<\/li><li>Dos escenarios posibles despu\u00e9s del rechazo de la solicitud de revisi\u00f3n: revelar un mensaje de texto u ocultar el bot\u00f3n;<\/li><\/ul><p><a href=\"#demo\">Conozca todas las funciones en nuestra demostraci\u00f3n en vivo<\/a><\/p><\/div><div class=\"application-platform-content-item-installation application-platform-content-item\" id=\"installation\" data-nav-section=\"installation\"><h2>C\u00f3mo agregar rese\u00f1as del complemento de Amazon al sitio web de WordPress<\/h2><p>Estas diversas acciones son las lo \u00fanico que necesita para establecerse.<\/p><ol><li><b>Utilice nuestro editor gratuito y comience a crear sus rese\u00f1as personalizadas del complemento de Amazon. <\/b><br> Elija el aspecto y el rendimiento deseados del complemento y guarde todas las modificaciones. <\/li> <li><b>Obtenga su c\u00f3digo \u00fanico que se muestra en el formulario especial en Elfsight Apps. <\/b><br> Tan pronto como finalice la configuraci\u00f3n de su complemento personal, copie su c\u00f3digo en la ventana que aparece y gu\u00e1rdelo para usarlo m\u00e1s adelante. <\/li> <li><b>Comience a usar el complemento en el sitio de WordPress. <\/b><br>Coloca el c\u00f3digo copiado recientemente en tu sitio web y aplica las mejoras. <\/li> <li><b>\u00a1Ya terminaste! La integraci\u00f3n se realiza con \u00e9xito. <\/b><br>Visite su sitio web para ver el rendimiento del complemento. <\/li><\/ol><p>\u00bfA\u00fan no puedes decidirte? \u00bfO tienes preguntas que hacer? Simplemente env\u00ede una solicitud a nuestro servicio de atenci\u00f3n al cliente y resolveremos cualquier problema.<\/p><\/div><div class=\"faq\" data-component=\"FAQ\"><div class=\"faq-item\">\r\n\t\t\t\t\t<div class=\"faq-item-question\">\r\n\t\t\t\t\t\t<h3 class=\"faq-item-question-text\">\u00bfC\u00f3mo puedo insertar rese\u00f1as de clientes de Amazon en mi sitio web de WordPress?<\/h3>\r\n\r\n\t\t\t\t\t\t<div class=\"faq-item-question-icon\"><\/div>\r\n\t\t\t\t\t<\/div>\r\n\r\n\t\t\t\t\t<div class=\"faq-item-answer\">\r\n\t\t\t\t\t\t<div class=\"faq-item-answer-text\"><p>Simplemente cree su widget, luego modifique su estilo y guarde los cambios. Copie el c\u00f3digo del complemento que acaba de crear e introd\u00fazcalo en el dise\u00f1o que tiene actualmente. <\/p><\/div>\r\n\t\t\t\t\t<\/div>\r\n\t\t\t\t<\/div><div class=\"faq-item\">\r\n\t\t\t\t\t<div class=\"faq-item-question\">\r\n\t\t\t\t\t\t<h3 class=\"faq-item-question-text\">\u00bfDe qu\u00e9 manera obtengo rese\u00f1as de los clientes de Amazon sobre las p\u00e1ginas de productos?<\/h3>\r\n\r\n\t\t\t\t\t\t<div class=\"faq-item-question-icon\"><\/div>\r\n\t\t\t\t\t<\/div>\r\n\r\n\t\t\t\t\t<div class=\"faq-item-answer\">\r\n\t\t\t\t\t\t<div class=\"faq-item-answer-text\"><p>Todo lo que necesitas hacer es con la ayuda del bot\u00f3n CTA. Al presionar el bot\u00f3n, la audiencia del sitio web tendr\u00e1 acceso directo a su perfil. <\/p><\/div>\r\n\t\t\t\t\t<\/div>\r\n\t\t\t\t<\/div><div class=\"faq-item\">\r\n\t\t\t\t\t<div class=\"faq-item-question\">\r\n\t\t\t\t\t\t<h3 class=\"faq-item-question-text\">\u00bfDe qu\u00e9 manera puedo crear una extensi\u00f3n de calificaci\u00f3n de Amazon\/una plantilla de insignia?<\/h3>\r\n\r\n\t\t\t\t\t\t<div class=\"faq-item-question-icon\"><\/div>\r\n\t\t\t\t\t<\/div>\r\n\r\n\t\t\t\t\t<div class=\"faq-item-answer\">\r\n\t\t\t\t\t\t<div class=\"faq-item-answer-text\"><p>Vea todos los pasos de la sencilla gu\u00eda siguiente: <\/p><ol><li>Inicie el editor Elfsight y comience a darle forma a su complemento personalizado. <\/li> <li>Personalice las funciones del widget y haga clic para guardar las ediciones necesarias. <\/li><li>Adquiere tu c\u00f3digo \u00fanico que se muestra en la ventana. <\/li> <li>Implemente el c\u00f3digo del complemento en su p\u00e1gina y presione el bot\u00f3n \u201cGuardar\u201d. <\/li><li>Has integrado un nuevo complemento en tu sitio web. <\/li><\/div>\r\n\t\t\t\t\t<\/div>\r\n\t\t\t\t<\/div><\/div><\/ol>","protected":false},"excerpt":{"rendered":"","protected":false},"author":13,"featured_media":0,"parent":521,"menu_order":0,"comment_status":"closed","ping_status":"closed","template":"templates\/template-application-platform.php","meta":{"publish_to_discourse":"","publish_post_category":"","wpdc_auto_publish_overridden":"","wpdc_topic_tags":"","wpdc_pin_topic":"","wpdc_pin_until":"","discourse_post_id":"","discourse_permalink":"","wpdc_publishing_response":"","wpdc_publishing_error":"","footnotes":""},"class_list":["post-2787","page","type-page","status-publish","hentry"],"yoast_head":"<!-- This site is optimized with the Yoast SEO plugin v25.3.1 - https:\/\/yoast.com\/wordpress\/plugins\/seo\/ -->\n<title>Rese\u00f1as de Amazon | Agregar el plugin de Amazon en WordPress sitio<\/title>\n<meta name=\"description\" content=\"Instala Rese\u00f1as de Amazon en su WordPress de sitio web. Use la demo de Elfsight manejable y cree su plugin propio en s\u00f3lo 2 minutos.\" \/>\n<meta name=\"robots\" content=\"index, follow, max-snippet:-1, max-image-preview:large, max-video-preview:-1\" \/>\n<link rel=\"canonical\" href=\"https:\/\/elfsight.com\/es\/amazon-reviews-widget\/wordpress\/\" \/>\n<meta property=\"og:locale\" content=\"es_ES\" \/>\n<meta property=\"og:type\" content=\"article\" \/>\n<meta property=\"og:title\" content=\"Rese\u00f1as de Amazon | Agregar el plugin de Amazon en WordPress sitio\" \/>\n<meta property=\"og:description\" content=\"Instala Rese\u00f1as de Amazon en su WordPress de sitio web. Use la demo de Elfsight manejable y cree su plugin propio en s\u00f3lo 2 minutos.\" \/>\n<meta property=\"og:url\" content=\"https:\/\/elfsight.com\/es\/amazon-reviews-widget\/wordpress\/\" \/>\n<meta property=\"og:site_name\" content=\"Elfsight ES\" \/>\n<meta property=\"article:modified_time\" content=\"2025-02-06T15:26:43+00:00\" \/>\n<meta name=\"twitter:card\" content=\"summary_large_image\" \/>\n<meta name=\"twitter:label1\" content=\"Tiempo de lectura\" \/>\n\t<meta name=\"twitter:data1\" content=\"3 minutos\" \/>\n<!-- \/ Yoast SEO plugin. -->","yoast_head_json":{"title":"Rese\u00f1as de Amazon | Agregar el plugin de Amazon en WordPress sitio","description":"Instala Rese\u00f1as de Amazon en su WordPress de sitio web. Use la demo de Elfsight manejable y cree su plugin propio en s\u00f3lo 2 minutos.","robots":{"index":"index","follow":"follow","max-snippet":"max-snippet:-1","max-image-preview":"max-image-preview:large","max-video-preview":"max-video-preview:-1"},"canonical":"https:\/\/elfsight.com\/es\/amazon-reviews-widget\/wordpress\/","og_locale":"es_ES","og_type":"article","og_title":"Rese\u00f1as de Amazon | Agregar el plugin de Amazon en WordPress sitio","og_description":"Instala Rese\u00f1as de Amazon en su WordPress de sitio web. Use la demo de Elfsight manejable y cree su plugin propio en s\u00f3lo 2 minutos.","og_url":"https:\/\/elfsight.com\/es\/amazon-reviews-widget\/wordpress\/","og_site_name":"Elfsight ES","article_modified_time":"2025-02-06T15:26:43+00:00","twitter_card":"summary_large_image","twitter_misc":{"Tiempo de lectura":"3 minutos"},"schema":{"@context":"https:\/\/schema.org","@graph":[{"@type":"WebPage","@id":"https:\/\/elfsight.com\/es\/amazon-reviews-widget\/wordpress\/","url":"https:\/\/elfsight.com\/es\/amazon-reviews-widget\/wordpress\/","name":"Rese\u00f1as de Amazon | Agregar el plugin de Amazon en WordPress sitio","isPartOf":{"@id":"https:\/\/elfsight.com\/es\/#website"},"datePublished":"2021-11-12T13:15:33+00:00","dateModified":"2025-02-06T15:26:43+00:00","description":"Instala Rese\u00f1as de Amazon en su WordPress de sitio web. Use la demo de Elfsight manejable y cree su plugin propio en s\u00f3lo 2 minutos.","breadcrumb":{"@id":"https:\/\/elfsight.com\/es\/amazon-reviews-widget\/wordpress\/#breadcrumb"},"inLanguage":"es","potentialAction":[{"@type":"ReadAction","target":["https:\/\/elfsight.com\/es\/amazon-reviews-widget\/wordpress\/"]}]},{"@type":"BreadcrumbList","@id":"https:\/\/elfsight.com\/es\/amazon-reviews-widget\/wordpress\/#breadcrumb","itemListElement":[{"@type":"ListItem","position":1,"name":"Home","item":"https:\/\/elfsight.com\/es\/"},{"@type":"ListItem","position":2,"name":"Amazon Reviews","item":"https:\/\/elfsight.com\/es\/amazon-reviews-widget\/"},{"@type":"ListItem","position":3,"name":"Amazon Reviews &#8211; WordPress"}]},{"@type":"WebSite","@id":"https:\/\/elfsight.com\/es\/#website","url":"https:\/\/elfsight.com\/es\/","name":"Elfsight ES","description":"Just another Elfsight Sites site","potentialAction":[{"@type":"SearchAction","target":{"@type":"EntryPoint","urlTemplate":"https:\/\/elfsight.com\/es\/?s={search_term_string}"},"query-input":{"@type":"PropertyValueSpecification","valueRequired":true,"valueName":"search_term_string"}}],"inLanguage":"es"}]}},"meta_box":{"industry":"","seo_heading":"","heading":"","description":"","cta_heading":"","cta_description":"","application":"520","h1":"Complemento de WordPress Rese\u00f1as de Amazon","h1_caption":"Muestre las rese\u00f1as de sus productos en Amazon en su sitio web.","application_category":[],"applications_title":"","applications_request_title":"","applications_request_button_text":"","hero_text":"","hero_video":"","hero_video_schema_markup":"","selling_points_title":"","selling_points_caption":"","selling_points":[],"selling_points_cta_text":"","features_title":"","features":"","ed_cta_examples_text":"","ed_cta_examples_hidden":"","ed_cta_demo_text":"","ed_cta_demo_hidden":"","why_caption":"","why_editor_title":"","why_editor_text":"","why_team_title":"","why_team_text":"","why_service_title":"","why_service_text":"","template_catalog_visible":"0","template_catalog_title":"","template_catalog_text":"","template_catalog_categories_visible":"","demo_title":"Crea tu complemento de Rese\u00f1as de Amazon","demo_caption":"\u00a1Configure sus rese\u00f1as de Amazon y agr\u00e9guelas a su sitio web de WordPress de forma gratuita!","default_faq_hidden":"","app_template_category":[],"platform":"115","template_public_id":"","codecanyon_url":"","codecanyon_item_id":"","codecanyon_price":"","pricing_caption":"","pricing_elfsight_apps_hide_column":"","pricing_elfsight_apps_url":"","pricing_codecanyon_price_caption":"","integration_category":[],"integration_request_title":"","integration_request_cta":"","integration_platform":"","integrations":[],"platform_category":[],"video_schema_markup":"","price":"desde $0 por mes","trial":"","benefits":[{"text":"Instalaci\u00f3n gratuita"},{"text":"Soporte Premium"},{"text":"14 d\u00edas garant\u00eda de reembolso"},{"text":"Actualizaciones regulares"}],"button_url":"#demo","button_target_blank":"0","button_nofollow":"0","attributes":[{"name":"Responsivo","content":"Si","_state":"expanded"},{"name":"Navegadores compatibles","content":"Firefox, Safari, Opera, Chrome, Edge","_state":"expanded"}],"tags":[],"tags_disable_links":"0","hide_more_platforms":"","video_object":"{\r\n  \"@context\": \"http:\/\/schema.org\",\r\n  \"@type\": \"VideoObject\",\r\n  \"name\": \"How to Add Reviews from Amazon to WordPress (2021)\",\r\n  \"description\": \"Simple and fast create your Reviews from Amazon plugin and place it on the WordPress website. Increase customer confidence with Elfsight widgets!\",\r\n  \"thumbnailUrl\": \"https:\/\/i.ytimg.com\/vi\/qBBEa1HWkY4\/default.jpg\",\r\n  \"uploadDate\": \"2020-12-01T14:04:46Z\",\r\n  \"duration\": \"PT2M29S\",\r\n  \"embedUrl\": \"https:\/\/www.youtube.com\/embed\/qBBEa1HWkY4\",\r\n  \"interactionCount\": \"26\"\r\n}","demo_hide_cta":"0","demo_hide_cloud_options":"0","pricing_title":"","pricing":[{"pricing_icon":"platform","pricing_title":" Elfsight Apps","pricing_title_caption":"Soluci\u00f3n multiplataforma - valido para cualquier p\u00e1gina web","pricing_price":"desde $0 por mes","pricing_price_caption":"empezar con un plan gratuito","pricing_benefits":[{"text":"Sitios web ilimitados"},{"text":"Atenci\u00f3n al cliente gratuita y r\u00e1pida"},{"text":"Servicio de instalaci\u00f3n gratuito"},{"text":"Totalmente personalizable"}],"pricing_button_text":"Agregar al sitio web","pricing_button_url":"#demo","_state":"expanded"}],"related_apps_title":"","related_apps_hidden":"1","author":"","image":[],"title":"","job":"","social_networks":[]},"_links":{"self":[{"href":"https:\/\/elfsight.com\/es\/wp-json\/wp\/v2\/pages\/2787","targetHints":{"allow":["GET"]}}],"collection":[{"href":"https:\/\/elfsight.com\/es\/wp-json\/wp\/v2\/pages"}],"about":[{"href":"https:\/\/elfsight.com\/es\/wp-json\/wp\/v2\/types\/page"}],"author":[{"embeddable":true,"href":"https:\/\/elfsight.com\/es\/wp-json\/wp\/v2\/users\/13"}],"replies":[{"embeddable":true,"href":"https:\/\/elfsight.com\/es\/wp-json\/wp\/v2\/comments?post=2787"}],"version-history":[{"count":5,"href":"https:\/\/elfsight.com\/es\/wp-json\/wp\/v2\/pages\/2787\/revisions"}],"predecessor-version":[{"id":18294,"href":"https:\/\/elfsight.com\/es\/wp-json\/wp\/v2\/pages\/2787\/revisions\/18294"}],"up":[{"embeddable":true,"href":"https:\/\/elfsight.com\/es\/wp-json\/wp\/v2\/pages\/521"}],"wp:attachment":[{"href":"https:\/\/elfsight.com\/es\/wp-json\/wp\/v2\/media?parent=2787"}],"curies":[{"name":"wp","href":"https:\/\/api.w.org\/{rel}","templated":true}]}}