{"id":2784,"date":"2021-11-12T09:45:15","date_gmt":"2021-11-12T09:45:15","guid":{"rendered":"https:\/\/elfsight.com\/es\/?page_id=2784"},"modified":"2025-02-06T15:26:43","modified_gmt":"2025-02-06T15:26:43","slug":"wordpress","status":"publish","type":"page","link":"https:\/\/elfsight.com\/es\/facebook-reviews-widget\/wordpress\/","title":{"rendered":"Facebook Reviews &#8211; WordPress"},"content":{"rendered":"<div class=\"application-platform-content-item-description application-platform-content-item\" id=\"description\" data-nav-section=\"description\"><h2>Incorpore rese\u00f1as de Facebook en WordPress con el widget de Elfsight<\/h2><p>Revele las rese\u00f1as de sus clientes de las redes sociales en el sitio mediante las rese\u00f1as de Facebook de Elfsight y alarde de su confiabilidad. Los visitantes del sitio aprender\u00e1n lo que los clientes dicen sobre su negocio en Facebook en un widget con un dise\u00f1o limpio y elementos aut\u00e9nticos de Facebook. La interfaz es ajustable y tiene calificaci\u00f3n de estrellas, datos de autor, elementos intercambiables y opciones de dise\u00f1o y plantilla listas para usar. Con el complemento de Facebook de Elfsight, puede revelar un bot\u00f3n para publicar nuevas rese\u00f1as y atraer comentarios de los clientes.<\/p><p><b>\u00a1Muestre lo que la audiencia publica sobre su negocio en Facebook y aumente el nivel de confiabilidad!<\/b><\/p><ul><li><b>Aumente el valor percibido de sus productos demostrando las mejores rese\u00f1as<\/b><br>Utilice filtros para ocultar todas las rese\u00f1as negativas y hacer que los espectadores tengan dudas sobre la excelencia de sus art\u00edculos.<\/li><li><b>Atraiga m\u00e1s compras mostrando su alta calidad calificaci\u00f3n<\/b><br>Muestre su excelente calificaci\u00f3n y excelentes rese\u00f1as para demostrar que vale la pena comprar sus art\u00edculos y atraer nuevas compras.<\/li><li><b>Logre una comprensi\u00f3n m\u00e1s clara de sus ofertas<\/b><br>Presentar sus art\u00edculos a trav\u00e9s de los ojos de los clientes ayudar\u00e1 a los usuarios a desarrollar una comprensi\u00f3n correcta.<\/li><\/ul><\/div><div class=\"application-platform-content-item-features application-platform-content-item\" id=\"features\" data-nav-section=\"features\"><h2>Caracter\u00edsticas principales de las rese\u00f1as de Facebook widget<\/h2><p>Aqu\u00ed hay una lista de caracter\u00edsticas b\u00e1sicas del widget Elfsight que lo convierten en un complemento imprescindible para WordPress:<\/p><ul><li>22 idiomas predefinidos compatibles;<\/li><li>Tipos de dise\u00f1o de cuadr\u00edcula cl\u00e1sico o mamposter\u00eda;<\/li><li>Tres plantillas de revisi\u00f3n: Classic, Bubble, Spotlight;<\/li><li>Bot\u00f3n de solicitud de revisi\u00f3n para redirigir a la p\u00e1gina de Facebook;<\/li><li>T\u00edtulo del widget editable con tama\u00f1o y peso de fuente ajustables;<\/li><\/ul><p><a href=\"#demo\">Descubre todas las caracter\u00edsticas en nuestro configurador<\/a><\/p><\/div><div class=\"application-platform-content-item-installation application-platform-content-item\" id=\"installation\" data-nav-section=\"installation\"><h2>C\u00f3mo agregar rese\u00f1as de Facebook al sitio web de WordPress<\/h2><div class=\"video-container\"><iframe width=\"720\" height=\"405\" src=\"https:\/\/www.youtube.com\/embed\/UEK0Me8GX1A\" frameborder=\"0\"><\/iframe><\/div><p>Simplemente siga estos pasos que se detallan a continuaci\u00f3n para insertar el complemento en WordPress.<\/p> <ol><li><b>Utilice nuestra demostraci\u00f3n gratuita y comience a crear su complemento personalizado. <\/b><br> Determine la interfaz adecuada y las especificaciones de la herramienta y guarde las ediciones. <\/li> <li><b>Obtenga el c\u00f3digo individual que aparece en la ventana de Elfsight Apps. <\/b><br> Una vez finalizada la generaci\u00f3n de su widget personal de Rese\u00f1as de Facebook, copie el c\u00f3digo individual en el cuadro que aparece y gu\u00e1rdelo para usarlo en el futuro. <\/li> <li><b>Comience a utilizar el widget en su sitio de WordPress. <\/b><br>Integre el c\u00f3digo copiado anteriormente en su p\u00e1gina y guarde las modificaciones. <\/li> <li><b>La instalaci\u00f3n se realiz\u00f3 exitosamente. <\/b><br> Visite su sitio para inspeccionar el rendimiento del widget. <\/li><\/ol> <p>\u00bfSe produjeron consultas al aplicar la instrucci\u00f3n? Deje un mensaje en nuestro centro de soporte o vea un texto extenso con las instrucciones y finalice la configuraci\u00f3n usted mismo.<\/p><div class=\"faq\" data-component=\"FAQ\"> <div class=\"faq-item\">\r\n\t\t\t\t\t<div class=\"faq-item-question\">\r\n\t\t\t\t\t\t<h3 class=\"faq-item-question-text\">\u00bfC\u00f3mo agregar rese\u00f1as de Facebook a mi sitio web de WordPress sin conocimientos de codificaci\u00f3n?<\/h3>\r\n\r\n\t\t\t\t\t\t<div class=\"faq-item-question-icon\"><\/div>\r\n\t\t\t\t\t<\/div>\r\n\r\n\t\t\t\t\t<div class=\"faq-item-answer\">\r\n\t\t\t\t\t\t<div class=\"faq-item-answer-text\"> <p>Elfsight proporciona una soluci\u00f3n SaaS que le permite crear un widget de rese\u00f1as de Facebook usted mismo. Vea lo f\u00e1cil que es el proceso: trabaje directamente en el editor en l\u00ednea para crear un widget de rese\u00f1as de Facebook que le gustar\u00eda ver en su sitio web de WordPress. Elija una de las plantillas predise\u00f1adas y ajuste la configuraci\u00f3n de Rese\u00f1as de Facebook, agregue su contenido, cambie el dise\u00f1o y los colores sin conocimientos de codificaci\u00f3n. Guarde las rese\u00f1as de Facebook y copie su c\u00f3digo de instalaci\u00f3n, que puede insertar f\u00e1cilmente en su sitio web de WordPress sin necesidad de comprar una versi\u00f3n paga. Con nuestro editor intuitivo, cualquier usuario de Internet puede crear un widget de rese\u00f1as de Facebook en l\u00ednea e incrustarlo f\u00e1cilmente en su sitio web de WordPress. No es necesario pagar ni ingresar las credenciales de su tarjeta para acceder al servicio. Si tiene alg\u00fan problema en cualquier paso, no dude en ponerse en contacto con nuestro equipo de soporte t\u00e9cnico.<\/p> <\/div>\r\n\t\t\t\t\t<\/div>\r\n\t\t\t\t<\/div> <\/div> <\/div><p><\/p>","protected":false},"excerpt":{"rendered":"","protected":false},"author":13,"featured_media":0,"parent":1788,"menu_order":0,"comment_status":"closed","ping_status":"closed","template":"templates\/template-application-platform.php","meta":{"publish_to_discourse":"","publish_post_category":"","wpdc_auto_publish_overridden":"","wpdc_topic_tags":"","wpdc_pin_topic":"","wpdc_pin_until":"","discourse_post_id":"","discourse_permalink":"","wpdc_publishing_response":"","wpdc_publishing_error":"","footnotes":""},"class_list":["post-2784","page","type-page","status-publish","hentry"],"yoast_head":"<!-- This site is optimized with the Yoast SEO plugin v25.3.1 - https:\/\/yoast.com\/wordpress\/plugins\/seo\/ -->\n<title>El mejor plugin de rese\u00f1as de Facebook para el sitio web de WordPress<\/title>\n<meta name=\"description\" content=\"Instala un plugin de Rese\u00f1as de Facebook en su WordPress de sitio web. Aplique la demo de Elfsight f\u00e1cil de usar y genere su plugin \u00fanico.\" \/>\n<meta name=\"robots\" content=\"index, follow, max-snippet:-1, max-image-preview:large, max-video-preview:-1\" \/>\n<link rel=\"canonical\" href=\"https:\/\/elfsight.com\/es\/facebook-reviews-widget\/wordpress\/\" \/>\n<meta property=\"og:locale\" content=\"es_ES\" \/>\n<meta property=\"og:type\" content=\"article\" \/>\n<meta property=\"og:title\" content=\"El mejor plugin de rese\u00f1as de Facebook para el sitio web de WordPress\" \/>\n<meta property=\"og:description\" content=\"Instala un plugin de Rese\u00f1as de Facebook en su WordPress de sitio web. Aplique la demo de Elfsight f\u00e1cil de usar y genere su plugin \u00fanico.\" \/>\n<meta property=\"og:url\" content=\"https:\/\/elfsight.com\/es\/facebook-reviews-widget\/wordpress\/\" \/>\n<meta property=\"og:site_name\" content=\"Elfsight ES\" \/>\n<meta property=\"article:modified_time\" content=\"2025-02-06T15:26:43+00:00\" \/>\n<meta name=\"twitter:card\" content=\"summary_large_image\" \/>\n<meta name=\"twitter:label1\" content=\"Tiempo de lectura\" \/>\n\t<meta name=\"twitter:data1\" content=\"2 minutos\" \/>\n<!-- \/ Yoast SEO plugin. -->","yoast_head_json":{"title":"El mejor plugin de rese\u00f1as de Facebook para el sitio web de WordPress","description":"Instala un plugin de Rese\u00f1as de Facebook en su WordPress de sitio web. Aplique la demo de Elfsight f\u00e1cil de usar y genere su plugin \u00fanico.","robots":{"index":"index","follow":"follow","max-snippet":"max-snippet:-1","max-image-preview":"max-image-preview:large","max-video-preview":"max-video-preview:-1"},"canonical":"https:\/\/elfsight.com\/es\/facebook-reviews-widget\/wordpress\/","og_locale":"es_ES","og_type":"article","og_title":"El mejor plugin de rese\u00f1as de Facebook para el sitio web de WordPress","og_description":"Instala un plugin de Rese\u00f1as de Facebook en su WordPress de sitio web. Aplique la demo de Elfsight f\u00e1cil de usar y genere su plugin \u00fanico.","og_url":"https:\/\/elfsight.com\/es\/facebook-reviews-widget\/wordpress\/","og_site_name":"Elfsight ES","article_modified_time":"2025-02-06T15:26:43+00:00","twitter_card":"summary_large_image","twitter_misc":{"Tiempo de lectura":"2 minutos"},"schema":{"@context":"https:\/\/schema.org","@graph":[{"@type":"WebPage","@id":"https:\/\/elfsight.com\/es\/facebook-reviews-widget\/wordpress\/","url":"https:\/\/elfsight.com\/es\/facebook-reviews-widget\/wordpress\/","name":"El mejor plugin de rese\u00f1as de Facebook para el sitio web de WordPress","isPartOf":{"@id":"https:\/\/elfsight.com\/es\/#website"},"datePublished":"2021-11-12T09:45:15+00:00","dateModified":"2025-02-06T15:26:43+00:00","description":"Instala un plugin de Rese\u00f1as de Facebook en su WordPress de sitio web. Aplique la demo de Elfsight f\u00e1cil de usar y genere su plugin \u00fanico.","breadcrumb":{"@id":"https:\/\/elfsight.com\/es\/facebook-reviews-widget\/wordpress\/#breadcrumb"},"inLanguage":"es","potentialAction":[{"@type":"ReadAction","target":["https:\/\/elfsight.com\/es\/facebook-reviews-widget\/wordpress\/"]}]},{"@type":"BreadcrumbList","@id":"https:\/\/elfsight.com\/es\/facebook-reviews-widget\/wordpress\/#breadcrumb","itemListElement":[{"@type":"ListItem","position":1,"name":"Home","item":"https:\/\/elfsight.com\/es\/"},{"@type":"ListItem","position":2,"name":"Facebook Reviews","item":"https:\/\/elfsight.com\/es\/facebook-reviews-widget\/"},{"@type":"ListItem","position":3,"name":"Facebook Reviews &#8211; WordPress"}]},{"@type":"WebSite","@id":"https:\/\/elfsight.com\/es\/#website","url":"https:\/\/elfsight.com\/es\/","name":"Elfsight ES","description":"Just another Elfsight Sites site","potentialAction":[{"@type":"SearchAction","target":{"@type":"EntryPoint","urlTemplate":"https:\/\/elfsight.com\/es\/?s={search_term_string}"},"query-input":{"@type":"PropertyValueSpecification","valueRequired":true,"valueName":"search_term_string"}}],"inLanguage":"es"}]}},"meta_box":{"industry":"","seo_heading":"","heading":"","description":"","cta_heading":"","cta_description":"","application":"1787","h1":"Complemento de WordPress Rese\u00f1as de Facebook","h1_caption":"Inserte rese\u00f1as de clientes desde su p\u00e1gina de Facebook directamente en su sitio web para mejorar la confianza y la prueba social en su sitio web de WordPress sin esfuerzo.","application_category":[],"applications_title":"","applications_request_title":"","applications_request_button_text":"","hero_text":"","hero_video":"","hero_video_schema_markup":"","selling_points_title":"","selling_points_caption":"","selling_points":[],"selling_points_cta_text":"","features_title":"","features":"","ed_cta_examples_text":"","ed_cta_examples_hidden":"","ed_cta_demo_text":"","ed_cta_demo_hidden":"","why_caption":"","why_editor_title":"","why_editor_text":"","why_team_title":"","why_team_text":"","why_service_title":"","why_service_text":"","template_catalog_visible":"","template_catalog_title":"","template_catalog_text":"","template_catalog_categories_visible":"","demo_title":"Crea tu complemento de rese\u00f1as de Facebook","demo_caption":"\u00a1Configure sus rese\u00f1as de Facebook y agr\u00e9guelas a su sitio web de WordPress gratis!","default_faq_hidden":"","app_template_category":[],"platform":"115","template_public_id":"","codecanyon_url":"","codecanyon_item_id":"","codecanyon_price":"","pricing_caption":"","pricing_elfsight_apps_hide_column":"","pricing_elfsight_apps_url":"","pricing_codecanyon_price_caption":"","integration_category":[],"integration_request_title":"","integration_request_cta":"","integration_platform":"","integrations":[],"platform_category":[],"video_schema_markup":"","price":"desde $0 por mes","trial":"","benefits":[{"text":"Instalaci\u00f3n gratuita"},{"text":"Soporte Premium"},{"text":"14 d\u00edas garant\u00eda de reembolso"},{"text":"Actualizaciones regulares"}],"button_url":"#demo","button_target_blank":"0","button_nofollow":"0","attributes":[{"name":"Responsivo","content":"Si","_state":"expanded"},{"name":"Navegadores compatibles","content":"Firefox, Safari, Opera, Chrome, Edge","_state":"expanded"}],"tags":[],"tags_disable_links":"0","hide_more_platforms":"","video_object":"{\r\n  \"@context\": \"http:\/\/schema.org\",\r\n  \"@type\": \"VideoObject\",\r\n  \"name\": \"How to Add Facebook Reviews to WordPress (2021)\",\r\n  \"description\": \"Try out the best Facebook Reviews plugin for WordPress for free. An easy and quick integration without experience in coding in just 1 minute.\",\r\n  \"thumbnailUrl\": \"https:\/\/i.ytimg.com\/vi\/UEK0Me8GX1A\/default.jpg\",\r\n  \"uploadDate\": \"2019-05-29T15:09:40.000Z\",\r\n  \"duration\": \"PT2M22S\",\r\n  \"embedUrl\": \"https:\/\/www.youtube.com\/embed\/UEK0Me8GX1A\",\r\n  \"interactionCount\": \"4527\"\r\n}","demo_hide_cta":"0","demo_hide_cloud_options":"0","pricing_title":"","pricing":[{"pricing_icon":"platform","pricing_title":" Elfsight Apps","pricing_title_caption":"Soluci\u00f3n multiplataforma - valido para cualquier p\u00e1gina web","pricing_price":"desde $0 por mes","pricing_price_caption":"empezar con un plan gratuito","pricing_benefits":[{"text":"Sitios web ilimitados"},{"text":"Atenci\u00f3n al cliente gratuita y r\u00e1pida"},{"text":"Servicio de instalaci\u00f3n gratuito"},{"text":"Totalmente personalizable"}],"pricing_button_text":"Agregar al sitio web","pricing_button_url":"#demo","_state":"expanded"}],"related_apps_title":"","related_apps_hidden":"1","author":"","image":[],"title":"","job":"","social_networks":[]},"_links":{"self":[{"href":"https:\/\/elfsight.com\/es\/wp-json\/wp\/v2\/pages\/2784","targetHints":{"allow":["GET"]}}],"collection":[{"href":"https:\/\/elfsight.com\/es\/wp-json\/wp\/v2\/pages"}],"about":[{"href":"https:\/\/elfsight.com\/es\/wp-json\/wp\/v2\/types\/page"}],"author":[{"embeddable":true,"href":"https:\/\/elfsight.com\/es\/wp-json\/wp\/v2\/users\/13"}],"replies":[{"embeddable":true,"href":"https:\/\/elfsight.com\/es\/wp-json\/wp\/v2\/comments?post=2784"}],"version-history":[{"count":4,"href":"https:\/\/elfsight.com\/es\/wp-json\/wp\/v2\/pages\/2784\/revisions"}],"predecessor-version":[{"id":18295,"href":"https:\/\/elfsight.com\/es\/wp-json\/wp\/v2\/pages\/2784\/revisions\/18295"}],"up":[{"embeddable":true,"href":"https:\/\/elfsight.com\/es\/wp-json\/wp\/v2\/pages\/1788"}],"wp:attachment":[{"href":"https:\/\/elfsight.com\/es\/wp-json\/wp\/v2\/media?parent=2784"}],"curies":[{"name":"wp","href":"https:\/\/api.w.org\/{rel}","templated":true}]}}