{"id":2777,"date":"2021-11-12T09:26:01","date_gmt":"2021-11-12T09:26:01","guid":{"rendered":"https:\/\/elfsight.com\/es\/?page_id=2777"},"modified":"2026-01-13T13:21:12","modified_gmt":"2026-01-13T13:21:12","slug":"wordpress","status":"publish","type":"page","link":"https:\/\/elfsight.com\/es\/button-widget\/wordpress\/","title":{"rendered":"Button &#8211; WordPress"},"content":{"rendered":"<div class=\"application-platform-content-item-description application-platform-content-item\" id=\"description\" data-nav-section=\"description\"> <h2>Incrustar bot\u00f3n en WordPress con el widget Elfsight<\/h2> <p>El bot\u00f3n es un complemento para WordPress que le brinda la oportunidad de crear varios botones para m\u00faltiples objetivos en su sitio web. Hay muchas acciones que se pueden realizar tan pronto como un usuario hace clic en el bot\u00f3n. Por ejemplo, pueden ser redirigidos a otro sitio web, marcar alg\u00fan n\u00famero, chatear en un mensajero conocido y m\u00e1s. Nuestro bot\u00f3n es extremadamente personalizable: usted es libre de agregar cualquier texto, contenido encima y debajo de su bot\u00f3n, y modificar su tama\u00f1o y estilo. <\/p> <p><b>Utiliza un bot\u00f3n atractivo para aumentar las ventas en tu sitio web, atraer m\u00e1s suscriptores en las redes sociales \u00a1y mucho m\u00e1s! <\/b><\/p> <\/div> <div class=\"application-platform-content-item-features application-platform-content-item\" id=\"features\" data-nav-section=\"features\"> <h2>Ofrecemos funciones pr\u00e1cticas y r\u00e1pidas, consulte algunas de ellas: <\/h2> <ul><li>Cambiar colores y fuentes<\/li><li>Dos tipos de dise\u00f1o de botones: incrustado y flotante<\/li><li>Una opci\u00f3n para agregar contenido alrededor de su bot\u00f3n<\/li><li>Puede ocupar 2 l\u00edneas<\/li><li>M\u00e1s de 8 variaciones de acciones despu\u00e9s de un clic<\/li><\/ul><p><a href=\"#demo\">Simplemente prueba esta demostraci\u00f3n para ver c\u00f3mo funciona<\/a><\/p> <\/div> <div class=\"application-platform-content-item-installation application-platform-content-item\" id=\"installation\" data-nav-section=\"installation\"> <h2>\u00bfC\u00f3mo puedo agregar un bot\u00f3n en mi sitio web de WordPress? <\/h2> <div class=\"video-container\">\n<iframe width=\"720\" height=\"405\" src=\"https:\/\/www.youtube.com\/embed\/mfMrNwhGVEM?si=fs1niSVe2jOTUV2O\" frameborder=\"0\" allowfullscreen=\"\"><\/iframe>\n<\/div><p>Simplemente siga varios pasos que se detallan a continuaci\u00f3n para integrar el complemento. <\/p> <ol><li><b>Inicie nuestra demostraci\u00f3n gratuita y comience a crear su propio complemento. <\/b><br> Encuentre el dise\u00f1o y las opciones preferidos de la herramienta y aplique las ediciones. <\/li> <li><b>Copia el c\u00f3digo individual que aparece en la ventana de Elfsight Apps. <\/b><br> Una vez finalizada la personalizaci\u00f3n de su widget, copie el c\u00f3digo personal en el cuadro que aparece y gu\u00e1rdelo para usarlo en el futuro. <\/li> <li><b>Comience a usar el complemento en su sitio de WordPress. <\/b><br>Ingrese el c\u00f3digo copiado anteriormente en su sitio web y aplique los ajustes. <\/li> <li><b>\u00a1Listo! La configuraci\u00f3n se realiz\u00f3 con \u00e9xito. <\/b><br>Vaya a su p\u00e1gina para ver el rendimiento del widget. <\/li><\/ol> <p>En caso de que enfrente algunas complicaciones, no tema buscar ayuda de nuestro equipo de soporte. Nuestros consultores desean resolver todos los problemas que pueda tener con el complemento. <\/p> <div class=\"faq\" data-component=\"FAQ\"><div class=\"faq-item\">\r\n\t\t\t\t\t<div class=\"faq-item-question\">\r\n\t\t\t\t\t\t<h3 class=\"faq-item-question-text\">\u00bfC\u00f3mo agregar un bot\u00f3n a mi sitio web de WordPress sin conocimientos de codificaci\u00f3n?<\/h3>\r\n\r\n\t\t\t\t\t\t<div class=\"faq-item-question-icon\"><\/div>\r\n\t\t\t\t\t<\/div>\r\n\r\n\t\t\t\t\t<div class=\"faq-item-answer\">\r\n\t\t\t\t\t\t<div class=\"faq-item-answer-text\"> <p>Elfsight proporciona una soluci\u00f3n SaaS que le permite crear un widget de bot\u00f3n usted mismo. Vea lo f\u00e1cil que es el proceso: trabaje directamente en el editor en l\u00ednea para crear un widget de bot\u00f3n que le gustar\u00eda ver en su sitio web de WordPress. Elija una de las plantillas predise\u00f1adas y ajuste la configuraci\u00f3n del bot\u00f3n, agregue su contenido, cambie el dise\u00f1o y los colores sin conocimientos de codificaci\u00f3n. Guarde el bot\u00f3n y copie su c\u00f3digo de instalaci\u00f3n, que puede pegar f\u00e1cilmente en su sitio web de WordPress sin comprar una versi\u00f3n paga. Con nuestro editor intuitivo, cualquier usuario de Internet puede crear un widget de bot\u00f3n en l\u00ednea e incrustarlo f\u00e1cilmente en su sitio web de WordPress. No es necesario pagar ni ingresar las credenciales de su tarjeta para acceder al servicio. Si tiene alg\u00fan problema en cualquier paso, no dude en ponerse en contacto con nuestro equipo de soporte t\u00e9cnico.<\/p> <\/div>\r\n\t\t\t\t\t<\/div>\r\n\t\t\t\t<\/div> <\/div><\/div>","protected":false},"excerpt":{"rendered":"","protected":false},"author":13,"featured_media":0,"parent":1881,"menu_order":0,"comment_status":"closed","ping_status":"closed","template":"templates\/template-application-platform.php","meta":{"publish_to_discourse":"","publish_post_category":"","wpdc_auto_publish_overridden":"","wpdc_topic_tags":"","wpdc_pin_topic":"","wpdc_pin_until":"","discourse_post_id":"","discourse_permalink":"","wpdc_publishing_response":"","wpdc_publishing_error":"","footnotes":""},"class_list":["post-2777","page","type-page","status-publish","hentry"],"yoast_head":"<!-- This site is optimized with the Yoast SEO plugin v25.3.1 - https:\/\/yoast.com\/wordpress\/plugins\/seo\/ -->\n<title>Widget de Bot\u00f3n - Agregar complemento de bot\u00f3n a WordPress ( 2026 )<\/title>\n<meta name=\"description\" content=\"Incrusta un hermoso de Bot\u00f3n en su p\u00e1gina web WordPress. Pruebe la demo de Elfsight manejable y cree su plugin \u00fanico en poco tiempo.\" \/>\n<meta name=\"robots\" content=\"index, follow, max-snippet:-1, max-image-preview:large, max-video-preview:-1\" \/>\n<link rel=\"canonical\" href=\"https:\/\/elfsight.com\/es\/button-widget\/wordpress\/\" \/>\n<meta property=\"og:locale\" content=\"es_ES\" \/>\n<meta property=\"og:type\" content=\"article\" \/>\n<meta property=\"og:title\" content=\"Widget de Bot\u00f3n - Agregar complemento de bot\u00f3n a WordPress ( 2026 )\" \/>\n<meta property=\"og:description\" content=\"Incrusta un hermoso de Bot\u00f3n en su p\u00e1gina web WordPress. Pruebe la demo de Elfsight manejable y cree su plugin \u00fanico en poco tiempo.\" \/>\n<meta property=\"og:url\" content=\"https:\/\/elfsight.com\/es\/button-widget\/wordpress\/\" \/>\n<meta property=\"og:site_name\" content=\"Elfsight ES\" \/>\n<meta property=\"article:modified_time\" content=\"2026-01-13T13:21:12+00:00\" \/>\n<meta name=\"twitter:card\" content=\"summary_large_image\" \/>\n<meta name=\"twitter:label1\" content=\"Tiempo de lectura\" \/>\n\t<meta name=\"twitter:data1\" content=\"3 minutos\" \/>\n<!-- \/ Yoast SEO plugin. -->","yoast_head_json":{"title":"Widget de Bot\u00f3n - Agregar complemento de bot\u00f3n a WordPress ( 2026 )","description":"Incrusta un hermoso de Bot\u00f3n en su p\u00e1gina web WordPress. Pruebe la demo de Elfsight manejable y cree su plugin \u00fanico en poco tiempo.","robots":{"index":"index","follow":"follow","max-snippet":"max-snippet:-1","max-image-preview":"max-image-preview:large","max-video-preview":"max-video-preview:-1"},"canonical":"https:\/\/elfsight.com\/es\/button-widget\/wordpress\/","og_locale":"es_ES","og_type":"article","og_title":"Widget de Bot\u00f3n - Agregar complemento de bot\u00f3n a WordPress ( 2026 )","og_description":"Incrusta un hermoso de Bot\u00f3n en su p\u00e1gina web WordPress. Pruebe la demo de Elfsight manejable y cree su plugin \u00fanico en poco tiempo.","og_url":"https:\/\/elfsight.com\/es\/button-widget\/wordpress\/","og_site_name":"Elfsight ES","article_modified_time":"2026-01-13T13:21:12+00:00","twitter_card":"summary_large_image","twitter_misc":{"Tiempo de lectura":"3 minutos"},"schema":{"@context":"https:\/\/schema.org","@graph":[{"@type":"WebPage","@id":"https:\/\/elfsight.com\/es\/button-widget\/wordpress\/","url":"https:\/\/elfsight.com\/es\/button-widget\/wordpress\/","name":"Widget de Bot\u00f3n - Agregar complemento de bot\u00f3n a WordPress ( 2026 )","isPartOf":{"@id":"https:\/\/elfsight.com\/es\/#website"},"datePublished":"2021-11-12T09:26:01+00:00","dateModified":"2026-01-13T13:21:12+00:00","description":"Incrusta un hermoso de Bot\u00f3n en su p\u00e1gina web WordPress. Pruebe la demo de Elfsight manejable y cree su plugin \u00fanico en poco tiempo.","breadcrumb":{"@id":"https:\/\/elfsight.com\/es\/button-widget\/wordpress\/#breadcrumb"},"inLanguage":"es","potentialAction":[{"@type":"ReadAction","target":["https:\/\/elfsight.com\/es\/button-widget\/wordpress\/"]}]},{"@type":"BreadcrumbList","@id":"https:\/\/elfsight.com\/es\/button-widget\/wordpress\/#breadcrumb","itemListElement":[{"@type":"ListItem","position":1,"name":"Home","item":"https:\/\/elfsight.com\/es\/"},{"@type":"ListItem","position":2,"name":"Button","item":"https:\/\/elfsight.com\/es\/button-widget\/"},{"@type":"ListItem","position":3,"name":"Button &#8211; WordPress"}]},{"@type":"WebSite","@id":"https:\/\/elfsight.com\/es\/#website","url":"https:\/\/elfsight.com\/es\/","name":"Elfsight ES","description":"Just another Elfsight Sites site","potentialAction":[{"@type":"SearchAction","target":{"@type":"EntryPoint","urlTemplate":"https:\/\/elfsight.com\/es\/?s={search_term_string}"},"query-input":{"@type":"PropertyValueSpecification","valueRequired":true,"valueName":"search_term_string"}}],"inLanguage":"es"}]}},"meta_box":{"industry":"","seo_heading":"","heading":"","description":"","cta_heading":"","cta_description":"","application":"1880","h1":"Complemento de bot\u00f3n de WordPress","h1_caption":"Cree botones para diversas acciones espec\u00edficas en su sitio web","application_category":[],"applications_title":"","applications_request_title":"","applications_request_button_text":"","hero_text":"","hero_video":"","hero_video_schema_markup":"","selling_points_title":"","selling_points_caption":"","selling_points":[],"selling_points_cta_text":"","features_title":"","features":"","ed_cta_examples_text":"","ed_cta_examples_hidden":"","ed_cta_demo_text":"","ed_cta_demo_hidden":"","why_caption":"","why_editor_title":"","why_editor_text":"","why_team_title":"","why_team_text":"","why_service_title":"","why_service_text":"","template_catalog_visible":"0","template_catalog_title":"","template_catalog_text":"","template_catalog_categories_visible":"","demo_title":"Crea tu complemento de bot\u00f3n","demo_caption":"\u00a1Configure su bot\u00f3n y agr\u00e9guelo a su sitio web de WordPress gratis!","default_faq_hidden":"","app_template_category":[],"platform":"115","template_public_id":"","codecanyon_url":"","codecanyon_item_id":"","codecanyon_price":"","pricing_caption":"","pricing_elfsight_apps_hide_column":"","pricing_elfsight_apps_url":"","pricing_codecanyon_price_caption":"","integration_category":[],"integration_request_title":"","integration_request_cta":"","integration_platform":"","integrations":[],"platform_category":[],"video_schema_markup":"","price":"desde $0 por mes","trial":"","benefits":[{"text":"Instalaci\u00f3n gratuita"},{"text":"Soporte Premium"},{"text":"14 d\u00edas garant\u00eda de reembolso"},{"text":"Actualizaciones regulares"}],"button_url":"#demo","button_target_blank":"0","button_nofollow":"0","attributes":[{"name":"Responsivo","content":"Si","_state":"expanded"},{"name":"Navegadores compatibles","content":"Firefox, Safari, Opera, Chrome, Edge","_state":"expanded"}],"tags":[],"tags_disable_links":"0","hide_more_platforms":"0","video_object":"","demo_hide_cta":"0","demo_hide_cloud_options":"0","pricing_title":"","pricing":[{"pricing_icon":"platform","pricing_title":" Elfsight Apps","pricing_title_caption":"Soluci\u00f3n multiplataforma - valido para cualquier p\u00e1gina web","pricing_price":"desde $0 por mes","pricing_price_caption":"empezar con un plan gratuito","pricing_benefits":[{"text":"Sitios web ilimitados"},{"text":"Atenci\u00f3n al cliente gratuita y r\u00e1pida"},{"text":"Servicio de instalaci\u00f3n gratuito"},{"text":"Totalmente personalizable"}],"pricing_button_text":"Agregar al sitio web","pricing_button_url":"#demo","_state":"expanded"}],"related_apps_title":"","related_apps_hidden":"1","author":"","image":[],"title":"","job":"","social_networks":[]},"_links":{"self":[{"href":"https:\/\/elfsight.com\/es\/wp-json\/wp\/v2\/pages\/2777","targetHints":{"allow":["GET"]}}],"collection":[{"href":"https:\/\/elfsight.com\/es\/wp-json\/wp\/v2\/pages"}],"about":[{"href":"https:\/\/elfsight.com\/es\/wp-json\/wp\/v2\/types\/page"}],"author":[{"embeddable":true,"href":"https:\/\/elfsight.com\/es\/wp-json\/wp\/v2\/users\/13"}],"replies":[{"embeddable":true,"href":"https:\/\/elfsight.com\/es\/wp-json\/wp\/v2\/comments?post=2777"}],"version-history":[{"count":5,"href":"https:\/\/elfsight.com\/es\/wp-json\/wp\/v2\/pages\/2777\/revisions"}],"predecessor-version":[{"id":20023,"href":"https:\/\/elfsight.com\/es\/wp-json\/wp\/v2\/pages\/2777\/revisions\/20023"}],"up":[{"embeddable":true,"href":"https:\/\/elfsight.com\/es\/wp-json\/wp\/v2\/pages\/1881"}],"wp:attachment":[{"href":"https:\/\/elfsight.com\/es\/wp-json\/wp\/v2\/media?parent=2777"}],"curies":[{"name":"wp","href":"https:\/\/api.w.org\/{rel}","templated":true}]}}