{"id":2773,"date":"2021-11-12T09:13:12","date_gmt":"2021-11-12T09:13:12","guid":{"rendered":"https:\/\/elfsight.com\/es\/?page_id=2773"},"modified":"2025-02-06T15:26:53","modified_gmt":"2025-02-06T15:26:53","slug":"wordpress","status":"publish","type":"page","link":"https:\/\/elfsight.com\/es\/back-to-top-widget\/wordpress\/","title":{"rendered":"Back to Top &#8211; WordPress"},"content":{"rendered":"<div class=\"application-platform-content-item-description application-platform-content-item\" id=\"description\" data-nav-section=\"description\"> <h2>Insertar Back to Top en WordPress con el widget Elfsight<\/h2> <p>Elfsight Back to Top es un complemento simple para WordPress que permite a los visitantes del sitio regresar inmediatamente y sin problemas a la parte superior de su sitio web despu\u00e9s de desplazarse por p\u00e1ginas largas. La audiencia de su sitio ya no necesitar\u00e1 buscar la tecla Inicio y arrastrar la barra de desplazamiento por toda la p\u00e1gina. El complemento Volver al principio se puede adaptar f\u00e1cilmente de la manera que m\u00e1s le convenga: h\u00e1galo cuadrado o redondeado, modifique su color, tama\u00f1o y col\u00f3quelo en cualquier lugar de la p\u00e1gina para mejorar la experiencia de usuario. El bot\u00f3n puede mostrarse en cualquier tipo de dispositivo, desde dispositivos m\u00f3viles hasta computadoras de escritorio. <\/p> <p><b>Utilice un complemento m\u00e1s conveniente para volver al principio para brindar una experiencia de usuario excepcional<\/b><\/p> <\/div> <div class=\"application-platform-content-item-features application-platform-content-item\" id=\"features\" data-nav-section=\"features\"> <h2>Las caracter\u00edsticas m\u00e1s requeridas del complemento se ofrecen<\/h2> <ul><li>Repintar el bot\u00f3n<\/li><li>Coloque el widget en: todas las p\u00e1ginas, peculiares o excluidas<\/li><li>Especifique el desplazamiento velocidad<\/li><li>Ocho posiciones de botones disponibles<\/li><li>2 tipos de botones: flotantes o incrustados<\/li><\/ul><p><a href=\"#demo\">Explore todas las funciones de personalizaci\u00f3n en una demostraci\u00f3n con todas las funciones<\/a><\/p> <\/div> <div class=\"application-platform-content-item-installation application-platform-content-item\" id=\"installation\" data-nav-section=\"installation\"> <h2>\u00bfC\u00f3mo agrego Volver al principio a mi sitio de WordPress? <\/h2> <p>Simplemente siga varios pasos que se detallan a continuaci\u00f3n para integrar el widget. <\/p> <ol><li><b>Realiza nuestro configurador gratuito y comienza a darle forma a tu complemento personalizado. <\/b><br> Especifique la forma y los aspectos preferidos del complemento y aplique todas las modificaciones. <\/li> <li><b>Adquiera su c\u00f3digo \u00fanico que aparece en la ventana de Elfsight Apps. <\/b><br> Cuando finalice la personalizaci\u00f3n de su complemento personal, copie su c\u00f3digo en la ventana que aparece y gu\u00e1rdelo para futuras necesidades. <\/li> <li><b>Comience a utilizar el complemento en su sitio de WordPress. <\/b><br>Incrusta el c\u00f3digo guardado anteriormente en tu p\u00e1gina y guarda las mejoras. <\/li> <li><b>\u00a1Listo! La integraci\u00f3n ha finalizado con \u00e9xito. <\/b><br>Abre tu p\u00e1gina web para ver c\u00f3mo funciona el complemento. <\/li><\/ol><p>A condici\u00f3n de atender consultas o superar alg\u00fan obst\u00e1culo, no dudes en contactar con nuestro personal de atenci\u00f3n al cliente. Nuestra gente estar\u00e1 encantada de ayudarte con todas las dificultades que puedas tener con la herramienta. <\/p> <\/div><div class=\"faq\" data-component=\"FAQ\"><div class=\"faq-item\">\r\n\t\t\t\t\t<div class=\"faq-item-question\">\r\n\t\t\t\t\t\t<h3 class=\"faq-item-question-text\">\u00bfC\u00f3mo puedo incrustar un bot\u00f3n Volver al principio en el sitio web de WordPress?<\/h3>\r\n\r\n\t\t\t\t\t\t<div class=\"faq-item-question-icon\"><\/div>\r\n\t\t\t\t\t<\/div>\r\n\r\n\t\t\t\t\t<div class=\"faq-item-answer\">\r\n\t\t\t\t\t\t<div class=\"faq-item-answer-text\"><p>La base del widget ocurre dentro del servicio Elfsight y no hay necesidad de codificar. Aplique la demostraci\u00f3n en vivo para dise\u00f1ar su aplicaci\u00f3n personal, obtenga el c\u00f3digo e int\u00e9grelo en su sitio web. <\/p><\/div>\r\n\t\t\t\t\t<\/div>\r\n\t\t\t\t<\/div><div class=\"faq-item\">\r\n\t\t\t\t\t<div class=\"faq-item-question\">\r\n\t\t\t\t\t\t<h3 class=\"faq-item-question-text\">Las mejores formas de utilizar la integraci\u00f3n del bot\u00f3n de desplazamiento superior<\/h3>\r\n\r\n\t\t\t\t\t\t<div class=\"faq-item-question-icon\"><\/div>\r\n\t\t\t\t\t<\/div>\r\n\r\n\t\t\t\t\t<div class=\"faq-item-answer\">\r\n\t\t\t\t\t\t<div class=\"faq-item-answer-text\"><p>Tenemos una amplia gama de posibilidades de ajuste: widgets de tama\u00f1o completo para insertar en la zona de contenido, widgets flotantes para oportunidades de desplazamiento, dise\u00f1os para el pie de p\u00e1gina, encabezado y todas las variaciones de posibilidades verticales para men\u00fas y barras laterales de sitios web. <\/p><\/div>\r\n\t\t\t\t\t<\/div>\r\n\t\t\t\t<\/div><div class=\"faq-item\">\r\n\t\t\t\t\t<div class=\"faq-item-question\">\r\n\t\t\t\t\t\t<h3 class=\"faq-item-question-text\">\u00bfC\u00f3mo puedo crear un desplazamiento suave o flotante hacia arriba con tu editor?<\/h3>\r\n\r\n\t\t\t\t\t\t<div class=\"faq-item-question-icon\"><\/div>\r\n\t\t\t\t\t<\/div>\r\n\r\n\t\t\t\t\t<div class=\"faq-item-answer\">\r\n\t\t\t\t\t\t<div class=\"faq-item-answer-text\"><p>Eres libre de realizar modificaciones en cualquier widget. Hay muchos dise\u00f1os aplicables en el editor y todos ellos se pueden personalizar r\u00e1pidamente seg\u00fan sus necesidades. <\/p><\/div>\r\n\t\t\t\t\t<\/div>\r\n\t\t\t\t<\/div><\/div>","protected":false},"excerpt":{"rendered":"","protected":false},"author":13,"featured_media":0,"parent":543,"menu_order":0,"comment_status":"closed","ping_status":"closed","template":"templates\/template-application-platform.php","meta":{"publish_to_discourse":"","publish_post_category":"","wpdc_auto_publish_overridden":"","wpdc_topic_tags":"","wpdc_pin_topic":"","wpdc_pin_until":"","discourse_post_id":"","discourse_permalink":"","wpdc_publishing_response":"","wpdc_publishing_error":"","footnotes":""},"class_list":["post-2773","page","type-page","status-publish","hentry"],"yoast_head":"<!-- This site is optimized with the Yoast SEO plugin v25.3.1 - https:\/\/yoast.com\/wordpress\/plugins\/seo\/ -->\n<title>Volver al Inicio - Agregar el bot\u00f3n Hacia arriba en WordPress (2025)<\/title>\n<meta name=\"description\" content=\"Incrusta un plugin de Bot\u00f3n Ir arriba en su WordPress de sitio. Use la demo de Elfsight manejable y construe su widget personalizado.\" \/>\n<meta name=\"robots\" content=\"index, follow, max-snippet:-1, max-image-preview:large, max-video-preview:-1\" \/>\n<link rel=\"canonical\" href=\"https:\/\/elfsight.com\/es\/back-to-top-widget\/wordpress\/\" \/>\n<meta property=\"og:locale\" content=\"es_ES\" \/>\n<meta property=\"og:type\" content=\"article\" \/>\n<meta property=\"og:title\" content=\"Volver al Inicio - Agregar el bot\u00f3n Hacia arriba en WordPress (2025)\" \/>\n<meta property=\"og:description\" content=\"Incrusta un plugin de Bot\u00f3n Ir arriba en su WordPress de sitio. Use la demo de Elfsight manejable y construe su widget personalizado.\" \/>\n<meta property=\"og:url\" content=\"https:\/\/elfsight.com\/es\/back-to-top-widget\/wordpress\/\" \/>\n<meta property=\"og:site_name\" content=\"Elfsight ES\" \/>\n<meta property=\"article:modified_time\" content=\"2025-02-06T15:26:53+00:00\" \/>\n<meta name=\"twitter:card\" content=\"summary_large_image\" \/>\n<meta name=\"twitter:label1\" content=\"Tiempo de lectura\" \/>\n\t<meta name=\"twitter:data1\" content=\"2 minutos\" \/>\n<!-- \/ Yoast SEO plugin. -->","yoast_head_json":{"title":"Volver al Inicio - Agregar el bot\u00f3n Hacia arriba en WordPress (2025)","description":"Incrusta un plugin de Bot\u00f3n Ir arriba en su WordPress de sitio. Use la demo de Elfsight manejable y construe su widget personalizado.","robots":{"index":"index","follow":"follow","max-snippet":"max-snippet:-1","max-image-preview":"max-image-preview:large","max-video-preview":"max-video-preview:-1"},"canonical":"https:\/\/elfsight.com\/es\/back-to-top-widget\/wordpress\/","og_locale":"es_ES","og_type":"article","og_title":"Volver al Inicio - Agregar el bot\u00f3n Hacia arriba en WordPress (2025)","og_description":"Incrusta un plugin de Bot\u00f3n Ir arriba en su WordPress de sitio. Use la demo de Elfsight manejable y construe su widget personalizado.","og_url":"https:\/\/elfsight.com\/es\/back-to-top-widget\/wordpress\/","og_site_name":"Elfsight ES","article_modified_time":"2025-02-06T15:26:53+00:00","twitter_card":"summary_large_image","twitter_misc":{"Tiempo de lectura":"2 minutos"},"schema":{"@context":"https:\/\/schema.org","@graph":[{"@type":"WebPage","@id":"https:\/\/elfsight.com\/es\/back-to-top-widget\/wordpress\/","url":"https:\/\/elfsight.com\/es\/back-to-top-widget\/wordpress\/","name":"Volver al Inicio - Agregar el bot\u00f3n Hacia arriba en WordPress (2025)","isPartOf":{"@id":"https:\/\/elfsight.com\/es\/#website"},"datePublished":"2021-11-12T09:13:12+00:00","dateModified":"2025-02-06T15:26:53+00:00","description":"Incrusta un plugin de Bot\u00f3n Ir arriba en su WordPress de sitio. Use la demo de Elfsight manejable y construe su widget personalizado.","breadcrumb":{"@id":"https:\/\/elfsight.com\/es\/back-to-top-widget\/wordpress\/#breadcrumb"},"inLanguage":"es","potentialAction":[{"@type":"ReadAction","target":["https:\/\/elfsight.com\/es\/back-to-top-widget\/wordpress\/"]}]},{"@type":"BreadcrumbList","@id":"https:\/\/elfsight.com\/es\/back-to-top-widget\/wordpress\/#breadcrumb","itemListElement":[{"@type":"ListItem","position":1,"name":"Home","item":"https:\/\/elfsight.com\/es\/"},{"@type":"ListItem","position":2,"name":"Back to Top","item":"https:\/\/elfsight.com\/es\/back-to-top-widget\/"},{"@type":"ListItem","position":3,"name":"Back to Top &#8211; WordPress"}]},{"@type":"WebSite","@id":"https:\/\/elfsight.com\/es\/#website","url":"https:\/\/elfsight.com\/es\/","name":"Elfsight ES","description":"Just another Elfsight Sites site","potentialAction":[{"@type":"SearchAction","target":{"@type":"EntryPoint","urlTemplate":"https:\/\/elfsight.com\/es\/?s={search_term_string}"},"query-input":{"@type":"PropertyValueSpecification","valueRequired":true,"valueName":"search_term_string"}}],"inLanguage":"es"}]}},"meta_box":{"industry":"","seo_heading":"","heading":"","description":"","cta_heading":"","cta_description":"","application":"542","h1":"Complemento de WordPress para volver al inicio","h1_caption":"Permita a sus usuarios desplazarse instant\u00e1neamente a la parte superior de su p\u00e1gina con un clic.","application_category":[],"applications_title":"","applications_request_title":"","applications_request_button_text":"","hero_text":"","hero_video":"","hero_video_schema_markup":"","selling_points_title":"","selling_points_caption":"","selling_points":[],"selling_points_cta_text":"","features_title":"","features":"","ed_cta_examples_text":"","ed_cta_examples_hidden":"","ed_cta_demo_text":"","ed_cta_demo_hidden":"","why_caption":"","why_editor_title":"","why_editor_text":"","why_team_title":"","why_team_text":"","why_service_title":"","why_service_text":"","template_catalog_visible":"","template_catalog_title":"","template_catalog_text":"","template_catalog_categories_visible":"","demo_title":"Crea tu complemento Volver al inicio","demo_caption":"\u00a1Configure su Volver al inicio y agr\u00e9guelo a su sitio web de WordPress de forma gratuita!","default_faq_hidden":"","app_template_category":[],"platform":"115","template_public_id":"","codecanyon_url":"","codecanyon_item_id":"","codecanyon_price":"","pricing_caption":"","pricing_elfsight_apps_hide_column":"","pricing_elfsight_apps_url":"","pricing_codecanyon_price_caption":"","integration_category":[],"integration_request_title":"","integration_request_cta":"","integration_platform":"","integrations":[],"platform_category":[],"video_schema_markup":"","price":"desde $0 por mes","trial":"","benefits":[{"text":"Instalaci\u00f3n gratuita"},{"text":"Soporte Premium"},{"text":"14 d\u00edas garant\u00eda de reembolso"},{"text":"Actualizaciones regulares"}],"button_url":"#demo","button_target_blank":"0","button_nofollow":"0","attributes":[{"name":"Responsivo","content":"Si","_state":"expanded"},{"name":"Navegadores compatibles","content":"Firefox, Safari, Opera, Chrome, Edge","_state":"expanded"}],"tags":[],"tags_disable_links":"0","hide_more_platforms":"","video_object":"","demo_hide_cta":"0","demo_hide_cloud_options":"0","pricing_title":"","pricing":[{"pricing_icon":"platform","pricing_title":" Elfsight Apps","pricing_title_caption":"Soluci\u00f3n multiplataforma - valido para cualquier p\u00e1gina web","pricing_price":"desde $0 por mes","pricing_price_caption":"empezar con un plan gratuito","pricing_benefits":[{"text":"Sitios web ilimitados"},{"text":"Atenci\u00f3n al cliente gratuita y r\u00e1pida"},{"text":"Servicio de instalaci\u00f3n gratuito"},{"text":"Totalmente personalizable"}],"pricing_button_text":"Agregar al sitio web","pricing_button_url":"#demo","_state":"expanded"}],"related_apps_title":"","related_apps_hidden":"1","author":"","image":[],"title":"","job":"","social_networks":[]},"_links":{"self":[{"href":"https:\/\/elfsight.com\/es\/wp-json\/wp\/v2\/pages\/2773","targetHints":{"allow":["GET"]}}],"collection":[{"href":"https:\/\/elfsight.com\/es\/wp-json\/wp\/v2\/pages"}],"about":[{"href":"https:\/\/elfsight.com\/es\/wp-json\/wp\/v2\/types\/page"}],"author":[{"embeddable":true,"href":"https:\/\/elfsight.com\/es\/wp-json\/wp\/v2\/users\/13"}],"replies":[{"embeddable":true,"href":"https:\/\/elfsight.com\/es\/wp-json\/wp\/v2\/comments?post=2773"}],"version-history":[{"count":5,"href":"https:\/\/elfsight.com\/es\/wp-json\/wp\/v2\/pages\/2773\/revisions"}],"predecessor-version":[{"id":18298,"href":"https:\/\/elfsight.com\/es\/wp-json\/wp\/v2\/pages\/2773\/revisions\/18298"}],"up":[{"embeddable":true,"href":"https:\/\/elfsight.com\/es\/wp-json\/wp\/v2\/pages\/543"}],"wp:attachment":[{"href":"https:\/\/elfsight.com\/es\/wp-json\/wp\/v2\/media?parent=2773"}],"curies":[{"name":"wp","href":"https:\/\/api.w.org\/{rel}","templated":true}]}}